{"id":1066,"date":"2026-01-24T21:44:37","date_gmt":"2026-01-24T19:44:37","guid":{"rendered":"https:\/\/www.transtoyou.com\/fr\/product\/zolpidem\/"},"modified":"2026-03-08T13:24:08","modified_gmt":"2026-03-08T11:24:08","slug":"zolpidem","status":"publish","type":"product","link":"https:\/\/www.transtoyou.com\/fr\/product\/zolpidem\/","title":{"rendered":"Zolpidem"},"content":{"rendered":"<p>Le zolpidem est un m\u00e9dicament sur ordonnance utilis\u00e9 pour traiter l&rsquo;insomnie \u00e0 court terme. Il appartient \u00e0 une classe de m\u00e9dicaments connus sous le nom d&rsquo;hypnotiques non-benzodiaz\u00e9pines et est con\u00e7u pour aider les gens \u00e0 s&rsquo;endormir rapidement. Le zolpidem est couramment prescrit lorsque des difficult\u00e9s \u00e0 s&rsquo;endormir perturbent le fonctionnement quotidien, m\u00eame s&rsquo;il n&rsquo;est pas destin\u00e9 \u00e0 un usage \u00e0 long terme.<\/p>\n<p>Le m\u00e9dicament agit en se liant \u00e0 des r\u00e9cepteurs dans le cerveau qui r\u00e9gulent le sommeil, aidant \u00e0 initier le cycle naturel du sommeil plus efficacement. Contrairement aux anciens somnif\u00e8res, le zolpidem a tendance \u00e0 avoir moins d&rsquo;effets secondaires li\u00e9s \u00e0 la s\u00e9dation diurne ou \u00e0 la somnolence lorsqu&rsquo;il est utilis\u00e9 conform\u00e9ment aux instructions. Il est disponible sous forme \u00e0 lib\u00e9ration imm\u00e9diate et \u00e0 lib\u00e9ration prolong\u00e9e, en fonction de l&rsquo;objectif de s&rsquo;endormir plus rapidement ou de rester endormi plus longtemps.<\/p>\n<p>Le zolpidem est g\u00e9n\u00e9ralement pris juste avant le coucher, et il commence \u00e0 agir dans les 15 \u00e0 30 minutes. Comme il agit rapidement, les utilisateurs doivent s&rsquo;assurer qu&rsquo;ils sont pr\u00eats \u00e0 dormir pendant au moins sept \u00e0 huit heures apr\u00e8s l&rsquo;avoir pris pour \u00e9viter la somnolence le lendemain. Il est important d&rsquo;\u00e9viter les activit\u00e9s n\u00e9cessitant de l&rsquo;alerte, comme conduire, apr\u00e8s avoir pris du zolpidem.<\/p>\n<p>Ce m\u00e9dicament ne doit pas \u00eatre utilis\u00e9 avec de l&rsquo;alcool ou d&rsquo;autres s\u00e9datifs, car ces combinaisons augmentent le risque d&rsquo;effets secondaires dangereux. Certaines personnes peuvent \u00e9prouver des comportements de sommeil inhabituels tels que le somnambulisme, manger ou conduire sans en avoir pleinement conscience. Ces comportements sont rares mais doivent \u00eatre signal\u00e9s imm\u00e9diatement s&rsquo;ils se produisent.<\/p>\n<p>Le zolpidem est g\u00e9n\u00e9ralement prescrit pour de courtes dur\u00e9es afin d&rsquo;\u00e9viter la d\u00e9pendance ou la tol\u00e9rance.<\/p>\n","protected":false},"excerpt":{"rendered":"<ul>\n<li>Traitement de l&rsquo;insomnie \u00e0 court terme<\/li>\n<li>Soutien \u00e0 l&rsquo;endormissement rapide<\/li>\n<li>Aide au sommeil sur ordonnance uniquement<\/li>\n<\/ul>\n","protected":false},"featured_media":1068,"comment_status":"open","ping_status":"closed","template":"","meta":[],"product_brand":[],"product_cat":[164],"product_tag":[],"expert":[16],"class_list":{"0":"post-1066","1":"product","2":"type-product","3":"status-publish","4":"has-post-thumbnail","6":"product_cat-troubles-du-sommeil","7":"expert-dr-c-alexandru","9":"first","10":"instock","11":"shipping-taxable","12":"product-type-variable"},"yoast_head":"<!-- This site is optimized with the Yoast SEO plugin v27.0 - https:\/\/yoast.com\/product\/yoast-seo-wordpress\/ -->\n<title>Zolpidem | Solution Rapide pour Am\u00e9liorer le Sommeil - Transtoyou<\/title>\n<meta name=\"description\" content=\"D\u00e9couvrez le Zolpidem pour un soulagement temporaire de l&#039;insomnie, disponible sur prescription. Obtenez un meilleur sommeil rapidement gr\u00e2ce \u00e0 nos conseils.\" \/>\n<meta name=\"robots\" content=\"noindex, follow, max-snippet:-1, max-image-preview:large, max-video-preview:-1\" \/>\n<meta property=\"og:locale\" content=\"fr_FR\" \/>\n<meta property=\"og:type\" content=\"article\" \/>\n<meta property=\"og:title\" content=\"Zolpidem | Solution Rapide pour Am\u00e9liorer le Sommeil - Transtoyou\" \/>\n<meta property=\"og:description\" content=\"D\u00e9couvrez le Zolpidem pour un soulagement temporaire de l&#039;insomnie, disponible sur prescription. Obtenez un meilleur sommeil rapidement gr\u00e2ce \u00e0 nos conseils.\" \/>\n<meta property=\"og:url\" content=\"https:\/\/www.transtoyou.com\/fr\/product\/zolpidem\/\" \/>\n<meta property=\"og:site_name\" content=\"Transtoyou - FR\" \/>\n<meta property=\"article:modified_time\" content=\"2026-03-08T11:24:08+00:00\" \/>\n<meta name=\"twitter:card\" content=\"summary_large_image\" \/>\n<meta name=\"twitter:label1\" content=\"Dur\u00e9e de lecture estim\u00e9e\" \/>\n\t<meta name=\"twitter:data1\" content=\"1 minute\" \/>\n<script type=\"application\/ld+json\" class=\"yoast-schema-graph\">{\"@context\":\"https:\/\/schema.org\",\"@graph\":[{\"@type\":\"WebPage\",\"@id\":\"https:\/\/www.transtoyou.com\/fr\/product\/zolpidem\/\",\"url\":\"https:\/\/www.transtoyou.com\/fr\/product\/zolpidem\/\",\"name\":\"Zolpidem | Solution Rapide pour Am\u00e9liorer le Sommeil - Transtoyou\",\"isPartOf\":{\"@id\":\"https:\/\/www.transtoyou.com\/fr\/#website\"},\"primaryImageOfPage\":{\"@id\":\"https:\/\/www.transtoyou.com\/fr\/product\/zolpidem\/#primaryimage\"},\"image\":{\"@id\":\"https:\/\/www.transtoyou.com\/fr\/product\/zolpidem\/#primaryimage\"},\"thumbnailUrl\":\"https:\/\/www.transtoyou.com\/fr\/wp-content\/uploads\/sites\/5\/2026\/01\/tty-no-product-image-113.webp\",\"datePublished\":\"2026-01-24T19:44:37+00:00\",\"dateModified\":\"2026-03-08T11:24:08+00:00\",\"description\":\"D\u00e9couvrez le Zolpidem pour un soulagement temporaire de l'insomnie, disponible sur prescription. Obtenez un meilleur sommeil rapidement gr\u00e2ce \u00e0 nos conseils.\",\"breadcrumb\":{\"@id\":\"https:\/\/www.transtoyou.com\/fr\/product\/zolpidem\/#breadcrumb\"},\"inLanguage\":\"fr-FR\",\"potentialAction\":[{\"@type\":\"ReadAction\",\"target\":[\"https:\/\/www.transtoyou.com\/fr\/product\/zolpidem\/\"]}]},{\"@type\":\"ImageObject\",\"inLanguage\":\"fr-FR\",\"@id\":\"https:\/\/www.transtoyou.com\/fr\/product\/zolpidem\/#primaryimage\",\"url\":\"https:\/\/www.transtoyou.com\/fr\/wp-content\/uploads\/sites\/5\/2026\/01\/tty-no-product-image-113.webp\",\"contentUrl\":\"https:\/\/www.transtoyou.com\/fr\/wp-content\/uploads\/sites\/5\/2026\/01\/tty-no-product-image-113.webp\",\"width\":1000,\"height\":1000,\"caption\":\"Image produit par d\u00e9faut\"},{\"@type\":\"WebSite\",\"@id\":\"https:\/\/www.transtoyou.com\/fr\/#website\",\"url\":\"https:\/\/www.transtoyou.com\/fr\/\",\"name\":\"Transtoyou - FR\",\"description\":\"\",\"publisher\":{\"@id\":\"https:\/\/www.transtoyou.com\/fr\/#organization\"},\"potentialAction\":[{\"@type\":\"SearchAction\",\"target\":{\"@type\":\"EntryPoint\",\"urlTemplate\":\"https:\/\/www.transtoyou.com\/fr\/?s={search_term_string}\"},\"query-input\":{\"@type\":\"PropertyValueSpecification\",\"valueRequired\":true,\"valueName\":\"search_term_string\"}}],\"inLanguage\":\"fr-FR\"},{\"@type\":\"Organization\",\"@id\":\"https:\/\/www.transtoyou.com\/fr\/#organization\",\"name\":\"Transtoyou - FR\",\"url\":\"https:\/\/www.transtoyou.com\/fr\/\",\"logo\":{\"@type\":\"ImageObject\",\"inLanguage\":\"fr-FR\",\"@id\":\"https:\/\/www.transtoyou.com\/fr\/#\/schema\/logo\/image\/\",\"url\":\"https:\/\/www.transtoyou.com\/fr\/wp-content\/uploads\/sites\/5\/2026\/01\/logo-tty-menu-bar-300x87-1.webp\",\"contentUrl\":\"https:\/\/www.transtoyou.com\/fr\/wp-content\/uploads\/sites\/5\/2026\/01\/logo-tty-menu-bar-300x87-1.webp\",\"width\":300,\"height\":87,\"caption\":\"Transtoyou - FR\"},\"image\":{\"@id\":\"https:\/\/www.transtoyou.com\/fr\/#\/schema\/logo\/image\/\"}}]}<\/script>\n<!-- \/ Yoast SEO plugin. -->","yoast_head_json":{"title":"Zolpidem | Solution Rapide pour Am\u00e9liorer le Sommeil - Transtoyou","description":"D\u00e9couvrez le Zolpidem pour un soulagement temporaire de l'insomnie, disponible sur prescription. Obtenez un meilleur sommeil rapidement gr\u00e2ce \u00e0 nos conseils.","robots":{"index":"noindex","follow":"follow","max-snippet":"max-snippet:-1","max-image-preview":"max-image-preview:large","max-video-preview":"max-video-preview:-1"},"og_locale":"fr_FR","og_type":"article","og_title":"Zolpidem | Solution Rapide pour Am\u00e9liorer le Sommeil - Transtoyou","og_description":"D\u00e9couvrez le Zolpidem pour un soulagement temporaire de l'insomnie, disponible sur prescription. Obtenez un meilleur sommeil rapidement gr\u00e2ce \u00e0 nos conseils.","og_url":"https:\/\/www.transtoyou.com\/fr\/product\/zolpidem\/","og_site_name":"Transtoyou - FR","article_modified_time":"2026-03-08T11:24:08+00:00","twitter_card":"summary_large_image","twitter_misc":{"Dur\u00e9e de lecture estim\u00e9e":"1 minute"},"schema":{"@context":"https:\/\/schema.org","@graph":[{"@type":"WebPage","@id":"https:\/\/www.transtoyou.com\/fr\/product\/zolpidem\/","url":"https:\/\/www.transtoyou.com\/fr\/product\/zolpidem\/","name":"Zolpidem | Solution Rapide pour Am\u00e9liorer le Sommeil - Transtoyou","isPartOf":{"@id":"https:\/\/www.transtoyou.com\/fr\/#website"},"primaryImageOfPage":{"@id":"https:\/\/www.transtoyou.com\/fr\/product\/zolpidem\/#primaryimage"},"image":{"@id":"https:\/\/www.transtoyou.com\/fr\/product\/zolpidem\/#primaryimage"},"thumbnailUrl":"https:\/\/www.transtoyou.com\/fr\/wp-content\/uploads\/sites\/5\/2026\/01\/tty-no-product-image-113.webp","datePublished":"2026-01-24T19:44:37+00:00","dateModified":"2026-03-08T11:24:08+00:00","description":"D\u00e9couvrez le Zolpidem pour un soulagement temporaire de l'insomnie, disponible sur prescription. Obtenez un meilleur sommeil rapidement gr\u00e2ce \u00e0 nos conseils.","breadcrumb":{"@id":"https:\/\/www.transtoyou.com\/fr\/product\/zolpidem\/#breadcrumb"},"inLanguage":"fr-FR","potentialAction":[{"@type":"ReadAction","target":["https:\/\/www.transtoyou.com\/fr\/product\/zolpidem\/"]}]},{"@type":"ImageObject","inLanguage":"fr-FR","@id":"https:\/\/www.transtoyou.com\/fr\/product\/zolpidem\/#primaryimage","url":"https:\/\/www.transtoyou.com\/fr\/wp-content\/uploads\/sites\/5\/2026\/01\/tty-no-product-image-113.webp","contentUrl":"https:\/\/www.transtoyou.com\/fr\/wp-content\/uploads\/sites\/5\/2026\/01\/tty-no-product-image-113.webp","width":1000,"height":1000,"caption":"Image produit par d\u00e9faut"},{"@type":"WebSite","@id":"https:\/\/www.transtoyou.com\/fr\/#website","url":"https:\/\/www.transtoyou.com\/fr\/","name":"Transtoyou - FR","description":"","publisher":{"@id":"https:\/\/www.transtoyou.com\/fr\/#organization"},"potentialAction":[{"@type":"SearchAction","target":{"@type":"EntryPoint","urlTemplate":"https:\/\/www.transtoyou.com\/fr\/?s={search_term_string}"},"query-input":{"@type":"PropertyValueSpecification","valueRequired":true,"valueName":"search_term_string"}}],"inLanguage":"fr-FR"},{"@type":"Organization","@id":"https:\/\/www.transtoyou.com\/fr\/#organization","name":"Transtoyou - FR","url":"https:\/\/www.transtoyou.com\/fr\/","logo":{"@type":"ImageObject","inLanguage":"fr-FR","@id":"https:\/\/www.transtoyou.com\/fr\/#\/schema\/logo\/image\/","url":"https:\/\/www.transtoyou.com\/fr\/wp-content\/uploads\/sites\/5\/2026\/01\/logo-tty-menu-bar-300x87-1.webp","contentUrl":"https:\/\/www.transtoyou.com\/fr\/wp-content\/uploads\/sites\/5\/2026\/01\/logo-tty-menu-bar-300x87-1.webp","width":300,"height":87,"caption":"Transtoyou - FR"},"image":{"@id":"https:\/\/www.transtoyou.com\/fr\/#\/schema\/logo\/image\/"}}]}},"_links":{"self":[{"href":"https:\/\/www.transtoyou.com\/fr\/wp-json\/wp\/v2\/product\/1066","targetHints":{"allow":["GET"]}}],"collection":[{"href":"https:\/\/www.transtoyou.com\/fr\/wp-json\/wp\/v2\/product"}],"about":[{"href":"https:\/\/www.transtoyou.com\/fr\/wp-json\/wp\/v2\/types\/product"}],"replies":[{"embeddable":true,"href":"https:\/\/www.transtoyou.com\/fr\/wp-json\/wp\/v2\/comments?post=1066"}],"wp:featuredmedia":[{"embeddable":true,"href":"https:\/\/www.transtoyou.com\/fr\/wp-json\/wp\/v2\/media\/1068"}],"wp:attachment":[{"href":"https:\/\/www.transtoyou.com\/fr\/wp-json\/wp\/v2\/media?parent=1066"}],"wp:term":[{"taxonomy":"product_brand","embeddable":true,"href":"https:\/\/www.transtoyou.com\/fr\/wp-json\/wp\/v2\/product_brand?post=1066"},{"taxonomy":"product_cat","embeddable":true,"href":"https:\/\/www.transtoyou.com\/fr\/wp-json\/wp\/v2\/product_cat?post=1066"},{"taxonomy":"product_tag","embeddable":true,"href":"https:\/\/www.transtoyou.com\/fr\/wp-json\/wp\/v2\/product_tag?post=1066"},{"taxonomy":"expert","embeddable":true,"href":"https:\/\/www.transtoyou.com\/fr\/wp-json\/wp\/v2\/expert?post=1066"}],"curies":[{"name":"wp","href":"https:\/\/api.w.org\/{rel}","templated":true}]}}