{"id":1072,"date":"2026-01-24T22:18:19","date_gmt":"2026-01-24T20:18:19","guid":{"rendered":"https:\/\/www.transtoyou.com\/fr\/product\/invicorp\/"},"modified":"2026-02-20T12:30:04","modified_gmt":"2026-02-20T10:30:04","slug":"invicorp","status":"publish","type":"product","link":"https:\/\/www.transtoyou.com\/fr\/product\/invicorp\/","title":{"rendered":"Invicorp"},"content":{"rendered":"<p>Invicorp est un m\u00e9dicament utilis\u00e9 pour traiter la dysfonction \u00e9rectile (DE). Il contient deux substances actives : l&rsquo;aviptadil et la phentolamine, qui agissent ensemble pour am\u00e9liorer le flux sanguin vers le p\u00e9nis et r\u00e9duire l&rsquo;\u00e9coulement sanguin. Cette action double permet d&rsquo;obtenir une \u00e9rection ferme adapt\u00e9e \u00e0 l&rsquo;activit\u00e9 sexuelle.<\/p>\n<p>L&rsquo;aviptadil est une version synth\u00e9tique du peptide intestinal vasoactif (VIP), qui aide \u00e0 d\u00e9tendre les muscles lisses et \u00e0 r\u00e9duire l&rsquo;\u00e9coulement sanguin du p\u00e9nis. La phentolamine est un alpha-bloquant qui augmente le flux sanguin vers le tissu p\u00e9nien en dilatant les vaisseaux sanguins. Ensemble, ils aident \u00e0 obtenir et \u00e0 maintenir une \u00e9rection en restaurant l&rsquo;\u00e9quilibre naturel du flux sanguin entrant et sortant du p\u00e9nis.<\/p>\n<p>Invicorp est utilis\u00e9 chez les hommes souffrant de dysfonction \u00e9rectile, en particulier chez ceux pour qui d&rsquo;autres traitements, tels que les m\u00e9dicaments oraux, ne sont pas efficaces ou ne sont pas recommand\u00e9s. Il est inject\u00e9 directement dans les corps caverneux (le tissu mou de chaque c\u00f4t\u00e9 du p\u00e9nis). Les effets commencent g\u00e9n\u00e9ralement peu apr\u00e8s l&rsquo;injection et durent g\u00e9n\u00e9ralement pas plus d&rsquo;une heure.<\/p>\n","protected":false},"excerpt":{"rendered":"<ul>\n<li>Soutien \u00e0 l&rsquo;\u00e9rection rapide et fiable<\/li>\n<li>Fonctionne lorsque les m\u00e9dicaments oraux contre la DE \u00e9chouent<\/li>\n<li>Inject\u00e9 directement dans le p\u00e9nis<\/li>\n<\/ul>\n","protected":false},"featured_media":1074,"comment_status":"open","ping_status":"closed","template":"","meta":[],"product_brand":[],"product_cat":[115],"product_tag":[],"expert":[17],"class_list":{"0":"post-1072","1":"product","2":"type-product","3":"status-publish","4":"has-post-thumbnail","6":"product_cat-traitements-de-la-dysfonction-erectile","7":"expert-dr-c-munoz-parada","9":"first","10":"instock","11":"shipping-taxable","12":"product-type-variable"},"yoast_head":"<!-- This site is optimized with the Yoast SEO plugin v27.0 - https:\/\/yoast.com\/product\/yoast-seo-wordpress\/ -->\n<title>Invicorp | Am\u00e9liorez la circulation sanguine pour soulager la DE - Transtoyou<\/title>\n<meta name=\"description\" content=\"D\u00e9couvrez Invicorp sur Transtoyou, am\u00e9liorez votre performance et votre confiance. Commandez d\u00e8s maintenant une solution efficace pour atteindre vos objectifs sant\u00e9.\" \/>\n<meta name=\"robots\" content=\"noindex, follow, max-snippet:-1, max-image-preview:large, max-video-preview:-1\" \/>\n<meta property=\"og:locale\" content=\"fr_FR\" \/>\n<meta property=\"og:type\" content=\"article\" \/>\n<meta property=\"og:title\" content=\"Invicorp | Am\u00e9liorez la circulation sanguine pour soulager la DE - Transtoyou\" \/>\n<meta property=\"og:description\" content=\"D\u00e9couvrez Invicorp sur Transtoyou, am\u00e9liorez votre performance et votre confiance. Commandez d\u00e8s maintenant une solution efficace pour atteindre vos objectifs sant\u00e9.\" \/>\n<meta property=\"og:url\" content=\"https:\/\/www.transtoyou.com\/fr\/product\/invicorp\/\" \/>\n<meta property=\"og:site_name\" content=\"Transtoyou - FR\" \/>\n<meta property=\"article:modified_time\" content=\"2026-02-20T10:30:04+00:00\" \/>\n<meta name=\"twitter:card\" content=\"summary_large_image\" \/>\n<meta name=\"twitter:label1\" content=\"Dur\u00e9e de lecture estim\u00e9e\" \/>\n\t<meta name=\"twitter:data1\" content=\"1 minute\" \/>\n<script type=\"application\/ld+json\" class=\"yoast-schema-graph\">{\"@context\":\"https:\/\/schema.org\",\"@graph\":[{\"@type\":\"WebPage\",\"@id\":\"https:\/\/www.transtoyou.com\/fr\/product\/invicorp\/\",\"url\":\"https:\/\/www.transtoyou.com\/fr\/product\/invicorp\/\",\"name\":\"Invicorp | Am\u00e9liorez la circulation sanguine pour soulager la DE - Transtoyou\",\"isPartOf\":{\"@id\":\"https:\/\/www.transtoyou.com\/fr\/#website\"},\"primaryImageOfPage\":{\"@id\":\"https:\/\/www.transtoyou.com\/fr\/product\/invicorp\/#primaryimage\"},\"image\":{\"@id\":\"https:\/\/www.transtoyou.com\/fr\/product\/invicorp\/#primaryimage\"},\"thumbnailUrl\":\"https:\/\/www.transtoyou.com\/fr\/wp-content\/uploads\/sites\/5\/2026\/01\/tty-no-product-image-115.webp\",\"datePublished\":\"2026-01-24T20:18:19+00:00\",\"dateModified\":\"2026-02-20T10:30:04+00:00\",\"description\":\"D\u00e9couvrez Invicorp sur Transtoyou, am\u00e9liorez votre performance et votre confiance. Commandez d\u00e8s maintenant une solution efficace pour atteindre vos objectifs sant\u00e9.\",\"breadcrumb\":{\"@id\":\"https:\/\/www.transtoyou.com\/fr\/product\/invicorp\/#breadcrumb\"},\"inLanguage\":\"fr-FR\",\"potentialAction\":[{\"@type\":\"ReadAction\",\"target\":[\"https:\/\/www.transtoyou.com\/fr\/product\/invicorp\/\"]}]},{\"@type\":\"ImageObject\",\"inLanguage\":\"fr-FR\",\"@id\":\"https:\/\/www.transtoyou.com\/fr\/product\/invicorp\/#primaryimage\",\"url\":\"https:\/\/www.transtoyou.com\/fr\/wp-content\/uploads\/sites\/5\/2026\/01\/tty-no-product-image-115.webp\",\"contentUrl\":\"https:\/\/www.transtoyou.com\/fr\/wp-content\/uploads\/sites\/5\/2026\/01\/tty-no-product-image-115.webp\",\"width\":1000,\"height\":1000,\"caption\":\"Image produit par d\u00e9faut\"},{\"@type\":\"WebSite\",\"@id\":\"https:\/\/www.transtoyou.com\/fr\/#website\",\"url\":\"https:\/\/www.transtoyou.com\/fr\/\",\"name\":\"Transtoyou - FR\",\"description\":\"\",\"publisher\":{\"@id\":\"https:\/\/www.transtoyou.com\/fr\/#organization\"},\"potentialAction\":[{\"@type\":\"SearchAction\",\"target\":{\"@type\":\"EntryPoint\",\"urlTemplate\":\"https:\/\/www.transtoyou.com\/fr\/?s={search_term_string}\"},\"query-input\":{\"@type\":\"PropertyValueSpecification\",\"valueRequired\":true,\"valueName\":\"search_term_string\"}}],\"inLanguage\":\"fr-FR\"},{\"@type\":\"Organization\",\"@id\":\"https:\/\/www.transtoyou.com\/fr\/#organization\",\"name\":\"Transtoyou - FR\",\"url\":\"https:\/\/www.transtoyou.com\/fr\/\",\"logo\":{\"@type\":\"ImageObject\",\"inLanguage\":\"fr-FR\",\"@id\":\"https:\/\/www.transtoyou.com\/fr\/#\/schema\/logo\/image\/\",\"url\":\"https:\/\/www.transtoyou.com\/fr\/wp-content\/uploads\/sites\/5\/2026\/01\/logo-tty-menu-bar-300x87-1.webp\",\"contentUrl\":\"https:\/\/www.transtoyou.com\/fr\/wp-content\/uploads\/sites\/5\/2026\/01\/logo-tty-menu-bar-300x87-1.webp\",\"width\":300,\"height\":87,\"caption\":\"Transtoyou - FR\"},\"image\":{\"@id\":\"https:\/\/www.transtoyou.com\/fr\/#\/schema\/logo\/image\/\"}}]}<\/script>\n<!-- \/ Yoast SEO plugin. -->","yoast_head_json":{"title":"Invicorp | Am\u00e9liorez la circulation sanguine pour soulager la DE - Transtoyou","description":"D\u00e9couvrez Invicorp sur Transtoyou, am\u00e9liorez votre performance et votre confiance. Commandez d\u00e8s maintenant une solution efficace pour atteindre vos objectifs sant\u00e9.","robots":{"index":"noindex","follow":"follow","max-snippet":"max-snippet:-1","max-image-preview":"max-image-preview:large","max-video-preview":"max-video-preview:-1"},"og_locale":"fr_FR","og_type":"article","og_title":"Invicorp | Am\u00e9liorez la circulation sanguine pour soulager la DE - Transtoyou","og_description":"D\u00e9couvrez Invicorp sur Transtoyou, am\u00e9liorez votre performance et votre confiance. Commandez d\u00e8s maintenant une solution efficace pour atteindre vos objectifs sant\u00e9.","og_url":"https:\/\/www.transtoyou.com\/fr\/product\/invicorp\/","og_site_name":"Transtoyou - FR","article_modified_time":"2026-02-20T10:30:04+00:00","twitter_card":"summary_large_image","twitter_misc":{"Dur\u00e9e de lecture estim\u00e9e":"1 minute"},"schema":{"@context":"https:\/\/schema.org","@graph":[{"@type":"WebPage","@id":"https:\/\/www.transtoyou.com\/fr\/product\/invicorp\/","url":"https:\/\/www.transtoyou.com\/fr\/product\/invicorp\/","name":"Invicorp | Am\u00e9liorez la circulation sanguine pour soulager la DE - Transtoyou","isPartOf":{"@id":"https:\/\/www.transtoyou.com\/fr\/#website"},"primaryImageOfPage":{"@id":"https:\/\/www.transtoyou.com\/fr\/product\/invicorp\/#primaryimage"},"image":{"@id":"https:\/\/www.transtoyou.com\/fr\/product\/invicorp\/#primaryimage"},"thumbnailUrl":"https:\/\/www.transtoyou.com\/fr\/wp-content\/uploads\/sites\/5\/2026\/01\/tty-no-product-image-115.webp","datePublished":"2026-01-24T20:18:19+00:00","dateModified":"2026-02-20T10:30:04+00:00","description":"D\u00e9couvrez Invicorp sur Transtoyou, am\u00e9liorez votre performance et votre confiance. Commandez d\u00e8s maintenant une solution efficace pour atteindre vos objectifs sant\u00e9.","breadcrumb":{"@id":"https:\/\/www.transtoyou.com\/fr\/product\/invicorp\/#breadcrumb"},"inLanguage":"fr-FR","potentialAction":[{"@type":"ReadAction","target":["https:\/\/www.transtoyou.com\/fr\/product\/invicorp\/"]}]},{"@type":"ImageObject","inLanguage":"fr-FR","@id":"https:\/\/www.transtoyou.com\/fr\/product\/invicorp\/#primaryimage","url":"https:\/\/www.transtoyou.com\/fr\/wp-content\/uploads\/sites\/5\/2026\/01\/tty-no-product-image-115.webp","contentUrl":"https:\/\/www.transtoyou.com\/fr\/wp-content\/uploads\/sites\/5\/2026\/01\/tty-no-product-image-115.webp","width":1000,"height":1000,"caption":"Image produit par d\u00e9faut"},{"@type":"WebSite","@id":"https:\/\/www.transtoyou.com\/fr\/#website","url":"https:\/\/www.transtoyou.com\/fr\/","name":"Transtoyou - FR","description":"","publisher":{"@id":"https:\/\/www.transtoyou.com\/fr\/#organization"},"potentialAction":[{"@type":"SearchAction","target":{"@type":"EntryPoint","urlTemplate":"https:\/\/www.transtoyou.com\/fr\/?s={search_term_string}"},"query-input":{"@type":"PropertyValueSpecification","valueRequired":true,"valueName":"search_term_string"}}],"inLanguage":"fr-FR"},{"@type":"Organization","@id":"https:\/\/www.transtoyou.com\/fr\/#organization","name":"Transtoyou - FR","url":"https:\/\/www.transtoyou.com\/fr\/","logo":{"@type":"ImageObject","inLanguage":"fr-FR","@id":"https:\/\/www.transtoyou.com\/fr\/#\/schema\/logo\/image\/","url":"https:\/\/www.transtoyou.com\/fr\/wp-content\/uploads\/sites\/5\/2026\/01\/logo-tty-menu-bar-300x87-1.webp","contentUrl":"https:\/\/www.transtoyou.com\/fr\/wp-content\/uploads\/sites\/5\/2026\/01\/logo-tty-menu-bar-300x87-1.webp","width":300,"height":87,"caption":"Transtoyou - FR"},"image":{"@id":"https:\/\/www.transtoyou.com\/fr\/#\/schema\/logo\/image\/"}}]}},"_links":{"self":[{"href":"https:\/\/www.transtoyou.com\/fr\/wp-json\/wp\/v2\/product\/1072","targetHints":{"allow":["GET"]}}],"collection":[{"href":"https:\/\/www.transtoyou.com\/fr\/wp-json\/wp\/v2\/product"}],"about":[{"href":"https:\/\/www.transtoyou.com\/fr\/wp-json\/wp\/v2\/types\/product"}],"replies":[{"embeddable":true,"href":"https:\/\/www.transtoyou.com\/fr\/wp-json\/wp\/v2\/comments?post=1072"}],"wp:featuredmedia":[{"embeddable":true,"href":"https:\/\/www.transtoyou.com\/fr\/wp-json\/wp\/v2\/media\/1074"}],"wp:attachment":[{"href":"https:\/\/www.transtoyou.com\/fr\/wp-json\/wp\/v2\/media?parent=1072"}],"wp:term":[{"taxonomy":"product_brand","embeddable":true,"href":"https:\/\/www.transtoyou.com\/fr\/wp-json\/wp\/v2\/product_brand?post=1072"},{"taxonomy":"product_cat","embeddable":true,"href":"https:\/\/www.transtoyou.com\/fr\/wp-json\/wp\/v2\/product_cat?post=1072"},{"taxonomy":"product_tag","embeddable":true,"href":"https:\/\/www.transtoyou.com\/fr\/wp-json\/wp\/v2\/product_tag?post=1072"},{"taxonomy":"expert","embeddable":true,"href":"https:\/\/www.transtoyou.com\/fr\/wp-json\/wp\/v2\/expert?post=1072"}],"curies":[{"name":"wp","href":"https:\/\/api.w.org\/{rel}","templated":true}]}}