{"id":1090,"date":"2026-01-24T23:58:30","date_gmt":"2026-01-24T21:58:30","guid":{"rendered":"https:\/\/www.transtoyou.com\/fr\/product\/ozempic\/"},"modified":"2026-03-01T12:08:34","modified_gmt":"2026-03-01T10:08:34","slug":"ozempic","status":"publish","type":"product","link":"https:\/\/www.transtoyou.com\/fr\/product\/ozempic\/","title":{"rendered":"Ozempic"},"content":{"rendered":"<p>Ozempic est un m\u00e9dicament injectable \u00e0 prendre une fois par semaine, utilis\u00e9 pour g\u00e9rer le diab\u00e8te de type 2 et soutenir le contr\u00f4le \u00e0 long terme de la glyc\u00e9mie. Il contient du s\u00e9maglutide, un compos\u00e9 qui imite une hormone naturellement pr\u00e9sente appel\u00e9e GLP-1 (peptide-1 semblable au glucagon). Cette hormone aide \u00e0 r\u00e9guler les niveaux de glucose dans le sang en am\u00e9liorant la s\u00e9cr\u00e9tion d&rsquo;insuline, en supprimant la production h\u00e9patique de glucose et en retardant la vidange gastrique.<\/p>\n<p>Pour les personnes atteintes de diab\u00e8te de type 2, Ozempic offre une solution pour am\u00e9liorer la r\u00e9gulation de la glyc\u00e9mie tout en contribuant \u00e0 la r\u00e9duction du poids. Contrairement \u00e0 l&rsquo;insuline, qui abaisse directement la glyc\u00e9mie, Ozempic fonctionne en harmonie avec les syst\u00e8mes naturels du corps pour l&rsquo;aider \u00e0 r\u00e9agir plus efficacement \u00e0 l&rsquo;apport alimentaire et \u00e0 g\u00e9rer les niveaux de glucose de mani\u00e8re plus coh\u00e9rente tout au long de la journ\u00e9e.<\/p>\n<p>Ozempic est administr\u00e9 par une petite injection sous la peau, g\u00e9n\u00e9ralement une fois par semaine. La plupart des gens commencent le traitement avec une faible dose, qui est progressivement augment\u00e9e pour minimiser les effets secondaires digestifs tels que des naus\u00e9es, des ballonnements ou de la constipation.<\/p>\n<p>Ozempic non seulement abaisse les niveaux d&rsquo;HbA1c, mais aide \u00e9galement \u00e0 r\u00e9duire l&rsquo;app\u00e9tit et le poids corporel chez de nombreux patients. Ces avantages suppl\u00e9mentaires en font un choix pr\u00e9cieux pour les personnes g\u00e9rant \u00e0 la fois le diab\u00e8te de type 2 et l&rsquo;ob\u00e9sit\u00e9.<\/p>\n","protected":false},"excerpt":{"rendered":"<ul>\n<li>Injectable une fois par semaine pour le diab\u00e8te de type 2<\/li>\n<li>Stimule la s\u00e9cr\u00e9tion d&rsquo;insuline et contr\u00f4le la lib\u00e9ration de glucose par le foie<\/li>\n<li>Peut aider \u00e0 la gestion du poids chez certains patients<\/li>\n<\/ul>\n","protected":false},"featured_media":1092,"comment_status":"open","ping_status":"closed","template":"","meta":[],"product_brand":[],"product_cat":[103],"product_tag":[],"expert":[21],"class_list":{"0":"post-1090","1":"product","2":"type-product","3":"status-publish","4":"has-post-thumbnail","6":"product_cat-diabete","7":"expert-dr-m-sharoyko","9":"first","10":"instock","11":"shipping-taxable","12":"product-type-variable"},"yoast_head":"<!-- This site is optimized with the Yoast SEO plugin v27.0 - https:\/\/yoast.com\/product\/yoast-seo-wordpress\/ -->\n<title>Ozempic | G\u00e9rer le diab\u00e8te et am\u00e9liorer la sant\u00e9 - Transtoyou<\/title>\n<meta name=\"description\" content=\"D\u00e9couvrez Ozempic sur Transtoyou, un injectable hebdomadaire pour g\u00e9rer le diab\u00e8te de type 2, contr\u00f4ler la glyc\u00e9mie et perdre du poids. Commandez maintenant.\" \/>\n<meta name=\"robots\" content=\"noindex, follow, max-snippet:-1, max-image-preview:large, max-video-preview:-1\" \/>\n<meta property=\"og:locale\" content=\"fr_FR\" \/>\n<meta property=\"og:type\" content=\"article\" \/>\n<meta property=\"og:title\" content=\"Ozempic | G\u00e9rer le diab\u00e8te et am\u00e9liorer la sant\u00e9 - Transtoyou\" \/>\n<meta property=\"og:description\" content=\"D\u00e9couvrez Ozempic sur Transtoyou, un injectable hebdomadaire pour g\u00e9rer le diab\u00e8te de type 2, contr\u00f4ler la glyc\u00e9mie et perdre du poids. Commandez maintenant.\" \/>\n<meta property=\"og:url\" content=\"https:\/\/www.transtoyou.com\/fr\/product\/ozempic\/\" \/>\n<meta property=\"og:site_name\" content=\"Transtoyou - FR\" \/>\n<meta property=\"article:modified_time\" content=\"2026-03-01T10:08:34+00:00\" \/>\n<meta name=\"twitter:card\" content=\"summary_large_image\" \/>\n<meta name=\"twitter:label1\" content=\"Dur\u00e9e de lecture estim\u00e9e\" \/>\n\t<meta name=\"twitter:data1\" content=\"1 minute\" \/>\n<script type=\"application\/ld+json\" class=\"yoast-schema-graph\">{\"@context\":\"https:\/\/schema.org\",\"@graph\":[{\"@type\":\"WebPage\",\"@id\":\"https:\/\/www.transtoyou.com\/fr\/product\/ozempic\/\",\"url\":\"https:\/\/www.transtoyou.com\/fr\/product\/ozempic\/\",\"name\":\"Ozempic | G\u00e9rer le diab\u00e8te et am\u00e9liorer la sant\u00e9 - Transtoyou\",\"isPartOf\":{\"@id\":\"https:\/\/www.transtoyou.com\/fr\/#website\"},\"primaryImageOfPage\":{\"@id\":\"https:\/\/www.transtoyou.com\/fr\/product\/ozempic\/#primaryimage\"},\"image\":{\"@id\":\"https:\/\/www.transtoyou.com\/fr\/product\/ozempic\/#primaryimage\"},\"thumbnailUrl\":\"https:\/\/www.transtoyou.com\/fr\/wp-content\/uploads\/sites\/5\/2026\/01\/tty-no-product-image-121.webp\",\"datePublished\":\"2026-01-24T21:58:30+00:00\",\"dateModified\":\"2026-03-01T10:08:34+00:00\",\"description\":\"D\u00e9couvrez Ozempic sur Transtoyou, un injectable hebdomadaire pour g\u00e9rer le diab\u00e8te de type 2, contr\u00f4ler la glyc\u00e9mie et perdre du poids. Commandez maintenant.\",\"breadcrumb\":{\"@id\":\"https:\/\/www.transtoyou.com\/fr\/product\/ozempic\/#breadcrumb\"},\"inLanguage\":\"fr-FR\",\"potentialAction\":[{\"@type\":\"ReadAction\",\"target\":[\"https:\/\/www.transtoyou.com\/fr\/product\/ozempic\/\"]}]},{\"@type\":\"ImageObject\",\"inLanguage\":\"fr-FR\",\"@id\":\"https:\/\/www.transtoyou.com\/fr\/product\/ozempic\/#primaryimage\",\"url\":\"https:\/\/www.transtoyou.com\/fr\/wp-content\/uploads\/sites\/5\/2026\/01\/tty-no-product-image-121.webp\",\"contentUrl\":\"https:\/\/www.transtoyou.com\/fr\/wp-content\/uploads\/sites\/5\/2026\/01\/tty-no-product-image-121.webp\",\"width\":1000,\"height\":1000,\"caption\":\"Image produit par d\u00e9faut\"},{\"@type\":\"WebSite\",\"@id\":\"https:\/\/www.transtoyou.com\/fr\/#website\",\"url\":\"https:\/\/www.transtoyou.com\/fr\/\",\"name\":\"Transtoyou - FR\",\"description\":\"\",\"publisher\":{\"@id\":\"https:\/\/www.transtoyou.com\/fr\/#organization\"},\"potentialAction\":[{\"@type\":\"SearchAction\",\"target\":{\"@type\":\"EntryPoint\",\"urlTemplate\":\"https:\/\/www.transtoyou.com\/fr\/?s={search_term_string}\"},\"query-input\":{\"@type\":\"PropertyValueSpecification\",\"valueRequired\":true,\"valueName\":\"search_term_string\"}}],\"inLanguage\":\"fr-FR\"},{\"@type\":\"Organization\",\"@id\":\"https:\/\/www.transtoyou.com\/fr\/#organization\",\"name\":\"Transtoyou - FR\",\"url\":\"https:\/\/www.transtoyou.com\/fr\/\",\"logo\":{\"@type\":\"ImageObject\",\"inLanguage\":\"fr-FR\",\"@id\":\"https:\/\/www.transtoyou.com\/fr\/#\/schema\/logo\/image\/\",\"url\":\"https:\/\/www.transtoyou.com\/fr\/wp-content\/uploads\/sites\/5\/2026\/01\/logo-tty-menu-bar-300x87-1.webp\",\"contentUrl\":\"https:\/\/www.transtoyou.com\/fr\/wp-content\/uploads\/sites\/5\/2026\/01\/logo-tty-menu-bar-300x87-1.webp\",\"width\":300,\"height\":87,\"caption\":\"Transtoyou - FR\"},\"image\":{\"@id\":\"https:\/\/www.transtoyou.com\/fr\/#\/schema\/logo\/image\/\"}}]}<\/script>\n<!-- \/ Yoast SEO plugin. -->","yoast_head_json":{"title":"Ozempic | G\u00e9rer le diab\u00e8te et am\u00e9liorer la sant\u00e9 - Transtoyou","description":"D\u00e9couvrez Ozempic sur Transtoyou, un injectable hebdomadaire pour g\u00e9rer le diab\u00e8te de type 2, contr\u00f4ler la glyc\u00e9mie et perdre du poids. Commandez maintenant.","robots":{"index":"noindex","follow":"follow","max-snippet":"max-snippet:-1","max-image-preview":"max-image-preview:large","max-video-preview":"max-video-preview:-1"},"og_locale":"fr_FR","og_type":"article","og_title":"Ozempic | G\u00e9rer le diab\u00e8te et am\u00e9liorer la sant\u00e9 - Transtoyou","og_description":"D\u00e9couvrez Ozempic sur Transtoyou, un injectable hebdomadaire pour g\u00e9rer le diab\u00e8te de type 2, contr\u00f4ler la glyc\u00e9mie et perdre du poids. Commandez maintenant.","og_url":"https:\/\/www.transtoyou.com\/fr\/product\/ozempic\/","og_site_name":"Transtoyou - FR","article_modified_time":"2026-03-01T10:08:34+00:00","twitter_card":"summary_large_image","twitter_misc":{"Dur\u00e9e de lecture estim\u00e9e":"1 minute"},"schema":{"@context":"https:\/\/schema.org","@graph":[{"@type":"WebPage","@id":"https:\/\/www.transtoyou.com\/fr\/product\/ozempic\/","url":"https:\/\/www.transtoyou.com\/fr\/product\/ozempic\/","name":"Ozempic | G\u00e9rer le diab\u00e8te et am\u00e9liorer la sant\u00e9 - Transtoyou","isPartOf":{"@id":"https:\/\/www.transtoyou.com\/fr\/#website"},"primaryImageOfPage":{"@id":"https:\/\/www.transtoyou.com\/fr\/product\/ozempic\/#primaryimage"},"image":{"@id":"https:\/\/www.transtoyou.com\/fr\/product\/ozempic\/#primaryimage"},"thumbnailUrl":"https:\/\/www.transtoyou.com\/fr\/wp-content\/uploads\/sites\/5\/2026\/01\/tty-no-product-image-121.webp","datePublished":"2026-01-24T21:58:30+00:00","dateModified":"2026-03-01T10:08:34+00:00","description":"D\u00e9couvrez Ozempic sur Transtoyou, un injectable hebdomadaire pour g\u00e9rer le diab\u00e8te de type 2, contr\u00f4ler la glyc\u00e9mie et perdre du poids. Commandez maintenant.","breadcrumb":{"@id":"https:\/\/www.transtoyou.com\/fr\/product\/ozempic\/#breadcrumb"},"inLanguage":"fr-FR","potentialAction":[{"@type":"ReadAction","target":["https:\/\/www.transtoyou.com\/fr\/product\/ozempic\/"]}]},{"@type":"ImageObject","inLanguage":"fr-FR","@id":"https:\/\/www.transtoyou.com\/fr\/product\/ozempic\/#primaryimage","url":"https:\/\/www.transtoyou.com\/fr\/wp-content\/uploads\/sites\/5\/2026\/01\/tty-no-product-image-121.webp","contentUrl":"https:\/\/www.transtoyou.com\/fr\/wp-content\/uploads\/sites\/5\/2026\/01\/tty-no-product-image-121.webp","width":1000,"height":1000,"caption":"Image produit par d\u00e9faut"},{"@type":"WebSite","@id":"https:\/\/www.transtoyou.com\/fr\/#website","url":"https:\/\/www.transtoyou.com\/fr\/","name":"Transtoyou - FR","description":"","publisher":{"@id":"https:\/\/www.transtoyou.com\/fr\/#organization"},"potentialAction":[{"@type":"SearchAction","target":{"@type":"EntryPoint","urlTemplate":"https:\/\/www.transtoyou.com\/fr\/?s={search_term_string}"},"query-input":{"@type":"PropertyValueSpecification","valueRequired":true,"valueName":"search_term_string"}}],"inLanguage":"fr-FR"},{"@type":"Organization","@id":"https:\/\/www.transtoyou.com\/fr\/#organization","name":"Transtoyou - FR","url":"https:\/\/www.transtoyou.com\/fr\/","logo":{"@type":"ImageObject","inLanguage":"fr-FR","@id":"https:\/\/www.transtoyou.com\/fr\/#\/schema\/logo\/image\/","url":"https:\/\/www.transtoyou.com\/fr\/wp-content\/uploads\/sites\/5\/2026\/01\/logo-tty-menu-bar-300x87-1.webp","contentUrl":"https:\/\/www.transtoyou.com\/fr\/wp-content\/uploads\/sites\/5\/2026\/01\/logo-tty-menu-bar-300x87-1.webp","width":300,"height":87,"caption":"Transtoyou - FR"},"image":{"@id":"https:\/\/www.transtoyou.com\/fr\/#\/schema\/logo\/image\/"}}]}},"_links":{"self":[{"href":"https:\/\/www.transtoyou.com\/fr\/wp-json\/wp\/v2\/product\/1090","targetHints":{"allow":["GET"]}}],"collection":[{"href":"https:\/\/www.transtoyou.com\/fr\/wp-json\/wp\/v2\/product"}],"about":[{"href":"https:\/\/www.transtoyou.com\/fr\/wp-json\/wp\/v2\/types\/product"}],"replies":[{"embeddable":true,"href":"https:\/\/www.transtoyou.com\/fr\/wp-json\/wp\/v2\/comments?post=1090"}],"wp:featuredmedia":[{"embeddable":true,"href":"https:\/\/www.transtoyou.com\/fr\/wp-json\/wp\/v2\/media\/1092"}],"wp:attachment":[{"href":"https:\/\/www.transtoyou.com\/fr\/wp-json\/wp\/v2\/media?parent=1090"}],"wp:term":[{"taxonomy":"product_brand","embeddable":true,"href":"https:\/\/www.transtoyou.com\/fr\/wp-json\/wp\/v2\/product_brand?post=1090"},{"taxonomy":"product_cat","embeddable":true,"href":"https:\/\/www.transtoyou.com\/fr\/wp-json\/wp\/v2\/product_cat?post=1090"},{"taxonomy":"product_tag","embeddable":true,"href":"https:\/\/www.transtoyou.com\/fr\/wp-json\/wp\/v2\/product_tag?post=1090"},{"taxonomy":"expert","embeddable":true,"href":"https:\/\/www.transtoyou.com\/fr\/wp-json\/wp\/v2\/expert?post=1090"}],"curies":[{"name":"wp","href":"https:\/\/api.w.org\/{rel}","templated":true}]}}