{"id":1096,"date":"2026-01-25T00:38:58","date_gmt":"2026-01-24T22:38:58","guid":{"rendered":"https:\/\/www.transtoyou.com\/fr\/product\/rifaximin-xifaxan\/"},"modified":"2026-03-02T17:37:24","modified_gmt":"2026-03-02T15:37:24","slug":"rifaximine-xifaxan","status":"publish","type":"product","link":"https:\/\/www.transtoyou.com\/fr\/product\/rifaximine-xifaxan\/","title":{"rendered":"Rifaximine (Xifaxan)"},"content":{"rendered":"<p>La rifaximine, commun\u00e9ment connue sous le nom de marque Xifaxan, est un antibiotique utilis\u00e9 pour traiter diverses infections du tractus digestif, en particulier la diarrh\u00e9e du voyageur caus\u00e9e par des bact\u00e9ries sp\u00e9cifiques. Ce qui rend la rifaximine unique, c&rsquo;est qu&rsquo;elle agit presque exclusivement dans le tractus gastro-intestinal, ce qui signifie que tr\u00e8s peu de m\u00e9dicament est absorb\u00e9 dans la circulation sanguine. Cette action localis\u00e9e aide \u00e0 cibler l&rsquo;infection \u00e0 sa source tout en minimisant les effets ailleurs dans le corps.<\/p>\n<p>Le m\u00e9dicament est particuli\u00e8rement utile pour un soulagement \u00e0 court terme de la diarrh\u00e9e caus\u00e9e par Escherichia Coli, une bact\u00e9rie courante responsable de la diarrh\u00e9e du voyageur. Contrairement \u00e0 certains antibiotiques \u00e0 large spectre, la rifaximine est moins susceptible de perturber l&rsquo;\u00e9quilibre de la flore intestinale, ce qui peut aider \u00e0 r\u00e9duire le risque de troubles digestifs suppl\u00e9mentaires. Elle est souvent prise pendant quelques jours, g\u00e9n\u00e9ralement sous forme de comprim\u00e9s, et les utilisateurs peuvent remarquer une am\u00e9lioration dans les 24 \u00e0 48 heures suivant le d\u00e9but du traitement.<\/p>\n<p>Elle est g\u00e9n\u00e9ralement bien tol\u00e9r\u00e9e, bien que des effets secondaires l\u00e9gers comme des maux de t\u00eate, des naus\u00e9es ou des crampes abdominales puissent survenir. La rifaximine est \u00e9galement utilis\u00e9e pour d&rsquo;autres conditions telles que le syndrome de l&rsquo;intestin irritable avec diarrh\u00e9e (IBS-D) et, dans certains cas, pour r\u00e9duire le risque de complications dans les maladies du foie, bien que ces utilisations soient plus sp\u00e9cialis\u00e9es.<\/p>\n","protected":false},"excerpt":{"rendered":"<ul>\n<li>Cible la diarrh\u00e9e bact\u00e9rienne \u00e0 la source<\/li>\n<li>Absorption minimale dans le corps<\/li>\n<li>Soulagement rapide pour la diarrh\u00e9e du voyageur<\/li>\n<\/ul>\n","protected":false},"featured_media":1098,"comment_status":"open","ping_status":"closed","template":"","meta":[],"product_brand":[],"product_cat":[107],"product_tag":[],"expert":[16],"class_list":{"0":"post-1096","1":"product","2":"type-product","3":"status-publish","4":"has-post-thumbnail","6":"product_cat-diarrhee","7":"expert-dr-c-alexandru","9":"first","10":"instock","11":"shipping-taxable","12":"product-type-variable"},"yoast_head":"<!-- This site is optimized with the Yoast SEO plugin v27.0 - https:\/\/yoast.com\/product\/yoast-seo-wordpress\/ -->\n<title>Rifaximine (Xifaxan) | Soulagement Cibl\u00e9 de l&#039;Intestin - Transtoyou<\/title>\n<meta name=\"description\" content=\"La Rifaximine (Xifaxan) cible les bact\u00e9ries intestinales pour soulager efficacement la diarrh\u00e9e. Trouvez ici une solution pratique pour vos probl\u00e8mes digestifs.\" \/>\n<meta name=\"robots\" content=\"noindex, follow, max-snippet:-1, max-image-preview:large, max-video-preview:-1\" \/>\n<meta property=\"og:locale\" content=\"fr_FR\" \/>\n<meta property=\"og:type\" content=\"article\" \/>\n<meta property=\"og:title\" content=\"Rifaximine (Xifaxan) | Soulagement Cibl\u00e9 de l&#039;Intestin - Transtoyou\" \/>\n<meta property=\"og:description\" content=\"La Rifaximine (Xifaxan) cible les bact\u00e9ries intestinales pour soulager efficacement la diarrh\u00e9e. Trouvez ici une solution pratique pour vos probl\u00e8mes digestifs.\" \/>\n<meta property=\"og:url\" content=\"https:\/\/www.transtoyou.com\/fr\/product\/rifaximin-xifaxan\/\" \/>\n<meta property=\"og:site_name\" content=\"Transtoyou - FR\" \/>\n<meta property=\"article:modified_time\" content=\"2026-03-02T15:37:24+00:00\" \/>\n<meta name=\"twitter:card\" content=\"summary_large_image\" \/>\n<meta name=\"twitter:label1\" content=\"Dur\u00e9e de lecture estim\u00e9e\" \/>\n\t<meta name=\"twitter:data1\" content=\"1 minute\" \/>\n<script type=\"application\/ld+json\" class=\"yoast-schema-graph\">{\"@context\":\"https:\/\/schema.org\",\"@graph\":[{\"@type\":\"WebPage\",\"@id\":\"https:\/\/www.transtoyou.com\/fr\/product\/rifaximin-xifaxan\/\",\"url\":\"https:\/\/www.transtoyou.com\/fr\/product\/rifaximin-xifaxan\/\",\"name\":\"Rifaximine (Xifaxan) | Soulagement Cibl\u00e9 de l'Intestin - Transtoyou\",\"isPartOf\":{\"@id\":\"https:\/\/www.transtoyou.com\/fr\/#website\"},\"primaryImageOfPage\":{\"@id\":\"https:\/\/www.transtoyou.com\/fr\/product\/rifaximin-xifaxan\/#primaryimage\"},\"image\":{\"@id\":\"https:\/\/www.transtoyou.com\/fr\/product\/rifaximin-xifaxan\/#primaryimage\"},\"thumbnailUrl\":\"https:\/\/www.transtoyou.com\/fr\/wp-content\/uploads\/sites\/5\/2026\/01\/tty-no-product-image-123.webp\",\"datePublished\":\"2026-01-24T22:38:58+00:00\",\"dateModified\":\"2026-03-02T15:37:24+00:00\",\"description\":\"La Rifaximine (Xifaxan) cible les bact\u00e9ries intestinales pour soulager efficacement la diarrh\u00e9e. Trouvez ici une solution pratique pour vos probl\u00e8mes digestifs.\",\"breadcrumb\":{\"@id\":\"https:\/\/www.transtoyou.com\/fr\/product\/rifaximin-xifaxan\/#breadcrumb\"},\"inLanguage\":\"fr-FR\",\"potentialAction\":[{\"@type\":\"ReadAction\",\"target\":[\"https:\/\/www.transtoyou.com\/fr\/product\/rifaximin-xifaxan\/\"]}]},{\"@type\":\"ImageObject\",\"inLanguage\":\"fr-FR\",\"@id\":\"https:\/\/www.transtoyou.com\/fr\/product\/rifaximin-xifaxan\/#primaryimage\",\"url\":\"https:\/\/www.transtoyou.com\/fr\/wp-content\/uploads\/sites\/5\/2026\/01\/tty-no-product-image-123.webp\",\"contentUrl\":\"https:\/\/www.transtoyou.com\/fr\/wp-content\/uploads\/sites\/5\/2026\/01\/tty-no-product-image-123.webp\",\"width\":1000,\"height\":1000,\"caption\":\"Image produit par d\u00e9faut\"},{\"@type\":\"WebSite\",\"@id\":\"https:\/\/www.transtoyou.com\/fr\/#website\",\"url\":\"https:\/\/www.transtoyou.com\/fr\/\",\"name\":\"Transtoyou - FR\",\"description\":\"\",\"publisher\":{\"@id\":\"https:\/\/www.transtoyou.com\/fr\/#organization\"},\"potentialAction\":[{\"@type\":\"SearchAction\",\"target\":{\"@type\":\"EntryPoint\",\"urlTemplate\":\"https:\/\/www.transtoyou.com\/fr\/?s={search_term_string}\"},\"query-input\":{\"@type\":\"PropertyValueSpecification\",\"valueRequired\":true,\"valueName\":\"search_term_string\"}}],\"inLanguage\":\"fr-FR\"},{\"@type\":\"Organization\",\"@id\":\"https:\/\/www.transtoyou.com\/fr\/#organization\",\"name\":\"Transtoyou - FR\",\"url\":\"https:\/\/www.transtoyou.com\/fr\/\",\"logo\":{\"@type\":\"ImageObject\",\"inLanguage\":\"fr-FR\",\"@id\":\"https:\/\/www.transtoyou.com\/fr\/#\/schema\/logo\/image\/\",\"url\":\"https:\/\/www.transtoyou.com\/fr\/wp-content\/uploads\/sites\/5\/2026\/01\/logo-tty-menu-bar-300x87-1.webp\",\"contentUrl\":\"https:\/\/www.transtoyou.com\/fr\/wp-content\/uploads\/sites\/5\/2026\/01\/logo-tty-menu-bar-300x87-1.webp\",\"width\":300,\"height\":87,\"caption\":\"Transtoyou - FR\"},\"image\":{\"@id\":\"https:\/\/www.transtoyou.com\/fr\/#\/schema\/logo\/image\/\"}}]}<\/script>\n<!-- \/ Yoast SEO plugin. -->","yoast_head_json":{"title":"Rifaximine (Xifaxan) | Soulagement Cibl\u00e9 de l'Intestin - Transtoyou","description":"La Rifaximine (Xifaxan) cible les bact\u00e9ries intestinales pour soulager efficacement la diarrh\u00e9e. Trouvez ici une solution pratique pour vos probl\u00e8mes digestifs.","robots":{"index":"noindex","follow":"follow","max-snippet":"max-snippet:-1","max-image-preview":"max-image-preview:large","max-video-preview":"max-video-preview:-1"},"og_locale":"fr_FR","og_type":"article","og_title":"Rifaximine (Xifaxan) | Soulagement Cibl\u00e9 de l'Intestin - Transtoyou","og_description":"La Rifaximine (Xifaxan) cible les bact\u00e9ries intestinales pour soulager efficacement la diarrh\u00e9e. Trouvez ici une solution pratique pour vos probl\u00e8mes digestifs.","og_url":"https:\/\/www.transtoyou.com\/fr\/product\/rifaximin-xifaxan\/","og_site_name":"Transtoyou - FR","article_modified_time":"2026-03-02T15:37:24+00:00","twitter_card":"summary_large_image","twitter_misc":{"Dur\u00e9e de lecture estim\u00e9e":"1 minute"},"schema":{"@context":"https:\/\/schema.org","@graph":[{"@type":"WebPage","@id":"https:\/\/www.transtoyou.com\/fr\/product\/rifaximin-xifaxan\/","url":"https:\/\/www.transtoyou.com\/fr\/product\/rifaximin-xifaxan\/","name":"Rifaximine (Xifaxan) | Soulagement Cibl\u00e9 de l'Intestin - Transtoyou","isPartOf":{"@id":"https:\/\/www.transtoyou.com\/fr\/#website"},"primaryImageOfPage":{"@id":"https:\/\/www.transtoyou.com\/fr\/product\/rifaximin-xifaxan\/#primaryimage"},"image":{"@id":"https:\/\/www.transtoyou.com\/fr\/product\/rifaximin-xifaxan\/#primaryimage"},"thumbnailUrl":"https:\/\/www.transtoyou.com\/fr\/wp-content\/uploads\/sites\/5\/2026\/01\/tty-no-product-image-123.webp","datePublished":"2026-01-24T22:38:58+00:00","dateModified":"2026-03-02T15:37:24+00:00","description":"La Rifaximine (Xifaxan) cible les bact\u00e9ries intestinales pour soulager efficacement la diarrh\u00e9e. Trouvez ici une solution pratique pour vos probl\u00e8mes digestifs.","breadcrumb":{"@id":"https:\/\/www.transtoyou.com\/fr\/product\/rifaximin-xifaxan\/#breadcrumb"},"inLanguage":"fr-FR","potentialAction":[{"@type":"ReadAction","target":["https:\/\/www.transtoyou.com\/fr\/product\/rifaximin-xifaxan\/"]}]},{"@type":"ImageObject","inLanguage":"fr-FR","@id":"https:\/\/www.transtoyou.com\/fr\/product\/rifaximin-xifaxan\/#primaryimage","url":"https:\/\/www.transtoyou.com\/fr\/wp-content\/uploads\/sites\/5\/2026\/01\/tty-no-product-image-123.webp","contentUrl":"https:\/\/www.transtoyou.com\/fr\/wp-content\/uploads\/sites\/5\/2026\/01\/tty-no-product-image-123.webp","width":1000,"height":1000,"caption":"Image produit par d\u00e9faut"},{"@type":"WebSite","@id":"https:\/\/www.transtoyou.com\/fr\/#website","url":"https:\/\/www.transtoyou.com\/fr\/","name":"Transtoyou - FR","description":"","publisher":{"@id":"https:\/\/www.transtoyou.com\/fr\/#organization"},"potentialAction":[{"@type":"SearchAction","target":{"@type":"EntryPoint","urlTemplate":"https:\/\/www.transtoyou.com\/fr\/?s={search_term_string}"},"query-input":{"@type":"PropertyValueSpecification","valueRequired":true,"valueName":"search_term_string"}}],"inLanguage":"fr-FR"},{"@type":"Organization","@id":"https:\/\/www.transtoyou.com\/fr\/#organization","name":"Transtoyou - FR","url":"https:\/\/www.transtoyou.com\/fr\/","logo":{"@type":"ImageObject","inLanguage":"fr-FR","@id":"https:\/\/www.transtoyou.com\/fr\/#\/schema\/logo\/image\/","url":"https:\/\/www.transtoyou.com\/fr\/wp-content\/uploads\/sites\/5\/2026\/01\/logo-tty-menu-bar-300x87-1.webp","contentUrl":"https:\/\/www.transtoyou.com\/fr\/wp-content\/uploads\/sites\/5\/2026\/01\/logo-tty-menu-bar-300x87-1.webp","width":300,"height":87,"caption":"Transtoyou - FR"},"image":{"@id":"https:\/\/www.transtoyou.com\/fr\/#\/schema\/logo\/image\/"}}]}},"_links":{"self":[{"href":"https:\/\/www.transtoyou.com\/fr\/wp-json\/wp\/v2\/product\/1096","targetHints":{"allow":["GET"]}}],"collection":[{"href":"https:\/\/www.transtoyou.com\/fr\/wp-json\/wp\/v2\/product"}],"about":[{"href":"https:\/\/www.transtoyou.com\/fr\/wp-json\/wp\/v2\/types\/product"}],"replies":[{"embeddable":true,"href":"https:\/\/www.transtoyou.com\/fr\/wp-json\/wp\/v2\/comments?post=1096"}],"wp:featuredmedia":[{"embeddable":true,"href":"https:\/\/www.transtoyou.com\/fr\/wp-json\/wp\/v2\/media\/1098"}],"wp:attachment":[{"href":"https:\/\/www.transtoyou.com\/fr\/wp-json\/wp\/v2\/media?parent=1096"}],"wp:term":[{"taxonomy":"product_brand","embeddable":true,"href":"https:\/\/www.transtoyou.com\/fr\/wp-json\/wp\/v2\/product_brand?post=1096"},{"taxonomy":"product_cat","embeddable":true,"href":"https:\/\/www.transtoyou.com\/fr\/wp-json\/wp\/v2\/product_cat?post=1096"},{"taxonomy":"product_tag","embeddable":true,"href":"https:\/\/www.transtoyou.com\/fr\/wp-json\/wp\/v2\/product_tag?post=1096"},{"taxonomy":"expert","embeddable":true,"href":"https:\/\/www.transtoyou.com\/fr\/wp-json\/wp\/v2\/expert?post=1096"}],"curies":[{"name":"wp","href":"https:\/\/api.w.org\/{rel}","templated":true}]}}