{"id":1099,"date":"2026-01-25T00:55:41","date_gmt":"2026-01-24T22:55:41","guid":{"rendered":"https:\/\/www.transtoyou.com\/fr\/product\/norlevo-levonelle\/"},"modified":"2026-01-25T00:56:46","modified_gmt":"2026-01-24T22:56:46","slug":"norlevo-levonelle","status":"publish","type":"product","link":"https:\/\/www.transtoyou.com\/fr\/product\/norlevo-levonelle\/","title":{"rendered":"Norlevo (Levonelle)"},"content":{"rendered":"<p>Norlevo, \u00e9galement connu sous le nom de Levonelle, est une pilule contraceptive d&rsquo;urgence (PCE) con\u00e7ue pour pr\u00e9venir une grossesse apr\u00e8s un rapport sexuel non prot\u00e9g\u00e9 ou un \u00e9chec contraceptif (par exemple, pr\u00e9servatif d\u00e9chir\u00e9 ou pilule oubli\u00e9e). Elle contient du l\u00e9vonorgestrel, une hormone progestative synth\u00e9tique qui imite la progest\u00e9rone naturelle du corps.<\/p>\n<p>Norlevo agit principalement en retardant ou en inhibant l&rsquo;ovulation, ce qui signifie qu&rsquo;elle emp\u00eache la lib\u00e9ration d&rsquo;un ovule par l&rsquo;ovaire. Sans ovule, la f\u00e9condation ne peut pas se produire. Elle peut \u00e9galement modifier la glaire cervicale et la muqueuse endom\u00e9triale, rendant plus difficile l&rsquo;acc\u00e8s des spermatozo\u00efdes \u00e0 un ovule ou l&rsquo;implantation d&rsquo;un ovule f\u00e9cond\u00e9, bien que cela soit un m\u00e9canisme secondaire et moins bien \u00e9tabli.<\/p>\n<p>Elle est le plus efficace lorsqu&rsquo;elle est prise le plus t\u00f4t possible, id\u00e9alement dans les 12 heures, mais elle peut \u00eatre prise jusqu&rsquo;\u00e0 72 heures (3 jours) apr\u00e8s un rapport sexuel non prot\u00e9g\u00e9. Son efficacit\u00e9 diminue plus le d\u00e9lai est long.<\/p>\n<p>Norlevo ne met pas fin \u00e0 une grossesse existante et n&rsquo;est pas destin\u00e9 \u00e0 un usage contraceptif r\u00e9gulier. Elle n&rsquo;est pas efficace si l&rsquo;ovulation a d\u00e9j\u00e0 eu lieu. Elle ne prot\u00e8ge pas non plus contre les IST.<\/p>\n<p>Les avantages incluent une large accessibilit\u00e9, une facilit\u00e9 d&rsquo;utilisation et une bonne tol\u00e9rance, surtout lorsqu&rsquo;elle est prise rapidement. Les effets secondaires sont g\u00e9n\u00e9ralement l\u00e9gers et temporaires, tels que des naus\u00e9es, des maux de t\u00eate, une sensibilit\u00e9 des seins, des vertiges ou des changements dans le cycle menstruel.<\/p>\n","protected":false},"excerpt":{"rendered":"<ul>\n<li>\u00c0 prendre dans les 72 heures<\/li>\n<li>Retarde l&rsquo;ovulation<\/li>\n<li>Contraception d&rsquo;urgence<\/li>\n<\/ul>\n","protected":false},"featured_media":1100,"comment_status":"open","ping_status":"closed","template":"","meta":[],"product_brand":[],"product_cat":[110],"product_tag":[],"expert":[19],"class_list":{"0":"post-1099","1":"product","2":"type-product","3":"status-publish","4":"has-post-thumbnail","6":"product_cat-contraception-durgence","7":"expert-dr-j-vazquez","9":"first","10":"instock","11":"shipping-taxable","12":"product-type-simple"},"yoast_head":"<!-- This site is optimized with the Yoast SEO plugin v27.0 - https:\/\/yoast.com\/product\/yoast-seo-wordpress\/ -->\n<title>Norlevo (Levonelle) | ECP \u00e0 action rapide - Transtoyou<\/title>\n<meta name=\"description\" content=\"Norlevo (Levonelle) ECP, pr\u00e9vient une grossesse apr\u00e8s un rapport non prot\u00e9g\u00e9. Disponible ici pour un acc\u00e8s rapide. Efficace jusqu&#039;\u00e0 72 heures. Achetez maintenant sur Transtoyou.\" \/>\n<meta name=\"robots\" content=\"noindex, follow, max-snippet:-1, max-image-preview:large, max-video-preview:-1\" \/>\n<meta property=\"og:locale\" content=\"fr_FR\" \/>\n<meta property=\"og:type\" content=\"article\" \/>\n<meta property=\"og:title\" content=\"Norlevo (Levonelle) | ECP \u00e0 action rapide - Transtoyou\" \/>\n<meta property=\"og:description\" content=\"Norlevo (Levonelle) ECP, pr\u00e9vient une grossesse apr\u00e8s un rapport non prot\u00e9g\u00e9. Disponible ici pour un acc\u00e8s rapide. Efficace jusqu&#039;\u00e0 72 heures. Achetez maintenant sur Transtoyou.\" \/>\n<meta property=\"og:url\" content=\"https:\/\/www.transtoyou.com\/fr\/product\/norlevo-levonelle\/\" \/>\n<meta property=\"og:site_name\" content=\"Transtoyou - FR\" \/>\n<meta property=\"article:modified_time\" content=\"2026-01-24T22:56:46+00:00\" \/>\n<meta name=\"twitter:card\" content=\"summary_large_image\" \/>\n<meta name=\"twitter:label1\" content=\"Dur\u00e9e de lecture estim\u00e9e\" \/>\n\t<meta name=\"twitter:data1\" content=\"1 minute\" \/>\n<script type=\"application\/ld+json\" class=\"yoast-schema-graph\">{\"@context\":\"https:\/\/schema.org\",\"@graph\":[{\"@type\":\"WebPage\",\"@id\":\"https:\/\/www.transtoyou.com\/fr\/product\/norlevo-levonelle\/\",\"url\":\"https:\/\/www.transtoyou.com\/fr\/product\/norlevo-levonelle\/\",\"name\":\"Norlevo (Levonelle) | ECP \u00e0 action rapide - Transtoyou\",\"isPartOf\":{\"@id\":\"https:\/\/www.transtoyou.com\/fr\/#website\"},\"primaryImageOfPage\":{\"@id\":\"https:\/\/www.transtoyou.com\/fr\/product\/norlevo-levonelle\/#primaryimage\"},\"image\":{\"@id\":\"https:\/\/www.transtoyou.com\/fr\/product\/norlevo-levonelle\/#primaryimage\"},\"thumbnailUrl\":\"https:\/\/www.transtoyou.com\/fr\/wp-content\/uploads\/sites\/5\/2026\/01\/tty-no-product-image-124.webp\",\"datePublished\":\"2026-01-24T22:55:41+00:00\",\"dateModified\":\"2026-01-24T22:56:46+00:00\",\"description\":\"Norlevo (Levonelle) ECP, pr\u00e9vient une grossesse apr\u00e8s un rapport non prot\u00e9g\u00e9. Disponible ici pour un acc\u00e8s rapide. Efficace jusqu'\u00e0 72 heures. Achetez maintenant sur Transtoyou.\",\"breadcrumb\":{\"@id\":\"https:\/\/www.transtoyou.com\/fr\/product\/norlevo-levonelle\/#breadcrumb\"},\"inLanguage\":\"fr-FR\",\"potentialAction\":[{\"@type\":\"ReadAction\",\"target\":[\"https:\/\/www.transtoyou.com\/fr\/product\/norlevo-levonelle\/\"]}]},{\"@type\":\"ImageObject\",\"inLanguage\":\"fr-FR\",\"@id\":\"https:\/\/www.transtoyou.com\/fr\/product\/norlevo-levonelle\/#primaryimage\",\"url\":\"https:\/\/www.transtoyou.com\/fr\/wp-content\/uploads\/sites\/5\/2026\/01\/tty-no-product-image-124.webp\",\"contentUrl\":\"https:\/\/www.transtoyou.com\/fr\/wp-content\/uploads\/sites\/5\/2026\/01\/tty-no-product-image-124.webp\",\"width\":1000,\"height\":1000,\"caption\":\"Image produit par d\u00e9faut\"},{\"@type\":\"WebSite\",\"@id\":\"https:\/\/www.transtoyou.com\/fr\/#website\",\"url\":\"https:\/\/www.transtoyou.com\/fr\/\",\"name\":\"Transtoyou - FR\",\"description\":\"\",\"publisher\":{\"@id\":\"https:\/\/www.transtoyou.com\/fr\/#organization\"},\"potentialAction\":[{\"@type\":\"SearchAction\",\"target\":{\"@type\":\"EntryPoint\",\"urlTemplate\":\"https:\/\/www.transtoyou.com\/fr\/?s={search_term_string}\"},\"query-input\":{\"@type\":\"PropertyValueSpecification\",\"valueRequired\":true,\"valueName\":\"search_term_string\"}}],\"inLanguage\":\"fr-FR\"},{\"@type\":\"Organization\",\"@id\":\"https:\/\/www.transtoyou.com\/fr\/#organization\",\"name\":\"Transtoyou - FR\",\"url\":\"https:\/\/www.transtoyou.com\/fr\/\",\"logo\":{\"@type\":\"ImageObject\",\"inLanguage\":\"fr-FR\",\"@id\":\"https:\/\/www.transtoyou.com\/fr\/#\/schema\/logo\/image\/\",\"url\":\"https:\/\/www.transtoyou.com\/fr\/wp-content\/uploads\/sites\/5\/2026\/01\/logo-tty-menu-bar-300x87-1.webp\",\"contentUrl\":\"https:\/\/www.transtoyou.com\/fr\/wp-content\/uploads\/sites\/5\/2026\/01\/logo-tty-menu-bar-300x87-1.webp\",\"width\":300,\"height\":87,\"caption\":\"Transtoyou - FR\"},\"image\":{\"@id\":\"https:\/\/www.transtoyou.com\/fr\/#\/schema\/logo\/image\/\"}}]}<\/script>\n<!-- \/ Yoast SEO plugin. -->","yoast_head_json":{"title":"Norlevo (Levonelle) | ECP \u00e0 action rapide - Transtoyou","description":"Norlevo (Levonelle) ECP, pr\u00e9vient une grossesse apr\u00e8s un rapport non prot\u00e9g\u00e9. Disponible ici pour un acc\u00e8s rapide. Efficace jusqu'\u00e0 72 heures. Achetez maintenant sur Transtoyou.","robots":{"index":"noindex","follow":"follow","max-snippet":"max-snippet:-1","max-image-preview":"max-image-preview:large","max-video-preview":"max-video-preview:-1"},"og_locale":"fr_FR","og_type":"article","og_title":"Norlevo (Levonelle) | ECP \u00e0 action rapide - Transtoyou","og_description":"Norlevo (Levonelle) ECP, pr\u00e9vient une grossesse apr\u00e8s un rapport non prot\u00e9g\u00e9. Disponible ici pour un acc\u00e8s rapide. Efficace jusqu'\u00e0 72 heures. Achetez maintenant sur Transtoyou.","og_url":"https:\/\/www.transtoyou.com\/fr\/product\/norlevo-levonelle\/","og_site_name":"Transtoyou - FR","article_modified_time":"2026-01-24T22:56:46+00:00","twitter_card":"summary_large_image","twitter_misc":{"Dur\u00e9e de lecture estim\u00e9e":"1 minute"},"schema":{"@context":"https:\/\/schema.org","@graph":[{"@type":"WebPage","@id":"https:\/\/www.transtoyou.com\/fr\/product\/norlevo-levonelle\/","url":"https:\/\/www.transtoyou.com\/fr\/product\/norlevo-levonelle\/","name":"Norlevo (Levonelle) | ECP \u00e0 action rapide - Transtoyou","isPartOf":{"@id":"https:\/\/www.transtoyou.com\/fr\/#website"},"primaryImageOfPage":{"@id":"https:\/\/www.transtoyou.com\/fr\/product\/norlevo-levonelle\/#primaryimage"},"image":{"@id":"https:\/\/www.transtoyou.com\/fr\/product\/norlevo-levonelle\/#primaryimage"},"thumbnailUrl":"https:\/\/www.transtoyou.com\/fr\/wp-content\/uploads\/sites\/5\/2026\/01\/tty-no-product-image-124.webp","datePublished":"2026-01-24T22:55:41+00:00","dateModified":"2026-01-24T22:56:46+00:00","description":"Norlevo (Levonelle) ECP, pr\u00e9vient une grossesse apr\u00e8s un rapport non prot\u00e9g\u00e9. Disponible ici pour un acc\u00e8s rapide. Efficace jusqu'\u00e0 72 heures. Achetez maintenant sur Transtoyou.","breadcrumb":{"@id":"https:\/\/www.transtoyou.com\/fr\/product\/norlevo-levonelle\/#breadcrumb"},"inLanguage":"fr-FR","potentialAction":[{"@type":"ReadAction","target":["https:\/\/www.transtoyou.com\/fr\/product\/norlevo-levonelle\/"]}]},{"@type":"ImageObject","inLanguage":"fr-FR","@id":"https:\/\/www.transtoyou.com\/fr\/product\/norlevo-levonelle\/#primaryimage","url":"https:\/\/www.transtoyou.com\/fr\/wp-content\/uploads\/sites\/5\/2026\/01\/tty-no-product-image-124.webp","contentUrl":"https:\/\/www.transtoyou.com\/fr\/wp-content\/uploads\/sites\/5\/2026\/01\/tty-no-product-image-124.webp","width":1000,"height":1000,"caption":"Image produit par d\u00e9faut"},{"@type":"WebSite","@id":"https:\/\/www.transtoyou.com\/fr\/#website","url":"https:\/\/www.transtoyou.com\/fr\/","name":"Transtoyou - FR","description":"","publisher":{"@id":"https:\/\/www.transtoyou.com\/fr\/#organization"},"potentialAction":[{"@type":"SearchAction","target":{"@type":"EntryPoint","urlTemplate":"https:\/\/www.transtoyou.com\/fr\/?s={search_term_string}"},"query-input":{"@type":"PropertyValueSpecification","valueRequired":true,"valueName":"search_term_string"}}],"inLanguage":"fr-FR"},{"@type":"Organization","@id":"https:\/\/www.transtoyou.com\/fr\/#organization","name":"Transtoyou - FR","url":"https:\/\/www.transtoyou.com\/fr\/","logo":{"@type":"ImageObject","inLanguage":"fr-FR","@id":"https:\/\/www.transtoyou.com\/fr\/#\/schema\/logo\/image\/","url":"https:\/\/www.transtoyou.com\/fr\/wp-content\/uploads\/sites\/5\/2026\/01\/logo-tty-menu-bar-300x87-1.webp","contentUrl":"https:\/\/www.transtoyou.com\/fr\/wp-content\/uploads\/sites\/5\/2026\/01\/logo-tty-menu-bar-300x87-1.webp","width":300,"height":87,"caption":"Transtoyou - FR"},"image":{"@id":"https:\/\/www.transtoyou.com\/fr\/#\/schema\/logo\/image\/"}}]}},"_links":{"self":[{"href":"https:\/\/www.transtoyou.com\/fr\/wp-json\/wp\/v2\/product\/1099","targetHints":{"allow":["GET"]}}],"collection":[{"href":"https:\/\/www.transtoyou.com\/fr\/wp-json\/wp\/v2\/product"}],"about":[{"href":"https:\/\/www.transtoyou.com\/fr\/wp-json\/wp\/v2\/types\/product"}],"replies":[{"embeddable":true,"href":"https:\/\/www.transtoyou.com\/fr\/wp-json\/wp\/v2\/comments?post=1099"}],"wp:featuredmedia":[{"embeddable":true,"href":"https:\/\/www.transtoyou.com\/fr\/wp-json\/wp\/v2\/media\/1100"}],"wp:attachment":[{"href":"https:\/\/www.transtoyou.com\/fr\/wp-json\/wp\/v2\/media?parent=1099"}],"wp:term":[{"taxonomy":"product_brand","embeddable":true,"href":"https:\/\/www.transtoyou.com\/fr\/wp-json\/wp\/v2\/product_brand?post=1099"},{"taxonomy":"product_cat","embeddable":true,"href":"https:\/\/www.transtoyou.com\/fr\/wp-json\/wp\/v2\/product_cat?post=1099"},{"taxonomy":"product_tag","embeddable":true,"href":"https:\/\/www.transtoyou.com\/fr\/wp-json\/wp\/v2\/product_tag?post=1099"},{"taxonomy":"expert","embeddable":true,"href":"https:\/\/www.transtoyou.com\/fr\/wp-json\/wp\/v2\/expert?post=1099"}],"curies":[{"name":"wp","href":"https:\/\/api.w.org\/{rel}","templated":true}]}}