{"id":1103,"date":"2026-01-25T01:28:47","date_gmt":"2026-01-24T23:28:47","guid":{"rendered":"https:\/\/www.transtoyou.com\/fr\/product\/qlaira\/"},"modified":"2026-03-03T11:44:18","modified_gmt":"2026-03-03T09:44:18","slug":"qlaira","status":"publish","type":"product","link":"https:\/\/www.transtoyou.com\/fr\/product\/qlaira\/","title":{"rendered":"Qlaira"},"content":{"rendered":"<p>Qlaira est une pilule contraceptive orale combin\u00e9e qui est \u00e9galement utilis\u00e9e hors indication pour aider \u00e0 g\u00e9rer les sympt\u00f4mes de l&rsquo;endom\u00e9triose. Elle contient des versions synth\u00e9tiques de deux hormones naturellement pr\u00e9sentes, le val\u00e9rate d&rsquo;estradiol, une forme d&rsquo;\u0153strog\u00e8ne, et le dienogest, un progestatif. Contrairement \u00e0 de nombreuses pilules contraceptives traditionnelles, Qlaira suit un sch\u00e9ma posologique multiphasique con\u00e7u pour imiter de plus pr\u00e8s les fluctuations hormonales naturelles.<\/p>\n<p>L&rsquo;endom\u00e9triose est une affection chronique o\u00f9 un tissu similaire \u00e0 la muqueuse ut\u00e9rine se d\u00e9veloppe en dehors de l&rsquo;ut\u00e9rus, provoquant souvent des douleurs, des r\u00e8gles abondantes et des probl\u00e8mes de fertilit\u00e9. Les th\u00e9rapies hormonales comme Qlaira peuvent aider \u00e0 r\u00e9duire l&rsquo;activit\u00e9 et la croissance de ce tissu mal plac\u00e9 en stabilisant les niveaux hormonaux et en supprimant l&rsquo;ovulation. Cela peut entra\u00eener des r\u00e8gles plus l\u00e9g\u00e8res, moins de douleurs pelviennes et moins de pouss\u00e9es de sympt\u00f4mes d&rsquo;endom\u00e9triose au fil du temps.<\/p>\n<p>Qlaira se prend quotidiennement dans un ordre sp\u00e9cifique sur un cycle de 28 jours, avec des comprim\u00e9s de diff\u00e9rentes couleurs indiquant des niveaux hormonaux vari\u00e9s. Il y a des comprim\u00e9s actifs contenant des hormones et deux comprim\u00e9s qui ne contiennent aucun ingr\u00e9dient actif, aidant \u00e0 maintenir une routine r\u00e9guli\u00e8re sans une pause traditionnelle sans pilule. Les doses vari\u00e9es aident \u00e0 am\u00e9liorer le contr\u00f4le du cycle et peuvent conduire \u00e0 des saignements de retrait plus l\u00e9gers et plus courts.<\/p>\n<p>De nombreuses personnes qui utilisent Qlaira pour l&rsquo;endom\u00e9triose rapportent une am\u00e9lioration du soulagement des sympt\u00f4mes et de la qualit\u00e9 de vie, en particulier celles qui recherchent \u00e9galement une contraception efficace. Il est g\u00e9n\u00e9ralement bien tol\u00e9r\u00e9, bien que des effets secondaires tels que des naus\u00e9es, une sensibilit\u00e9 des seins, des changements d&rsquo;humeur ou des saignements intercurrents puissent survenir, surtout au cours des premiers mois d&rsquo;utilisation.<\/p>\n","protected":false},"excerpt":{"rendered":"<ul>\n<li>Aide \u00e0 r\u00e9guler le cycle menstruel<\/li>\n<li>G\u00e8re les sympt\u00f4mes de l&rsquo;endom\u00e9triose<\/li>\n<li>Th\u00e9rapie hormonale moderne \u00e0 faible dose<\/li>\n<\/ul>\n","protected":false},"featured_media":1105,"comment_status":"open","ping_status":"closed","template":"","meta":[],"product_brand":[],"product_cat":[112,94],"product_tag":[],"expert":[19],"class_list":{"0":"post-1103","1":"product","2":"type-product","3":"status-publish","4":"has-post-thumbnail","6":"product_cat-endometriose","7":"product_cat-pilule-combinee","8":"expert-dr-j-vazquez","10":"first","11":"instock","12":"shipping-taxable","13":"purchasable","14":"product-type-variable"},"yoast_head":"<!-- This site is optimized with the Yoast SEO plugin v27.0 - https:\/\/yoast.com\/product\/yoast-seo-wordpress\/ -->\n<title>Qlaira - Transtoyou - FR<\/title>\n<meta name=\"robots\" content=\"noindex, follow, max-snippet:-1, max-image-preview:large, max-video-preview:-1\" \/>\n<meta property=\"og:locale\" content=\"fr_FR\" \/>\n<meta property=\"og:type\" content=\"article\" \/>\n<meta property=\"og:title\" content=\"Qlaira - Transtoyou - FR\" \/>\n<meta property=\"og:description\" content=\"Aide \u00e0 r\u00e9guler le cycle menstruel  G\u00e8re les sympt\u00f4mes de l&#039;endom\u00e9triose  Th\u00e9rapie hormonale moderne \u00e0 faible dose\" \/>\n<meta property=\"og:url\" content=\"https:\/\/www.transtoyou.com\/fr\/product\/qlaira\/\" \/>\n<meta property=\"og:site_name\" content=\"Transtoyou - FR\" \/>\n<meta property=\"article:modified_time\" content=\"2026-03-03T09:44:18+00:00\" \/>\n<meta property=\"og:image\" content=\"https:\/\/www.transtoyou.com\/fr\/wp-content\/uploads\/sites\/5\/2026\/01\/tty-no-product-image-126.webp\" \/>\n\t<meta property=\"og:image:width\" content=\"1000\" \/>\n\t<meta property=\"og:image:height\" content=\"1000\" \/>\n\t<meta property=\"og:image:type\" content=\"image\/webp\" \/>\n<meta name=\"twitter:card\" content=\"summary_large_image\" \/>\n<meta name=\"twitter:label1\" content=\"Dur\u00e9e de lecture estim\u00e9e\" \/>\n\t<meta name=\"twitter:data1\" content=\"2 minutes\" \/>\n<script type=\"application\/ld+json\" class=\"yoast-schema-graph\">{\"@context\":\"https:\/\/schema.org\",\"@graph\":[{\"@type\":\"WebPage\",\"@id\":\"https:\/\/www.transtoyou.com\/fr\/product\/qlaira\/\",\"url\":\"https:\/\/www.transtoyou.com\/fr\/product\/qlaira\/\",\"name\":\"Qlaira - Transtoyou - FR\",\"isPartOf\":{\"@id\":\"https:\/\/www.transtoyou.com\/fr\/#website\"},\"primaryImageOfPage\":{\"@id\":\"https:\/\/www.transtoyou.com\/fr\/product\/qlaira\/#primaryimage\"},\"image\":{\"@id\":\"https:\/\/www.transtoyou.com\/fr\/product\/qlaira\/#primaryimage\"},\"thumbnailUrl\":\"https:\/\/www.transtoyou.com\/fr\/wp-content\/uploads\/sites\/5\/2026\/01\/tty-no-product-image-126.webp\",\"datePublished\":\"2026-01-24T23:28:47+00:00\",\"dateModified\":\"2026-03-03T09:44:18+00:00\",\"breadcrumb\":{\"@id\":\"https:\/\/www.transtoyou.com\/fr\/product\/qlaira\/#breadcrumb\"},\"inLanguage\":\"fr-FR\",\"potentialAction\":[{\"@type\":\"ReadAction\",\"target\":[\"https:\/\/www.transtoyou.com\/fr\/product\/qlaira\/\"]}]},{\"@type\":\"ImageObject\",\"inLanguage\":\"fr-FR\",\"@id\":\"https:\/\/www.transtoyou.com\/fr\/product\/qlaira\/#primaryimage\",\"url\":\"https:\/\/www.transtoyou.com\/fr\/wp-content\/uploads\/sites\/5\/2026\/01\/tty-no-product-image-126.webp\",\"contentUrl\":\"https:\/\/www.transtoyou.com\/fr\/wp-content\/uploads\/sites\/5\/2026\/01\/tty-no-product-image-126.webp\",\"width\":1000,\"height\":1000,\"caption\":\"Image produit par d\u00e9faut\"},{\"@type\":\"WebSite\",\"@id\":\"https:\/\/www.transtoyou.com\/fr\/#website\",\"url\":\"https:\/\/www.transtoyou.com\/fr\/\",\"name\":\"Transtoyou - FR\",\"description\":\"\",\"publisher\":{\"@id\":\"https:\/\/www.transtoyou.com\/fr\/#organization\"},\"potentialAction\":[{\"@type\":\"SearchAction\",\"target\":{\"@type\":\"EntryPoint\",\"urlTemplate\":\"https:\/\/www.transtoyou.com\/fr\/?s={search_term_string}\"},\"query-input\":{\"@type\":\"PropertyValueSpecification\",\"valueRequired\":true,\"valueName\":\"search_term_string\"}}],\"inLanguage\":\"fr-FR\"},{\"@type\":\"Organization\",\"@id\":\"https:\/\/www.transtoyou.com\/fr\/#organization\",\"name\":\"Transtoyou - FR\",\"url\":\"https:\/\/www.transtoyou.com\/fr\/\",\"logo\":{\"@type\":\"ImageObject\",\"inLanguage\":\"fr-FR\",\"@id\":\"https:\/\/www.transtoyou.com\/fr\/#\/schema\/logo\/image\/\",\"url\":\"https:\/\/www.transtoyou.com\/fr\/wp-content\/uploads\/sites\/5\/2026\/01\/logo-tty-menu-bar-300x87-1.webp\",\"contentUrl\":\"https:\/\/www.transtoyou.com\/fr\/wp-content\/uploads\/sites\/5\/2026\/01\/logo-tty-menu-bar-300x87-1.webp\",\"width\":300,\"height\":87,\"caption\":\"Transtoyou - FR\"},\"image\":{\"@id\":\"https:\/\/www.transtoyou.com\/fr\/#\/schema\/logo\/image\/\"}}]}<\/script>\n<!-- \/ Yoast SEO plugin. -->","yoast_head_json":{"title":"Qlaira - Transtoyou - FR","robots":{"index":"noindex","follow":"follow","max-snippet":"max-snippet:-1","max-image-preview":"max-image-preview:large","max-video-preview":"max-video-preview:-1"},"og_locale":"fr_FR","og_type":"article","og_title":"Qlaira - Transtoyou - FR","og_description":"Aide \u00e0 r\u00e9guler le cycle menstruel  G\u00e8re les sympt\u00f4mes de l'endom\u00e9triose  Th\u00e9rapie hormonale moderne \u00e0 faible dose","og_url":"https:\/\/www.transtoyou.com\/fr\/product\/qlaira\/","og_site_name":"Transtoyou - FR","article_modified_time":"2026-03-03T09:44:18+00:00","og_image":[{"width":1000,"height":1000,"url":"https:\/\/www.transtoyou.com\/fr\/wp-content\/uploads\/sites\/5\/2026\/01\/tty-no-product-image-126.webp","type":"image\/webp"}],"twitter_card":"summary_large_image","twitter_misc":{"Dur\u00e9e de lecture estim\u00e9e":"2 minutes"},"schema":{"@context":"https:\/\/schema.org","@graph":[{"@type":"WebPage","@id":"https:\/\/www.transtoyou.com\/fr\/product\/qlaira\/","url":"https:\/\/www.transtoyou.com\/fr\/product\/qlaira\/","name":"Qlaira - Transtoyou - FR","isPartOf":{"@id":"https:\/\/www.transtoyou.com\/fr\/#website"},"primaryImageOfPage":{"@id":"https:\/\/www.transtoyou.com\/fr\/product\/qlaira\/#primaryimage"},"image":{"@id":"https:\/\/www.transtoyou.com\/fr\/product\/qlaira\/#primaryimage"},"thumbnailUrl":"https:\/\/www.transtoyou.com\/fr\/wp-content\/uploads\/sites\/5\/2026\/01\/tty-no-product-image-126.webp","datePublished":"2026-01-24T23:28:47+00:00","dateModified":"2026-03-03T09:44:18+00:00","breadcrumb":{"@id":"https:\/\/www.transtoyou.com\/fr\/product\/qlaira\/#breadcrumb"},"inLanguage":"fr-FR","potentialAction":[{"@type":"ReadAction","target":["https:\/\/www.transtoyou.com\/fr\/product\/qlaira\/"]}]},{"@type":"ImageObject","inLanguage":"fr-FR","@id":"https:\/\/www.transtoyou.com\/fr\/product\/qlaira\/#primaryimage","url":"https:\/\/www.transtoyou.com\/fr\/wp-content\/uploads\/sites\/5\/2026\/01\/tty-no-product-image-126.webp","contentUrl":"https:\/\/www.transtoyou.com\/fr\/wp-content\/uploads\/sites\/5\/2026\/01\/tty-no-product-image-126.webp","width":1000,"height":1000,"caption":"Image produit par d\u00e9faut"},{"@type":"WebSite","@id":"https:\/\/www.transtoyou.com\/fr\/#website","url":"https:\/\/www.transtoyou.com\/fr\/","name":"Transtoyou - FR","description":"","publisher":{"@id":"https:\/\/www.transtoyou.com\/fr\/#organization"},"potentialAction":[{"@type":"SearchAction","target":{"@type":"EntryPoint","urlTemplate":"https:\/\/www.transtoyou.com\/fr\/?s={search_term_string}"},"query-input":{"@type":"PropertyValueSpecification","valueRequired":true,"valueName":"search_term_string"}}],"inLanguage":"fr-FR"},{"@type":"Organization","@id":"https:\/\/www.transtoyou.com\/fr\/#organization","name":"Transtoyou - FR","url":"https:\/\/www.transtoyou.com\/fr\/","logo":{"@type":"ImageObject","inLanguage":"fr-FR","@id":"https:\/\/www.transtoyou.com\/fr\/#\/schema\/logo\/image\/","url":"https:\/\/www.transtoyou.com\/fr\/wp-content\/uploads\/sites\/5\/2026\/01\/logo-tty-menu-bar-300x87-1.webp","contentUrl":"https:\/\/www.transtoyou.com\/fr\/wp-content\/uploads\/sites\/5\/2026\/01\/logo-tty-menu-bar-300x87-1.webp","width":300,"height":87,"caption":"Transtoyou - FR"},"image":{"@id":"https:\/\/www.transtoyou.com\/fr\/#\/schema\/logo\/image\/"}}]}},"_links":{"self":[{"href":"https:\/\/www.transtoyou.com\/fr\/wp-json\/wp\/v2\/product\/1103","targetHints":{"allow":["GET"]}}],"collection":[{"href":"https:\/\/www.transtoyou.com\/fr\/wp-json\/wp\/v2\/product"}],"about":[{"href":"https:\/\/www.transtoyou.com\/fr\/wp-json\/wp\/v2\/types\/product"}],"replies":[{"embeddable":true,"href":"https:\/\/www.transtoyou.com\/fr\/wp-json\/wp\/v2\/comments?post=1103"}],"wp:featuredmedia":[{"embeddable":true,"href":"https:\/\/www.transtoyou.com\/fr\/wp-json\/wp\/v2\/media\/1105"}],"wp:attachment":[{"href":"https:\/\/www.transtoyou.com\/fr\/wp-json\/wp\/v2\/media?parent=1103"}],"wp:term":[{"taxonomy":"product_brand","embeddable":true,"href":"https:\/\/www.transtoyou.com\/fr\/wp-json\/wp\/v2\/product_brand?post=1103"},{"taxonomy":"product_cat","embeddable":true,"href":"https:\/\/www.transtoyou.com\/fr\/wp-json\/wp\/v2\/product_cat?post=1103"},{"taxonomy":"product_tag","embeddable":true,"href":"https:\/\/www.transtoyou.com\/fr\/wp-json\/wp\/v2\/product_tag?post=1103"},{"taxonomy":"expert","embeddable":true,"href":"https:\/\/www.transtoyou.com\/fr\/wp-json\/wp\/v2\/expert?post=1103"}],"curies":[{"name":"wp","href":"https:\/\/api.w.org\/{rel}","templated":true}]}}