{"id":1143,"date":"2026-01-25T05:21:48","date_gmt":"2026-01-25T03:21:48","guid":{"rendered":"https:\/\/www.transtoyou.com\/fr\/product\/nystan\/"},"modified":"2026-02-28T13:32:54","modified_gmt":"2026-02-28T11:32:54","slug":"nystan","status":"publish","type":"product","link":"https:\/\/www.transtoyou.com\/fr\/product\/nystan\/","title":{"rendered":"Nystan"},"content":{"rendered":"<p>Nystan, contenant l&rsquo;ingr\u00e9dient actif nystatine, est un m\u00e9dicament antifongique utilis\u00e9 pour traiter les infections caus\u00e9es par Candida, un type de levure qui affecte couramment la peau et les muqueuses. Il est particuli\u00e8rement efficace pour g\u00e9rer les infections fongiques localis\u00e9es telles que le muguet buccal, la candidose intestinale et les infections vaginales \u00e0 levures.<\/p>\n<p>La nystatine agit en se liant \u00e0 la membrane cellulaire de la levure, cr\u00e9ant des trous qui provoquent la fuite du contenu cellulaire. Cette action cibl\u00e9e tue le champignon et emp\u00eache sa croissance, permettant aux tissus affect\u00e9s de gu\u00e9rir et aux sympt\u00f4mes de dispara\u00eetre. Comme elle agit uniquement dans la zone o\u00f9 elle est appliqu\u00e9e ou ing\u00e9r\u00e9e, la nystatine est consid\u00e9r\u00e9e comme un traitement localis\u00e9 et n&rsquo;est pas significativement absorb\u00e9e dans la circulation sanguine.<\/p>\n<p>Pour les infections vaginales, Nystan est utilis\u00e9 pour soulager les d\u00e9mangeaisons, l&rsquo;irritation et les pertes anormales associ\u00e9es au muguet vaginal.<\/p>\n<p>La nystatine est \u00e9galement utilis\u00e9e en suspension buccale ou en pastilles pour traiter les infections buccales \u00e0 Candida (muguet), en particulier chez les patients utilisant des st\u00e9ro\u00efdes inhal\u00e9s, portant des proth\u00e8ses dentaires ou ayant une immunit\u00e9 affaiblie. Lorsqu&rsquo;elle est prescrite pour la candidose intestinale, elle aide \u00e0 contr\u00f4ler la prolif\u00e9ration de levures dans le tractus digestif.<\/p>\n<p>Nystan est g\u00e9n\u00e9ralement bien tol\u00e9r\u00e9, les effets secondaires sont rares mais peuvent inclure un l\u00e9ger inconfort gastrointestinal ou une irritation locale.<\/p>\n","protected":false},"excerpt":{"rendered":"<ul>\n<li>Cible la prolif\u00e9ration locale de Candida<\/li>\n<li>Traitement antifongique doux et non syst\u00e9mique<\/li>\n<li>Soulage les muguets et les infections \u00e0 levures<\/li>\n<\/ul>\n","protected":false},"featured_media":1145,"comment_status":"open","ping_status":"closed","template":"","meta":[],"product_brand":[],"product_cat":[89,174],"product_tag":[],"expert":[16],"class_list":{"0":"post-1143","1":"product","2":"type-product","3":"status-publish","4":"has-post-thumbnail","6":"product_cat-candida","7":"product_cat-infections-vaginales-antifongiques","8":"expert-dr-c-alexandru","10":"first","11":"instock","12":"shipping-taxable","13":"product-type-variable"},"yoast_head":"<!-- This site is optimized with the Yoast SEO plugin v27.0 - https:\/\/yoast.com\/product\/yoast-seo-wordpress\/ -->\n<title>Nystan | Solution Antifongique Efficace - Transtoyou<\/title>\n<meta name=\"description\" content=\"Nystan traite les infections \u00e0 Candida comme le muguet et les mycoses vaginales. Achetez maintenant pour un soulagement efficace sur Transtoyou.\" \/>\n<meta name=\"robots\" content=\"noindex, follow, max-snippet:-1, max-image-preview:large, max-video-preview:-1\" \/>\n<meta property=\"og:locale\" content=\"fr_FR\" \/>\n<meta property=\"og:type\" content=\"article\" \/>\n<meta property=\"og:title\" content=\"Nystan | Solution Antifongique Efficace - Transtoyou\" \/>\n<meta property=\"og:description\" content=\"Nystan traite les infections \u00e0 Candida comme le muguet et les mycoses vaginales. Achetez maintenant pour un soulagement efficace sur Transtoyou.\" \/>\n<meta property=\"og:url\" content=\"https:\/\/www.transtoyou.com\/fr\/product\/nystan\/\" \/>\n<meta property=\"og:site_name\" content=\"Transtoyou - FR\" \/>\n<meta property=\"article:modified_time\" content=\"2026-02-28T11:32:54+00:00\" \/>\n<meta name=\"twitter:card\" content=\"summary_large_image\" \/>\n<meta name=\"twitter:label1\" content=\"Dur\u00e9e de lecture estim\u00e9e\" \/>\n\t<meta name=\"twitter:data1\" content=\"1 minute\" \/>\n<script type=\"application\/ld+json\" class=\"yoast-schema-graph\">{\"@context\":\"https:\/\/schema.org\",\"@graph\":[{\"@type\":\"WebPage\",\"@id\":\"https:\/\/www.transtoyou.com\/fr\/product\/nystan\/\",\"url\":\"https:\/\/www.transtoyou.com\/fr\/product\/nystan\/\",\"name\":\"Nystan | Solution Antifongique Efficace - Transtoyou\",\"isPartOf\":{\"@id\":\"https:\/\/www.transtoyou.com\/fr\/#website\"},\"primaryImageOfPage\":{\"@id\":\"https:\/\/www.transtoyou.com\/fr\/product\/nystan\/#primaryimage\"},\"image\":{\"@id\":\"https:\/\/www.transtoyou.com\/fr\/product\/nystan\/#primaryimage\"},\"thumbnailUrl\":\"https:\/\/www.transtoyou.com\/fr\/wp-content\/uploads\/sites\/5\/2026\/01\/tty-no-product-image-140.webp\",\"datePublished\":\"2026-01-25T03:21:48+00:00\",\"dateModified\":\"2026-02-28T11:32:54+00:00\",\"description\":\"Nystan traite les infections \u00e0 Candida comme le muguet et les mycoses vaginales. Achetez maintenant pour un soulagement efficace sur Transtoyou.\",\"breadcrumb\":{\"@id\":\"https:\/\/www.transtoyou.com\/fr\/product\/nystan\/#breadcrumb\"},\"inLanguage\":\"fr-FR\",\"potentialAction\":[{\"@type\":\"ReadAction\",\"target\":[\"https:\/\/www.transtoyou.com\/fr\/product\/nystan\/\"]}]},{\"@type\":\"ImageObject\",\"inLanguage\":\"fr-FR\",\"@id\":\"https:\/\/www.transtoyou.com\/fr\/product\/nystan\/#primaryimage\",\"url\":\"https:\/\/www.transtoyou.com\/fr\/wp-content\/uploads\/sites\/5\/2026\/01\/tty-no-product-image-140.webp\",\"contentUrl\":\"https:\/\/www.transtoyou.com\/fr\/wp-content\/uploads\/sites\/5\/2026\/01\/tty-no-product-image-140.webp\",\"width\":1000,\"height\":1000,\"caption\":\"Image produit par d\u00e9faut\"},{\"@type\":\"WebSite\",\"@id\":\"https:\/\/www.transtoyou.com\/fr\/#website\",\"url\":\"https:\/\/www.transtoyou.com\/fr\/\",\"name\":\"Transtoyou - FR\",\"description\":\"\",\"publisher\":{\"@id\":\"https:\/\/www.transtoyou.com\/fr\/#organization\"},\"potentialAction\":[{\"@type\":\"SearchAction\",\"target\":{\"@type\":\"EntryPoint\",\"urlTemplate\":\"https:\/\/www.transtoyou.com\/fr\/?s={search_term_string}\"},\"query-input\":{\"@type\":\"PropertyValueSpecification\",\"valueRequired\":true,\"valueName\":\"search_term_string\"}}],\"inLanguage\":\"fr-FR\"},{\"@type\":\"Organization\",\"@id\":\"https:\/\/www.transtoyou.com\/fr\/#organization\",\"name\":\"Transtoyou - FR\",\"url\":\"https:\/\/www.transtoyou.com\/fr\/\",\"logo\":{\"@type\":\"ImageObject\",\"inLanguage\":\"fr-FR\",\"@id\":\"https:\/\/www.transtoyou.com\/fr\/#\/schema\/logo\/image\/\",\"url\":\"https:\/\/www.transtoyou.com\/fr\/wp-content\/uploads\/sites\/5\/2026\/01\/logo-tty-menu-bar-300x87-1.webp\",\"contentUrl\":\"https:\/\/www.transtoyou.com\/fr\/wp-content\/uploads\/sites\/5\/2026\/01\/logo-tty-menu-bar-300x87-1.webp\",\"width\":300,\"height\":87,\"caption\":\"Transtoyou - FR\"},\"image\":{\"@id\":\"https:\/\/www.transtoyou.com\/fr\/#\/schema\/logo\/image\/\"}}]}<\/script>\n<!-- \/ Yoast SEO plugin. -->","yoast_head_json":{"title":"Nystan | Solution Antifongique Efficace - Transtoyou","description":"Nystan traite les infections \u00e0 Candida comme le muguet et les mycoses vaginales. Achetez maintenant pour un soulagement efficace sur Transtoyou.","robots":{"index":"noindex","follow":"follow","max-snippet":"max-snippet:-1","max-image-preview":"max-image-preview:large","max-video-preview":"max-video-preview:-1"},"og_locale":"fr_FR","og_type":"article","og_title":"Nystan | Solution Antifongique Efficace - Transtoyou","og_description":"Nystan traite les infections \u00e0 Candida comme le muguet et les mycoses vaginales. Achetez maintenant pour un soulagement efficace sur Transtoyou.","og_url":"https:\/\/www.transtoyou.com\/fr\/product\/nystan\/","og_site_name":"Transtoyou - FR","article_modified_time":"2026-02-28T11:32:54+00:00","twitter_card":"summary_large_image","twitter_misc":{"Dur\u00e9e de lecture estim\u00e9e":"1 minute"},"schema":{"@context":"https:\/\/schema.org","@graph":[{"@type":"WebPage","@id":"https:\/\/www.transtoyou.com\/fr\/product\/nystan\/","url":"https:\/\/www.transtoyou.com\/fr\/product\/nystan\/","name":"Nystan | Solution Antifongique Efficace - Transtoyou","isPartOf":{"@id":"https:\/\/www.transtoyou.com\/fr\/#website"},"primaryImageOfPage":{"@id":"https:\/\/www.transtoyou.com\/fr\/product\/nystan\/#primaryimage"},"image":{"@id":"https:\/\/www.transtoyou.com\/fr\/product\/nystan\/#primaryimage"},"thumbnailUrl":"https:\/\/www.transtoyou.com\/fr\/wp-content\/uploads\/sites\/5\/2026\/01\/tty-no-product-image-140.webp","datePublished":"2026-01-25T03:21:48+00:00","dateModified":"2026-02-28T11:32:54+00:00","description":"Nystan traite les infections \u00e0 Candida comme le muguet et les mycoses vaginales. Achetez maintenant pour un soulagement efficace sur Transtoyou.","breadcrumb":{"@id":"https:\/\/www.transtoyou.com\/fr\/product\/nystan\/#breadcrumb"},"inLanguage":"fr-FR","potentialAction":[{"@type":"ReadAction","target":["https:\/\/www.transtoyou.com\/fr\/product\/nystan\/"]}]},{"@type":"ImageObject","inLanguage":"fr-FR","@id":"https:\/\/www.transtoyou.com\/fr\/product\/nystan\/#primaryimage","url":"https:\/\/www.transtoyou.com\/fr\/wp-content\/uploads\/sites\/5\/2026\/01\/tty-no-product-image-140.webp","contentUrl":"https:\/\/www.transtoyou.com\/fr\/wp-content\/uploads\/sites\/5\/2026\/01\/tty-no-product-image-140.webp","width":1000,"height":1000,"caption":"Image produit par d\u00e9faut"},{"@type":"WebSite","@id":"https:\/\/www.transtoyou.com\/fr\/#website","url":"https:\/\/www.transtoyou.com\/fr\/","name":"Transtoyou - FR","description":"","publisher":{"@id":"https:\/\/www.transtoyou.com\/fr\/#organization"},"potentialAction":[{"@type":"SearchAction","target":{"@type":"EntryPoint","urlTemplate":"https:\/\/www.transtoyou.com\/fr\/?s={search_term_string}"},"query-input":{"@type":"PropertyValueSpecification","valueRequired":true,"valueName":"search_term_string"}}],"inLanguage":"fr-FR"},{"@type":"Organization","@id":"https:\/\/www.transtoyou.com\/fr\/#organization","name":"Transtoyou - FR","url":"https:\/\/www.transtoyou.com\/fr\/","logo":{"@type":"ImageObject","inLanguage":"fr-FR","@id":"https:\/\/www.transtoyou.com\/fr\/#\/schema\/logo\/image\/","url":"https:\/\/www.transtoyou.com\/fr\/wp-content\/uploads\/sites\/5\/2026\/01\/logo-tty-menu-bar-300x87-1.webp","contentUrl":"https:\/\/www.transtoyou.com\/fr\/wp-content\/uploads\/sites\/5\/2026\/01\/logo-tty-menu-bar-300x87-1.webp","width":300,"height":87,"caption":"Transtoyou - FR"},"image":{"@id":"https:\/\/www.transtoyou.com\/fr\/#\/schema\/logo\/image\/"}}]}},"_links":{"self":[{"href":"https:\/\/www.transtoyou.com\/fr\/wp-json\/wp\/v2\/product\/1143","targetHints":{"allow":["GET"]}}],"collection":[{"href":"https:\/\/www.transtoyou.com\/fr\/wp-json\/wp\/v2\/product"}],"about":[{"href":"https:\/\/www.transtoyou.com\/fr\/wp-json\/wp\/v2\/types\/product"}],"replies":[{"embeddable":true,"href":"https:\/\/www.transtoyou.com\/fr\/wp-json\/wp\/v2\/comments?post=1143"}],"wp:featuredmedia":[{"embeddable":true,"href":"https:\/\/www.transtoyou.com\/fr\/wp-json\/wp\/v2\/media\/1145"}],"wp:attachment":[{"href":"https:\/\/www.transtoyou.com\/fr\/wp-json\/wp\/v2\/media?parent=1143"}],"wp:term":[{"taxonomy":"product_brand","embeddable":true,"href":"https:\/\/www.transtoyou.com\/fr\/wp-json\/wp\/v2\/product_brand?post=1143"},{"taxonomy":"product_cat","embeddable":true,"href":"https:\/\/www.transtoyou.com\/fr\/wp-json\/wp\/v2\/product_cat?post=1143"},{"taxonomy":"product_tag","embeddable":true,"href":"https:\/\/www.transtoyou.com\/fr\/wp-json\/wp\/v2\/product_tag?post=1143"},{"taxonomy":"expert","embeddable":true,"href":"https:\/\/www.transtoyou.com\/fr\/wp-json\/wp\/v2\/expert?post=1143"}],"curies":[{"name":"wp","href":"https:\/\/api.w.org\/{rel}","templated":true}]}}