{"id":1149,"date":"2026-01-25T05:55:27","date_gmt":"2026-01-25T03:55:27","guid":{"rendered":"https:\/\/www.transtoyou.com\/fr\/product\/nitrofurantoin\/"},"modified":"2026-02-28T13:07:01","modified_gmt":"2026-02-28T11:07:01","slug":"nitrofurantoine","status":"publish","type":"product","link":"https:\/\/www.transtoyou.com\/fr\/product\/nitrofurantoine\/","title":{"rendered":"Nitrofuranto\u00efne"},"content":{"rendered":"<p>La nitrofuranto\u00efne est un antibiotique couramment prescrit pour traiter et pr\u00e9venir les infections des voies urinaires (IVU), en particulier celles touchant la vessie. Elle est particuli\u00e8rement efficace contre les bact\u00e9ries qui causent le plus souvent des infections urinaires basses, comme Escherichia coli (E. coli), et est largement utilis\u00e9e pour la cystite non compliqu\u00e9e chez les femmes.<\/p>\n<p>La nitrofuranto\u00efne agit en entrant dans l&rsquo;urine et en ciblant directement les bact\u00e9ries dans les voies urinaires. Elle perturbe le m\u00e9tabolisme bact\u00e9rien et endommage l&rsquo;ADN bact\u00e9rien, emp\u00eachant l&rsquo;infection de se propager et permettant au corps de l&rsquo;\u00e9liminer plus efficacement. Comme le m\u00e9dicament se concentre dans l&rsquo;urine, il est particuli\u00e8rement adapt\u00e9 aux infections limit\u00e9es aux voies urinaires basses.<\/p>\n<p>Il est g\u00e9n\u00e9ralement pris sous forme de comprim\u00e9s pendant une courte p\u00e9riode, g\u00e9n\u00e9ralement de trois \u00e0 sept jours. Dans certains cas, la nitrofuranto\u00efne peut \u00e9galement \u00eatre utilis\u00e9e \u00e0 faibles doses comme mesure pr\u00e9ventive \u00e0 long terme pour les personnes qui souffrent d&rsquo;IVU r\u00e9currentes.<\/p>\n<p>Des sympt\u00f4mes tels que des br\u00fblures lors de la miction, des envies fr\u00e9quentes d&rsquo;uriner et un inconfort abdominal inf\u00e9rieur commencent souvent \u00e0 s&rsquo;am\u00e9liorer dans les quelques jours suivant le d\u00e9but du traitement. Pour garantir une gu\u00e9rison compl\u00e8te et pr\u00e9venir la r\u00e9sistance, il est important de terminer le traitement prescrit, m\u00eame si les sympt\u00f4mes se r\u00e9solvent rapidement.<\/p>\n<p>La nitrofuranto\u00efne est g\u00e9n\u00e9ralement bien tol\u00e9r\u00e9e, avec des effets secondaires l\u00e9gers tels que des naus\u00e9es, des maux de t\u00eate ou des changements de couleur de l&rsquo;urine \u00e9tant les plus courants. Les effets secondaires graves sont rares mais peuvent survenir chez les personnes ayant des probl\u00e8mes r\u00e9naux ou celles prenant le m\u00e9dicament pendant de longues p\u00e9riodes.<\/p>\n<p>Elle n&rsquo;est pas adapt\u00e9e \u00e0 tout le monde, en particulier \u00e0 ceux ayant une fonction r\u00e9nale r\u00e9duite ou durant les derniers stades de la grossesse.<\/p>\n","protected":false},"excerpt":{"rendered":"<ul>\n<li>Traitements efficaces des infections urinaires<\/li>\n<li>Faible risque de r\u00e9sistance<\/li>\n<li>Action cibl\u00e9e avec des effets secondaires minimes<\/li>\n<\/ul>\n","protected":false},"featured_media":1151,"comment_status":"open","ping_status":"closed","template":"","meta":[],"product_brand":[],"product_cat":[86],"product_tag":[],"expert":[18],"class_list":{"0":"post-1149","1":"product","2":"type-product","3":"status-publish","4":"has-post-thumbnail","6":"product_cat-vessie-infections-urinaires","7":"expert-dr-g-varbanov","9":"first","10":"instock","11":"shipping-taxable","12":"product-type-variable"},"yoast_head":"<!-- This site is optimized with the Yoast SEO plugin v27.0 - https:\/\/yoast.com\/product\/yoast-seo-wordpress\/ -->\n<title>Nitrofuranto\u00efne | Solution Antibiotique Efficace contre les IST - Transtoyou<\/title>\n<meta name=\"description\" content=\"D\u00e9couvrez la Nitrofuranto\u00efne pour traiter efficacement les infections urinaires. Cible les bact\u00e9ries dans les voies urinaires. Disponible sur Transtoyou aujourd&#039;hui.\" \/>\n<meta name=\"robots\" content=\"noindex, follow, max-snippet:-1, max-image-preview:large, max-video-preview:-1\" \/>\n<meta property=\"og:locale\" content=\"fr_FR\" \/>\n<meta property=\"og:type\" content=\"article\" \/>\n<meta property=\"og:title\" content=\"Nitrofuranto\u00efne | Solution Antibiotique Efficace contre les IST - Transtoyou\" \/>\n<meta property=\"og:description\" content=\"D\u00e9couvrez la Nitrofuranto\u00efne pour traiter efficacement les infections urinaires. Cible les bact\u00e9ries dans les voies urinaires. Disponible sur Transtoyou aujourd&#039;hui.\" \/>\n<meta property=\"og:url\" content=\"https:\/\/www.transtoyou.com\/fr\/product\/nitrofurantoin\/\" \/>\n<meta property=\"og:site_name\" content=\"Transtoyou - FR\" \/>\n<meta property=\"article:modified_time\" content=\"2026-02-28T11:07:01+00:00\" \/>\n<meta name=\"twitter:card\" content=\"summary_large_image\" \/>\n<meta name=\"twitter:label1\" content=\"Dur\u00e9e de lecture estim\u00e9e\" \/>\n\t<meta name=\"twitter:data1\" content=\"2 minutes\" \/>\n<script type=\"application\/ld+json\" class=\"yoast-schema-graph\">{\"@context\":\"https:\/\/schema.org\",\"@graph\":[{\"@type\":\"WebPage\",\"@id\":\"https:\/\/www.transtoyou.com\/fr\/product\/nitrofurantoin\/\",\"url\":\"https:\/\/www.transtoyou.com\/fr\/product\/nitrofurantoin\/\",\"name\":\"Nitrofuranto\u00efne | Solution Antibiotique Efficace contre les IST - Transtoyou\",\"isPartOf\":{\"@id\":\"https:\/\/www.transtoyou.com\/fr\/#website\"},\"primaryImageOfPage\":{\"@id\":\"https:\/\/www.transtoyou.com\/fr\/product\/nitrofurantoin\/#primaryimage\"},\"image\":{\"@id\":\"https:\/\/www.transtoyou.com\/fr\/product\/nitrofurantoin\/#primaryimage\"},\"thumbnailUrl\":\"https:\/\/www.transtoyou.com\/fr\/wp-content\/uploads\/sites\/5\/2026\/01\/tty-no-product-image-142.webp\",\"datePublished\":\"2026-01-25T03:55:27+00:00\",\"dateModified\":\"2026-02-28T11:07:01+00:00\",\"description\":\"D\u00e9couvrez la Nitrofuranto\u00efne pour traiter efficacement les infections urinaires. Cible les bact\u00e9ries dans les voies urinaires. Disponible sur Transtoyou aujourd'hui.\",\"breadcrumb\":{\"@id\":\"https:\/\/www.transtoyou.com\/fr\/product\/nitrofurantoin\/#breadcrumb\"},\"inLanguage\":\"fr-FR\",\"potentialAction\":[{\"@type\":\"ReadAction\",\"target\":[\"https:\/\/www.transtoyou.com\/fr\/product\/nitrofurantoin\/\"]}]},{\"@type\":\"ImageObject\",\"inLanguage\":\"fr-FR\",\"@id\":\"https:\/\/www.transtoyou.com\/fr\/product\/nitrofurantoin\/#primaryimage\",\"url\":\"https:\/\/www.transtoyou.com\/fr\/wp-content\/uploads\/sites\/5\/2026\/01\/tty-no-product-image-142.webp\",\"contentUrl\":\"https:\/\/www.transtoyou.com\/fr\/wp-content\/uploads\/sites\/5\/2026\/01\/tty-no-product-image-142.webp\",\"width\":1000,\"height\":1000,\"caption\":\"Image produit par d\u00e9faut\"},{\"@type\":\"WebSite\",\"@id\":\"https:\/\/www.transtoyou.com\/fr\/#website\",\"url\":\"https:\/\/www.transtoyou.com\/fr\/\",\"name\":\"Transtoyou - FR\",\"description\":\"\",\"publisher\":{\"@id\":\"https:\/\/www.transtoyou.com\/fr\/#organization\"},\"potentialAction\":[{\"@type\":\"SearchAction\",\"target\":{\"@type\":\"EntryPoint\",\"urlTemplate\":\"https:\/\/www.transtoyou.com\/fr\/?s={search_term_string}\"},\"query-input\":{\"@type\":\"PropertyValueSpecification\",\"valueRequired\":true,\"valueName\":\"search_term_string\"}}],\"inLanguage\":\"fr-FR\"},{\"@type\":\"Organization\",\"@id\":\"https:\/\/www.transtoyou.com\/fr\/#organization\",\"name\":\"Transtoyou - FR\",\"url\":\"https:\/\/www.transtoyou.com\/fr\/\",\"logo\":{\"@type\":\"ImageObject\",\"inLanguage\":\"fr-FR\",\"@id\":\"https:\/\/www.transtoyou.com\/fr\/#\/schema\/logo\/image\/\",\"url\":\"https:\/\/www.transtoyou.com\/fr\/wp-content\/uploads\/sites\/5\/2026\/01\/logo-tty-menu-bar-300x87-1.webp\",\"contentUrl\":\"https:\/\/www.transtoyou.com\/fr\/wp-content\/uploads\/sites\/5\/2026\/01\/logo-tty-menu-bar-300x87-1.webp\",\"width\":300,\"height\":87,\"caption\":\"Transtoyou - FR\"},\"image\":{\"@id\":\"https:\/\/www.transtoyou.com\/fr\/#\/schema\/logo\/image\/\"}}]}<\/script>\n<!-- \/ Yoast SEO plugin. -->","yoast_head_json":{"title":"Nitrofuranto\u00efne | Solution Antibiotique Efficace contre les IST - Transtoyou","description":"D\u00e9couvrez la Nitrofuranto\u00efne pour traiter efficacement les infections urinaires. Cible les bact\u00e9ries dans les voies urinaires. Disponible sur Transtoyou aujourd'hui.","robots":{"index":"noindex","follow":"follow","max-snippet":"max-snippet:-1","max-image-preview":"max-image-preview:large","max-video-preview":"max-video-preview:-1"},"og_locale":"fr_FR","og_type":"article","og_title":"Nitrofuranto\u00efne | Solution Antibiotique Efficace contre les IST - Transtoyou","og_description":"D\u00e9couvrez la Nitrofuranto\u00efne pour traiter efficacement les infections urinaires. Cible les bact\u00e9ries dans les voies urinaires. Disponible sur Transtoyou aujourd'hui.","og_url":"https:\/\/www.transtoyou.com\/fr\/product\/nitrofurantoin\/","og_site_name":"Transtoyou - FR","article_modified_time":"2026-02-28T11:07:01+00:00","twitter_card":"summary_large_image","twitter_misc":{"Dur\u00e9e de lecture estim\u00e9e":"2 minutes"},"schema":{"@context":"https:\/\/schema.org","@graph":[{"@type":"WebPage","@id":"https:\/\/www.transtoyou.com\/fr\/product\/nitrofurantoin\/","url":"https:\/\/www.transtoyou.com\/fr\/product\/nitrofurantoin\/","name":"Nitrofuranto\u00efne | Solution Antibiotique Efficace contre les IST - Transtoyou","isPartOf":{"@id":"https:\/\/www.transtoyou.com\/fr\/#website"},"primaryImageOfPage":{"@id":"https:\/\/www.transtoyou.com\/fr\/product\/nitrofurantoin\/#primaryimage"},"image":{"@id":"https:\/\/www.transtoyou.com\/fr\/product\/nitrofurantoin\/#primaryimage"},"thumbnailUrl":"https:\/\/www.transtoyou.com\/fr\/wp-content\/uploads\/sites\/5\/2026\/01\/tty-no-product-image-142.webp","datePublished":"2026-01-25T03:55:27+00:00","dateModified":"2026-02-28T11:07:01+00:00","description":"D\u00e9couvrez la Nitrofuranto\u00efne pour traiter efficacement les infections urinaires. Cible les bact\u00e9ries dans les voies urinaires. Disponible sur Transtoyou aujourd'hui.","breadcrumb":{"@id":"https:\/\/www.transtoyou.com\/fr\/product\/nitrofurantoin\/#breadcrumb"},"inLanguage":"fr-FR","potentialAction":[{"@type":"ReadAction","target":["https:\/\/www.transtoyou.com\/fr\/product\/nitrofurantoin\/"]}]},{"@type":"ImageObject","inLanguage":"fr-FR","@id":"https:\/\/www.transtoyou.com\/fr\/product\/nitrofurantoin\/#primaryimage","url":"https:\/\/www.transtoyou.com\/fr\/wp-content\/uploads\/sites\/5\/2026\/01\/tty-no-product-image-142.webp","contentUrl":"https:\/\/www.transtoyou.com\/fr\/wp-content\/uploads\/sites\/5\/2026\/01\/tty-no-product-image-142.webp","width":1000,"height":1000,"caption":"Image produit par d\u00e9faut"},{"@type":"WebSite","@id":"https:\/\/www.transtoyou.com\/fr\/#website","url":"https:\/\/www.transtoyou.com\/fr\/","name":"Transtoyou - FR","description":"","publisher":{"@id":"https:\/\/www.transtoyou.com\/fr\/#organization"},"potentialAction":[{"@type":"SearchAction","target":{"@type":"EntryPoint","urlTemplate":"https:\/\/www.transtoyou.com\/fr\/?s={search_term_string}"},"query-input":{"@type":"PropertyValueSpecification","valueRequired":true,"valueName":"search_term_string"}}],"inLanguage":"fr-FR"},{"@type":"Organization","@id":"https:\/\/www.transtoyou.com\/fr\/#organization","name":"Transtoyou - FR","url":"https:\/\/www.transtoyou.com\/fr\/","logo":{"@type":"ImageObject","inLanguage":"fr-FR","@id":"https:\/\/www.transtoyou.com\/fr\/#\/schema\/logo\/image\/","url":"https:\/\/www.transtoyou.com\/fr\/wp-content\/uploads\/sites\/5\/2026\/01\/logo-tty-menu-bar-300x87-1.webp","contentUrl":"https:\/\/www.transtoyou.com\/fr\/wp-content\/uploads\/sites\/5\/2026\/01\/logo-tty-menu-bar-300x87-1.webp","width":300,"height":87,"caption":"Transtoyou - FR"},"image":{"@id":"https:\/\/www.transtoyou.com\/fr\/#\/schema\/logo\/image\/"}}]}},"_links":{"self":[{"href":"https:\/\/www.transtoyou.com\/fr\/wp-json\/wp\/v2\/product\/1149","targetHints":{"allow":["GET"]}}],"collection":[{"href":"https:\/\/www.transtoyou.com\/fr\/wp-json\/wp\/v2\/product"}],"about":[{"href":"https:\/\/www.transtoyou.com\/fr\/wp-json\/wp\/v2\/types\/product"}],"replies":[{"embeddable":true,"href":"https:\/\/www.transtoyou.com\/fr\/wp-json\/wp\/v2\/comments?post=1149"}],"wp:featuredmedia":[{"embeddable":true,"href":"https:\/\/www.transtoyou.com\/fr\/wp-json\/wp\/v2\/media\/1151"}],"wp:attachment":[{"href":"https:\/\/www.transtoyou.com\/fr\/wp-json\/wp\/v2\/media?parent=1149"}],"wp:term":[{"taxonomy":"product_brand","embeddable":true,"href":"https:\/\/www.transtoyou.com\/fr\/wp-json\/wp\/v2\/product_brand?post=1149"},{"taxonomy":"product_cat","embeddable":true,"href":"https:\/\/www.transtoyou.com\/fr\/wp-json\/wp\/v2\/product_cat?post=1149"},{"taxonomy":"product_tag","embeddable":true,"href":"https:\/\/www.transtoyou.com\/fr\/wp-json\/wp\/v2\/product_tag?post=1149"},{"taxonomy":"expert","embeddable":true,"href":"https:\/\/www.transtoyou.com\/fr\/wp-json\/wp\/v2\/expert?post=1149"}],"curies":[{"name":"wp","href":"https:\/\/api.w.org\/{rel}","templated":true}]}}