{"id":1155,"date":"2026-01-25T06:31:18","date_gmt":"2026-01-25T04:31:18","guid":{"rendered":"https:\/\/www.transtoyou.com\/fr\/product\/fosfomycin\/"},"modified":"2026-02-17T14:18:59","modified_gmt":"2026-02-17T12:18:59","slug":"fosfomycine","status":"publish","type":"product","link":"https:\/\/www.transtoyou.com\/fr\/product\/fosfomycine\/","title":{"rendered":"Fosfomycine"},"content":{"rendered":"<p>La fosfomycine est un antibiotique utilis\u00e9 pour traiter les infections urinaires non compliqu\u00e9es (IU), en particulier celles touchant la vessie. Elle est souvent prescrite comme traitement en dose unique, ce qui en fait une option pratique et efficace pour g\u00e9rer les infections des voies urinaires inf\u00e9rieures caus\u00e9es par des bact\u00e9ries sensibles, telles que Escherichia coli.<\/p>\n<p>La fosfomycine agit en interf\u00e9rant avec la paroi cellulaire bact\u00e9rienne, stoppant ainsi la croissance et la propagation des bact\u00e9ries responsables de l&rsquo;infection. Cette action aide \u00e0 soulager les sympt\u00f4mes courants des IU, tels que des douleurs lors de la miction, des envies fr\u00e9quentes d&rsquo;uriner, un inconfort abdominal inf\u00e9rieur et une urine trouble ou \u00e0 forte odeur.<\/p>\n<p>L&rsquo;une des formes les plus courantes de fosfomycine est un sachet de granul\u00e9s dissous dans l&rsquo;eau et pris comme une dose orale unique. Ce traitement en dose unique est particuli\u00e8rement attrayant pour les patients \u00e0 la recherche d&rsquo;une option simple et \u00e0 action rapide sans avoir besoin d&rsquo;un traitement antibiotique de plusieurs jours. Dans les heures suivant la prise de la dose, de nombreux patients commencent \u00e0 ressentir un soulagement des sympt\u00f4mes.<\/p>\n<p>La fosfomycine est souvent recommand\u00e9e lorsque les antibiotiques de premi\u00e8re ligne ne sont pas adapt\u00e9s, ou lorsque la r\u00e9sistance \u00e0 d&rsquo;autres m\u00e9dicaments est suspect\u00e9e ou confirm\u00e9e. Les effets secondaires sont g\u00e9n\u00e9ralement l\u00e9gers et de courte dur\u00e9e. Ils peuvent inclure des maux de t\u00eate, des naus\u00e9es, de la diarrh\u00e9e ou une irritation vaginale.<\/p>\n","protected":false},"excerpt":{"rendered":"<ul>\n<li>Infections urinaires simples (par exemple, cystite)<\/li>\n<li>Infections urinaires compliqu\u00e9es, y compris la py\u00e9lon\u00e9phrite aigu\u00eb<\/li>\n<li>Prophylaxie des infections urinaires avant les interventions chirurgicales<\/li>\n<\/ul>\n","protected":false},"featured_media":1157,"comment_status":"open","ping_status":"closed","template":"","meta":[],"product_brand":[],"product_cat":[79,86],"product_tag":[],"expert":[18],"class_list":{"0":"post-1155","1":"product","2":"type-product","3":"status-publish","4":"has-post-thumbnail","6":"product_cat-antibiotiques-infection","7":"product_cat-vessie-infections-urinaires","8":"expert-dr-g-varbanov","10":"first","11":"instock","12":"shipping-taxable","13":"product-type-variable"},"yoast_head":"<!-- This site is optimized with the Yoast SEO plugin v27.0 - https:\/\/yoast.com\/product\/yoast-seo-wordpress\/ -->\n<title>Fosfomycine | Soulagement Efficace des ITU - Transtoyou<\/title>\n<meta name=\"description\" content=\"Fosfomycine pour les infections urinaires, disponible sur Transtoyou. Traitement antibiotique en dose unique pratique. Achetez maintenant pour un soulagement efficace.\" \/>\n<meta name=\"robots\" content=\"noindex, follow, max-snippet:-1, max-image-preview:large, max-video-preview:-1\" \/>\n<meta property=\"og:locale\" content=\"fr_FR\" \/>\n<meta property=\"og:type\" content=\"article\" \/>\n<meta property=\"og:title\" content=\"Fosfomycine | Soulagement Efficace des ITU - Transtoyou\" \/>\n<meta property=\"og:description\" content=\"Fosfomycine pour les infections urinaires, disponible sur Transtoyou. Traitement antibiotique en dose unique pratique. Achetez maintenant pour un soulagement efficace.\" \/>\n<meta property=\"og:url\" content=\"https:\/\/www.transtoyou.com\/fr\/product\/fosfomycin\/\" \/>\n<meta property=\"og:site_name\" content=\"Transtoyou - FR\" \/>\n<meta property=\"article:modified_time\" content=\"2026-02-17T12:18:59+00:00\" \/>\n<meta name=\"twitter:card\" content=\"summary_large_image\" \/>\n<meta name=\"twitter:label1\" content=\"Dur\u00e9e de lecture estim\u00e9e\" \/>\n\t<meta name=\"twitter:data1\" content=\"1 minute\" \/>\n<script type=\"application\/ld+json\" class=\"yoast-schema-graph\">{\"@context\":\"https:\/\/schema.org\",\"@graph\":[{\"@type\":\"WebPage\",\"@id\":\"https:\/\/www.transtoyou.com\/fr\/product\/fosfomycin\/\",\"url\":\"https:\/\/www.transtoyou.com\/fr\/product\/fosfomycin\/\",\"name\":\"Fosfomycine | Soulagement Efficace des ITU - Transtoyou\",\"isPartOf\":{\"@id\":\"https:\/\/www.transtoyou.com\/fr\/#website\"},\"primaryImageOfPage\":{\"@id\":\"https:\/\/www.transtoyou.com\/fr\/product\/fosfomycin\/#primaryimage\"},\"image\":{\"@id\":\"https:\/\/www.transtoyou.com\/fr\/product\/fosfomycin\/#primaryimage\"},\"thumbnailUrl\":\"https:\/\/www.transtoyou.com\/fr\/wp-content\/uploads\/sites\/5\/2026\/01\/tty-no-product-image-144.webp\",\"datePublished\":\"2026-01-25T04:31:18+00:00\",\"dateModified\":\"2026-02-17T12:18:59+00:00\",\"description\":\"Fosfomycine pour les infections urinaires, disponible sur Transtoyou. Traitement antibiotique en dose unique pratique. Achetez maintenant pour un soulagement efficace.\",\"breadcrumb\":{\"@id\":\"https:\/\/www.transtoyou.com\/fr\/product\/fosfomycin\/#breadcrumb\"},\"inLanguage\":\"fr-FR\",\"potentialAction\":[{\"@type\":\"ReadAction\",\"target\":[\"https:\/\/www.transtoyou.com\/fr\/product\/fosfomycin\/\"]}]},{\"@type\":\"ImageObject\",\"inLanguage\":\"fr-FR\",\"@id\":\"https:\/\/www.transtoyou.com\/fr\/product\/fosfomycin\/#primaryimage\",\"url\":\"https:\/\/www.transtoyou.com\/fr\/wp-content\/uploads\/sites\/5\/2026\/01\/tty-no-product-image-144.webp\",\"contentUrl\":\"https:\/\/www.transtoyou.com\/fr\/wp-content\/uploads\/sites\/5\/2026\/01\/tty-no-product-image-144.webp\",\"width\":1000,\"height\":1000,\"caption\":\"Image produit par d\u00e9faut\"},{\"@type\":\"WebSite\",\"@id\":\"https:\/\/www.transtoyou.com\/fr\/#website\",\"url\":\"https:\/\/www.transtoyou.com\/fr\/\",\"name\":\"Transtoyou - FR\",\"description\":\"\",\"publisher\":{\"@id\":\"https:\/\/www.transtoyou.com\/fr\/#organization\"},\"potentialAction\":[{\"@type\":\"SearchAction\",\"target\":{\"@type\":\"EntryPoint\",\"urlTemplate\":\"https:\/\/www.transtoyou.com\/fr\/?s={search_term_string}\"},\"query-input\":{\"@type\":\"PropertyValueSpecification\",\"valueRequired\":true,\"valueName\":\"search_term_string\"}}],\"inLanguage\":\"fr-FR\"},{\"@type\":\"Organization\",\"@id\":\"https:\/\/www.transtoyou.com\/fr\/#organization\",\"name\":\"Transtoyou - FR\",\"url\":\"https:\/\/www.transtoyou.com\/fr\/\",\"logo\":{\"@type\":\"ImageObject\",\"inLanguage\":\"fr-FR\",\"@id\":\"https:\/\/www.transtoyou.com\/fr\/#\/schema\/logo\/image\/\",\"url\":\"https:\/\/www.transtoyou.com\/fr\/wp-content\/uploads\/sites\/5\/2026\/01\/logo-tty-menu-bar-300x87-1.webp\",\"contentUrl\":\"https:\/\/www.transtoyou.com\/fr\/wp-content\/uploads\/sites\/5\/2026\/01\/logo-tty-menu-bar-300x87-1.webp\",\"width\":300,\"height\":87,\"caption\":\"Transtoyou - FR\"},\"image\":{\"@id\":\"https:\/\/www.transtoyou.com\/fr\/#\/schema\/logo\/image\/\"}}]}<\/script>\n<!-- \/ Yoast SEO plugin. -->","yoast_head_json":{"title":"Fosfomycine | Soulagement Efficace des ITU - Transtoyou","description":"Fosfomycine pour les infections urinaires, disponible sur Transtoyou. Traitement antibiotique en dose unique pratique. Achetez maintenant pour un soulagement efficace.","robots":{"index":"noindex","follow":"follow","max-snippet":"max-snippet:-1","max-image-preview":"max-image-preview:large","max-video-preview":"max-video-preview:-1"},"og_locale":"fr_FR","og_type":"article","og_title":"Fosfomycine | Soulagement Efficace des ITU - Transtoyou","og_description":"Fosfomycine pour les infections urinaires, disponible sur Transtoyou. Traitement antibiotique en dose unique pratique. Achetez maintenant pour un soulagement efficace.","og_url":"https:\/\/www.transtoyou.com\/fr\/product\/fosfomycin\/","og_site_name":"Transtoyou - FR","article_modified_time":"2026-02-17T12:18:59+00:00","twitter_card":"summary_large_image","twitter_misc":{"Dur\u00e9e de lecture estim\u00e9e":"1 minute"},"schema":{"@context":"https:\/\/schema.org","@graph":[{"@type":"WebPage","@id":"https:\/\/www.transtoyou.com\/fr\/product\/fosfomycin\/","url":"https:\/\/www.transtoyou.com\/fr\/product\/fosfomycin\/","name":"Fosfomycine | Soulagement Efficace des ITU - Transtoyou","isPartOf":{"@id":"https:\/\/www.transtoyou.com\/fr\/#website"},"primaryImageOfPage":{"@id":"https:\/\/www.transtoyou.com\/fr\/product\/fosfomycin\/#primaryimage"},"image":{"@id":"https:\/\/www.transtoyou.com\/fr\/product\/fosfomycin\/#primaryimage"},"thumbnailUrl":"https:\/\/www.transtoyou.com\/fr\/wp-content\/uploads\/sites\/5\/2026\/01\/tty-no-product-image-144.webp","datePublished":"2026-01-25T04:31:18+00:00","dateModified":"2026-02-17T12:18:59+00:00","description":"Fosfomycine pour les infections urinaires, disponible sur Transtoyou. Traitement antibiotique en dose unique pratique. Achetez maintenant pour un soulagement efficace.","breadcrumb":{"@id":"https:\/\/www.transtoyou.com\/fr\/product\/fosfomycin\/#breadcrumb"},"inLanguage":"fr-FR","potentialAction":[{"@type":"ReadAction","target":["https:\/\/www.transtoyou.com\/fr\/product\/fosfomycin\/"]}]},{"@type":"ImageObject","inLanguage":"fr-FR","@id":"https:\/\/www.transtoyou.com\/fr\/product\/fosfomycin\/#primaryimage","url":"https:\/\/www.transtoyou.com\/fr\/wp-content\/uploads\/sites\/5\/2026\/01\/tty-no-product-image-144.webp","contentUrl":"https:\/\/www.transtoyou.com\/fr\/wp-content\/uploads\/sites\/5\/2026\/01\/tty-no-product-image-144.webp","width":1000,"height":1000,"caption":"Image produit par d\u00e9faut"},{"@type":"WebSite","@id":"https:\/\/www.transtoyou.com\/fr\/#website","url":"https:\/\/www.transtoyou.com\/fr\/","name":"Transtoyou - FR","description":"","publisher":{"@id":"https:\/\/www.transtoyou.com\/fr\/#organization"},"potentialAction":[{"@type":"SearchAction","target":{"@type":"EntryPoint","urlTemplate":"https:\/\/www.transtoyou.com\/fr\/?s={search_term_string}"},"query-input":{"@type":"PropertyValueSpecification","valueRequired":true,"valueName":"search_term_string"}}],"inLanguage":"fr-FR"},{"@type":"Organization","@id":"https:\/\/www.transtoyou.com\/fr\/#organization","name":"Transtoyou - FR","url":"https:\/\/www.transtoyou.com\/fr\/","logo":{"@type":"ImageObject","inLanguage":"fr-FR","@id":"https:\/\/www.transtoyou.com\/fr\/#\/schema\/logo\/image\/","url":"https:\/\/www.transtoyou.com\/fr\/wp-content\/uploads\/sites\/5\/2026\/01\/logo-tty-menu-bar-300x87-1.webp","contentUrl":"https:\/\/www.transtoyou.com\/fr\/wp-content\/uploads\/sites\/5\/2026\/01\/logo-tty-menu-bar-300x87-1.webp","width":300,"height":87,"caption":"Transtoyou - FR"},"image":{"@id":"https:\/\/www.transtoyou.com\/fr\/#\/schema\/logo\/image\/"}}]}},"_links":{"self":[{"href":"https:\/\/www.transtoyou.com\/fr\/wp-json\/wp\/v2\/product\/1155","targetHints":{"allow":["GET"]}}],"collection":[{"href":"https:\/\/www.transtoyou.com\/fr\/wp-json\/wp\/v2\/product"}],"about":[{"href":"https:\/\/www.transtoyou.com\/fr\/wp-json\/wp\/v2\/types\/product"}],"replies":[{"embeddable":true,"href":"https:\/\/www.transtoyou.com\/fr\/wp-json\/wp\/v2\/comments?post=1155"}],"wp:featuredmedia":[{"embeddable":true,"href":"https:\/\/www.transtoyou.com\/fr\/wp-json\/wp\/v2\/media\/1157"}],"wp:attachment":[{"href":"https:\/\/www.transtoyou.com\/fr\/wp-json\/wp\/v2\/media?parent=1155"}],"wp:term":[{"taxonomy":"product_brand","embeddable":true,"href":"https:\/\/www.transtoyou.com\/fr\/wp-json\/wp\/v2\/product_brand?post=1155"},{"taxonomy":"product_cat","embeddable":true,"href":"https:\/\/www.transtoyou.com\/fr\/wp-json\/wp\/v2\/product_cat?post=1155"},{"taxonomy":"product_tag","embeddable":true,"href":"https:\/\/www.transtoyou.com\/fr\/wp-json\/wp\/v2\/product_tag?post=1155"},{"taxonomy":"expert","embeddable":true,"href":"https:\/\/www.transtoyou.com\/fr\/wp-json\/wp\/v2\/expert?post=1155"}],"curies":[{"name":"wp","href":"https:\/\/api.w.org\/{rel}","templated":true}]}}