{"id":1164,"date":"2026-01-25T07:24:54","date_gmt":"2026-01-25T05:24:54","guid":{"rendered":"https:\/\/www.transtoyou.com\/fr\/product\/relvar\/"},"modified":"2026-03-03T13:11:38","modified_gmt":"2026-03-03T11:11:38","slug":"relvar","status":"publish","type":"product","link":"https:\/\/www.transtoyou.com\/fr\/product\/relvar\/","title":{"rendered":"Relvar"},"content":{"rendered":"<p>G\u00e9rer des affections respiratoires chroniques peut \u00eatre difficile, mais Relvar offre une solution pratique et efficace pour les patients asthmatiques et atteints de BPCO. Cet inhalateur combin\u00e9 permet un contr\u00f4le \u00e0 long terme des sympt\u00f4mes, aidant les individus \u00e0 respirer plus facilement et \u00e0 maintenir une meilleure qualit\u00e9 de vie.<\/p>\n<p>Relvar contient deux ingr\u00e9dients actifs : le furoate de fluticasone, un corticost\u00e9ro\u00efde qui r\u00e9duit l&rsquo;inflammation des voies respiratoires, et le vilant\u00e9rol, un b\u00eata-agoniste \u00e0 action prolong\u00e9e qui aide \u00e0 garder les voies respiratoires ouvertes. En agissant ensemble, ces composants fournissent un soutien respiratoire de 24 heures avec une seule dose quotidienne.<\/p>\n<p>Contrairement aux inhalateurs de secours, Relvar est con\u00e7u pour un usage constant et \u00e0 long terme dans le cadre d&rsquo;un plan de traitement d&rsquo;entretien. Il aide \u00e0 pr\u00e9venir les exacerbations, am\u00e9liore la fonction pulmonaire et r\u00e9duit le besoin de m\u00e9dicaments de secours.<\/p>\n<p>Bien qu&rsquo;il soit g\u00e9n\u00e9ralement bien tol\u00e9r\u00e9, certaines personnes peuvent ressentir des effets secondaires l\u00e9gers tels qu&rsquo;une irritation de la gorge, une voix rauque ou des infections fongiques dans la bouche, qui peuvent \u00eatre minimis\u00e9s en se rin\u00e7ant la bouche apr\u00e8s utilisation. Relvar doit toujours \u00eatre utilis\u00e9 sous surveillance m\u00e9dicale pour garantir une gestion appropri\u00e9e des affections respiratoires.<\/p>\n","protected":false},"excerpt":{"rendered":"<ul>\n<li>Assure un contr\u00f4le de l&rsquo;asthme et de la BPCO 24 heures sur 24.<\/li>\n<li>R\u00e9duit l&rsquo;inflammation et maintient les voies respiratoires ouvertes.<\/li>\n<li>Posologie pratique une fois par jour.<\/li>\n<\/ul>\n","protected":false},"featured_media":1166,"comment_status":"open","ping_status":"closed","template":"","meta":[],"product_brand":[],"product_cat":[80,98],"product_tag":[],"expert":[16],"class_list":{"0":"post-1164","1":"product","2":"type-product","3":"status-publish","4":"has-post-thumbnail","6":"product_cat-asthme","7":"product_cat-bpco","8":"expert-dr-c-alexandru","10":"first","11":"instock","12":"shipping-taxable","13":"product-type-variable"},"yoast_head":"<!-- This site is optimized with the Yoast SEO plugin v27.0 - https:\/\/yoast.com\/product\/yoast-seo-wordpress\/ -->\n<title>Relvar | Respirez plus facilement avec un soutien 24\/7 - Transtoyou<\/title>\n<meta name=\"description\" content=\"Relvar : G\u00e9rez l&#039;asthme et la BPCO facilement avec une dose quotidienne. Disponible sur Transtoyou. Achetez maintenant pour un soutien respiratoire.\" \/>\n<meta name=\"robots\" content=\"noindex, follow, max-snippet:-1, max-image-preview:large, max-video-preview:-1\" \/>\n<meta property=\"og:locale\" content=\"fr_FR\" \/>\n<meta property=\"og:type\" content=\"article\" \/>\n<meta property=\"og:title\" content=\"Relvar | Respirez plus facilement avec un soutien 24\/7 - Transtoyou\" \/>\n<meta property=\"og:description\" content=\"Relvar : G\u00e9rez l&#039;asthme et la BPCO facilement avec une dose quotidienne. Disponible sur Transtoyou. Achetez maintenant pour un soutien respiratoire.\" \/>\n<meta property=\"og:url\" content=\"https:\/\/www.transtoyou.com\/fr\/product\/relvar\/\" \/>\n<meta property=\"og:site_name\" content=\"Transtoyou - FR\" \/>\n<meta property=\"article:modified_time\" content=\"2026-03-03T11:11:38+00:00\" \/>\n<meta name=\"twitter:card\" content=\"summary_large_image\" \/>\n<meta name=\"twitter:label1\" content=\"Dur\u00e9e de lecture estim\u00e9e\" \/>\n\t<meta name=\"twitter:data1\" content=\"1 minute\" \/>\n<script type=\"application\/ld+json\" class=\"yoast-schema-graph\">{\"@context\":\"https:\/\/schema.org\",\"@graph\":[{\"@type\":\"WebPage\",\"@id\":\"https:\/\/www.transtoyou.com\/fr\/product\/relvar\/\",\"url\":\"https:\/\/www.transtoyou.com\/fr\/product\/relvar\/\",\"name\":\"Relvar | Respirez plus facilement avec un soutien 24\/7 - Transtoyou\",\"isPartOf\":{\"@id\":\"https:\/\/www.transtoyou.com\/fr\/#website\"},\"primaryImageOfPage\":{\"@id\":\"https:\/\/www.transtoyou.com\/fr\/product\/relvar\/#primaryimage\"},\"image\":{\"@id\":\"https:\/\/www.transtoyou.com\/fr\/product\/relvar\/#primaryimage\"},\"thumbnailUrl\":\"https:\/\/www.transtoyou.com\/fr\/wp-content\/uploads\/sites\/5\/2026\/01\/tty-no-product-image-147.webp\",\"datePublished\":\"2026-01-25T05:24:54+00:00\",\"dateModified\":\"2026-03-03T11:11:38+00:00\",\"description\":\"Relvar : G\u00e9rez l'asthme et la BPCO facilement avec une dose quotidienne. Disponible sur Transtoyou. Achetez maintenant pour un soutien respiratoire.\",\"breadcrumb\":{\"@id\":\"https:\/\/www.transtoyou.com\/fr\/product\/relvar\/#breadcrumb\"},\"inLanguage\":\"fr-FR\",\"potentialAction\":[{\"@type\":\"ReadAction\",\"target\":[\"https:\/\/www.transtoyou.com\/fr\/product\/relvar\/\"]}]},{\"@type\":\"ImageObject\",\"inLanguage\":\"fr-FR\",\"@id\":\"https:\/\/www.transtoyou.com\/fr\/product\/relvar\/#primaryimage\",\"url\":\"https:\/\/www.transtoyou.com\/fr\/wp-content\/uploads\/sites\/5\/2026\/01\/tty-no-product-image-147.webp\",\"contentUrl\":\"https:\/\/www.transtoyou.com\/fr\/wp-content\/uploads\/sites\/5\/2026\/01\/tty-no-product-image-147.webp\",\"width\":1000,\"height\":1000,\"caption\":\"Image produit par d\u00e9faut\"},{\"@type\":\"WebSite\",\"@id\":\"https:\/\/www.transtoyou.com\/fr\/#website\",\"url\":\"https:\/\/www.transtoyou.com\/fr\/\",\"name\":\"Transtoyou - FR\",\"description\":\"\",\"publisher\":{\"@id\":\"https:\/\/www.transtoyou.com\/fr\/#organization\"},\"potentialAction\":[{\"@type\":\"SearchAction\",\"target\":{\"@type\":\"EntryPoint\",\"urlTemplate\":\"https:\/\/www.transtoyou.com\/fr\/?s={search_term_string}\"},\"query-input\":{\"@type\":\"PropertyValueSpecification\",\"valueRequired\":true,\"valueName\":\"search_term_string\"}}],\"inLanguage\":\"fr-FR\"},{\"@type\":\"Organization\",\"@id\":\"https:\/\/www.transtoyou.com\/fr\/#organization\",\"name\":\"Transtoyou - FR\",\"url\":\"https:\/\/www.transtoyou.com\/fr\/\",\"logo\":{\"@type\":\"ImageObject\",\"inLanguage\":\"fr-FR\",\"@id\":\"https:\/\/www.transtoyou.com\/fr\/#\/schema\/logo\/image\/\",\"url\":\"https:\/\/www.transtoyou.com\/fr\/wp-content\/uploads\/sites\/5\/2026\/01\/logo-tty-menu-bar-300x87-1.webp\",\"contentUrl\":\"https:\/\/www.transtoyou.com\/fr\/wp-content\/uploads\/sites\/5\/2026\/01\/logo-tty-menu-bar-300x87-1.webp\",\"width\":300,\"height\":87,\"caption\":\"Transtoyou - FR\"},\"image\":{\"@id\":\"https:\/\/www.transtoyou.com\/fr\/#\/schema\/logo\/image\/\"}}]}<\/script>\n<!-- \/ Yoast SEO plugin. -->","yoast_head_json":{"title":"Relvar | Respirez plus facilement avec un soutien 24\/7 - Transtoyou","description":"Relvar : G\u00e9rez l'asthme et la BPCO facilement avec une dose quotidienne. Disponible sur Transtoyou. Achetez maintenant pour un soutien respiratoire.","robots":{"index":"noindex","follow":"follow","max-snippet":"max-snippet:-1","max-image-preview":"max-image-preview:large","max-video-preview":"max-video-preview:-1"},"og_locale":"fr_FR","og_type":"article","og_title":"Relvar | Respirez plus facilement avec un soutien 24\/7 - Transtoyou","og_description":"Relvar : G\u00e9rez l'asthme et la BPCO facilement avec une dose quotidienne. Disponible sur Transtoyou. Achetez maintenant pour un soutien respiratoire.","og_url":"https:\/\/www.transtoyou.com\/fr\/product\/relvar\/","og_site_name":"Transtoyou - FR","article_modified_time":"2026-03-03T11:11:38+00:00","twitter_card":"summary_large_image","twitter_misc":{"Dur\u00e9e de lecture estim\u00e9e":"1 minute"},"schema":{"@context":"https:\/\/schema.org","@graph":[{"@type":"WebPage","@id":"https:\/\/www.transtoyou.com\/fr\/product\/relvar\/","url":"https:\/\/www.transtoyou.com\/fr\/product\/relvar\/","name":"Relvar | Respirez plus facilement avec un soutien 24\/7 - Transtoyou","isPartOf":{"@id":"https:\/\/www.transtoyou.com\/fr\/#website"},"primaryImageOfPage":{"@id":"https:\/\/www.transtoyou.com\/fr\/product\/relvar\/#primaryimage"},"image":{"@id":"https:\/\/www.transtoyou.com\/fr\/product\/relvar\/#primaryimage"},"thumbnailUrl":"https:\/\/www.transtoyou.com\/fr\/wp-content\/uploads\/sites\/5\/2026\/01\/tty-no-product-image-147.webp","datePublished":"2026-01-25T05:24:54+00:00","dateModified":"2026-03-03T11:11:38+00:00","description":"Relvar : G\u00e9rez l'asthme et la BPCO facilement avec une dose quotidienne. Disponible sur Transtoyou. Achetez maintenant pour un soutien respiratoire.","breadcrumb":{"@id":"https:\/\/www.transtoyou.com\/fr\/product\/relvar\/#breadcrumb"},"inLanguage":"fr-FR","potentialAction":[{"@type":"ReadAction","target":["https:\/\/www.transtoyou.com\/fr\/product\/relvar\/"]}]},{"@type":"ImageObject","inLanguage":"fr-FR","@id":"https:\/\/www.transtoyou.com\/fr\/product\/relvar\/#primaryimage","url":"https:\/\/www.transtoyou.com\/fr\/wp-content\/uploads\/sites\/5\/2026\/01\/tty-no-product-image-147.webp","contentUrl":"https:\/\/www.transtoyou.com\/fr\/wp-content\/uploads\/sites\/5\/2026\/01\/tty-no-product-image-147.webp","width":1000,"height":1000,"caption":"Image produit par d\u00e9faut"},{"@type":"WebSite","@id":"https:\/\/www.transtoyou.com\/fr\/#website","url":"https:\/\/www.transtoyou.com\/fr\/","name":"Transtoyou - FR","description":"","publisher":{"@id":"https:\/\/www.transtoyou.com\/fr\/#organization"},"potentialAction":[{"@type":"SearchAction","target":{"@type":"EntryPoint","urlTemplate":"https:\/\/www.transtoyou.com\/fr\/?s={search_term_string}"},"query-input":{"@type":"PropertyValueSpecification","valueRequired":true,"valueName":"search_term_string"}}],"inLanguage":"fr-FR"},{"@type":"Organization","@id":"https:\/\/www.transtoyou.com\/fr\/#organization","name":"Transtoyou - FR","url":"https:\/\/www.transtoyou.com\/fr\/","logo":{"@type":"ImageObject","inLanguage":"fr-FR","@id":"https:\/\/www.transtoyou.com\/fr\/#\/schema\/logo\/image\/","url":"https:\/\/www.transtoyou.com\/fr\/wp-content\/uploads\/sites\/5\/2026\/01\/logo-tty-menu-bar-300x87-1.webp","contentUrl":"https:\/\/www.transtoyou.com\/fr\/wp-content\/uploads\/sites\/5\/2026\/01\/logo-tty-menu-bar-300x87-1.webp","width":300,"height":87,"caption":"Transtoyou - FR"},"image":{"@id":"https:\/\/www.transtoyou.com\/fr\/#\/schema\/logo\/image\/"}}]}},"_links":{"self":[{"href":"https:\/\/www.transtoyou.com\/fr\/wp-json\/wp\/v2\/product\/1164","targetHints":{"allow":["GET"]}}],"collection":[{"href":"https:\/\/www.transtoyou.com\/fr\/wp-json\/wp\/v2\/product"}],"about":[{"href":"https:\/\/www.transtoyou.com\/fr\/wp-json\/wp\/v2\/types\/product"}],"replies":[{"embeddable":true,"href":"https:\/\/www.transtoyou.com\/fr\/wp-json\/wp\/v2\/comments?post=1164"}],"wp:featuredmedia":[{"embeddable":true,"href":"https:\/\/www.transtoyou.com\/fr\/wp-json\/wp\/v2\/media\/1166"}],"wp:attachment":[{"href":"https:\/\/www.transtoyou.com\/fr\/wp-json\/wp\/v2\/media?parent=1164"}],"wp:term":[{"taxonomy":"product_brand","embeddable":true,"href":"https:\/\/www.transtoyou.com\/fr\/wp-json\/wp\/v2\/product_brand?post=1164"},{"taxonomy":"product_cat","embeddable":true,"href":"https:\/\/www.transtoyou.com\/fr\/wp-json\/wp\/v2\/product_cat?post=1164"},{"taxonomy":"product_tag","embeddable":true,"href":"https:\/\/www.transtoyou.com\/fr\/wp-json\/wp\/v2\/product_tag?post=1164"},{"taxonomy":"expert","embeddable":true,"href":"https:\/\/www.transtoyou.com\/fr\/wp-json\/wp\/v2\/expert?post=1164"}],"curies":[{"name":"wp","href":"https:\/\/api.w.org\/{rel}","templated":true}]}}