{"id":1179,"date":"2026-01-25T09:01:21","date_gmt":"2026-01-25T07:01:21","guid":{"rendered":"https:\/\/www.transtoyou.com\/fr\/product\/clindamycin\/"},"modified":"2026-02-13T11:37:27","modified_gmt":"2026-02-13T09:37:27","slug":"clindamycine","status":"publish","type":"product","link":"https:\/\/www.transtoyou.com\/fr\/product\/clindamycine\/","title":{"rendered":"Clindamycine"},"content":{"rendered":"<p class=\"p1\">La clindamycine est un antibiotique largement utilis\u00e9 qui traite les infections bact\u00e9riennes en stoppant la croissance des bact\u00e9ries. Elle est couramment prescrite pour les infections cutan\u00e9es et des tissus mous et est particuli\u00e8rement efficace lorsque l&rsquo;infection implique une inflammation, des rougeurs et un gonflement. En ciblant les bact\u00e9ries responsables de l&rsquo;infection, la clindamycine aide le corps \u00e0 r\u00e9cup\u00e9rer et pr\u00e9vient la propagation de microbes nuisibles.<\/p>\n<p class=\"p1\">L&rsquo;un de ses usages les plus fr\u00e9quents est dans le traitement de l&rsquo;acn\u00e9. Dans ce contexte, la clindamycine aide \u00e0 r\u00e9duire les bact\u00e9ries qui d\u00e9clenchent les \u00e9ruptions et apaise l&rsquo;inflammation environnante qui cause des rougeurs et un gonflement. Elle est particuli\u00e8rement utile pour l&rsquo;acn\u00e9 persistante ou inflammatoire, o\u00f9 la peau est irrit\u00e9e ou sensible. Lorsqu&rsquo;elle est utilis\u00e9e de mani\u00e8re coh\u00e9rente, la clindamycine peut aider \u00e0 r\u00e9duire \u00e0 la fois la fr\u00e9quence et la gravit\u00e9 des pouss\u00e9es.<\/p>\n<p class=\"p1\">La clindamycine est \u00e9galement utilis\u00e9e pour les infections cutan\u00e9es bact\u00e9riennes telles que les coupures infect\u00e9es, les furoncles et les follicules pileux enflamm\u00e9s. Ses propri\u00e9t\u00e9s antibact\u00e9riennes et anti-inflammatoires en font une option de traitement fiable pour un large \u00e9ventail d&rsquo;infections cutan\u00e9es l\u00e9g\u00e8res \u00e0 mod\u00e9r\u00e9es. R\u00e9duire la charge bact\u00e9rienne sur la peau peut \u00e9galement aider d&rsquo;autres traitements cutan\u00e9s \u00e0 fonctionner plus efficacement.<\/p>\n<p class=\"p1\">Le traitement commence g\u00e9n\u00e9ralement \u00e0 montrer des r\u00e9sultats dans les quelques jours \u00e0 quelques semaines, selon la gravit\u00e9 de l&rsquo;infection. Il est important de continuer le traitement complet comme conseill\u00e9, m\u00eame si les sympt\u00f4mes s&rsquo;am\u00e9liorent plus t\u00f4t, pour pr\u00e9venir la r\u00e9sistance bact\u00e9rienne ou la r\u00e9currence.<\/p>\n<p class=\"p1\">Des effets secondaires l\u00e9gers tels que l&rsquo;irritation de la peau ou l&rsquo;inconfort digestif peuvent survenir mais sont g\u00e9n\u00e9ralement temporaires. La clindamycine n&rsquo;est pas adapt\u00e9e \u00e0 tout le monde, en particulier \u00e0 ceux ayant des ant\u00e9c\u00e9dents de probl\u00e8mes intestinaux li\u00e9s aux antibiotiques.<\/p>\n","protected":false},"excerpt":{"rendered":"<ul>\n<li>Action \u00e0 large spectre contre de nombreuses bact\u00e9ries<\/li>\n<li>Disponible sous forme orale, topique et vaginale<\/li>\n<li>Aide \u00e0 r\u00e9duire l&rsquo;inflammation dans l&rsquo;acn\u00e9<\/li>\n<\/ul>\n","protected":false},"featured_media":1181,"comment_status":"open","ping_status":"closed","template":"","meta":[],"product_brand":[],"product_cat":[73,79],"product_tag":[],"expert":[18],"class_list":{"0":"post-1179","1":"product","2":"type-product","3":"status-publish","4":"has-post-thumbnail","6":"product_cat-acne","7":"product_cat-antibiotiques-infection","8":"expert-dr-g-varbanov","10":"first","11":"instock","12":"shipping-taxable","13":"product-type-variable"},"yoast_head":"<!-- This site is optimized with the Yoast SEO plugin v27.0 - https:\/\/yoast.com\/product\/yoast-seo-wordpress\/ -->\n<title>Clindamycine | Peau Claire, Confiance en Toi - Transtoyou<\/title>\n<meta name=\"description\" content=\"D\u00e9couvrez la Clindamycine pour un traitement efficace de l&#039;acn\u00e9. Achetez maintenant sur Transtoyou pour un soulagement fiable des infections cutan\u00e9es bact\u00e9riennes.\" \/>\n<meta name=\"robots\" content=\"noindex, follow, max-snippet:-1, max-image-preview:large, max-video-preview:-1\" \/>\n<meta property=\"og:locale\" content=\"fr_FR\" \/>\n<meta property=\"og:type\" content=\"article\" \/>\n<meta property=\"og:title\" content=\"Clindamycine | Peau Claire, Confiance en Toi - Transtoyou\" \/>\n<meta property=\"og:description\" content=\"D\u00e9couvrez la Clindamycine pour un traitement efficace de l&#039;acn\u00e9. Achetez maintenant sur Transtoyou pour un soulagement fiable des infections cutan\u00e9es bact\u00e9riennes.\" \/>\n<meta property=\"og:url\" content=\"https:\/\/www.transtoyou.com\/fr\/product\/clindamycin\/\" \/>\n<meta property=\"og:site_name\" content=\"Transtoyou - FR\" \/>\n<meta property=\"article:modified_time\" content=\"2026-02-13T09:37:27+00:00\" \/>\n<meta name=\"twitter:card\" content=\"summary_large_image\" \/>\n<meta name=\"twitter:label1\" content=\"Dur\u00e9e de lecture estim\u00e9e\" \/>\n\t<meta name=\"twitter:data1\" content=\"2 minutes\" \/>\n<script type=\"application\/ld+json\" class=\"yoast-schema-graph\">{\"@context\":\"https:\/\/schema.org\",\"@graph\":[{\"@type\":\"WebPage\",\"@id\":\"https:\/\/www.transtoyou.com\/fr\/product\/clindamycin\/\",\"url\":\"https:\/\/www.transtoyou.com\/fr\/product\/clindamycin\/\",\"name\":\"Clindamycine | Peau Claire, Confiance en Toi - Transtoyou\",\"isPartOf\":{\"@id\":\"https:\/\/www.transtoyou.com\/fr\/#website\"},\"primaryImageOfPage\":{\"@id\":\"https:\/\/www.transtoyou.com\/fr\/product\/clindamycin\/#primaryimage\"},\"image\":{\"@id\":\"https:\/\/www.transtoyou.com\/fr\/product\/clindamycin\/#primaryimage\"},\"thumbnailUrl\":\"https:\/\/www.transtoyou.com\/fr\/wp-content\/uploads\/sites\/5\/2026\/01\/tty-no-product-image-152.webp\",\"datePublished\":\"2026-01-25T07:01:21+00:00\",\"dateModified\":\"2026-02-13T09:37:27+00:00\",\"description\":\"D\u00e9couvrez la Clindamycine pour un traitement efficace de l'acn\u00e9. Achetez maintenant sur Transtoyou pour un soulagement fiable des infections cutan\u00e9es bact\u00e9riennes.\",\"breadcrumb\":{\"@id\":\"https:\/\/www.transtoyou.com\/fr\/product\/clindamycin\/#breadcrumb\"},\"inLanguage\":\"fr-FR\",\"potentialAction\":[{\"@type\":\"ReadAction\",\"target\":[\"https:\/\/www.transtoyou.com\/fr\/product\/clindamycin\/\"]}]},{\"@type\":\"ImageObject\",\"inLanguage\":\"fr-FR\",\"@id\":\"https:\/\/www.transtoyou.com\/fr\/product\/clindamycin\/#primaryimage\",\"url\":\"https:\/\/www.transtoyou.com\/fr\/wp-content\/uploads\/sites\/5\/2026\/01\/tty-no-product-image-152.webp\",\"contentUrl\":\"https:\/\/www.transtoyou.com\/fr\/wp-content\/uploads\/sites\/5\/2026\/01\/tty-no-product-image-152.webp\",\"width\":1000,\"height\":1000,\"caption\":\"Image de produit par d\u00e9faut\"},{\"@type\":\"WebSite\",\"@id\":\"https:\/\/www.transtoyou.com\/fr\/#website\",\"url\":\"https:\/\/www.transtoyou.com\/fr\/\",\"name\":\"Transtoyou - FR\",\"description\":\"\",\"publisher\":{\"@id\":\"https:\/\/www.transtoyou.com\/fr\/#organization\"},\"potentialAction\":[{\"@type\":\"SearchAction\",\"target\":{\"@type\":\"EntryPoint\",\"urlTemplate\":\"https:\/\/www.transtoyou.com\/fr\/?s={search_term_string}\"},\"query-input\":{\"@type\":\"PropertyValueSpecification\",\"valueRequired\":true,\"valueName\":\"search_term_string\"}}],\"inLanguage\":\"fr-FR\"},{\"@type\":\"Organization\",\"@id\":\"https:\/\/www.transtoyou.com\/fr\/#organization\",\"name\":\"Transtoyou - FR\",\"url\":\"https:\/\/www.transtoyou.com\/fr\/\",\"logo\":{\"@type\":\"ImageObject\",\"inLanguage\":\"fr-FR\",\"@id\":\"https:\/\/www.transtoyou.com\/fr\/#\/schema\/logo\/image\/\",\"url\":\"https:\/\/www.transtoyou.com\/fr\/wp-content\/uploads\/sites\/5\/2026\/01\/logo-tty-menu-bar-300x87-1.webp\",\"contentUrl\":\"https:\/\/www.transtoyou.com\/fr\/wp-content\/uploads\/sites\/5\/2026\/01\/logo-tty-menu-bar-300x87-1.webp\",\"width\":300,\"height\":87,\"caption\":\"Transtoyou - FR\"},\"image\":{\"@id\":\"https:\/\/www.transtoyou.com\/fr\/#\/schema\/logo\/image\/\"}}]}<\/script>\n<!-- \/ Yoast SEO plugin. -->","yoast_head_json":{"title":"Clindamycine | Peau Claire, Confiance en Toi - Transtoyou","description":"D\u00e9couvrez la Clindamycine pour un traitement efficace de l'acn\u00e9. Achetez maintenant sur Transtoyou pour un soulagement fiable des infections cutan\u00e9es bact\u00e9riennes.","robots":{"index":"noindex","follow":"follow","max-snippet":"max-snippet:-1","max-image-preview":"max-image-preview:large","max-video-preview":"max-video-preview:-1"},"og_locale":"fr_FR","og_type":"article","og_title":"Clindamycine | Peau Claire, Confiance en Toi - Transtoyou","og_description":"D\u00e9couvrez la Clindamycine pour un traitement efficace de l'acn\u00e9. Achetez maintenant sur Transtoyou pour un soulagement fiable des infections cutan\u00e9es bact\u00e9riennes.","og_url":"https:\/\/www.transtoyou.com\/fr\/product\/clindamycin\/","og_site_name":"Transtoyou - FR","article_modified_time":"2026-02-13T09:37:27+00:00","twitter_card":"summary_large_image","twitter_misc":{"Dur\u00e9e de lecture estim\u00e9e":"2 minutes"},"schema":{"@context":"https:\/\/schema.org","@graph":[{"@type":"WebPage","@id":"https:\/\/www.transtoyou.com\/fr\/product\/clindamycin\/","url":"https:\/\/www.transtoyou.com\/fr\/product\/clindamycin\/","name":"Clindamycine | Peau Claire, Confiance en Toi - Transtoyou","isPartOf":{"@id":"https:\/\/www.transtoyou.com\/fr\/#website"},"primaryImageOfPage":{"@id":"https:\/\/www.transtoyou.com\/fr\/product\/clindamycin\/#primaryimage"},"image":{"@id":"https:\/\/www.transtoyou.com\/fr\/product\/clindamycin\/#primaryimage"},"thumbnailUrl":"https:\/\/www.transtoyou.com\/fr\/wp-content\/uploads\/sites\/5\/2026\/01\/tty-no-product-image-152.webp","datePublished":"2026-01-25T07:01:21+00:00","dateModified":"2026-02-13T09:37:27+00:00","description":"D\u00e9couvrez la Clindamycine pour un traitement efficace de l'acn\u00e9. Achetez maintenant sur Transtoyou pour un soulagement fiable des infections cutan\u00e9es bact\u00e9riennes.","breadcrumb":{"@id":"https:\/\/www.transtoyou.com\/fr\/product\/clindamycin\/#breadcrumb"},"inLanguage":"fr-FR","potentialAction":[{"@type":"ReadAction","target":["https:\/\/www.transtoyou.com\/fr\/product\/clindamycin\/"]}]},{"@type":"ImageObject","inLanguage":"fr-FR","@id":"https:\/\/www.transtoyou.com\/fr\/product\/clindamycin\/#primaryimage","url":"https:\/\/www.transtoyou.com\/fr\/wp-content\/uploads\/sites\/5\/2026\/01\/tty-no-product-image-152.webp","contentUrl":"https:\/\/www.transtoyou.com\/fr\/wp-content\/uploads\/sites\/5\/2026\/01\/tty-no-product-image-152.webp","width":1000,"height":1000,"caption":"Image de produit par d\u00e9faut"},{"@type":"WebSite","@id":"https:\/\/www.transtoyou.com\/fr\/#website","url":"https:\/\/www.transtoyou.com\/fr\/","name":"Transtoyou - FR","description":"","publisher":{"@id":"https:\/\/www.transtoyou.com\/fr\/#organization"},"potentialAction":[{"@type":"SearchAction","target":{"@type":"EntryPoint","urlTemplate":"https:\/\/www.transtoyou.com\/fr\/?s={search_term_string}"},"query-input":{"@type":"PropertyValueSpecification","valueRequired":true,"valueName":"search_term_string"}}],"inLanguage":"fr-FR"},{"@type":"Organization","@id":"https:\/\/www.transtoyou.com\/fr\/#organization","name":"Transtoyou - FR","url":"https:\/\/www.transtoyou.com\/fr\/","logo":{"@type":"ImageObject","inLanguage":"fr-FR","@id":"https:\/\/www.transtoyou.com\/fr\/#\/schema\/logo\/image\/","url":"https:\/\/www.transtoyou.com\/fr\/wp-content\/uploads\/sites\/5\/2026\/01\/logo-tty-menu-bar-300x87-1.webp","contentUrl":"https:\/\/www.transtoyou.com\/fr\/wp-content\/uploads\/sites\/5\/2026\/01\/logo-tty-menu-bar-300x87-1.webp","width":300,"height":87,"caption":"Transtoyou - FR"},"image":{"@id":"https:\/\/www.transtoyou.com\/fr\/#\/schema\/logo\/image\/"}}]}},"_links":{"self":[{"href":"https:\/\/www.transtoyou.com\/fr\/wp-json\/wp\/v2\/product\/1179","targetHints":{"allow":["GET"]}}],"collection":[{"href":"https:\/\/www.transtoyou.com\/fr\/wp-json\/wp\/v2\/product"}],"about":[{"href":"https:\/\/www.transtoyou.com\/fr\/wp-json\/wp\/v2\/types\/product"}],"replies":[{"embeddable":true,"href":"https:\/\/www.transtoyou.com\/fr\/wp-json\/wp\/v2\/comments?post=1179"}],"wp:featuredmedia":[{"embeddable":true,"href":"https:\/\/www.transtoyou.com\/fr\/wp-json\/wp\/v2\/media\/1181"}],"wp:attachment":[{"href":"https:\/\/www.transtoyou.com\/fr\/wp-json\/wp\/v2\/media?parent=1179"}],"wp:term":[{"taxonomy":"product_brand","embeddable":true,"href":"https:\/\/www.transtoyou.com\/fr\/wp-json\/wp\/v2\/product_brand?post=1179"},{"taxonomy":"product_cat","embeddable":true,"href":"https:\/\/www.transtoyou.com\/fr\/wp-json\/wp\/v2\/product_cat?post=1179"},{"taxonomy":"product_tag","embeddable":true,"href":"https:\/\/www.transtoyou.com\/fr\/wp-json\/wp\/v2\/product_tag?post=1179"},{"taxonomy":"expert","embeddable":true,"href":"https:\/\/www.transtoyou.com\/fr\/wp-json\/wp\/v2\/expert?post=1179"}],"curies":[{"name":"wp","href":"https:\/\/api.w.org\/{rel}","templated":true}]}}