{"id":1185,"date":"2026-01-25T19:32:27","date_gmt":"2026-01-25T17:32:27","guid":{"rendered":"https:\/\/www.transtoyou.com\/fr\/product\/co-amoxiclav\/"},"modified":"2026-02-13T14:23:46","modified_gmt":"2026-02-13T12:23:46","slug":"co-amoxiclav","status":"publish","type":"product","link":"https:\/\/www.transtoyou.com\/fr\/product\/co-amoxiclav\/","title":{"rendered":"Co-Amoxiclav"},"content":{"rendered":"<p>Le co-amoxiclav est un antibiotique combin\u00e9 utilis\u00e9 pour traiter de nombreuses infections bact\u00e9riennes diff\u00e9rentes. Il contient deux ingr\u00e9dients actifs : l&rsquo;amoxicilline et l&rsquo;acide clavulanique. Ces deux composants agissent ensemble pour emp\u00eacher les bact\u00e9ries de se d\u00e9velopper et de se propager dans le corps.<\/p>\n<p>L&rsquo;amoxicilline est un type de p\u00e9nicilline qui tue les bact\u00e9ries en endommageant leur paroi cellulaire externe. Cette paroi prot\u00e8ge les bact\u00e9ries, donc lorsqu&rsquo;elle est affaiblie, les bact\u00e9ries se d\u00e9sagr\u00e8gent et meurent. Cependant, certaines bact\u00e9ries peuvent riposter en produisant une enzyme (appel\u00e9e b\u00eata-lactamase) qui d\u00e9truit l&rsquo;amoxicilline. C&rsquo;est l\u00e0 qu&rsquo;intervient l&rsquo;acide clavulanique, il bloque cette enzyme et emp\u00eache les bact\u00e9ries de se prot\u00e9ger. Cela permet \u00e0 l&rsquo;amoxicilline de faire correctement son travail, m\u00eame contre des bact\u00e9ries qui sont normalement r\u00e9sistantes.<\/p>\n<p>Le co-amoxiclav est utilis\u00e9 pour traiter un large \u00e9ventail d&rsquo;infections. Celles-ci incluent les infections respiratoires comme la bronchite, la pneumonie et les infections des sinus ; les infections des voies urinaires comme la cystite ou les infections r\u00e9nales ; les infections cutan\u00e9es et des tissus mous telles que les abc\u00e8s, la cellulite ou les plaies infect\u00e9es ; et les infections dentaires. Il est \u00e9galement parfois utilis\u00e9 pour les infections osseuses ou articulaires et les infections dans la r\u00e9gion abdominale.<\/p>\n<p>Ce m\u00e9dicament ne r\u00e9duit pas directement la douleur ou l&rsquo;enflure. Au lieu de cela, il traite la cause du probl\u00e8me, les bact\u00e9ries. \u00c0 mesure que l&rsquo;infection se r\u00e9sorbe, des sympt\u00f4mes comme la douleur, la fi\u00e8vre ou l&rsquo;enflure s&rsquo;am\u00e9liorent g\u00e9n\u00e9ralement d&rsquo;eux-m\u00eames.<\/p>\n","protected":false},"excerpt":{"rendered":"<ul>\n<li>Antibiotique \u00e0 large spectre pour de nombreuses infections<\/li>\n<li>L&rsquo;acide clavulanique renforce la d\u00e9fense bact\u00e9rienne<\/li>\n<li>Soulagement rapide des sympt\u00f4mes et de l&rsquo;inflammation<\/li>\n<\/ul>\n","protected":false},"featured_media":1187,"comment_status":"open","ping_status":"closed","template":"","meta":[],"product_brand":[],"product_cat":[79,86],"product_tag":[],"expert":[18],"class_list":{"0":"post-1185","1":"product","2":"type-product","3":"status-publish","4":"has-post-thumbnail","6":"product_cat-antibiotiques-infection","7":"product_cat-vessie-infections-urinaires","8":"expert-dr-g-varbanov","10":"first","11":"instock","12":"shipping-taxable","13":"product-type-variable"},"yoast_head":"<!-- This site is optimized with the Yoast SEO plugin v27.0 - https:\/\/yoast.com\/product\/yoast-seo-wordpress\/ -->\n<title>Co-Amoxiclav | Traitement Efficace des Infections - Transtoyou<\/title>\n<meta name=\"description\" content=\"D\u00e9couvrez le Co-Amoxiclav sur Transtoyou, un antibiotique efficace contre diverses infections, alliant amoxicilline et acide clavulanique pour lutter contre les bact\u00e9ries r\u00e9sistantes.\" \/>\n<meta name=\"robots\" content=\"noindex, follow, max-snippet:-1, max-image-preview:large, max-video-preview:-1\" \/>\n<meta property=\"og:locale\" content=\"fr_FR\" \/>\n<meta property=\"og:type\" content=\"article\" \/>\n<meta property=\"og:title\" content=\"Co-Amoxiclav | Traitement Efficace des Infections - Transtoyou\" \/>\n<meta property=\"og:description\" content=\"D\u00e9couvrez le Co-Amoxiclav sur Transtoyou, un antibiotique efficace contre diverses infections, alliant amoxicilline et acide clavulanique pour lutter contre les bact\u00e9ries r\u00e9sistantes.\" \/>\n<meta property=\"og:url\" content=\"https:\/\/www.transtoyou.com\/fr\/product\/co-amoxiclav\/\" \/>\n<meta property=\"og:site_name\" content=\"Transtoyou - FR\" \/>\n<meta property=\"article:modified_time\" content=\"2026-02-13T12:23:46+00:00\" \/>\n<meta name=\"twitter:card\" content=\"summary_large_image\" \/>\n<meta name=\"twitter:label1\" content=\"Dur\u00e9e de lecture estim\u00e9e\" \/>\n\t<meta name=\"twitter:data1\" content=\"1 minute\" \/>\n<script type=\"application\/ld+json\" class=\"yoast-schema-graph\">{\"@context\":\"https:\/\/schema.org\",\"@graph\":[{\"@type\":\"WebPage\",\"@id\":\"https:\/\/www.transtoyou.com\/fr\/product\/co-amoxiclav\/\",\"url\":\"https:\/\/www.transtoyou.com\/fr\/product\/co-amoxiclav\/\",\"name\":\"Co-Amoxiclav | Traitement Efficace des Infections - Transtoyou\",\"isPartOf\":{\"@id\":\"https:\/\/www.transtoyou.com\/fr\/#website\"},\"primaryImageOfPage\":{\"@id\":\"https:\/\/www.transtoyou.com\/fr\/product\/co-amoxiclav\/#primaryimage\"},\"image\":{\"@id\":\"https:\/\/www.transtoyou.com\/fr\/product\/co-amoxiclav\/#primaryimage\"},\"thumbnailUrl\":\"https:\/\/www.transtoyou.com\/fr\/wp-content\/uploads\/sites\/5\/2026\/01\/tty-no-product-image-154.webp\",\"datePublished\":\"2026-01-25T17:32:27+00:00\",\"dateModified\":\"2026-02-13T12:23:46+00:00\",\"description\":\"D\u00e9couvrez le Co-Amoxiclav sur Transtoyou, un antibiotique efficace contre diverses infections, alliant amoxicilline et acide clavulanique pour lutter contre les bact\u00e9ries r\u00e9sistantes.\",\"breadcrumb\":{\"@id\":\"https:\/\/www.transtoyou.com\/fr\/product\/co-amoxiclav\/#breadcrumb\"},\"inLanguage\":\"fr-FR\",\"potentialAction\":[{\"@type\":\"ReadAction\",\"target\":[\"https:\/\/www.transtoyou.com\/fr\/product\/co-amoxiclav\/\"]}]},{\"@type\":\"ImageObject\",\"inLanguage\":\"fr-FR\",\"@id\":\"https:\/\/www.transtoyou.com\/fr\/product\/co-amoxiclav\/#primaryimage\",\"url\":\"https:\/\/www.transtoyou.com\/fr\/wp-content\/uploads\/sites\/5\/2026\/01\/tty-no-product-image-154.webp\",\"contentUrl\":\"https:\/\/www.transtoyou.com\/fr\/wp-content\/uploads\/sites\/5\/2026\/01\/tty-no-product-image-154.webp\",\"width\":1000,\"height\":1000,\"caption\":\"Image produit par d\u00e9faut\"},{\"@type\":\"WebSite\",\"@id\":\"https:\/\/www.transtoyou.com\/fr\/#website\",\"url\":\"https:\/\/www.transtoyou.com\/fr\/\",\"name\":\"Transtoyou - FR\",\"description\":\"\",\"publisher\":{\"@id\":\"https:\/\/www.transtoyou.com\/fr\/#organization\"},\"potentialAction\":[{\"@type\":\"SearchAction\",\"target\":{\"@type\":\"EntryPoint\",\"urlTemplate\":\"https:\/\/www.transtoyou.com\/fr\/?s={search_term_string}\"},\"query-input\":{\"@type\":\"PropertyValueSpecification\",\"valueRequired\":true,\"valueName\":\"search_term_string\"}}],\"inLanguage\":\"fr-FR\"},{\"@type\":\"Organization\",\"@id\":\"https:\/\/www.transtoyou.com\/fr\/#organization\",\"name\":\"Transtoyou - FR\",\"url\":\"https:\/\/www.transtoyou.com\/fr\/\",\"logo\":{\"@type\":\"ImageObject\",\"inLanguage\":\"fr-FR\",\"@id\":\"https:\/\/www.transtoyou.com\/fr\/#\/schema\/logo\/image\/\",\"url\":\"https:\/\/www.transtoyou.com\/fr\/wp-content\/uploads\/sites\/5\/2026\/01\/logo-tty-menu-bar-300x87-1.webp\",\"contentUrl\":\"https:\/\/www.transtoyou.com\/fr\/wp-content\/uploads\/sites\/5\/2026\/01\/logo-tty-menu-bar-300x87-1.webp\",\"width\":300,\"height\":87,\"caption\":\"Transtoyou - FR\"},\"image\":{\"@id\":\"https:\/\/www.transtoyou.com\/fr\/#\/schema\/logo\/image\/\"}}]}<\/script>\n<!-- \/ Yoast SEO plugin. -->","yoast_head_json":{"title":"Co-Amoxiclav | Traitement Efficace des Infections - Transtoyou","description":"D\u00e9couvrez le Co-Amoxiclav sur Transtoyou, un antibiotique efficace contre diverses infections, alliant amoxicilline et acide clavulanique pour lutter contre les bact\u00e9ries r\u00e9sistantes.","robots":{"index":"noindex","follow":"follow","max-snippet":"max-snippet:-1","max-image-preview":"max-image-preview:large","max-video-preview":"max-video-preview:-1"},"og_locale":"fr_FR","og_type":"article","og_title":"Co-Amoxiclav | Traitement Efficace des Infections - Transtoyou","og_description":"D\u00e9couvrez le Co-Amoxiclav sur Transtoyou, un antibiotique efficace contre diverses infections, alliant amoxicilline et acide clavulanique pour lutter contre les bact\u00e9ries r\u00e9sistantes.","og_url":"https:\/\/www.transtoyou.com\/fr\/product\/co-amoxiclav\/","og_site_name":"Transtoyou - FR","article_modified_time":"2026-02-13T12:23:46+00:00","twitter_card":"summary_large_image","twitter_misc":{"Dur\u00e9e de lecture estim\u00e9e":"1 minute"},"schema":{"@context":"https:\/\/schema.org","@graph":[{"@type":"WebPage","@id":"https:\/\/www.transtoyou.com\/fr\/product\/co-amoxiclav\/","url":"https:\/\/www.transtoyou.com\/fr\/product\/co-amoxiclav\/","name":"Co-Amoxiclav | Traitement Efficace des Infections - Transtoyou","isPartOf":{"@id":"https:\/\/www.transtoyou.com\/fr\/#website"},"primaryImageOfPage":{"@id":"https:\/\/www.transtoyou.com\/fr\/product\/co-amoxiclav\/#primaryimage"},"image":{"@id":"https:\/\/www.transtoyou.com\/fr\/product\/co-amoxiclav\/#primaryimage"},"thumbnailUrl":"https:\/\/www.transtoyou.com\/fr\/wp-content\/uploads\/sites\/5\/2026\/01\/tty-no-product-image-154.webp","datePublished":"2026-01-25T17:32:27+00:00","dateModified":"2026-02-13T12:23:46+00:00","description":"D\u00e9couvrez le Co-Amoxiclav sur Transtoyou, un antibiotique efficace contre diverses infections, alliant amoxicilline et acide clavulanique pour lutter contre les bact\u00e9ries r\u00e9sistantes.","breadcrumb":{"@id":"https:\/\/www.transtoyou.com\/fr\/product\/co-amoxiclav\/#breadcrumb"},"inLanguage":"fr-FR","potentialAction":[{"@type":"ReadAction","target":["https:\/\/www.transtoyou.com\/fr\/product\/co-amoxiclav\/"]}]},{"@type":"ImageObject","inLanguage":"fr-FR","@id":"https:\/\/www.transtoyou.com\/fr\/product\/co-amoxiclav\/#primaryimage","url":"https:\/\/www.transtoyou.com\/fr\/wp-content\/uploads\/sites\/5\/2026\/01\/tty-no-product-image-154.webp","contentUrl":"https:\/\/www.transtoyou.com\/fr\/wp-content\/uploads\/sites\/5\/2026\/01\/tty-no-product-image-154.webp","width":1000,"height":1000,"caption":"Image produit par d\u00e9faut"},{"@type":"WebSite","@id":"https:\/\/www.transtoyou.com\/fr\/#website","url":"https:\/\/www.transtoyou.com\/fr\/","name":"Transtoyou - FR","description":"","publisher":{"@id":"https:\/\/www.transtoyou.com\/fr\/#organization"},"potentialAction":[{"@type":"SearchAction","target":{"@type":"EntryPoint","urlTemplate":"https:\/\/www.transtoyou.com\/fr\/?s={search_term_string}"},"query-input":{"@type":"PropertyValueSpecification","valueRequired":true,"valueName":"search_term_string"}}],"inLanguage":"fr-FR"},{"@type":"Organization","@id":"https:\/\/www.transtoyou.com\/fr\/#organization","name":"Transtoyou - FR","url":"https:\/\/www.transtoyou.com\/fr\/","logo":{"@type":"ImageObject","inLanguage":"fr-FR","@id":"https:\/\/www.transtoyou.com\/fr\/#\/schema\/logo\/image\/","url":"https:\/\/www.transtoyou.com\/fr\/wp-content\/uploads\/sites\/5\/2026\/01\/logo-tty-menu-bar-300x87-1.webp","contentUrl":"https:\/\/www.transtoyou.com\/fr\/wp-content\/uploads\/sites\/5\/2026\/01\/logo-tty-menu-bar-300x87-1.webp","width":300,"height":87,"caption":"Transtoyou - FR"},"image":{"@id":"https:\/\/www.transtoyou.com\/fr\/#\/schema\/logo\/image\/"}}]}},"_links":{"self":[{"href":"https:\/\/www.transtoyou.com\/fr\/wp-json\/wp\/v2\/product\/1185","targetHints":{"allow":["GET"]}}],"collection":[{"href":"https:\/\/www.transtoyou.com\/fr\/wp-json\/wp\/v2\/product"}],"about":[{"href":"https:\/\/www.transtoyou.com\/fr\/wp-json\/wp\/v2\/types\/product"}],"replies":[{"embeddable":true,"href":"https:\/\/www.transtoyou.com\/fr\/wp-json\/wp\/v2\/comments?post=1185"}],"wp:featuredmedia":[{"embeddable":true,"href":"https:\/\/www.transtoyou.com\/fr\/wp-json\/wp\/v2\/media\/1187"}],"wp:attachment":[{"href":"https:\/\/www.transtoyou.com\/fr\/wp-json\/wp\/v2\/media?parent=1185"}],"wp:term":[{"taxonomy":"product_brand","embeddable":true,"href":"https:\/\/www.transtoyou.com\/fr\/wp-json\/wp\/v2\/product_brand?post=1185"},{"taxonomy":"product_cat","embeddable":true,"href":"https:\/\/www.transtoyou.com\/fr\/wp-json\/wp\/v2\/product_cat?post=1185"},{"taxonomy":"product_tag","embeddable":true,"href":"https:\/\/www.transtoyou.com\/fr\/wp-json\/wp\/v2\/product_tag?post=1185"},{"taxonomy":"expert","embeddable":true,"href":"https:\/\/www.transtoyou.com\/fr\/wp-json\/wp\/v2\/expert?post=1185"}],"curies":[{"name":"wp","href":"https:\/\/api.w.org\/{rel}","templated":true}]}}