{"id":1191,"date":"2026-01-25T20:17:26","date_gmt":"2026-01-25T18:17:26","guid":{"rendered":"https:\/\/www.transtoyou.com\/fr\/product\/antabuse\/"},"modified":"2026-02-09T14:15:50","modified_gmt":"2026-02-09T12:15:50","slug":"antabuse","status":"publish","type":"product","link":"https:\/\/www.transtoyou.com\/fr\/product\/antabuse\/","title":{"rendered":"Antabuse"},"content":{"rendered":"<p>Antabuse (disulfirame) est un m\u00e9dicament sur ordonnance con\u00e7u pour soutenir les individus dans leur r\u00e9tablissement de la d\u00e9pendance \u00e0 l&rsquo;alcool. Il agit en cr\u00e9ant une sensibilit\u00e9 aigu\u00eb \u00e0 l&rsquo;alcool. Lorsque de l&rsquo;alcool est consomm\u00e9 pendant la prise d&rsquo;Antabuse, cela provoque des effets d\u00e9sagr\u00e9ables tels que des naus\u00e9es, des rougeurs et un rythme cardiaque rapide, d\u00e9courageant ainsi toute consommation d&rsquo;alcool suppl\u00e9mentaire.<\/p>\n<p>Antabuse est g\u00e9n\u00e9ralement utilis\u00e9 dans le cadre d&rsquo;un plan de traitement complet qui inclut des conseils et des programmes de soutien. Ce n&rsquo;est pas un rem\u00e8de contre l&rsquo;alcoolisme, mais cela sert de moyen de dissuasion \u00e0 la consommation d&rsquo;alcool, aidant les individus \u00e0 maintenir leur sobri\u00e9t\u00e9.<\/p>\n<p>Antabuse est g\u00e9n\u00e9ralement prescrit pour une utilisation \u00e0 long terme sous stricte surveillance m\u00e9dicale afin d&rsquo;assurer la conformit\u00e9 et l&rsquo;efficacit\u00e9. Il est disponible sous forme de comprim\u00e9 et est pris par voie orale une fois par jour, de pr\u00e9f\u00e9rence le matin.<\/p>\n<p>Les effets secondaires courants incluent la somnolence, des maux de t\u00eate et un go\u00fbt m\u00e9tallique dans la bouche. Des effets secondaires rares mais graves peuvent inclure une toxicit\u00e9 h\u00e9patique, ce qui n\u00e9cessite une surveillance r\u00e9guli\u00e8re de la fonction h\u00e9patique pendant le traitement. Antabuse ne doit jamais \u00eatre pris avec de l&rsquo;alcool ou des produits contenant de l&rsquo;alcool, tels que certains sirops contre la toux ou sauces.<\/p>\n","protected":false},"excerpt":{"rendered":"<ul>\n<li>Soutient la r\u00e9cup\u00e9ration de la d\u00e9pendance \u00e0 l&rsquo;alcool<\/li>\n<li>Agit comme un dissuasif \u00e0 la consommation d&rsquo;alcool<\/li>\n<li>Fait partie d&rsquo;un plan de traitement complet<\/li>\n<\/ul>\n","protected":false},"featured_media":1193,"comment_status":"open","ping_status":"closed","template":"","meta":[],"product_brand":[],"product_cat":[74],"product_tag":[],"expert":[19],"class_list":{"0":"post-1191","1":"product","2":"type-product","3":"status-publish","4":"has-post-thumbnail","6":"product_cat-aides-a-la-recuperation-dalcool","7":"expert-dr-j-vazquez","9":"first","10":"instock","11":"shipping-taxable","12":"product-type-variable"},"yoast_head":"<!-- This site is optimized with the Yoast SEO plugin v27.0 - https:\/\/yoast.com\/product\/yoast-seo-wordpress\/ -->\n<title>Antabuse | Soutenez efficacement votre sobri\u00e9t\u00e9 - Transtoyou<\/title>\n<meta name=\"description\" content=\"D\u00e9couvrez Antabuse, un m\u00e9dicament sur ordonnance pour la d\u00e9pendance \u00e0 l&#039;alcool, disponible sur Transtoyou. Soutenez votre sobri\u00e9t\u00e9 avec un suivi m\u00e9dical.\" \/>\n<meta name=\"robots\" content=\"noindex, follow, max-snippet:-1, max-image-preview:large, max-video-preview:-1\" \/>\n<meta property=\"og:locale\" content=\"fr_FR\" \/>\n<meta property=\"og:type\" content=\"article\" \/>\n<meta property=\"og:title\" content=\"Antabuse | Soutenez efficacement votre sobri\u00e9t\u00e9 - Transtoyou\" \/>\n<meta property=\"og:description\" content=\"D\u00e9couvrez Antabuse, un m\u00e9dicament sur ordonnance pour la d\u00e9pendance \u00e0 l&#039;alcool, disponible sur Transtoyou. Soutenez votre sobri\u00e9t\u00e9 avec un suivi m\u00e9dical.\" \/>\n<meta property=\"og:url\" content=\"https:\/\/www.transtoyou.com\/fr\/product\/antabuse\/\" \/>\n<meta property=\"og:site_name\" content=\"Transtoyou - FR\" \/>\n<meta property=\"article:modified_time\" content=\"2026-02-09T12:15:50+00:00\" \/>\n<meta name=\"twitter:card\" content=\"summary_large_image\" \/>\n<meta name=\"twitter:label1\" content=\"Dur\u00e9e de lecture estim\u00e9e\" \/>\n\t<meta name=\"twitter:data1\" content=\"1 minute\" \/>\n<script type=\"application\/ld+json\" class=\"yoast-schema-graph\">{\"@context\":\"https:\/\/schema.org\",\"@graph\":[{\"@type\":\"WebPage\",\"@id\":\"https:\/\/www.transtoyou.com\/fr\/product\/antabuse\/\",\"url\":\"https:\/\/www.transtoyou.com\/fr\/product\/antabuse\/\",\"name\":\"Antabuse | Soutenez efficacement votre sobri\u00e9t\u00e9 - Transtoyou\",\"isPartOf\":{\"@id\":\"https:\/\/www.transtoyou.com\/fr\/#website\"},\"primaryImageOfPage\":{\"@id\":\"https:\/\/www.transtoyou.com\/fr\/product\/antabuse\/#primaryimage\"},\"image\":{\"@id\":\"https:\/\/www.transtoyou.com\/fr\/product\/antabuse\/#primaryimage\"},\"thumbnailUrl\":\"https:\/\/www.transtoyou.com\/fr\/wp-content\/uploads\/sites\/5\/2026\/01\/tty-no-product-image-156.webp\",\"datePublished\":\"2026-01-25T18:17:26+00:00\",\"dateModified\":\"2026-02-09T12:15:50+00:00\",\"description\":\"D\u00e9couvrez Antabuse, un m\u00e9dicament sur ordonnance pour la d\u00e9pendance \u00e0 l'alcool, disponible sur Transtoyou. Soutenez votre sobri\u00e9t\u00e9 avec un suivi m\u00e9dical.\",\"breadcrumb\":{\"@id\":\"https:\/\/www.transtoyou.com\/fr\/product\/antabuse\/#breadcrumb\"},\"inLanguage\":\"fr-FR\",\"potentialAction\":[{\"@type\":\"ReadAction\",\"target\":[\"https:\/\/www.transtoyou.com\/fr\/product\/antabuse\/\"]}]},{\"@type\":\"ImageObject\",\"inLanguage\":\"fr-FR\",\"@id\":\"https:\/\/www.transtoyou.com\/fr\/product\/antabuse\/#primaryimage\",\"url\":\"https:\/\/www.transtoyou.com\/fr\/wp-content\/uploads\/sites\/5\/2026\/01\/tty-no-product-image-156.webp\",\"contentUrl\":\"https:\/\/www.transtoyou.com\/fr\/wp-content\/uploads\/sites\/5\/2026\/01\/tty-no-product-image-156.webp\",\"width\":1000,\"height\":1000,\"caption\":\"Image de produit par d\u00e9faut\"},{\"@type\":\"WebSite\",\"@id\":\"https:\/\/www.transtoyou.com\/fr\/#website\",\"url\":\"https:\/\/www.transtoyou.com\/fr\/\",\"name\":\"Transtoyou - FR\",\"description\":\"\",\"publisher\":{\"@id\":\"https:\/\/www.transtoyou.com\/fr\/#organization\"},\"potentialAction\":[{\"@type\":\"SearchAction\",\"target\":{\"@type\":\"EntryPoint\",\"urlTemplate\":\"https:\/\/www.transtoyou.com\/fr\/?s={search_term_string}\"},\"query-input\":{\"@type\":\"PropertyValueSpecification\",\"valueRequired\":true,\"valueName\":\"search_term_string\"}}],\"inLanguage\":\"fr-FR\"},{\"@type\":\"Organization\",\"@id\":\"https:\/\/www.transtoyou.com\/fr\/#organization\",\"name\":\"Transtoyou - FR\",\"url\":\"https:\/\/www.transtoyou.com\/fr\/\",\"logo\":{\"@type\":\"ImageObject\",\"inLanguage\":\"fr-FR\",\"@id\":\"https:\/\/www.transtoyou.com\/fr\/#\/schema\/logo\/image\/\",\"url\":\"https:\/\/www.transtoyou.com\/fr\/wp-content\/uploads\/sites\/5\/2026\/01\/logo-tty-menu-bar-300x87-1.webp\",\"contentUrl\":\"https:\/\/www.transtoyou.com\/fr\/wp-content\/uploads\/sites\/5\/2026\/01\/logo-tty-menu-bar-300x87-1.webp\",\"width\":300,\"height\":87,\"caption\":\"Transtoyou - FR\"},\"image\":{\"@id\":\"https:\/\/www.transtoyou.com\/fr\/#\/schema\/logo\/image\/\"}}]}<\/script>\n<!-- \/ Yoast SEO plugin. -->","yoast_head_json":{"title":"Antabuse | Soutenez efficacement votre sobri\u00e9t\u00e9 - Transtoyou","description":"D\u00e9couvrez Antabuse, un m\u00e9dicament sur ordonnance pour la d\u00e9pendance \u00e0 l'alcool, disponible sur Transtoyou. Soutenez votre sobri\u00e9t\u00e9 avec un suivi m\u00e9dical.","robots":{"index":"noindex","follow":"follow","max-snippet":"max-snippet:-1","max-image-preview":"max-image-preview:large","max-video-preview":"max-video-preview:-1"},"og_locale":"fr_FR","og_type":"article","og_title":"Antabuse | Soutenez efficacement votre sobri\u00e9t\u00e9 - Transtoyou","og_description":"D\u00e9couvrez Antabuse, un m\u00e9dicament sur ordonnance pour la d\u00e9pendance \u00e0 l'alcool, disponible sur Transtoyou. Soutenez votre sobri\u00e9t\u00e9 avec un suivi m\u00e9dical.","og_url":"https:\/\/www.transtoyou.com\/fr\/product\/antabuse\/","og_site_name":"Transtoyou - FR","article_modified_time":"2026-02-09T12:15:50+00:00","twitter_card":"summary_large_image","twitter_misc":{"Dur\u00e9e de lecture estim\u00e9e":"1 minute"},"schema":{"@context":"https:\/\/schema.org","@graph":[{"@type":"WebPage","@id":"https:\/\/www.transtoyou.com\/fr\/product\/antabuse\/","url":"https:\/\/www.transtoyou.com\/fr\/product\/antabuse\/","name":"Antabuse | Soutenez efficacement votre sobri\u00e9t\u00e9 - Transtoyou","isPartOf":{"@id":"https:\/\/www.transtoyou.com\/fr\/#website"},"primaryImageOfPage":{"@id":"https:\/\/www.transtoyou.com\/fr\/product\/antabuse\/#primaryimage"},"image":{"@id":"https:\/\/www.transtoyou.com\/fr\/product\/antabuse\/#primaryimage"},"thumbnailUrl":"https:\/\/www.transtoyou.com\/fr\/wp-content\/uploads\/sites\/5\/2026\/01\/tty-no-product-image-156.webp","datePublished":"2026-01-25T18:17:26+00:00","dateModified":"2026-02-09T12:15:50+00:00","description":"D\u00e9couvrez Antabuse, un m\u00e9dicament sur ordonnance pour la d\u00e9pendance \u00e0 l'alcool, disponible sur Transtoyou. Soutenez votre sobri\u00e9t\u00e9 avec un suivi m\u00e9dical.","breadcrumb":{"@id":"https:\/\/www.transtoyou.com\/fr\/product\/antabuse\/#breadcrumb"},"inLanguage":"fr-FR","potentialAction":[{"@type":"ReadAction","target":["https:\/\/www.transtoyou.com\/fr\/product\/antabuse\/"]}]},{"@type":"ImageObject","inLanguage":"fr-FR","@id":"https:\/\/www.transtoyou.com\/fr\/product\/antabuse\/#primaryimage","url":"https:\/\/www.transtoyou.com\/fr\/wp-content\/uploads\/sites\/5\/2026\/01\/tty-no-product-image-156.webp","contentUrl":"https:\/\/www.transtoyou.com\/fr\/wp-content\/uploads\/sites\/5\/2026\/01\/tty-no-product-image-156.webp","width":1000,"height":1000,"caption":"Image de produit par d\u00e9faut"},{"@type":"WebSite","@id":"https:\/\/www.transtoyou.com\/fr\/#website","url":"https:\/\/www.transtoyou.com\/fr\/","name":"Transtoyou - FR","description":"","publisher":{"@id":"https:\/\/www.transtoyou.com\/fr\/#organization"},"potentialAction":[{"@type":"SearchAction","target":{"@type":"EntryPoint","urlTemplate":"https:\/\/www.transtoyou.com\/fr\/?s={search_term_string}"},"query-input":{"@type":"PropertyValueSpecification","valueRequired":true,"valueName":"search_term_string"}}],"inLanguage":"fr-FR"},{"@type":"Organization","@id":"https:\/\/www.transtoyou.com\/fr\/#organization","name":"Transtoyou - FR","url":"https:\/\/www.transtoyou.com\/fr\/","logo":{"@type":"ImageObject","inLanguage":"fr-FR","@id":"https:\/\/www.transtoyou.com\/fr\/#\/schema\/logo\/image\/","url":"https:\/\/www.transtoyou.com\/fr\/wp-content\/uploads\/sites\/5\/2026\/01\/logo-tty-menu-bar-300x87-1.webp","contentUrl":"https:\/\/www.transtoyou.com\/fr\/wp-content\/uploads\/sites\/5\/2026\/01\/logo-tty-menu-bar-300x87-1.webp","width":300,"height":87,"caption":"Transtoyou - FR"},"image":{"@id":"https:\/\/www.transtoyou.com\/fr\/#\/schema\/logo\/image\/"}}]}},"_links":{"self":[{"href":"https:\/\/www.transtoyou.com\/fr\/wp-json\/wp\/v2\/product\/1191","targetHints":{"allow":["GET"]}}],"collection":[{"href":"https:\/\/www.transtoyou.com\/fr\/wp-json\/wp\/v2\/product"}],"about":[{"href":"https:\/\/www.transtoyou.com\/fr\/wp-json\/wp\/v2\/types\/product"}],"replies":[{"embeddable":true,"href":"https:\/\/www.transtoyou.com\/fr\/wp-json\/wp\/v2\/comments?post=1191"}],"wp:featuredmedia":[{"embeddable":true,"href":"https:\/\/www.transtoyou.com\/fr\/wp-json\/wp\/v2\/media\/1193"}],"wp:attachment":[{"href":"https:\/\/www.transtoyou.com\/fr\/wp-json\/wp\/v2\/media?parent=1191"}],"wp:term":[{"taxonomy":"product_brand","embeddable":true,"href":"https:\/\/www.transtoyou.com\/fr\/wp-json\/wp\/v2\/product_brand?post=1191"},{"taxonomy":"product_cat","embeddable":true,"href":"https:\/\/www.transtoyou.com\/fr\/wp-json\/wp\/v2\/product_cat?post=1191"},{"taxonomy":"product_tag","embeddable":true,"href":"https:\/\/www.transtoyou.com\/fr\/wp-json\/wp\/v2\/product_tag?post=1191"},{"taxonomy":"expert","embeddable":true,"href":"https:\/\/www.transtoyou.com\/fr\/wp-json\/wp\/v2\/expert?post=1191"}],"curies":[{"name":"wp","href":"https:\/\/api.w.org\/{rel}","templated":true}]}}