{"id":1194,"date":"2026-01-25T20:34:39","date_gmt":"2026-01-25T18:34:39","guid":{"rendered":"https:\/\/www.transtoyou.com\/fr\/product\/grazax\/"},"modified":"2026-02-18T16:45:48","modified_gmt":"2026-02-18T14:45:48","slug":"grazax","status":"publish","type":"product","link":"https:\/\/www.transtoyou.com\/fr\/product\/grazax\/","title":{"rendered":"Grazax"},"content":{"rendered":"<p>Grazax est un comprim\u00e9 d&rsquo;immunoth\u00e9rapie sublinguale (SLIT) con\u00e7u pour traiter les allergies au pollen de gramin\u00e9es en d\u00e9sensibilisant progressivement le syst\u00e8me immunitaire aux allerg\u00e8nes du pollen de gramin\u00e9es. Il contient un extrait d&rsquo;allerg\u00e8ne standard provenant du pollen de timothy, aidant \u00e0 r\u00e9duire la gravit\u00e9 des r\u00e9actions allergiques au fil du temps.<\/p>\n<p>Grazax est g\u00e9n\u00e9ralement prescrit aux personnes ayant des allergies s\u00e9v\u00e8res au pollen de gramin\u00e9es qui affectent consid\u00e9rablement leur qualit\u00e9 de vie. Il se prend une fois par jour, en commen\u00e7ant plusieurs mois avant et en continuant tout au long de la saison du pollen de gramin\u00e9es pour une efficacit\u00e9 optimale.<\/p>\n<p>Le traitement fonctionne en exposant le syst\u00e8me immunitaire \u00e0 de petites doses contr\u00f4l\u00e9es d&rsquo;allerg\u00e8nes du pollen de gramin\u00e9es, r\u00e9duisant la sensibilit\u00e9 du corps et offrant un soulagement \u00e0 long terme. Grazax est le plus efficace lorsqu&rsquo;il est utilis\u00e9 dans le cadre d&rsquo;un plan de gestion des allergies complet qui inclut l&rsquo;\u00e9vitement des allerg\u00e8nes et l&rsquo;utilisation d&rsquo;autres m\u00e9dicaments si n\u00e9cessaire.<\/p>\n<p>Les effets secondaires courants incluent des d\u00e9mangeaisons l\u00e9g\u00e8res ou un gonflement dans la bouche, une irritation de la gorge ou un inconfort gastro-intestinal, qui se r\u00e9solvent g\u00e9n\u00e9ralement \u00e0 mesure que le corps s&rsquo;adapte au traitement.<\/p>\n","protected":false},"excerpt":{"rendered":"<ul>\n<li>R\u00e9duit les sympt\u00f4mes d&rsquo;allergie au pollen de gramin\u00e9es<\/li>\n<li>D\u00e9sensibilise le syst\u00e8me immunitaire<\/li>\n<li>Comprim\u00e9 sublingual pratique \u00e0 prendre une fois par jour<\/li>\n<\/ul>\n","protected":false},"featured_media":1196,"comment_status":"open","ping_status":"closed","template":"","meta":[],"product_brand":[],"product_cat":[76],"product_tag":[],"expert":[19],"class_list":{"0":"post-1194","1":"product","2":"type-product","3":"status-publish","4":"has-post-thumbnail","6":"product_cat-soulagement-des-allergies-et-du-rhume-des-foins","7":"expert-dr-j-vazquez","9":"first","10":"instock","11":"shipping-taxable","12":"product-type-variable"},"yoast_head":"<!-- This site is optimized with the Yoast SEO plugin v27.0 - https:\/\/yoast.com\/product\/yoast-seo-wordpress\/ -->\n<title>Grazax | Soulagement des allergies et soutien immunitaire - Transtoyou<\/title>\n<meta name=\"description\" content=\"D\u00e9couvrez Grazax, un comprim\u00e9 SLIT pour soulager l&#039;allergie au pollen. Am\u00e9liorez votre quotidien avec une d\u00e9sensibilisation durable. Achetez sur Transtoyou.\" \/>\n<meta name=\"robots\" content=\"noindex, follow, max-snippet:-1, max-image-preview:large, max-video-preview:-1\" \/>\n<meta property=\"og:locale\" content=\"fr_FR\" \/>\n<meta property=\"og:type\" content=\"article\" \/>\n<meta property=\"og:title\" content=\"Grazax | Soulagement des allergies et soutien immunitaire - Transtoyou\" \/>\n<meta property=\"og:description\" content=\"D\u00e9couvrez Grazax, un comprim\u00e9 SLIT pour soulager l&#039;allergie au pollen. Am\u00e9liorez votre quotidien avec une d\u00e9sensibilisation durable. Achetez sur Transtoyou.\" \/>\n<meta property=\"og:url\" content=\"https:\/\/www.transtoyou.com\/fr\/product\/grazax\/\" \/>\n<meta property=\"og:site_name\" content=\"Transtoyou - FR\" \/>\n<meta property=\"article:modified_time\" content=\"2026-02-18T14:45:48+00:00\" \/>\n<meta name=\"twitter:card\" content=\"summary_large_image\" \/>\n<meta name=\"twitter:label1\" content=\"Dur\u00e9e de lecture estim\u00e9e\" \/>\n\t<meta name=\"twitter:data1\" content=\"1 minute\" \/>\n<script type=\"application\/ld+json\" class=\"yoast-schema-graph\">{\"@context\":\"https:\/\/schema.org\",\"@graph\":[{\"@type\":\"WebPage\",\"@id\":\"https:\/\/www.transtoyou.com\/fr\/product\/grazax\/\",\"url\":\"https:\/\/www.transtoyou.com\/fr\/product\/grazax\/\",\"name\":\"Grazax | Soulagement des allergies et soutien immunitaire - Transtoyou\",\"isPartOf\":{\"@id\":\"https:\/\/www.transtoyou.com\/fr\/#website\"},\"primaryImageOfPage\":{\"@id\":\"https:\/\/www.transtoyou.com\/fr\/product\/grazax\/#primaryimage\"},\"image\":{\"@id\":\"https:\/\/www.transtoyou.com\/fr\/product\/grazax\/#primaryimage\"},\"thumbnailUrl\":\"https:\/\/www.transtoyou.com\/fr\/wp-content\/uploads\/sites\/5\/2026\/01\/tty-no-product-image-157.webp\",\"datePublished\":\"2026-01-25T18:34:39+00:00\",\"dateModified\":\"2026-02-18T14:45:48+00:00\",\"description\":\"D\u00e9couvrez Grazax, un comprim\u00e9 SLIT pour soulager l'allergie au pollen. Am\u00e9liorez votre quotidien avec une d\u00e9sensibilisation durable. Achetez sur Transtoyou.\",\"breadcrumb\":{\"@id\":\"https:\/\/www.transtoyou.com\/fr\/product\/grazax\/#breadcrumb\"},\"inLanguage\":\"fr-FR\",\"potentialAction\":[{\"@type\":\"ReadAction\",\"target\":[\"https:\/\/www.transtoyou.com\/fr\/product\/grazax\/\"]}]},{\"@type\":\"ImageObject\",\"inLanguage\":\"fr-FR\",\"@id\":\"https:\/\/www.transtoyou.com\/fr\/product\/grazax\/#primaryimage\",\"url\":\"https:\/\/www.transtoyou.com\/fr\/wp-content\/uploads\/sites\/5\/2026\/01\/tty-no-product-image-157.webp\",\"contentUrl\":\"https:\/\/www.transtoyou.com\/fr\/wp-content\/uploads\/sites\/5\/2026\/01\/tty-no-product-image-157.webp\",\"width\":1000,\"height\":1000,\"caption\":\"Image de produit par d\u00e9faut\"},{\"@type\":\"WebSite\",\"@id\":\"https:\/\/www.transtoyou.com\/fr\/#website\",\"url\":\"https:\/\/www.transtoyou.com\/fr\/\",\"name\":\"Transtoyou - FR\",\"description\":\"\",\"publisher\":{\"@id\":\"https:\/\/www.transtoyou.com\/fr\/#organization\"},\"potentialAction\":[{\"@type\":\"SearchAction\",\"target\":{\"@type\":\"EntryPoint\",\"urlTemplate\":\"https:\/\/www.transtoyou.com\/fr\/?s={search_term_string}\"},\"query-input\":{\"@type\":\"PropertyValueSpecification\",\"valueRequired\":true,\"valueName\":\"search_term_string\"}}],\"inLanguage\":\"fr-FR\"},{\"@type\":\"Organization\",\"@id\":\"https:\/\/www.transtoyou.com\/fr\/#organization\",\"name\":\"Transtoyou - FR\",\"url\":\"https:\/\/www.transtoyou.com\/fr\/\",\"logo\":{\"@type\":\"ImageObject\",\"inLanguage\":\"fr-FR\",\"@id\":\"https:\/\/www.transtoyou.com\/fr\/#\/schema\/logo\/image\/\",\"url\":\"https:\/\/www.transtoyou.com\/fr\/wp-content\/uploads\/sites\/5\/2026\/01\/logo-tty-menu-bar-300x87-1.webp\",\"contentUrl\":\"https:\/\/www.transtoyou.com\/fr\/wp-content\/uploads\/sites\/5\/2026\/01\/logo-tty-menu-bar-300x87-1.webp\",\"width\":300,\"height\":87,\"caption\":\"Transtoyou - FR\"},\"image\":{\"@id\":\"https:\/\/www.transtoyou.com\/fr\/#\/schema\/logo\/image\/\"}}]}<\/script>\n<!-- \/ Yoast SEO plugin. -->","yoast_head_json":{"title":"Grazax | Soulagement des allergies et soutien immunitaire - Transtoyou","description":"D\u00e9couvrez Grazax, un comprim\u00e9 SLIT pour soulager l'allergie au pollen. Am\u00e9liorez votre quotidien avec une d\u00e9sensibilisation durable. Achetez sur Transtoyou.","robots":{"index":"noindex","follow":"follow","max-snippet":"max-snippet:-1","max-image-preview":"max-image-preview:large","max-video-preview":"max-video-preview:-1"},"og_locale":"fr_FR","og_type":"article","og_title":"Grazax | Soulagement des allergies et soutien immunitaire - Transtoyou","og_description":"D\u00e9couvrez Grazax, un comprim\u00e9 SLIT pour soulager l'allergie au pollen. Am\u00e9liorez votre quotidien avec une d\u00e9sensibilisation durable. Achetez sur Transtoyou.","og_url":"https:\/\/www.transtoyou.com\/fr\/product\/grazax\/","og_site_name":"Transtoyou - FR","article_modified_time":"2026-02-18T14:45:48+00:00","twitter_card":"summary_large_image","twitter_misc":{"Dur\u00e9e de lecture estim\u00e9e":"1 minute"},"schema":{"@context":"https:\/\/schema.org","@graph":[{"@type":"WebPage","@id":"https:\/\/www.transtoyou.com\/fr\/product\/grazax\/","url":"https:\/\/www.transtoyou.com\/fr\/product\/grazax\/","name":"Grazax | Soulagement des allergies et soutien immunitaire - Transtoyou","isPartOf":{"@id":"https:\/\/www.transtoyou.com\/fr\/#website"},"primaryImageOfPage":{"@id":"https:\/\/www.transtoyou.com\/fr\/product\/grazax\/#primaryimage"},"image":{"@id":"https:\/\/www.transtoyou.com\/fr\/product\/grazax\/#primaryimage"},"thumbnailUrl":"https:\/\/www.transtoyou.com\/fr\/wp-content\/uploads\/sites\/5\/2026\/01\/tty-no-product-image-157.webp","datePublished":"2026-01-25T18:34:39+00:00","dateModified":"2026-02-18T14:45:48+00:00","description":"D\u00e9couvrez Grazax, un comprim\u00e9 SLIT pour soulager l'allergie au pollen. Am\u00e9liorez votre quotidien avec une d\u00e9sensibilisation durable. Achetez sur Transtoyou.","breadcrumb":{"@id":"https:\/\/www.transtoyou.com\/fr\/product\/grazax\/#breadcrumb"},"inLanguage":"fr-FR","potentialAction":[{"@type":"ReadAction","target":["https:\/\/www.transtoyou.com\/fr\/product\/grazax\/"]}]},{"@type":"ImageObject","inLanguage":"fr-FR","@id":"https:\/\/www.transtoyou.com\/fr\/product\/grazax\/#primaryimage","url":"https:\/\/www.transtoyou.com\/fr\/wp-content\/uploads\/sites\/5\/2026\/01\/tty-no-product-image-157.webp","contentUrl":"https:\/\/www.transtoyou.com\/fr\/wp-content\/uploads\/sites\/5\/2026\/01\/tty-no-product-image-157.webp","width":1000,"height":1000,"caption":"Image de produit par d\u00e9faut"},{"@type":"WebSite","@id":"https:\/\/www.transtoyou.com\/fr\/#website","url":"https:\/\/www.transtoyou.com\/fr\/","name":"Transtoyou - FR","description":"","publisher":{"@id":"https:\/\/www.transtoyou.com\/fr\/#organization"},"potentialAction":[{"@type":"SearchAction","target":{"@type":"EntryPoint","urlTemplate":"https:\/\/www.transtoyou.com\/fr\/?s={search_term_string}"},"query-input":{"@type":"PropertyValueSpecification","valueRequired":true,"valueName":"search_term_string"}}],"inLanguage":"fr-FR"},{"@type":"Organization","@id":"https:\/\/www.transtoyou.com\/fr\/#organization","name":"Transtoyou - FR","url":"https:\/\/www.transtoyou.com\/fr\/","logo":{"@type":"ImageObject","inLanguage":"fr-FR","@id":"https:\/\/www.transtoyou.com\/fr\/#\/schema\/logo\/image\/","url":"https:\/\/www.transtoyou.com\/fr\/wp-content\/uploads\/sites\/5\/2026\/01\/logo-tty-menu-bar-300x87-1.webp","contentUrl":"https:\/\/www.transtoyou.com\/fr\/wp-content\/uploads\/sites\/5\/2026\/01\/logo-tty-menu-bar-300x87-1.webp","width":300,"height":87,"caption":"Transtoyou - FR"},"image":{"@id":"https:\/\/www.transtoyou.com\/fr\/#\/schema\/logo\/image\/"}}]}},"_links":{"self":[{"href":"https:\/\/www.transtoyou.com\/fr\/wp-json\/wp\/v2\/product\/1194","targetHints":{"allow":["GET"]}}],"collection":[{"href":"https:\/\/www.transtoyou.com\/fr\/wp-json\/wp\/v2\/product"}],"about":[{"href":"https:\/\/www.transtoyou.com\/fr\/wp-json\/wp\/v2\/types\/product"}],"replies":[{"embeddable":true,"href":"https:\/\/www.transtoyou.com\/fr\/wp-json\/wp\/v2\/comments?post=1194"}],"wp:featuredmedia":[{"embeddable":true,"href":"https:\/\/www.transtoyou.com\/fr\/wp-json\/wp\/v2\/media\/1196"}],"wp:attachment":[{"href":"https:\/\/www.transtoyou.com\/fr\/wp-json\/wp\/v2\/media?parent=1194"}],"wp:term":[{"taxonomy":"product_brand","embeddable":true,"href":"https:\/\/www.transtoyou.com\/fr\/wp-json\/wp\/v2\/product_brand?post=1194"},{"taxonomy":"product_cat","embeddable":true,"href":"https:\/\/www.transtoyou.com\/fr\/wp-json\/wp\/v2\/product_cat?post=1194"},{"taxonomy":"product_tag","embeddable":true,"href":"https:\/\/www.transtoyou.com\/fr\/wp-json\/wp\/v2\/product_tag?post=1194"},{"taxonomy":"expert","embeddable":true,"href":"https:\/\/www.transtoyou.com\/fr\/wp-json\/wp\/v2\/expert?post=1194"}],"curies":[{"name":"wp","href":"https:\/\/api.w.org\/{rel}","templated":true}]}}