{"id":1197,"date":"2026-01-25T20:51:54","date_gmt":"2026-01-25T18:51:54","guid":{"rendered":"https:\/\/www.transtoyou.com\/fr\/product\/promethazine\/"},"modified":"2026-03-01T16:17:51","modified_gmt":"2026-03-01T14:17:51","slug":"promethazine","status":"publish","type":"product","link":"https:\/\/www.transtoyou.com\/fr\/product\/promethazine\/","title":{"rendered":"Prom\u00e9thazine"},"content":{"rendered":"<p>La prom\u00e9thazine est un antihistaminique de premi\u00e8re g\u00e9n\u00e9ration utilis\u00e9 pour aider \u00e0 g\u00e9rer les sympt\u00f4mes des allergies et du rhume des foins, notamment les \u00e9ternuements, le nez qui coule, les yeux qui piquent ou qui larmoient, et les r\u00e9actions cutan\u00e9es telles que les \u00e9ruptions cutan\u00e9es ou les d\u00e9mangeaisons. Elle agit en bloquant les effets de l&rsquo;histamine, une substance chimique lib\u00e9r\u00e9e lors des r\u00e9actions allergiques, qui provoque inflammation et irritation dans le corps.<\/p>\n<p>Ce m\u00e9dicament est particuli\u00e8rement utile pour les personnes qui subissent des r\u00e9actions allergiques mod\u00e9r\u00e9es \u00e0 s\u00e9v\u00e8res qui affectent leur qualit\u00e9 de vie ou leur sommeil. Contrairement aux antihistaminiques plus r\u00e9cents, la prom\u00e9thazine a un effet s\u00e9datif, ce qui en fait une option utile pour ceux dont les sympt\u00f4mes allergiques interf\u00e8rent avec le sommeil. Elle est \u00e9galement souvent prescrite lorsque les allergies s&rsquo;accompagnent de probl\u00e8mes cutan\u00e9s comme des \u00e9ruptions ou des d\u00e9mangeaisons s\u00e9v\u00e8res.<\/p>\n<p>La prom\u00e9thazine est g\u00e9n\u00e9ralement prise sous forme de comprim\u00e9 une ou deux fois par jour, en fonction de la gravit\u00e9 des sympt\u00f4mes. En raison de son effet calmant, elle est souvent prise le soir ou avant de se coucher. L&rsquo;effet s\u00e9datif soulage non seulement les sympt\u00f4mes allergiques mais aide \u00e9galement le corps \u00e0 se reposer, ce qui la rend particuli\u00e8rement adapt\u00e9e \u00e0 une utilisation nocturne.<\/p>\n<p>Les effets commencent g\u00e9n\u00e9ralement dans les 20 \u00e0 60 minutes suivant la prise d&rsquo;une dose et peuvent durer plusieurs heures. Certaines personnes peuvent ressentir de la somnolence, des \u00e9tourdissements ou une bouche s\u00e8che, surtout pendant les premiers jours d&rsquo;utilisation. Ces effets secondaires diminuent souvent \u00e0 mesure que le corps s&rsquo;adapte. Il est important de ne pas conduire ou utiliser des machines apr\u00e8s avoir pris de la prom\u00e9thazine tant que vous ne savez pas comment elle vous affecte.<\/p>\n","protected":false},"excerpt":{"rendered":"<ul>\n<li>Apporte un soulagement contre les allergies et les naus\u00e9es<\/li>\n<li>Aide \u00e0 g\u00e9rer le mal des transports<\/li>\n<li>Peut aider avec des probl\u00e8mes de sommeil \u00e0 court terme<\/li>\n<\/ul>\n","protected":false},"featured_media":1199,"comment_status":"open","ping_status":"closed","template":"","meta":[],"product_brand":[],"product_cat":[76],"product_tag":[],"expert":[19],"class_list":{"0":"post-1197","1":"product","2":"type-product","3":"status-publish","4":"has-post-thumbnail","6":"product_cat-soulagement-des-allergies-et-du-rhume-des-foins","7":"expert-dr-j-vazquez","9":"first","10":"instock","11":"shipping-taxable","12":"product-type-variable"},"yoast_head":"<!-- This site is optimized with the Yoast SEO plugin v27.0 - https:\/\/yoast.com\/product\/yoast-seo-wordpress\/ -->\n<title>Prom\u00e9thazine | Soulagement rapide des sympt\u00f4mes d&#039;allergie - Transtoyou<\/title>\n<meta name=\"description\" content=\"Prom\u00e9thazine, un antihistaminique pour soulager les allergies et am\u00e9liorer le sommeil. Soulagez vos sympt\u00f4mes, achetez maintenant sur Transtoyou.\" \/>\n<meta name=\"robots\" content=\"noindex, follow, max-snippet:-1, max-image-preview:large, max-video-preview:-1\" \/>\n<meta property=\"og:locale\" content=\"fr_FR\" \/>\n<meta property=\"og:type\" content=\"article\" \/>\n<meta property=\"og:title\" content=\"Prom\u00e9thazine | Soulagement rapide des sympt\u00f4mes d&#039;allergie - Transtoyou\" \/>\n<meta property=\"og:description\" content=\"Prom\u00e9thazine, un antihistaminique pour soulager les allergies et am\u00e9liorer le sommeil. Soulagez vos sympt\u00f4mes, achetez maintenant sur Transtoyou.\" \/>\n<meta property=\"og:url\" content=\"https:\/\/www.transtoyou.com\/fr\/product\/promethazine\/\" \/>\n<meta property=\"og:site_name\" content=\"Transtoyou - FR\" \/>\n<meta property=\"article:modified_time\" content=\"2026-03-01T14:17:51+00:00\" \/>\n<meta name=\"twitter:card\" content=\"summary_large_image\" \/>\n<meta name=\"twitter:label1\" content=\"Dur\u00e9e de lecture estim\u00e9e\" \/>\n\t<meta name=\"twitter:data1\" content=\"2 minutes\" \/>\n<script type=\"application\/ld+json\" class=\"yoast-schema-graph\">{\"@context\":\"https:\/\/schema.org\",\"@graph\":[{\"@type\":\"WebPage\",\"@id\":\"https:\/\/www.transtoyou.com\/fr\/product\/promethazine\/\",\"url\":\"https:\/\/www.transtoyou.com\/fr\/product\/promethazine\/\",\"name\":\"Prom\u00e9thazine | Soulagement rapide des sympt\u00f4mes d'allergie - Transtoyou\",\"isPartOf\":{\"@id\":\"https:\/\/www.transtoyou.com\/fr\/#website\"},\"primaryImageOfPage\":{\"@id\":\"https:\/\/www.transtoyou.com\/fr\/product\/promethazine\/#primaryimage\"},\"image\":{\"@id\":\"https:\/\/www.transtoyou.com\/fr\/product\/promethazine\/#primaryimage\"},\"thumbnailUrl\":\"https:\/\/www.transtoyou.com\/fr\/wp-content\/uploads\/sites\/5\/2026\/01\/tty-no-product-image-158.webp\",\"datePublished\":\"2026-01-25T18:51:54+00:00\",\"dateModified\":\"2026-03-01T14:17:51+00:00\",\"description\":\"Prom\u00e9thazine, un antihistaminique pour soulager les allergies et am\u00e9liorer le sommeil. Soulagez vos sympt\u00f4mes, achetez maintenant sur Transtoyou.\",\"breadcrumb\":{\"@id\":\"https:\/\/www.transtoyou.com\/fr\/product\/promethazine\/#breadcrumb\"},\"inLanguage\":\"fr-FR\",\"potentialAction\":[{\"@type\":\"ReadAction\",\"target\":[\"https:\/\/www.transtoyou.com\/fr\/product\/promethazine\/\"]}]},{\"@type\":\"ImageObject\",\"inLanguage\":\"fr-FR\",\"@id\":\"https:\/\/www.transtoyou.com\/fr\/product\/promethazine\/#primaryimage\",\"url\":\"https:\/\/www.transtoyou.com\/fr\/wp-content\/uploads\/sites\/5\/2026\/01\/tty-no-product-image-158.webp\",\"contentUrl\":\"https:\/\/www.transtoyou.com\/fr\/wp-content\/uploads\/sites\/5\/2026\/01\/tty-no-product-image-158.webp\",\"width\":1000,\"height\":1000,\"caption\":\"Image produit par d\u00e9faut\"},{\"@type\":\"WebSite\",\"@id\":\"https:\/\/www.transtoyou.com\/fr\/#website\",\"url\":\"https:\/\/www.transtoyou.com\/fr\/\",\"name\":\"Transtoyou - FR\",\"description\":\"\",\"publisher\":{\"@id\":\"https:\/\/www.transtoyou.com\/fr\/#organization\"},\"potentialAction\":[{\"@type\":\"SearchAction\",\"target\":{\"@type\":\"EntryPoint\",\"urlTemplate\":\"https:\/\/www.transtoyou.com\/fr\/?s={search_term_string}\"},\"query-input\":{\"@type\":\"PropertyValueSpecification\",\"valueRequired\":true,\"valueName\":\"search_term_string\"}}],\"inLanguage\":\"fr-FR\"},{\"@type\":\"Organization\",\"@id\":\"https:\/\/www.transtoyou.com\/fr\/#organization\",\"name\":\"Transtoyou - FR\",\"url\":\"https:\/\/www.transtoyou.com\/fr\/\",\"logo\":{\"@type\":\"ImageObject\",\"inLanguage\":\"fr-FR\",\"@id\":\"https:\/\/www.transtoyou.com\/fr\/#\/schema\/logo\/image\/\",\"url\":\"https:\/\/www.transtoyou.com\/fr\/wp-content\/uploads\/sites\/5\/2026\/01\/logo-tty-menu-bar-300x87-1.webp\",\"contentUrl\":\"https:\/\/www.transtoyou.com\/fr\/wp-content\/uploads\/sites\/5\/2026\/01\/logo-tty-menu-bar-300x87-1.webp\",\"width\":300,\"height\":87,\"caption\":\"Transtoyou - FR\"},\"image\":{\"@id\":\"https:\/\/www.transtoyou.com\/fr\/#\/schema\/logo\/image\/\"}}]}<\/script>\n<!-- \/ Yoast SEO plugin. -->","yoast_head_json":{"title":"Prom\u00e9thazine | Soulagement rapide des sympt\u00f4mes d'allergie - Transtoyou","description":"Prom\u00e9thazine, un antihistaminique pour soulager les allergies et am\u00e9liorer le sommeil. Soulagez vos sympt\u00f4mes, achetez maintenant sur Transtoyou.","robots":{"index":"noindex","follow":"follow","max-snippet":"max-snippet:-1","max-image-preview":"max-image-preview:large","max-video-preview":"max-video-preview:-1"},"og_locale":"fr_FR","og_type":"article","og_title":"Prom\u00e9thazine | Soulagement rapide des sympt\u00f4mes d'allergie - Transtoyou","og_description":"Prom\u00e9thazine, un antihistaminique pour soulager les allergies et am\u00e9liorer le sommeil. Soulagez vos sympt\u00f4mes, achetez maintenant sur Transtoyou.","og_url":"https:\/\/www.transtoyou.com\/fr\/product\/promethazine\/","og_site_name":"Transtoyou - FR","article_modified_time":"2026-03-01T14:17:51+00:00","twitter_card":"summary_large_image","twitter_misc":{"Dur\u00e9e de lecture estim\u00e9e":"2 minutes"},"schema":{"@context":"https:\/\/schema.org","@graph":[{"@type":"WebPage","@id":"https:\/\/www.transtoyou.com\/fr\/product\/promethazine\/","url":"https:\/\/www.transtoyou.com\/fr\/product\/promethazine\/","name":"Prom\u00e9thazine | Soulagement rapide des sympt\u00f4mes d'allergie - Transtoyou","isPartOf":{"@id":"https:\/\/www.transtoyou.com\/fr\/#website"},"primaryImageOfPage":{"@id":"https:\/\/www.transtoyou.com\/fr\/product\/promethazine\/#primaryimage"},"image":{"@id":"https:\/\/www.transtoyou.com\/fr\/product\/promethazine\/#primaryimage"},"thumbnailUrl":"https:\/\/www.transtoyou.com\/fr\/wp-content\/uploads\/sites\/5\/2026\/01\/tty-no-product-image-158.webp","datePublished":"2026-01-25T18:51:54+00:00","dateModified":"2026-03-01T14:17:51+00:00","description":"Prom\u00e9thazine, un antihistaminique pour soulager les allergies et am\u00e9liorer le sommeil. Soulagez vos sympt\u00f4mes, achetez maintenant sur Transtoyou.","breadcrumb":{"@id":"https:\/\/www.transtoyou.com\/fr\/product\/promethazine\/#breadcrumb"},"inLanguage":"fr-FR","potentialAction":[{"@type":"ReadAction","target":["https:\/\/www.transtoyou.com\/fr\/product\/promethazine\/"]}]},{"@type":"ImageObject","inLanguage":"fr-FR","@id":"https:\/\/www.transtoyou.com\/fr\/product\/promethazine\/#primaryimage","url":"https:\/\/www.transtoyou.com\/fr\/wp-content\/uploads\/sites\/5\/2026\/01\/tty-no-product-image-158.webp","contentUrl":"https:\/\/www.transtoyou.com\/fr\/wp-content\/uploads\/sites\/5\/2026\/01\/tty-no-product-image-158.webp","width":1000,"height":1000,"caption":"Image produit par d\u00e9faut"},{"@type":"WebSite","@id":"https:\/\/www.transtoyou.com\/fr\/#website","url":"https:\/\/www.transtoyou.com\/fr\/","name":"Transtoyou - FR","description":"","publisher":{"@id":"https:\/\/www.transtoyou.com\/fr\/#organization"},"potentialAction":[{"@type":"SearchAction","target":{"@type":"EntryPoint","urlTemplate":"https:\/\/www.transtoyou.com\/fr\/?s={search_term_string}"},"query-input":{"@type":"PropertyValueSpecification","valueRequired":true,"valueName":"search_term_string"}}],"inLanguage":"fr-FR"},{"@type":"Organization","@id":"https:\/\/www.transtoyou.com\/fr\/#organization","name":"Transtoyou - FR","url":"https:\/\/www.transtoyou.com\/fr\/","logo":{"@type":"ImageObject","inLanguage":"fr-FR","@id":"https:\/\/www.transtoyou.com\/fr\/#\/schema\/logo\/image\/","url":"https:\/\/www.transtoyou.com\/fr\/wp-content\/uploads\/sites\/5\/2026\/01\/logo-tty-menu-bar-300x87-1.webp","contentUrl":"https:\/\/www.transtoyou.com\/fr\/wp-content\/uploads\/sites\/5\/2026\/01\/logo-tty-menu-bar-300x87-1.webp","width":300,"height":87,"caption":"Transtoyou - FR"},"image":{"@id":"https:\/\/www.transtoyou.com\/fr\/#\/schema\/logo\/image\/"}}]}},"_links":{"self":[{"href":"https:\/\/www.transtoyou.com\/fr\/wp-json\/wp\/v2\/product\/1197","targetHints":{"allow":["GET"]}}],"collection":[{"href":"https:\/\/www.transtoyou.com\/fr\/wp-json\/wp\/v2\/product"}],"about":[{"href":"https:\/\/www.transtoyou.com\/fr\/wp-json\/wp\/v2\/types\/product"}],"replies":[{"embeddable":true,"href":"https:\/\/www.transtoyou.com\/fr\/wp-json\/wp\/v2\/comments?post=1197"}],"wp:featuredmedia":[{"embeddable":true,"href":"https:\/\/www.transtoyou.com\/fr\/wp-json\/wp\/v2\/media\/1199"}],"wp:attachment":[{"href":"https:\/\/www.transtoyou.com\/fr\/wp-json\/wp\/v2\/media?parent=1197"}],"wp:term":[{"taxonomy":"product_brand","embeddable":true,"href":"https:\/\/www.transtoyou.com\/fr\/wp-json\/wp\/v2\/product_brand?post=1197"},{"taxonomy":"product_cat","embeddable":true,"href":"https:\/\/www.transtoyou.com\/fr\/wp-json\/wp\/v2\/product_cat?post=1197"},{"taxonomy":"product_tag","embeddable":true,"href":"https:\/\/www.transtoyou.com\/fr\/wp-json\/wp\/v2\/product_tag?post=1197"},{"taxonomy":"expert","embeddable":true,"href":"https:\/\/www.transtoyou.com\/fr\/wp-json\/wp\/v2\/expert?post=1197"}],"curies":[{"name":"wp","href":"https:\/\/api.w.org\/{rel}","templated":true}]}}