{"id":1215,"date":"2026-01-25T22:39:23","date_gmt":"2026-01-25T20:39:23","guid":{"rendered":"https:\/\/www.transtoyou.com\/fr\/product\/diane-35-dianette\/"},"modified":"2026-02-16T11:19:01","modified_gmt":"2026-02-16T09:19:01","slug":"diane-35-dianette","status":"publish","type":"product","link":"https:\/\/www.transtoyou.com\/fr\/product\/diane-35-dianette\/","title":{"rendered":"Diane 35 (Dianette)"},"content":{"rendered":"<p>Diane 35 (\u00e9galement connu sous le nom de Dianette) est un contraceptif oral combin\u00e9 qui contient \u00e0 la fois un \u0153strog\u00e8ne (\u00e9thinylestradiol) et un progestatif anti-androg\u00e9nique (ac\u00e9tate de cyprot\u00e9rone). Il est souvent prescrit non seulement pour la contraception, mais aussi pour traiter des affections li\u00e9es aux androg\u00e8nes telles que l&rsquo;acn\u00e9, l&rsquo;exc\u00e8s de poils sur le visage ou le corps (hirsutisme) et certains signes d&rsquo;hyperandrog\u00e9nie. En supprimant les actions des androg\u00e8nes, Diane 35 aide \u00e0 r\u00e9duire la production de s\u00e9bum et \u00e0 att\u00e9nuer les imperfections tout en contribuant \u00e0 r\u00e9guler les cycles menstruels.<\/p>\n<p>Utilis\u00e9 correctement, Diane 35 peut am\u00e9liorer de mani\u00e8re significative l&rsquo;apparence de la peau sujette \u00e0 l&rsquo;acn\u00e9, en faisant parfois un contraceptif privil\u00e9gi\u00e9 pour les personnes qui souhaitent \u00e0 la fois une contraception et une approche cibl\u00e9e de l&rsquo;acn\u00e9. La combinaison d&rsquo;\u0153strog\u00e8ne et d&rsquo;ac\u00e9tate de cyprot\u00e9rone agit \u00e0 plusieurs niveaux, notamment en supprimant l&rsquo;ovulation, en modifiant la muqueuse ut\u00e9rine et en \u00e9paississant le mucus cervical. Ces effets diminuent la probabilit\u00e9 de grossesse tout en r\u00e9duisant les effets androg\u00e9niques qui aggravent l&rsquo;acn\u00e9 ou la croissance de poils ind\u00e9sirables.<\/p>\n<p>Diane 35 se prend une fois par jour pendant 21 jours, suivi d&rsquo;une pause de 7 jours pendant laquelle un saignement de retrait se produit g\u00e9n\u00e9ralement. Il n&rsquo;est pas recommand\u00e9 pour une contraception \u00e0 long terme, sauf s&rsquo;il est sp\u00e9cifiquement prescrit pour des conditions telles que l&rsquo;acn\u00e9 ou l&rsquo;hirsutisme.<\/p>\n","protected":false},"excerpt":{"rendered":"<ul>\n<li>Contraceptif avec des avantages anti-androg\u00e8nes<\/li>\n<li>R\u00e9duit l&rsquo;acn\u00e9 et les poils ind\u00e9sirables<\/li>\n<li>Combine l&rsquo;\u0153strog\u00e8ne et l&rsquo;ac\u00e9tate de cyprot\u00e9rone<\/li>\n<\/ul>\n","protected":false},"featured_media":1217,"comment_status":"open","ping_status":"closed","template":"","meta":[],"product_brand":[],"product_cat":[73,112,137,94],"product_tag":[],"expert":[21],"class_list":{"0":"post-1215","1":"product","2":"type-product","3":"status-publish","4":"has-post-thumbnail","6":"product_cat-acne","7":"product_cat-endometriose","8":"product_cat-hirsutisme-poils-du-visage","9":"product_cat-pilule-combinee","10":"expert-dr-m-sharoyko","12":"first","13":"instock","14":"shipping-taxable","15":"product-type-variable"},"yoast_head":"<!-- This site is optimized with the Yoast SEO plugin v27.0 - https:\/\/yoast.com\/product\/yoast-seo-wordpress\/ -->\n<title>Diane 35 (Dianette) | Traitement de l&#039;acn\u00e9 et contraception - Transtoyou<\/title>\n<meta name=\"description\" content=\"Diane 35 (Dianette) disponible sur Transtoyou, traite l&#039;acn\u00e9 et les poils ind\u00e9sirables tout en r\u00e9gulant les cycles avec des effets contraceptifs.\" \/>\n<meta name=\"robots\" content=\"noindex, follow, max-snippet:-1, max-image-preview:large, max-video-preview:-1\" \/>\n<meta property=\"og:locale\" content=\"fr_FR\" \/>\n<meta property=\"og:type\" content=\"article\" \/>\n<meta property=\"og:title\" content=\"Diane 35 (Dianette) | Traitement de l&#039;acn\u00e9 et contraception - Transtoyou\" \/>\n<meta property=\"og:description\" content=\"Diane 35 (Dianette) disponible sur Transtoyou, traite l&#039;acn\u00e9 et les poils ind\u00e9sirables tout en r\u00e9gulant les cycles avec des effets contraceptifs.\" \/>\n<meta property=\"og:url\" content=\"https:\/\/www.transtoyou.com\/fr\/product\/diane-35-dianette\/\" \/>\n<meta property=\"og:site_name\" content=\"Transtoyou - FR\" \/>\n<meta property=\"article:modified_time\" content=\"2026-02-16T09:19:01+00:00\" \/>\n<meta name=\"twitter:card\" content=\"summary_large_image\" \/>\n<meta name=\"twitter:label1\" content=\"Dur\u00e9e de lecture estim\u00e9e\" \/>\n\t<meta name=\"twitter:data1\" content=\"1 minute\" \/>\n<script type=\"application\/ld+json\" class=\"yoast-schema-graph\">{\"@context\":\"https:\/\/schema.org\",\"@graph\":[{\"@type\":\"WebPage\",\"@id\":\"https:\/\/www.transtoyou.com\/fr\/product\/diane-35-dianette\/\",\"url\":\"https:\/\/www.transtoyou.com\/fr\/product\/diane-35-dianette\/\",\"name\":\"Diane 35 (Dianette) | Traitement de l'acn\u00e9 et contraception - Transtoyou\",\"isPartOf\":{\"@id\":\"https:\/\/www.transtoyou.com\/fr\/#website\"},\"primaryImageOfPage\":{\"@id\":\"https:\/\/www.transtoyou.com\/fr\/product\/diane-35-dianette\/#primaryimage\"},\"image\":{\"@id\":\"https:\/\/www.transtoyou.com\/fr\/product\/diane-35-dianette\/#primaryimage\"},\"thumbnailUrl\":\"https:\/\/www.transtoyou.com\/fr\/wp-content\/uploads\/sites\/5\/2026\/01\/tty-no-product-image-164.webp\",\"datePublished\":\"2026-01-25T20:39:23+00:00\",\"dateModified\":\"2026-02-16T09:19:01+00:00\",\"description\":\"Diane 35 (Dianette) disponible sur Transtoyou, traite l'acn\u00e9 et les poils ind\u00e9sirables tout en r\u00e9gulant les cycles avec des effets contraceptifs.\",\"breadcrumb\":{\"@id\":\"https:\/\/www.transtoyou.com\/fr\/product\/diane-35-dianette\/#breadcrumb\"},\"inLanguage\":\"fr-FR\",\"potentialAction\":[{\"@type\":\"ReadAction\",\"target\":[\"https:\/\/www.transtoyou.com\/fr\/product\/diane-35-dianette\/\"]}]},{\"@type\":\"ImageObject\",\"inLanguage\":\"fr-FR\",\"@id\":\"https:\/\/www.transtoyou.com\/fr\/product\/diane-35-dianette\/#primaryimage\",\"url\":\"https:\/\/www.transtoyou.com\/fr\/wp-content\/uploads\/sites\/5\/2026\/01\/tty-no-product-image-164.webp\",\"contentUrl\":\"https:\/\/www.transtoyou.com\/fr\/wp-content\/uploads\/sites\/5\/2026\/01\/tty-no-product-image-164.webp\",\"width\":1000,\"height\":1000,\"caption\":\"Image produit par d\u00e9faut\"},{\"@type\":\"WebSite\",\"@id\":\"https:\/\/www.transtoyou.com\/fr\/#website\",\"url\":\"https:\/\/www.transtoyou.com\/fr\/\",\"name\":\"Transtoyou - FR\",\"description\":\"\",\"publisher\":{\"@id\":\"https:\/\/www.transtoyou.com\/fr\/#organization\"},\"potentialAction\":[{\"@type\":\"SearchAction\",\"target\":{\"@type\":\"EntryPoint\",\"urlTemplate\":\"https:\/\/www.transtoyou.com\/fr\/?s={search_term_string}\"},\"query-input\":{\"@type\":\"PropertyValueSpecification\",\"valueRequired\":true,\"valueName\":\"search_term_string\"}}],\"inLanguage\":\"fr-FR\"},{\"@type\":\"Organization\",\"@id\":\"https:\/\/www.transtoyou.com\/fr\/#organization\",\"name\":\"Transtoyou - FR\",\"url\":\"https:\/\/www.transtoyou.com\/fr\/\",\"logo\":{\"@type\":\"ImageObject\",\"inLanguage\":\"fr-FR\",\"@id\":\"https:\/\/www.transtoyou.com\/fr\/#\/schema\/logo\/image\/\",\"url\":\"https:\/\/www.transtoyou.com\/fr\/wp-content\/uploads\/sites\/5\/2026\/01\/logo-tty-menu-bar-300x87-1.webp\",\"contentUrl\":\"https:\/\/www.transtoyou.com\/fr\/wp-content\/uploads\/sites\/5\/2026\/01\/logo-tty-menu-bar-300x87-1.webp\",\"width\":300,\"height\":87,\"caption\":\"Transtoyou - FR\"},\"image\":{\"@id\":\"https:\/\/www.transtoyou.com\/fr\/#\/schema\/logo\/image\/\"}}]}<\/script>\n<!-- \/ Yoast SEO plugin. -->","yoast_head_json":{"title":"Diane 35 (Dianette) | Traitement de l'acn\u00e9 et contraception - Transtoyou","description":"Diane 35 (Dianette) disponible sur Transtoyou, traite l'acn\u00e9 et les poils ind\u00e9sirables tout en r\u00e9gulant les cycles avec des effets contraceptifs.","robots":{"index":"noindex","follow":"follow","max-snippet":"max-snippet:-1","max-image-preview":"max-image-preview:large","max-video-preview":"max-video-preview:-1"},"og_locale":"fr_FR","og_type":"article","og_title":"Diane 35 (Dianette) | Traitement de l'acn\u00e9 et contraception - Transtoyou","og_description":"Diane 35 (Dianette) disponible sur Transtoyou, traite l'acn\u00e9 et les poils ind\u00e9sirables tout en r\u00e9gulant les cycles avec des effets contraceptifs.","og_url":"https:\/\/www.transtoyou.com\/fr\/product\/diane-35-dianette\/","og_site_name":"Transtoyou - FR","article_modified_time":"2026-02-16T09:19:01+00:00","twitter_card":"summary_large_image","twitter_misc":{"Dur\u00e9e de lecture estim\u00e9e":"1 minute"},"schema":{"@context":"https:\/\/schema.org","@graph":[{"@type":"WebPage","@id":"https:\/\/www.transtoyou.com\/fr\/product\/diane-35-dianette\/","url":"https:\/\/www.transtoyou.com\/fr\/product\/diane-35-dianette\/","name":"Diane 35 (Dianette) | Traitement de l'acn\u00e9 et contraception - Transtoyou","isPartOf":{"@id":"https:\/\/www.transtoyou.com\/fr\/#website"},"primaryImageOfPage":{"@id":"https:\/\/www.transtoyou.com\/fr\/product\/diane-35-dianette\/#primaryimage"},"image":{"@id":"https:\/\/www.transtoyou.com\/fr\/product\/diane-35-dianette\/#primaryimage"},"thumbnailUrl":"https:\/\/www.transtoyou.com\/fr\/wp-content\/uploads\/sites\/5\/2026\/01\/tty-no-product-image-164.webp","datePublished":"2026-01-25T20:39:23+00:00","dateModified":"2026-02-16T09:19:01+00:00","description":"Diane 35 (Dianette) disponible sur Transtoyou, traite l'acn\u00e9 et les poils ind\u00e9sirables tout en r\u00e9gulant les cycles avec des effets contraceptifs.","breadcrumb":{"@id":"https:\/\/www.transtoyou.com\/fr\/product\/diane-35-dianette\/#breadcrumb"},"inLanguage":"fr-FR","potentialAction":[{"@type":"ReadAction","target":["https:\/\/www.transtoyou.com\/fr\/product\/diane-35-dianette\/"]}]},{"@type":"ImageObject","inLanguage":"fr-FR","@id":"https:\/\/www.transtoyou.com\/fr\/product\/diane-35-dianette\/#primaryimage","url":"https:\/\/www.transtoyou.com\/fr\/wp-content\/uploads\/sites\/5\/2026\/01\/tty-no-product-image-164.webp","contentUrl":"https:\/\/www.transtoyou.com\/fr\/wp-content\/uploads\/sites\/5\/2026\/01\/tty-no-product-image-164.webp","width":1000,"height":1000,"caption":"Image produit par d\u00e9faut"},{"@type":"WebSite","@id":"https:\/\/www.transtoyou.com\/fr\/#website","url":"https:\/\/www.transtoyou.com\/fr\/","name":"Transtoyou - FR","description":"","publisher":{"@id":"https:\/\/www.transtoyou.com\/fr\/#organization"},"potentialAction":[{"@type":"SearchAction","target":{"@type":"EntryPoint","urlTemplate":"https:\/\/www.transtoyou.com\/fr\/?s={search_term_string}"},"query-input":{"@type":"PropertyValueSpecification","valueRequired":true,"valueName":"search_term_string"}}],"inLanguage":"fr-FR"},{"@type":"Organization","@id":"https:\/\/www.transtoyou.com\/fr\/#organization","name":"Transtoyou - FR","url":"https:\/\/www.transtoyou.com\/fr\/","logo":{"@type":"ImageObject","inLanguage":"fr-FR","@id":"https:\/\/www.transtoyou.com\/fr\/#\/schema\/logo\/image\/","url":"https:\/\/www.transtoyou.com\/fr\/wp-content\/uploads\/sites\/5\/2026\/01\/logo-tty-menu-bar-300x87-1.webp","contentUrl":"https:\/\/www.transtoyou.com\/fr\/wp-content\/uploads\/sites\/5\/2026\/01\/logo-tty-menu-bar-300x87-1.webp","width":300,"height":87,"caption":"Transtoyou - FR"},"image":{"@id":"https:\/\/www.transtoyou.com\/fr\/#\/schema\/logo\/image\/"}}]}},"_links":{"self":[{"href":"https:\/\/www.transtoyou.com\/fr\/wp-json\/wp\/v2\/product\/1215","targetHints":{"allow":["GET"]}}],"collection":[{"href":"https:\/\/www.transtoyou.com\/fr\/wp-json\/wp\/v2\/product"}],"about":[{"href":"https:\/\/www.transtoyou.com\/fr\/wp-json\/wp\/v2\/types\/product"}],"replies":[{"embeddable":true,"href":"https:\/\/www.transtoyou.com\/fr\/wp-json\/wp\/v2\/comments?post=1215"}],"wp:featuredmedia":[{"embeddable":true,"href":"https:\/\/www.transtoyou.com\/fr\/wp-json\/wp\/v2\/media\/1217"}],"wp:attachment":[{"href":"https:\/\/www.transtoyou.com\/fr\/wp-json\/wp\/v2\/media?parent=1215"}],"wp:term":[{"taxonomy":"product_brand","embeddable":true,"href":"https:\/\/www.transtoyou.com\/fr\/wp-json\/wp\/v2\/product_brand?post=1215"},{"taxonomy":"product_cat","embeddable":true,"href":"https:\/\/www.transtoyou.com\/fr\/wp-json\/wp\/v2\/product_cat?post=1215"},{"taxonomy":"product_tag","embeddable":true,"href":"https:\/\/www.transtoyou.com\/fr\/wp-json\/wp\/v2\/product_tag?post=1215"},{"taxonomy":"expert","embeddable":true,"href":"https:\/\/www.transtoyou.com\/fr\/wp-json\/wp\/v2\/expert?post=1215"}],"curies":[{"name":"wp","href":"https:\/\/api.w.org\/{rel}","templated":true}]}}