{"id":1227,"date":"2026-01-25T23:50:09","date_gmt":"2026-01-25T21:50:09","guid":{"rendered":"https:\/\/www.transtoyou.com\/fr\/product\/torasemide\/"},"modified":"2026-03-06T15:33:48","modified_gmt":"2026-03-06T13:33:48","slug":"torasemide","status":"publish","type":"product","link":"https:\/\/www.transtoyou.com\/fr\/product\/torasemide\/","title":{"rendered":"Toras\u00e9mide"},"content":{"rendered":"<p>La toras\u00e9mide est un m\u00e9dicament principalement utilis\u00e9 pour traiter la r\u00e9tention d&rsquo;eau (\u00e9galement appel\u00e9e \u0153d\u00e8me) et l&rsquo;hypertension art\u00e9rielle. Elle aide votre corps \u00e0 se d\u00e9barrasser de l&rsquo;exc\u00e8s d&rsquo;eau et de sel par l&rsquo;urine. Cela r\u00e9duit le gonflement et soulage la pression sur votre c\u0153ur.<\/p>\n<p>La toras\u00e9mide agit dans une partie du rein qui r\u00e9absorbe g\u00e9n\u00e9ralement l&rsquo;eau et le sel dans le corps. En bloquant ce processus, le m\u00e9dicament vous aide \u00e0 \u00e9liminer plus de sel et de liquide dans votre urine. En cons\u00e9quence, l&rsquo;accumulation de liquide dans votre corps diminue. Contrairement \u00e0 certains autres diur\u00e9tiques, la toras\u00e9mide fonctionne toujours bien m\u00eame si vos reins ne fonctionnent pas parfaitement.<\/p>\n<p>Les m\u00e9decins prescrivent la toras\u00e9mide aux personnes qui retiennent trop de liquide en raison d&rsquo;une insuffisance cardiaque, de probl\u00e8mes r\u00e9naux ou de maladies du foie. Elle est \u00e9galement utilis\u00e9e pour abaisser l&rsquo;hypertension art\u00e9rielle, seule ou avec d&rsquo;autres m\u00e9dicaments. Pour les personnes souffrant d&rsquo;insuffisance cardiaque, la toras\u00e9mide peut aider \u00e0 soulager des sympt\u00f4mes tels que l&rsquo;essoufflement et peut r\u00e9duire le besoin de visites \u00e0 l&rsquo;h\u00f4pital, parfois plus efficacement que les diur\u00e9tiques plus anciens comme le furos\u00e9mide.<\/p>\n<p>En aidant votre corps \u00e0 \u00e9liminer l&rsquo;exc\u00e8s de liquide, la toras\u00e9mide r\u00e9duit le gonflement des jambes, du ventre ou des poumons. Votre pression art\u00e9rielle peut diminuer car il y a moins de liquide dans votre circulation sanguine, ce qui facilite \u00e9galement le travail de votre c\u0153ur. Avec le temps, cela peut soutenir la sant\u00e9 cardiaque en r\u00e9duisant l&rsquo;impact de certaines hormones qui peuvent raidir le c\u0153ur.<\/p>\n<p>La toras\u00e9mide pr\u00e9sente plusieurs avantages et vous n&rsquo;avez g\u00e9n\u00e9ralement besoin de la prendre qu&rsquo;une fois par jour. Elle agit plus longtemps que des m\u00e9dicaments similaires et provoque moins de perte de potassium par rapport \u00e0 certains autres diur\u00e9tiques. C&rsquo;est souvent un bon choix pour les personnes ayant une fonction r\u00e9nale r\u00e9duite. La plupart des gens la tol\u00e8rent bien. Des effets secondaires comme de l\u00e9gers vertiges ou de petites variations des niveaux de sel dans le sang peuvent survenir, mais ils signifient rarement que vous devez arr\u00eater d&rsquo;utiliser le m\u00e9dicament.<\/p>\n","protected":false},"excerpt":{"rendered":"<ul>\n<li>R\u00e9duit efficacement la r\u00e9tention d&rsquo;eau<\/li>\n<li>Aide \u00e0 contr\u00f4ler l&rsquo;hypertension art\u00e9rielle<\/li>\n<li>Un soulagement quotidien et durable<\/li>\n<\/ul>\n","protected":false},"featured_media":1229,"comment_status":"open","ping_status":"closed","template":"","meta":[],"product_brand":[],"product_cat":[136],"product_tag":[],"expert":[18],"class_list":{"0":"post-1227","1":"product","2":"type-product","3":"status-publish","4":"has-post-thumbnail","6":"product_cat-hypertension","7":"expert-dr-g-varbanov","9":"first","10":"instock","11":"shipping-taxable","12":"product-type-variable"},"yoast_head":"<!-- This site is optimized with the Yoast SEO plugin v27.0 - https:\/\/yoast.com\/product\/yoast-seo-wordpress\/ -->\n<title>Toras\u00e9mide | Soulagement Efficace des Fluides - Transtoyou<\/title>\n<meta name=\"description\" content=\"Toras\u00e9mide disponible sur Transtoyou, traite la r\u00e9tention d&#039;eau et l&#039;hypertension. D\u00e9couvrez ses bienfaits et commandez maintenant pour votre sant\u00e9.\" \/>\n<meta name=\"robots\" content=\"noindex, follow, max-snippet:-1, max-image-preview:large, max-video-preview:-1\" \/>\n<meta property=\"og:locale\" content=\"fr_FR\" \/>\n<meta property=\"og:type\" content=\"article\" \/>\n<meta property=\"og:title\" content=\"Toras\u00e9mide | Soulagement Efficace des Fluides - Transtoyou\" \/>\n<meta property=\"og:description\" content=\"Toras\u00e9mide disponible sur Transtoyou, traite la r\u00e9tention d&#039;eau et l&#039;hypertension. D\u00e9couvrez ses bienfaits et commandez maintenant pour votre sant\u00e9.\" \/>\n<meta property=\"og:url\" content=\"https:\/\/www.transtoyou.com\/fr\/product\/torasemide\/\" \/>\n<meta property=\"og:site_name\" content=\"Transtoyou - FR\" \/>\n<meta property=\"article:modified_time\" content=\"2026-03-06T13:33:48+00:00\" \/>\n<meta name=\"twitter:card\" content=\"summary_large_image\" \/>\n<meta name=\"twitter:label1\" content=\"Dur\u00e9e de lecture estim\u00e9e\" \/>\n\t<meta name=\"twitter:data1\" content=\"2 minutes\" \/>\n<script type=\"application\/ld+json\" class=\"yoast-schema-graph\">{\"@context\":\"https:\/\/schema.org\",\"@graph\":[{\"@type\":\"WebPage\",\"@id\":\"https:\/\/www.transtoyou.com\/fr\/product\/torasemide\/\",\"url\":\"https:\/\/www.transtoyou.com\/fr\/product\/torasemide\/\",\"name\":\"Toras\u00e9mide | Soulagement Efficace des Fluides - Transtoyou\",\"isPartOf\":{\"@id\":\"https:\/\/www.transtoyou.com\/fr\/#website\"},\"primaryImageOfPage\":{\"@id\":\"https:\/\/www.transtoyou.com\/fr\/product\/torasemide\/#primaryimage\"},\"image\":{\"@id\":\"https:\/\/www.transtoyou.com\/fr\/product\/torasemide\/#primaryimage\"},\"thumbnailUrl\":\"https:\/\/www.transtoyou.com\/fr\/wp-content\/uploads\/sites\/5\/2026\/01\/tty-no-product-image-168.webp\",\"datePublished\":\"2026-01-25T21:50:09+00:00\",\"dateModified\":\"2026-03-06T13:33:48+00:00\",\"description\":\"Toras\u00e9mide disponible sur Transtoyou, traite la r\u00e9tention d'eau et l'hypertension. D\u00e9couvrez ses bienfaits et commandez maintenant pour votre sant\u00e9.\",\"breadcrumb\":{\"@id\":\"https:\/\/www.transtoyou.com\/fr\/product\/torasemide\/#breadcrumb\"},\"inLanguage\":\"fr-FR\",\"potentialAction\":[{\"@type\":\"ReadAction\",\"target\":[\"https:\/\/www.transtoyou.com\/fr\/product\/torasemide\/\"]}]},{\"@type\":\"ImageObject\",\"inLanguage\":\"fr-FR\",\"@id\":\"https:\/\/www.transtoyou.com\/fr\/product\/torasemide\/#primaryimage\",\"url\":\"https:\/\/www.transtoyou.com\/fr\/wp-content\/uploads\/sites\/5\/2026\/01\/tty-no-product-image-168.webp\",\"contentUrl\":\"https:\/\/www.transtoyou.com\/fr\/wp-content\/uploads\/sites\/5\/2026\/01\/tty-no-product-image-168.webp\",\"width\":1000,\"height\":1000,\"caption\":\"Image produit par d\u00e9faut\"},{\"@type\":\"WebSite\",\"@id\":\"https:\/\/www.transtoyou.com\/fr\/#website\",\"url\":\"https:\/\/www.transtoyou.com\/fr\/\",\"name\":\"Transtoyou - FR\",\"description\":\"\",\"publisher\":{\"@id\":\"https:\/\/www.transtoyou.com\/fr\/#organization\"},\"potentialAction\":[{\"@type\":\"SearchAction\",\"target\":{\"@type\":\"EntryPoint\",\"urlTemplate\":\"https:\/\/www.transtoyou.com\/fr\/?s={search_term_string}\"},\"query-input\":{\"@type\":\"PropertyValueSpecification\",\"valueRequired\":true,\"valueName\":\"search_term_string\"}}],\"inLanguage\":\"fr-FR\"},{\"@type\":\"Organization\",\"@id\":\"https:\/\/www.transtoyou.com\/fr\/#organization\",\"name\":\"Transtoyou - FR\",\"url\":\"https:\/\/www.transtoyou.com\/fr\/\",\"logo\":{\"@type\":\"ImageObject\",\"inLanguage\":\"fr-FR\",\"@id\":\"https:\/\/www.transtoyou.com\/fr\/#\/schema\/logo\/image\/\",\"url\":\"https:\/\/www.transtoyou.com\/fr\/wp-content\/uploads\/sites\/5\/2026\/01\/logo-tty-menu-bar-300x87-1.webp\",\"contentUrl\":\"https:\/\/www.transtoyou.com\/fr\/wp-content\/uploads\/sites\/5\/2026\/01\/logo-tty-menu-bar-300x87-1.webp\",\"width\":300,\"height\":87,\"caption\":\"Transtoyou - FR\"},\"image\":{\"@id\":\"https:\/\/www.transtoyou.com\/fr\/#\/schema\/logo\/image\/\"}}]}<\/script>\n<!-- \/ Yoast SEO plugin. -->","yoast_head_json":{"title":"Toras\u00e9mide | Soulagement Efficace des Fluides - Transtoyou","description":"Toras\u00e9mide disponible sur Transtoyou, traite la r\u00e9tention d'eau et l'hypertension. D\u00e9couvrez ses bienfaits et commandez maintenant pour votre sant\u00e9.","robots":{"index":"noindex","follow":"follow","max-snippet":"max-snippet:-1","max-image-preview":"max-image-preview:large","max-video-preview":"max-video-preview:-1"},"og_locale":"fr_FR","og_type":"article","og_title":"Toras\u00e9mide | Soulagement Efficace des Fluides - Transtoyou","og_description":"Toras\u00e9mide disponible sur Transtoyou, traite la r\u00e9tention d'eau et l'hypertension. D\u00e9couvrez ses bienfaits et commandez maintenant pour votre sant\u00e9.","og_url":"https:\/\/www.transtoyou.com\/fr\/product\/torasemide\/","og_site_name":"Transtoyou - FR","article_modified_time":"2026-03-06T13:33:48+00:00","twitter_card":"summary_large_image","twitter_misc":{"Dur\u00e9e de lecture estim\u00e9e":"2 minutes"},"schema":{"@context":"https:\/\/schema.org","@graph":[{"@type":"WebPage","@id":"https:\/\/www.transtoyou.com\/fr\/product\/torasemide\/","url":"https:\/\/www.transtoyou.com\/fr\/product\/torasemide\/","name":"Toras\u00e9mide | Soulagement Efficace des Fluides - Transtoyou","isPartOf":{"@id":"https:\/\/www.transtoyou.com\/fr\/#website"},"primaryImageOfPage":{"@id":"https:\/\/www.transtoyou.com\/fr\/product\/torasemide\/#primaryimage"},"image":{"@id":"https:\/\/www.transtoyou.com\/fr\/product\/torasemide\/#primaryimage"},"thumbnailUrl":"https:\/\/www.transtoyou.com\/fr\/wp-content\/uploads\/sites\/5\/2026\/01\/tty-no-product-image-168.webp","datePublished":"2026-01-25T21:50:09+00:00","dateModified":"2026-03-06T13:33:48+00:00","description":"Toras\u00e9mide disponible sur Transtoyou, traite la r\u00e9tention d'eau et l'hypertension. D\u00e9couvrez ses bienfaits et commandez maintenant pour votre sant\u00e9.","breadcrumb":{"@id":"https:\/\/www.transtoyou.com\/fr\/product\/torasemide\/#breadcrumb"},"inLanguage":"fr-FR","potentialAction":[{"@type":"ReadAction","target":["https:\/\/www.transtoyou.com\/fr\/product\/torasemide\/"]}]},{"@type":"ImageObject","inLanguage":"fr-FR","@id":"https:\/\/www.transtoyou.com\/fr\/product\/torasemide\/#primaryimage","url":"https:\/\/www.transtoyou.com\/fr\/wp-content\/uploads\/sites\/5\/2026\/01\/tty-no-product-image-168.webp","contentUrl":"https:\/\/www.transtoyou.com\/fr\/wp-content\/uploads\/sites\/5\/2026\/01\/tty-no-product-image-168.webp","width":1000,"height":1000,"caption":"Image produit par d\u00e9faut"},{"@type":"WebSite","@id":"https:\/\/www.transtoyou.com\/fr\/#website","url":"https:\/\/www.transtoyou.com\/fr\/","name":"Transtoyou - FR","description":"","publisher":{"@id":"https:\/\/www.transtoyou.com\/fr\/#organization"},"potentialAction":[{"@type":"SearchAction","target":{"@type":"EntryPoint","urlTemplate":"https:\/\/www.transtoyou.com\/fr\/?s={search_term_string}"},"query-input":{"@type":"PropertyValueSpecification","valueRequired":true,"valueName":"search_term_string"}}],"inLanguage":"fr-FR"},{"@type":"Organization","@id":"https:\/\/www.transtoyou.com\/fr\/#organization","name":"Transtoyou - FR","url":"https:\/\/www.transtoyou.com\/fr\/","logo":{"@type":"ImageObject","inLanguage":"fr-FR","@id":"https:\/\/www.transtoyou.com\/fr\/#\/schema\/logo\/image\/","url":"https:\/\/www.transtoyou.com\/fr\/wp-content\/uploads\/sites\/5\/2026\/01\/logo-tty-menu-bar-300x87-1.webp","contentUrl":"https:\/\/www.transtoyou.com\/fr\/wp-content\/uploads\/sites\/5\/2026\/01\/logo-tty-menu-bar-300x87-1.webp","width":300,"height":87,"caption":"Transtoyou - FR"},"image":{"@id":"https:\/\/www.transtoyou.com\/fr\/#\/schema\/logo\/image\/"}}]}},"_links":{"self":[{"href":"https:\/\/www.transtoyou.com\/fr\/wp-json\/wp\/v2\/product\/1227","targetHints":{"allow":["GET"]}}],"collection":[{"href":"https:\/\/www.transtoyou.com\/fr\/wp-json\/wp\/v2\/product"}],"about":[{"href":"https:\/\/www.transtoyou.com\/fr\/wp-json\/wp\/v2\/types\/product"}],"replies":[{"embeddable":true,"href":"https:\/\/www.transtoyou.com\/fr\/wp-json\/wp\/v2\/comments?post=1227"}],"wp:featuredmedia":[{"embeddable":true,"href":"https:\/\/www.transtoyou.com\/fr\/wp-json\/wp\/v2\/media\/1229"}],"wp:attachment":[{"href":"https:\/\/www.transtoyou.com\/fr\/wp-json\/wp\/v2\/media?parent=1227"}],"wp:term":[{"taxonomy":"product_brand","embeddable":true,"href":"https:\/\/www.transtoyou.com\/fr\/wp-json\/wp\/v2\/product_brand?post=1227"},{"taxonomy":"product_cat","embeddable":true,"href":"https:\/\/www.transtoyou.com\/fr\/wp-json\/wp\/v2\/product_cat?post=1227"},{"taxonomy":"product_tag","embeddable":true,"href":"https:\/\/www.transtoyou.com\/fr\/wp-json\/wp\/v2\/product_tag?post=1227"},{"taxonomy":"expert","embeddable":true,"href":"https:\/\/www.transtoyou.com\/fr\/wp-json\/wp\/v2\/expert?post=1227"}],"curies":[{"name":"wp","href":"https:\/\/api.w.org\/{rel}","templated":true}]}}