{"id":1230,"date":"2026-01-26T00:07:54","date_gmt":"2026-01-25T22:07:54","guid":{"rendered":"https:\/\/www.transtoyou.com\/fr\/product\/propecia\/"},"modified":"2026-03-01T16:27:32","modified_gmt":"2026-03-01T14:27:32","slug":"propecia","status":"publish","type":"product","link":"https:\/\/www.transtoyou.com\/fr\/product\/propecia\/","title":{"rendered":"Propecia"},"content":{"rendered":"<p>Propecia est un m\u00e9dicament utilis\u00e9 pour traiter la perte de cheveux de type masculin, \u00e9galement connue sous le nom d&rsquo;alop\u00e9cie androg\u00e9n\u00e9tique, chez les hommes adultes. Il contient l&rsquo;ingr\u00e9dient actif finast\u00e9ride, qui appartient \u00e0 un groupe de m\u00e9dicaments appel\u00e9s inhibiteurs de la 5\u03b1-r\u00e9ductase.<\/p>\n<p>Propecia agit en ciblant une enzyme sp\u00e9cifique dans le corps appel\u00e9e 5\u03b1-r\u00e9ductase de type II. Cette enzyme est responsable de la conversion de la testost\u00e9rone en dihydrotestost\u00e9rone (DHT), une hormone li\u00e9e \u00e0 la perte de cheveux chez les hommes g\u00e9n\u00e9tiquement sensibles. En bloquant cette enzyme, Propecia r\u00e9duit les niveaux de DHT dans le cuir chevelu et le sang, ce qui aide \u00e0 ralentir la perte de cheveux et peut m\u00eame encourager la repousse de nouveaux cheveux chez certains hommes.<\/p>\n<p>Propecia est sp\u00e9cifiquement utilis\u00e9 pour traiter la perte de cheveux de type masculin, en particulier sur le sommet et le devant du cuir chevelu. Il n&rsquo;est pas destin\u00e9 \u00e0 \u00eatre utilis\u00e9 chez les femmes ou les enfants et n&rsquo;est pas efficace pour d&rsquo;autres types de perte de cheveux.<\/p>\n<p>En r\u00e9duisant les niveaux de DHT, Propecia aide \u00e0 pr\u00e9venir le r\u00e9tr\u00e9cissement des follicules pileux, qui est la principale cause de l&rsquo;amincissement des cheveux et de la calvitie dans la perte de cheveux de type masculin. Cette action permet aux follicules pileux de rester en bonne sant\u00e9 plus longtemps, maintenant la densit\u00e9 des cheveux et parfois favorisant la repousse de cheveux qui ont r\u00e9cemment \u00e9t\u00e9 perdus.<\/p>\n<p>Le principal avantage de Propecia est sa capacit\u00e9 \u00e0 ralentir ou \u00e0 arr\u00eater la perte de cheveux chez les hommes souffrant de calvitie de type masculin. De nombreux hommes remarquent que leur perte de cheveux ralentit apr\u00e8s environ trois mois d&rsquo;utilisation r\u00e9guli\u00e8re, certains constatant des cheveux plus \u00e9pais ou une repousse, en particulier sur le sommet de la t\u00eate. Les effets durent tant que le m\u00e9dicament est pris r\u00e9guli\u00e8rement. Propecia se prend sous forme de comprim\u00e9 une fois par jour, ce qui le rend pratique \u00e0 utiliser. Il est g\u00e9n\u00e9ralement bien tol\u00e9r\u00e9, la plupart des hommes \u00e9prouvant peu d&rsquo;effets secondaires. Cependant, si le m\u00e9dicament est arr\u00eat\u00e9, tout cheveu gagn\u00e9 ou maintenu est g\u00e9n\u00e9ralement perdu dans l&rsquo;ann\u00e9e.<\/p>\n","protected":false},"excerpt":{"rendered":"<ul>\n<li>Ralentit et pr\u00e9vient la perte de cheveux<\/li>\n<li>Favorise la repousse des cheveux chez les hommes<\/li>\n<li>Comprim\u00e9 pratique \u00e0 prendre une fois par jour<\/li>\n<\/ul>\n","protected":false},"featured_media":1232,"comment_status":"open","ping_status":"closed","template":"","meta":[],"product_brand":[],"product_cat":[128],"product_tag":[],"expert":[18],"class_list":{"0":"post-1230","1":"product","2":"type-product","3":"status-publish","4":"has-post-thumbnail","6":"product_cat-solutions-contre-la-perte-de-cheveux","7":"expert-dr-g-varbanov","9":"first","10":"instock","11":"shipping-taxable","12":"product-type-variable"},"yoast_head":"<!-- This site is optimized with the Yoast SEO plugin v27.0 - https:\/\/yoast.com\/product\/yoast-seo-wordpress\/ -->\n<title>Propecia | Solution Efficace Contre La Chute De Cheveux - Transtoyou<\/title>\n<meta name=\"description\" content=\"D\u00e9couvrez Propecia pour traiter la perte de cheveux masculine sur Transtoyou. Commandez en ligne aujourd&#039;hui pour des solutions m\u00e9dicales fiables.\" \/>\n<meta name=\"robots\" content=\"noindex, follow, max-snippet:-1, max-image-preview:large, max-video-preview:-1\" \/>\n<meta property=\"og:locale\" content=\"fr_FR\" \/>\n<meta property=\"og:type\" content=\"article\" \/>\n<meta property=\"og:title\" content=\"Propecia | Solution Efficace Contre La Chute De Cheveux - Transtoyou\" \/>\n<meta property=\"og:description\" content=\"D\u00e9couvrez Propecia pour traiter la perte de cheveux masculine sur Transtoyou. Commandez en ligne aujourd&#039;hui pour des solutions m\u00e9dicales fiables.\" \/>\n<meta property=\"og:url\" content=\"https:\/\/www.transtoyou.com\/fr\/product\/propecia\/\" \/>\n<meta property=\"og:site_name\" content=\"Transtoyou - FR\" \/>\n<meta property=\"article:modified_time\" content=\"2026-03-01T14:27:32+00:00\" \/>\n<meta name=\"twitter:card\" content=\"summary_large_image\" \/>\n<meta name=\"twitter:label1\" content=\"Dur\u00e9e de lecture estim\u00e9e\" \/>\n\t<meta name=\"twitter:data1\" content=\"2 minutes\" \/>\n<script type=\"application\/ld+json\" class=\"yoast-schema-graph\">{\"@context\":\"https:\/\/schema.org\",\"@graph\":[{\"@type\":\"WebPage\",\"@id\":\"https:\/\/www.transtoyou.com\/fr\/product\/propecia\/\",\"url\":\"https:\/\/www.transtoyou.com\/fr\/product\/propecia\/\",\"name\":\"Propecia | Solution Efficace Contre La Chute De Cheveux - Transtoyou\",\"isPartOf\":{\"@id\":\"https:\/\/www.transtoyou.com\/fr\/#website\"},\"primaryImageOfPage\":{\"@id\":\"https:\/\/www.transtoyou.com\/fr\/product\/propecia\/#primaryimage\"},\"image\":{\"@id\":\"https:\/\/www.transtoyou.com\/fr\/product\/propecia\/#primaryimage\"},\"thumbnailUrl\":\"https:\/\/www.transtoyou.com\/fr\/wp-content\/uploads\/sites\/5\/2026\/01\/tty-no-product-image-169.webp\",\"datePublished\":\"2026-01-25T22:07:54+00:00\",\"dateModified\":\"2026-03-01T14:27:32+00:00\",\"description\":\"D\u00e9couvrez Propecia pour traiter la perte de cheveux masculine sur Transtoyou. Commandez en ligne aujourd'hui pour des solutions m\u00e9dicales fiables.\",\"breadcrumb\":{\"@id\":\"https:\/\/www.transtoyou.com\/fr\/product\/propecia\/#breadcrumb\"},\"inLanguage\":\"fr-FR\",\"potentialAction\":[{\"@type\":\"ReadAction\",\"target\":[\"https:\/\/www.transtoyou.com\/fr\/product\/propecia\/\"]}]},{\"@type\":\"ImageObject\",\"inLanguage\":\"fr-FR\",\"@id\":\"https:\/\/www.transtoyou.com\/fr\/product\/propecia\/#primaryimage\",\"url\":\"https:\/\/www.transtoyou.com\/fr\/wp-content\/uploads\/sites\/5\/2026\/01\/tty-no-product-image-169.webp\",\"contentUrl\":\"https:\/\/www.transtoyou.com\/fr\/wp-content\/uploads\/sites\/5\/2026\/01\/tty-no-product-image-169.webp\",\"width\":1000,\"height\":1000,\"caption\":\"Image produit par d\u00e9faut\"},{\"@type\":\"WebSite\",\"@id\":\"https:\/\/www.transtoyou.com\/fr\/#website\",\"url\":\"https:\/\/www.transtoyou.com\/fr\/\",\"name\":\"Transtoyou - FR\",\"description\":\"\",\"publisher\":{\"@id\":\"https:\/\/www.transtoyou.com\/fr\/#organization\"},\"potentialAction\":[{\"@type\":\"SearchAction\",\"target\":{\"@type\":\"EntryPoint\",\"urlTemplate\":\"https:\/\/www.transtoyou.com\/fr\/?s={search_term_string}\"},\"query-input\":{\"@type\":\"PropertyValueSpecification\",\"valueRequired\":true,\"valueName\":\"search_term_string\"}}],\"inLanguage\":\"fr-FR\"},{\"@type\":\"Organization\",\"@id\":\"https:\/\/www.transtoyou.com\/fr\/#organization\",\"name\":\"Transtoyou - FR\",\"url\":\"https:\/\/www.transtoyou.com\/fr\/\",\"logo\":{\"@type\":\"ImageObject\",\"inLanguage\":\"fr-FR\",\"@id\":\"https:\/\/www.transtoyou.com\/fr\/#\/schema\/logo\/image\/\",\"url\":\"https:\/\/www.transtoyou.com\/fr\/wp-content\/uploads\/sites\/5\/2026\/01\/logo-tty-menu-bar-300x87-1.webp\",\"contentUrl\":\"https:\/\/www.transtoyou.com\/fr\/wp-content\/uploads\/sites\/5\/2026\/01\/logo-tty-menu-bar-300x87-1.webp\",\"width\":300,\"height\":87,\"caption\":\"Transtoyou - FR\"},\"image\":{\"@id\":\"https:\/\/www.transtoyou.com\/fr\/#\/schema\/logo\/image\/\"}}]}<\/script>\n<!-- \/ Yoast SEO plugin. -->","yoast_head_json":{"title":"Propecia | Solution Efficace Contre La Chute De Cheveux - Transtoyou","description":"D\u00e9couvrez Propecia pour traiter la perte de cheveux masculine sur Transtoyou. Commandez en ligne aujourd'hui pour des solutions m\u00e9dicales fiables.","robots":{"index":"noindex","follow":"follow","max-snippet":"max-snippet:-1","max-image-preview":"max-image-preview:large","max-video-preview":"max-video-preview:-1"},"og_locale":"fr_FR","og_type":"article","og_title":"Propecia | Solution Efficace Contre La Chute De Cheveux - Transtoyou","og_description":"D\u00e9couvrez Propecia pour traiter la perte de cheveux masculine sur Transtoyou. Commandez en ligne aujourd'hui pour des solutions m\u00e9dicales fiables.","og_url":"https:\/\/www.transtoyou.com\/fr\/product\/propecia\/","og_site_name":"Transtoyou - FR","article_modified_time":"2026-03-01T14:27:32+00:00","twitter_card":"summary_large_image","twitter_misc":{"Dur\u00e9e de lecture estim\u00e9e":"2 minutes"},"schema":{"@context":"https:\/\/schema.org","@graph":[{"@type":"WebPage","@id":"https:\/\/www.transtoyou.com\/fr\/product\/propecia\/","url":"https:\/\/www.transtoyou.com\/fr\/product\/propecia\/","name":"Propecia | Solution Efficace Contre La Chute De Cheveux - Transtoyou","isPartOf":{"@id":"https:\/\/www.transtoyou.com\/fr\/#website"},"primaryImageOfPage":{"@id":"https:\/\/www.transtoyou.com\/fr\/product\/propecia\/#primaryimage"},"image":{"@id":"https:\/\/www.transtoyou.com\/fr\/product\/propecia\/#primaryimage"},"thumbnailUrl":"https:\/\/www.transtoyou.com\/fr\/wp-content\/uploads\/sites\/5\/2026\/01\/tty-no-product-image-169.webp","datePublished":"2026-01-25T22:07:54+00:00","dateModified":"2026-03-01T14:27:32+00:00","description":"D\u00e9couvrez Propecia pour traiter la perte de cheveux masculine sur Transtoyou. Commandez en ligne aujourd'hui pour des solutions m\u00e9dicales fiables.","breadcrumb":{"@id":"https:\/\/www.transtoyou.com\/fr\/product\/propecia\/#breadcrumb"},"inLanguage":"fr-FR","potentialAction":[{"@type":"ReadAction","target":["https:\/\/www.transtoyou.com\/fr\/product\/propecia\/"]}]},{"@type":"ImageObject","inLanguage":"fr-FR","@id":"https:\/\/www.transtoyou.com\/fr\/product\/propecia\/#primaryimage","url":"https:\/\/www.transtoyou.com\/fr\/wp-content\/uploads\/sites\/5\/2026\/01\/tty-no-product-image-169.webp","contentUrl":"https:\/\/www.transtoyou.com\/fr\/wp-content\/uploads\/sites\/5\/2026\/01\/tty-no-product-image-169.webp","width":1000,"height":1000,"caption":"Image produit par d\u00e9faut"},{"@type":"WebSite","@id":"https:\/\/www.transtoyou.com\/fr\/#website","url":"https:\/\/www.transtoyou.com\/fr\/","name":"Transtoyou - FR","description":"","publisher":{"@id":"https:\/\/www.transtoyou.com\/fr\/#organization"},"potentialAction":[{"@type":"SearchAction","target":{"@type":"EntryPoint","urlTemplate":"https:\/\/www.transtoyou.com\/fr\/?s={search_term_string}"},"query-input":{"@type":"PropertyValueSpecification","valueRequired":true,"valueName":"search_term_string"}}],"inLanguage":"fr-FR"},{"@type":"Organization","@id":"https:\/\/www.transtoyou.com\/fr\/#organization","name":"Transtoyou - FR","url":"https:\/\/www.transtoyou.com\/fr\/","logo":{"@type":"ImageObject","inLanguage":"fr-FR","@id":"https:\/\/www.transtoyou.com\/fr\/#\/schema\/logo\/image\/","url":"https:\/\/www.transtoyou.com\/fr\/wp-content\/uploads\/sites\/5\/2026\/01\/logo-tty-menu-bar-300x87-1.webp","contentUrl":"https:\/\/www.transtoyou.com\/fr\/wp-content\/uploads\/sites\/5\/2026\/01\/logo-tty-menu-bar-300x87-1.webp","width":300,"height":87,"caption":"Transtoyou - FR"},"image":{"@id":"https:\/\/www.transtoyou.com\/fr\/#\/schema\/logo\/image\/"}}]}},"_links":{"self":[{"href":"https:\/\/www.transtoyou.com\/fr\/wp-json\/wp\/v2\/product\/1230","targetHints":{"allow":["GET"]}}],"collection":[{"href":"https:\/\/www.transtoyou.com\/fr\/wp-json\/wp\/v2\/product"}],"about":[{"href":"https:\/\/www.transtoyou.com\/fr\/wp-json\/wp\/v2\/types\/product"}],"replies":[{"embeddable":true,"href":"https:\/\/www.transtoyou.com\/fr\/wp-json\/wp\/v2\/comments?post=1230"}],"wp:featuredmedia":[{"embeddable":true,"href":"https:\/\/www.transtoyou.com\/fr\/wp-json\/wp\/v2\/media\/1232"}],"wp:attachment":[{"href":"https:\/\/www.transtoyou.com\/fr\/wp-json\/wp\/v2\/media?parent=1230"}],"wp:term":[{"taxonomy":"product_brand","embeddable":true,"href":"https:\/\/www.transtoyou.com\/fr\/wp-json\/wp\/v2\/product_brand?post=1230"},{"taxonomy":"product_cat","embeddable":true,"href":"https:\/\/www.transtoyou.com\/fr\/wp-json\/wp\/v2\/product_cat?post=1230"},{"taxonomy":"product_tag","embeddable":true,"href":"https:\/\/www.transtoyou.com\/fr\/wp-json\/wp\/v2\/product_tag?post=1230"},{"taxonomy":"expert","embeddable":true,"href":"https:\/\/www.transtoyou.com\/fr\/wp-json\/wp\/v2\/expert?post=1230"}],"curies":[{"name":"wp","href":"https:\/\/api.w.org\/{rel}","templated":true}]}}