{"id":1233,"date":"2026-01-26T00:24:34","date_gmt":"2026-01-25T22:24:34","guid":{"rendered":"https:\/\/www.transtoyou.com\/fr\/product\/condyline-condylox\/"},"modified":"2026-01-26T00:25:24","modified_gmt":"2026-01-25T22:25:24","slug":"condyline-condylox","status":"publish","type":"product","link":"https:\/\/www.transtoyou.com\/fr\/product\/condyline-condylox\/","title":{"rendered":"Condyline (Condylox)"},"content":{"rendered":"<p>Condyline contient de la podophyllotoxine, un compos\u00e9 d&rsquo;origine v\u00e9g\u00e9tale qui agit comme un agent cytotoxique (tue les cellules ind\u00e9sirables). Il fonctionne en inhibant la division cellulaire et la synth\u00e8se de l&rsquo;ADN (emp\u00eache les cellules de verrues de cro\u00eetre et de se multiplier). La podophyllotoxine se lie \u00e0 une prot\u00e9ine appel\u00e9e tubuline, emp\u00eachant la formation de microtubules, ce qui entra\u00eene la mort des cellules de verrues.<\/p>\n<p>Ce m\u00e9dicament est utilis\u00e9 pour traiter les verrues g\u00e9nitales sur les organes g\u00e9nitaux externes. Il aide le corps \u00e0 se d\u00e9barrasser des verrues au fil du temps en attaquant uniquement la peau anormale, pas la peau saine environnante.<\/p>\n<p>Condyline est appliqu\u00e9 directement sur les verrues, g\u00e9n\u00e9ralement deux fois par jour pendant trois jours, suivi d&rsquo;une pause de quatre jours. Ce cycle d&rsquo;une semaine peut \u00eatre r\u00e9p\u00e9t\u00e9 jusqu&rsquo;\u00e0 quatre semaines, selon la r\u00e9ponse des verrues.<\/p>\n<p>Le principal avantage de Condyline est qu&rsquo;il s&rsquo;agit d&rsquo;un traitement non invasif (aucune chirurgie ni cong\u00e9lation requise). Il est simple \u00e0 utiliser \u00e0 domicile mais doit \u00eatre appliqu\u00e9 tr\u00e8s soigneusement, car il peut provoquer des irritations cutan\u00e9es ou des ulc\u00e8res si trop de produit est utilis\u00e9 ou s&rsquo;il est appliqu\u00e9 sur une peau saine.<\/p>\n<p>En emp\u00eachant les cellules de verrues de cro\u00eetre et en aidant \u00e0 leur d\u00e9gradation, Condyline soutient votre corps dans l&rsquo;\u00e9limination des l\u00e9sions cutan\u00e9es li\u00e9es au VPH.<\/p>\n","protected":false},"excerpt":{"rendered":"<ul>\n<li>Cible le tissu des verrues g\u00e9nitales<\/li>\n<li>Arr\u00eate la croissance des cellules des verrues<\/li>\n<li>Pour un traitement topique \u00e0 court terme<\/li>\n<\/ul>\n","protected":false},"featured_media":1234,"comment_status":"open","ping_status":"closed","template":"","meta":[],"product_brand":[],"product_cat":[124,176],"product_tag":[],"expert":[17],"class_list":{"0":"post-1233","1":"product","2":"type-product","3":"status-publish","4":"has-post-thumbnail","6":"product_cat-condylomes-genitaux","7":"product_cat-verrues","8":"expert-dr-c-munoz-parada","10":"first","11":"instock","12":"shipping-taxable","13":"product-type-simple"},"yoast_head":"<!-- This site is optimized with the Yoast SEO plugin v27.0 - https:\/\/yoast.com\/product\/yoast-seo-wordpress\/ -->\n<title>Condyline (Condylox) - Traitement Efficace des Verrues | Transtoyou<\/title>\n<meta name=\"description\" content=\"Condyline (Condylox) pour les verrues g\u00e9nitales. Commandez en ligne sur Transtoyou. Efficace, facile \u00e0 utiliser \u00e0 domicile. Commencez le traitement aujourd&#039;hui, disponible maintenant.\" \/>\n<meta name=\"robots\" content=\"noindex, follow, max-snippet:-1, max-image-preview:large, max-video-preview:-1\" \/>\n<meta property=\"og:locale\" content=\"fr_FR\" \/>\n<meta property=\"og:type\" content=\"article\" \/>\n<meta property=\"og:title\" content=\"Condyline (Condylox) - Traitement Efficace des Verrues | Transtoyou\" \/>\n<meta property=\"og:description\" content=\"Condyline (Condylox) pour les verrues g\u00e9nitales. Commandez en ligne sur Transtoyou. Efficace, facile \u00e0 utiliser \u00e0 domicile. Commencez le traitement aujourd&#039;hui, disponible maintenant.\" \/>\n<meta property=\"og:url\" content=\"https:\/\/www.transtoyou.com\/fr\/product\/condyline-condylox\/\" \/>\n<meta property=\"og:site_name\" content=\"Transtoyou - FR\" \/>\n<meta property=\"article:modified_time\" content=\"2026-01-25T22:25:24+00:00\" \/>\n<meta name=\"twitter:card\" content=\"summary_large_image\" \/>\n<meta name=\"twitter:label1\" content=\"Dur\u00e9e de lecture estim\u00e9e\" \/>\n\t<meta name=\"twitter:data1\" content=\"1 minute\" \/>\n<script type=\"application\/ld+json\" class=\"yoast-schema-graph\">{\"@context\":\"https:\/\/schema.org\",\"@graph\":[{\"@type\":\"WebPage\",\"@id\":\"https:\/\/www.transtoyou.com\/fr\/product\/condyline-condylox\/\",\"url\":\"https:\/\/www.transtoyou.com\/fr\/product\/condyline-condylox\/\",\"name\":\"Condyline (Condylox) - Traitement Efficace des Verrues | Transtoyou\",\"isPartOf\":{\"@id\":\"https:\/\/www.transtoyou.com\/fr\/#website\"},\"primaryImageOfPage\":{\"@id\":\"https:\/\/www.transtoyou.com\/fr\/product\/condyline-condylox\/#primaryimage\"},\"image\":{\"@id\":\"https:\/\/www.transtoyou.com\/fr\/product\/condyline-condylox\/#primaryimage\"},\"thumbnailUrl\":\"https:\/\/www.transtoyou.com\/fr\/wp-content\/uploads\/sites\/5\/2026\/01\/tty-no-product-image-170.webp\",\"datePublished\":\"2026-01-25T22:24:34+00:00\",\"dateModified\":\"2026-01-25T22:25:24+00:00\",\"description\":\"Condyline (Condylox) pour les verrues g\u00e9nitales. Commandez en ligne sur Transtoyou. Efficace, facile \u00e0 utiliser \u00e0 domicile. Commencez le traitement aujourd'hui, disponible maintenant.\",\"breadcrumb\":{\"@id\":\"https:\/\/www.transtoyou.com\/fr\/product\/condyline-condylox\/#breadcrumb\"},\"inLanguage\":\"fr-FR\",\"potentialAction\":[{\"@type\":\"ReadAction\",\"target\":[\"https:\/\/www.transtoyou.com\/fr\/product\/condyline-condylox\/\"]}]},{\"@type\":\"ImageObject\",\"inLanguage\":\"fr-FR\",\"@id\":\"https:\/\/www.transtoyou.com\/fr\/product\/condyline-condylox\/#primaryimage\",\"url\":\"https:\/\/www.transtoyou.com\/fr\/wp-content\/uploads\/sites\/5\/2026\/01\/tty-no-product-image-170.webp\",\"contentUrl\":\"https:\/\/www.transtoyou.com\/fr\/wp-content\/uploads\/sites\/5\/2026\/01\/tty-no-product-image-170.webp\",\"width\":1000,\"height\":1000,\"caption\":\"Image produit par d\u00e9faut\"},{\"@type\":\"WebSite\",\"@id\":\"https:\/\/www.transtoyou.com\/fr\/#website\",\"url\":\"https:\/\/www.transtoyou.com\/fr\/\",\"name\":\"Transtoyou - FR\",\"description\":\"\",\"publisher\":{\"@id\":\"https:\/\/www.transtoyou.com\/fr\/#organization\"},\"potentialAction\":[{\"@type\":\"SearchAction\",\"target\":{\"@type\":\"EntryPoint\",\"urlTemplate\":\"https:\/\/www.transtoyou.com\/fr\/?s={search_term_string}\"},\"query-input\":{\"@type\":\"PropertyValueSpecification\",\"valueRequired\":true,\"valueName\":\"search_term_string\"}}],\"inLanguage\":\"fr-FR\"},{\"@type\":\"Organization\",\"@id\":\"https:\/\/www.transtoyou.com\/fr\/#organization\",\"name\":\"Transtoyou - FR\",\"url\":\"https:\/\/www.transtoyou.com\/fr\/\",\"logo\":{\"@type\":\"ImageObject\",\"inLanguage\":\"fr-FR\",\"@id\":\"https:\/\/www.transtoyou.com\/fr\/#\/schema\/logo\/image\/\",\"url\":\"https:\/\/www.transtoyou.com\/fr\/wp-content\/uploads\/sites\/5\/2026\/01\/logo-tty-menu-bar-300x87-1.webp\",\"contentUrl\":\"https:\/\/www.transtoyou.com\/fr\/wp-content\/uploads\/sites\/5\/2026\/01\/logo-tty-menu-bar-300x87-1.webp\",\"width\":300,\"height\":87,\"caption\":\"Transtoyou - FR\"},\"image\":{\"@id\":\"https:\/\/www.transtoyou.com\/fr\/#\/schema\/logo\/image\/\"}}]}<\/script>\n<!-- \/ Yoast SEO plugin. -->","yoast_head_json":{"title":"Condyline (Condylox) - Traitement Efficace des Verrues | Transtoyou","description":"Condyline (Condylox) pour les verrues g\u00e9nitales. Commandez en ligne sur Transtoyou. Efficace, facile \u00e0 utiliser \u00e0 domicile. Commencez le traitement aujourd'hui, disponible maintenant.","robots":{"index":"noindex","follow":"follow","max-snippet":"max-snippet:-1","max-image-preview":"max-image-preview:large","max-video-preview":"max-video-preview:-1"},"og_locale":"fr_FR","og_type":"article","og_title":"Condyline (Condylox) - Traitement Efficace des Verrues | Transtoyou","og_description":"Condyline (Condylox) pour les verrues g\u00e9nitales. Commandez en ligne sur Transtoyou. Efficace, facile \u00e0 utiliser \u00e0 domicile. Commencez le traitement aujourd'hui, disponible maintenant.","og_url":"https:\/\/www.transtoyou.com\/fr\/product\/condyline-condylox\/","og_site_name":"Transtoyou - FR","article_modified_time":"2026-01-25T22:25:24+00:00","twitter_card":"summary_large_image","twitter_misc":{"Dur\u00e9e de lecture estim\u00e9e":"1 minute"},"schema":{"@context":"https:\/\/schema.org","@graph":[{"@type":"WebPage","@id":"https:\/\/www.transtoyou.com\/fr\/product\/condyline-condylox\/","url":"https:\/\/www.transtoyou.com\/fr\/product\/condyline-condylox\/","name":"Condyline (Condylox) - Traitement Efficace des Verrues | Transtoyou","isPartOf":{"@id":"https:\/\/www.transtoyou.com\/fr\/#website"},"primaryImageOfPage":{"@id":"https:\/\/www.transtoyou.com\/fr\/product\/condyline-condylox\/#primaryimage"},"image":{"@id":"https:\/\/www.transtoyou.com\/fr\/product\/condyline-condylox\/#primaryimage"},"thumbnailUrl":"https:\/\/www.transtoyou.com\/fr\/wp-content\/uploads\/sites\/5\/2026\/01\/tty-no-product-image-170.webp","datePublished":"2026-01-25T22:24:34+00:00","dateModified":"2026-01-25T22:25:24+00:00","description":"Condyline (Condylox) pour les verrues g\u00e9nitales. Commandez en ligne sur Transtoyou. Efficace, facile \u00e0 utiliser \u00e0 domicile. Commencez le traitement aujourd'hui, disponible maintenant.","breadcrumb":{"@id":"https:\/\/www.transtoyou.com\/fr\/product\/condyline-condylox\/#breadcrumb"},"inLanguage":"fr-FR","potentialAction":[{"@type":"ReadAction","target":["https:\/\/www.transtoyou.com\/fr\/product\/condyline-condylox\/"]}]},{"@type":"ImageObject","inLanguage":"fr-FR","@id":"https:\/\/www.transtoyou.com\/fr\/product\/condyline-condylox\/#primaryimage","url":"https:\/\/www.transtoyou.com\/fr\/wp-content\/uploads\/sites\/5\/2026\/01\/tty-no-product-image-170.webp","contentUrl":"https:\/\/www.transtoyou.com\/fr\/wp-content\/uploads\/sites\/5\/2026\/01\/tty-no-product-image-170.webp","width":1000,"height":1000,"caption":"Image produit par d\u00e9faut"},{"@type":"WebSite","@id":"https:\/\/www.transtoyou.com\/fr\/#website","url":"https:\/\/www.transtoyou.com\/fr\/","name":"Transtoyou - FR","description":"","publisher":{"@id":"https:\/\/www.transtoyou.com\/fr\/#organization"},"potentialAction":[{"@type":"SearchAction","target":{"@type":"EntryPoint","urlTemplate":"https:\/\/www.transtoyou.com\/fr\/?s={search_term_string}"},"query-input":{"@type":"PropertyValueSpecification","valueRequired":true,"valueName":"search_term_string"}}],"inLanguage":"fr-FR"},{"@type":"Organization","@id":"https:\/\/www.transtoyou.com\/fr\/#organization","name":"Transtoyou - FR","url":"https:\/\/www.transtoyou.com\/fr\/","logo":{"@type":"ImageObject","inLanguage":"fr-FR","@id":"https:\/\/www.transtoyou.com\/fr\/#\/schema\/logo\/image\/","url":"https:\/\/www.transtoyou.com\/fr\/wp-content\/uploads\/sites\/5\/2026\/01\/logo-tty-menu-bar-300x87-1.webp","contentUrl":"https:\/\/www.transtoyou.com\/fr\/wp-content\/uploads\/sites\/5\/2026\/01\/logo-tty-menu-bar-300x87-1.webp","width":300,"height":87,"caption":"Transtoyou - FR"},"image":{"@id":"https:\/\/www.transtoyou.com\/fr\/#\/schema\/logo\/image\/"}}]}},"_links":{"self":[{"href":"https:\/\/www.transtoyou.com\/fr\/wp-json\/wp\/v2\/product\/1233","targetHints":{"allow":["GET"]}}],"collection":[{"href":"https:\/\/www.transtoyou.com\/fr\/wp-json\/wp\/v2\/product"}],"about":[{"href":"https:\/\/www.transtoyou.com\/fr\/wp-json\/wp\/v2\/types\/product"}],"replies":[{"embeddable":true,"href":"https:\/\/www.transtoyou.com\/fr\/wp-json\/wp\/v2\/comments?post=1233"}],"wp:featuredmedia":[{"embeddable":true,"href":"https:\/\/www.transtoyou.com\/fr\/wp-json\/wp\/v2\/media\/1234"}],"wp:attachment":[{"href":"https:\/\/www.transtoyou.com\/fr\/wp-json\/wp\/v2\/media?parent=1233"}],"wp:term":[{"taxonomy":"product_brand","embeddable":true,"href":"https:\/\/www.transtoyou.com\/fr\/wp-json\/wp\/v2\/product_brand?post=1233"},{"taxonomy":"product_cat","embeddable":true,"href":"https:\/\/www.transtoyou.com\/fr\/wp-json\/wp\/v2\/product_cat?post=1233"},{"taxonomy":"product_tag","embeddable":true,"href":"https:\/\/www.transtoyou.com\/fr\/wp-json\/wp\/v2\/product_tag?post=1233"},{"taxonomy":"expert","embeddable":true,"href":"https:\/\/www.transtoyou.com\/fr\/wp-json\/wp\/v2\/expert?post=1233"}],"curies":[{"name":"wp","href":"https:\/\/api.w.org\/{rel}","templated":true}]}}