{"id":1249,"date":"2026-01-26T02:05:05","date_gmt":"2026-01-26T00:05:05","guid":{"rendered":"https:\/\/www.transtoyou.com\/fr\/product\/campral\/"},"modified":"2026-02-09T17:53:44","modified_gmt":"2026-02-09T15:53:44","slug":"campral","status":"publish","type":"product","link":"https:\/\/www.transtoyou.com\/fr\/product\/campral\/","title":{"rendered":"Campral"},"content":{"rendered":"<p>Campral (Acamprosate) est un m\u00e9dicament con\u00e7u pour soutenir les personnes en r\u00e9tablissement d&rsquo;une d\u00e9pendance \u00e0 l&rsquo;alcool. Il aide \u00e0 r\u00e9duire les envies et soutient l&rsquo;abstinence \u00e0 long terme en stabilisant l&rsquo;activit\u00e9 des neurotransmetteurs dans le cerveau. La consommation chronique d&rsquo;alcool perturbe l&rsquo;\u00e9quilibre entre les neurotransmetteurs excitateurs et inhibiteurs, entra\u00eenant d\u00e9pendance et sympt\u00f4mes de sevrage. Campral agit en modulant l&rsquo;activit\u00e9 du glutamate et du GABA, aidant le cerveau \u00e0 retrouver son \u00e9quilibre naturel.<\/p>\n<p>Contrairement aux m\u00e9dicaments qui provoquent des effets ind\u00e9sirables lorsque de l&rsquo;alcool est consomm\u00e9, Campral ne rend pas la consommation d&rsquo;alcool d\u00e9sagr\u00e9able. Au lieu de cela, il r\u00e9duit le d\u00e9sir psychologique de boire, facilitant ainsi le maintien de la sobri\u00e9t\u00e9. Il est le plus efficace lorsqu&rsquo;il est utilis\u00e9 en conjonction avec des conseils ou une th\u00e9rapie dans le cadre d&rsquo;un programme de traitement complet.<\/p>\n<p>En diminuant les envies d&rsquo;alcool, Campral aide \u00e0 pr\u00e9venir les rechutes et soutient le r\u00e9tablissement \u00e0 long terme. Il n&rsquo;est pas addictif et ne produit pas de sympt\u00f4mes de sevrage lorsqu&rsquo;il est arr\u00eat\u00e9. Le m\u00e9dicament est g\u00e9n\u00e9ralement bien tol\u00e9r\u00e9, les effets secondaires les plus courants \u00e9tant de l\u00e9gers probl\u00e8mes gastro-intestinaux comme la diarrh\u00e9e, les naus\u00e9es ou l&rsquo;inconfort abdominal. Ceux-ci disparaissent g\u00e9n\u00e9ralement avec le temps \u00e0 mesure que le corps s&rsquo;ajuste.<\/p>\n<p>Campral est particuli\u00e8rement b\u00e9n\u00e9fique pour les personnes qui ont d\u00e9j\u00e0 termin\u00e9 la phase de d\u00e9sintoxication initiale et qui s&rsquo;engagent \u00e0 maintenir leur abstinence. Des \u00e9tudes ont montr\u00e9 qu&rsquo;il augmente les chances de sobri\u00e9t\u00e9 \u00e0 long terme lorsqu&rsquo;il est pris comme prescrit. Bien qu&rsquo;il ne fonctionne pas pour tout le monde, ceux qui respectent leur plan de traitement et re\u00e7oivent un soutien psychologique sont plus susceptibles d&rsquo;en b\u00e9n\u00e9ficier.<\/p>\n","protected":false},"excerpt":{"rendered":"<ul>\n<li>R\u00e9duit les envies et soutient la sobri\u00e9t\u00e9 \u00e0 long terme<\/li>\n<li>Restaure l&rsquo;\u00e9quilibre c\u00e9r\u00e9bral apr\u00e8s une consommation d&rsquo;alcool<\/li>\n<li>Non addictif et g\u00e9n\u00e9ralement bien tol\u00e9r\u00e9<\/li>\n<\/ul>\n","protected":false},"featured_media":1251,"comment_status":"open","ping_status":"closed","template":"","meta":[],"product_brand":[],"product_cat":[74],"product_tag":[],"expert":[16],"class_list":{"0":"post-1249","1":"product","2":"type-product","3":"status-publish","4":"has-post-thumbnail","6":"product_cat-aides-a-la-recuperation-dalcool","7":"expert-dr-c-alexandru","9":"first","10":"instock","11":"shipping-taxable","12":"product-type-variable"},"yoast_head":"<!-- This site is optimized with the Yoast SEO plugin v27.0 - https:\/\/yoast.com\/product\/yoast-seo-wordpress\/ -->\n<title>Campral | Soutien pour rester sobre - Transtoyou - FR<\/title>\n<meta name=\"description\" content=\"Campral diminue les envies d&#039;alcool et soutient la r\u00e9cup\u00e9ration. Non addictif et bien tol\u00e9r\u00e9, il favorise la sobri\u00e9t\u00e9 durable. Disponible sur Transtoyou.\" \/>\n<meta name=\"robots\" content=\"noindex, follow, max-snippet:-1, max-image-preview:large, max-video-preview:-1\" \/>\n<meta property=\"og:locale\" content=\"fr_FR\" \/>\n<meta property=\"og:type\" content=\"article\" \/>\n<meta property=\"og:title\" content=\"Campral | Soutien pour rester sobre - Transtoyou - FR\" \/>\n<meta property=\"og:description\" content=\"Campral diminue les envies d&#039;alcool et soutient la r\u00e9cup\u00e9ration. Non addictif et bien tol\u00e9r\u00e9, il favorise la sobri\u00e9t\u00e9 durable. Disponible sur Transtoyou.\" \/>\n<meta property=\"og:url\" content=\"https:\/\/www.transtoyou.com\/fr\/product\/campral\/\" \/>\n<meta property=\"og:site_name\" content=\"Transtoyou - FR\" \/>\n<meta property=\"article:modified_time\" content=\"2026-02-09T15:53:44+00:00\" \/>\n<meta name=\"twitter:card\" content=\"summary_large_image\" \/>\n<meta name=\"twitter:label1\" content=\"Dur\u00e9e de lecture estim\u00e9e\" \/>\n\t<meta name=\"twitter:data1\" content=\"2 minutes\" \/>\n<script type=\"application\/ld+json\" class=\"yoast-schema-graph\">{\"@context\":\"https:\/\/schema.org\",\"@graph\":[{\"@type\":\"WebPage\",\"@id\":\"https:\/\/www.transtoyou.com\/fr\/product\/campral\/\",\"url\":\"https:\/\/www.transtoyou.com\/fr\/product\/campral\/\",\"name\":\"Campral | Soutien pour rester sobre - Transtoyou - FR\",\"isPartOf\":{\"@id\":\"https:\/\/www.transtoyou.com\/fr\/#website\"},\"primaryImageOfPage\":{\"@id\":\"https:\/\/www.transtoyou.com\/fr\/product\/campral\/#primaryimage\"},\"image\":{\"@id\":\"https:\/\/www.transtoyou.com\/fr\/product\/campral\/#primaryimage\"},\"thumbnailUrl\":\"https:\/\/www.transtoyou.com\/fr\/wp-content\/uploads\/sites\/5\/2026\/01\/tty-no-product-image-176.webp\",\"datePublished\":\"2026-01-26T00:05:05+00:00\",\"dateModified\":\"2026-02-09T15:53:44+00:00\",\"description\":\"Campral diminue les envies d'alcool et soutient la r\u00e9cup\u00e9ration. Non addictif et bien tol\u00e9r\u00e9, il favorise la sobri\u00e9t\u00e9 durable. Disponible sur Transtoyou.\",\"breadcrumb\":{\"@id\":\"https:\/\/www.transtoyou.com\/fr\/product\/campral\/#breadcrumb\"},\"inLanguage\":\"fr-FR\",\"potentialAction\":[{\"@type\":\"ReadAction\",\"target\":[\"https:\/\/www.transtoyou.com\/fr\/product\/campral\/\"]}]},{\"@type\":\"ImageObject\",\"inLanguage\":\"fr-FR\",\"@id\":\"https:\/\/www.transtoyou.com\/fr\/product\/campral\/#primaryimage\",\"url\":\"https:\/\/www.transtoyou.com\/fr\/wp-content\/uploads\/sites\/5\/2026\/01\/tty-no-product-image-176.webp\",\"contentUrl\":\"https:\/\/www.transtoyou.com\/fr\/wp-content\/uploads\/sites\/5\/2026\/01\/tty-no-product-image-176.webp\",\"width\":1000,\"height\":1000,\"caption\":\"Image produit par d\u00e9faut\"},{\"@type\":\"WebSite\",\"@id\":\"https:\/\/www.transtoyou.com\/fr\/#website\",\"url\":\"https:\/\/www.transtoyou.com\/fr\/\",\"name\":\"Transtoyou - FR\",\"description\":\"\",\"publisher\":{\"@id\":\"https:\/\/www.transtoyou.com\/fr\/#organization\"},\"potentialAction\":[{\"@type\":\"SearchAction\",\"target\":{\"@type\":\"EntryPoint\",\"urlTemplate\":\"https:\/\/www.transtoyou.com\/fr\/?s={search_term_string}\"},\"query-input\":{\"@type\":\"PropertyValueSpecification\",\"valueRequired\":true,\"valueName\":\"search_term_string\"}}],\"inLanguage\":\"fr-FR\"},{\"@type\":\"Organization\",\"@id\":\"https:\/\/www.transtoyou.com\/fr\/#organization\",\"name\":\"Transtoyou - FR\",\"url\":\"https:\/\/www.transtoyou.com\/fr\/\",\"logo\":{\"@type\":\"ImageObject\",\"inLanguage\":\"fr-FR\",\"@id\":\"https:\/\/www.transtoyou.com\/fr\/#\/schema\/logo\/image\/\",\"url\":\"https:\/\/www.transtoyou.com\/fr\/wp-content\/uploads\/sites\/5\/2026\/01\/logo-tty-menu-bar-300x87-1.webp\",\"contentUrl\":\"https:\/\/www.transtoyou.com\/fr\/wp-content\/uploads\/sites\/5\/2026\/01\/logo-tty-menu-bar-300x87-1.webp\",\"width\":300,\"height\":87,\"caption\":\"Transtoyou - FR\"},\"image\":{\"@id\":\"https:\/\/www.transtoyou.com\/fr\/#\/schema\/logo\/image\/\"}}]}<\/script>\n<!-- \/ Yoast SEO plugin. -->","yoast_head_json":{"title":"Campral | Soutien pour rester sobre - Transtoyou - FR","description":"Campral diminue les envies d'alcool et soutient la r\u00e9cup\u00e9ration. Non addictif et bien tol\u00e9r\u00e9, il favorise la sobri\u00e9t\u00e9 durable. Disponible sur Transtoyou.","robots":{"index":"noindex","follow":"follow","max-snippet":"max-snippet:-1","max-image-preview":"max-image-preview:large","max-video-preview":"max-video-preview:-1"},"og_locale":"fr_FR","og_type":"article","og_title":"Campral | Soutien pour rester sobre - Transtoyou - FR","og_description":"Campral diminue les envies d'alcool et soutient la r\u00e9cup\u00e9ration. Non addictif et bien tol\u00e9r\u00e9, il favorise la sobri\u00e9t\u00e9 durable. Disponible sur Transtoyou.","og_url":"https:\/\/www.transtoyou.com\/fr\/product\/campral\/","og_site_name":"Transtoyou - FR","article_modified_time":"2026-02-09T15:53:44+00:00","twitter_card":"summary_large_image","twitter_misc":{"Dur\u00e9e de lecture estim\u00e9e":"2 minutes"},"schema":{"@context":"https:\/\/schema.org","@graph":[{"@type":"WebPage","@id":"https:\/\/www.transtoyou.com\/fr\/product\/campral\/","url":"https:\/\/www.transtoyou.com\/fr\/product\/campral\/","name":"Campral | Soutien pour rester sobre - Transtoyou - FR","isPartOf":{"@id":"https:\/\/www.transtoyou.com\/fr\/#website"},"primaryImageOfPage":{"@id":"https:\/\/www.transtoyou.com\/fr\/product\/campral\/#primaryimage"},"image":{"@id":"https:\/\/www.transtoyou.com\/fr\/product\/campral\/#primaryimage"},"thumbnailUrl":"https:\/\/www.transtoyou.com\/fr\/wp-content\/uploads\/sites\/5\/2026\/01\/tty-no-product-image-176.webp","datePublished":"2026-01-26T00:05:05+00:00","dateModified":"2026-02-09T15:53:44+00:00","description":"Campral diminue les envies d'alcool et soutient la r\u00e9cup\u00e9ration. Non addictif et bien tol\u00e9r\u00e9, il favorise la sobri\u00e9t\u00e9 durable. Disponible sur Transtoyou.","breadcrumb":{"@id":"https:\/\/www.transtoyou.com\/fr\/product\/campral\/#breadcrumb"},"inLanguage":"fr-FR","potentialAction":[{"@type":"ReadAction","target":["https:\/\/www.transtoyou.com\/fr\/product\/campral\/"]}]},{"@type":"ImageObject","inLanguage":"fr-FR","@id":"https:\/\/www.transtoyou.com\/fr\/product\/campral\/#primaryimage","url":"https:\/\/www.transtoyou.com\/fr\/wp-content\/uploads\/sites\/5\/2026\/01\/tty-no-product-image-176.webp","contentUrl":"https:\/\/www.transtoyou.com\/fr\/wp-content\/uploads\/sites\/5\/2026\/01\/tty-no-product-image-176.webp","width":1000,"height":1000,"caption":"Image produit par d\u00e9faut"},{"@type":"WebSite","@id":"https:\/\/www.transtoyou.com\/fr\/#website","url":"https:\/\/www.transtoyou.com\/fr\/","name":"Transtoyou - FR","description":"","publisher":{"@id":"https:\/\/www.transtoyou.com\/fr\/#organization"},"potentialAction":[{"@type":"SearchAction","target":{"@type":"EntryPoint","urlTemplate":"https:\/\/www.transtoyou.com\/fr\/?s={search_term_string}"},"query-input":{"@type":"PropertyValueSpecification","valueRequired":true,"valueName":"search_term_string"}}],"inLanguage":"fr-FR"},{"@type":"Organization","@id":"https:\/\/www.transtoyou.com\/fr\/#organization","name":"Transtoyou - FR","url":"https:\/\/www.transtoyou.com\/fr\/","logo":{"@type":"ImageObject","inLanguage":"fr-FR","@id":"https:\/\/www.transtoyou.com\/fr\/#\/schema\/logo\/image\/","url":"https:\/\/www.transtoyou.com\/fr\/wp-content\/uploads\/sites\/5\/2026\/01\/logo-tty-menu-bar-300x87-1.webp","contentUrl":"https:\/\/www.transtoyou.com\/fr\/wp-content\/uploads\/sites\/5\/2026\/01\/logo-tty-menu-bar-300x87-1.webp","width":300,"height":87,"caption":"Transtoyou - FR"},"image":{"@id":"https:\/\/www.transtoyou.com\/fr\/#\/schema\/logo\/image\/"}}]}},"_links":{"self":[{"href":"https:\/\/www.transtoyou.com\/fr\/wp-json\/wp\/v2\/product\/1249","targetHints":{"allow":["GET"]}}],"collection":[{"href":"https:\/\/www.transtoyou.com\/fr\/wp-json\/wp\/v2\/product"}],"about":[{"href":"https:\/\/www.transtoyou.com\/fr\/wp-json\/wp\/v2\/types\/product"}],"replies":[{"embeddable":true,"href":"https:\/\/www.transtoyou.com\/fr\/wp-json\/wp\/v2\/comments?post=1249"}],"wp:featuredmedia":[{"embeddable":true,"href":"https:\/\/www.transtoyou.com\/fr\/wp-json\/wp\/v2\/media\/1251"}],"wp:attachment":[{"href":"https:\/\/www.transtoyou.com\/fr\/wp-json\/wp\/v2\/media?parent=1249"}],"wp:term":[{"taxonomy":"product_brand","embeddable":true,"href":"https:\/\/www.transtoyou.com\/fr\/wp-json\/wp\/v2\/product_brand?post=1249"},{"taxonomy":"product_cat","embeddable":true,"href":"https:\/\/www.transtoyou.com\/fr\/wp-json\/wp\/v2\/product_cat?post=1249"},{"taxonomy":"product_tag","embeddable":true,"href":"https:\/\/www.transtoyou.com\/fr\/wp-json\/wp\/v2\/product_tag?post=1249"},{"taxonomy":"expert","embeddable":true,"href":"https:\/\/www.transtoyou.com\/fr\/wp-json\/wp\/v2\/expert?post=1249"}],"curies":[{"name":"wp","href":"https:\/\/api.w.org\/{rel}","templated":true}]}}