{"id":1258,"date":"2026-01-26T03:02:05","date_gmt":"2026-01-26T01:02:05","guid":{"rendered":"https:\/\/www.transtoyou.com\/fr\/product\/codeine\/"},"modified":"2026-02-13T15:23:09","modified_gmt":"2026-02-13T13:23:09","slug":"codeine","status":"publish","type":"product","link":"https:\/\/www.transtoyou.com\/fr\/product\/codeine\/","title":{"rendered":"Cod\u00e9ine"},"content":{"rendered":"<p>Le phosphate de cod\u00e9ine est un analg\u00e9sique opio\u00efde utilis\u00e9 pour traiter la douleur l\u00e9g\u00e8re \u00e0 mod\u00e9r\u00e9ment s\u00e9v\u00e8re. Il agit en se liant aux r\u00e9cepteurs opio\u00efdes dans le cerveau et la moelle \u00e9pini\u00e8re, modifiant la perception et la r\u00e9ponse \u00e9motionnelle \u00e0 la douleur. Il peut \u00e9galement \u00eatre utilis\u00e9 comme antitussif en raison de son action sur le centre de la toux du cerveau.<\/p>\n<p>La cod\u00e9ine est principalement utilis\u00e9e pour soulager la douleur aigu\u00eb ou chronique, en particulier lorsque les analg\u00e9siques non opio\u00efdes sont insuffisants. Elle peut \u00eatre combin\u00e9e avec d&rsquo;autres analg\u00e9siques comme le parac\u00e9tamol pour un effet renforc\u00e9.<\/p>\n<p>La cod\u00e9ine d\u00e9prime le syst\u00e8me nerveux central, offrant un soulagement de la douleur et une s\u00e9dation. Ses effets peuvent inclure de la somnolence, de la constipation et, \u00e0 des doses plus \u00e9lev\u00e9es ou en cas d&rsquo;utilisation prolong\u00e9e, un risque de d\u00e9pendance et de d\u00e9pression respiratoire.<\/p>\n<p>Elle offre un soulagement efficace pour la douleur mod\u00e9r\u00e9e, souvent utilis\u00e9e lorsque d&rsquo;autres m\u00e9dicaments sont inad\u00e9quats. Elle peut \u00eatre utilis\u00e9e dans des produits combin\u00e9s pour am\u00e9liorer l&rsquo;efficacit\u00e9.<\/p>\n","protected":false},"excerpt":{"rendered":"<ul>\n<li>Analg\u00e9sique opio\u00efde pour soulager la douleur mod\u00e9r\u00e9e<\/li>\n<li>Peut \u00eatre combin\u00e9 avec d&rsquo;autres analg\u00e9siques<\/li>\n<li>Supprime \u00e9galement la toux dans des situations sp\u00e9cifiques<\/li>\n<\/ul>\n","protected":false},"featured_media":1260,"comment_status":"open","ping_status":"closed","template":"","meta":[],"product_brand":[],"product_cat":[129,81,147],"product_tag":[],"expert":[19],"class_list":{"0":"post-1258","1":"product","2":"type-product","3":"status-publish","4":"has-post-thumbnail","6":"product_cat-cephalees-migraines","7":"product_cat-douleurs-au-dos-muscles-et-articulations","8":"product_cat-inconfort-menstruel","9":"expert-dr-j-vazquez","11":"first","12":"instock","13":"shipping-taxable","14":"product-type-variable"},"yoast_head":"<!-- This site is optimized with the Yoast SEO plugin v27.0 - https:\/\/yoast.com\/product\/yoast-seo-wordpress\/ -->\n<title>Cod\u00e9ine | Soulagement Efficace pour la Douleur &amp; la Toux - Transtoyou - FR<\/title>\n<meta name=\"description\" content=\"La cod\u00e9ine est utilis\u00e9e pour les douleurs mod\u00e9r\u00e9es ou la toux s\u00e8che. Acc\u00e8s rapide en ligne avec une ordonnance. S\u00fbr, discret et livr\u00e9 chez vous.\" \/>\n<meta name=\"robots\" content=\"noindex, follow, max-snippet:-1, max-image-preview:large, max-video-preview:-1\" \/>\n<meta property=\"og:locale\" content=\"fr_FR\" \/>\n<meta property=\"og:type\" content=\"article\" \/>\n<meta property=\"og:title\" content=\"Cod\u00e9ine | Soulagement Efficace pour la Douleur &amp; la Toux - Transtoyou - FR\" \/>\n<meta property=\"og:description\" content=\"La cod\u00e9ine est utilis\u00e9e pour les douleurs mod\u00e9r\u00e9es ou la toux s\u00e8che. Acc\u00e8s rapide en ligne avec une ordonnance. S\u00fbr, discret et livr\u00e9 chez vous.\" \/>\n<meta property=\"og:url\" content=\"https:\/\/www.transtoyou.com\/fr\/product\/codeine\/\" \/>\n<meta property=\"og:site_name\" content=\"Transtoyou - FR\" \/>\n<meta property=\"article:modified_time\" content=\"2026-02-13T13:23:09+00:00\" \/>\n<meta name=\"twitter:card\" content=\"summary_large_image\" \/>\n<meta name=\"twitter:label1\" content=\"Dur\u00e9e de lecture estim\u00e9e\" \/>\n\t<meta name=\"twitter:data1\" content=\"1 minute\" \/>\n<script type=\"application\/ld+json\" class=\"yoast-schema-graph\">{\"@context\":\"https:\/\/schema.org\",\"@graph\":[{\"@type\":\"WebPage\",\"@id\":\"https:\/\/www.transtoyou.com\/fr\/product\/codeine\/\",\"url\":\"https:\/\/www.transtoyou.com\/fr\/product\/codeine\/\",\"name\":\"Cod\u00e9ine | Soulagement Efficace pour la Douleur & la Toux - Transtoyou - FR\",\"isPartOf\":{\"@id\":\"https:\/\/www.transtoyou.com\/fr\/#website\"},\"primaryImageOfPage\":{\"@id\":\"https:\/\/www.transtoyou.com\/fr\/product\/codeine\/#primaryimage\"},\"image\":{\"@id\":\"https:\/\/www.transtoyou.com\/fr\/product\/codeine\/#primaryimage\"},\"thumbnailUrl\":\"https:\/\/www.transtoyou.com\/fr\/wp-content\/uploads\/sites\/5\/2026\/01\/tty-no-product-image-179.webp\",\"datePublished\":\"2026-01-26T01:02:05+00:00\",\"dateModified\":\"2026-02-13T13:23:09+00:00\",\"description\":\"La cod\u00e9ine est utilis\u00e9e pour les douleurs mod\u00e9r\u00e9es ou la toux s\u00e8che. Acc\u00e8s rapide en ligne avec une ordonnance. S\u00fbr, discret et livr\u00e9 chez vous.\",\"breadcrumb\":{\"@id\":\"https:\/\/www.transtoyou.com\/fr\/product\/codeine\/#breadcrumb\"},\"inLanguage\":\"fr-FR\",\"potentialAction\":[{\"@type\":\"ReadAction\",\"target\":[\"https:\/\/www.transtoyou.com\/fr\/product\/codeine\/\"]}]},{\"@type\":\"ImageObject\",\"inLanguage\":\"fr-FR\",\"@id\":\"https:\/\/www.transtoyou.com\/fr\/product\/codeine\/#primaryimage\",\"url\":\"https:\/\/www.transtoyou.com\/fr\/wp-content\/uploads\/sites\/5\/2026\/01\/tty-no-product-image-179.webp\",\"contentUrl\":\"https:\/\/www.transtoyou.com\/fr\/wp-content\/uploads\/sites\/5\/2026\/01\/tty-no-product-image-179.webp\",\"width\":1000,\"height\":1000,\"caption\":\"Image produit par d\u00e9faut\"},{\"@type\":\"WebSite\",\"@id\":\"https:\/\/www.transtoyou.com\/fr\/#website\",\"url\":\"https:\/\/www.transtoyou.com\/fr\/\",\"name\":\"Transtoyou - FR\",\"description\":\"\",\"publisher\":{\"@id\":\"https:\/\/www.transtoyou.com\/fr\/#organization\"},\"potentialAction\":[{\"@type\":\"SearchAction\",\"target\":{\"@type\":\"EntryPoint\",\"urlTemplate\":\"https:\/\/www.transtoyou.com\/fr\/?s={search_term_string}\"},\"query-input\":{\"@type\":\"PropertyValueSpecification\",\"valueRequired\":true,\"valueName\":\"search_term_string\"}}],\"inLanguage\":\"fr-FR\"},{\"@type\":\"Organization\",\"@id\":\"https:\/\/www.transtoyou.com\/fr\/#organization\",\"name\":\"Transtoyou - FR\",\"url\":\"https:\/\/www.transtoyou.com\/fr\/\",\"logo\":{\"@type\":\"ImageObject\",\"inLanguage\":\"fr-FR\",\"@id\":\"https:\/\/www.transtoyou.com\/fr\/#\/schema\/logo\/image\/\",\"url\":\"https:\/\/www.transtoyou.com\/fr\/wp-content\/uploads\/sites\/5\/2026\/01\/logo-tty-menu-bar-300x87-1.webp\",\"contentUrl\":\"https:\/\/www.transtoyou.com\/fr\/wp-content\/uploads\/sites\/5\/2026\/01\/logo-tty-menu-bar-300x87-1.webp\",\"width\":300,\"height\":87,\"caption\":\"Transtoyou - FR\"},\"image\":{\"@id\":\"https:\/\/www.transtoyou.com\/fr\/#\/schema\/logo\/image\/\"}}]}<\/script>\n<!-- \/ Yoast SEO plugin. -->","yoast_head_json":{"title":"Cod\u00e9ine | Soulagement Efficace pour la Douleur & la Toux - Transtoyou - FR","description":"La cod\u00e9ine est utilis\u00e9e pour les douleurs mod\u00e9r\u00e9es ou la toux s\u00e8che. Acc\u00e8s rapide en ligne avec une ordonnance. S\u00fbr, discret et livr\u00e9 chez vous.","robots":{"index":"noindex","follow":"follow","max-snippet":"max-snippet:-1","max-image-preview":"max-image-preview:large","max-video-preview":"max-video-preview:-1"},"og_locale":"fr_FR","og_type":"article","og_title":"Cod\u00e9ine | Soulagement Efficace pour la Douleur & la Toux - Transtoyou - FR","og_description":"La cod\u00e9ine est utilis\u00e9e pour les douleurs mod\u00e9r\u00e9es ou la toux s\u00e8che. Acc\u00e8s rapide en ligne avec une ordonnance. S\u00fbr, discret et livr\u00e9 chez vous.","og_url":"https:\/\/www.transtoyou.com\/fr\/product\/codeine\/","og_site_name":"Transtoyou - FR","article_modified_time":"2026-02-13T13:23:09+00:00","twitter_card":"summary_large_image","twitter_misc":{"Dur\u00e9e de lecture estim\u00e9e":"1 minute"},"schema":{"@context":"https:\/\/schema.org","@graph":[{"@type":"WebPage","@id":"https:\/\/www.transtoyou.com\/fr\/product\/codeine\/","url":"https:\/\/www.transtoyou.com\/fr\/product\/codeine\/","name":"Cod\u00e9ine | Soulagement Efficace pour la Douleur & la Toux - Transtoyou - FR","isPartOf":{"@id":"https:\/\/www.transtoyou.com\/fr\/#website"},"primaryImageOfPage":{"@id":"https:\/\/www.transtoyou.com\/fr\/product\/codeine\/#primaryimage"},"image":{"@id":"https:\/\/www.transtoyou.com\/fr\/product\/codeine\/#primaryimage"},"thumbnailUrl":"https:\/\/www.transtoyou.com\/fr\/wp-content\/uploads\/sites\/5\/2026\/01\/tty-no-product-image-179.webp","datePublished":"2026-01-26T01:02:05+00:00","dateModified":"2026-02-13T13:23:09+00:00","description":"La cod\u00e9ine est utilis\u00e9e pour les douleurs mod\u00e9r\u00e9es ou la toux s\u00e8che. Acc\u00e8s rapide en ligne avec une ordonnance. S\u00fbr, discret et livr\u00e9 chez vous.","breadcrumb":{"@id":"https:\/\/www.transtoyou.com\/fr\/product\/codeine\/#breadcrumb"},"inLanguage":"fr-FR","potentialAction":[{"@type":"ReadAction","target":["https:\/\/www.transtoyou.com\/fr\/product\/codeine\/"]}]},{"@type":"ImageObject","inLanguage":"fr-FR","@id":"https:\/\/www.transtoyou.com\/fr\/product\/codeine\/#primaryimage","url":"https:\/\/www.transtoyou.com\/fr\/wp-content\/uploads\/sites\/5\/2026\/01\/tty-no-product-image-179.webp","contentUrl":"https:\/\/www.transtoyou.com\/fr\/wp-content\/uploads\/sites\/5\/2026\/01\/tty-no-product-image-179.webp","width":1000,"height":1000,"caption":"Image produit par d\u00e9faut"},{"@type":"WebSite","@id":"https:\/\/www.transtoyou.com\/fr\/#website","url":"https:\/\/www.transtoyou.com\/fr\/","name":"Transtoyou - FR","description":"","publisher":{"@id":"https:\/\/www.transtoyou.com\/fr\/#organization"},"potentialAction":[{"@type":"SearchAction","target":{"@type":"EntryPoint","urlTemplate":"https:\/\/www.transtoyou.com\/fr\/?s={search_term_string}"},"query-input":{"@type":"PropertyValueSpecification","valueRequired":true,"valueName":"search_term_string"}}],"inLanguage":"fr-FR"},{"@type":"Organization","@id":"https:\/\/www.transtoyou.com\/fr\/#organization","name":"Transtoyou - FR","url":"https:\/\/www.transtoyou.com\/fr\/","logo":{"@type":"ImageObject","inLanguage":"fr-FR","@id":"https:\/\/www.transtoyou.com\/fr\/#\/schema\/logo\/image\/","url":"https:\/\/www.transtoyou.com\/fr\/wp-content\/uploads\/sites\/5\/2026\/01\/logo-tty-menu-bar-300x87-1.webp","contentUrl":"https:\/\/www.transtoyou.com\/fr\/wp-content\/uploads\/sites\/5\/2026\/01\/logo-tty-menu-bar-300x87-1.webp","width":300,"height":87,"caption":"Transtoyou - FR"},"image":{"@id":"https:\/\/www.transtoyou.com\/fr\/#\/schema\/logo\/image\/"}}]}},"_links":{"self":[{"href":"https:\/\/www.transtoyou.com\/fr\/wp-json\/wp\/v2\/product\/1258","targetHints":{"allow":["GET"]}}],"collection":[{"href":"https:\/\/www.transtoyou.com\/fr\/wp-json\/wp\/v2\/product"}],"about":[{"href":"https:\/\/www.transtoyou.com\/fr\/wp-json\/wp\/v2\/types\/product"}],"replies":[{"embeddable":true,"href":"https:\/\/www.transtoyou.com\/fr\/wp-json\/wp\/v2\/comments?post=1258"}],"wp:featuredmedia":[{"embeddable":true,"href":"https:\/\/www.transtoyou.com\/fr\/wp-json\/wp\/v2\/media\/1260"}],"wp:attachment":[{"href":"https:\/\/www.transtoyou.com\/fr\/wp-json\/wp\/v2\/media?parent=1258"}],"wp:term":[{"taxonomy":"product_brand","embeddable":true,"href":"https:\/\/www.transtoyou.com\/fr\/wp-json\/wp\/v2\/product_brand?post=1258"},{"taxonomy":"product_cat","embeddable":true,"href":"https:\/\/www.transtoyou.com\/fr\/wp-json\/wp\/v2\/product_cat?post=1258"},{"taxonomy":"product_tag","embeddable":true,"href":"https:\/\/www.transtoyou.com\/fr\/wp-json\/wp\/v2\/product_tag?post=1258"},{"taxonomy":"expert","embeddable":true,"href":"https:\/\/www.transtoyou.com\/fr\/wp-json\/wp\/v2\/expert?post=1258"}],"curies":[{"name":"wp","href":"https:\/\/api.w.org\/{rel}","templated":true}]}}