{"id":1682,"date":"2026-02-04T08:20:36","date_gmt":"2026-02-04T06:20:36","guid":{"rendered":"https:\/\/www.transtoyou.com\/fr\/product\/advil\/"},"modified":"2026-02-04T08:21:34","modified_gmt":"2026-02-04T06:21:34","slug":"advil","status":"publish","type":"product","link":"https:\/\/www.transtoyou.com\/fr\/product\/advil\/","title":{"rendered":"Advil"},"content":{"rendered":"<p>Advil contient de l&rsquo;ibuprof\u00e8ne, un m\u00e9dicament utilis\u00e9 pour soulager la douleur, r\u00e9duire l&rsquo;enflure et abaisser la fi\u00e8vre. Il fait partie d&rsquo;un groupe de m\u00e9dicaments appel\u00e9s anti-inflammatoires non st\u00e9ro\u00efdiens. L&rsquo;ibuprof\u00e8ne agit en bloquant des enzymes appel\u00e9es cyclooxyg\u00e9nases (COX), qui sont impliqu\u00e9es dans la production de prostaglandines. Ce sont des substances naturelles qui jouent un r\u00f4le dans la douleur, l&rsquo;inflammation et la fi\u00e8vre. En abaissant les niveaux de prostaglandines, l&rsquo;ibuprof\u00e8ne peut soulager des sympt\u00f4mes courants tels que les maux de t\u00eate, les douleurs musculaires ou les douleurs articulaires.<\/p>\n<p>L&rsquo;effet commence g\u00e9n\u00e9ralement dans les 30 \u00e0 45 minutes. Il peut commencer \u00e0 agir un peu plus rapidement \u00e0 jeun, mais le prendre avec de la nourriture peut aider \u00e0 prot\u00e9ger la muqueuse de l&rsquo;estomac. Apr\u00e8s avoir \u00e9t\u00e9 absorb\u00e9, le m\u00e9dicament se propage dans tout le corps et atteint \u00e9galement le liquide articulaire, c&rsquo;est pourquoi il peut aider dans des conditions comme l&rsquo;arthrite. Le corps \u00e9limine l&rsquo;ibuprof\u00e8ne par les reins. Le m\u00e9dicament reste actif dans le corps pendant quelques heures (l&rsquo;ibuprof\u00e8ne a une demi-vie d&rsquo;environ 2 \u00e0 4 heures, ce qui signifie que ses effets durent g\u00e9n\u00e9ralement de 4 \u00e0 6 heures), et les adultes peuvent le prendre toutes les six \u00e0 huit heures si n\u00e9cessaire. (La dose quotidienne maximale en vente libre pour les adultes est de 1 200 milligrammes.)<\/p>\n<p>\u00c9tant donn\u00e9 que les prostaglandines soutiennent \u00e9galement la muqueuse de l&rsquo;estomac et la fonction r\u00e9nale, il est important d&rsquo;utiliser l&rsquo;ibuprof\u00e8ne avec pr\u00e9caution. Utilisez la dose efficace la plus faible pendant la dur\u00e9e la plus courte. Le prendre avec de la nourriture, boire suffisamment de liquides et \u00e9viter une consommation excessive d&rsquo;alcool peut aider \u00e0 r\u00e9duire le risque de probl\u00e8mes d&rsquo;estomac. Les personnes de plus de 60 ans ou ayant des ant\u00e9c\u00e9dents d&rsquo;ulc\u00e8res d&rsquo;estomac ou de saignements gastro-intestinaux pourraient \u00eatre conseill\u00e9es d&rsquo;utiliser un m\u00e9dicament protecteur ou un m\u00e9dicament gastroprotecteur, comme un inhibiteur de la pompe \u00e0 protons, en plus de l&rsquo;ibuprof\u00e8ne.<\/p>\n","protected":false},"excerpt":{"rendered":"<ul>\n<li>Ibuprof\u00e8ne \u00e0 action rapide de 200 mg et 400 mg pour la douleur, la fi\u00e8vre, l&rsquo;inflammation<\/li>\n<li>Commence \u00e0 agir en environ 30 minutes, dure jusqu&rsquo;\u00e0 8 heures<\/li>\n<li>Commodit\u00e9 en vente libre avec flexibilit\u00e9 de prescription<\/li>\n<\/ul>\n","protected":false},"featured_media":1684,"comment_status":"open","ping_status":"closed","template":"","meta":[],"product_brand":[],"product_cat":[129,70,81,147,123],"product_tag":[],"expert":[21],"class_list":{"0":"post-1682","1":"product","2":"type-product","3":"status-publish","4":"has-post-thumbnail","6":"product_cat-cephalees-migraines","7":"product_cat-douleurs-abdominales","8":"product_cat-douleurs-au-dos-muscles-et-articulations","9":"product_cat-inconfort-menstruel","10":"product_cat-remedes-contre-la-grippe-la-toux-et-le-rhume","11":"expert-dr-m-sharoyko","13":"first","14":"instock","15":"shipping-taxable","16":"product-type-variable"},"yoast_head":"<!-- This site is optimized with the Yoast SEO plugin v27.0 - https:\/\/yoast.com\/product\/yoast-seo-wordpress\/ -->\n<title>Advil | Solution Rapide pour Soulager la Douleur - Transtoyou<\/title>\n<meta name=\"description\" content=\"Advil disponible sur Transtoyou, votre r\u00e9f\u00e9rence pour un soulagement efficace de la douleur. Achetez maintenant pour une qualit\u00e9 fiable et un service rapide.\" \/>\n<meta name=\"robots\" content=\"noindex, follow, max-snippet:-1, max-image-preview:large, max-video-preview:-1\" \/>\n<meta property=\"og:locale\" content=\"fr_FR\" \/>\n<meta property=\"og:type\" content=\"article\" \/>\n<meta property=\"og:title\" content=\"Advil | Solution Rapide pour Soulager la Douleur - Transtoyou\" \/>\n<meta property=\"og:description\" content=\"Advil disponible sur Transtoyou, votre r\u00e9f\u00e9rence pour un soulagement efficace de la douleur. Achetez maintenant pour une qualit\u00e9 fiable et un service rapide.\" \/>\n<meta property=\"og:url\" content=\"https:\/\/www.transtoyou.com\/fr\/product\/advil\/\" \/>\n<meta property=\"og:site_name\" content=\"Transtoyou - FR\" \/>\n<meta property=\"article:modified_time\" content=\"2026-02-04T06:21:34+00:00\" \/>\n<meta name=\"twitter:card\" content=\"summary_large_image\" \/>\n<meta name=\"twitter:label1\" content=\"Dur\u00e9e de lecture estim\u00e9e\" \/>\n\t<meta name=\"twitter:data1\" content=\"2 minutes\" \/>\n<script type=\"application\/ld+json\" class=\"yoast-schema-graph\">{\"@context\":\"https:\/\/schema.org\",\"@graph\":[{\"@type\":\"WebPage\",\"@id\":\"https:\/\/www.transtoyou.com\/fr\/product\/advil\/\",\"url\":\"https:\/\/www.transtoyou.com\/fr\/product\/advil\/\",\"name\":\"Advil | Solution Rapide pour Soulager la Douleur - Transtoyou\",\"isPartOf\":{\"@id\":\"https:\/\/www.transtoyou.com\/fr\/#website\"},\"primaryImageOfPage\":{\"@id\":\"https:\/\/www.transtoyou.com\/fr\/product\/advil\/#primaryimage\"},\"image\":{\"@id\":\"https:\/\/www.transtoyou.com\/fr\/product\/advil\/#primaryimage\"},\"thumbnailUrl\":\"https:\/\/www.transtoyou.com\/fr\/wp-content\/uploads\/sites\/5\/2026\/02\/tty-no-product-image.webp\",\"datePublished\":\"2026-02-04T06:20:36+00:00\",\"dateModified\":\"2026-02-04T06:21:34+00:00\",\"description\":\"Advil disponible sur Transtoyou, votre r\u00e9f\u00e9rence pour un soulagement efficace de la douleur. Achetez maintenant pour une qualit\u00e9 fiable et un service rapide.\",\"breadcrumb\":{\"@id\":\"https:\/\/www.transtoyou.com\/fr\/product\/advil\/#breadcrumb\"},\"inLanguage\":\"fr-FR\",\"potentialAction\":[{\"@type\":\"ReadAction\",\"target\":[\"https:\/\/www.transtoyou.com\/fr\/product\/advil\/\"]}]},{\"@type\":\"ImageObject\",\"inLanguage\":\"fr-FR\",\"@id\":\"https:\/\/www.transtoyou.com\/fr\/product\/advil\/#primaryimage\",\"url\":\"https:\/\/www.transtoyou.com\/fr\/wp-content\/uploads\/sites\/5\/2026\/02\/tty-no-product-image.webp\",\"contentUrl\":\"https:\/\/www.transtoyou.com\/fr\/wp-content\/uploads\/sites\/5\/2026\/02\/tty-no-product-image.webp\",\"width\":1000,\"height\":1000,\"caption\":\"Image produit par d\u00e9faut\"},{\"@type\":\"WebSite\",\"@id\":\"https:\/\/www.transtoyou.com\/fr\/#website\",\"url\":\"https:\/\/www.transtoyou.com\/fr\/\",\"name\":\"Transtoyou - FR\",\"description\":\"\",\"publisher\":{\"@id\":\"https:\/\/www.transtoyou.com\/fr\/#organization\"},\"potentialAction\":[{\"@type\":\"SearchAction\",\"target\":{\"@type\":\"EntryPoint\",\"urlTemplate\":\"https:\/\/www.transtoyou.com\/fr\/?s={search_term_string}\"},\"query-input\":{\"@type\":\"PropertyValueSpecification\",\"valueRequired\":true,\"valueName\":\"search_term_string\"}}],\"inLanguage\":\"fr-FR\"},{\"@type\":\"Organization\",\"@id\":\"https:\/\/www.transtoyou.com\/fr\/#organization\",\"name\":\"Transtoyou - FR\",\"url\":\"https:\/\/www.transtoyou.com\/fr\/\",\"logo\":{\"@type\":\"ImageObject\",\"inLanguage\":\"fr-FR\",\"@id\":\"https:\/\/www.transtoyou.com\/fr\/#\/schema\/logo\/image\/\",\"url\":\"https:\/\/www.transtoyou.com\/fr\/wp-content\/uploads\/sites\/5\/2026\/01\/logo-tty-menu-bar-300x87-1.webp\",\"contentUrl\":\"https:\/\/www.transtoyou.com\/fr\/wp-content\/uploads\/sites\/5\/2026\/01\/logo-tty-menu-bar-300x87-1.webp\",\"width\":300,\"height\":87,\"caption\":\"Transtoyou - FR\"},\"image\":{\"@id\":\"https:\/\/www.transtoyou.com\/fr\/#\/schema\/logo\/image\/\"}}]}<\/script>\n<!-- \/ Yoast SEO plugin. -->","yoast_head_json":{"title":"Advil | Solution Rapide pour Soulager la Douleur - Transtoyou","description":"Advil disponible sur Transtoyou, votre r\u00e9f\u00e9rence pour un soulagement efficace de la douleur. Achetez maintenant pour une qualit\u00e9 fiable et un service rapide.","robots":{"index":"noindex","follow":"follow","max-snippet":"max-snippet:-1","max-image-preview":"max-image-preview:large","max-video-preview":"max-video-preview:-1"},"og_locale":"fr_FR","og_type":"article","og_title":"Advil | Solution Rapide pour Soulager la Douleur - Transtoyou","og_description":"Advil disponible sur Transtoyou, votre r\u00e9f\u00e9rence pour un soulagement efficace de la douleur. Achetez maintenant pour une qualit\u00e9 fiable et un service rapide.","og_url":"https:\/\/www.transtoyou.com\/fr\/product\/advil\/","og_site_name":"Transtoyou - FR","article_modified_time":"2026-02-04T06:21:34+00:00","twitter_card":"summary_large_image","twitter_misc":{"Dur\u00e9e de lecture estim\u00e9e":"2 minutes"},"schema":{"@context":"https:\/\/schema.org","@graph":[{"@type":"WebPage","@id":"https:\/\/www.transtoyou.com\/fr\/product\/advil\/","url":"https:\/\/www.transtoyou.com\/fr\/product\/advil\/","name":"Advil | Solution Rapide pour Soulager la Douleur - Transtoyou","isPartOf":{"@id":"https:\/\/www.transtoyou.com\/fr\/#website"},"primaryImageOfPage":{"@id":"https:\/\/www.transtoyou.com\/fr\/product\/advil\/#primaryimage"},"image":{"@id":"https:\/\/www.transtoyou.com\/fr\/product\/advil\/#primaryimage"},"thumbnailUrl":"https:\/\/www.transtoyou.com\/fr\/wp-content\/uploads\/sites\/5\/2026\/02\/tty-no-product-image.webp","datePublished":"2026-02-04T06:20:36+00:00","dateModified":"2026-02-04T06:21:34+00:00","description":"Advil disponible sur Transtoyou, votre r\u00e9f\u00e9rence pour un soulagement efficace de la douleur. Achetez maintenant pour une qualit\u00e9 fiable et un service rapide.","breadcrumb":{"@id":"https:\/\/www.transtoyou.com\/fr\/product\/advil\/#breadcrumb"},"inLanguage":"fr-FR","potentialAction":[{"@type":"ReadAction","target":["https:\/\/www.transtoyou.com\/fr\/product\/advil\/"]}]},{"@type":"ImageObject","inLanguage":"fr-FR","@id":"https:\/\/www.transtoyou.com\/fr\/product\/advil\/#primaryimage","url":"https:\/\/www.transtoyou.com\/fr\/wp-content\/uploads\/sites\/5\/2026\/02\/tty-no-product-image.webp","contentUrl":"https:\/\/www.transtoyou.com\/fr\/wp-content\/uploads\/sites\/5\/2026\/02\/tty-no-product-image.webp","width":1000,"height":1000,"caption":"Image produit par d\u00e9faut"},{"@type":"WebSite","@id":"https:\/\/www.transtoyou.com\/fr\/#website","url":"https:\/\/www.transtoyou.com\/fr\/","name":"Transtoyou - FR","description":"","publisher":{"@id":"https:\/\/www.transtoyou.com\/fr\/#organization"},"potentialAction":[{"@type":"SearchAction","target":{"@type":"EntryPoint","urlTemplate":"https:\/\/www.transtoyou.com\/fr\/?s={search_term_string}"},"query-input":{"@type":"PropertyValueSpecification","valueRequired":true,"valueName":"search_term_string"}}],"inLanguage":"fr-FR"},{"@type":"Organization","@id":"https:\/\/www.transtoyou.com\/fr\/#organization","name":"Transtoyou - FR","url":"https:\/\/www.transtoyou.com\/fr\/","logo":{"@type":"ImageObject","inLanguage":"fr-FR","@id":"https:\/\/www.transtoyou.com\/fr\/#\/schema\/logo\/image\/","url":"https:\/\/www.transtoyou.com\/fr\/wp-content\/uploads\/sites\/5\/2026\/01\/logo-tty-menu-bar-300x87-1.webp","contentUrl":"https:\/\/www.transtoyou.com\/fr\/wp-content\/uploads\/sites\/5\/2026\/01\/logo-tty-menu-bar-300x87-1.webp","width":300,"height":87,"caption":"Transtoyou - FR"},"image":{"@id":"https:\/\/www.transtoyou.com\/fr\/#\/schema\/logo\/image\/"}}]}},"_links":{"self":[{"href":"https:\/\/www.transtoyou.com\/fr\/wp-json\/wp\/v2\/product\/1682","targetHints":{"allow":["GET"]}}],"collection":[{"href":"https:\/\/www.transtoyou.com\/fr\/wp-json\/wp\/v2\/product"}],"about":[{"href":"https:\/\/www.transtoyou.com\/fr\/wp-json\/wp\/v2\/types\/product"}],"replies":[{"embeddable":true,"href":"https:\/\/www.transtoyou.com\/fr\/wp-json\/wp\/v2\/comments?post=1682"}],"wp:featuredmedia":[{"embeddable":true,"href":"https:\/\/www.transtoyou.com\/fr\/wp-json\/wp\/v2\/media\/1684"}],"wp:attachment":[{"href":"https:\/\/www.transtoyou.com\/fr\/wp-json\/wp\/v2\/media?parent=1682"}],"wp:term":[{"taxonomy":"product_brand","embeddable":true,"href":"https:\/\/www.transtoyou.com\/fr\/wp-json\/wp\/v2\/product_brand?post=1682"},{"taxonomy":"product_cat","embeddable":true,"href":"https:\/\/www.transtoyou.com\/fr\/wp-json\/wp\/v2\/product_cat?post=1682"},{"taxonomy":"product_tag","embeddable":true,"href":"https:\/\/www.transtoyou.com\/fr\/wp-json\/wp\/v2\/product_tag?post=1682"},{"taxonomy":"expert","embeddable":true,"href":"https:\/\/www.transtoyou.com\/fr\/wp-json\/wp\/v2\/expert?post=1682"}],"curies":[{"name":"wp","href":"https:\/\/api.w.org\/{rel}","templated":true}]}}