{"id":1687,"date":"2026-02-07T11:27:27","date_gmt":"2026-02-07T09:27:27","guid":{"rendered":"https:\/\/www.transtoyou.com\/fr\/product\/allopurinol\/"},"modified":"2026-02-07T11:28:09","modified_gmt":"2026-02-07T09:28:09","slug":"allopurinol","status":"publish","type":"product","link":"https:\/\/www.transtoyou.com\/fr\/product\/allopurinol\/","title":{"rendered":"Allopurinol"},"content":{"rendered":"<p>L&rsquo;allopurinol est un m\u00e9dicament du groupe des inhibiteurs de la xanthine oxydase, utilis\u00e9 pour abaisser les niveaux \u00e9lev\u00e9s d&rsquo;acide urique dans le corps. Il aide \u00e0 pr\u00e9venir des probl\u00e8mes comme la goutte (un type de douleur articulaire caus\u00e9e par des cristaux d&rsquo;acide urique) et les calculs r\u00e9naux d&rsquo;acide urique. Contrairement aux analg\u00e9siques, il ne soulage pas la douleur directement, mais agit pour pr\u00e9venir les pouss\u00e9es futures en r\u00e9duisant la production d&rsquo;acide urique.<\/p>\n<p>L&rsquo;allopurinol bloque un processus chimique dans le corps qui transforme normalement des substances en acide urique. En ralentissant ce processus, il aide \u00e0 maintenir les niveaux d&rsquo;acide urique bas. Cela permet aux cristaux existants de se dissoudre progressivement et aide \u00e0 emp\u00eacher la formation de nouveaux.<\/p>\n<p>Il est principalement utilis\u00e9 pour les personnes ayant des niveaux chroniquement \u00e9lev\u00e9s d&rsquo;acide urique, en particulier celles qui ont des attaques de goutte r\u00e9p\u00e9t\u00e9es ou des calculs r\u00e9naux. Dans certains cas, il est \u00e9galement utilis\u00e9 lorsque les niveaux d&rsquo;acide urique augmentent en raison d&rsquo;autres probl\u00e8mes de sant\u00e9 ou traitements.<\/p>\n<p>L&rsquo;allopurinol ne fonctionne pas imm\u00e9diatement : il faut quelques jours pour commencer \u00e0 abaisser les niveaux d&rsquo;acide urique et jusqu&rsquo;\u00e0 1 \u00e0 2 semaines pour un effet complet. Pour de meilleurs r\u00e9sultats, il doit \u00eatre pris tous les jours avec de la nourriture et avec beaucoup de liquides (au moins 2 litres par jour).<\/p>\n<p>Le plus grand avantage de l&rsquo;utilisation de l&rsquo;allopurinol est de pr\u00e9venir les attaques de goutte et les probl\u00e8mes r\u00e9naux \u00e0 long terme. Il est g\u00e9n\u00e9ralement bien tol\u00e9r\u00e9, mais des \u00e9ruptions cutan\u00e9es l\u00e9g\u00e8res ou d&rsquo;autres r\u00e9actions allergiques rares peuvent survenir chez certaines personnes.<\/p>\n","protected":false},"excerpt":{"rendered":"<ul>\n<li>Aide \u00e0 pr\u00e9venir les crises de goutte et les calculs r\u00e9naux d&rsquo;acide urique<\/li>\n<li>R\u00e9duit les niveaux d&rsquo;acide urique dans le sang et les urines<\/li>\n<li>Soutient le contr\u00f4le \u00e0 long terme de l&rsquo;hyperuric\u00e9mie chronique<\/li>\n<\/ul>\n","protected":false},"featured_media":1689,"comment_status":"open","ping_status":"closed","template":"","meta":[],"product_brand":[],"product_cat":[81,68],"product_tag":[],"expert":[],"class_list":{"0":"post-1687","1":"product","2":"type-product","3":"status-publish","4":"has-post-thumbnail","6":"product_cat-douleurs-au-dos-muscles-et-articulations","7":"product_cat-sante-generale","9":"first","10":"instock","11":"shipping-taxable","12":"product-type-variable"},"yoast_head":"<!-- This site is optimized with the Yoast SEO plugin v27.0 - https:\/\/yoast.com\/product\/yoast-seo-wordpress\/ -->\n<title>Achetez Allopurinol en ligne | Approbation rapide du m\u00e9decin - Transtoyou - FR<\/title>\n<meta name=\"description\" content=\"Commandez Allopurinol en ligne avec un rapide examen m\u00e9dical. Pas de salles d&#039;attente. Livraison rapide dans toute l&#039;Europe. S\u00fbr, discret et prescription incluse.\" \/>\n<meta name=\"robots\" content=\"noindex, follow, max-snippet:-1, max-image-preview:large, max-video-preview:-1\" \/>\n<meta property=\"og:locale\" content=\"fr_FR\" \/>\n<meta property=\"og:type\" content=\"article\" \/>\n<meta property=\"og:title\" content=\"Achetez Allopurinol en ligne | Approbation rapide du m\u00e9decin - Transtoyou - FR\" \/>\n<meta property=\"og:description\" content=\"Commandez Allopurinol en ligne avec un rapide examen m\u00e9dical. Pas de salles d&#039;attente. Livraison rapide dans toute l&#039;Europe. S\u00fbr, discret et prescription incluse.\" \/>\n<meta property=\"og:url\" content=\"https:\/\/www.transtoyou.com\/fr\/product\/allopurinol\/\" \/>\n<meta property=\"og:site_name\" content=\"Transtoyou - FR\" \/>\n<meta property=\"article:modified_time\" content=\"2026-02-07T09:28:09+00:00\" \/>\n<meta name=\"twitter:card\" content=\"summary_large_image\" \/>\n<meta name=\"twitter:label1\" content=\"Dur\u00e9e de lecture estim\u00e9e\" \/>\n\t<meta name=\"twitter:data1\" content=\"1 minute\" \/>\n<script type=\"application\/ld+json\" class=\"yoast-schema-graph\">{\"@context\":\"https:\/\/schema.org\",\"@graph\":[{\"@type\":\"WebPage\",\"@id\":\"https:\/\/www.transtoyou.com\/fr\/product\/allopurinol\/\",\"url\":\"https:\/\/www.transtoyou.com\/fr\/product\/allopurinol\/\",\"name\":\"Achetez Allopurinol en ligne | Approbation rapide du m\u00e9decin - Transtoyou - FR\",\"isPartOf\":{\"@id\":\"https:\/\/www.transtoyou.com\/fr\/#website\"},\"primaryImageOfPage\":{\"@id\":\"https:\/\/www.transtoyou.com\/fr\/product\/allopurinol\/#primaryimage\"},\"image\":{\"@id\":\"https:\/\/www.transtoyou.com\/fr\/product\/allopurinol\/#primaryimage\"},\"thumbnailUrl\":\"https:\/\/www.transtoyou.com\/fr\/wp-content\/uploads\/sites\/5\/2026\/02\/tty-no-product-image-1.webp\",\"datePublished\":\"2026-02-07T09:27:27+00:00\",\"dateModified\":\"2026-02-07T09:28:09+00:00\",\"description\":\"Commandez Allopurinol en ligne avec un rapide examen m\u00e9dical. Pas de salles d'attente. Livraison rapide dans toute l'Europe. S\u00fbr, discret et prescription incluse.\",\"breadcrumb\":{\"@id\":\"https:\/\/www.transtoyou.com\/fr\/product\/allopurinol\/#breadcrumb\"},\"inLanguage\":\"fr-FR\",\"potentialAction\":[{\"@type\":\"ReadAction\",\"target\":[\"https:\/\/www.transtoyou.com\/fr\/product\/allopurinol\/\"]}]},{\"@type\":\"ImageObject\",\"inLanguage\":\"fr-FR\",\"@id\":\"https:\/\/www.transtoyou.com\/fr\/product\/allopurinol\/#primaryimage\",\"url\":\"https:\/\/www.transtoyou.com\/fr\/wp-content\/uploads\/sites\/5\/2026\/02\/tty-no-product-image-1.webp\",\"contentUrl\":\"https:\/\/www.transtoyou.com\/fr\/wp-content\/uploads\/sites\/5\/2026\/02\/tty-no-product-image-1.webp\",\"width\":1000,\"height\":1000,\"caption\":\"Image produit par d\u00e9faut\"},{\"@type\":\"WebSite\",\"@id\":\"https:\/\/www.transtoyou.com\/fr\/#website\",\"url\":\"https:\/\/www.transtoyou.com\/fr\/\",\"name\":\"Transtoyou - FR\",\"description\":\"\",\"publisher\":{\"@id\":\"https:\/\/www.transtoyou.com\/fr\/#organization\"},\"potentialAction\":[{\"@type\":\"SearchAction\",\"target\":{\"@type\":\"EntryPoint\",\"urlTemplate\":\"https:\/\/www.transtoyou.com\/fr\/?s={search_term_string}\"},\"query-input\":{\"@type\":\"PropertyValueSpecification\",\"valueRequired\":true,\"valueName\":\"search_term_string\"}}],\"inLanguage\":\"fr-FR\"},{\"@type\":\"Organization\",\"@id\":\"https:\/\/www.transtoyou.com\/fr\/#organization\",\"name\":\"Transtoyou - FR\",\"url\":\"https:\/\/www.transtoyou.com\/fr\/\",\"logo\":{\"@type\":\"ImageObject\",\"inLanguage\":\"fr-FR\",\"@id\":\"https:\/\/www.transtoyou.com\/fr\/#\/schema\/logo\/image\/\",\"url\":\"https:\/\/www.transtoyou.com\/fr\/wp-content\/uploads\/sites\/5\/2026\/01\/logo-tty-menu-bar-300x87-1.webp\",\"contentUrl\":\"https:\/\/www.transtoyou.com\/fr\/wp-content\/uploads\/sites\/5\/2026\/01\/logo-tty-menu-bar-300x87-1.webp\",\"width\":300,\"height\":87,\"caption\":\"Transtoyou - FR\"},\"image\":{\"@id\":\"https:\/\/www.transtoyou.com\/fr\/#\/schema\/logo\/image\/\"}}]}<\/script>\n<!-- \/ Yoast SEO plugin. -->","yoast_head_json":{"title":"Achetez Allopurinol en ligne | Approbation rapide du m\u00e9decin - Transtoyou - FR","description":"Commandez Allopurinol en ligne avec un rapide examen m\u00e9dical. Pas de salles d'attente. Livraison rapide dans toute l'Europe. S\u00fbr, discret et prescription incluse.","robots":{"index":"noindex","follow":"follow","max-snippet":"max-snippet:-1","max-image-preview":"max-image-preview:large","max-video-preview":"max-video-preview:-1"},"og_locale":"fr_FR","og_type":"article","og_title":"Achetez Allopurinol en ligne | Approbation rapide du m\u00e9decin - Transtoyou - FR","og_description":"Commandez Allopurinol en ligne avec un rapide examen m\u00e9dical. Pas de salles d'attente. Livraison rapide dans toute l'Europe. S\u00fbr, discret et prescription incluse.","og_url":"https:\/\/www.transtoyou.com\/fr\/product\/allopurinol\/","og_site_name":"Transtoyou - FR","article_modified_time":"2026-02-07T09:28:09+00:00","twitter_card":"summary_large_image","twitter_misc":{"Dur\u00e9e de lecture estim\u00e9e":"1 minute"},"schema":{"@context":"https:\/\/schema.org","@graph":[{"@type":"WebPage","@id":"https:\/\/www.transtoyou.com\/fr\/product\/allopurinol\/","url":"https:\/\/www.transtoyou.com\/fr\/product\/allopurinol\/","name":"Achetez Allopurinol en ligne | Approbation rapide du m\u00e9decin - Transtoyou - FR","isPartOf":{"@id":"https:\/\/www.transtoyou.com\/fr\/#website"},"primaryImageOfPage":{"@id":"https:\/\/www.transtoyou.com\/fr\/product\/allopurinol\/#primaryimage"},"image":{"@id":"https:\/\/www.transtoyou.com\/fr\/product\/allopurinol\/#primaryimage"},"thumbnailUrl":"https:\/\/www.transtoyou.com\/fr\/wp-content\/uploads\/sites\/5\/2026\/02\/tty-no-product-image-1.webp","datePublished":"2026-02-07T09:27:27+00:00","dateModified":"2026-02-07T09:28:09+00:00","description":"Commandez Allopurinol en ligne avec un rapide examen m\u00e9dical. Pas de salles d'attente. Livraison rapide dans toute l'Europe. S\u00fbr, discret et prescription incluse.","breadcrumb":{"@id":"https:\/\/www.transtoyou.com\/fr\/product\/allopurinol\/#breadcrumb"},"inLanguage":"fr-FR","potentialAction":[{"@type":"ReadAction","target":["https:\/\/www.transtoyou.com\/fr\/product\/allopurinol\/"]}]},{"@type":"ImageObject","inLanguage":"fr-FR","@id":"https:\/\/www.transtoyou.com\/fr\/product\/allopurinol\/#primaryimage","url":"https:\/\/www.transtoyou.com\/fr\/wp-content\/uploads\/sites\/5\/2026\/02\/tty-no-product-image-1.webp","contentUrl":"https:\/\/www.transtoyou.com\/fr\/wp-content\/uploads\/sites\/5\/2026\/02\/tty-no-product-image-1.webp","width":1000,"height":1000,"caption":"Image produit par d\u00e9faut"},{"@type":"WebSite","@id":"https:\/\/www.transtoyou.com\/fr\/#website","url":"https:\/\/www.transtoyou.com\/fr\/","name":"Transtoyou - FR","description":"","publisher":{"@id":"https:\/\/www.transtoyou.com\/fr\/#organization"},"potentialAction":[{"@type":"SearchAction","target":{"@type":"EntryPoint","urlTemplate":"https:\/\/www.transtoyou.com\/fr\/?s={search_term_string}"},"query-input":{"@type":"PropertyValueSpecification","valueRequired":true,"valueName":"search_term_string"}}],"inLanguage":"fr-FR"},{"@type":"Organization","@id":"https:\/\/www.transtoyou.com\/fr\/#organization","name":"Transtoyou - FR","url":"https:\/\/www.transtoyou.com\/fr\/","logo":{"@type":"ImageObject","inLanguage":"fr-FR","@id":"https:\/\/www.transtoyou.com\/fr\/#\/schema\/logo\/image\/","url":"https:\/\/www.transtoyou.com\/fr\/wp-content\/uploads\/sites\/5\/2026\/01\/logo-tty-menu-bar-300x87-1.webp","contentUrl":"https:\/\/www.transtoyou.com\/fr\/wp-content\/uploads\/sites\/5\/2026\/01\/logo-tty-menu-bar-300x87-1.webp","width":300,"height":87,"caption":"Transtoyou - FR"},"image":{"@id":"https:\/\/www.transtoyou.com\/fr\/#\/schema\/logo\/image\/"}}]}},"_links":{"self":[{"href":"https:\/\/www.transtoyou.com\/fr\/wp-json\/wp\/v2\/product\/1687","targetHints":{"allow":["GET"]}}],"collection":[{"href":"https:\/\/www.transtoyou.com\/fr\/wp-json\/wp\/v2\/product"}],"about":[{"href":"https:\/\/www.transtoyou.com\/fr\/wp-json\/wp\/v2\/types\/product"}],"replies":[{"embeddable":true,"href":"https:\/\/www.transtoyou.com\/fr\/wp-json\/wp\/v2\/comments?post=1687"}],"wp:featuredmedia":[{"embeddable":true,"href":"https:\/\/www.transtoyou.com\/fr\/wp-json\/wp\/v2\/media\/1689"}],"wp:attachment":[{"href":"https:\/\/www.transtoyou.com\/fr\/wp-json\/wp\/v2\/media?parent=1687"}],"wp:term":[{"taxonomy":"product_brand","embeddable":true,"href":"https:\/\/www.transtoyou.com\/fr\/wp-json\/wp\/v2\/product_brand?post=1687"},{"taxonomy":"product_cat","embeddable":true,"href":"https:\/\/www.transtoyou.com\/fr\/wp-json\/wp\/v2\/product_cat?post=1687"},{"taxonomy":"product_tag","embeddable":true,"href":"https:\/\/www.transtoyou.com\/fr\/wp-json\/wp\/v2\/product_tag?post=1687"},{"taxonomy":"expert","embeddable":true,"href":"https:\/\/www.transtoyou.com\/fr\/wp-json\/wp\/v2\/expert?post=1687"}],"curies":[{"name":"wp","href":"https:\/\/api.w.org\/{rel}","templated":true}]}}