{"id":1822,"date":"2026-02-13T14:14:02","date_gmt":"2026-02-13T12:14:02","guid":{"rendered":"https:\/\/www.transtoyou.com\/fr\/product\/clonidine\/"},"modified":"2026-02-13T14:14:58","modified_gmt":"2026-02-13T12:14:58","slug":"clonidine","status":"publish","type":"product","link":"https:\/\/www.transtoyou.com\/fr\/product\/clonidine\/","title":{"rendered":"Clonidine"},"content":{"rendered":"<p>La clonidine est un m\u00e9dicament sur ordonnance initialement d\u00e9velopp\u00e9 pour traiter l&rsquo;hypertension art\u00e9rielle, mais elle est \u00e9galement utilis\u00e9e pour soulager les bouff\u00e9es de chaleur et les sueurs nocturnes associ\u00e9es \u00e0 la m\u00e9nopause et pour g\u00e9rer les sympt\u00f4mes li\u00e9s aux hormones dans divers contextes th\u00e9rapeutiques. Elle agit en affectant la partie du cerveau qui contr\u00f4le la r\u00e9gulation de la temp\u00e9rature et la transmission nerveuse.<\/p>\n<p>Dans le cadre des soins m\u00e9nopausiques, la clonidine est utilis\u00e9e hors AMM pour r\u00e9duire la fr\u00e9quence et l&rsquo;intensit\u00e9 des bouff\u00e9es de chaleur. Elle est souvent envisag\u00e9e lorsque l&rsquo;hormonoth\u00e9rapie n&rsquo;est pas adapt\u00e9e ou souhait\u00e9e. Contrairement aux \u0153strog\u00e8nes ou aux progestatifs, la clonidine n&rsquo;agit pas directement sur les niveaux hormonaux mais aide plut\u00f4t le corps \u00e0 r\u00e9guler sa r\u00e9ponse aux changements de temp\u00e9rature et de stress.<\/p>\n<p>La clonidine est g\u00e9n\u00e9ralement prise sous forme de comprim\u00e9 une ou deux fois par jour. Ce n&rsquo;est pas une hormone mais cela peut \u00eatre un m\u00e9dicament de soutien utile dans la gestion de la m\u00e9nopause. Elle doit \u00eatre utilis\u00e9e de mani\u00e8re coh\u00e9rente et r\u00e9duite progressivement lors de l&rsquo;arr\u00eat pour \u00e9viter les effets de sevrage tels que l&rsquo;hypertension de rebond.<\/p>\n","protected":false},"excerpt":{"rendered":"<ul>\n<li>Soulagement non hormonal des bouff\u00e9es de chaleur<\/li>\n<li>Favorise le confort m\u00e9nopausique<\/li>\n<li>Utilis\u00e9 \u00e9galement pour le contr\u00f4le de la pression art\u00e9rielle<\/li>\n<\/ul>\n","protected":false},"featured_media":1830,"comment_status":"open","ping_status":"closed","template":"","meta":[],"product_brand":[],"product_cat":[136,145],"product_tag":[],"expert":[18],"class_list":{"0":"post-1822","1":"product","2":"type-product","3":"status-publish","4":"has-post-thumbnail","6":"product_cat-hypertension","7":"product_cat-soulagement-de-la-menopause-et-du-spm","8":"expert-dr-g-varbanov","10":"first","11":"instock","12":"shipping-taxable","13":"product-type-variable"},"yoast_head":"<!-- This site is optimized with the Yoast SEO plugin v27.0 - https:\/\/yoast.com\/product\/yoast-seo-wordpress\/ -->\n<title>Clonidine | G\u00e9rer efficacement les bouff\u00e9es de chaleur - Transtoyou<\/title>\n<meta name=\"description\" content=\"Clonidine pour soulager la m\u00e9nopause, disponible ici. Aide \u00e0 r\u00e9guler la temp\u00e9rature, r\u00e9duit les bouff\u00e9es de chaleur. Commandez maintenant sur Transtoyou pour des soins fiables.\" \/>\n<meta name=\"robots\" content=\"noindex, follow, max-snippet:-1, max-image-preview:large, max-video-preview:-1\" \/>\n<meta property=\"og:locale\" content=\"fr_FR\" \/>\n<meta property=\"og:type\" content=\"article\" \/>\n<meta property=\"og:title\" content=\"Clonidine | G\u00e9rer efficacement les bouff\u00e9es de chaleur - Transtoyou\" \/>\n<meta property=\"og:description\" content=\"Clonidine pour soulager la m\u00e9nopause, disponible ici. Aide \u00e0 r\u00e9guler la temp\u00e9rature, r\u00e9duit les bouff\u00e9es de chaleur. Commandez maintenant sur Transtoyou pour des soins fiables.\" \/>\n<meta property=\"og:url\" content=\"https:\/\/www.transtoyou.com\/fr\/product\/clonidine\/\" \/>\n<meta property=\"og:site_name\" content=\"Transtoyou - FR\" \/>\n<meta property=\"article:modified_time\" content=\"2026-02-13T12:14:58+00:00\" \/>\n<meta name=\"twitter:card\" content=\"summary_large_image\" \/>\n<meta name=\"twitter:label1\" content=\"Dur\u00e9e de lecture estim\u00e9e\" \/>\n\t<meta name=\"twitter:data1\" content=\"1 minute\" \/>\n<script type=\"application\/ld+json\" class=\"yoast-schema-graph\">{\"@context\":\"https:\/\/schema.org\",\"@graph\":[{\"@type\":\"WebPage\",\"@id\":\"https:\/\/www.transtoyou.com\/fr\/product\/clonidine\/\",\"url\":\"https:\/\/www.transtoyou.com\/fr\/product\/clonidine\/\",\"name\":\"Clonidine | G\u00e9rer efficacement les bouff\u00e9es de chaleur - Transtoyou\",\"isPartOf\":{\"@id\":\"https:\/\/www.transtoyou.com\/fr\/#website\"},\"primaryImageOfPage\":{\"@id\":\"https:\/\/www.transtoyou.com\/fr\/product\/clonidine\/#primaryimage\"},\"image\":{\"@id\":\"https:\/\/www.transtoyou.com\/fr\/product\/clonidine\/#primaryimage\"},\"thumbnailUrl\":\"https:\/\/www.transtoyou.com\/fr\/wp-content\/uploads\/sites\/5\/2026\/02\/tty-no-product-image-3.webp\",\"datePublished\":\"2026-02-13T12:14:02+00:00\",\"dateModified\":\"2026-02-13T12:14:58+00:00\",\"description\":\"Clonidine pour soulager la m\u00e9nopause, disponible ici. Aide \u00e0 r\u00e9guler la temp\u00e9rature, r\u00e9duit les bouff\u00e9es de chaleur. Commandez maintenant sur Transtoyou pour des soins fiables.\",\"breadcrumb\":{\"@id\":\"https:\/\/www.transtoyou.com\/fr\/product\/clonidine\/#breadcrumb\"},\"inLanguage\":\"fr-FR\",\"potentialAction\":[{\"@type\":\"ReadAction\",\"target\":[\"https:\/\/www.transtoyou.com\/fr\/product\/clonidine\/\"]}]},{\"@type\":\"ImageObject\",\"inLanguage\":\"fr-FR\",\"@id\":\"https:\/\/www.transtoyou.com\/fr\/product\/clonidine\/#primaryimage\",\"url\":\"https:\/\/www.transtoyou.com\/fr\/wp-content\/uploads\/sites\/5\/2026\/02\/tty-no-product-image-3.webp\",\"contentUrl\":\"https:\/\/www.transtoyou.com\/fr\/wp-content\/uploads\/sites\/5\/2026\/02\/tty-no-product-image-3.webp\",\"width\":1000,\"height\":1000,\"caption\":\"Image produit par d\u00e9faut\"},{\"@type\":\"WebSite\",\"@id\":\"https:\/\/www.transtoyou.com\/fr\/#website\",\"url\":\"https:\/\/www.transtoyou.com\/fr\/\",\"name\":\"Transtoyou - FR\",\"description\":\"\",\"publisher\":{\"@id\":\"https:\/\/www.transtoyou.com\/fr\/#organization\"},\"potentialAction\":[{\"@type\":\"SearchAction\",\"target\":{\"@type\":\"EntryPoint\",\"urlTemplate\":\"https:\/\/www.transtoyou.com\/fr\/?s={search_term_string}\"},\"query-input\":{\"@type\":\"PropertyValueSpecification\",\"valueRequired\":true,\"valueName\":\"search_term_string\"}}],\"inLanguage\":\"fr-FR\"},{\"@type\":\"Organization\",\"@id\":\"https:\/\/www.transtoyou.com\/fr\/#organization\",\"name\":\"Transtoyou - FR\",\"url\":\"https:\/\/www.transtoyou.com\/fr\/\",\"logo\":{\"@type\":\"ImageObject\",\"inLanguage\":\"fr-FR\",\"@id\":\"https:\/\/www.transtoyou.com\/fr\/#\/schema\/logo\/image\/\",\"url\":\"https:\/\/www.transtoyou.com\/fr\/wp-content\/uploads\/sites\/5\/2026\/01\/logo-tty-menu-bar-300x87-1.webp\",\"contentUrl\":\"https:\/\/www.transtoyou.com\/fr\/wp-content\/uploads\/sites\/5\/2026\/01\/logo-tty-menu-bar-300x87-1.webp\",\"width\":300,\"height\":87,\"caption\":\"Transtoyou - FR\"},\"image\":{\"@id\":\"https:\/\/www.transtoyou.com\/fr\/#\/schema\/logo\/image\/\"}}]}<\/script>\n<!-- \/ Yoast SEO plugin. -->","yoast_head_json":{"title":"Clonidine | G\u00e9rer efficacement les bouff\u00e9es de chaleur - Transtoyou","description":"Clonidine pour soulager la m\u00e9nopause, disponible ici. Aide \u00e0 r\u00e9guler la temp\u00e9rature, r\u00e9duit les bouff\u00e9es de chaleur. Commandez maintenant sur Transtoyou pour des soins fiables.","robots":{"index":"noindex","follow":"follow","max-snippet":"max-snippet:-1","max-image-preview":"max-image-preview:large","max-video-preview":"max-video-preview:-1"},"og_locale":"fr_FR","og_type":"article","og_title":"Clonidine | G\u00e9rer efficacement les bouff\u00e9es de chaleur - Transtoyou","og_description":"Clonidine pour soulager la m\u00e9nopause, disponible ici. Aide \u00e0 r\u00e9guler la temp\u00e9rature, r\u00e9duit les bouff\u00e9es de chaleur. Commandez maintenant sur Transtoyou pour des soins fiables.","og_url":"https:\/\/www.transtoyou.com\/fr\/product\/clonidine\/","og_site_name":"Transtoyou - FR","article_modified_time":"2026-02-13T12:14:58+00:00","twitter_card":"summary_large_image","twitter_misc":{"Dur\u00e9e de lecture estim\u00e9e":"1 minute"},"schema":{"@context":"https:\/\/schema.org","@graph":[{"@type":"WebPage","@id":"https:\/\/www.transtoyou.com\/fr\/product\/clonidine\/","url":"https:\/\/www.transtoyou.com\/fr\/product\/clonidine\/","name":"Clonidine | G\u00e9rer efficacement les bouff\u00e9es de chaleur - Transtoyou","isPartOf":{"@id":"https:\/\/www.transtoyou.com\/fr\/#website"},"primaryImageOfPage":{"@id":"https:\/\/www.transtoyou.com\/fr\/product\/clonidine\/#primaryimage"},"image":{"@id":"https:\/\/www.transtoyou.com\/fr\/product\/clonidine\/#primaryimage"},"thumbnailUrl":"https:\/\/www.transtoyou.com\/fr\/wp-content\/uploads\/sites\/5\/2026\/02\/tty-no-product-image-3.webp","datePublished":"2026-02-13T12:14:02+00:00","dateModified":"2026-02-13T12:14:58+00:00","description":"Clonidine pour soulager la m\u00e9nopause, disponible ici. Aide \u00e0 r\u00e9guler la temp\u00e9rature, r\u00e9duit les bouff\u00e9es de chaleur. Commandez maintenant sur Transtoyou pour des soins fiables.","breadcrumb":{"@id":"https:\/\/www.transtoyou.com\/fr\/product\/clonidine\/#breadcrumb"},"inLanguage":"fr-FR","potentialAction":[{"@type":"ReadAction","target":["https:\/\/www.transtoyou.com\/fr\/product\/clonidine\/"]}]},{"@type":"ImageObject","inLanguage":"fr-FR","@id":"https:\/\/www.transtoyou.com\/fr\/product\/clonidine\/#primaryimage","url":"https:\/\/www.transtoyou.com\/fr\/wp-content\/uploads\/sites\/5\/2026\/02\/tty-no-product-image-3.webp","contentUrl":"https:\/\/www.transtoyou.com\/fr\/wp-content\/uploads\/sites\/5\/2026\/02\/tty-no-product-image-3.webp","width":1000,"height":1000,"caption":"Image produit par d\u00e9faut"},{"@type":"WebSite","@id":"https:\/\/www.transtoyou.com\/fr\/#website","url":"https:\/\/www.transtoyou.com\/fr\/","name":"Transtoyou - FR","description":"","publisher":{"@id":"https:\/\/www.transtoyou.com\/fr\/#organization"},"potentialAction":[{"@type":"SearchAction","target":{"@type":"EntryPoint","urlTemplate":"https:\/\/www.transtoyou.com\/fr\/?s={search_term_string}"},"query-input":{"@type":"PropertyValueSpecification","valueRequired":true,"valueName":"search_term_string"}}],"inLanguage":"fr-FR"},{"@type":"Organization","@id":"https:\/\/www.transtoyou.com\/fr\/#organization","name":"Transtoyou - FR","url":"https:\/\/www.transtoyou.com\/fr\/","logo":{"@type":"ImageObject","inLanguage":"fr-FR","@id":"https:\/\/www.transtoyou.com\/fr\/#\/schema\/logo\/image\/","url":"https:\/\/www.transtoyou.com\/fr\/wp-content\/uploads\/sites\/5\/2026\/01\/logo-tty-menu-bar-300x87-1.webp","contentUrl":"https:\/\/www.transtoyou.com\/fr\/wp-content\/uploads\/sites\/5\/2026\/01\/logo-tty-menu-bar-300x87-1.webp","width":300,"height":87,"caption":"Transtoyou - FR"},"image":{"@id":"https:\/\/www.transtoyou.com\/fr\/#\/schema\/logo\/image\/"}}]}},"_links":{"self":[{"href":"https:\/\/www.transtoyou.com\/fr\/wp-json\/wp\/v2\/product\/1822","targetHints":{"allow":["GET"]}}],"collection":[{"href":"https:\/\/www.transtoyou.com\/fr\/wp-json\/wp\/v2\/product"}],"about":[{"href":"https:\/\/www.transtoyou.com\/fr\/wp-json\/wp\/v2\/types\/product"}],"replies":[{"embeddable":true,"href":"https:\/\/www.transtoyou.com\/fr\/wp-json\/wp\/v2\/comments?post=1822"}],"wp:featuredmedia":[{"embeddable":true,"href":"https:\/\/www.transtoyou.com\/fr\/wp-json\/wp\/v2\/media\/1830"}],"wp:attachment":[{"href":"https:\/\/www.transtoyou.com\/fr\/wp-json\/wp\/v2\/media?parent=1822"}],"wp:term":[{"taxonomy":"product_brand","embeddable":true,"href":"https:\/\/www.transtoyou.com\/fr\/wp-json\/wp\/v2\/product_brand?post=1822"},{"taxonomy":"product_cat","embeddable":true,"href":"https:\/\/www.transtoyou.com\/fr\/wp-json\/wp\/v2\/product_cat?post=1822"},{"taxonomy":"product_tag","embeddable":true,"href":"https:\/\/www.transtoyou.com\/fr\/wp-json\/wp\/v2\/product_tag?post=1822"},{"taxonomy":"expert","embeddable":true,"href":"https:\/\/www.transtoyou.com\/fr\/wp-json\/wp\/v2\/expert?post=1822"}],"curies":[{"name":"wp","href":"https:\/\/api.w.org\/{rel}","templated":true}]}}