{"id":1836,"date":"2026-02-13T16:20:07","date_gmt":"2026-02-13T14:20:07","guid":{"rendered":"https:\/\/www.transtoyou.com\/fr\/product\/jardiance\/"},"modified":"2026-02-20T13:01:16","modified_gmt":"2026-02-20T11:01:16","slug":"jardiance","status":"publish","type":"product","link":"https:\/\/www.transtoyou.com\/fr\/product\/jardiance\/","title":{"rendered":"Jardiance"},"content":{"rendered":"<p>Jardiance est un m\u00e9dicament sur ordonnance contenant de l&#8217;empagliflozine, utilis\u00e9 dans le traitement du diab\u00e8te de type 2 chez les adultes. Il est prescrit dans le cadre d&rsquo;un plan de traitement plus large qui inclut des mesures di\u00e9t\u00e9tiques et de mode de vie. Jardiance n&rsquo;est pas destin\u00e9 au traitement du diab\u00e8te de type 1 ou de la c\u00e9toacidose diab\u00e9tique.<\/p>\n<p>L&#8217;empagliflozine appartient \u00e0 une classe de m\u00e9dicaments connus sous le nom d&rsquo;inhibiteurs de SGLT2. Ces m\u00e9dicaments agissent en r\u00e9duisant la r\u00e9absorption du glucose dans les reins, permettant ainsi l&rsquo;excr\u00e9tion de l&rsquo;exc\u00e8s de glucose par l&rsquo;urine. En abaissant les niveaux de glucose dans le sang, Jardiance aide \u00e0 am\u00e9liorer le contr\u00f4le glyc\u00e9mique chez les personnes atteintes de diab\u00e8te de type 2.<\/p>\n<p>En plus de son effet sur la glyc\u00e9mie, Jardiance peut \u00eatre prescrit pour r\u00e9duire le risque d&rsquo;\u00e9v\u00e9nements cardiovasculaires chez certains patients atteints de diab\u00e8te de type 2 et de maladie cardiovasculaire \u00e9tablie.<\/p>\n<p>Jardiance se prend par voie orale et est destin\u00e9 \u00e0 un usage \u00e0 long terme sous surveillance m\u00e9dicale. Une surveillance r\u00e9guli\u00e8re des niveaux de glucose dans le sang, de la fonction r\u00e9nale et de la sant\u00e9 globale est importante pendant le traitement. Comme pour tous les m\u00e9dicaments sur ordonnance, Jardiance ne doit \u00eatre utilis\u00e9 qu&rsquo;apr\u00e8s une \u00e9valuation m\u00e9dicale et conform\u00e9ment aux instructions fournies par un m\u00e9decin agr\u00e9\u00e9.<\/p>\n","protected":false},"excerpt":{"rendered":"<ul>\n<li>M\u00e9dicament sur ordonnance pour les adultes atteints de diab\u00e8te de type 2<\/li>\n<li>Contient de l&#8217;empagliflozine, un inhibiteur de SGLT2<\/li>\n<li>Utilis\u00e9 dans le cadre d&rsquo;un plan de traitement m\u00e9dicalement supervis\u00e9<\/li>\n<\/ul>\n","protected":false},"featured_media":1838,"comment_status":"open","ping_status":"closed","template":"","meta":[],"product_brand":[],"product_cat":[103],"product_tag":[],"expert":[16],"class_list":{"0":"post-1836","1":"product","2":"type-product","3":"status-publish","4":"has-post-thumbnail","6":"product_cat-diabete","7":"expert-dr-c-alexandru","9":"first","10":"instock","11":"shipping-taxable","12":"product-type-variable"},"yoast_head":"<!-- This site is optimized with the Yoast SEO plugin v27.0 - https:\/\/yoast.com\/product\/yoast-seo-wordpress\/ -->\n<title>Jardiance | Empagliflozine pour le diab\u00e8te de type 2 - Transtoyou<\/title>\n<meta name=\"description\" content=\"Jardiance sur Transtoyou, m\u00e9dicament sur ordonnance pour le diab\u00e8te de type 2 afin d&#039;am\u00e9liorer le contr\u00f4le de la glyc\u00e9mie, demande une consultation en ligne aujourd&#039;hui.\" \/>\n<meta name=\"robots\" content=\"noindex, follow, max-snippet:-1, max-image-preview:large, max-video-preview:-1\" \/>\n<meta property=\"og:locale\" content=\"fr_FR\" \/>\n<meta property=\"og:type\" content=\"article\" \/>\n<meta property=\"og:title\" content=\"Jardiance | Empagliflozine pour le diab\u00e8te de type 2 - Transtoyou\" \/>\n<meta property=\"og:description\" content=\"Jardiance sur Transtoyou, m\u00e9dicament sur ordonnance pour le diab\u00e8te de type 2 afin d&#039;am\u00e9liorer le contr\u00f4le de la glyc\u00e9mie, demande une consultation en ligne aujourd&#039;hui.\" \/>\n<meta property=\"og:url\" content=\"https:\/\/www.transtoyou.com\/fr\/product\/jardiance\/\" \/>\n<meta property=\"og:site_name\" content=\"Transtoyou - FR\" \/>\n<meta property=\"article:modified_time\" content=\"2026-02-20T11:01:16+00:00\" \/>\n<meta name=\"twitter:card\" content=\"summary_large_image\" \/>\n<meta name=\"twitter:label1\" content=\"Dur\u00e9e de lecture estim\u00e9e\" \/>\n\t<meta name=\"twitter:data1\" content=\"1 minute\" \/>\n<script type=\"application\/ld+json\" class=\"yoast-schema-graph\">{\"@context\":\"https:\/\/schema.org\",\"@graph\":[{\"@type\":\"WebPage\",\"@id\":\"https:\/\/www.transtoyou.com\/fr\/product\/jardiance\/\",\"url\":\"https:\/\/www.transtoyou.com\/fr\/product\/jardiance\/\",\"name\":\"Jardiance | Empagliflozine pour le diab\u00e8te de type 2 - Transtoyou\",\"isPartOf\":{\"@id\":\"https:\/\/www.transtoyou.com\/fr\/#website\"},\"primaryImageOfPage\":{\"@id\":\"https:\/\/www.transtoyou.com\/fr\/product\/jardiance\/#primaryimage\"},\"image\":{\"@id\":\"https:\/\/www.transtoyou.com\/fr\/product\/jardiance\/#primaryimage\"},\"thumbnailUrl\":\"https:\/\/www.transtoyou.com\/fr\/wp-content\/uploads\/sites\/5\/2026\/02\/tty-no-product-image-4.webp\",\"datePublished\":\"2026-02-13T14:20:07+00:00\",\"dateModified\":\"2026-02-20T11:01:16+00:00\",\"description\":\"Jardiance sur Transtoyou, m\u00e9dicament sur ordonnance pour le diab\u00e8te de type 2 afin d'am\u00e9liorer le contr\u00f4le de la glyc\u00e9mie, demande une consultation en ligne aujourd'hui.\",\"breadcrumb\":{\"@id\":\"https:\/\/www.transtoyou.com\/fr\/product\/jardiance\/#breadcrumb\"},\"inLanguage\":\"fr-FR\",\"potentialAction\":[{\"@type\":\"ReadAction\",\"target\":[\"https:\/\/www.transtoyou.com\/fr\/product\/jardiance\/\"]}]},{\"@type\":\"ImageObject\",\"inLanguage\":\"fr-FR\",\"@id\":\"https:\/\/www.transtoyou.com\/fr\/product\/jardiance\/#primaryimage\",\"url\":\"https:\/\/www.transtoyou.com\/fr\/wp-content\/uploads\/sites\/5\/2026\/02\/tty-no-product-image-4.webp\",\"contentUrl\":\"https:\/\/www.transtoyou.com\/fr\/wp-content\/uploads\/sites\/5\/2026\/02\/tty-no-product-image-4.webp\",\"width\":1000,\"height\":1000,\"caption\":\"Image produit par d\u00e9faut\"},{\"@type\":\"WebSite\",\"@id\":\"https:\/\/www.transtoyou.com\/fr\/#website\",\"url\":\"https:\/\/www.transtoyou.com\/fr\/\",\"name\":\"Transtoyou - FR\",\"description\":\"\",\"publisher\":{\"@id\":\"https:\/\/www.transtoyou.com\/fr\/#organization\"},\"potentialAction\":[{\"@type\":\"SearchAction\",\"target\":{\"@type\":\"EntryPoint\",\"urlTemplate\":\"https:\/\/www.transtoyou.com\/fr\/?s={search_term_string}\"},\"query-input\":{\"@type\":\"PropertyValueSpecification\",\"valueRequired\":true,\"valueName\":\"search_term_string\"}}],\"inLanguage\":\"fr-FR\"},{\"@type\":\"Organization\",\"@id\":\"https:\/\/www.transtoyou.com\/fr\/#organization\",\"name\":\"Transtoyou - FR\",\"url\":\"https:\/\/www.transtoyou.com\/fr\/\",\"logo\":{\"@type\":\"ImageObject\",\"inLanguage\":\"fr-FR\",\"@id\":\"https:\/\/www.transtoyou.com\/fr\/#\/schema\/logo\/image\/\",\"url\":\"https:\/\/www.transtoyou.com\/fr\/wp-content\/uploads\/sites\/5\/2026\/01\/logo-tty-menu-bar-300x87-1.webp\",\"contentUrl\":\"https:\/\/www.transtoyou.com\/fr\/wp-content\/uploads\/sites\/5\/2026\/01\/logo-tty-menu-bar-300x87-1.webp\",\"width\":300,\"height\":87,\"caption\":\"Transtoyou - FR\"},\"image\":{\"@id\":\"https:\/\/www.transtoyou.com\/fr\/#\/schema\/logo\/image\/\"}}]}<\/script>\n<!-- \/ Yoast SEO plugin. -->","yoast_head_json":{"title":"Jardiance | Empagliflozine pour le diab\u00e8te de type 2 - Transtoyou","description":"Jardiance sur Transtoyou, m\u00e9dicament sur ordonnance pour le diab\u00e8te de type 2 afin d'am\u00e9liorer le contr\u00f4le de la glyc\u00e9mie, demande une consultation en ligne aujourd'hui.","robots":{"index":"noindex","follow":"follow","max-snippet":"max-snippet:-1","max-image-preview":"max-image-preview:large","max-video-preview":"max-video-preview:-1"},"og_locale":"fr_FR","og_type":"article","og_title":"Jardiance | Empagliflozine pour le diab\u00e8te de type 2 - Transtoyou","og_description":"Jardiance sur Transtoyou, m\u00e9dicament sur ordonnance pour le diab\u00e8te de type 2 afin d'am\u00e9liorer le contr\u00f4le de la glyc\u00e9mie, demande une consultation en ligne aujourd'hui.","og_url":"https:\/\/www.transtoyou.com\/fr\/product\/jardiance\/","og_site_name":"Transtoyou - FR","article_modified_time":"2026-02-20T11:01:16+00:00","twitter_card":"summary_large_image","twitter_misc":{"Dur\u00e9e de lecture estim\u00e9e":"1 minute"},"schema":{"@context":"https:\/\/schema.org","@graph":[{"@type":"WebPage","@id":"https:\/\/www.transtoyou.com\/fr\/product\/jardiance\/","url":"https:\/\/www.transtoyou.com\/fr\/product\/jardiance\/","name":"Jardiance | Empagliflozine pour le diab\u00e8te de type 2 - Transtoyou","isPartOf":{"@id":"https:\/\/www.transtoyou.com\/fr\/#website"},"primaryImageOfPage":{"@id":"https:\/\/www.transtoyou.com\/fr\/product\/jardiance\/#primaryimage"},"image":{"@id":"https:\/\/www.transtoyou.com\/fr\/product\/jardiance\/#primaryimage"},"thumbnailUrl":"https:\/\/www.transtoyou.com\/fr\/wp-content\/uploads\/sites\/5\/2026\/02\/tty-no-product-image-4.webp","datePublished":"2026-02-13T14:20:07+00:00","dateModified":"2026-02-20T11:01:16+00:00","description":"Jardiance sur Transtoyou, m\u00e9dicament sur ordonnance pour le diab\u00e8te de type 2 afin d'am\u00e9liorer le contr\u00f4le de la glyc\u00e9mie, demande une consultation en ligne aujourd'hui.","breadcrumb":{"@id":"https:\/\/www.transtoyou.com\/fr\/product\/jardiance\/#breadcrumb"},"inLanguage":"fr-FR","potentialAction":[{"@type":"ReadAction","target":["https:\/\/www.transtoyou.com\/fr\/product\/jardiance\/"]}]},{"@type":"ImageObject","inLanguage":"fr-FR","@id":"https:\/\/www.transtoyou.com\/fr\/product\/jardiance\/#primaryimage","url":"https:\/\/www.transtoyou.com\/fr\/wp-content\/uploads\/sites\/5\/2026\/02\/tty-no-product-image-4.webp","contentUrl":"https:\/\/www.transtoyou.com\/fr\/wp-content\/uploads\/sites\/5\/2026\/02\/tty-no-product-image-4.webp","width":1000,"height":1000,"caption":"Image produit par d\u00e9faut"},{"@type":"WebSite","@id":"https:\/\/www.transtoyou.com\/fr\/#website","url":"https:\/\/www.transtoyou.com\/fr\/","name":"Transtoyou - FR","description":"","publisher":{"@id":"https:\/\/www.transtoyou.com\/fr\/#organization"},"potentialAction":[{"@type":"SearchAction","target":{"@type":"EntryPoint","urlTemplate":"https:\/\/www.transtoyou.com\/fr\/?s={search_term_string}"},"query-input":{"@type":"PropertyValueSpecification","valueRequired":true,"valueName":"search_term_string"}}],"inLanguage":"fr-FR"},{"@type":"Organization","@id":"https:\/\/www.transtoyou.com\/fr\/#organization","name":"Transtoyou - FR","url":"https:\/\/www.transtoyou.com\/fr\/","logo":{"@type":"ImageObject","inLanguage":"fr-FR","@id":"https:\/\/www.transtoyou.com\/fr\/#\/schema\/logo\/image\/","url":"https:\/\/www.transtoyou.com\/fr\/wp-content\/uploads\/sites\/5\/2026\/01\/logo-tty-menu-bar-300x87-1.webp","contentUrl":"https:\/\/www.transtoyou.com\/fr\/wp-content\/uploads\/sites\/5\/2026\/01\/logo-tty-menu-bar-300x87-1.webp","width":300,"height":87,"caption":"Transtoyou - FR"},"image":{"@id":"https:\/\/www.transtoyou.com\/fr\/#\/schema\/logo\/image\/"}}]}},"_links":{"self":[{"href":"https:\/\/www.transtoyou.com\/fr\/wp-json\/wp\/v2\/product\/1836","targetHints":{"allow":["GET"]}}],"collection":[{"href":"https:\/\/www.transtoyou.com\/fr\/wp-json\/wp\/v2\/product"}],"about":[{"href":"https:\/\/www.transtoyou.com\/fr\/wp-json\/wp\/v2\/types\/product"}],"replies":[{"embeddable":true,"href":"https:\/\/www.transtoyou.com\/fr\/wp-json\/wp\/v2\/comments?post=1836"}],"wp:featuredmedia":[{"embeddable":true,"href":"https:\/\/www.transtoyou.com\/fr\/wp-json\/wp\/v2\/media\/1838"}],"wp:attachment":[{"href":"https:\/\/www.transtoyou.com\/fr\/wp-json\/wp\/v2\/media?parent=1836"}],"wp:term":[{"taxonomy":"product_brand","embeddable":true,"href":"https:\/\/www.transtoyou.com\/fr\/wp-json\/wp\/v2\/product_brand?post=1836"},{"taxonomy":"product_cat","embeddable":true,"href":"https:\/\/www.transtoyou.com\/fr\/wp-json\/wp\/v2\/product_cat?post=1836"},{"taxonomy":"product_tag","embeddable":true,"href":"https:\/\/www.transtoyou.com\/fr\/wp-json\/wp\/v2\/product_tag?post=1836"},{"taxonomy":"expert","embeddable":true,"href":"https:\/\/www.transtoyou.com\/fr\/wp-json\/wp\/v2\/expert?post=1836"}],"curies":[{"name":"wp","href":"https:\/\/api.w.org\/{rel}","templated":true}]}}