{"id":1972,"date":"2026-02-20T09:32:54","date_gmt":"2026-02-20T07:32:54","guid":{"rendered":"https:\/\/www.transtoyou.com\/fr\/product\/gynokadin\/"},"modified":"2026-02-20T09:33:47","modified_gmt":"2026-02-20T07:33:47","slug":"gynokadin","status":"publish","type":"product","link":"https:\/\/www.transtoyou.com\/fr\/product\/gynokadin\/","title":{"rendered":"Gynokadin"},"content":{"rendered":"<p>Gynokadin est un gel transdermique qui contient de l&rsquo;estradiol, une forme d&rsquo;\u0153strog\u00e8ne utilis\u00e9e dans la th\u00e9rapie de remplacement hormonal et les soins affirmant le genre. Il s&rsquo;applique directement sur la peau, permettant \u00e0 l&rsquo;estradiol d&rsquo;\u00eatre absorb\u00e9 dans la circulation sanguine sans passer par le syst\u00e8me digestif. Cela entra\u00eene des niveaux d&rsquo;hormones plus stables et moins de fluctuations que les m\u00e9dicaments oraux.<\/p>\n<p>En p\u00e9riode de m\u00e9nopause, Gynokadin aide \u00e0 soulager des sympt\u00f4mes tels que les bouff\u00e9es de chaleur, les sueurs nocturnes, les sautes d&rsquo;humeur et la s\u00e9cheresse vaginale. Ces sympt\u00f4mes surviennent en raison de la baisse naturelle des niveaux d&rsquo;\u0153strog\u00e8nes. En restaurant l&rsquo;estradiol, le gel soutient le bien-\u00eatre physique et \u00e9motionnel et aide \u00e0 maintenir la sant\u00e9 osseuse.<\/p>\n<p>Gynokadin est \u00e9galement utilis\u00e9 par les femmes transgenres dans le cadre de la th\u00e9rapie hormonale f\u00e9minisante. L&rsquo;estradiol dans le gel soutient le d\u00e9veloppement de caract\u00e9ristiques f\u00e9minines telles que la croissance des seins, la redistribution des graisses et une peau plus douce. Son dosage ajustable et sa facilit\u00e9 d&rsquo;utilisation en font une option privil\u00e9gi\u00e9e pour beaucoup cherchant \u00e0 effectuer une transition de genre.<\/p>\n<p>Le gel s&rsquo;applique g\u00e9n\u00e9ralement une fois par jour sur une peau propre et s\u00e8che des bras ou des jambes. Il s\u00e8che rapidement et ne laisse aucun r\u00e9sidu. Gynokadin offre un moyen flexible et coh\u00e9rent de g\u00e9rer la th\u00e9rapie aux \u0153strog\u00e8nes, que ce soit pour soulager la m\u00e9nopause ou dans le cadre d&rsquo;un plan de traitement affirmant le genre.<\/p>\n","protected":false},"excerpt":{"rendered":"<ul>\n<li>Gel d&rsquo;\u0153strog\u00e8ne quotidien<\/li>\n<li>Utilis\u00e9 pendant la m\u00e9nopause et la transition<\/li>\n<li>Administration ajustable et non orale<\/li>\n<\/ul>\n","protected":false},"featured_media":1975,"comment_status":"open","ping_status":"closed","template":"","meta":[],"product_brand":[],"product_cat":[145,116,139],"product_tag":[],"expert":[21],"class_list":{"0":"post-1972","1":"product","2":"type-product","3":"status-publish","4":"has-post-thumbnail","6":"product_cat-soulagement-de-la-menopause-et-du-spm","7":"product_cat-therapie-a-loestrogene-et-feminisante","8":"product_cat-therapie-de-remplacement-hormonal-trh","9":"expert-dr-m-sharoyko","11":"first","12":"instock","13":"shipping-taxable","14":"purchasable","15":"product-type-variable"},"yoast_head":"<!-- This site is optimized with the Yoast SEO plugin v27.0 - https:\/\/yoast.com\/product\/yoast-seo-wordpress\/ -->\n<title>Gynokadin | Hormone Balance Support - Transtoyou<\/title>\n<meta name=\"description\" content=\"Gynokadin, available now on Transtoyou, supports hormonal balance. Shop today for effective relief and enhanced well-being, backed by expert care.\" \/>\n<meta name=\"robots\" content=\"noindex, follow, max-snippet:-1, max-image-preview:large, max-video-preview:-1\" \/>\n<meta property=\"og:locale\" content=\"fr_FR\" \/>\n<meta property=\"og:type\" content=\"article\" \/>\n<meta property=\"og:title\" content=\"Gynokadin | Hormone Balance Support - Transtoyou\" \/>\n<meta property=\"og:description\" content=\"Gynokadin, available now on Transtoyou, supports hormonal balance. Shop today for effective relief and enhanced well-being, backed by expert care.\" \/>\n<meta property=\"og:url\" content=\"https:\/\/www.transtoyou.com\/fr\/product\/gynokadin\/\" \/>\n<meta property=\"og:site_name\" content=\"Transtoyou - FR\" \/>\n<meta property=\"article:modified_time\" content=\"2026-02-20T07:33:47+00:00\" \/>\n<meta name=\"twitter:card\" content=\"summary_large_image\" \/>\n<meta name=\"twitter:label1\" content=\"Dur\u00e9e de lecture estim\u00e9e\" \/>\n\t<meta name=\"twitter:data1\" content=\"1 minute\" \/>\n<script type=\"application\/ld+json\" class=\"yoast-schema-graph\">{\"@context\":\"https:\/\/schema.org\",\"@graph\":[{\"@type\":\"WebPage\",\"@id\":\"https:\/\/www.transtoyou.com\/fr\/product\/gynokadin\/\",\"url\":\"https:\/\/www.transtoyou.com\/fr\/product\/gynokadin\/\",\"name\":\"Gynokadin | Hormone Balance Support - Transtoyou\",\"isPartOf\":{\"@id\":\"https:\/\/www.transtoyou.com\/fr\/#website\"},\"primaryImageOfPage\":{\"@id\":\"https:\/\/www.transtoyou.com\/fr\/product\/gynokadin\/#primaryimage\"},\"image\":{\"@id\":\"https:\/\/www.transtoyou.com\/fr\/product\/gynokadin\/#primaryimage\"},\"thumbnailUrl\":\"https:\/\/www.transtoyou.com\/fr\/wp-content\/uploads\/sites\/5\/2026\/02\/tty-no-product-image-6.webp\",\"datePublished\":\"2026-02-20T07:32:54+00:00\",\"dateModified\":\"2026-02-20T07:33:47+00:00\",\"description\":\"Gynokadin, available now on Transtoyou, supports hormonal balance. Shop today for effective relief and enhanced well-being, backed by expert care.\",\"breadcrumb\":{\"@id\":\"https:\/\/www.transtoyou.com\/fr\/product\/gynokadin\/#breadcrumb\"},\"inLanguage\":\"fr-FR\",\"potentialAction\":[{\"@type\":\"ReadAction\",\"target\":[\"https:\/\/www.transtoyou.com\/fr\/product\/gynokadin\/\"]}]},{\"@type\":\"ImageObject\",\"inLanguage\":\"fr-FR\",\"@id\":\"https:\/\/www.transtoyou.com\/fr\/product\/gynokadin\/#primaryimage\",\"url\":\"https:\/\/www.transtoyou.com\/fr\/wp-content\/uploads\/sites\/5\/2026\/02\/tty-no-product-image-6.webp\",\"contentUrl\":\"https:\/\/www.transtoyou.com\/fr\/wp-content\/uploads\/sites\/5\/2026\/02\/tty-no-product-image-6.webp\",\"width\":1000,\"height\":1000,\"caption\":\"Image produit par d\u00e9faut\"},{\"@type\":\"WebSite\",\"@id\":\"https:\/\/www.transtoyou.com\/fr\/#website\",\"url\":\"https:\/\/www.transtoyou.com\/fr\/\",\"name\":\"Transtoyou - FR\",\"description\":\"\",\"publisher\":{\"@id\":\"https:\/\/www.transtoyou.com\/fr\/#organization\"},\"potentialAction\":[{\"@type\":\"SearchAction\",\"target\":{\"@type\":\"EntryPoint\",\"urlTemplate\":\"https:\/\/www.transtoyou.com\/fr\/?s={search_term_string}\"},\"query-input\":{\"@type\":\"PropertyValueSpecification\",\"valueRequired\":true,\"valueName\":\"search_term_string\"}}],\"inLanguage\":\"fr-FR\"},{\"@type\":\"Organization\",\"@id\":\"https:\/\/www.transtoyou.com\/fr\/#organization\",\"name\":\"Transtoyou - FR\",\"url\":\"https:\/\/www.transtoyou.com\/fr\/\",\"logo\":{\"@type\":\"ImageObject\",\"inLanguage\":\"fr-FR\",\"@id\":\"https:\/\/www.transtoyou.com\/fr\/#\/schema\/logo\/image\/\",\"url\":\"https:\/\/www.transtoyou.com\/fr\/wp-content\/uploads\/sites\/5\/2026\/01\/logo-tty-menu-bar-300x87-1.webp\",\"contentUrl\":\"https:\/\/www.transtoyou.com\/fr\/wp-content\/uploads\/sites\/5\/2026\/01\/logo-tty-menu-bar-300x87-1.webp\",\"width\":300,\"height\":87,\"caption\":\"Transtoyou - FR\"},\"image\":{\"@id\":\"https:\/\/www.transtoyou.com\/fr\/#\/schema\/logo\/image\/\"}}]}<\/script>\n<!-- \/ Yoast SEO plugin. -->","yoast_head_json":{"title":"Gynokadin | Hormone Balance Support - Transtoyou","description":"Gynokadin, available now on Transtoyou, supports hormonal balance. Shop today for effective relief and enhanced well-being, backed by expert care.","robots":{"index":"noindex","follow":"follow","max-snippet":"max-snippet:-1","max-image-preview":"max-image-preview:large","max-video-preview":"max-video-preview:-1"},"og_locale":"fr_FR","og_type":"article","og_title":"Gynokadin | Hormone Balance Support - Transtoyou","og_description":"Gynokadin, available now on Transtoyou, supports hormonal balance. Shop today for effective relief and enhanced well-being, backed by expert care.","og_url":"https:\/\/www.transtoyou.com\/fr\/product\/gynokadin\/","og_site_name":"Transtoyou - FR","article_modified_time":"2026-02-20T07:33:47+00:00","twitter_card":"summary_large_image","twitter_misc":{"Dur\u00e9e de lecture estim\u00e9e":"1 minute"},"schema":{"@context":"https:\/\/schema.org","@graph":[{"@type":"WebPage","@id":"https:\/\/www.transtoyou.com\/fr\/product\/gynokadin\/","url":"https:\/\/www.transtoyou.com\/fr\/product\/gynokadin\/","name":"Gynokadin | Hormone Balance Support - Transtoyou","isPartOf":{"@id":"https:\/\/www.transtoyou.com\/fr\/#website"},"primaryImageOfPage":{"@id":"https:\/\/www.transtoyou.com\/fr\/product\/gynokadin\/#primaryimage"},"image":{"@id":"https:\/\/www.transtoyou.com\/fr\/product\/gynokadin\/#primaryimage"},"thumbnailUrl":"https:\/\/www.transtoyou.com\/fr\/wp-content\/uploads\/sites\/5\/2026\/02\/tty-no-product-image-6.webp","datePublished":"2026-02-20T07:32:54+00:00","dateModified":"2026-02-20T07:33:47+00:00","description":"Gynokadin, available now on Transtoyou, supports hormonal balance. Shop today for effective relief and enhanced well-being, backed by expert care.","breadcrumb":{"@id":"https:\/\/www.transtoyou.com\/fr\/product\/gynokadin\/#breadcrumb"},"inLanguage":"fr-FR","potentialAction":[{"@type":"ReadAction","target":["https:\/\/www.transtoyou.com\/fr\/product\/gynokadin\/"]}]},{"@type":"ImageObject","inLanguage":"fr-FR","@id":"https:\/\/www.transtoyou.com\/fr\/product\/gynokadin\/#primaryimage","url":"https:\/\/www.transtoyou.com\/fr\/wp-content\/uploads\/sites\/5\/2026\/02\/tty-no-product-image-6.webp","contentUrl":"https:\/\/www.transtoyou.com\/fr\/wp-content\/uploads\/sites\/5\/2026\/02\/tty-no-product-image-6.webp","width":1000,"height":1000,"caption":"Image produit par d\u00e9faut"},{"@type":"WebSite","@id":"https:\/\/www.transtoyou.com\/fr\/#website","url":"https:\/\/www.transtoyou.com\/fr\/","name":"Transtoyou - FR","description":"","publisher":{"@id":"https:\/\/www.transtoyou.com\/fr\/#organization"},"potentialAction":[{"@type":"SearchAction","target":{"@type":"EntryPoint","urlTemplate":"https:\/\/www.transtoyou.com\/fr\/?s={search_term_string}"},"query-input":{"@type":"PropertyValueSpecification","valueRequired":true,"valueName":"search_term_string"}}],"inLanguage":"fr-FR"},{"@type":"Organization","@id":"https:\/\/www.transtoyou.com\/fr\/#organization","name":"Transtoyou - FR","url":"https:\/\/www.transtoyou.com\/fr\/","logo":{"@type":"ImageObject","inLanguage":"fr-FR","@id":"https:\/\/www.transtoyou.com\/fr\/#\/schema\/logo\/image\/","url":"https:\/\/www.transtoyou.com\/fr\/wp-content\/uploads\/sites\/5\/2026\/01\/logo-tty-menu-bar-300x87-1.webp","contentUrl":"https:\/\/www.transtoyou.com\/fr\/wp-content\/uploads\/sites\/5\/2026\/01\/logo-tty-menu-bar-300x87-1.webp","width":300,"height":87,"caption":"Transtoyou - FR"},"image":{"@id":"https:\/\/www.transtoyou.com\/fr\/#\/schema\/logo\/image\/"}}]}},"_links":{"self":[{"href":"https:\/\/www.transtoyou.com\/fr\/wp-json\/wp\/v2\/product\/1972","targetHints":{"allow":["GET"]}}],"collection":[{"href":"https:\/\/www.transtoyou.com\/fr\/wp-json\/wp\/v2\/product"}],"about":[{"href":"https:\/\/www.transtoyou.com\/fr\/wp-json\/wp\/v2\/types\/product"}],"replies":[{"embeddable":true,"href":"https:\/\/www.transtoyou.com\/fr\/wp-json\/wp\/v2\/comments?post=1972"}],"wp:featuredmedia":[{"embeddable":true,"href":"https:\/\/www.transtoyou.com\/fr\/wp-json\/wp\/v2\/media\/1975"}],"wp:attachment":[{"href":"https:\/\/www.transtoyou.com\/fr\/wp-json\/wp\/v2\/media?parent=1972"}],"wp:term":[{"taxonomy":"product_brand","embeddable":true,"href":"https:\/\/www.transtoyou.com\/fr\/wp-json\/wp\/v2\/product_brand?post=1972"},{"taxonomy":"product_cat","embeddable":true,"href":"https:\/\/www.transtoyou.com\/fr\/wp-json\/wp\/v2\/product_cat?post=1972"},{"taxonomy":"product_tag","embeddable":true,"href":"https:\/\/www.transtoyou.com\/fr\/wp-json\/wp\/v2\/product_tag?post=1972"},{"taxonomy":"expert","embeddable":true,"href":"https:\/\/www.transtoyou.com\/fr\/wp-json\/wp\/v2\/expert?post=1972"}],"curies":[{"name":"wp","href":"https:\/\/api.w.org\/{rel}","templated":true}]}}