{"id":2029,"date":"2026-02-23T15:50:14","date_gmt":"2026-02-23T13:50:14","guid":{"rendered":"https:\/\/www.transtoyou.com\/fr\/product\/ecural-1-mg-g\/"},"modified":"2026-02-23T17:35:21","modified_gmt":"2026-02-23T15:35:21","slug":"ecural-1-mg-g","status":"publish","type":"product","link":"https:\/\/www.transtoyou.com\/fr\/product\/ecural-1-mg-g\/","title":{"rendered":"ECURAL\u00ae 1 mg\/g"},"content":{"rendered":"<h2>Qu&rsquo;est-ce qu&rsquo;Ecural ?<\/h2>\n<p>Ecural contient du furoate de mom\u00e9tasone, un corticost\u00e9ro\u00efde synth\u00e9tique similaire \u00e0 l&rsquo;hormone naturelle cortisol produite par le corps. Il est appliqu\u00e9 directement sur la peau.<\/p>\n<p>Les corticost\u00e9ro\u00efdes topiques sont utilis\u00e9s pour apaiser les r\u00e9actions inflammatoires de la peau. Dans des conditions telles que <a href=\"\/fr\/treatment\/eczema\">l&rsquo;ecz\u00e9ma<\/a> ou <a href=\"\/fr\/treatment\/psoriasis\">le psoriasis<\/a>, le syst\u00e8me immunitaire de la peau devient hyperactif. Cela entra\u00eene des rougeurs, des gonflements, des squames et des d\u00e9mangeaisons intenses. Ecural r\u00e9duit cette r\u00e9ponse immunitaire et aide \u00e0 restaurer la barri\u00e8re cutan\u00e9e.<\/p>\n<p>Ecural est consid\u00e9r\u00e9 comme un corticost\u00e9ro\u00efde puissant. Cela signifie qu&rsquo;il est efficace pour des conditions inflammatoires de la peau mod\u00e9r\u00e9es \u00e0 s\u00e9v\u00e8res, mais doit \u00eatre utilis\u00e9 avec pr\u00e9caution et pour des p\u00e9riodes limit\u00e9es.<\/p>\n<h2>\u00c0 quoi \u00e7a sert ?<\/h2>\n<p>Ecural est prescrit pour des conditions cutan\u00e9es inflammatoires et prurigineuses qui r\u00e9pondent au traitement par corticost\u00e9ro\u00efdes, y compris :<\/p>\n<ul>\n<li>Psoriasis<\/li>\n<li>Dermatite atopique (ecz\u00e9ma)<\/li>\n<li>Dermatite de contact allergique<\/li>\n<li>Dermatite de contact irritante<\/li>\n<\/ul>\n<p><strong>La forme de pommade<\/strong> est particuli\u00e8rement adapt\u00e9e pour les peaux tr\u00e8s s\u00e8ches, \u00e9paissies ou fissur\u00e9es.<\/p>\n<p><strong>La cr\u00e8me grasse<\/strong> est adapt\u00e9e pour les zones enflamm\u00e9es mais moins \u00e9paissies.<\/p>\n<p><strong>La solution<\/strong> est sp\u00e9cifiquement indiqu\u00e9e pour les conditions inflammatoires du cuir chevelu, comme le psoriasis du cuir chevelu.<\/p>\n<p>Ecural n&rsquo;est pas adapt\u00e9 pour les infections cutan\u00e9es bact\u00e9riennes, virales ou fongiques non trait\u00e9es.<\/p>\n<h2>Comment fonctionne Ecural ?<\/h2>\n<p>Dans les maladies cutan\u00e9es inflammatoires, les cellules immunitaires lib\u00e8rent des substances qui provoquent des rougeurs, des gonflements et des d\u00e9mangeaisons.<\/p>\n<p>Le furoate de mom\u00e9tasone agit en :<\/p>\n<ul>\n<li>R\u00e9duisant la lib\u00e9ration de m\u00e9diateurs inflammatoires<\/li>\n<li>Supprimant l&rsquo;activit\u00e9 immunitaire excessive dans la peau<\/li>\n<li>Diminuant les rougeurs et les gonflements<\/li>\n<li>Apaisant les d\u00e9mangeaisons<\/li>\n<\/ul>\n<p>En calmant l&rsquo;inflammation, Ecural aide \u00e0 briser le cycle des d\u00e9mangeaisons et des grattages et permet \u00e0 la peau de gu\u00e9rir.<\/p>\n<p>\u00c9tant donn\u00e9 que les corticost\u00e9ro\u00efdes peuvent \u00eatre absorb\u00e9s par la peau, surtout lorsqu&rsquo;ils sont utilis\u00e9s sur de grandes surfaces ou pendant de longues p\u00e9riodes, une surveillance m\u00e9dicale est importante.<\/p>\n<h2>Qui ne doit pas utiliser Ecural ?<\/h2>\n<p>Ne pas utiliser Ecural si tu :<\/p>\n<ul>\n<li>Es allergique au furoate de mom\u00e9tasone ou \u00e0 d&rsquo;autres corticost\u00e9ro\u00efdes<\/li>\n<li>As de <a href=\"\/fr\/treatment\/rosacea\">rosac\u00e9e<\/a> sur le visage<\/li>\n<li>As de <a href=\"\/fr\/treament\/acne\">l&rsquo;acn\u00e9 vulgaris<\/a><\/li>\n<li>As une dermatite p\u00e9ri-orale<\/li>\n<li>As des infections cutan\u00e9es bact\u00e9riennes, virales ou fongiques non trait\u00e9es<\/li>\n<li>As une atrophie cutan\u00e9e<\/li>\n<li>As une tuberculose ou une syphilis affectant la peau<\/li>\n<li>L&rsquo;appliques sur des plaies ou des ulc\u00e8res cutan\u00e9s<\/li>\n<\/ul>\n<p>Ecural ne doit pas \u00eatre appliqu\u00e9 dans ou pr\u00e8s des yeux.<\/p>\n<p>Les enfants de moins de 2 ans (cr\u00e8me) ou de moins de 6 ans (pommade et solution) ne doivent pas utiliser Ecural, sauf avis sp\u00e9cifique d&rsquo;un m\u00e9decin.<\/p>\n<h3>Grossesse et fertilit\u00e9<\/h3>\n<p>L&rsquo;utilisation pendant la grossesse ne doit se faire qu&rsquo;apr\u00e8s \u00e9valuation m\u00e9dicale. Les corticost\u00e9ro\u00efdes topiques peuvent \u00eatre absorb\u00e9s dans la circulation sanguine et potentiellement affecter l&rsquo;enfant \u00e0 na\u00eetre s&rsquo;ils sont utilis\u00e9s de mani\u00e8re extensive.<\/p>\n<p>Pendant l&rsquo;allaitement, Ecural ne doit pas \u00eatre appliqu\u00e9 sur la zone du sein.<\/p>\n<p>Si un traitement prolong\u00e9 ou \u00e0 forte dose est n\u00e9cessaire, l&rsquo;allaitement peut devoir \u00eatre interrompu.<\/p>\n<h2>Comment utiliser et posologie<\/h2>\n<p>Utilise toujours Ecural exactement comme prescrit.<\/p>\n<p>Ecural est appliqu\u00e9 une fois par jour en une fine couche sur la peau affect\u00e9e.<\/p>\n<p>La dur\u00e9e du traitement ne doit g\u00e9n\u00e9ralement pas d\u00e9passer trois semaines.<\/p>\n<p>L&rsquo;application sur le visage ne doit pas d\u00e9passer cinq jours.<\/p>\n<p>Ne pas appliquer sur plus de 20 % de la surface corporelle.<\/p>\n<p>Chez les enfants au-del\u00e0 de l&rsquo;\u00e2ge approuv\u00e9, le traitement doit \u00eatre aussi court que possible et limit\u00e9 \u00e0 moins de 10 % de la surface corporelle.<\/p>\n<p>Si une am\u00e9lioration se produit, ton m\u00e9decin peut recommander de passer \u00e0 un corticost\u00e9ro\u00efde plus faible.<\/p>\n<h2>Effets secondaires possibles<\/h2>\n<p>Les effets secondaires courants incluent :<\/p>\n<ul>\n<li>Sensation de picotement ou de br\u00fblure<\/li>\n<li>Irritation de la peau<\/li>\n<li>Papules ou pustules<\/li>\n<\/ul>\n<p>Des effets secondaires moins courants mais importants incluent :<\/p>\n<ul>\n<li>\u00c9claircissement de la peau (atrophie)<\/li>\n<li>Vergetures<\/li>\n<li>Augmentation de la pilosit\u00e9<\/li>\n<li>Changements de pigmentation cutan\u00e9e<\/li>\n<li>Infections secondaires<\/li>\n<\/ul>\n<p>Une utilisation \u00e0 long terme ou excessive peut supprimer la fonction surr\u00e9nalienne ou entra\u00eener un syndrome de Cushing, en particulier chez les enfants.<\/p>\n<p>Une vision floue a \u00e9t\u00e9 signal\u00e9e avec l&rsquo;utilisation de corticost\u00e9ro\u00efdes.<\/p>\n<p>Si tu remarques des sympt\u00f4mes inhabituels ou une aggravation de ton \u00e9tat cutan\u00e9, demande un avis m\u00e9dical.<\/p>\n<h2>Informations de s\u00e9curit\u00e9 importantes<\/h2>\n<p>Ecural est un corticost\u00e9ro\u00efde topique puissant. Un usage abusif ou une application prolong\u00e9e peuvent augmenter le risque de :<\/p>\n<ul>\n<li>\u00c9claircissement de la peau<\/li>\n<li>Suppression hormonale<\/li>\n<li>Cicatrisation retard\u00e9e des plaies<\/li>\n<li>Masquage des infections sous-jacentes<\/li>\n<\/ul>\n<p>Dans la zone g\u00e9nitale ou anale, une pommade ou une cr\u00e8me contenant de la gel\u00e9e de p\u00e9trole blanche peut r\u00e9duire l&rsquo;efficacit\u00e9 des pr\u00e9servatifs en latex.<\/p>\n<p>La solution pour le cuir chevelu contient du propyl\u00e8ne glycol et peut provoquer une irritation cutan\u00e9e chez certaines personnes.<\/p>\n<p>Suis toujours les conseils m\u00e9dicaux et \u00e9vite de prolonger la p\u00e9riode de traitement par toi-m\u00eame.<\/p>\n<h2>Quand demander de l&rsquo;aide m\u00e9dicale<\/h2>\n<p>Contacte un professionnel de sant\u00e9 si tu ressens :<\/p>\n<ul>\n<li>Une irritation cutan\u00e9e s\u00e9v\u00e8re<\/li>\n<li>Des signes d&rsquo;infection<\/li>\n<li>Un \u00e9claircissement de la peau ou des vergetures<\/li>\n<li>Des troubles de la vision<\/li>\n<li>Aucune am\u00e9lioration apr\u00e8s la p\u00e9riode de traitement prescrite<\/li>\n<\/ul>\n<p>Si Ecural est accidentellement ing\u00e9r\u00e9 ou utilis\u00e9 de mani\u00e8re excessive pendant une p\u00e9riode prolong\u00e9e, une \u00e9valuation m\u00e9dicale est n\u00e9cessaire en raison du risque d&rsquo;effets syst\u00e9miques des corticost\u00e9ro\u00efdes.<\/p>\n","protected":false},"excerpt":{"rendered":"<ul>\n<li>Ecural r\u00e9duit l&rsquo;inflammation et les d\u00e9mangeaisons dans les affections cutan\u00e9es r\u00e9actives aux st\u00e9ro\u00efdes. Il doit \u00eatre utilis\u00e9 une fois par jour pour de courtes p\u00e9riodes de traitement en raison du risque d&rsquo;amincissement de la peau et d&rsquo;absorption syst\u00e9mique.<\/li>\n<li>Ingr\u00e9dient actif : Furoate de mom\u00e9tasone 1 mg par gramme<\/li>\n<li>Utilis\u00e9 pour : Psoriasis, dermatite atopique, ecz\u00e9ma de contact allergique et irritant<\/li>\n<\/ul>\n","protected":false},"featured_media":2031,"comment_status":"open","ping_status":"closed","template":"","meta":[],"product_brand":[],"product_cat":[109,159],"product_tag":[],"expert":[21],"class_list":{"0":"post-2029","1":"product","2":"type-product","3":"status-publish","4":"has-post-thumbnail","6":"product_cat-eczema","7":"product_cat-psoriasis","8":"expert-dr-m-sharoyko","10":"first","11":"instock","12":"shipping-taxable","13":"product-type-variable"},"yoast_head":"<!-- This site is optimized with the Yoast SEO plugin v27.0 - https:\/\/yoast.com\/product\/yoast-seo-wordpress\/ -->\n<title>ECURAL\u00ae 1 mg\/g | Soulagement efficace de l&#039;ecz\u00e9ma et du psoriasis - Transtoyou<\/title>\n<meta name=\"description\" content=\"Transtoyou relie les patients \u00e0 des m\u00e9decins et des pharmacies pour des consultations m\u00e9dicales en ligne et des m\u00e9dicaments sur ordonnance.\" \/>\n<meta name=\"robots\" content=\"noindex, follow, max-snippet:-1, max-image-preview:large, max-video-preview:-1\" \/>\n<meta property=\"og:locale\" content=\"fr_FR\" \/>\n<meta property=\"og:type\" content=\"article\" \/>\n<meta property=\"og:title\" content=\"ECURAL\u00ae 1 mg\/g | Soulagement efficace de l&#039;ecz\u00e9ma et du psoriasis - Transtoyou\" \/>\n<meta property=\"og:description\" content=\"Transtoyou relie les patients \u00e0 des m\u00e9decins et des pharmacies pour des consultations m\u00e9dicales en ligne et des m\u00e9dicaments sur ordonnance.\" \/>\n<meta property=\"og:url\" content=\"https:\/\/www.transtoyou.com\/fr\/product\/ecural-1-mg-g\/\" \/>\n<meta property=\"og:site_name\" content=\"Transtoyou - FR\" \/>\n<meta property=\"article:modified_time\" content=\"2026-02-23T15:35:21+00:00\" \/>\n<meta name=\"twitter:card\" content=\"summary_large_image\" \/>\n<meta name=\"twitter:label1\" content=\"Dur\u00e9e de lecture estim\u00e9e\" \/>\n\t<meta name=\"twitter:data1\" content=\"5 minutes\" \/>\n<script type=\"application\/ld+json\" class=\"yoast-schema-graph\">{\"@context\":\"https:\/\/schema.org\",\"@graph\":[{\"@type\":\"WebPage\",\"@id\":\"https:\/\/www.transtoyou.com\/fr\/product\/ecural-1-mg-g\/\",\"url\":\"https:\/\/www.transtoyou.com\/fr\/product\/ecural-1-mg-g\/\",\"name\":\"ECURAL\u00ae 1 mg\/g | Soulagement efficace de l'ecz\u00e9ma et du psoriasis - Transtoyou\",\"isPartOf\":{\"@id\":\"https:\/\/www.transtoyou.com\/fr\/#website\"},\"primaryImageOfPage\":{\"@id\":\"https:\/\/www.transtoyou.com\/fr\/product\/ecural-1-mg-g\/#primaryimage\"},\"image\":{\"@id\":\"https:\/\/www.transtoyou.com\/fr\/product\/ecural-1-mg-g\/#primaryimage\"},\"thumbnailUrl\":\"https:\/\/www.transtoyou.com\/fr\/wp-content\/uploads\/sites\/5\/2026\/02\/tty-no-product-image-12.webp\",\"datePublished\":\"2026-02-23T13:50:14+00:00\",\"dateModified\":\"2026-02-23T15:35:21+00:00\",\"description\":\"Transtoyou relie les patients \u00e0 des m\u00e9decins et des pharmacies pour des consultations m\u00e9dicales en ligne et des m\u00e9dicaments sur ordonnance.\",\"breadcrumb\":{\"@id\":\"https:\/\/www.transtoyou.com\/fr\/product\/ecural-1-mg-g\/#breadcrumb\"},\"inLanguage\":\"fr-FR\",\"potentialAction\":[{\"@type\":\"ReadAction\",\"target\":[\"https:\/\/www.transtoyou.com\/fr\/product\/ecural-1-mg-g\/\"]}]},{\"@type\":\"ImageObject\",\"inLanguage\":\"fr-FR\",\"@id\":\"https:\/\/www.transtoyou.com\/fr\/product\/ecural-1-mg-g\/#primaryimage\",\"url\":\"https:\/\/www.transtoyou.com\/fr\/wp-content\/uploads\/sites\/5\/2026\/02\/tty-no-product-image-12.webp\",\"contentUrl\":\"https:\/\/www.transtoyou.com\/fr\/wp-content\/uploads\/sites\/5\/2026\/02\/tty-no-product-image-12.webp\",\"width\":1000,\"height\":1000,\"caption\":\"Image produit par d\u00e9faut\"},{\"@type\":\"WebSite\",\"@id\":\"https:\/\/www.transtoyou.com\/fr\/#website\",\"url\":\"https:\/\/www.transtoyou.com\/fr\/\",\"name\":\"Transtoyou - FR\",\"description\":\"\",\"publisher\":{\"@id\":\"https:\/\/www.transtoyou.com\/fr\/#organization\"},\"potentialAction\":[{\"@type\":\"SearchAction\",\"target\":{\"@type\":\"EntryPoint\",\"urlTemplate\":\"https:\/\/www.transtoyou.com\/fr\/?s={search_term_string}\"},\"query-input\":{\"@type\":\"PropertyValueSpecification\",\"valueRequired\":true,\"valueName\":\"search_term_string\"}}],\"inLanguage\":\"fr-FR\"},{\"@type\":\"Organization\",\"@id\":\"https:\/\/www.transtoyou.com\/fr\/#organization\",\"name\":\"Transtoyou - FR\",\"url\":\"https:\/\/www.transtoyou.com\/fr\/\",\"logo\":{\"@type\":\"ImageObject\",\"inLanguage\":\"fr-FR\",\"@id\":\"https:\/\/www.transtoyou.com\/fr\/#\/schema\/logo\/image\/\",\"url\":\"https:\/\/www.transtoyou.com\/fr\/wp-content\/uploads\/sites\/5\/2026\/01\/logo-tty-menu-bar-300x87-1.webp\",\"contentUrl\":\"https:\/\/www.transtoyou.com\/fr\/wp-content\/uploads\/sites\/5\/2026\/01\/logo-tty-menu-bar-300x87-1.webp\",\"width\":300,\"height\":87,\"caption\":\"Transtoyou - FR\"},\"image\":{\"@id\":\"https:\/\/www.transtoyou.com\/fr\/#\/schema\/logo\/image\/\"}}]}<\/script>\n<!-- \/ Yoast SEO plugin. -->","yoast_head_json":{"title":"ECURAL\u00ae 1 mg\/g | Soulagement efficace de l'ecz\u00e9ma et du psoriasis - Transtoyou","description":"Transtoyou relie les patients \u00e0 des m\u00e9decins et des pharmacies pour des consultations m\u00e9dicales en ligne et des m\u00e9dicaments sur ordonnance.","robots":{"index":"noindex","follow":"follow","max-snippet":"max-snippet:-1","max-image-preview":"max-image-preview:large","max-video-preview":"max-video-preview:-1"},"og_locale":"fr_FR","og_type":"article","og_title":"ECURAL\u00ae 1 mg\/g | Soulagement efficace de l'ecz\u00e9ma et du psoriasis - Transtoyou","og_description":"Transtoyou relie les patients \u00e0 des m\u00e9decins et des pharmacies pour des consultations m\u00e9dicales en ligne et des m\u00e9dicaments sur ordonnance.","og_url":"https:\/\/www.transtoyou.com\/fr\/product\/ecural-1-mg-g\/","og_site_name":"Transtoyou - FR","article_modified_time":"2026-02-23T15:35:21+00:00","twitter_card":"summary_large_image","twitter_misc":{"Dur\u00e9e de lecture estim\u00e9e":"5 minutes"},"schema":{"@context":"https:\/\/schema.org","@graph":[{"@type":"WebPage","@id":"https:\/\/www.transtoyou.com\/fr\/product\/ecural-1-mg-g\/","url":"https:\/\/www.transtoyou.com\/fr\/product\/ecural-1-mg-g\/","name":"ECURAL\u00ae 1 mg\/g | Soulagement efficace de l'ecz\u00e9ma et du psoriasis - Transtoyou","isPartOf":{"@id":"https:\/\/www.transtoyou.com\/fr\/#website"},"primaryImageOfPage":{"@id":"https:\/\/www.transtoyou.com\/fr\/product\/ecural-1-mg-g\/#primaryimage"},"image":{"@id":"https:\/\/www.transtoyou.com\/fr\/product\/ecural-1-mg-g\/#primaryimage"},"thumbnailUrl":"https:\/\/www.transtoyou.com\/fr\/wp-content\/uploads\/sites\/5\/2026\/02\/tty-no-product-image-12.webp","datePublished":"2026-02-23T13:50:14+00:00","dateModified":"2026-02-23T15:35:21+00:00","description":"Transtoyou relie les patients \u00e0 des m\u00e9decins et des pharmacies pour des consultations m\u00e9dicales en ligne et des m\u00e9dicaments sur ordonnance.","breadcrumb":{"@id":"https:\/\/www.transtoyou.com\/fr\/product\/ecural-1-mg-g\/#breadcrumb"},"inLanguage":"fr-FR","potentialAction":[{"@type":"ReadAction","target":["https:\/\/www.transtoyou.com\/fr\/product\/ecural-1-mg-g\/"]}]},{"@type":"ImageObject","inLanguage":"fr-FR","@id":"https:\/\/www.transtoyou.com\/fr\/product\/ecural-1-mg-g\/#primaryimage","url":"https:\/\/www.transtoyou.com\/fr\/wp-content\/uploads\/sites\/5\/2026\/02\/tty-no-product-image-12.webp","contentUrl":"https:\/\/www.transtoyou.com\/fr\/wp-content\/uploads\/sites\/5\/2026\/02\/tty-no-product-image-12.webp","width":1000,"height":1000,"caption":"Image produit par d\u00e9faut"},{"@type":"WebSite","@id":"https:\/\/www.transtoyou.com\/fr\/#website","url":"https:\/\/www.transtoyou.com\/fr\/","name":"Transtoyou - FR","description":"","publisher":{"@id":"https:\/\/www.transtoyou.com\/fr\/#organization"},"potentialAction":[{"@type":"SearchAction","target":{"@type":"EntryPoint","urlTemplate":"https:\/\/www.transtoyou.com\/fr\/?s={search_term_string}"},"query-input":{"@type":"PropertyValueSpecification","valueRequired":true,"valueName":"search_term_string"}}],"inLanguage":"fr-FR"},{"@type":"Organization","@id":"https:\/\/www.transtoyou.com\/fr\/#organization","name":"Transtoyou - FR","url":"https:\/\/www.transtoyou.com\/fr\/","logo":{"@type":"ImageObject","inLanguage":"fr-FR","@id":"https:\/\/www.transtoyou.com\/fr\/#\/schema\/logo\/image\/","url":"https:\/\/www.transtoyou.com\/fr\/wp-content\/uploads\/sites\/5\/2026\/01\/logo-tty-menu-bar-300x87-1.webp","contentUrl":"https:\/\/www.transtoyou.com\/fr\/wp-content\/uploads\/sites\/5\/2026\/01\/logo-tty-menu-bar-300x87-1.webp","width":300,"height":87,"caption":"Transtoyou - FR"},"image":{"@id":"https:\/\/www.transtoyou.com\/fr\/#\/schema\/logo\/image\/"}}]}},"_links":{"self":[{"href":"https:\/\/www.transtoyou.com\/fr\/wp-json\/wp\/v2\/product\/2029","targetHints":{"allow":["GET"]}}],"collection":[{"href":"https:\/\/www.transtoyou.com\/fr\/wp-json\/wp\/v2\/product"}],"about":[{"href":"https:\/\/www.transtoyou.com\/fr\/wp-json\/wp\/v2\/types\/product"}],"replies":[{"embeddable":true,"href":"https:\/\/www.transtoyou.com\/fr\/wp-json\/wp\/v2\/comments?post=2029"}],"wp:featuredmedia":[{"embeddable":true,"href":"https:\/\/www.transtoyou.com\/fr\/wp-json\/wp\/v2\/media\/2031"}],"wp:attachment":[{"href":"https:\/\/www.transtoyou.com\/fr\/wp-json\/wp\/v2\/media?parent=2029"}],"wp:term":[{"taxonomy":"product_brand","embeddable":true,"href":"https:\/\/www.transtoyou.com\/fr\/wp-json\/wp\/v2\/product_brand?post=2029"},{"taxonomy":"product_cat","embeddable":true,"href":"https:\/\/www.transtoyou.com\/fr\/wp-json\/wp\/v2\/product_cat?post=2029"},{"taxonomy":"product_tag","embeddable":true,"href":"https:\/\/www.transtoyou.com\/fr\/wp-json\/wp\/v2\/product_tag?post=2029"},{"taxonomy":"expert","embeddable":true,"href":"https:\/\/www.transtoyou.com\/fr\/wp-json\/wp\/v2\/expert?post=2029"}],"curies":[{"name":"wp","href":"https:\/\/api.w.org\/{rel}","templated":true}]}}