{"id":2145,"date":"2026-02-25T15:09:40","date_gmt":"2026-02-25T13:09:40","guid":{"rendered":"https:\/\/www.transtoyou.com\/fr\/product\/evorel-sequi\/"},"modified":"2026-02-25T15:34:57","modified_gmt":"2026-02-25T13:34:57","slug":"evorel-sequi","status":"publish","type":"product","link":"https:\/\/www.transtoyou.com\/fr\/product\/evorel-sequi\/","title":{"rendered":"Evorel Sequi"},"content":{"rendered":"<h2>Qu&rsquo;est-ce qu&rsquo;Evorel Sequi ?<\/h2>\n<p>Evorel Sequi est une th\u00e9rapie de remplacement hormonal (TRH) combin\u00e9e s\u00e9quentielle qui se pr\u00e9sente sous forme de patchs cutan\u00e9s. Elle contient deux hormones : l&rsquo;estradiol, une forme d&rsquo;\u0153strog\u00e8ne, et l&rsquo;ac\u00e9tate de norethist\u00e9rone, un type de progestatif.<\/p>\n<p>Evorel Sequi est con\u00e7u pour soulager les sympt\u00f4mes caus\u00e9s par les changements hormonaux de la m\u00e9nopause. Il est g\u00e9n\u00e9ralement prescrit si tu es en p\u00e9rim\u00e9nopause (tes r\u00e8gles sont irr\u00e9guli\u00e8res mais pas compl\u00e8tement arr\u00eat\u00e9es) ou si tu es dans les premi\u00e8res \u00e9tapes apr\u00e8s la m\u00e9nopause et que tu as encore ton ut\u00e9rus.<\/p>\n<p>Comme Evorel Sequi suit un cycle de traitement s\u00e9quentiel, tu utilises d&rsquo;abord des patchs contenant uniquement de l&rsquo;\u0153strog\u00e8ne, suivis de patchs combin\u00e9s d&rsquo;\u0153strog\u00e8ne et de progest\u00e9rone. Ce sch\u00e9ma entra\u00eene souvent un saignement de retrait mensuel, similaire \u00e0 une l\u00e9g\u00e8re p\u00e9riode.<\/p>\n<p>Evorel Sequi est une TRH transdermique, ce qui signifie que les hormones sont d\u00e9livr\u00e9es \u00e0 travers ta peau directement dans ta circulation sanguine. Cela permet d&rsquo;obtenir des niveaux d&rsquo;hormones stables et \u00e9vite de passer par ton syst\u00e8me digestif.<\/p>\n<h2>\u00c0 quoi sert Evorel Sequi ?<\/h2>\n<p>Evorel Sequi est utilis\u00e9 pour <a href=\"\/fr\/treatment\/menopause-pms-relief\/\">traiter les sympt\u00f4mes de la m\u00e9nopause<\/a> caus\u00e9s par de faibles niveaux d&rsquo;\u0153strog\u00e8nes.<\/p>\n<p>Pendant la m\u00e9nopause, ton corps produit moins d&rsquo;\u0153strog\u00e8nes. Ce changement naturel peut provoquer des sympt\u00f4mes tels que :<\/p>\n<ul>\n<li>Bouff\u00e9es de chaleur<\/li>\n<li>Sueurs nocturnes<\/li>\n<li>Perturbations du sommeil<\/li>\n<li>Changements d&rsquo;humeur<\/li>\n<li>S\u00e9cheresse vaginale<\/li>\n<li>Diminution de la libido<\/li>\n<li>Fatigue<\/li>\n<li>Cerveau embrum\u00e9<\/li>\n<\/ul>\n<p>Les bouff\u00e9es de chaleur et les sueurs nocturnes sont connues sous le nom de sympt\u00f4mes vasomoteurs, ce qui signifie que le contr\u00f4le de la temp\u00e9rature interne de ton corps est perturb\u00e9 par des changements hormonaux.<\/p>\n<p>Evorel Sequi peut \u00e9galement aider \u00e0 maintenir la densit\u00e9 osseuse. Apr\u00e8s la m\u00e9nopause, des niveaux d&rsquo;\u0153strog\u00e8nes plus bas augmentent le risque d&rsquo;ost\u00e9oporose, une condition o\u00f9 les os deviennent plus fins et plus fragiles. La th\u00e9rapie de remplacement hormonal peut aider \u00e0 ralentir la perte osseuse chez les femmes \u00e0 risque accru de fractures.<\/p>\n<p>Evorel Sequi est particuli\u00e8rement adapt\u00e9 si tu as encore des saignements naturels occasionnels ou si tu es dans la premi\u00e8re ann\u00e9e apr\u00e8s ta derni\u00e8re p\u00e9riode.<\/p>\n<h2>Comment fonctionne Evorel Sequi ?<\/h2>\n<p>Evorel Sequi fonctionne en rempla\u00e7ant les hormones qui diminuent pendant la m\u00e9nopause.<\/p>\n<h4>Estradiol (\u0153strog\u00e8ne)<\/h4>\n<p>L&rsquo;estradiol est chimiquement similaire \u00e0 l&rsquo;\u0153strog\u00e8ne que ton corps produit naturellement. Il aide \u00e0 :<\/p>\n<ul>\n<li>R\u00e9duire les bouff\u00e9es de chaleur et les sueurs nocturnes<\/li>\n<li>Am\u00e9liorer la s\u00e9cheresse vaginale<\/li>\n<li>Soutenir l&rsquo;humeur et le sommeil<\/li>\n<li>Maintenir la force des os<\/li>\n<\/ul>\n<p>En restaurant les niveaux d&rsquo;\u0153strog\u00e8nes, Evorel Sequi aide \u00e0 stabiliser les syst\u00e8mes de ton corps affect\u00e9s par la m\u00e9nopause.<\/p>\n<h4>Norethisterone (progestatif)<\/h4>\n<p>Si tu as encore ton ut\u00e9rus, l&rsquo;\u0153strog\u00e8ne seul peut provoquer un \u00e9paississement excessif de la muqueuse de ton ut\u00e9rus (appel\u00e9e endom\u00e8tre). Avec le temps, cela augmente le risque de cancer de l&rsquo;endom\u00e8tre.<\/p>\n<p>La norethisterone prot\u00e8ge la muqueuse de ton ut\u00e9rus en emp\u00eachant un \u00e9paississement excessif. Dans la TRH s\u00e9quentielle comme Evorel Sequi, la progest\u00e9rone est ajout\u00e9e pendant une partie du cycle, ce qui peut provoquer un saignement mensuel pr\u00e9visible.<\/p>\n<p>Comme Evorel Sequi est d\u00e9livr\u00e9 par la peau, il permet une absorption stable des hormones et peut r\u00e9duire certains risques par rapport aux comprim\u00e9s hormonaux oraux.<\/p>\n<h2>Qui ne devrait pas utiliser Evorel Sequi ?<\/h2>\n<p>Tu ne devrais pas utiliser Evorel Sequi si :<\/p>\n<ul>\n<li>Tu as ou as eu un cancer du sein<\/li>\n<li>Tu as un cancer d\u00e9pendant des \u0153strog\u00e8nes (comme le cancer de la muqueuse de l&rsquo;ut\u00e9rus)<\/li>\n<li>Tu as des saignements vaginaux inexpliqu\u00e9s<\/li>\n<li>Tu as une hyperplasie endom\u00e9triale non trait\u00e9e<\/li>\n<li>Tu as ou as eu des caillots sanguins (thrombose veineuse profonde ou embolie pulmonaire)<\/li>\n<li>Tu as un trouble de la coagulation sanguine connu<\/li>\n<li>Tu as r\u00e9cemment eu une crise cardiaque ou un AVC<\/li>\n<li>Tu as une maladie h\u00e9patique s\u00e9v\u00e8re<\/li>\n<li>Tu es allergique \u00e0 l&rsquo;estradiol ou \u00e0 la norethisterone<\/li>\n<\/ul>\n<p>Informe toujours ton m\u00e9decin de ton historique m\u00e9dical complet avant de commencer une th\u00e9rapie de remplacement hormonal.<\/p>\n<h3>Grossesse et allaitement<\/h3>\n<p>Evorel Sequi n&rsquo;est pas un contraceptif.<\/p>\n<p>Tu ne dois pas utiliser Evorel Sequi si tu es enceinte ou penses pouvoir l&rsquo;\u00eatre. Une grossesse est toujours possible pendant la p\u00e9rim\u00e9nopause.<\/p>\n<p>Evorel Sequi ne doit pas \u00eatre utilis\u00e9 pendant l&rsquo;allaitement.<\/p>\n<p>Si tu soup\u00e7onnes une grossesse pendant l&rsquo;utilisation du patch, retire-le et contacte imm\u00e9diatement ton m\u00e9decin.<\/p>\n<h2>Comment utiliser Evorel Sequi et posologie<\/h2>\n<p>Utilise toujours Evorel Sequi exactement comme prescrit.<\/p>\n<p>Evorel Sequi contient deux types de patchs qui sont utilis\u00e9s en s\u00e9quence :<\/p>\n<ul>\n<li>Patchs contenant uniquement de l&rsquo;\u0153strog\u00e8ne (premi\u00e8re partie du cycle)<\/li>\n<li>Patchs combin\u00e9s d&rsquo;\u0153strog\u00e8ne et de progest\u00e9rone (deuxi\u00e8me partie du cycle)<\/li>\n<\/ul>\n<p>Tu changes g\u00e9n\u00e9ralement le patch deux fois par semaine, en suivant le calendrier fourni par ton m\u00e9decin.<\/p>\n<p>Comment appliquer :<\/p>\n<ul>\n<li>Applique sur une peau propre, s\u00e8che et intacte<\/li>\n<li>Place sur ton bas-ventre ou tes fesses<\/li>\n<li>Ne pas appliquer sur tes seins<\/li>\n<li>Appuie fermement pendant au moins 10 secondes<\/li>\n<li>Fais tourner les sites d&rsquo;application pour \u00e9viter l&rsquo;irritation<\/li>\n<\/ul>\n<p>Tu peux \u00e9prouver un saignement mensuel pr\u00e9visible pendant la phase de progest\u00e9rone. Cela est attendu avec la TRH s\u00e9quentielle.<\/p>\n<p>Ton m\u00e9decin prescrira la dose efficace la plus basse et examinera r\u00e9guli\u00e8rement ton traitement.<\/p>\n<h2>Effets secondaires possibles<\/h2>\n<p>Comme tous les m\u00e9dicaments, Evorel Sequi peut provoquer des effets secondaires, bien que tout le monde ne les ressente pas.<\/p>\n<p>Les effets secondaires courants incluent :<\/p>\n<ul>\n<li>Sensibilit\u00e9 des seins<\/li>\n<li>Mal de t\u00eate<\/li>\n<li>Naus\u00e9es<\/li>\n<li>Changements d&rsquo;humeur<\/li>\n<li>Irritation cutan\u00e9e au site d&rsquo;application<\/li>\n<li>Saignement mensuel programm\u00e9<\/li>\n<li>Spots entre les cycles<\/li>\n<\/ul>\n<p>Des risques moins courants mais graves associ\u00e9s \u00e0 la TRH incluent :<\/p>\n<ul>\n<li>Caillots sanguins<\/li>\n<li>AVC<\/li>\n<li>Cancer du sein<\/li>\n<li>Cancer de l&rsquo;ovaire<\/li>\n<li>Maladies cardiaques<\/li>\n<\/ul>\n<p>Ton risque personnel d\u00e9pend de ton \u00e2ge, de tes ant\u00e9c\u00e9dents m\u00e9dicaux, de tes ant\u00e9c\u00e9dents familiaux et de la dur\u00e9e d&rsquo;utilisation de la th\u00e9rapie de remplacement hormonal.<\/p>\n<p>Des rendez-vous de suivi r\u00e9guliers sont importants.<\/p>\n<h2>Informations de s\u00e9curit\u00e9 importantes<\/h2>\n<p>Avant de commencer Evorel Sequi, tu devrais avoir une consultation m\u00e9dicale.<\/p>\n<p>Dis \u00e0 ton m\u00e9decin si tu as d\u00e9j\u00e0 eu :<\/p>\n<ul>\n<li><a href=\"\/fr\/treatment\/high-blood-pressure\">Hypertension art\u00e9rielle<\/a><\/li>\n<li><a href=\"\/fr\/treatment\/diabetes\">Diab\u00e8te<\/a><\/li>\n<li><a href=\"\/fr\/treatment\/headache-and-migraines\/\">Migraine<\/a><\/li>\n<li>Calculs biliaires<\/li>\n<li>Probl\u00e8mes h\u00e9patiques<\/li>\n<li>Fibromes<\/li>\n<li><a href=\"\/fr\/treatment\/endometriosis\/\">Endom\u00e9triose<\/a><\/li>\n<li>Triglyc\u00e9rides \u00e9lev\u00e9s<\/li>\n<li>Ant\u00e9c\u00e9dents familiaux de cancer du sein<\/li>\n<\/ul>\n<p>Pendant l&rsquo;utilisation d&rsquo;Evorel Sequi :<\/p>\n<ul>\n<li>Assiste \u00e0 des contr\u00f4les r\u00e9guliers<\/li>\n<li>Continue le d\u00e9pistage du cancer du sein de routine<\/li>\n<li>Effectue des auto-examens des seins<\/li>\n<li>Signale des saignements vaginaux inhabituels<\/li>\n<\/ul>\n<p>La th\u00e9rapie de remplacement hormonal doit \u00eatre r\u00e9\u00e9valu\u00e9e au moins une fois par an pour \u00e9valuer les avantages et les risques.<\/p>\n<h2>Quand demander de l&rsquo;aide m\u00e9dicale<\/h2>\n<p>Arr\u00eate d&rsquo;utiliser Evorel Sequi et cherche des soins m\u00e9dicaux urgents si tu ressens :<\/p>\n<ul>\n<li>Un gonflement douloureux dans une jambe<\/li>\n<li>Une douleur thoracique soudaine<\/li>\n<li>Des difficult\u00e9s \u00e0 respirer<\/li>\n<li>Un mal de t\u00eate s\u00e9v\u00e8re et soudain<\/li>\n<li>Des probl\u00e8mes de vision ou de parole<\/li>\n<li>Une faiblesse d&rsquo;un c\u00f4t\u00e9 de ton corps<\/li>\n<li>Un jaunissement de la peau ou des yeux<\/li>\n<li>Des signes de r\u00e9action allergique s\u00e9v\u00e8re<\/li>\n<\/ul>\n<p>Contacte rapidement ton m\u00e9decin si tu remarques :<\/p>\n<ul>\n<li>Un saignement abondant inattendu<\/li>\n<li>Une nouvelle masse au sein<\/li>\n<li>Une douleur abdominale persistante<\/li>\n<li>Des changements significatifs soudains dans ta sant\u00e9<\/li>\n<\/ul>\n<p>Si tu n&rsquo;es pas s\u00fbr que tes sympt\u00f4mes soient li\u00e9s \u00e0 la th\u00e9rapie de remplacement hormonal, tu peux facilement r\u00e9server une consultation vid\u00e9o s\u00e9curis\u00e9e avec l&rsquo;un de nos m\u00e9decins agr\u00e9\u00e9s via Transtoyou. Ils \u00e9valueront tes sympt\u00f4mes et te conseilleront sur les prochaines \u00e9tapes les plus s\u00fbres. Si tu ressens des sympt\u00f4mes graves ou soudains, cherche imm\u00e9diatement des soins m\u00e9dicaux urgents.<\/p>\n","protected":false},"excerpt":{"rendered":"<ul>\n<li>Evorel Sequi : Patchs HRT combin\u00e9s s\u00e9quentiels pour soulager les sympt\u00f4mes de la m\u00e9nopause tout en prot\u00e9geant ton ut\u00e9rus.<\/li>\n<li>Ingr\u00e9dient actif : Estradiol (\u0153strog\u00e8ne) et ac\u00e9tate de norethist\u00e9rone (progestatif)<\/li>\n<li>Utilis\u00e9 pour : Th\u00e9rapie de remplacement hormonal (TRH)<\/li>\n<\/ul>\n","protected":false},"featured_media":2147,"comment_status":"open","ping_status":"closed","template":"","meta":[],"product_brand":[],"product_cat":[145,139],"product_tag":[],"expert":[16],"class_list":{"0":"post-2145","1":"product","2":"type-product","3":"status-publish","4":"has-post-thumbnail","6":"product_cat-soulagement-de-la-menopause-et-du-spm","7":"product_cat-therapie-de-remplacement-hormonal-trh","8":"expert-dr-c-alexandru","10":"first","11":"instock","12":"shipping-taxable","13":"product-type-variable"},"yoast_head":"<!-- This site is optimized with the Yoast SEO plugin v27.0 - https:\/\/yoast.com\/product\/yoast-seo-wordpress\/ -->\n<title>Evorel Sequi | Patchs de THS pour la m\u00e9nopause - Transtoyou<\/title>\n<meta name=\"description\" content=\"Des patchs Evorel Sequi HRT disponibles sur Transtoyou, pour soulager les sympt\u00f4mes de la m\u00e9nopause avec un soutien en \u0153strog\u00e8nes et progest\u00e9rone.\" \/>\n<meta name=\"robots\" content=\"noindex, follow, max-snippet:-1, max-image-preview:large, max-video-preview:-1\" \/>\n<meta property=\"og:locale\" content=\"fr_FR\" \/>\n<meta property=\"og:type\" content=\"article\" \/>\n<meta property=\"og:title\" content=\"Evorel Sequi | Patchs de THS pour la m\u00e9nopause - Transtoyou\" \/>\n<meta property=\"og:description\" content=\"Des patchs Evorel Sequi HRT disponibles sur Transtoyou, pour soulager les sympt\u00f4mes de la m\u00e9nopause avec un soutien en \u0153strog\u00e8nes et progest\u00e9rone.\" \/>\n<meta property=\"og:url\" content=\"https:\/\/www.transtoyou.com\/fr\/product\/evorel-sequi\/\" \/>\n<meta property=\"og:site_name\" content=\"Transtoyou - FR\" \/>\n<meta property=\"article:modified_time\" content=\"2026-02-25T13:34:57+00:00\" \/>\n<meta name=\"twitter:card\" content=\"summary_large_image\" \/>\n<meta name=\"twitter:label1\" content=\"Dur\u00e9e de lecture estim\u00e9e\" \/>\n\t<meta name=\"twitter:data1\" content=\"7 minutes\" \/>\n<script type=\"application\/ld+json\" class=\"yoast-schema-graph\">{\"@context\":\"https:\/\/schema.org\",\"@graph\":[{\"@type\":\"WebPage\",\"@id\":\"https:\/\/www.transtoyou.com\/fr\/product\/evorel-sequi\/\",\"url\":\"https:\/\/www.transtoyou.com\/fr\/product\/evorel-sequi\/\",\"name\":\"Evorel Sequi | Patchs de THS pour la m\u00e9nopause - Transtoyou\",\"isPartOf\":{\"@id\":\"https:\/\/www.transtoyou.com\/fr\/#website\"},\"primaryImageOfPage\":{\"@id\":\"https:\/\/www.transtoyou.com\/fr\/product\/evorel-sequi\/#primaryimage\"},\"image\":{\"@id\":\"https:\/\/www.transtoyou.com\/fr\/product\/evorel-sequi\/#primaryimage\"},\"thumbnailUrl\":\"https:\/\/www.transtoyou.com\/fr\/wp-content\/uploads\/sites\/5\/2026\/02\/tty-no-product-image-17.webp\",\"datePublished\":\"2026-02-25T13:09:40+00:00\",\"dateModified\":\"2026-02-25T13:34:57+00:00\",\"description\":\"Des patchs Evorel Sequi HRT disponibles sur Transtoyou, pour soulager les sympt\u00f4mes de la m\u00e9nopause avec un soutien en \u0153strog\u00e8nes et progest\u00e9rone.\",\"breadcrumb\":{\"@id\":\"https:\/\/www.transtoyou.com\/fr\/product\/evorel-sequi\/#breadcrumb\"},\"inLanguage\":\"fr-FR\",\"potentialAction\":[{\"@type\":\"ReadAction\",\"target\":[\"https:\/\/www.transtoyou.com\/fr\/product\/evorel-sequi\/\"]}]},{\"@type\":\"ImageObject\",\"inLanguage\":\"fr-FR\",\"@id\":\"https:\/\/www.transtoyou.com\/fr\/product\/evorel-sequi\/#primaryimage\",\"url\":\"https:\/\/www.transtoyou.com\/fr\/wp-content\/uploads\/sites\/5\/2026\/02\/tty-no-product-image-17.webp\",\"contentUrl\":\"https:\/\/www.transtoyou.com\/fr\/wp-content\/uploads\/sites\/5\/2026\/02\/tty-no-product-image-17.webp\",\"width\":1000,\"height\":1000,\"caption\":\"Image de produit par d\u00e9faut\"},{\"@type\":\"WebSite\",\"@id\":\"https:\/\/www.transtoyou.com\/fr\/#website\",\"url\":\"https:\/\/www.transtoyou.com\/fr\/\",\"name\":\"Transtoyou - FR\",\"description\":\"\",\"publisher\":{\"@id\":\"https:\/\/www.transtoyou.com\/fr\/#organization\"},\"potentialAction\":[{\"@type\":\"SearchAction\",\"target\":{\"@type\":\"EntryPoint\",\"urlTemplate\":\"https:\/\/www.transtoyou.com\/fr\/?s={search_term_string}\"},\"query-input\":{\"@type\":\"PropertyValueSpecification\",\"valueRequired\":true,\"valueName\":\"search_term_string\"}}],\"inLanguage\":\"fr-FR\"},{\"@type\":\"Organization\",\"@id\":\"https:\/\/www.transtoyou.com\/fr\/#organization\",\"name\":\"Transtoyou - FR\",\"url\":\"https:\/\/www.transtoyou.com\/fr\/\",\"logo\":{\"@type\":\"ImageObject\",\"inLanguage\":\"fr-FR\",\"@id\":\"https:\/\/www.transtoyou.com\/fr\/#\/schema\/logo\/image\/\",\"url\":\"https:\/\/www.transtoyou.com\/fr\/wp-content\/uploads\/sites\/5\/2026\/01\/logo-tty-menu-bar-300x87-1.webp\",\"contentUrl\":\"https:\/\/www.transtoyou.com\/fr\/wp-content\/uploads\/sites\/5\/2026\/01\/logo-tty-menu-bar-300x87-1.webp\",\"width\":300,\"height\":87,\"caption\":\"Transtoyou - FR\"},\"image\":{\"@id\":\"https:\/\/www.transtoyou.com\/fr\/#\/schema\/logo\/image\/\"}}]}<\/script>\n<!-- \/ Yoast SEO plugin. -->","yoast_head_json":{"title":"Evorel Sequi | Patchs de THS pour la m\u00e9nopause - Transtoyou","description":"Des patchs Evorel Sequi HRT disponibles sur Transtoyou, pour soulager les sympt\u00f4mes de la m\u00e9nopause avec un soutien en \u0153strog\u00e8nes et progest\u00e9rone.","robots":{"index":"noindex","follow":"follow","max-snippet":"max-snippet:-1","max-image-preview":"max-image-preview:large","max-video-preview":"max-video-preview:-1"},"og_locale":"fr_FR","og_type":"article","og_title":"Evorel Sequi | Patchs de THS pour la m\u00e9nopause - Transtoyou","og_description":"Des patchs Evorel Sequi HRT disponibles sur Transtoyou, pour soulager les sympt\u00f4mes de la m\u00e9nopause avec un soutien en \u0153strog\u00e8nes et progest\u00e9rone.","og_url":"https:\/\/www.transtoyou.com\/fr\/product\/evorel-sequi\/","og_site_name":"Transtoyou - FR","article_modified_time":"2026-02-25T13:34:57+00:00","twitter_card":"summary_large_image","twitter_misc":{"Dur\u00e9e de lecture estim\u00e9e":"7 minutes"},"schema":{"@context":"https:\/\/schema.org","@graph":[{"@type":"WebPage","@id":"https:\/\/www.transtoyou.com\/fr\/product\/evorel-sequi\/","url":"https:\/\/www.transtoyou.com\/fr\/product\/evorel-sequi\/","name":"Evorel Sequi | Patchs de THS pour la m\u00e9nopause - Transtoyou","isPartOf":{"@id":"https:\/\/www.transtoyou.com\/fr\/#website"},"primaryImageOfPage":{"@id":"https:\/\/www.transtoyou.com\/fr\/product\/evorel-sequi\/#primaryimage"},"image":{"@id":"https:\/\/www.transtoyou.com\/fr\/product\/evorel-sequi\/#primaryimage"},"thumbnailUrl":"https:\/\/www.transtoyou.com\/fr\/wp-content\/uploads\/sites\/5\/2026\/02\/tty-no-product-image-17.webp","datePublished":"2026-02-25T13:09:40+00:00","dateModified":"2026-02-25T13:34:57+00:00","description":"Des patchs Evorel Sequi HRT disponibles sur Transtoyou, pour soulager les sympt\u00f4mes de la m\u00e9nopause avec un soutien en \u0153strog\u00e8nes et progest\u00e9rone.","breadcrumb":{"@id":"https:\/\/www.transtoyou.com\/fr\/product\/evorel-sequi\/#breadcrumb"},"inLanguage":"fr-FR","potentialAction":[{"@type":"ReadAction","target":["https:\/\/www.transtoyou.com\/fr\/product\/evorel-sequi\/"]}]},{"@type":"ImageObject","inLanguage":"fr-FR","@id":"https:\/\/www.transtoyou.com\/fr\/product\/evorel-sequi\/#primaryimage","url":"https:\/\/www.transtoyou.com\/fr\/wp-content\/uploads\/sites\/5\/2026\/02\/tty-no-product-image-17.webp","contentUrl":"https:\/\/www.transtoyou.com\/fr\/wp-content\/uploads\/sites\/5\/2026\/02\/tty-no-product-image-17.webp","width":1000,"height":1000,"caption":"Image de produit par d\u00e9faut"},{"@type":"WebSite","@id":"https:\/\/www.transtoyou.com\/fr\/#website","url":"https:\/\/www.transtoyou.com\/fr\/","name":"Transtoyou - FR","description":"","publisher":{"@id":"https:\/\/www.transtoyou.com\/fr\/#organization"},"potentialAction":[{"@type":"SearchAction","target":{"@type":"EntryPoint","urlTemplate":"https:\/\/www.transtoyou.com\/fr\/?s={search_term_string}"},"query-input":{"@type":"PropertyValueSpecification","valueRequired":true,"valueName":"search_term_string"}}],"inLanguage":"fr-FR"},{"@type":"Organization","@id":"https:\/\/www.transtoyou.com\/fr\/#organization","name":"Transtoyou - FR","url":"https:\/\/www.transtoyou.com\/fr\/","logo":{"@type":"ImageObject","inLanguage":"fr-FR","@id":"https:\/\/www.transtoyou.com\/fr\/#\/schema\/logo\/image\/","url":"https:\/\/www.transtoyou.com\/fr\/wp-content\/uploads\/sites\/5\/2026\/01\/logo-tty-menu-bar-300x87-1.webp","contentUrl":"https:\/\/www.transtoyou.com\/fr\/wp-content\/uploads\/sites\/5\/2026\/01\/logo-tty-menu-bar-300x87-1.webp","width":300,"height":87,"caption":"Transtoyou - FR"},"image":{"@id":"https:\/\/www.transtoyou.com\/fr\/#\/schema\/logo\/image\/"}}]}},"_links":{"self":[{"href":"https:\/\/www.transtoyou.com\/fr\/wp-json\/wp\/v2\/product\/2145","targetHints":{"allow":["GET"]}}],"collection":[{"href":"https:\/\/www.transtoyou.com\/fr\/wp-json\/wp\/v2\/product"}],"about":[{"href":"https:\/\/www.transtoyou.com\/fr\/wp-json\/wp\/v2\/types\/product"}],"replies":[{"embeddable":true,"href":"https:\/\/www.transtoyou.com\/fr\/wp-json\/wp\/v2\/comments?post=2145"}],"wp:featuredmedia":[{"embeddable":true,"href":"https:\/\/www.transtoyou.com\/fr\/wp-json\/wp\/v2\/media\/2147"}],"wp:attachment":[{"href":"https:\/\/www.transtoyou.com\/fr\/wp-json\/wp\/v2\/media?parent=2145"}],"wp:term":[{"taxonomy":"product_brand","embeddable":true,"href":"https:\/\/www.transtoyou.com\/fr\/wp-json\/wp\/v2\/product_brand?post=2145"},{"taxonomy":"product_cat","embeddable":true,"href":"https:\/\/www.transtoyou.com\/fr\/wp-json\/wp\/v2\/product_cat?post=2145"},{"taxonomy":"product_tag","embeddable":true,"href":"https:\/\/www.transtoyou.com\/fr\/wp-json\/wp\/v2\/product_tag?post=2145"},{"taxonomy":"expert","embeddable":true,"href":"https:\/\/www.transtoyou.com\/fr\/wp-json\/wp\/v2\/expert?post=2145"}],"curies":[{"name":"wp","href":"https:\/\/api.w.org\/{rel}","templated":true}]}}