{"id":2596,"date":"2026-03-07T17:08:15","date_gmt":"2026-03-07T15:08:15","guid":{"rendered":"https:\/\/www.transtoyou.com\/fr\/product\/ed-trial-pack\/"},"modified":"2026-03-07T17:31:22","modified_gmt":"2026-03-07T15:31:22","slug":"pack-d-essai","status":"publish","type":"product","link":"https:\/\/www.transtoyou.com\/fr\/product\/pack-d-essai\/","title":{"rendered":"Pack d&rsquo;essai ED"},"content":{"rendered":"<p>Le Pack d&rsquo;Essai ED est un pack combin\u00e9 de m\u00e9dicaments sur ordonnance utilis\u00e9s dans le traitement de la dysfonction \u00e9rectile, comprenant des options de marques et g\u00e9n\u00e9riques.<\/p>\n<p>Le Pack d&rsquo;Essai ED est con\u00e7u pour les hommes qui souhaitent explorer quel traitement de la dysfonction \u00e9rectile fonctionne le mieux pour eux. La dysfonction \u00e9rectile peut avoir diverses causes physiques ou psychologiques, et les r\u00e9ponses individuelles aux m\u00e9dicaments peuvent varier. Pour cette raison, un seul traitement n&rsquo;est pas toujours \u00e9galement efficace pour tout le monde. Ce pack d&rsquo;essai permet aux patients de se familiariser avec plusieurs m\u00e9dicaments couramment prescrits pour la dysfonction \u00e9rectile, tels que le sild\u00e9nafil (y compris la marque Viagra), le tadalafil (y compris la marque Cialis) et le vard\u00e9nafil, sous surveillance m\u00e9dicale.<\/p>\n<p>Tous les m\u00e9dicaments inclus appartiennent au groupe des inhibiteurs de la PDE5. Ils soutiennent la fonction \u00e9rectile en am\u00e9liorant le flux sanguin vers le p\u00e9nis lors de la stimulation sexuelle. Ces m\u00e9dicaments ne provoquent pas d&rsquo;\u00e9rection par eux-m\u00eames et ne fonctionnent que lorsque l&rsquo;excitation sexuelle est pr\u00e9sente. Bien qu&rsquo;ils partagent le m\u00eame m\u00e9canisme d&rsquo;action, le sild\u00e9nafil, le tadalafil et le vard\u00e9nafil diff\u00e8rent par le d\u00e9but de l&rsquo;effet, la dur\u00e9e d&rsquo;action et la tol\u00e9rance par diff\u00e9rents individus.<\/p>\n<p>Le Pack d&rsquo;Essai ED est destin\u00e9 \u00e0 une \u00e9valuation \u00e0 court terme et \u00e0 une comparaison de ces options de traitement. Apr\u00e8s avoir termin\u00e9 l&rsquo;essai, les patients et les m\u00e9decins peuvent utiliser l&rsquo;exp\u00e9rience pour d\u00e9terminer quel m\u00e9dicament pourrait \u00eatre le plus appropri\u00e9 pour une utilisation continue, si cela est appropri\u00e9.<\/p>\n","protected":false},"excerpt":{"rendered":"<ul>\n<li>Permet de comparer diff\u00e9rents traitements de la dysfonction \u00e9rectile<\/li>\n<li>Contient plusieurs m\u00e9dicaments inhibiteurs de la PDE5<\/li>\n<li>Disponible en diff\u00e9rents emballages<\/li>\n<\/ul>\n","protected":false},"featured_media":2600,"comment_status":"open","ping_status":"closed","template":"","meta":[],"product_brand":[],"product_cat":[115],"product_tag":[],"expert":[16],"class_list":{"0":"post-2596","1":"product","2":"type-product","3":"status-publish","4":"has-post-thumbnail","6":"product_cat-traitements-de-la-dysfonction-erectile","7":"expert-dr-c-alexandru","9":"first","10":"instock","11":"shipping-taxable","12":"product-type-variable"},"yoast_head":"<!-- This site is optimized with the Yoast SEO plugin v27.0 - https:\/\/yoast.com\/product\/yoast-seo-wordpress\/ -->\n<title>Pack d&#039;essai ED | D\u00e9couvrez les options pour vous - Transtoyou<\/title>\n<meta name=\"description\" content=\"Pack d&#039;essai ED chez Transtoyou, comparez les options de comprim\u00e9s ED et trouvez celle qui vous convient le mieux avec des conseils m\u00e9dicaux.\" \/>\n<meta name=\"robots\" content=\"noindex, follow, max-snippet:-1, max-image-preview:large, max-video-preview:-1\" \/>\n<meta property=\"og:locale\" content=\"fr_FR\" \/>\n<meta property=\"og:type\" content=\"article\" \/>\n<meta property=\"og:title\" content=\"Pack d&#039;essai ED | D\u00e9couvrez les options pour vous - Transtoyou\" \/>\n<meta property=\"og:description\" content=\"Pack d&#039;essai ED chez Transtoyou, comparez les options de comprim\u00e9s ED et trouvez celle qui vous convient le mieux avec des conseils m\u00e9dicaux.\" \/>\n<meta property=\"og:url\" content=\"https:\/\/www.transtoyou.com\/fr\/product\/ed-trial-pack\/\" \/>\n<meta property=\"og:site_name\" content=\"Transtoyou - FR\" \/>\n<meta property=\"article:modified_time\" content=\"2026-03-07T15:31:22+00:00\" \/>\n<meta name=\"twitter:card\" content=\"summary_large_image\" \/>\n<meta name=\"twitter:label1\" content=\"Dur\u00e9e de lecture estim\u00e9e\" \/>\n\t<meta name=\"twitter:data1\" content=\"1 minute\" \/>\n<script type=\"application\/ld+json\" class=\"yoast-schema-graph\">{\"@context\":\"https:\/\/schema.org\",\"@graph\":[{\"@type\":\"WebPage\",\"@id\":\"https:\/\/www.transtoyou.com\/fr\/product\/ed-trial-pack\/\",\"url\":\"https:\/\/www.transtoyou.com\/fr\/product\/ed-trial-pack\/\",\"name\":\"Pack d'essai ED | D\u00e9couvrez les options pour vous - Transtoyou\",\"isPartOf\":{\"@id\":\"https:\/\/www.transtoyou.com\/fr\/#website\"},\"primaryImageOfPage\":{\"@id\":\"https:\/\/www.transtoyou.com\/fr\/product\/ed-trial-pack\/#primaryimage\"},\"image\":{\"@id\":\"https:\/\/www.transtoyou.com\/fr\/product\/ed-trial-pack\/#primaryimage\"},\"thumbnailUrl\":\"https:\/\/www.transtoyou.com\/fr\/wp-content\/uploads\/sites\/5\/2026\/03\/tty-no-product-image-10.webp\",\"datePublished\":\"2026-03-07T15:08:15+00:00\",\"dateModified\":\"2026-03-07T15:31:22+00:00\",\"description\":\"Pack d'essai ED chez Transtoyou, comparez les options de comprim\u00e9s ED et trouvez celle qui vous convient le mieux avec des conseils m\u00e9dicaux.\",\"breadcrumb\":{\"@id\":\"https:\/\/www.transtoyou.com\/fr\/product\/ed-trial-pack\/#breadcrumb\"},\"inLanguage\":\"fr-FR\",\"potentialAction\":[{\"@type\":\"ReadAction\",\"target\":[\"https:\/\/www.transtoyou.com\/fr\/product\/ed-trial-pack\/\"]}]},{\"@type\":\"ImageObject\",\"inLanguage\":\"fr-FR\",\"@id\":\"https:\/\/www.transtoyou.com\/fr\/product\/ed-trial-pack\/#primaryimage\",\"url\":\"https:\/\/www.transtoyou.com\/fr\/wp-content\/uploads\/sites\/5\/2026\/03\/tty-no-product-image-10.webp\",\"contentUrl\":\"https:\/\/www.transtoyou.com\/fr\/wp-content\/uploads\/sites\/5\/2026\/03\/tty-no-product-image-10.webp\",\"width\":1000,\"height\":1000,\"caption\":\"Image produit par d\u00e9faut\"},{\"@type\":\"WebSite\",\"@id\":\"https:\/\/www.transtoyou.com\/fr\/#website\",\"url\":\"https:\/\/www.transtoyou.com\/fr\/\",\"name\":\"Transtoyou - FR\",\"description\":\"\",\"publisher\":{\"@id\":\"https:\/\/www.transtoyou.com\/fr\/#organization\"},\"potentialAction\":[{\"@type\":\"SearchAction\",\"target\":{\"@type\":\"EntryPoint\",\"urlTemplate\":\"https:\/\/www.transtoyou.com\/fr\/?s={search_term_string}\"},\"query-input\":{\"@type\":\"PropertyValueSpecification\",\"valueRequired\":true,\"valueName\":\"search_term_string\"}}],\"inLanguage\":\"fr-FR\"},{\"@type\":\"Organization\",\"@id\":\"https:\/\/www.transtoyou.com\/fr\/#organization\",\"name\":\"Transtoyou - FR\",\"url\":\"https:\/\/www.transtoyou.com\/fr\/\",\"logo\":{\"@type\":\"ImageObject\",\"inLanguage\":\"fr-FR\",\"@id\":\"https:\/\/www.transtoyou.com\/fr\/#\/schema\/logo\/image\/\",\"url\":\"https:\/\/www.transtoyou.com\/fr\/wp-content\/uploads\/sites\/5\/2026\/01\/logo-tty-menu-bar-300x87-1.webp\",\"contentUrl\":\"https:\/\/www.transtoyou.com\/fr\/wp-content\/uploads\/sites\/5\/2026\/01\/logo-tty-menu-bar-300x87-1.webp\",\"width\":300,\"height\":87,\"caption\":\"Transtoyou - FR\"},\"image\":{\"@id\":\"https:\/\/www.transtoyou.com\/fr\/#\/schema\/logo\/image\/\"}}]}<\/script>\n<!-- \/ Yoast SEO plugin. -->","yoast_head_json":{"title":"Pack d'essai ED | D\u00e9couvrez les options pour vous - Transtoyou","description":"Pack d'essai ED chez Transtoyou, comparez les options de comprim\u00e9s ED et trouvez celle qui vous convient le mieux avec des conseils m\u00e9dicaux.","robots":{"index":"noindex","follow":"follow","max-snippet":"max-snippet:-1","max-image-preview":"max-image-preview:large","max-video-preview":"max-video-preview:-1"},"og_locale":"fr_FR","og_type":"article","og_title":"Pack d'essai ED | D\u00e9couvrez les options pour vous - Transtoyou","og_description":"Pack d'essai ED chez Transtoyou, comparez les options de comprim\u00e9s ED et trouvez celle qui vous convient le mieux avec des conseils m\u00e9dicaux.","og_url":"https:\/\/www.transtoyou.com\/fr\/product\/ed-trial-pack\/","og_site_name":"Transtoyou - FR","article_modified_time":"2026-03-07T15:31:22+00:00","twitter_card":"summary_large_image","twitter_misc":{"Dur\u00e9e de lecture estim\u00e9e":"1 minute"},"schema":{"@context":"https:\/\/schema.org","@graph":[{"@type":"WebPage","@id":"https:\/\/www.transtoyou.com\/fr\/product\/ed-trial-pack\/","url":"https:\/\/www.transtoyou.com\/fr\/product\/ed-trial-pack\/","name":"Pack d'essai ED | D\u00e9couvrez les options pour vous - Transtoyou","isPartOf":{"@id":"https:\/\/www.transtoyou.com\/fr\/#website"},"primaryImageOfPage":{"@id":"https:\/\/www.transtoyou.com\/fr\/product\/ed-trial-pack\/#primaryimage"},"image":{"@id":"https:\/\/www.transtoyou.com\/fr\/product\/ed-trial-pack\/#primaryimage"},"thumbnailUrl":"https:\/\/www.transtoyou.com\/fr\/wp-content\/uploads\/sites\/5\/2026\/03\/tty-no-product-image-10.webp","datePublished":"2026-03-07T15:08:15+00:00","dateModified":"2026-03-07T15:31:22+00:00","description":"Pack d'essai ED chez Transtoyou, comparez les options de comprim\u00e9s ED et trouvez celle qui vous convient le mieux avec des conseils m\u00e9dicaux.","breadcrumb":{"@id":"https:\/\/www.transtoyou.com\/fr\/product\/ed-trial-pack\/#breadcrumb"},"inLanguage":"fr-FR","potentialAction":[{"@type":"ReadAction","target":["https:\/\/www.transtoyou.com\/fr\/product\/ed-trial-pack\/"]}]},{"@type":"ImageObject","inLanguage":"fr-FR","@id":"https:\/\/www.transtoyou.com\/fr\/product\/ed-trial-pack\/#primaryimage","url":"https:\/\/www.transtoyou.com\/fr\/wp-content\/uploads\/sites\/5\/2026\/03\/tty-no-product-image-10.webp","contentUrl":"https:\/\/www.transtoyou.com\/fr\/wp-content\/uploads\/sites\/5\/2026\/03\/tty-no-product-image-10.webp","width":1000,"height":1000,"caption":"Image produit par d\u00e9faut"},{"@type":"WebSite","@id":"https:\/\/www.transtoyou.com\/fr\/#website","url":"https:\/\/www.transtoyou.com\/fr\/","name":"Transtoyou - FR","description":"","publisher":{"@id":"https:\/\/www.transtoyou.com\/fr\/#organization"},"potentialAction":[{"@type":"SearchAction","target":{"@type":"EntryPoint","urlTemplate":"https:\/\/www.transtoyou.com\/fr\/?s={search_term_string}"},"query-input":{"@type":"PropertyValueSpecification","valueRequired":true,"valueName":"search_term_string"}}],"inLanguage":"fr-FR"},{"@type":"Organization","@id":"https:\/\/www.transtoyou.com\/fr\/#organization","name":"Transtoyou - FR","url":"https:\/\/www.transtoyou.com\/fr\/","logo":{"@type":"ImageObject","inLanguage":"fr-FR","@id":"https:\/\/www.transtoyou.com\/fr\/#\/schema\/logo\/image\/","url":"https:\/\/www.transtoyou.com\/fr\/wp-content\/uploads\/sites\/5\/2026\/01\/logo-tty-menu-bar-300x87-1.webp","contentUrl":"https:\/\/www.transtoyou.com\/fr\/wp-content\/uploads\/sites\/5\/2026\/01\/logo-tty-menu-bar-300x87-1.webp","width":300,"height":87,"caption":"Transtoyou - FR"},"image":{"@id":"https:\/\/www.transtoyou.com\/fr\/#\/schema\/logo\/image\/"}}]}},"_links":{"self":[{"href":"https:\/\/www.transtoyou.com\/fr\/wp-json\/wp\/v2\/product\/2596","targetHints":{"allow":["GET"]}}],"collection":[{"href":"https:\/\/www.transtoyou.com\/fr\/wp-json\/wp\/v2\/product"}],"about":[{"href":"https:\/\/www.transtoyou.com\/fr\/wp-json\/wp\/v2\/types\/product"}],"replies":[{"embeddable":true,"href":"https:\/\/www.transtoyou.com\/fr\/wp-json\/wp\/v2\/comments?post=2596"}],"wp:featuredmedia":[{"embeddable":true,"href":"https:\/\/www.transtoyou.com\/fr\/wp-json\/wp\/v2\/media\/2600"}],"wp:attachment":[{"href":"https:\/\/www.transtoyou.com\/fr\/wp-json\/wp\/v2\/media?parent=2596"}],"wp:term":[{"taxonomy":"product_brand","embeddable":true,"href":"https:\/\/www.transtoyou.com\/fr\/wp-json\/wp\/v2\/product_brand?post=2596"},{"taxonomy":"product_cat","embeddable":true,"href":"https:\/\/www.transtoyou.com\/fr\/wp-json\/wp\/v2\/product_cat?post=2596"},{"taxonomy":"product_tag","embeddable":true,"href":"https:\/\/www.transtoyou.com\/fr\/wp-json\/wp\/v2\/product_tag?post=2596"},{"taxonomy":"expert","embeddable":true,"href":"https:\/\/www.transtoyou.com\/fr\/wp-json\/wp\/v2\/expert?post=2596"}],"curies":[{"name":"wp","href":"https:\/\/api.w.org\/{rel}","templated":true}]}}