{"id":745,"date":"2026-01-22T15:02:12","date_gmt":"2026-01-22T13:02:12","guid":{"rendered":"https:\/\/www.transtoyou.com\/fr\/product\/ivermectin\/"},"modified":"2026-02-20T13:10:36","modified_gmt":"2026-02-20T11:10:36","slug":"ivermectine","status":"publish","type":"product","link":"https:\/\/www.transtoyou.com\/fr\/product\/ivermectine\/","title":{"rendered":"Ivermectine"},"content":{"rendered":"<p>L&rsquo;ivermectine est un m\u00e9dicament antiparasitaire oral utilis\u00e9 pour aider \u00e0 traiter une gamme d&rsquo;infections parasitaires, y compris la gale, certains vers intestinaux et d&rsquo;autres conditions parasitaires.<\/p>\n<p>Pour la gale, l&rsquo;ivermectine est souvent prescrite lorsque les traitements topiques comme la perm\u00e9thrine sont inefficaces ou impraticables. Cela inclut les infestations g\u00e9n\u00e9ralis\u00e9es, la gale cro\u00fbteuse ou les patients ayant des difficult\u00e9s \u00e0 appliquer des cr\u00e8mes. Elle agit en ciblant le syst\u00e8me nerveux des acariens, ce qui entra\u00eene g\u00e9n\u00e9ralement une paralysie et la mort des parasites et de leurs larves. Le traitement implique g\u00e9n\u00e9ralement une dose, suivie d&rsquo;une autre apr\u00e8s 1 \u00e0 2 semaines pour \u00e9liminer les parasites restants.<\/p>\n<p>Pour les infections parasitaires comme la strongylo\u00efdose ou l&rsquo;onchocercose, l&rsquo;ivermectine interf\u00e8re avec le syst\u00e8me nerveux du parasite, perturbant la neurotransmission et aidant \u00e0 \u00e9liminer l&rsquo;infection. Elle est souvent incluse dans les campagnes de sant\u00e9 publique dans les zones end\u00e9miques en raison de son efficacit\u00e9 et de son profil de s\u00e9curit\u00e9 larges.<\/p>\n<p>L&rsquo;ivermectine est g\u00e9n\u00e9ralement bien tol\u00e9r\u00e9e sous surveillance m\u00e9dicale. Des effets secondaires l\u00e9gers tels que des maux de t\u00eate, des vertiges, des naus\u00e9es ou des \u00e9ruptions cutan\u00e9es peuvent survenir. Chez les individus ayant une forte charge parasitaire, les sympt\u00f4mes peuvent temporairement s&rsquo;intensifier en raison de la r\u00e9ponse inflammatoire du corps aux parasites mourants.<\/p>\n","protected":false},"excerpt":{"rendered":"<ul>\n<li>Traitement antiparasitaire oral<\/li>\n<li>Efficient contre les acariens et les vers<\/li>\n<li>Utilis\u00e9 lorsque les agents topiques \u00e9chouent<\/li>\n<\/ul>\n","protected":false},"featured_media":747,"comment_status":"open","ping_status":"closed","template":"","meta":[],"product_brand":[],"product_cat":[155,160,161,180],"product_tag":[],"expert":[19],"class_list":{"0":"post-745","1":"product","2":"type-product","3":"status-publish","4":"has-post-thumbnail","6":"product_cat-parasites","7":"product_cat-rosacee","8":"product_cat-scabie","9":"product_cat-vers-de-terre","10":"expert-dr-j-vazquez","12":"first","13":"instock","14":"shipping-taxable","15":"product-type-variable"},"yoast_head":"<!-- This site is optimized with the Yoast SEO plugin v27.0 - https:\/\/yoast.com\/product\/yoast-seo-wordpress\/ -->\n<title>Ivermectine | Efficace contre la Gale &amp; les Parasites - Transtoyou<\/title>\n<meta name=\"description\" content=\"D\u00e9couvrez comment l&#039;Ivermectine traite la gale, les vers et les infections parasitaires. Recevez votre m\u00e9dicament sur ordonnance rapidement et discr\u00e8tement.\" \/>\n<meta name=\"robots\" content=\"noindex, follow, max-snippet:-1, max-image-preview:large, max-video-preview:-1\" \/>\n<meta property=\"og:locale\" content=\"fr_FR\" \/>\n<meta property=\"og:type\" content=\"article\" \/>\n<meta property=\"og:title\" content=\"Ivermectine | Efficace contre la Gale &amp; les Parasites - Transtoyou\" \/>\n<meta property=\"og:description\" content=\"D\u00e9couvrez comment l&#039;Ivermectine traite la gale, les vers et les infections parasitaires. Recevez votre m\u00e9dicament sur ordonnance rapidement et discr\u00e8tement.\" \/>\n<meta property=\"og:url\" content=\"https:\/\/www.transtoyou.com\/fr\/product\/ivermectin\/\" \/>\n<meta property=\"og:site_name\" content=\"Transtoyou - FR\" \/>\n<meta property=\"article:modified_time\" content=\"2026-02-20T11:10:36+00:00\" \/>\n<meta name=\"twitter:card\" content=\"summary_large_image\" \/>\n<meta name=\"twitter:label1\" content=\"Dur\u00e9e de lecture estim\u00e9e\" \/>\n\t<meta name=\"twitter:data1\" content=\"1 minute\" \/>\n<script type=\"application\/ld+json\" class=\"yoast-schema-graph\">{\"@context\":\"https:\/\/schema.org\",\"@graph\":[{\"@type\":\"WebPage\",\"@id\":\"https:\/\/www.transtoyou.com\/fr\/product\/ivermectin\/\",\"url\":\"https:\/\/www.transtoyou.com\/fr\/product\/ivermectin\/\",\"name\":\"Ivermectine | Efficace contre la Gale & les Parasites - Transtoyou\",\"isPartOf\":{\"@id\":\"https:\/\/www.transtoyou.com\/fr\/#website\"},\"primaryImageOfPage\":{\"@id\":\"https:\/\/www.transtoyou.com\/fr\/product\/ivermectin\/#primaryimage\"},\"image\":{\"@id\":\"https:\/\/www.transtoyou.com\/fr\/product\/ivermectin\/#primaryimage\"},\"thumbnailUrl\":\"https:\/\/www.transtoyou.com\/fr\/wp-content\/uploads\/sites\/5\/2026\/01\/tty-no-product-image-3.webp\",\"datePublished\":\"2026-01-22T13:02:12+00:00\",\"dateModified\":\"2026-02-20T11:10:36+00:00\",\"description\":\"D\u00e9couvrez comment l'Ivermectine traite la gale, les vers et les infections parasitaires. Recevez votre m\u00e9dicament sur ordonnance rapidement et discr\u00e8tement.\",\"breadcrumb\":{\"@id\":\"https:\/\/www.transtoyou.com\/fr\/product\/ivermectin\/#breadcrumb\"},\"inLanguage\":\"fr-FR\",\"potentialAction\":[{\"@type\":\"ReadAction\",\"target\":[\"https:\/\/www.transtoyou.com\/fr\/product\/ivermectin\/\"]}]},{\"@type\":\"ImageObject\",\"inLanguage\":\"fr-FR\",\"@id\":\"https:\/\/www.transtoyou.com\/fr\/product\/ivermectin\/#primaryimage\",\"url\":\"https:\/\/www.transtoyou.com\/fr\/wp-content\/uploads\/sites\/5\/2026\/01\/tty-no-product-image-3.webp\",\"contentUrl\":\"https:\/\/www.transtoyou.com\/fr\/wp-content\/uploads\/sites\/5\/2026\/01\/tty-no-product-image-3.webp\",\"width\":1000,\"height\":1000,\"caption\":\"Image produit par d\u00e9faut\"},{\"@type\":\"WebSite\",\"@id\":\"https:\/\/www.transtoyou.com\/fr\/#website\",\"url\":\"https:\/\/www.transtoyou.com\/fr\/\",\"name\":\"Transtoyou - FR\",\"description\":\"\",\"publisher\":{\"@id\":\"https:\/\/www.transtoyou.com\/fr\/#organization\"},\"potentialAction\":[{\"@type\":\"SearchAction\",\"target\":{\"@type\":\"EntryPoint\",\"urlTemplate\":\"https:\/\/www.transtoyou.com\/fr\/?s={search_term_string}\"},\"query-input\":{\"@type\":\"PropertyValueSpecification\",\"valueRequired\":true,\"valueName\":\"search_term_string\"}}],\"inLanguage\":\"fr-FR\"},{\"@type\":\"Organization\",\"@id\":\"https:\/\/www.transtoyou.com\/fr\/#organization\",\"name\":\"Transtoyou - FR\",\"url\":\"https:\/\/www.transtoyou.com\/fr\/\",\"logo\":{\"@type\":\"ImageObject\",\"inLanguage\":\"fr-FR\",\"@id\":\"https:\/\/www.transtoyou.com\/fr\/#\/schema\/logo\/image\/\",\"url\":\"https:\/\/www.transtoyou.com\/fr\/wp-content\/uploads\/sites\/5\/2026\/01\/logo-tty-menu-bar-300x87-1.webp\",\"contentUrl\":\"https:\/\/www.transtoyou.com\/fr\/wp-content\/uploads\/sites\/5\/2026\/01\/logo-tty-menu-bar-300x87-1.webp\",\"width\":300,\"height\":87,\"caption\":\"Transtoyou - FR\"},\"image\":{\"@id\":\"https:\/\/www.transtoyou.com\/fr\/#\/schema\/logo\/image\/\"}}]}<\/script>\n<!-- \/ Yoast SEO plugin. -->","yoast_head_json":{"title":"Ivermectine | Efficace contre la Gale & les Parasites - Transtoyou","description":"D\u00e9couvrez comment l'Ivermectine traite la gale, les vers et les infections parasitaires. Recevez votre m\u00e9dicament sur ordonnance rapidement et discr\u00e8tement.","robots":{"index":"noindex","follow":"follow","max-snippet":"max-snippet:-1","max-image-preview":"max-image-preview:large","max-video-preview":"max-video-preview:-1"},"og_locale":"fr_FR","og_type":"article","og_title":"Ivermectine | Efficace contre la Gale & les Parasites - Transtoyou","og_description":"D\u00e9couvrez comment l'Ivermectine traite la gale, les vers et les infections parasitaires. Recevez votre m\u00e9dicament sur ordonnance rapidement et discr\u00e8tement.","og_url":"https:\/\/www.transtoyou.com\/fr\/product\/ivermectin\/","og_site_name":"Transtoyou - FR","article_modified_time":"2026-02-20T11:10:36+00:00","twitter_card":"summary_large_image","twitter_misc":{"Dur\u00e9e de lecture estim\u00e9e":"1 minute"},"schema":{"@context":"https:\/\/schema.org","@graph":[{"@type":"WebPage","@id":"https:\/\/www.transtoyou.com\/fr\/product\/ivermectin\/","url":"https:\/\/www.transtoyou.com\/fr\/product\/ivermectin\/","name":"Ivermectine | Efficace contre la Gale & les Parasites - Transtoyou","isPartOf":{"@id":"https:\/\/www.transtoyou.com\/fr\/#website"},"primaryImageOfPage":{"@id":"https:\/\/www.transtoyou.com\/fr\/product\/ivermectin\/#primaryimage"},"image":{"@id":"https:\/\/www.transtoyou.com\/fr\/product\/ivermectin\/#primaryimage"},"thumbnailUrl":"https:\/\/www.transtoyou.com\/fr\/wp-content\/uploads\/sites\/5\/2026\/01\/tty-no-product-image-3.webp","datePublished":"2026-01-22T13:02:12+00:00","dateModified":"2026-02-20T11:10:36+00:00","description":"D\u00e9couvrez comment l'Ivermectine traite la gale, les vers et les infections parasitaires. Recevez votre m\u00e9dicament sur ordonnance rapidement et discr\u00e8tement.","breadcrumb":{"@id":"https:\/\/www.transtoyou.com\/fr\/product\/ivermectin\/#breadcrumb"},"inLanguage":"fr-FR","potentialAction":[{"@type":"ReadAction","target":["https:\/\/www.transtoyou.com\/fr\/product\/ivermectin\/"]}]},{"@type":"ImageObject","inLanguage":"fr-FR","@id":"https:\/\/www.transtoyou.com\/fr\/product\/ivermectin\/#primaryimage","url":"https:\/\/www.transtoyou.com\/fr\/wp-content\/uploads\/sites\/5\/2026\/01\/tty-no-product-image-3.webp","contentUrl":"https:\/\/www.transtoyou.com\/fr\/wp-content\/uploads\/sites\/5\/2026\/01\/tty-no-product-image-3.webp","width":1000,"height":1000,"caption":"Image produit par d\u00e9faut"},{"@type":"WebSite","@id":"https:\/\/www.transtoyou.com\/fr\/#website","url":"https:\/\/www.transtoyou.com\/fr\/","name":"Transtoyou - FR","description":"","publisher":{"@id":"https:\/\/www.transtoyou.com\/fr\/#organization"},"potentialAction":[{"@type":"SearchAction","target":{"@type":"EntryPoint","urlTemplate":"https:\/\/www.transtoyou.com\/fr\/?s={search_term_string}"},"query-input":{"@type":"PropertyValueSpecification","valueRequired":true,"valueName":"search_term_string"}}],"inLanguage":"fr-FR"},{"@type":"Organization","@id":"https:\/\/www.transtoyou.com\/fr\/#organization","name":"Transtoyou - FR","url":"https:\/\/www.transtoyou.com\/fr\/","logo":{"@type":"ImageObject","inLanguage":"fr-FR","@id":"https:\/\/www.transtoyou.com\/fr\/#\/schema\/logo\/image\/","url":"https:\/\/www.transtoyou.com\/fr\/wp-content\/uploads\/sites\/5\/2026\/01\/logo-tty-menu-bar-300x87-1.webp","contentUrl":"https:\/\/www.transtoyou.com\/fr\/wp-content\/uploads\/sites\/5\/2026\/01\/logo-tty-menu-bar-300x87-1.webp","width":300,"height":87,"caption":"Transtoyou - FR"},"image":{"@id":"https:\/\/www.transtoyou.com\/fr\/#\/schema\/logo\/image\/"}}]}},"_links":{"self":[{"href":"https:\/\/www.transtoyou.com\/fr\/wp-json\/wp\/v2\/product\/745","targetHints":{"allow":["GET"]}}],"collection":[{"href":"https:\/\/www.transtoyou.com\/fr\/wp-json\/wp\/v2\/product"}],"about":[{"href":"https:\/\/www.transtoyou.com\/fr\/wp-json\/wp\/v2\/types\/product"}],"replies":[{"embeddable":true,"href":"https:\/\/www.transtoyou.com\/fr\/wp-json\/wp\/v2\/comments?post=745"}],"wp:featuredmedia":[{"embeddable":true,"href":"https:\/\/www.transtoyou.com\/fr\/wp-json\/wp\/v2\/media\/747"}],"wp:attachment":[{"href":"https:\/\/www.transtoyou.com\/fr\/wp-json\/wp\/v2\/media?parent=745"}],"wp:term":[{"taxonomy":"product_brand","embeddable":true,"href":"https:\/\/www.transtoyou.com\/fr\/wp-json\/wp\/v2\/product_brand?post=745"},{"taxonomy":"product_cat","embeddable":true,"href":"https:\/\/www.transtoyou.com\/fr\/wp-json\/wp\/v2\/product_cat?post=745"},{"taxonomy":"product_tag","embeddable":true,"href":"https:\/\/www.transtoyou.com\/fr\/wp-json\/wp\/v2\/product_tag?post=745"},{"taxonomy":"expert","embeddable":true,"href":"https:\/\/www.transtoyou.com\/fr\/wp-json\/wp\/v2\/expert?post=745"}],"curies":[{"name":"wp","href":"https:\/\/api.w.org\/{rel}","templated":true}]}}