{"id":750,"date":"2026-01-22T15:33:28","date_gmt":"2026-01-22T13:33:28","guid":{"rendered":"https:\/\/www.transtoyou.com\/fr\/product\/vermox\/"},"modified":"2026-03-07T16:05:01","modified_gmt":"2026-03-07T14:05:01","slug":"vermox","status":"publish","type":"product","link":"https:\/\/www.transtoyou.com\/fr\/product\/vermox\/","title":{"rendered":"Vermox"},"content":{"rendered":"<p>Vermox est un traitement largement utilis\u00e9 pour les infections par des vers intestinaux, particuli\u00e8rement efficace contre les oxyures, les vers ronds, les trichures et les ankylostomes. Il contient l&rsquo;ingr\u00e9dient actif m\u00e9bendazole, qui interf\u00e8re avec la capacit\u00e9 des vers \u00e0 absorber le glucose, leur principale source d&rsquo;\u00e9nergie. En cons\u00e9quence, les parasites perdent de l&rsquo;\u00e9nergie, meurent et sont naturellement expuls\u00e9s du corps par le syst\u00e8me digestif.<\/p>\n<p>Les infections par des vers peuvent provoquer des sympt\u00f4mes tels que des d\u00e9mangeaisons anales, de l&rsquo;agitation, des crampes abdominales et des carences nutritionnelles. Vermox offre un moyen simple et efficace de soulager ces sympt\u00f4mes et d&rsquo;\u00e9liminer l&rsquo;infection. Il est g\u00e9n\u00e9ralement administr\u00e9 comme un traitement en dose unique, et dans certains cas, une seconde dose est recommand\u00e9e deux semaines plus tard pour pr\u00e9venir la r\u00e9infection.<\/p>\n<p>Ce m\u00e9dicament est g\u00e9n\u00e9ralement bien tol\u00e9r\u00e9, les effets secondaires \u00e9tant rares et g\u00e9n\u00e9ralement l\u00e9gers. Lorsqu&rsquo;ils se produisent, ils peuvent inclure un inconfort gastro-intestinal temporaire. Vermox reste dans le tractus digestif et est peu absorb\u00e9 dans la circulation sanguine, ce qui r\u00e9duit le risque d&rsquo;effets secondaires syst\u00e9miques.<\/p>\n<p>Pour pr\u00e9venir la propagation des vers, des mesures d&rsquo;hygi\u00e8ne telles que le lavage r\u00e9gulier des mains, des ongles courts et le lavage fr\u00e9quent de la literie et des v\u00eatements sont recommand\u00e9es. Traiter tous les membres du foyer en m\u00eame temps peut aider \u00e0 emp\u00eacher la r\u00e9infection.<\/p>\n","protected":false},"excerpt":{"rendered":"<ul>\n<li>Efficace contre plusieurs types de vers<\/li>\n<li>Traitement en une ou deux doses<\/li>\n<li>Options adapt\u00e9es \u00e0 toute la famille<\/li>\n<\/ul>\n","protected":false},"featured_media":752,"comment_status":"open","ping_status":"closed","template":"","meta":[],"product_brand":[],"product_cat":[180],"product_tag":[],"expert":[],"class_list":{"0":"post-750","1":"product","2":"type-product","3":"status-publish","4":"has-post-thumbnail","6":"product_cat-vers-de-terre","8":"first","9":"instock","10":"shipping-taxable","11":"product-type-variable"},"yoast_head":"<!-- This site is optimized with the Yoast SEO plugin v27.0 - https:\/\/yoast.com\/product\/yoast-seo-wordpress\/ -->\n<title>Vermox | Traitement Efficace des Parasites - Transtoyou<\/title>\n<meta name=\"description\" content=\"Vermox disponible sur Transtoyou, une plateforme de sant\u00e9 de confiance. Achetez maintenant pour un traitement efficace des infections parasitaires. Acc\u00e8s pratique et fiable.\" \/>\n<meta name=\"robots\" content=\"noindex, follow, max-snippet:-1, max-image-preview:large, max-video-preview:-1\" \/>\n<meta property=\"og:locale\" content=\"fr_FR\" \/>\n<meta property=\"og:type\" content=\"article\" \/>\n<meta property=\"og:title\" content=\"Vermox | Traitement Efficace des Parasites - Transtoyou\" \/>\n<meta property=\"og:description\" content=\"Vermox disponible sur Transtoyou, une plateforme de sant\u00e9 de confiance. Achetez maintenant pour un traitement efficace des infections parasitaires. Acc\u00e8s pratique et fiable.\" \/>\n<meta property=\"og:url\" content=\"https:\/\/www.transtoyou.com\/fr\/product\/vermox\/\" \/>\n<meta property=\"og:site_name\" content=\"Transtoyou - FR\" \/>\n<meta property=\"article:modified_time\" content=\"2026-03-07T14:05:01+00:00\" \/>\n<meta name=\"twitter:card\" content=\"summary_large_image\" \/>\n<meta name=\"twitter:label1\" content=\"Dur\u00e9e de lecture estim\u00e9e\" \/>\n\t<meta name=\"twitter:data1\" content=\"1 minute\" \/>\n<script type=\"application\/ld+json\" class=\"yoast-schema-graph\">{\"@context\":\"https:\/\/schema.org\",\"@graph\":[{\"@type\":\"WebPage\",\"@id\":\"https:\/\/www.transtoyou.com\/fr\/product\/vermox\/\",\"url\":\"https:\/\/www.transtoyou.com\/fr\/product\/vermox\/\",\"name\":\"Vermox | Traitement Efficace des Parasites - Transtoyou\",\"isPartOf\":{\"@id\":\"https:\/\/www.transtoyou.com\/fr\/#website\"},\"primaryImageOfPage\":{\"@id\":\"https:\/\/www.transtoyou.com\/fr\/product\/vermox\/#primaryimage\"},\"image\":{\"@id\":\"https:\/\/www.transtoyou.com\/fr\/product\/vermox\/#primaryimage\"},\"thumbnailUrl\":\"https:\/\/www.transtoyou.com\/fr\/wp-content\/uploads\/sites\/5\/2026\/01\/tty-no-product-image-5.webp\",\"datePublished\":\"2026-01-22T13:33:28+00:00\",\"dateModified\":\"2026-03-07T14:05:01+00:00\",\"description\":\"Vermox disponible sur Transtoyou, une plateforme de sant\u00e9 de confiance. Achetez maintenant pour un traitement efficace des infections parasitaires. Acc\u00e8s pratique et fiable.\",\"breadcrumb\":{\"@id\":\"https:\/\/www.transtoyou.com\/fr\/product\/vermox\/#breadcrumb\"},\"inLanguage\":\"fr-FR\",\"potentialAction\":[{\"@type\":\"ReadAction\",\"target\":[\"https:\/\/www.transtoyou.com\/fr\/product\/vermox\/\"]}]},{\"@type\":\"ImageObject\",\"inLanguage\":\"fr-FR\",\"@id\":\"https:\/\/www.transtoyou.com\/fr\/product\/vermox\/#primaryimage\",\"url\":\"https:\/\/www.transtoyou.com\/fr\/wp-content\/uploads\/sites\/5\/2026\/01\/tty-no-product-image-5.webp\",\"contentUrl\":\"https:\/\/www.transtoyou.com\/fr\/wp-content\/uploads\/sites\/5\/2026\/01\/tty-no-product-image-5.webp\",\"width\":1000,\"height\":1000,\"caption\":\"Image produit par d\u00e9faut\"},{\"@type\":\"WebSite\",\"@id\":\"https:\/\/www.transtoyou.com\/fr\/#website\",\"url\":\"https:\/\/www.transtoyou.com\/fr\/\",\"name\":\"Transtoyou - FR\",\"description\":\"\",\"publisher\":{\"@id\":\"https:\/\/www.transtoyou.com\/fr\/#organization\"},\"potentialAction\":[{\"@type\":\"SearchAction\",\"target\":{\"@type\":\"EntryPoint\",\"urlTemplate\":\"https:\/\/www.transtoyou.com\/fr\/?s={search_term_string}\"},\"query-input\":{\"@type\":\"PropertyValueSpecification\",\"valueRequired\":true,\"valueName\":\"search_term_string\"}}],\"inLanguage\":\"fr-FR\"},{\"@type\":\"Organization\",\"@id\":\"https:\/\/www.transtoyou.com\/fr\/#organization\",\"name\":\"Transtoyou - FR\",\"url\":\"https:\/\/www.transtoyou.com\/fr\/\",\"logo\":{\"@type\":\"ImageObject\",\"inLanguage\":\"fr-FR\",\"@id\":\"https:\/\/www.transtoyou.com\/fr\/#\/schema\/logo\/image\/\",\"url\":\"https:\/\/www.transtoyou.com\/fr\/wp-content\/uploads\/sites\/5\/2026\/01\/logo-tty-menu-bar-300x87-1.webp\",\"contentUrl\":\"https:\/\/www.transtoyou.com\/fr\/wp-content\/uploads\/sites\/5\/2026\/01\/logo-tty-menu-bar-300x87-1.webp\",\"width\":300,\"height\":87,\"caption\":\"Transtoyou - FR\"},\"image\":{\"@id\":\"https:\/\/www.transtoyou.com\/fr\/#\/schema\/logo\/image\/\"}}]}<\/script>\n<!-- \/ Yoast SEO plugin. -->","yoast_head_json":{"title":"Vermox | Traitement Efficace des Parasites - Transtoyou","description":"Vermox disponible sur Transtoyou, une plateforme de sant\u00e9 de confiance. Achetez maintenant pour un traitement efficace des infections parasitaires. Acc\u00e8s pratique et fiable.","robots":{"index":"noindex","follow":"follow","max-snippet":"max-snippet:-1","max-image-preview":"max-image-preview:large","max-video-preview":"max-video-preview:-1"},"og_locale":"fr_FR","og_type":"article","og_title":"Vermox | Traitement Efficace des Parasites - Transtoyou","og_description":"Vermox disponible sur Transtoyou, une plateforme de sant\u00e9 de confiance. Achetez maintenant pour un traitement efficace des infections parasitaires. Acc\u00e8s pratique et fiable.","og_url":"https:\/\/www.transtoyou.com\/fr\/product\/vermox\/","og_site_name":"Transtoyou - FR","article_modified_time":"2026-03-07T14:05:01+00:00","twitter_card":"summary_large_image","twitter_misc":{"Dur\u00e9e de lecture estim\u00e9e":"1 minute"},"schema":{"@context":"https:\/\/schema.org","@graph":[{"@type":"WebPage","@id":"https:\/\/www.transtoyou.com\/fr\/product\/vermox\/","url":"https:\/\/www.transtoyou.com\/fr\/product\/vermox\/","name":"Vermox | Traitement Efficace des Parasites - Transtoyou","isPartOf":{"@id":"https:\/\/www.transtoyou.com\/fr\/#website"},"primaryImageOfPage":{"@id":"https:\/\/www.transtoyou.com\/fr\/product\/vermox\/#primaryimage"},"image":{"@id":"https:\/\/www.transtoyou.com\/fr\/product\/vermox\/#primaryimage"},"thumbnailUrl":"https:\/\/www.transtoyou.com\/fr\/wp-content\/uploads\/sites\/5\/2026\/01\/tty-no-product-image-5.webp","datePublished":"2026-01-22T13:33:28+00:00","dateModified":"2026-03-07T14:05:01+00:00","description":"Vermox disponible sur Transtoyou, une plateforme de sant\u00e9 de confiance. Achetez maintenant pour un traitement efficace des infections parasitaires. Acc\u00e8s pratique et fiable.","breadcrumb":{"@id":"https:\/\/www.transtoyou.com\/fr\/product\/vermox\/#breadcrumb"},"inLanguage":"fr-FR","potentialAction":[{"@type":"ReadAction","target":["https:\/\/www.transtoyou.com\/fr\/product\/vermox\/"]}]},{"@type":"ImageObject","inLanguage":"fr-FR","@id":"https:\/\/www.transtoyou.com\/fr\/product\/vermox\/#primaryimage","url":"https:\/\/www.transtoyou.com\/fr\/wp-content\/uploads\/sites\/5\/2026\/01\/tty-no-product-image-5.webp","contentUrl":"https:\/\/www.transtoyou.com\/fr\/wp-content\/uploads\/sites\/5\/2026\/01\/tty-no-product-image-5.webp","width":1000,"height":1000,"caption":"Image produit par d\u00e9faut"},{"@type":"WebSite","@id":"https:\/\/www.transtoyou.com\/fr\/#website","url":"https:\/\/www.transtoyou.com\/fr\/","name":"Transtoyou - FR","description":"","publisher":{"@id":"https:\/\/www.transtoyou.com\/fr\/#organization"},"potentialAction":[{"@type":"SearchAction","target":{"@type":"EntryPoint","urlTemplate":"https:\/\/www.transtoyou.com\/fr\/?s={search_term_string}"},"query-input":{"@type":"PropertyValueSpecification","valueRequired":true,"valueName":"search_term_string"}}],"inLanguage":"fr-FR"},{"@type":"Organization","@id":"https:\/\/www.transtoyou.com\/fr\/#organization","name":"Transtoyou - FR","url":"https:\/\/www.transtoyou.com\/fr\/","logo":{"@type":"ImageObject","inLanguage":"fr-FR","@id":"https:\/\/www.transtoyou.com\/fr\/#\/schema\/logo\/image\/","url":"https:\/\/www.transtoyou.com\/fr\/wp-content\/uploads\/sites\/5\/2026\/01\/logo-tty-menu-bar-300x87-1.webp","contentUrl":"https:\/\/www.transtoyou.com\/fr\/wp-content\/uploads\/sites\/5\/2026\/01\/logo-tty-menu-bar-300x87-1.webp","width":300,"height":87,"caption":"Transtoyou - FR"},"image":{"@id":"https:\/\/www.transtoyou.com\/fr\/#\/schema\/logo\/image\/"}}]}},"_links":{"self":[{"href":"https:\/\/www.transtoyou.com\/fr\/wp-json\/wp\/v2\/product\/750","targetHints":{"allow":["GET"]}}],"collection":[{"href":"https:\/\/www.transtoyou.com\/fr\/wp-json\/wp\/v2\/product"}],"about":[{"href":"https:\/\/www.transtoyou.com\/fr\/wp-json\/wp\/v2\/types\/product"}],"replies":[{"embeddable":true,"href":"https:\/\/www.transtoyou.com\/fr\/wp-json\/wp\/v2\/comments?post=750"}],"wp:featuredmedia":[{"embeddable":true,"href":"https:\/\/www.transtoyou.com\/fr\/wp-json\/wp\/v2\/media\/752"}],"wp:attachment":[{"href":"https:\/\/www.transtoyou.com\/fr\/wp-json\/wp\/v2\/media?parent=750"}],"wp:term":[{"taxonomy":"product_brand","embeddable":true,"href":"https:\/\/www.transtoyou.com\/fr\/wp-json\/wp\/v2\/product_brand?post=750"},{"taxonomy":"product_cat","embeddable":true,"href":"https:\/\/www.transtoyou.com\/fr\/wp-json\/wp\/v2\/product_cat?post=750"},{"taxonomy":"product_tag","embeddable":true,"href":"https:\/\/www.transtoyou.com\/fr\/wp-json\/wp\/v2\/product_tag?post=750"},{"taxonomy":"expert","embeddable":true,"href":"https:\/\/www.transtoyou.com\/fr\/wp-json\/wp\/v2\/expert?post=750"}],"curies":[{"name":"wp","href":"https:\/\/api.w.org\/{rel}","templated":true}]}}