{"id":753,"date":"2026-01-22T15:49:04","date_gmt":"2026-01-22T13:49:04","guid":{"rendered":"https:\/\/www.transtoyou.com\/fr\/product\/molevac\/"},"modified":"2026-02-28T12:26:00","modified_gmt":"2026-02-28T10:26:00","slug":"molevac","status":"publish","type":"product","link":"https:\/\/www.transtoyou.com\/fr\/product\/molevac\/","title":{"rendered":"Molevac"},"content":{"rendered":"<p>Molevac est un m\u00e9dicament utilis\u00e9 pour traiter les infections caus\u00e9es par des vers intestinaux, en particulier les oxyures. Les infections par les oxyures sont courantes, surtout chez les enfants, et peuvent provoquer des sympt\u00f4mes tels que des d\u00e9mangeaisons (agitation) autour de l&rsquo;anus, de l&rsquo;agitation et un l\u00e9ger inconfort abdominal. Molevac contient le principe actif pyrvinium embonate, qui agit en paralysant les vers afin qu&rsquo;ils puissent \u00eatre expuls\u00e9s naturellement par les selles.<\/p>\n<p>Ce traitement est g\u00e9n\u00e9ralement administr\u00e9 sous forme d&rsquo;une seule dose orale, avec une dose de rappel recommand\u00e9e apr\u00e8s deux semaines pour pr\u00e9venir la r\u00e9infection. Comme les oxyures se propagent facilement par contact et surfaces contamin\u00e9es, il est recommand\u00e9 de traiter tous les membres du foyer simultan\u00e9ment pour \u00e9viter la r\u00e9infection.<\/p>\n<p>Molevac est bien tol\u00e9r\u00e9, avec tr\u00e8s peu d&rsquo;effets secondaires. Certaines personnes peuvent ressentir de l\u00e9gers sympt\u00f4mes gastro-intestinaux tels que des naus\u00e9es ou des crampes, mais ceux-ci sont g\u00e9n\u00e9ralement de courte dur\u00e9e. Une bonne hygi\u00e8ne est essentielle pendant et apr\u00e8s le traitement pour \u00e9viter toute transmission suppl\u00e9mentaire des vers. Cela inclut un lavage r\u00e9gulier des mains, le nettoyage de la literie et des v\u00eatements, et la coupe des ongles.<\/p>\n","protected":false},"excerpt":{"rendered":"<ul>\n<li>Traitement en dose unique<\/li>\n<li>Cible les oxyures<\/li>\n<li>Convient \u00e0 de nombreuses personnes<\/li>\n<\/ul>\n","protected":false},"featured_media":754,"comment_status":"open","ping_status":"closed","template":"","meta":[],"product_brand":[],"product_cat":[180],"product_tag":[],"expert":[21],"class_list":{"0":"post-753","1":"product","2":"type-product","3":"status-publish","4":"has-post-thumbnail","6":"product_cat-vers-de-terre","7":"expert-dr-m-sharoyko","9":"first","10":"outofstock","11":"shipping-taxable","12":"product-type-simple"},"yoast_head":"<!-- This site is optimized with the Yoast SEO plugin v27.0 - https:\/\/yoast.com\/product\/yoast-seo-wordpress\/ -->\n<title>Molevac | Solution Efficace Contre les Parasites - Transtoyou<\/title>\n<meta name=\"description\" content=\"D\u00e9couvrez Molevac pour \u00e9liminer efficacement les parasites sur Transtoyou. Soutenez votre sant\u00e9 intestinale avec notre formule \u00e9prouv\u00e9e. Commandez maintenant !\" \/>\n<meta name=\"robots\" content=\"noindex, follow, max-snippet:-1, max-image-preview:large, max-video-preview:-1\" \/>\n<meta property=\"og:locale\" content=\"fr_FR\" \/>\n<meta property=\"og:type\" content=\"article\" \/>\n<meta property=\"og:title\" content=\"Molevac | Solution Efficace Contre les Parasites - Transtoyou\" \/>\n<meta property=\"og:description\" content=\"D\u00e9couvrez Molevac pour \u00e9liminer efficacement les parasites sur Transtoyou. Soutenez votre sant\u00e9 intestinale avec notre formule \u00e9prouv\u00e9e. Commandez maintenant !\" \/>\n<meta property=\"og:url\" content=\"https:\/\/www.transtoyou.com\/fr\/product\/molevac\/\" \/>\n<meta property=\"og:site_name\" content=\"Transtoyou - FR\" \/>\n<meta property=\"article:modified_time\" content=\"2026-02-28T10:26:00+00:00\" \/>\n<meta name=\"twitter:card\" content=\"summary_large_image\" \/>\n<meta name=\"twitter:label1\" content=\"Dur\u00e9e de lecture estim\u00e9e\" \/>\n\t<meta name=\"twitter:data1\" content=\"1 minute\" \/>\n<script type=\"application\/ld+json\" class=\"yoast-schema-graph\">{\"@context\":\"https:\/\/schema.org\",\"@graph\":[{\"@type\":\"WebPage\",\"@id\":\"https:\/\/www.transtoyou.com\/fr\/product\/molevac\/\",\"url\":\"https:\/\/www.transtoyou.com\/fr\/product\/molevac\/\",\"name\":\"Molevac | Solution Efficace Contre les Parasites - Transtoyou\",\"isPartOf\":{\"@id\":\"https:\/\/www.transtoyou.com\/fr\/#website\"},\"primaryImageOfPage\":{\"@id\":\"https:\/\/www.transtoyou.com\/fr\/product\/molevac\/#primaryimage\"},\"image\":{\"@id\":\"https:\/\/www.transtoyou.com\/fr\/product\/molevac\/#primaryimage\"},\"thumbnailUrl\":\"https:\/\/www.transtoyou.com\/fr\/wp-content\/uploads\/sites\/5\/2026\/01\/tty-no-product-image-6.webp\",\"datePublished\":\"2026-01-22T13:49:04+00:00\",\"dateModified\":\"2026-02-28T10:26:00+00:00\",\"description\":\"D\u00e9couvrez Molevac pour \u00e9liminer efficacement les parasites sur Transtoyou. Soutenez votre sant\u00e9 intestinale avec notre formule \u00e9prouv\u00e9e. Commandez maintenant !\",\"breadcrumb\":{\"@id\":\"https:\/\/www.transtoyou.com\/fr\/product\/molevac\/#breadcrumb\"},\"inLanguage\":\"fr-FR\",\"potentialAction\":[{\"@type\":\"ReadAction\",\"target\":[\"https:\/\/www.transtoyou.com\/fr\/product\/molevac\/\"]}]},{\"@type\":\"ImageObject\",\"inLanguage\":\"fr-FR\",\"@id\":\"https:\/\/www.transtoyou.com\/fr\/product\/molevac\/#primaryimage\",\"url\":\"https:\/\/www.transtoyou.com\/fr\/wp-content\/uploads\/sites\/5\/2026\/01\/tty-no-product-image-6.webp\",\"contentUrl\":\"https:\/\/www.transtoyou.com\/fr\/wp-content\/uploads\/sites\/5\/2026\/01\/tty-no-product-image-6.webp\",\"width\":1000,\"height\":1000,\"caption\":\"Image de produit par d\u00e9faut\"},{\"@type\":\"WebSite\",\"@id\":\"https:\/\/www.transtoyou.com\/fr\/#website\",\"url\":\"https:\/\/www.transtoyou.com\/fr\/\",\"name\":\"Transtoyou - FR\",\"description\":\"\",\"publisher\":{\"@id\":\"https:\/\/www.transtoyou.com\/fr\/#organization\"},\"potentialAction\":[{\"@type\":\"SearchAction\",\"target\":{\"@type\":\"EntryPoint\",\"urlTemplate\":\"https:\/\/www.transtoyou.com\/fr\/?s={search_term_string}\"},\"query-input\":{\"@type\":\"PropertyValueSpecification\",\"valueRequired\":true,\"valueName\":\"search_term_string\"}}],\"inLanguage\":\"fr-FR\"},{\"@type\":\"Organization\",\"@id\":\"https:\/\/www.transtoyou.com\/fr\/#organization\",\"name\":\"Transtoyou - FR\",\"url\":\"https:\/\/www.transtoyou.com\/fr\/\",\"logo\":{\"@type\":\"ImageObject\",\"inLanguage\":\"fr-FR\",\"@id\":\"https:\/\/www.transtoyou.com\/fr\/#\/schema\/logo\/image\/\",\"url\":\"https:\/\/www.transtoyou.com\/fr\/wp-content\/uploads\/sites\/5\/2026\/01\/logo-tty-menu-bar-300x87-1.webp\",\"contentUrl\":\"https:\/\/www.transtoyou.com\/fr\/wp-content\/uploads\/sites\/5\/2026\/01\/logo-tty-menu-bar-300x87-1.webp\",\"width\":300,\"height\":87,\"caption\":\"Transtoyou - FR\"},\"image\":{\"@id\":\"https:\/\/www.transtoyou.com\/fr\/#\/schema\/logo\/image\/\"}}]}<\/script>\n<!-- \/ Yoast SEO plugin. -->","yoast_head_json":{"title":"Molevac | Solution Efficace Contre les Parasites - Transtoyou","description":"D\u00e9couvrez Molevac pour \u00e9liminer efficacement les parasites sur Transtoyou. Soutenez votre sant\u00e9 intestinale avec notre formule \u00e9prouv\u00e9e. Commandez maintenant !","robots":{"index":"noindex","follow":"follow","max-snippet":"max-snippet:-1","max-image-preview":"max-image-preview:large","max-video-preview":"max-video-preview:-1"},"og_locale":"fr_FR","og_type":"article","og_title":"Molevac | Solution Efficace Contre les Parasites - Transtoyou","og_description":"D\u00e9couvrez Molevac pour \u00e9liminer efficacement les parasites sur Transtoyou. Soutenez votre sant\u00e9 intestinale avec notre formule \u00e9prouv\u00e9e. Commandez maintenant !","og_url":"https:\/\/www.transtoyou.com\/fr\/product\/molevac\/","og_site_name":"Transtoyou - FR","article_modified_time":"2026-02-28T10:26:00+00:00","twitter_card":"summary_large_image","twitter_misc":{"Dur\u00e9e de lecture estim\u00e9e":"1 minute"},"schema":{"@context":"https:\/\/schema.org","@graph":[{"@type":"WebPage","@id":"https:\/\/www.transtoyou.com\/fr\/product\/molevac\/","url":"https:\/\/www.transtoyou.com\/fr\/product\/molevac\/","name":"Molevac | Solution Efficace Contre les Parasites - Transtoyou","isPartOf":{"@id":"https:\/\/www.transtoyou.com\/fr\/#website"},"primaryImageOfPage":{"@id":"https:\/\/www.transtoyou.com\/fr\/product\/molevac\/#primaryimage"},"image":{"@id":"https:\/\/www.transtoyou.com\/fr\/product\/molevac\/#primaryimage"},"thumbnailUrl":"https:\/\/www.transtoyou.com\/fr\/wp-content\/uploads\/sites\/5\/2026\/01\/tty-no-product-image-6.webp","datePublished":"2026-01-22T13:49:04+00:00","dateModified":"2026-02-28T10:26:00+00:00","description":"D\u00e9couvrez Molevac pour \u00e9liminer efficacement les parasites sur Transtoyou. Soutenez votre sant\u00e9 intestinale avec notre formule \u00e9prouv\u00e9e. Commandez maintenant !","breadcrumb":{"@id":"https:\/\/www.transtoyou.com\/fr\/product\/molevac\/#breadcrumb"},"inLanguage":"fr-FR","potentialAction":[{"@type":"ReadAction","target":["https:\/\/www.transtoyou.com\/fr\/product\/molevac\/"]}]},{"@type":"ImageObject","inLanguage":"fr-FR","@id":"https:\/\/www.transtoyou.com\/fr\/product\/molevac\/#primaryimage","url":"https:\/\/www.transtoyou.com\/fr\/wp-content\/uploads\/sites\/5\/2026\/01\/tty-no-product-image-6.webp","contentUrl":"https:\/\/www.transtoyou.com\/fr\/wp-content\/uploads\/sites\/5\/2026\/01\/tty-no-product-image-6.webp","width":1000,"height":1000,"caption":"Image de produit par d\u00e9faut"},{"@type":"WebSite","@id":"https:\/\/www.transtoyou.com\/fr\/#website","url":"https:\/\/www.transtoyou.com\/fr\/","name":"Transtoyou - FR","description":"","publisher":{"@id":"https:\/\/www.transtoyou.com\/fr\/#organization"},"potentialAction":[{"@type":"SearchAction","target":{"@type":"EntryPoint","urlTemplate":"https:\/\/www.transtoyou.com\/fr\/?s={search_term_string}"},"query-input":{"@type":"PropertyValueSpecification","valueRequired":true,"valueName":"search_term_string"}}],"inLanguage":"fr-FR"},{"@type":"Organization","@id":"https:\/\/www.transtoyou.com\/fr\/#organization","name":"Transtoyou - FR","url":"https:\/\/www.transtoyou.com\/fr\/","logo":{"@type":"ImageObject","inLanguage":"fr-FR","@id":"https:\/\/www.transtoyou.com\/fr\/#\/schema\/logo\/image\/","url":"https:\/\/www.transtoyou.com\/fr\/wp-content\/uploads\/sites\/5\/2026\/01\/logo-tty-menu-bar-300x87-1.webp","contentUrl":"https:\/\/www.transtoyou.com\/fr\/wp-content\/uploads\/sites\/5\/2026\/01\/logo-tty-menu-bar-300x87-1.webp","width":300,"height":87,"caption":"Transtoyou - FR"},"image":{"@id":"https:\/\/www.transtoyou.com\/fr\/#\/schema\/logo\/image\/"}}]}},"_links":{"self":[{"href":"https:\/\/www.transtoyou.com\/fr\/wp-json\/wp\/v2\/product\/753","targetHints":{"allow":["GET"]}}],"collection":[{"href":"https:\/\/www.transtoyou.com\/fr\/wp-json\/wp\/v2\/product"}],"about":[{"href":"https:\/\/www.transtoyou.com\/fr\/wp-json\/wp\/v2\/types\/product"}],"replies":[{"embeddable":true,"href":"https:\/\/www.transtoyou.com\/fr\/wp-json\/wp\/v2\/comments?post=753"}],"wp:featuredmedia":[{"embeddable":true,"href":"https:\/\/www.transtoyou.com\/fr\/wp-json\/wp\/v2\/media\/754"}],"wp:attachment":[{"href":"https:\/\/www.transtoyou.com\/fr\/wp-json\/wp\/v2\/media?parent=753"}],"wp:term":[{"taxonomy":"product_brand","embeddable":true,"href":"https:\/\/www.transtoyou.com\/fr\/wp-json\/wp\/v2\/product_brand?post=753"},{"taxonomy":"product_cat","embeddable":true,"href":"https:\/\/www.transtoyou.com\/fr\/wp-json\/wp\/v2\/product_cat?post=753"},{"taxonomy":"product_tag","embeddable":true,"href":"https:\/\/www.transtoyou.com\/fr\/wp-json\/wp\/v2\/product_tag?post=753"},{"taxonomy":"expert","embeddable":true,"href":"https:\/\/www.transtoyou.com\/fr\/wp-json\/wp\/v2\/expert?post=753"}],"curies":[{"name":"wp","href":"https:\/\/api.w.org\/{rel}","templated":true}]}}