{"id":758,"date":"2026-01-22T16:22:40","date_gmt":"2026-01-22T14:22:40","guid":{"rendered":"https:\/\/www.transtoyou.com\/fr\/product\/wegovy\/"},"modified":"2026-03-08T12:39:19","modified_gmt":"2026-03-08T10:39:19","slug":"wegovy","status":"publish","type":"product","link":"https:\/\/www.transtoyou.com\/fr\/product\/wegovy\/","title":{"rendered":"Wegovy"},"content":{"rendered":"<p>Wegovy est un m\u00e9dicament sur ordonnance con\u00e7u pour soutenir la gestion du poids \u00e0 long terme chez les adultes en surpoids ou ob\u00e8ses. Il contient du s\u00e9maglutide, un compos\u00e9 qui imite une hormone naturellement pr\u00e9sente dans le corps connue sous le nom de GLP-1, qui joue un r\u00f4le cl\u00e9 dans la r\u00e9gulation de l&rsquo;app\u00e9tit et de la consommation alimentaire. En ciblant des r\u00e9cepteurs sp\u00e9cifiques dans le cerveau, Wegovy aide \u00e0 r\u00e9duire la faim, \u00e0 augmenter la sensation de sati\u00e9t\u00e9 et \u00e0 limiter la consommation calorique globale.<\/p>\n<p>Wegovy est administr\u00e9 par injection sous la peau une fois par semaine \u00e0 l&rsquo;aide d&rsquo;un stylo pr\u00e9rempli. Il est destin\u00e9 \u00e0 \u00eatre utilis\u00e9 en combinaison avec un r\u00e9gime hypocalorique et une augmentation de l&rsquo;activit\u00e9 physique. Les personnes utilisant Wegovy constatent g\u00e9n\u00e9ralement une perte de poids progressive et soutenue au fil du temps. Cela soutient non seulement une meilleure sant\u00e9 physique, mais r\u00e9duit \u00e9galement le risque de maladies li\u00e9es au poids telles que le diab\u00e8te de type 2, l&rsquo;hypertension art\u00e9rielle et les maladies cardiovasculaires.<\/p>\n<p>Le m\u00e9dicament est commenc\u00e9 \u00e0 une faible dose et augment\u00e9e progressivement sur plusieurs semaines jusqu&rsquo;\u00e0 la dose d&rsquo;entretien compl\u00e8te. Cette approche aide le corps \u00e0 s&rsquo;adapter et r\u00e9duit le risque d&rsquo;effets secondaires, tels que des naus\u00e9es, des vomissements ou des inconforts gastro-intestinaux. Wegovy ne fonctionne pas comme un stimulant et n&rsquo;affecte pas directement le m\u00e9tabolisme, mais favorise plut\u00f4t un comportement alimentaire plus sain en r\u00e9gulant les signaux de l&rsquo;app\u00e9tit.<\/p>\n","protected":false},"excerpt":{"rendered":"<ul>\n<li>Injection hebdomadaire<\/li>\n<li>R\u00e9duit l&rsquo;app\u00e9tit<\/li>\n<li>Soutien au poids \u00e0 long terme<\/li>\n<\/ul>\n","protected":false},"featured_media":760,"comment_status":"open","ping_status":"closed","template":"","meta":[],"product_brand":[],"product_cat":[177],"product_tag":[],"expert":[16],"class_list":{"0":"post-758","1":"product","2":"type-product","3":"status-publish","4":"has-post-thumbnail","6":"product_cat-perte-de-poids","7":"expert-dr-c-alexandru","9":"first","10":"instock","11":"shipping-taxable","12":"product-type-variable"},"yoast_head":"<!-- This site is optimized with the Yoast SEO plugin v27.0 - https:\/\/yoast.com\/product\/yoast-seo-wordpress\/ -->\n<title>Wegovy | Solution Efficace pour la Gestion du Poids - Transtoyou<\/title>\n<meta name=\"description\" content=\"D\u00e9couvrez Wegovy pour une gestion efficace du poids sur Transtoyou. Achetez des solutions cliniquement approuv\u00e9es pour votre sant\u00e9.\" \/>\n<meta name=\"robots\" content=\"noindex, follow, max-snippet:-1, max-image-preview:large, max-video-preview:-1\" \/>\n<meta property=\"og:locale\" content=\"fr_FR\" \/>\n<meta property=\"og:type\" content=\"article\" \/>\n<meta property=\"og:title\" content=\"Wegovy | Solution Efficace pour la Gestion du Poids - Transtoyou\" \/>\n<meta property=\"og:description\" content=\"D\u00e9couvrez Wegovy pour une gestion efficace du poids sur Transtoyou. Achetez des solutions cliniquement approuv\u00e9es pour votre sant\u00e9.\" \/>\n<meta property=\"og:url\" content=\"https:\/\/www.transtoyou.com\/fr\/product\/wegovy\/\" \/>\n<meta property=\"og:site_name\" content=\"Transtoyou - FR\" \/>\n<meta property=\"article:modified_time\" content=\"2026-03-08T10:39:19+00:00\" \/>\n<meta name=\"twitter:card\" content=\"summary_large_image\" \/>\n<meta name=\"twitter:label1\" content=\"Dur\u00e9e de lecture estim\u00e9e\" \/>\n\t<meta name=\"twitter:data1\" content=\"1 minute\" \/>\n<script type=\"application\/ld+json\" class=\"yoast-schema-graph\">{\"@context\":\"https:\/\/schema.org\",\"@graph\":[{\"@type\":\"WebPage\",\"@id\":\"https:\/\/www.transtoyou.com\/fr\/product\/wegovy\/\",\"url\":\"https:\/\/www.transtoyou.com\/fr\/product\/wegovy\/\",\"name\":\"Wegovy | Solution Efficace pour la Gestion du Poids - Transtoyou\",\"isPartOf\":{\"@id\":\"https:\/\/www.transtoyou.com\/fr\/#website\"},\"primaryImageOfPage\":{\"@id\":\"https:\/\/www.transtoyou.com\/fr\/product\/wegovy\/#primaryimage\"},\"image\":{\"@id\":\"https:\/\/www.transtoyou.com\/fr\/product\/wegovy\/#primaryimage\"},\"thumbnailUrl\":\"https:\/\/www.transtoyou.com\/fr\/wp-content\/uploads\/sites\/5\/2026\/01\/wegovy-transtoyou-overview.png\",\"datePublished\":\"2026-01-22T14:22:40+00:00\",\"dateModified\":\"2026-03-08T10:39:19+00:00\",\"description\":\"D\u00e9couvrez Wegovy pour une gestion efficace du poids sur Transtoyou. Achetez des solutions cliniquement approuv\u00e9es pour votre sant\u00e9.\",\"breadcrumb\":{\"@id\":\"https:\/\/www.transtoyou.com\/fr\/product\/wegovy\/#breadcrumb\"},\"inLanguage\":\"fr-FR\",\"potentialAction\":[{\"@type\":\"ReadAction\",\"target\":[\"https:\/\/www.transtoyou.com\/fr\/product\/wegovy\/\"]}]},{\"@type\":\"ImageObject\",\"inLanguage\":\"fr-FR\",\"@id\":\"https:\/\/www.transtoyou.com\/fr\/product\/wegovy\/#primaryimage\",\"url\":\"https:\/\/www.transtoyou.com\/fr\/wp-content\/uploads\/sites\/5\/2026\/01\/wegovy-transtoyou-overview.png\",\"contentUrl\":\"https:\/\/www.transtoyou.com\/fr\/wp-content\/uploads\/sites\/5\/2026\/01\/wegovy-transtoyou-overview.png\",\"width\":1080,\"height\":1080,\"caption\":\"Stylo injecteur Wegovy - Transtoyou\"},{\"@type\":\"WebSite\",\"@id\":\"https:\/\/www.transtoyou.com\/fr\/#website\",\"url\":\"https:\/\/www.transtoyou.com\/fr\/\",\"name\":\"Transtoyou - FR\",\"description\":\"\",\"publisher\":{\"@id\":\"https:\/\/www.transtoyou.com\/fr\/#organization\"},\"potentialAction\":[{\"@type\":\"SearchAction\",\"target\":{\"@type\":\"EntryPoint\",\"urlTemplate\":\"https:\/\/www.transtoyou.com\/fr\/?s={search_term_string}\"},\"query-input\":{\"@type\":\"PropertyValueSpecification\",\"valueRequired\":true,\"valueName\":\"search_term_string\"}}],\"inLanguage\":\"fr-FR\"},{\"@type\":\"Organization\",\"@id\":\"https:\/\/www.transtoyou.com\/fr\/#organization\",\"name\":\"Transtoyou - FR\",\"url\":\"https:\/\/www.transtoyou.com\/fr\/\",\"logo\":{\"@type\":\"ImageObject\",\"inLanguage\":\"fr-FR\",\"@id\":\"https:\/\/www.transtoyou.com\/fr\/#\/schema\/logo\/image\/\",\"url\":\"https:\/\/www.transtoyou.com\/fr\/wp-content\/uploads\/sites\/5\/2026\/01\/logo-tty-menu-bar-300x87-1.webp\",\"contentUrl\":\"https:\/\/www.transtoyou.com\/fr\/wp-content\/uploads\/sites\/5\/2026\/01\/logo-tty-menu-bar-300x87-1.webp\",\"width\":300,\"height\":87,\"caption\":\"Transtoyou - FR\"},\"image\":{\"@id\":\"https:\/\/www.transtoyou.com\/fr\/#\/schema\/logo\/image\/\"}}]}<\/script>\n<!-- \/ Yoast SEO plugin. -->","yoast_head_json":{"title":"Wegovy | Solution Efficace pour la Gestion du Poids - Transtoyou","description":"D\u00e9couvrez Wegovy pour une gestion efficace du poids sur Transtoyou. Achetez des solutions cliniquement approuv\u00e9es pour votre sant\u00e9.","robots":{"index":"noindex","follow":"follow","max-snippet":"max-snippet:-1","max-image-preview":"max-image-preview:large","max-video-preview":"max-video-preview:-1"},"og_locale":"fr_FR","og_type":"article","og_title":"Wegovy | Solution Efficace pour la Gestion du Poids - Transtoyou","og_description":"D\u00e9couvrez Wegovy pour une gestion efficace du poids sur Transtoyou. Achetez des solutions cliniquement approuv\u00e9es pour votre sant\u00e9.","og_url":"https:\/\/www.transtoyou.com\/fr\/product\/wegovy\/","og_site_name":"Transtoyou - FR","article_modified_time":"2026-03-08T10:39:19+00:00","twitter_card":"summary_large_image","twitter_misc":{"Dur\u00e9e de lecture estim\u00e9e":"1 minute"},"schema":{"@context":"https:\/\/schema.org","@graph":[{"@type":"WebPage","@id":"https:\/\/www.transtoyou.com\/fr\/product\/wegovy\/","url":"https:\/\/www.transtoyou.com\/fr\/product\/wegovy\/","name":"Wegovy | Solution Efficace pour la Gestion du Poids - Transtoyou","isPartOf":{"@id":"https:\/\/www.transtoyou.com\/fr\/#website"},"primaryImageOfPage":{"@id":"https:\/\/www.transtoyou.com\/fr\/product\/wegovy\/#primaryimage"},"image":{"@id":"https:\/\/www.transtoyou.com\/fr\/product\/wegovy\/#primaryimage"},"thumbnailUrl":"https:\/\/www.transtoyou.com\/fr\/wp-content\/uploads\/sites\/5\/2026\/01\/wegovy-transtoyou-overview.png","datePublished":"2026-01-22T14:22:40+00:00","dateModified":"2026-03-08T10:39:19+00:00","description":"D\u00e9couvrez Wegovy pour une gestion efficace du poids sur Transtoyou. Achetez des solutions cliniquement approuv\u00e9es pour votre sant\u00e9.","breadcrumb":{"@id":"https:\/\/www.transtoyou.com\/fr\/product\/wegovy\/#breadcrumb"},"inLanguage":"fr-FR","potentialAction":[{"@type":"ReadAction","target":["https:\/\/www.transtoyou.com\/fr\/product\/wegovy\/"]}]},{"@type":"ImageObject","inLanguage":"fr-FR","@id":"https:\/\/www.transtoyou.com\/fr\/product\/wegovy\/#primaryimage","url":"https:\/\/www.transtoyou.com\/fr\/wp-content\/uploads\/sites\/5\/2026\/01\/wegovy-transtoyou-overview.png","contentUrl":"https:\/\/www.transtoyou.com\/fr\/wp-content\/uploads\/sites\/5\/2026\/01\/wegovy-transtoyou-overview.png","width":1080,"height":1080,"caption":"Stylo injecteur Wegovy - Transtoyou"},{"@type":"WebSite","@id":"https:\/\/www.transtoyou.com\/fr\/#website","url":"https:\/\/www.transtoyou.com\/fr\/","name":"Transtoyou - FR","description":"","publisher":{"@id":"https:\/\/www.transtoyou.com\/fr\/#organization"},"potentialAction":[{"@type":"SearchAction","target":{"@type":"EntryPoint","urlTemplate":"https:\/\/www.transtoyou.com\/fr\/?s={search_term_string}"},"query-input":{"@type":"PropertyValueSpecification","valueRequired":true,"valueName":"search_term_string"}}],"inLanguage":"fr-FR"},{"@type":"Organization","@id":"https:\/\/www.transtoyou.com\/fr\/#organization","name":"Transtoyou - FR","url":"https:\/\/www.transtoyou.com\/fr\/","logo":{"@type":"ImageObject","inLanguage":"fr-FR","@id":"https:\/\/www.transtoyou.com\/fr\/#\/schema\/logo\/image\/","url":"https:\/\/www.transtoyou.com\/fr\/wp-content\/uploads\/sites\/5\/2026\/01\/logo-tty-menu-bar-300x87-1.webp","contentUrl":"https:\/\/www.transtoyou.com\/fr\/wp-content\/uploads\/sites\/5\/2026\/01\/logo-tty-menu-bar-300x87-1.webp","width":300,"height":87,"caption":"Transtoyou - FR"},"image":{"@id":"https:\/\/www.transtoyou.com\/fr\/#\/schema\/logo\/image\/"}}]}},"_links":{"self":[{"href":"https:\/\/www.transtoyou.com\/fr\/wp-json\/wp\/v2\/product\/758","targetHints":{"allow":["GET"]}}],"collection":[{"href":"https:\/\/www.transtoyou.com\/fr\/wp-json\/wp\/v2\/product"}],"about":[{"href":"https:\/\/www.transtoyou.com\/fr\/wp-json\/wp\/v2\/types\/product"}],"replies":[{"embeddable":true,"href":"https:\/\/www.transtoyou.com\/fr\/wp-json\/wp\/v2\/comments?post=758"}],"wp:featuredmedia":[{"embeddable":true,"href":"https:\/\/www.transtoyou.com\/fr\/wp-json\/wp\/v2\/media\/760"}],"wp:attachment":[{"href":"https:\/\/www.transtoyou.com\/fr\/wp-json\/wp\/v2\/media?parent=758"}],"wp:term":[{"taxonomy":"product_brand","embeddable":true,"href":"https:\/\/www.transtoyou.com\/fr\/wp-json\/wp\/v2\/product_brand?post=758"},{"taxonomy":"product_cat","embeddable":true,"href":"https:\/\/www.transtoyou.com\/fr\/wp-json\/wp\/v2\/product_cat?post=758"},{"taxonomy":"product_tag","embeddable":true,"href":"https:\/\/www.transtoyou.com\/fr\/wp-json\/wp\/v2\/product_tag?post=758"},{"taxonomy":"expert","embeddable":true,"href":"https:\/\/www.transtoyou.com\/fr\/wp-json\/wp\/v2\/expert?post=758"}],"curies":[{"name":"wp","href":"https:\/\/api.w.org\/{rel}","templated":true}]}}