{"id":761,"date":"2026-01-22T16:40:06","date_gmt":"2026-01-22T14:40:06","guid":{"rendered":"https:\/\/www.transtoyou.com\/fr\/product\/saxenda\/"},"modified":"2026-03-05T11:34:56","modified_gmt":"2026-03-05T09:34:56","slug":"saxenda","status":"publish","type":"product","link":"https:\/\/www.transtoyou.com\/fr\/product\/saxenda\/","title":{"rendered":"Saxenda"},"content":{"rendered":"<p>Saxenda est un m\u00e9dicament injectable sur ordonnance d\u00e9velopp\u00e9 pour aider \u00e0 la perte de poids chez les adultes en surpoids ou ob\u00e8ses. Il contient du liraglutide, un compos\u00e9 qui imite une hormone naturelle dans le corps connue sous le nom de GLP-1. Cette hormone joue un r\u00f4le dans la r\u00e9gulation de l&rsquo;app\u00e9tit, du sucre dans le sang et de la digestion. Saxenda agit en interagissant avec des r\u00e9cepteurs dans le cerveau pour t&rsquo;aider \u00e0 te sentir rassasi\u00e9 plus rapidement et \u00e0 r\u00e9duire la faim entre les repas.<\/p>\n<p>Contrairement \u00e0 de nombreuses pilules de perte de poids traditionnelles, Saxenda est administr\u00e9 par une injection quotidienne sous la peau \u00e0 l&rsquo;aide d&rsquo;un stylo pr\u00e9rempli. Il est le plus efficace lorsqu&rsquo;il est utilis\u00e9 en compl\u00e9ment d&rsquo;un r\u00e9gime hypocalorique et d&rsquo;une activit\u00e9 physique accrue. Les personnes utilisant Saxenda \u00e9prouvent souvent une perte de poids progressive et r\u00e9guli\u00e8re au fil du temps, ce qui peut conduire \u00e0 des am\u00e9liorations dans d&rsquo;autres conditions de sant\u00e9 telles que le diab\u00e8te de type 2, l&rsquo;hypertension art\u00e9rielle ou le cholest\u00e9rol \u00e9lev\u00e9.<\/p>\n<p>Saxenda est g\u00e9n\u00e9ralement commenc\u00e9 \u00e0 une faible dose pour permettre au corps de s&rsquo;adapter, avec des augmentations progressives sur plusieurs semaines. Cette approche par \u00e9tapes aide \u00e0 minimiser les effets secondaires courants comme les naus\u00e9es ou l&rsquo;inconfort abdominal. Bien que le m\u00e9dicament influence l&rsquo;app\u00e9tit et la sati\u00e9t\u00e9, il n&rsquo;acc\u00e9l\u00e8re pas le m\u00e9tabolisme et n&rsquo;agit pas comme un stimulant.<\/p>\n","protected":false},"excerpt":{"rendered":"<ul>\n<li>Soutien \u00e0 la r\u00e9gulation de l&rsquo;app\u00e9tit<\/li>\n<li>Injection quotidienne<\/li>\n<li>Favorise une perte de poids progressive<\/li>\n<\/ul>\n","protected":false},"featured_media":763,"comment_status":"open","ping_status":"closed","template":"","meta":[],"product_brand":[],"product_cat":[177],"product_tag":[],"expert":[16],"class_list":{"0":"post-761","1":"product","2":"type-product","3":"status-publish","4":"has-post-thumbnail","6":"product_cat-perte-de-poids","7":"expert-dr-c-alexandru","9":"first","10":"instock","11":"shipping-taxable","12":"product-type-variable"},"yoast_head":"<!-- This site is optimized with the Yoast SEO plugin v27.0 - https:\/\/yoast.com\/product\/yoast-seo-wordpress\/ -->\n<title>Saxenda | Solution Efficace pour Perdre du Poids - Transtoyou<\/title>\n<meta name=\"description\" content=\"D\u00e9couvrez Saxenda sur Transtoyou pour une gestion efficace du poids. \u00c9valu\u00e9 cliniquement, fiable et pratique. Achetez maintenant pour votre sant\u00e9.\" \/>\n<meta name=\"robots\" content=\"noindex, follow, max-snippet:-1, max-image-preview:large, max-video-preview:-1\" \/>\n<meta property=\"og:locale\" content=\"fr_FR\" \/>\n<meta property=\"og:type\" content=\"article\" \/>\n<meta property=\"og:title\" content=\"Saxenda | Solution Efficace pour Perdre du Poids - Transtoyou\" \/>\n<meta property=\"og:description\" content=\"D\u00e9couvrez Saxenda sur Transtoyou pour une gestion efficace du poids. \u00c9valu\u00e9 cliniquement, fiable et pratique. Achetez maintenant pour votre sant\u00e9.\" \/>\n<meta property=\"og:url\" content=\"https:\/\/www.transtoyou.com\/fr\/product\/saxenda\/\" \/>\n<meta property=\"og:site_name\" content=\"Transtoyou - FR\" \/>\n<meta property=\"article:modified_time\" content=\"2026-03-05T09:34:56+00:00\" \/>\n<meta name=\"twitter:card\" content=\"summary_large_image\" \/>\n<meta name=\"twitter:label1\" content=\"Dur\u00e9e de lecture estim\u00e9e\" \/>\n\t<meta name=\"twitter:data1\" content=\"1 minute\" \/>\n<script type=\"application\/ld+json\" class=\"yoast-schema-graph\">{\"@context\":\"https:\/\/schema.org\",\"@graph\":[{\"@type\":\"WebPage\",\"@id\":\"https:\/\/www.transtoyou.com\/fr\/product\/saxenda\/\",\"url\":\"https:\/\/www.transtoyou.com\/fr\/product\/saxenda\/\",\"name\":\"Saxenda | Solution Efficace pour Perdre du Poids - Transtoyou\",\"isPartOf\":{\"@id\":\"https:\/\/www.transtoyou.com\/fr\/#website\"},\"primaryImageOfPage\":{\"@id\":\"https:\/\/www.transtoyou.com\/fr\/product\/saxenda\/#primaryimage\"},\"image\":{\"@id\":\"https:\/\/www.transtoyou.com\/fr\/product\/saxenda\/#primaryimage\"},\"thumbnailUrl\":\"https:\/\/www.transtoyou.com\/fr\/wp-content\/uploads\/sites\/5\/2026\/01\/tty-no-product-image-8.webp\",\"datePublished\":\"2026-01-22T14:40:06+00:00\",\"dateModified\":\"2026-03-05T09:34:56+00:00\",\"description\":\"D\u00e9couvrez Saxenda sur Transtoyou pour une gestion efficace du poids. \u00c9valu\u00e9 cliniquement, fiable et pratique. Achetez maintenant pour votre sant\u00e9.\",\"breadcrumb\":{\"@id\":\"https:\/\/www.transtoyou.com\/fr\/product\/saxenda\/#breadcrumb\"},\"inLanguage\":\"fr-FR\",\"potentialAction\":[{\"@type\":\"ReadAction\",\"target\":[\"https:\/\/www.transtoyou.com\/fr\/product\/saxenda\/\"]}]},{\"@type\":\"ImageObject\",\"inLanguage\":\"fr-FR\",\"@id\":\"https:\/\/www.transtoyou.com\/fr\/product\/saxenda\/#primaryimage\",\"url\":\"https:\/\/www.transtoyou.com\/fr\/wp-content\/uploads\/sites\/5\/2026\/01\/tty-no-product-image-8.webp\",\"contentUrl\":\"https:\/\/www.transtoyou.com\/fr\/wp-content\/uploads\/sites\/5\/2026\/01\/tty-no-product-image-8.webp\",\"width\":1000,\"height\":1000,\"caption\":\"Image produit par d\u00e9faut\"},{\"@type\":\"WebSite\",\"@id\":\"https:\/\/www.transtoyou.com\/fr\/#website\",\"url\":\"https:\/\/www.transtoyou.com\/fr\/\",\"name\":\"Transtoyou - FR\",\"description\":\"\",\"publisher\":{\"@id\":\"https:\/\/www.transtoyou.com\/fr\/#organization\"},\"potentialAction\":[{\"@type\":\"SearchAction\",\"target\":{\"@type\":\"EntryPoint\",\"urlTemplate\":\"https:\/\/www.transtoyou.com\/fr\/?s={search_term_string}\"},\"query-input\":{\"@type\":\"PropertyValueSpecification\",\"valueRequired\":true,\"valueName\":\"search_term_string\"}}],\"inLanguage\":\"fr-FR\"},{\"@type\":\"Organization\",\"@id\":\"https:\/\/www.transtoyou.com\/fr\/#organization\",\"name\":\"Transtoyou - FR\",\"url\":\"https:\/\/www.transtoyou.com\/fr\/\",\"logo\":{\"@type\":\"ImageObject\",\"inLanguage\":\"fr-FR\",\"@id\":\"https:\/\/www.transtoyou.com\/fr\/#\/schema\/logo\/image\/\",\"url\":\"https:\/\/www.transtoyou.com\/fr\/wp-content\/uploads\/sites\/5\/2026\/01\/logo-tty-menu-bar-300x87-1.webp\",\"contentUrl\":\"https:\/\/www.transtoyou.com\/fr\/wp-content\/uploads\/sites\/5\/2026\/01\/logo-tty-menu-bar-300x87-1.webp\",\"width\":300,\"height\":87,\"caption\":\"Transtoyou - FR\"},\"image\":{\"@id\":\"https:\/\/www.transtoyou.com\/fr\/#\/schema\/logo\/image\/\"}}]}<\/script>\n<!-- \/ Yoast SEO plugin. -->","yoast_head_json":{"title":"Saxenda | Solution Efficace pour Perdre du Poids - Transtoyou","description":"D\u00e9couvrez Saxenda sur Transtoyou pour une gestion efficace du poids. \u00c9valu\u00e9 cliniquement, fiable et pratique. Achetez maintenant pour votre sant\u00e9.","robots":{"index":"noindex","follow":"follow","max-snippet":"max-snippet:-1","max-image-preview":"max-image-preview:large","max-video-preview":"max-video-preview:-1"},"og_locale":"fr_FR","og_type":"article","og_title":"Saxenda | Solution Efficace pour Perdre du Poids - Transtoyou","og_description":"D\u00e9couvrez Saxenda sur Transtoyou pour une gestion efficace du poids. \u00c9valu\u00e9 cliniquement, fiable et pratique. Achetez maintenant pour votre sant\u00e9.","og_url":"https:\/\/www.transtoyou.com\/fr\/product\/saxenda\/","og_site_name":"Transtoyou - FR","article_modified_time":"2026-03-05T09:34:56+00:00","twitter_card":"summary_large_image","twitter_misc":{"Dur\u00e9e de lecture estim\u00e9e":"1 minute"},"schema":{"@context":"https:\/\/schema.org","@graph":[{"@type":"WebPage","@id":"https:\/\/www.transtoyou.com\/fr\/product\/saxenda\/","url":"https:\/\/www.transtoyou.com\/fr\/product\/saxenda\/","name":"Saxenda | Solution Efficace pour Perdre du Poids - Transtoyou","isPartOf":{"@id":"https:\/\/www.transtoyou.com\/fr\/#website"},"primaryImageOfPage":{"@id":"https:\/\/www.transtoyou.com\/fr\/product\/saxenda\/#primaryimage"},"image":{"@id":"https:\/\/www.transtoyou.com\/fr\/product\/saxenda\/#primaryimage"},"thumbnailUrl":"https:\/\/www.transtoyou.com\/fr\/wp-content\/uploads\/sites\/5\/2026\/01\/tty-no-product-image-8.webp","datePublished":"2026-01-22T14:40:06+00:00","dateModified":"2026-03-05T09:34:56+00:00","description":"D\u00e9couvrez Saxenda sur Transtoyou pour une gestion efficace du poids. \u00c9valu\u00e9 cliniquement, fiable et pratique. Achetez maintenant pour votre sant\u00e9.","breadcrumb":{"@id":"https:\/\/www.transtoyou.com\/fr\/product\/saxenda\/#breadcrumb"},"inLanguage":"fr-FR","potentialAction":[{"@type":"ReadAction","target":["https:\/\/www.transtoyou.com\/fr\/product\/saxenda\/"]}]},{"@type":"ImageObject","inLanguage":"fr-FR","@id":"https:\/\/www.transtoyou.com\/fr\/product\/saxenda\/#primaryimage","url":"https:\/\/www.transtoyou.com\/fr\/wp-content\/uploads\/sites\/5\/2026\/01\/tty-no-product-image-8.webp","contentUrl":"https:\/\/www.transtoyou.com\/fr\/wp-content\/uploads\/sites\/5\/2026\/01\/tty-no-product-image-8.webp","width":1000,"height":1000,"caption":"Image produit par d\u00e9faut"},{"@type":"WebSite","@id":"https:\/\/www.transtoyou.com\/fr\/#website","url":"https:\/\/www.transtoyou.com\/fr\/","name":"Transtoyou - FR","description":"","publisher":{"@id":"https:\/\/www.transtoyou.com\/fr\/#organization"},"potentialAction":[{"@type":"SearchAction","target":{"@type":"EntryPoint","urlTemplate":"https:\/\/www.transtoyou.com\/fr\/?s={search_term_string}"},"query-input":{"@type":"PropertyValueSpecification","valueRequired":true,"valueName":"search_term_string"}}],"inLanguage":"fr-FR"},{"@type":"Organization","@id":"https:\/\/www.transtoyou.com\/fr\/#organization","name":"Transtoyou - FR","url":"https:\/\/www.transtoyou.com\/fr\/","logo":{"@type":"ImageObject","inLanguage":"fr-FR","@id":"https:\/\/www.transtoyou.com\/fr\/#\/schema\/logo\/image\/","url":"https:\/\/www.transtoyou.com\/fr\/wp-content\/uploads\/sites\/5\/2026\/01\/logo-tty-menu-bar-300x87-1.webp","contentUrl":"https:\/\/www.transtoyou.com\/fr\/wp-content\/uploads\/sites\/5\/2026\/01\/logo-tty-menu-bar-300x87-1.webp","width":300,"height":87,"caption":"Transtoyou - FR"},"image":{"@id":"https:\/\/www.transtoyou.com\/fr\/#\/schema\/logo\/image\/"}}]}},"_links":{"self":[{"href":"https:\/\/www.transtoyou.com\/fr\/wp-json\/wp\/v2\/product\/761","targetHints":{"allow":["GET"]}}],"collection":[{"href":"https:\/\/www.transtoyou.com\/fr\/wp-json\/wp\/v2\/product"}],"about":[{"href":"https:\/\/www.transtoyou.com\/fr\/wp-json\/wp\/v2\/types\/product"}],"replies":[{"embeddable":true,"href":"https:\/\/www.transtoyou.com\/fr\/wp-json\/wp\/v2\/comments?post=761"}],"wp:featuredmedia":[{"embeddable":true,"href":"https:\/\/www.transtoyou.com\/fr\/wp-json\/wp\/v2\/media\/763"}],"wp:attachment":[{"href":"https:\/\/www.transtoyou.com\/fr\/wp-json\/wp\/v2\/media?parent=761"}],"wp:term":[{"taxonomy":"product_brand","embeddable":true,"href":"https:\/\/www.transtoyou.com\/fr\/wp-json\/wp\/v2\/product_brand?post=761"},{"taxonomy":"product_cat","embeddable":true,"href":"https:\/\/www.transtoyou.com\/fr\/wp-json\/wp\/v2\/product_cat?post=761"},{"taxonomy":"product_tag","embeddable":true,"href":"https:\/\/www.transtoyou.com\/fr\/wp-json\/wp\/v2\/product_tag?post=761"},{"taxonomy":"expert","embeddable":true,"href":"https:\/\/www.transtoyou.com\/fr\/wp-json\/wp\/v2\/expert?post=761"}],"curies":[{"name":"wp","href":"https:\/\/api.w.org\/{rel}","templated":true}]}}