{"id":764,"date":"2026-01-22T16:57:34","date_gmt":"2026-01-22T14:57:34","guid":{"rendered":"https:\/\/www.transtoyou.com\/fr\/product\/orlistat\/"},"modified":"2026-03-01T11:25:40","modified_gmt":"2026-03-01T09:25:40","slug":"orlistat","status":"publish","type":"product","link":"https:\/\/www.transtoyou.com\/fr\/product\/orlistat\/","title":{"rendered":"Orlistat"},"content":{"rendered":"<p>L&rsquo;Orlistat est un m\u00e9dicament pour la perte de poids qui agit en emp\u00eachant l&rsquo;absorption des graisses provenant des aliments que tu manges. Il est g\u00e9n\u00e9ralement utilis\u00e9 par des adultes en surpoids ou ob\u00e8ses qui cherchent \u00e0 g\u00e9rer leur poids en combinaison avec un r\u00e9gime hypocalorique et faible en graisses. Contrairement aux coupe-faim qui affectent le cerveau, l&rsquo;Orlistat agit localement dans le tractus digestif, ciblant l&rsquo;enzyme lipase. Cette enzyme est responsable de la d\u00e9composition des graisses alimentaires afin qu&rsquo;elles puissent \u00eatre absorb\u00e9es par le corps. En inhibant la lipase, l&rsquo;Orlistat garantit qu&rsquo;environ un tiers des graisses alimentaires ne soit pas absorb\u00e9 et soit plut\u00f4t \u00e9limin\u00e9 naturellement par le corps.<\/p>\n<p>L&rsquo;Orlistat est g\u00e9n\u00e9ralement pris trois fois par jour avec chaque repas principal contenant des graisses. Son efficacit\u00e9 est \u00e9troitement li\u00e9e au maintien d&rsquo;une alimentation \u00e9quilibr\u00e9e et \u00e0 la pratique r\u00e9guli\u00e8re d&rsquo;une activit\u00e9 physique. La plupart des utilisateurs commencent \u00e0 voir une r\u00e9duction progressive du poids en quelques semaines. De plus, il a \u00e9t\u00e9 d\u00e9montr\u00e9 que l&rsquo;Orlistat aide \u00e0 am\u00e9liorer la pression art\u00e9rielle, les niveaux de cholest\u00e9rol et le contr\u00f4le de la glyc\u00e9mie chez les personnes ayant des probl\u00e8mes de sant\u00e9 li\u00e9s au poids.<\/p>\n<p>Les effets secondaires les plus courants sont d&rsquo;origine digestive et incluent des selles huileuses ou grasses, une augmentation des mouvements intestinaux ou des inconforts gastriques. Ces effets secondaires diminuent souvent \u00e0 mesure que le corps s&rsquo;adapte et que les utilisateurs adoptent un r\u00e9gime plus faible en graisses. Pour soutenir l&rsquo;absorption des vitamines liposolubles, il est souvent recommand\u00e9 de prendre un compl\u00e9ment multivitamin\u00e9 \u00e0 un moment diff\u00e9rent de la journ\u00e9e que la dose d&rsquo;Orlistat.<\/p>\n","protected":false},"excerpt":{"rendered":"<ul>\n<li>R\u00e9duit l&rsquo;absorption des graisses<\/li>\n<li>Aide \u00e0 la perte de poids non syst\u00e9mique<\/li>\n<li>Aide \u00e0 am\u00e9liorer la sant\u00e9 m\u00e9tabolique<\/li>\n<\/ul>\n","protected":false},"featured_media":766,"comment_status":"open","ping_status":"closed","template":"","meta":[],"product_brand":[],"product_cat":[177],"product_tag":[],"expert":[16],"class_list":{"0":"post-764","1":"product","2":"type-product","3":"status-publish","4":"has-post-thumbnail","6":"product_cat-perte-de-poids","7":"expert-dr-c-alexandru","9":"first","10":"instock","11":"shipping-taxable","12":"product-type-variable"},"yoast_head":"<!-- This site is optimized with the Yoast SEO plugin v27.0 - https:\/\/yoast.com\/product\/yoast-seo-wordpress\/ -->\n<title>Orlistat | Gestion efficace du poids - Transtoyou<\/title>\n<meta name=\"description\" content=\"Orlistat : Aidez \u00e0 g\u00e9rer votre poids avec ce produit efficace, disponible sur Transtoyou. Commandez maintenant une solution fiable pour votre bien-\u00eatre.\" \/>\n<meta name=\"robots\" content=\"noindex, follow, max-snippet:-1, max-image-preview:large, max-video-preview:-1\" \/>\n<meta property=\"og:locale\" content=\"fr_FR\" \/>\n<meta property=\"og:type\" content=\"article\" \/>\n<meta property=\"og:title\" content=\"Orlistat | Gestion efficace du poids - Transtoyou\" \/>\n<meta property=\"og:description\" content=\"Orlistat : Aidez \u00e0 g\u00e9rer votre poids avec ce produit efficace, disponible sur Transtoyou. Commandez maintenant une solution fiable pour votre bien-\u00eatre.\" \/>\n<meta property=\"og:url\" content=\"https:\/\/www.transtoyou.com\/fr\/product\/orlistat\/\" \/>\n<meta property=\"og:site_name\" content=\"Transtoyou - FR\" \/>\n<meta property=\"article:modified_time\" content=\"2026-03-01T09:25:40+00:00\" \/>\n<meta name=\"twitter:card\" content=\"summary_large_image\" \/>\n<meta name=\"twitter:label1\" content=\"Dur\u00e9e de lecture estim\u00e9e\" \/>\n\t<meta name=\"twitter:data1\" content=\"1 minute\" \/>\n<script type=\"application\/ld+json\" class=\"yoast-schema-graph\">{\"@context\":\"https:\/\/schema.org\",\"@graph\":[{\"@type\":\"WebPage\",\"@id\":\"https:\/\/www.transtoyou.com\/fr\/product\/orlistat\/\",\"url\":\"https:\/\/www.transtoyou.com\/fr\/product\/orlistat\/\",\"name\":\"Orlistat | Gestion efficace du poids - Transtoyou\",\"isPartOf\":{\"@id\":\"https:\/\/www.transtoyou.com\/fr\/#website\"},\"primaryImageOfPage\":{\"@id\":\"https:\/\/www.transtoyou.com\/fr\/product\/orlistat\/#primaryimage\"},\"image\":{\"@id\":\"https:\/\/www.transtoyou.com\/fr\/product\/orlistat\/#primaryimage\"},\"thumbnailUrl\":\"https:\/\/www.transtoyou.com\/fr\/wp-content\/uploads\/sites\/5\/2026\/01\/tty-no-product-image-9.webp\",\"datePublished\":\"2026-01-22T14:57:34+00:00\",\"dateModified\":\"2026-03-01T09:25:40+00:00\",\"description\":\"Orlistat : Aidez \u00e0 g\u00e9rer votre poids avec ce produit efficace, disponible sur Transtoyou. Commandez maintenant une solution fiable pour votre bien-\u00eatre.\",\"breadcrumb\":{\"@id\":\"https:\/\/www.transtoyou.com\/fr\/product\/orlistat\/#breadcrumb\"},\"inLanguage\":\"fr-FR\",\"potentialAction\":[{\"@type\":\"ReadAction\",\"target\":[\"https:\/\/www.transtoyou.com\/fr\/product\/orlistat\/\"]}]},{\"@type\":\"ImageObject\",\"inLanguage\":\"fr-FR\",\"@id\":\"https:\/\/www.transtoyou.com\/fr\/product\/orlistat\/#primaryimage\",\"url\":\"https:\/\/www.transtoyou.com\/fr\/wp-content\/uploads\/sites\/5\/2026\/01\/tty-no-product-image-9.webp\",\"contentUrl\":\"https:\/\/www.transtoyou.com\/fr\/wp-content\/uploads\/sites\/5\/2026\/01\/tty-no-product-image-9.webp\",\"width\":1000,\"height\":1000,\"caption\":\"Image de produit par d\u00e9faut\"},{\"@type\":\"WebSite\",\"@id\":\"https:\/\/www.transtoyou.com\/fr\/#website\",\"url\":\"https:\/\/www.transtoyou.com\/fr\/\",\"name\":\"Transtoyou - FR\",\"description\":\"\",\"publisher\":{\"@id\":\"https:\/\/www.transtoyou.com\/fr\/#organization\"},\"potentialAction\":[{\"@type\":\"SearchAction\",\"target\":{\"@type\":\"EntryPoint\",\"urlTemplate\":\"https:\/\/www.transtoyou.com\/fr\/?s={search_term_string}\"},\"query-input\":{\"@type\":\"PropertyValueSpecification\",\"valueRequired\":true,\"valueName\":\"search_term_string\"}}],\"inLanguage\":\"fr-FR\"},{\"@type\":\"Organization\",\"@id\":\"https:\/\/www.transtoyou.com\/fr\/#organization\",\"name\":\"Transtoyou - FR\",\"url\":\"https:\/\/www.transtoyou.com\/fr\/\",\"logo\":{\"@type\":\"ImageObject\",\"inLanguage\":\"fr-FR\",\"@id\":\"https:\/\/www.transtoyou.com\/fr\/#\/schema\/logo\/image\/\",\"url\":\"https:\/\/www.transtoyou.com\/fr\/wp-content\/uploads\/sites\/5\/2026\/01\/logo-tty-menu-bar-300x87-1.webp\",\"contentUrl\":\"https:\/\/www.transtoyou.com\/fr\/wp-content\/uploads\/sites\/5\/2026\/01\/logo-tty-menu-bar-300x87-1.webp\",\"width\":300,\"height\":87,\"caption\":\"Transtoyou - FR\"},\"image\":{\"@id\":\"https:\/\/www.transtoyou.com\/fr\/#\/schema\/logo\/image\/\"}}]}<\/script>\n<!-- \/ Yoast SEO plugin. -->","yoast_head_json":{"title":"Orlistat | Gestion efficace du poids - Transtoyou","description":"Orlistat : Aidez \u00e0 g\u00e9rer votre poids avec ce produit efficace, disponible sur Transtoyou. Commandez maintenant une solution fiable pour votre bien-\u00eatre.","robots":{"index":"noindex","follow":"follow","max-snippet":"max-snippet:-1","max-image-preview":"max-image-preview:large","max-video-preview":"max-video-preview:-1"},"og_locale":"fr_FR","og_type":"article","og_title":"Orlistat | Gestion efficace du poids - Transtoyou","og_description":"Orlistat : Aidez \u00e0 g\u00e9rer votre poids avec ce produit efficace, disponible sur Transtoyou. Commandez maintenant une solution fiable pour votre bien-\u00eatre.","og_url":"https:\/\/www.transtoyou.com\/fr\/product\/orlistat\/","og_site_name":"Transtoyou - FR","article_modified_time":"2026-03-01T09:25:40+00:00","twitter_card":"summary_large_image","twitter_misc":{"Dur\u00e9e de lecture estim\u00e9e":"1 minute"},"schema":{"@context":"https:\/\/schema.org","@graph":[{"@type":"WebPage","@id":"https:\/\/www.transtoyou.com\/fr\/product\/orlistat\/","url":"https:\/\/www.transtoyou.com\/fr\/product\/orlistat\/","name":"Orlistat | Gestion efficace du poids - Transtoyou","isPartOf":{"@id":"https:\/\/www.transtoyou.com\/fr\/#website"},"primaryImageOfPage":{"@id":"https:\/\/www.transtoyou.com\/fr\/product\/orlistat\/#primaryimage"},"image":{"@id":"https:\/\/www.transtoyou.com\/fr\/product\/orlistat\/#primaryimage"},"thumbnailUrl":"https:\/\/www.transtoyou.com\/fr\/wp-content\/uploads\/sites\/5\/2026\/01\/tty-no-product-image-9.webp","datePublished":"2026-01-22T14:57:34+00:00","dateModified":"2026-03-01T09:25:40+00:00","description":"Orlistat : Aidez \u00e0 g\u00e9rer votre poids avec ce produit efficace, disponible sur Transtoyou. Commandez maintenant une solution fiable pour votre bien-\u00eatre.","breadcrumb":{"@id":"https:\/\/www.transtoyou.com\/fr\/product\/orlistat\/#breadcrumb"},"inLanguage":"fr-FR","potentialAction":[{"@type":"ReadAction","target":["https:\/\/www.transtoyou.com\/fr\/product\/orlistat\/"]}]},{"@type":"ImageObject","inLanguage":"fr-FR","@id":"https:\/\/www.transtoyou.com\/fr\/product\/orlistat\/#primaryimage","url":"https:\/\/www.transtoyou.com\/fr\/wp-content\/uploads\/sites\/5\/2026\/01\/tty-no-product-image-9.webp","contentUrl":"https:\/\/www.transtoyou.com\/fr\/wp-content\/uploads\/sites\/5\/2026\/01\/tty-no-product-image-9.webp","width":1000,"height":1000,"caption":"Image de produit par d\u00e9faut"},{"@type":"WebSite","@id":"https:\/\/www.transtoyou.com\/fr\/#website","url":"https:\/\/www.transtoyou.com\/fr\/","name":"Transtoyou - FR","description":"","publisher":{"@id":"https:\/\/www.transtoyou.com\/fr\/#organization"},"potentialAction":[{"@type":"SearchAction","target":{"@type":"EntryPoint","urlTemplate":"https:\/\/www.transtoyou.com\/fr\/?s={search_term_string}"},"query-input":{"@type":"PropertyValueSpecification","valueRequired":true,"valueName":"search_term_string"}}],"inLanguage":"fr-FR"},{"@type":"Organization","@id":"https:\/\/www.transtoyou.com\/fr\/#organization","name":"Transtoyou - FR","url":"https:\/\/www.transtoyou.com\/fr\/","logo":{"@type":"ImageObject","inLanguage":"fr-FR","@id":"https:\/\/www.transtoyou.com\/fr\/#\/schema\/logo\/image\/","url":"https:\/\/www.transtoyou.com\/fr\/wp-content\/uploads\/sites\/5\/2026\/01\/logo-tty-menu-bar-300x87-1.webp","contentUrl":"https:\/\/www.transtoyou.com\/fr\/wp-content\/uploads\/sites\/5\/2026\/01\/logo-tty-menu-bar-300x87-1.webp","width":300,"height":87,"caption":"Transtoyou - FR"},"image":{"@id":"https:\/\/www.transtoyou.com\/fr\/#\/schema\/logo\/image\/"}}]}},"_links":{"self":[{"href":"https:\/\/www.transtoyou.com\/fr\/wp-json\/wp\/v2\/product\/764","targetHints":{"allow":["GET"]}}],"collection":[{"href":"https:\/\/www.transtoyou.com\/fr\/wp-json\/wp\/v2\/product"}],"about":[{"href":"https:\/\/www.transtoyou.com\/fr\/wp-json\/wp\/v2\/types\/product"}],"replies":[{"embeddable":true,"href":"https:\/\/www.transtoyou.com\/fr\/wp-json\/wp\/v2\/comments?post=764"}],"wp:featuredmedia":[{"embeddable":true,"href":"https:\/\/www.transtoyou.com\/fr\/wp-json\/wp\/v2\/media\/766"}],"wp:attachment":[{"href":"https:\/\/www.transtoyou.com\/fr\/wp-json\/wp\/v2\/media?parent=764"}],"wp:term":[{"taxonomy":"product_brand","embeddable":true,"href":"https:\/\/www.transtoyou.com\/fr\/wp-json\/wp\/v2\/product_brand?post=764"},{"taxonomy":"product_cat","embeddable":true,"href":"https:\/\/www.transtoyou.com\/fr\/wp-json\/wp\/v2\/product_cat?post=764"},{"taxonomy":"product_tag","embeddable":true,"href":"https:\/\/www.transtoyou.com\/fr\/wp-json\/wp\/v2\/product_tag?post=764"},{"taxonomy":"expert","embeddable":true,"href":"https:\/\/www.transtoyou.com\/fr\/wp-json\/wp\/v2\/expert?post=764"}],"curies":[{"name":"wp","href":"https:\/\/api.w.org\/{rel}","templated":true}]}}