{"id":788,"date":"2026-01-22T19:08:45","date_gmt":"2026-01-22T17:08:45","guid":{"rendered":"https:\/\/www.transtoyou.com\/fr\/product\/aciclovir\/"},"modified":"2026-02-01T16:27:59","modified_gmt":"2026-02-01T14:27:59","slug":"aciclovir","status":"publish","type":"product","link":"https:\/\/www.transtoyou.com\/fr\/product\/aciclovir\/","title":{"rendered":"Aciclovir"},"content":{"rendered":"<p>L&rsquo;aciclovir est un m\u00e9dicament antiviral utilis\u00e9 pour traiter les infections caus\u00e9es par les virus de l&rsquo;herp\u00e8s (comme le HSV et le VZV), y compris l&rsquo;herp\u00e8s g\u00e9nital, les boutons de fi\u00e8vre et le zona. Il agit en ralentissant la croissance et la propagation du virus de l&rsquo;herp\u00e8s dans le corps, aidant \u00e0 r\u00e9duire la gravit\u00e9 et la dur\u00e9e des pouss\u00e9es. L&rsquo;aciclovir ne gu\u00e9rit pas les infections \u00e0 herp\u00e8s, mais peut g\u00e9rer efficacement les sympt\u00f4mes et r\u00e9duire la fr\u00e9quence des r\u00e9cidives.<\/p>\n<p>Le m\u00e9dicament est disponible sous diff\u00e9rentes formes, y compris des comprim\u00e9s, des cr\u00e8mes et des solutions intraveineuses. Pour les pouss\u00e9es cutan\u00e9es telles que les boutons de fi\u00e8vre ou le zona, la cr\u00e8me est souvent appliqu\u00e9e directement sur la zone affect\u00e9e. Dans les cas d&rsquo;infections plus \u00e9tendues ou s\u00e9v\u00e8res, des comprim\u00e9s ou une administration intraveineuse sont indiqu\u00e9s.<\/p>\n<p>L&rsquo;aciclovir agit en interf\u00e9rant avec la capacit\u00e9 du virus \u00e0 r\u00e9pliquer son mat\u00e9riel g\u00e9n\u00e9tique. Cela signifie que, bien que le virus reste dormant dans le corps, la r\u00e9plication active est supprim\u00e9e, ce qui aide \u00e0 contenir l&rsquo;infection et favorise une gu\u00e9rison plus rapide.<\/p>\n<p>La plupart des gens constatent un soulagement des sympt\u00f4mes dans les quelques jours suivant le d\u00e9but du traitement, surtout lorsqu&rsquo;il est pris aux premiers signes d&rsquo;une pouss\u00e9e.<\/p>\n<p>Les traitements typiques durent de cinq \u00e0 dix jours, selon l&rsquo;\u00e9tat et la forme d&rsquo;administration. Pour l&rsquo;herp\u00e8s g\u00e9nital, une posologie adulte typique est de 400 mg trois fois par jour pendant 5 \u00e0 10 jours. Pour les pouss\u00e9es r\u00e9currentes, certaines personnes peuvent prendre de l&rsquo;aciclovir quotidiennement en tant que th\u00e9rapie suppressive pour r\u00e9duire les pouss\u00e9es.<\/p>\n","protected":false},"excerpt":{"rendered":"<ul>\n<li>Efficace contre les virus de l&rsquo;herp\u00e8s<\/li>\n<li>R\u00e9duit la gravit\u00e9 et la dur\u00e9e des pouss\u00e9es<\/li>\n<li>Disponible sous forme de cr\u00e8me et de comprim\u00e9s<\/li>\n<\/ul>\n","protected":false},"featured_media":1681,"comment_status":"open","ping_status":"closed","template":"","meta":[],"product_brand":[],"product_cat":[163,135,93],"product_tag":[],"expert":[21],"class_list":{"0":"post-788","1":"product","2":"type-product","3":"status-publish","4":"has-post-thumbnail","6":"product_cat-bardeaux","7":"product_cat-herpes","8":"product_cat-herpes-labial","9":"expert-dr-m-sharoyko","11":"first","12":"instock","13":"shipping-taxable","14":"purchasable","15":"product-type-variable"},"yoast_head":"<!-- This site is optimized with the Yoast SEO plugin v27.0 - https:\/\/yoast.com\/product\/yoast-seo-wordpress\/ -->\n<title>Aciclovir | Soulagement antiviral efficace - Transtoyou<\/title>\n<meta name=\"description\" content=\"Aciclovir disponible sur Transtoyou, votre source fiable pour des m\u00e9dicaments antiviraux. Commandez maintenant pour un acc\u00e8s rapide aux soins.\" \/>\n<meta name=\"robots\" content=\"noindex, follow, max-snippet:-1, max-image-preview:large, max-video-preview:-1\" \/>\n<meta property=\"og:locale\" content=\"fr_FR\" \/>\n<meta property=\"og:type\" content=\"article\" \/>\n<meta property=\"og:title\" content=\"Aciclovir | Soulagement antiviral efficace - Transtoyou\" \/>\n<meta property=\"og:description\" content=\"Aciclovir disponible sur Transtoyou, votre source fiable pour des m\u00e9dicaments antiviraux. Commandez maintenant pour un acc\u00e8s rapide aux soins.\" \/>\n<meta property=\"og:url\" content=\"https:\/\/www.transtoyou.com\/fr\/product\/aciclovir\/\" \/>\n<meta property=\"og:site_name\" content=\"Transtoyou - FR\" \/>\n<meta property=\"article:modified_time\" content=\"2026-02-01T14:27:59+00:00\" \/>\n<meta name=\"twitter:card\" content=\"summary_large_image\" \/>\n<meta name=\"twitter:label1\" content=\"Dur\u00e9e de lecture estim\u00e9e\" \/>\n\t<meta name=\"twitter:data1\" content=\"2 minutes\" \/>\n<script type=\"application\/ld+json\" class=\"yoast-schema-graph\">{\"@context\":\"https:\/\/schema.org\",\"@graph\":[{\"@type\":\"WebPage\",\"@id\":\"https:\/\/www.transtoyou.com\/fr\/product\/aciclovir\/\",\"url\":\"https:\/\/www.transtoyou.com\/fr\/product\/aciclovir\/\",\"name\":\"Aciclovir | Soulagement antiviral efficace - Transtoyou\",\"isPartOf\":{\"@id\":\"https:\/\/www.transtoyou.com\/fr\/#website\"},\"primaryImageOfPage\":{\"@id\":\"https:\/\/www.transtoyou.com\/fr\/product\/aciclovir\/#primaryimage\"},\"image\":{\"@id\":\"https:\/\/www.transtoyou.com\/fr\/product\/aciclovir\/#primaryimage\"},\"thumbnailUrl\":\"https:\/\/www.transtoyou.com\/fr\/wp-content\/uploads\/sites\/5\/2026\/02\/Aciclovir-mean-image.png\",\"datePublished\":\"2026-01-22T17:08:45+00:00\",\"dateModified\":\"2026-02-01T14:27:59+00:00\",\"description\":\"Aciclovir disponible sur Transtoyou, votre source fiable pour des m\u00e9dicaments antiviraux. Commandez maintenant pour un acc\u00e8s rapide aux soins.\",\"breadcrumb\":{\"@id\":\"https:\/\/www.transtoyou.com\/fr\/product\/aciclovir\/#breadcrumb\"},\"inLanguage\":\"fr-FR\",\"potentialAction\":[{\"@type\":\"ReadAction\",\"target\":[\"https:\/\/www.transtoyou.com\/fr\/product\/aciclovir\/\"]}]},{\"@type\":\"ImageObject\",\"inLanguage\":\"fr-FR\",\"@id\":\"https:\/\/www.transtoyou.com\/fr\/product\/aciclovir\/#primaryimage\",\"url\":\"https:\/\/www.transtoyou.com\/fr\/wp-content\/uploads\/sites\/5\/2026\/02\/Aciclovir-mean-image.png\",\"contentUrl\":\"https:\/\/www.transtoyou.com\/fr\/wp-content\/uploads\/sites\/5\/2026\/02\/Aciclovir-mean-image.png\",\"width\":1080,\"height\":1080,\"caption\":\"Commande d'aciclovir en ligne - Transtoyou\"},{\"@type\":\"WebSite\",\"@id\":\"https:\/\/www.transtoyou.com\/fr\/#website\",\"url\":\"https:\/\/www.transtoyou.com\/fr\/\",\"name\":\"Transtoyou - FR\",\"description\":\"\",\"publisher\":{\"@id\":\"https:\/\/www.transtoyou.com\/fr\/#organization\"},\"potentialAction\":[{\"@type\":\"SearchAction\",\"target\":{\"@type\":\"EntryPoint\",\"urlTemplate\":\"https:\/\/www.transtoyou.com\/fr\/?s={search_term_string}\"},\"query-input\":{\"@type\":\"PropertyValueSpecification\",\"valueRequired\":true,\"valueName\":\"search_term_string\"}}],\"inLanguage\":\"fr-FR\"},{\"@type\":\"Organization\",\"@id\":\"https:\/\/www.transtoyou.com\/fr\/#organization\",\"name\":\"Transtoyou - FR\",\"url\":\"https:\/\/www.transtoyou.com\/fr\/\",\"logo\":{\"@type\":\"ImageObject\",\"inLanguage\":\"fr-FR\",\"@id\":\"https:\/\/www.transtoyou.com\/fr\/#\/schema\/logo\/image\/\",\"url\":\"https:\/\/www.transtoyou.com\/fr\/wp-content\/uploads\/sites\/5\/2026\/01\/logo-tty-menu-bar-300x87-1.webp\",\"contentUrl\":\"https:\/\/www.transtoyou.com\/fr\/wp-content\/uploads\/sites\/5\/2026\/01\/logo-tty-menu-bar-300x87-1.webp\",\"width\":300,\"height\":87,\"caption\":\"Transtoyou - FR\"},\"image\":{\"@id\":\"https:\/\/www.transtoyou.com\/fr\/#\/schema\/logo\/image\/\"}}]}<\/script>\n<!-- \/ Yoast SEO plugin. -->","yoast_head_json":{"title":"Aciclovir | Soulagement antiviral efficace - Transtoyou","description":"Aciclovir disponible sur Transtoyou, votre source fiable pour des m\u00e9dicaments antiviraux. Commandez maintenant pour un acc\u00e8s rapide aux soins.","robots":{"index":"noindex","follow":"follow","max-snippet":"max-snippet:-1","max-image-preview":"max-image-preview:large","max-video-preview":"max-video-preview:-1"},"og_locale":"fr_FR","og_type":"article","og_title":"Aciclovir | Soulagement antiviral efficace - Transtoyou","og_description":"Aciclovir disponible sur Transtoyou, votre source fiable pour des m\u00e9dicaments antiviraux. Commandez maintenant pour un acc\u00e8s rapide aux soins.","og_url":"https:\/\/www.transtoyou.com\/fr\/product\/aciclovir\/","og_site_name":"Transtoyou - FR","article_modified_time":"2026-02-01T14:27:59+00:00","twitter_card":"summary_large_image","twitter_misc":{"Dur\u00e9e de lecture estim\u00e9e":"2 minutes"},"schema":{"@context":"https:\/\/schema.org","@graph":[{"@type":"WebPage","@id":"https:\/\/www.transtoyou.com\/fr\/product\/aciclovir\/","url":"https:\/\/www.transtoyou.com\/fr\/product\/aciclovir\/","name":"Aciclovir | Soulagement antiviral efficace - Transtoyou","isPartOf":{"@id":"https:\/\/www.transtoyou.com\/fr\/#website"},"primaryImageOfPage":{"@id":"https:\/\/www.transtoyou.com\/fr\/product\/aciclovir\/#primaryimage"},"image":{"@id":"https:\/\/www.transtoyou.com\/fr\/product\/aciclovir\/#primaryimage"},"thumbnailUrl":"https:\/\/www.transtoyou.com\/fr\/wp-content\/uploads\/sites\/5\/2026\/02\/Aciclovir-mean-image.png","datePublished":"2026-01-22T17:08:45+00:00","dateModified":"2026-02-01T14:27:59+00:00","description":"Aciclovir disponible sur Transtoyou, votre source fiable pour des m\u00e9dicaments antiviraux. Commandez maintenant pour un acc\u00e8s rapide aux soins.","breadcrumb":{"@id":"https:\/\/www.transtoyou.com\/fr\/product\/aciclovir\/#breadcrumb"},"inLanguage":"fr-FR","potentialAction":[{"@type":"ReadAction","target":["https:\/\/www.transtoyou.com\/fr\/product\/aciclovir\/"]}]},{"@type":"ImageObject","inLanguage":"fr-FR","@id":"https:\/\/www.transtoyou.com\/fr\/product\/aciclovir\/#primaryimage","url":"https:\/\/www.transtoyou.com\/fr\/wp-content\/uploads\/sites\/5\/2026\/02\/Aciclovir-mean-image.png","contentUrl":"https:\/\/www.transtoyou.com\/fr\/wp-content\/uploads\/sites\/5\/2026\/02\/Aciclovir-mean-image.png","width":1080,"height":1080,"caption":"Commande d'aciclovir en ligne - Transtoyou"},{"@type":"WebSite","@id":"https:\/\/www.transtoyou.com\/fr\/#website","url":"https:\/\/www.transtoyou.com\/fr\/","name":"Transtoyou - FR","description":"","publisher":{"@id":"https:\/\/www.transtoyou.com\/fr\/#organization"},"potentialAction":[{"@type":"SearchAction","target":{"@type":"EntryPoint","urlTemplate":"https:\/\/www.transtoyou.com\/fr\/?s={search_term_string}"},"query-input":{"@type":"PropertyValueSpecification","valueRequired":true,"valueName":"search_term_string"}}],"inLanguage":"fr-FR"},{"@type":"Organization","@id":"https:\/\/www.transtoyou.com\/fr\/#organization","name":"Transtoyou - FR","url":"https:\/\/www.transtoyou.com\/fr\/","logo":{"@type":"ImageObject","inLanguage":"fr-FR","@id":"https:\/\/www.transtoyou.com\/fr\/#\/schema\/logo\/image\/","url":"https:\/\/www.transtoyou.com\/fr\/wp-content\/uploads\/sites\/5\/2026\/01\/logo-tty-menu-bar-300x87-1.webp","contentUrl":"https:\/\/www.transtoyou.com\/fr\/wp-content\/uploads\/sites\/5\/2026\/01\/logo-tty-menu-bar-300x87-1.webp","width":300,"height":87,"caption":"Transtoyou - FR"},"image":{"@id":"https:\/\/www.transtoyou.com\/fr\/#\/schema\/logo\/image\/"}}]}},"_links":{"self":[{"href":"https:\/\/www.transtoyou.com\/fr\/wp-json\/wp\/v2\/product\/788","targetHints":{"allow":["GET"]}}],"collection":[{"href":"https:\/\/www.transtoyou.com\/fr\/wp-json\/wp\/v2\/product"}],"about":[{"href":"https:\/\/www.transtoyou.com\/fr\/wp-json\/wp\/v2\/types\/product"}],"replies":[{"embeddable":true,"href":"https:\/\/www.transtoyou.com\/fr\/wp-json\/wp\/v2\/comments?post=788"}],"wp:featuredmedia":[{"embeddable":true,"href":"https:\/\/www.transtoyou.com\/fr\/wp-json\/wp\/v2\/media\/1681"}],"wp:attachment":[{"href":"https:\/\/www.transtoyou.com\/fr\/wp-json\/wp\/v2\/media?parent=788"}],"wp:term":[{"taxonomy":"product_brand","embeddable":true,"href":"https:\/\/www.transtoyou.com\/fr\/wp-json\/wp\/v2\/product_brand?post=788"},{"taxonomy":"product_cat","embeddable":true,"href":"https:\/\/www.transtoyou.com\/fr\/wp-json\/wp\/v2\/product_cat?post=788"},{"taxonomy":"product_tag","embeddable":true,"href":"https:\/\/www.transtoyou.com\/fr\/wp-json\/wp\/v2\/product_tag?post=788"},{"taxonomy":"expert","embeddable":true,"href":"https:\/\/www.transtoyou.com\/fr\/wp-json\/wp\/v2\/expert?post=788"}],"curies":[{"name":"wp","href":"https:\/\/api.w.org\/{rel}","templated":true}]}}