{"id":794,"date":"2026-01-22T19:41:13","date_gmt":"2026-01-22T17:41:13","guid":{"rendered":"https:\/\/www.transtoyou.com\/fr\/product\/metronidazole-flagyl\/"},"modified":"2026-02-25T14:38:04","modified_gmt":"2026-02-25T12:38:04","slug":"metronidazole-flagyl","status":"publish","type":"product","link":"https:\/\/www.transtoyou.com\/fr\/product\/metronidazole-flagyl\/","title":{"rendered":"M\u00e9tronidazole (Flagyl)"},"content":{"rendered":"<p>Le m\u00e9tronidazole, souvent connu sous le nom de marque Flagyl, est un antibiotique et un m\u00e9dicament antiprotozoaire largement utilis\u00e9. Il est couramment prescrit pour les infections caus\u00e9es par des bact\u00e9ries ana\u00e9robies et certains parasites. L&rsquo;un de ses principaux usages est le traitement de la trichomonase, une infection sexuellement transmissible courante caus\u00e9e par un parasite protozoaire. De plus, il est efficace pour traiter la vaginose bact\u00e9rienne, la maladie inflammatoire pelvienne (dans le cadre d&rsquo;une th\u00e9rapie combin\u00e9e) et les infections des voies gastro-intestinales et urog\u00e9nitales.<\/p>\n<p>Le m\u00e9tronidazole agit en p\u00e9n\u00e9trant dans les cellules microbiennes et en interf\u00e9rant avec leur ADN. Cette action emp\u00eache les bact\u00e9ries ou les protozoaires de se reproduire et conduit finalement \u00e0 leur \u00e9limination du corps. Le m\u00e9dicament est disponible sous diff\u00e9rentes formes, y compris des comprim\u00e9s, des gels topiques et des cr\u00e8mes vaginales, en fonction de l&#8217;emplacement et du type d&rsquo;infection \u00e0 traiter.<\/p>\n<p>En g\u00e9n\u00e9ral, le m\u00e9tronidazole oral est pris une \u00e0 trois fois par jour pendant une p\u00e9riode de 5 \u00e0 7 jours, bien que des traitements plus courts ou plus longs puissent \u00eatre prescrits. De nombreux utilisateurs constatent une am\u00e9lioration des sympt\u00f4mes dans les quelques jours, mais il est important de terminer le traitement complet m\u00eame si les sympt\u00f4mes se r\u00e9solvent rapidement.<\/p>\n<p>Les effets secondaires courants incluent des naus\u00e9es, un go\u00fbt m\u00e9tallique et des maux d&rsquo;estomac. L&rsquo;association avec l&rsquo;alcool peut entra\u00eener des r\u00e9actions similaires \u00e0 celles du disulfirame, y compris des bouff\u00e9es de chaleur, des naus\u00e9es, des vomissements, des maux de t\u00eate et des palpitations. Par cons\u00e9quent, il est conseill\u00e9 d&rsquo;\u00e9viter l&rsquo;alcool pendant le traitement et pendant au moins 48 heures apr\u00e8s.<\/p>\n","protected":false},"excerpt":{"rendered":"<ul>\n<li>Cible les bact\u00e9ries ana\u00e9robies et les protozoaires<\/li>\n<li>Efficace contre les infections bact\u00e9riennes, parasitaires et sexuellement transmissibles<\/li>\n<li>Disponible sous forme orale, topique et vaginale<\/li>\n<\/ul>\n","protected":false},"featured_media":796,"comment_status":"open","ping_status":"closed","template":"","meta":[],"product_brand":[],"product_cat":[79,172],"product_tag":[],"expert":[21],"class_list":{"0":"post-794","1":"product","2":"type-product","3":"status-publish","4":"has-post-thumbnail","6":"product_cat-antibiotiques-infection","7":"product_cat-trichomonase","8":"expert-dr-m-sharoyko","10":"first","11":"instock","12":"shipping-taxable","13":"product-type-variable"},"yoast_head":"<!-- This site is optimized with the Yoast SEO plugin v27.0 - https:\/\/yoast.com\/product\/yoast-seo-wordpress\/ -->\n<title>Metronidazole (Flagyl) | Soulagement Antibiotique Fiable - Transtoyou<\/title>\n<meta name=\"description\" content=\"D\u00e9couvrez le Metronidazole (Flagyl) sur Transtoyou, efficace contre des infections comme la trichomonase. Achetez d\u00e8s maintenant des antibiotiques fiables.\" \/>\n<meta name=\"robots\" content=\"noindex, follow, max-snippet:-1, max-image-preview:large, max-video-preview:-1\" \/>\n<meta property=\"og:locale\" content=\"fr_FR\" \/>\n<meta property=\"og:type\" content=\"article\" \/>\n<meta property=\"og:title\" content=\"Metronidazole (Flagyl) | Soulagement Antibiotique Fiable - Transtoyou\" \/>\n<meta property=\"og:description\" content=\"D\u00e9couvrez le Metronidazole (Flagyl) sur Transtoyou, efficace contre des infections comme la trichomonase. Achetez d\u00e8s maintenant des antibiotiques fiables.\" \/>\n<meta property=\"og:url\" content=\"https:\/\/www.transtoyou.com\/fr\/product\/metronidazole-flagyl\/\" \/>\n<meta property=\"og:site_name\" content=\"Transtoyou - FR\" \/>\n<meta property=\"article:modified_time\" content=\"2026-02-25T12:38:04+00:00\" \/>\n<meta name=\"twitter:card\" content=\"summary_large_image\" \/>\n<meta name=\"twitter:label1\" content=\"Dur\u00e9e de lecture estim\u00e9e\" \/>\n\t<meta name=\"twitter:data1\" content=\"1 minute\" \/>\n<script type=\"application\/ld+json\" class=\"yoast-schema-graph\">{\"@context\":\"https:\/\/schema.org\",\"@graph\":[{\"@type\":\"WebPage\",\"@id\":\"https:\/\/www.transtoyou.com\/fr\/product\/metronidazole-flagyl\/\",\"url\":\"https:\/\/www.transtoyou.com\/fr\/product\/metronidazole-flagyl\/\",\"name\":\"Metronidazole (Flagyl) | Soulagement Antibiotique Fiable - Transtoyou\",\"isPartOf\":{\"@id\":\"https:\/\/www.transtoyou.com\/fr\/#website\"},\"primaryImageOfPage\":{\"@id\":\"https:\/\/www.transtoyou.com\/fr\/product\/metronidazole-flagyl\/#primaryimage\"},\"image\":{\"@id\":\"https:\/\/www.transtoyou.com\/fr\/product\/metronidazole-flagyl\/#primaryimage\"},\"thumbnailUrl\":\"https:\/\/www.transtoyou.com\/fr\/wp-content\/uploads\/sites\/5\/2026\/01\/tty-no-product-image-19.webp\",\"datePublished\":\"2026-01-22T17:41:13+00:00\",\"dateModified\":\"2026-02-25T12:38:04+00:00\",\"description\":\"D\u00e9couvrez le Metronidazole (Flagyl) sur Transtoyou, efficace contre des infections comme la trichomonase. Achetez d\u00e8s maintenant des antibiotiques fiables.\",\"breadcrumb\":{\"@id\":\"https:\/\/www.transtoyou.com\/fr\/product\/metronidazole-flagyl\/#breadcrumb\"},\"inLanguage\":\"fr-FR\",\"potentialAction\":[{\"@type\":\"ReadAction\",\"target\":[\"https:\/\/www.transtoyou.com\/fr\/product\/metronidazole-flagyl\/\"]}]},{\"@type\":\"ImageObject\",\"inLanguage\":\"fr-FR\",\"@id\":\"https:\/\/www.transtoyou.com\/fr\/product\/metronidazole-flagyl\/#primaryimage\",\"url\":\"https:\/\/www.transtoyou.com\/fr\/wp-content\/uploads\/sites\/5\/2026\/01\/tty-no-product-image-19.webp\",\"contentUrl\":\"https:\/\/www.transtoyou.com\/fr\/wp-content\/uploads\/sites\/5\/2026\/01\/tty-no-product-image-19.webp\",\"width\":1000,\"height\":1000,\"caption\":\"Image produit par d\u00e9faut\"},{\"@type\":\"WebSite\",\"@id\":\"https:\/\/www.transtoyou.com\/fr\/#website\",\"url\":\"https:\/\/www.transtoyou.com\/fr\/\",\"name\":\"Transtoyou - FR\",\"description\":\"\",\"publisher\":{\"@id\":\"https:\/\/www.transtoyou.com\/fr\/#organization\"},\"potentialAction\":[{\"@type\":\"SearchAction\",\"target\":{\"@type\":\"EntryPoint\",\"urlTemplate\":\"https:\/\/www.transtoyou.com\/fr\/?s={search_term_string}\"},\"query-input\":{\"@type\":\"PropertyValueSpecification\",\"valueRequired\":true,\"valueName\":\"search_term_string\"}}],\"inLanguage\":\"fr-FR\"},{\"@type\":\"Organization\",\"@id\":\"https:\/\/www.transtoyou.com\/fr\/#organization\",\"name\":\"Transtoyou - FR\",\"url\":\"https:\/\/www.transtoyou.com\/fr\/\",\"logo\":{\"@type\":\"ImageObject\",\"inLanguage\":\"fr-FR\",\"@id\":\"https:\/\/www.transtoyou.com\/fr\/#\/schema\/logo\/image\/\",\"url\":\"https:\/\/www.transtoyou.com\/fr\/wp-content\/uploads\/sites\/5\/2026\/01\/logo-tty-menu-bar-300x87-1.webp\",\"contentUrl\":\"https:\/\/www.transtoyou.com\/fr\/wp-content\/uploads\/sites\/5\/2026\/01\/logo-tty-menu-bar-300x87-1.webp\",\"width\":300,\"height\":87,\"caption\":\"Transtoyou - FR\"},\"image\":{\"@id\":\"https:\/\/www.transtoyou.com\/fr\/#\/schema\/logo\/image\/\"}}]}<\/script>\n<!-- \/ Yoast SEO plugin. -->","yoast_head_json":{"title":"Metronidazole (Flagyl) | Soulagement Antibiotique Fiable - Transtoyou","description":"D\u00e9couvrez le Metronidazole (Flagyl) sur Transtoyou, efficace contre des infections comme la trichomonase. Achetez d\u00e8s maintenant des antibiotiques fiables.","robots":{"index":"noindex","follow":"follow","max-snippet":"max-snippet:-1","max-image-preview":"max-image-preview:large","max-video-preview":"max-video-preview:-1"},"og_locale":"fr_FR","og_type":"article","og_title":"Metronidazole (Flagyl) | Soulagement Antibiotique Fiable - Transtoyou","og_description":"D\u00e9couvrez le Metronidazole (Flagyl) sur Transtoyou, efficace contre des infections comme la trichomonase. Achetez d\u00e8s maintenant des antibiotiques fiables.","og_url":"https:\/\/www.transtoyou.com\/fr\/product\/metronidazole-flagyl\/","og_site_name":"Transtoyou - FR","article_modified_time":"2026-02-25T12:38:04+00:00","twitter_card":"summary_large_image","twitter_misc":{"Dur\u00e9e de lecture estim\u00e9e":"1 minute"},"schema":{"@context":"https:\/\/schema.org","@graph":[{"@type":"WebPage","@id":"https:\/\/www.transtoyou.com\/fr\/product\/metronidazole-flagyl\/","url":"https:\/\/www.transtoyou.com\/fr\/product\/metronidazole-flagyl\/","name":"Metronidazole (Flagyl) | Soulagement Antibiotique Fiable - Transtoyou","isPartOf":{"@id":"https:\/\/www.transtoyou.com\/fr\/#website"},"primaryImageOfPage":{"@id":"https:\/\/www.transtoyou.com\/fr\/product\/metronidazole-flagyl\/#primaryimage"},"image":{"@id":"https:\/\/www.transtoyou.com\/fr\/product\/metronidazole-flagyl\/#primaryimage"},"thumbnailUrl":"https:\/\/www.transtoyou.com\/fr\/wp-content\/uploads\/sites\/5\/2026\/01\/tty-no-product-image-19.webp","datePublished":"2026-01-22T17:41:13+00:00","dateModified":"2026-02-25T12:38:04+00:00","description":"D\u00e9couvrez le Metronidazole (Flagyl) sur Transtoyou, efficace contre des infections comme la trichomonase. Achetez d\u00e8s maintenant des antibiotiques fiables.","breadcrumb":{"@id":"https:\/\/www.transtoyou.com\/fr\/product\/metronidazole-flagyl\/#breadcrumb"},"inLanguage":"fr-FR","potentialAction":[{"@type":"ReadAction","target":["https:\/\/www.transtoyou.com\/fr\/product\/metronidazole-flagyl\/"]}]},{"@type":"ImageObject","inLanguage":"fr-FR","@id":"https:\/\/www.transtoyou.com\/fr\/product\/metronidazole-flagyl\/#primaryimage","url":"https:\/\/www.transtoyou.com\/fr\/wp-content\/uploads\/sites\/5\/2026\/01\/tty-no-product-image-19.webp","contentUrl":"https:\/\/www.transtoyou.com\/fr\/wp-content\/uploads\/sites\/5\/2026\/01\/tty-no-product-image-19.webp","width":1000,"height":1000,"caption":"Image produit par d\u00e9faut"},{"@type":"WebSite","@id":"https:\/\/www.transtoyou.com\/fr\/#website","url":"https:\/\/www.transtoyou.com\/fr\/","name":"Transtoyou - FR","description":"","publisher":{"@id":"https:\/\/www.transtoyou.com\/fr\/#organization"},"potentialAction":[{"@type":"SearchAction","target":{"@type":"EntryPoint","urlTemplate":"https:\/\/www.transtoyou.com\/fr\/?s={search_term_string}"},"query-input":{"@type":"PropertyValueSpecification","valueRequired":true,"valueName":"search_term_string"}}],"inLanguage":"fr-FR"},{"@type":"Organization","@id":"https:\/\/www.transtoyou.com\/fr\/#organization","name":"Transtoyou - FR","url":"https:\/\/www.transtoyou.com\/fr\/","logo":{"@type":"ImageObject","inLanguage":"fr-FR","@id":"https:\/\/www.transtoyou.com\/fr\/#\/schema\/logo\/image\/","url":"https:\/\/www.transtoyou.com\/fr\/wp-content\/uploads\/sites\/5\/2026\/01\/logo-tty-menu-bar-300x87-1.webp","contentUrl":"https:\/\/www.transtoyou.com\/fr\/wp-content\/uploads\/sites\/5\/2026\/01\/logo-tty-menu-bar-300x87-1.webp","width":300,"height":87,"caption":"Transtoyou - FR"},"image":{"@id":"https:\/\/www.transtoyou.com\/fr\/#\/schema\/logo\/image\/"}}]}},"_links":{"self":[{"href":"https:\/\/www.transtoyou.com\/fr\/wp-json\/wp\/v2\/product\/794","targetHints":{"allow":["GET"]}}],"collection":[{"href":"https:\/\/www.transtoyou.com\/fr\/wp-json\/wp\/v2\/product"}],"about":[{"href":"https:\/\/www.transtoyou.com\/fr\/wp-json\/wp\/v2\/types\/product"}],"replies":[{"embeddable":true,"href":"https:\/\/www.transtoyou.com\/fr\/wp-json\/wp\/v2\/comments?post=794"}],"wp:featuredmedia":[{"embeddable":true,"href":"https:\/\/www.transtoyou.com\/fr\/wp-json\/wp\/v2\/media\/796"}],"wp:attachment":[{"href":"https:\/\/www.transtoyou.com\/fr\/wp-json\/wp\/v2\/media?parent=794"}],"wp:term":[{"taxonomy":"product_brand","embeddable":true,"href":"https:\/\/www.transtoyou.com\/fr\/wp-json\/wp\/v2\/product_brand?post=794"},{"taxonomy":"product_cat","embeddable":true,"href":"https:\/\/www.transtoyou.com\/fr\/wp-json\/wp\/v2\/product_cat?post=794"},{"taxonomy":"product_tag","embeddable":true,"href":"https:\/\/www.transtoyou.com\/fr\/wp-json\/wp\/v2\/product_tag?post=794"},{"taxonomy":"expert","embeddable":true,"href":"https:\/\/www.transtoyou.com\/fr\/wp-json\/wp\/v2\/expert?post=794"}],"curies":[{"name":"wp","href":"https:\/\/api.w.org\/{rel}","templated":true}]}}