{"id":803,"date":"2026-01-22T20:30:05","date_gmt":"2026-01-22T18:30:05","guid":{"rendered":"https:\/\/www.transtoyou.com\/fr\/product\/nicorette\/"},"modified":"2026-01-22T20:31:07","modified_gmt":"2026-01-22T18:31:07","slug":"nicorette","status":"publish","type":"product","link":"https:\/\/www.transtoyou.com\/fr\/product\/nicorette\/","title":{"rendered":"Nicorette"},"content":{"rendered":"<p>Nicorette est une marque largement reconnue de th\u00e9rapie de remplacement de la nicotine (TRN) con\u00e7ue pour soutenir les personnes qui essaient d&rsquo;arr\u00eater de fumer. Elle est disponible sous diff\u00e9rentes formes. Nicorette d\u00e9livre des quantit\u00e9s contr\u00f4l\u00e9es de nicotine au corps sans les substances nocives pr\u00e9sentes dans les cigarettes. Cela aide \u00e0 r\u00e9duire les sympt\u00f4mes de sevrage et les envies, rendant la transition loin du tabagisme plus g\u00e9rable.<\/p>\n<p>En r\u00e9duisant progressivement la d\u00e9pendance du corps \u00e0 la nicotine, Nicorette permet aux fumeurs de se concentrer sur la rupture de l&rsquo;habitude comportementale de fumer sans subir de sevrage physique intense. Chaque produit Nicorette offre un moyen flexible d&rsquo;adapter le plan d&rsquo;arr\u00eat aux pr\u00e9f\u00e9rences et aux modes de vie individuels. Par exemple, les patchs fournissent une nicotine constante tout au long de la journ\u00e9e, tandis que les gommes ou les pastilles offrent un soulagement plus imm\u00e9diat pendant les envies.<\/p>\n<p>Les produits Nicorette sont g\u00e9n\u00e9ralement utilis\u00e9s pendant une p\u00e9riode de 8 \u00e0 12 semaines, avec une r\u00e9duction de la posologie au fil du temps. Ils peuvent \u00eatre utilis\u00e9s seuls ou en combinaison, par exemple, en combinant un patch avec une gomme.<\/p>\n<p>Les effets secondaires peuvent inclure une l\u00e9g\u00e8re irritation de la gorge ou de la bouche, des hoquets, une sensibilit\u00e9 de la peau (provenant des patchs) ou un estomac d\u00e9rang\u00e9. Ces effets sont g\u00e9n\u00e9ralement temporaires. Nicorette n&rsquo;est pas recommand\u00e9 pendant la grossesse ou l&rsquo;allaitement, sauf approbation d&rsquo;un m\u00e9decin.<\/p>\n","protected":false},"excerpt":{"rendered":"<ul>\n<li>R\u00e9duit les envies de nicotine<\/li>\n<li>Formats multiples disponibles<\/li>\n<li>Aide \u00e0 arr\u00eater de fumer progressivement<\/li>\n<\/ul>\n","protected":false},"featured_media":805,"comment_status":"open","ping_status":"closed","template":"","meta":[],"product_brand":[],"product_cat":[166],"product_tag":[],"expert":[16],"class_list":{"0":"post-803","1":"product","2":"type-product","3":"status-publish","4":"has-post-thumbnail","6":"product_cat-aides-a-larret-du-tabac","7":"expert-dr-c-alexandru","9":"first","10":"instock","11":"shipping-taxable","12":"product-type-variable"},"yoast_head":"<!-- This site is optimized with the Yoast SEO plugin v27.0 - https:\/\/yoast.com\/product\/yoast-seo-wordpress\/ -->\n<title>Nicorette | Aide \u00e0 l&#039;arr\u00eat du tabac et soulagement des envies - Transtoyou<\/title>\n<meta name=\"description\" content=\"Nicorette, disponible sur Transtoyou, aide \u00e0 att\u00e9nuer le sevrage tabagique en d\u00e9livrant de la nicotine contr\u00f4l\u00e9e. Commandez maintenant des plans d&#039;arr\u00eat flexibles adapt\u00e9s \u00e0 vous.\" \/>\n<meta name=\"robots\" content=\"noindex, follow, max-snippet:-1, max-image-preview:large, max-video-preview:-1\" \/>\n<meta property=\"og:locale\" content=\"fr_FR\" \/>\n<meta property=\"og:type\" content=\"article\" \/>\n<meta property=\"og:title\" content=\"Nicorette | Aide \u00e0 l&#039;arr\u00eat du tabac et soulagement des envies - Transtoyou\" \/>\n<meta property=\"og:description\" content=\"Nicorette, disponible sur Transtoyou, aide \u00e0 att\u00e9nuer le sevrage tabagique en d\u00e9livrant de la nicotine contr\u00f4l\u00e9e. Commandez maintenant des plans d&#039;arr\u00eat flexibles adapt\u00e9s \u00e0 vous.\" \/>\n<meta property=\"og:url\" content=\"https:\/\/www.transtoyou.com\/fr\/product\/nicorette\/\" \/>\n<meta property=\"og:site_name\" content=\"Transtoyou - FR\" \/>\n<meta property=\"article:modified_time\" content=\"2026-01-22T18:31:07+00:00\" \/>\n<meta name=\"twitter:card\" content=\"summary_large_image\" \/>\n<meta name=\"twitter:label1\" content=\"Dur\u00e9e de lecture estim\u00e9e\" \/>\n\t<meta name=\"twitter:data1\" content=\"1 minute\" \/>\n<script type=\"application\/ld+json\" class=\"yoast-schema-graph\">{\"@context\":\"https:\/\/schema.org\",\"@graph\":[{\"@type\":\"WebPage\",\"@id\":\"https:\/\/www.transtoyou.com\/fr\/product\/nicorette\/\",\"url\":\"https:\/\/www.transtoyou.com\/fr\/product\/nicorette\/\",\"name\":\"Nicorette | Aide \u00e0 l'arr\u00eat du tabac et soulagement des envies - Transtoyou\",\"isPartOf\":{\"@id\":\"https:\/\/www.transtoyou.com\/fr\/#website\"},\"primaryImageOfPage\":{\"@id\":\"https:\/\/www.transtoyou.com\/fr\/product\/nicorette\/#primaryimage\"},\"image\":{\"@id\":\"https:\/\/www.transtoyou.com\/fr\/product\/nicorette\/#primaryimage\"},\"thumbnailUrl\":\"https:\/\/www.transtoyou.com\/fr\/wp-content\/uploads\/sites\/5\/2026\/01\/tty-no-product-image-22.webp\",\"datePublished\":\"2026-01-22T18:30:05+00:00\",\"dateModified\":\"2026-01-22T18:31:07+00:00\",\"description\":\"Nicorette, disponible sur Transtoyou, aide \u00e0 att\u00e9nuer le sevrage tabagique en d\u00e9livrant de la nicotine contr\u00f4l\u00e9e. Commandez maintenant des plans d'arr\u00eat flexibles adapt\u00e9s \u00e0 vous.\",\"breadcrumb\":{\"@id\":\"https:\/\/www.transtoyou.com\/fr\/product\/nicorette\/#breadcrumb\"},\"inLanguage\":\"fr-FR\",\"potentialAction\":[{\"@type\":\"ReadAction\",\"target\":[\"https:\/\/www.transtoyou.com\/fr\/product\/nicorette\/\"]}]},{\"@type\":\"ImageObject\",\"inLanguage\":\"fr-FR\",\"@id\":\"https:\/\/www.transtoyou.com\/fr\/product\/nicorette\/#primaryimage\",\"url\":\"https:\/\/www.transtoyou.com\/fr\/wp-content\/uploads\/sites\/5\/2026\/01\/tty-no-product-image-22.webp\",\"contentUrl\":\"https:\/\/www.transtoyou.com\/fr\/wp-content\/uploads\/sites\/5\/2026\/01\/tty-no-product-image-22.webp\",\"width\":1000,\"height\":1000,\"caption\":\"Image produit par d\u00e9faut\"},{\"@type\":\"WebSite\",\"@id\":\"https:\/\/www.transtoyou.com\/fr\/#website\",\"url\":\"https:\/\/www.transtoyou.com\/fr\/\",\"name\":\"Transtoyou - FR\",\"description\":\"\",\"publisher\":{\"@id\":\"https:\/\/www.transtoyou.com\/fr\/#organization\"},\"potentialAction\":[{\"@type\":\"SearchAction\",\"target\":{\"@type\":\"EntryPoint\",\"urlTemplate\":\"https:\/\/www.transtoyou.com\/fr\/?s={search_term_string}\"},\"query-input\":{\"@type\":\"PropertyValueSpecification\",\"valueRequired\":true,\"valueName\":\"search_term_string\"}}],\"inLanguage\":\"fr-FR\"},{\"@type\":\"Organization\",\"@id\":\"https:\/\/www.transtoyou.com\/fr\/#organization\",\"name\":\"Transtoyou - FR\",\"url\":\"https:\/\/www.transtoyou.com\/fr\/\",\"logo\":{\"@type\":\"ImageObject\",\"inLanguage\":\"fr-FR\",\"@id\":\"https:\/\/www.transtoyou.com\/fr\/#\/schema\/logo\/image\/\",\"url\":\"https:\/\/www.transtoyou.com\/fr\/wp-content\/uploads\/sites\/5\/2026\/01\/logo-tty-menu-bar-300x87-1.webp\",\"contentUrl\":\"https:\/\/www.transtoyou.com\/fr\/wp-content\/uploads\/sites\/5\/2026\/01\/logo-tty-menu-bar-300x87-1.webp\",\"width\":300,\"height\":87,\"caption\":\"Transtoyou - FR\"},\"image\":{\"@id\":\"https:\/\/www.transtoyou.com\/fr\/#\/schema\/logo\/image\/\"}}]}<\/script>\n<!-- \/ Yoast SEO plugin. -->","yoast_head_json":{"title":"Nicorette | Aide \u00e0 l'arr\u00eat du tabac et soulagement des envies - Transtoyou","description":"Nicorette, disponible sur Transtoyou, aide \u00e0 att\u00e9nuer le sevrage tabagique en d\u00e9livrant de la nicotine contr\u00f4l\u00e9e. Commandez maintenant des plans d'arr\u00eat flexibles adapt\u00e9s \u00e0 vous.","robots":{"index":"noindex","follow":"follow","max-snippet":"max-snippet:-1","max-image-preview":"max-image-preview:large","max-video-preview":"max-video-preview:-1"},"og_locale":"fr_FR","og_type":"article","og_title":"Nicorette | Aide \u00e0 l'arr\u00eat du tabac et soulagement des envies - Transtoyou","og_description":"Nicorette, disponible sur Transtoyou, aide \u00e0 att\u00e9nuer le sevrage tabagique en d\u00e9livrant de la nicotine contr\u00f4l\u00e9e. Commandez maintenant des plans d'arr\u00eat flexibles adapt\u00e9s \u00e0 vous.","og_url":"https:\/\/www.transtoyou.com\/fr\/product\/nicorette\/","og_site_name":"Transtoyou - FR","article_modified_time":"2026-01-22T18:31:07+00:00","twitter_card":"summary_large_image","twitter_misc":{"Dur\u00e9e de lecture estim\u00e9e":"1 minute"},"schema":{"@context":"https:\/\/schema.org","@graph":[{"@type":"WebPage","@id":"https:\/\/www.transtoyou.com\/fr\/product\/nicorette\/","url":"https:\/\/www.transtoyou.com\/fr\/product\/nicorette\/","name":"Nicorette | Aide \u00e0 l'arr\u00eat du tabac et soulagement des envies - Transtoyou","isPartOf":{"@id":"https:\/\/www.transtoyou.com\/fr\/#website"},"primaryImageOfPage":{"@id":"https:\/\/www.transtoyou.com\/fr\/product\/nicorette\/#primaryimage"},"image":{"@id":"https:\/\/www.transtoyou.com\/fr\/product\/nicorette\/#primaryimage"},"thumbnailUrl":"https:\/\/www.transtoyou.com\/fr\/wp-content\/uploads\/sites\/5\/2026\/01\/tty-no-product-image-22.webp","datePublished":"2026-01-22T18:30:05+00:00","dateModified":"2026-01-22T18:31:07+00:00","description":"Nicorette, disponible sur Transtoyou, aide \u00e0 att\u00e9nuer le sevrage tabagique en d\u00e9livrant de la nicotine contr\u00f4l\u00e9e. Commandez maintenant des plans d'arr\u00eat flexibles adapt\u00e9s \u00e0 vous.","breadcrumb":{"@id":"https:\/\/www.transtoyou.com\/fr\/product\/nicorette\/#breadcrumb"},"inLanguage":"fr-FR","potentialAction":[{"@type":"ReadAction","target":["https:\/\/www.transtoyou.com\/fr\/product\/nicorette\/"]}]},{"@type":"ImageObject","inLanguage":"fr-FR","@id":"https:\/\/www.transtoyou.com\/fr\/product\/nicorette\/#primaryimage","url":"https:\/\/www.transtoyou.com\/fr\/wp-content\/uploads\/sites\/5\/2026\/01\/tty-no-product-image-22.webp","contentUrl":"https:\/\/www.transtoyou.com\/fr\/wp-content\/uploads\/sites\/5\/2026\/01\/tty-no-product-image-22.webp","width":1000,"height":1000,"caption":"Image produit par d\u00e9faut"},{"@type":"WebSite","@id":"https:\/\/www.transtoyou.com\/fr\/#website","url":"https:\/\/www.transtoyou.com\/fr\/","name":"Transtoyou - FR","description":"","publisher":{"@id":"https:\/\/www.transtoyou.com\/fr\/#organization"},"potentialAction":[{"@type":"SearchAction","target":{"@type":"EntryPoint","urlTemplate":"https:\/\/www.transtoyou.com\/fr\/?s={search_term_string}"},"query-input":{"@type":"PropertyValueSpecification","valueRequired":true,"valueName":"search_term_string"}}],"inLanguage":"fr-FR"},{"@type":"Organization","@id":"https:\/\/www.transtoyou.com\/fr\/#organization","name":"Transtoyou - FR","url":"https:\/\/www.transtoyou.com\/fr\/","logo":{"@type":"ImageObject","inLanguage":"fr-FR","@id":"https:\/\/www.transtoyou.com\/fr\/#\/schema\/logo\/image\/","url":"https:\/\/www.transtoyou.com\/fr\/wp-content\/uploads\/sites\/5\/2026\/01\/logo-tty-menu-bar-300x87-1.webp","contentUrl":"https:\/\/www.transtoyou.com\/fr\/wp-content\/uploads\/sites\/5\/2026\/01\/logo-tty-menu-bar-300x87-1.webp","width":300,"height":87,"caption":"Transtoyou - FR"},"image":{"@id":"https:\/\/www.transtoyou.com\/fr\/#\/schema\/logo\/image\/"}}]}},"_links":{"self":[{"href":"https:\/\/www.transtoyou.com\/fr\/wp-json\/wp\/v2\/product\/803","targetHints":{"allow":["GET"]}}],"collection":[{"href":"https:\/\/www.transtoyou.com\/fr\/wp-json\/wp\/v2\/product"}],"about":[{"href":"https:\/\/www.transtoyou.com\/fr\/wp-json\/wp\/v2\/types\/product"}],"replies":[{"embeddable":true,"href":"https:\/\/www.transtoyou.com\/fr\/wp-json\/wp\/v2\/comments?post=803"}],"wp:featuredmedia":[{"embeddable":true,"href":"https:\/\/www.transtoyou.com\/fr\/wp-json\/wp\/v2\/media\/805"}],"wp:attachment":[{"href":"https:\/\/www.transtoyou.com\/fr\/wp-json\/wp\/v2\/media?parent=803"}],"wp:term":[{"taxonomy":"product_brand","embeddable":true,"href":"https:\/\/www.transtoyou.com\/fr\/wp-json\/wp\/v2\/product_brand?post=803"},{"taxonomy":"product_cat","embeddable":true,"href":"https:\/\/www.transtoyou.com\/fr\/wp-json\/wp\/v2\/product_cat?post=803"},{"taxonomy":"product_tag","embeddable":true,"href":"https:\/\/www.transtoyou.com\/fr\/wp-json\/wp\/v2\/product_tag?post=803"},{"taxonomy":"expert","embeddable":true,"href":"https:\/\/www.transtoyou.com\/fr\/wp-json\/wp\/v2\/expert?post=803"}],"curies":[{"name":"wp","href":"https:\/\/api.w.org\/{rel}","templated":true}]}}