{"id":812,"date":"2026-01-22T21:16:34","date_gmt":"2026-01-22T19:16:34","guid":{"rendered":"https:\/\/www.transtoyou.com\/fr\/product\/valtrex\/"},"modified":"2026-01-22T21:17:32","modified_gmt":"2026-01-22T19:17:32","slug":"valtrex","status":"publish","type":"product","link":"https:\/\/www.transtoyou.com\/fr\/product\/valtrex\/","title":{"rendered":"Valtrex"},"content":{"rendered":"<p>Valtrex est un m\u00e9dicament antiviral (m\u00e9dicament contre les virus) utilis\u00e9 pour traiter les infections caus\u00e9es par les virus de l&rsquo;herp\u00e8s. C&rsquo;est un prodrogue de l&rsquo;aciclovir, ce qui signifie que votre corps le convertit en sa forme active (aciclovir) apr\u00e8s l&rsquo;avoir pris. L&rsquo;aciclovir agit en emp\u00eachant le virus de r\u00e9pliquer son ADN (mat\u00e9riel g\u00e9n\u00e9tique), ce qui emp\u00eache sa multiplication et sa propagation (bloque la r\u00e9plication virale).<\/p>\n<p>Valtrex est principalement prescrit pour les infections caus\u00e9es par les virus de l&rsquo;herp\u00e8s, y compris les boutons de fi\u00e8vre (herp\u00e8s oral), l&rsquo;herp\u00e8s g\u00e9nital, le zona (herp\u00e8s zoster), les infections oculaires dues \u00e0 l&rsquo;herp\u00e8s, et pour pr\u00e9venir les infections \u00e0 cytom\u00e9galovirus (CMV) chez les personnes ayant subi une transplantation d&rsquo;organe. Il est \u00e9galement utilis\u00e9 \u00e0 long terme pour r\u00e9duire la fr\u00e9quence des pouss\u00e9es.<\/p>\n<p>Valtrex agit sur le corps en contr\u00f4lant le virus pendant les pouss\u00e9es actives et en r\u00e9duisant le risque de futures recrudescences. Il fonctionne bien lorsqu&rsquo;il est commenc\u00e9 t\u00f4t dans l&rsquo;\u00e9volution des sympt\u00f4mes, souvent dans les 1 \u00e0 1,5 heures suivant leur apparition. Comme il cible uniquement les cellules infect\u00e9es par le virus, les cellules saines sont g\u00e9n\u00e9ralement \u00e9pargn\u00e9es, ce qui entra\u00eene moins d&rsquo;effets secondaires.<\/p>\n<p>Les principaux avantages de Valtrex sont son action rapide, sa facilit\u00e9 d&rsquo;utilisation (comprim\u00e9 oral), moins de doses quotidiennes par rapport aux antiviraux plus anciens, et de fortes preuves d&rsquo;efficacit\u00e9. Il r\u00e9duit la douleur et le temps de gu\u00e9rison pendant les pouss\u00e9es et peut \u00e9galement diminuer les chances de transmettre le virus \u00e0 d&rsquo;autres lorsqu&rsquo;il est utilis\u00e9 quotidiennement.<\/p>\n<p>Valtrex ne gu\u00e9rit pas l&rsquo;herp\u00e8s mais aide \u00e0 le g\u00e9rer efficacement et rend la vie avec cette condition plus supportable.<\/p>\n","protected":false},"excerpt":{"rendered":"<ul>\n<li>Antiviral contre les virus de l&rsquo;herp\u00e8s<\/li>\n<li>Aide \u00e0 r\u00e9duire les pouss\u00e9es et les sympt\u00f4mes<\/li>\n<li>Option quotidienne pour la pr\u00e9vention<\/li>\n<\/ul>\n","protected":false},"featured_media":814,"comment_status":"open","ping_status":"closed","template":"","meta":[],"product_brand":[],"product_cat":[163,135,93],"product_tag":[],"expert":[17],"class_list":{"0":"post-812","1":"product","2":"type-product","3":"status-publish","4":"has-post-thumbnail","6":"product_cat-bardeaux","7":"product_cat-herpes","8":"product_cat-herpes-labial","9":"expert-dr-c-munoz-parada","11":"first","12":"instock","13":"shipping-taxable","14":"product-type-variable"},"yoast_head":"<!-- This site is optimized with the Yoast SEO plugin v27.0 - https:\/\/yoast.com\/product\/yoast-seo-wordpress\/ -->\n<title>Valtrex | Soutien antiviral efficace - Transtoyou<\/title>\n<meta name=\"description\" content=\"Valtrex disponible sur Transtoyou, offrant un soutien antiviral de confiance. D\u00e9couvrez ses avantages pour g\u00e9rer les sympt\u00f4mes de l&#039;herp\u00e8s. Achetez maintenant pour des soins efficaces.\" \/>\n<meta name=\"robots\" content=\"noindex, follow, max-snippet:-1, max-image-preview:large, max-video-preview:-1\" \/>\n<meta property=\"og:locale\" content=\"fr_FR\" \/>\n<meta property=\"og:type\" content=\"article\" \/>\n<meta property=\"og:title\" content=\"Valtrex | Soutien antiviral efficace - Transtoyou\" \/>\n<meta property=\"og:description\" content=\"Valtrex disponible sur Transtoyou, offrant un soutien antiviral de confiance. D\u00e9couvrez ses avantages pour g\u00e9rer les sympt\u00f4mes de l&#039;herp\u00e8s. Achetez maintenant pour des soins efficaces.\" \/>\n<meta property=\"og:url\" content=\"https:\/\/www.transtoyou.com\/fr\/product\/valtrex\/\" \/>\n<meta property=\"og:site_name\" content=\"Transtoyou - FR\" \/>\n<meta property=\"article:modified_time\" content=\"2026-01-22T19:17:32+00:00\" \/>\n<meta name=\"twitter:card\" content=\"summary_large_image\" \/>\n<meta name=\"twitter:label1\" content=\"Dur\u00e9e de lecture estim\u00e9e\" \/>\n\t<meta name=\"twitter:data1\" content=\"2 minutes\" \/>\n<script type=\"application\/ld+json\" class=\"yoast-schema-graph\">{\"@context\":\"https:\/\/schema.org\",\"@graph\":[{\"@type\":\"WebPage\",\"@id\":\"https:\/\/www.transtoyou.com\/fr\/product\/valtrex\/\",\"url\":\"https:\/\/www.transtoyou.com\/fr\/product\/valtrex\/\",\"name\":\"Valtrex | Soutien antiviral efficace - Transtoyou\",\"isPartOf\":{\"@id\":\"https:\/\/www.transtoyou.com\/fr\/#website\"},\"primaryImageOfPage\":{\"@id\":\"https:\/\/www.transtoyou.com\/fr\/product\/valtrex\/#primaryimage\"},\"image\":{\"@id\":\"https:\/\/www.transtoyou.com\/fr\/product\/valtrex\/#primaryimage\"},\"thumbnailUrl\":\"https:\/\/www.transtoyou.com\/fr\/wp-content\/uploads\/sites\/5\/2026\/01\/tty-no-product-image-25.webp\",\"datePublished\":\"2026-01-22T19:16:34+00:00\",\"dateModified\":\"2026-01-22T19:17:32+00:00\",\"description\":\"Valtrex disponible sur Transtoyou, offrant un soutien antiviral de confiance. D\u00e9couvrez ses avantages pour g\u00e9rer les sympt\u00f4mes de l'herp\u00e8s. Achetez maintenant pour des soins efficaces.\",\"breadcrumb\":{\"@id\":\"https:\/\/www.transtoyou.com\/fr\/product\/valtrex\/#breadcrumb\"},\"inLanguage\":\"fr-FR\",\"potentialAction\":[{\"@type\":\"ReadAction\",\"target\":[\"https:\/\/www.transtoyou.com\/fr\/product\/valtrex\/\"]}]},{\"@type\":\"ImageObject\",\"inLanguage\":\"fr-FR\",\"@id\":\"https:\/\/www.transtoyou.com\/fr\/product\/valtrex\/#primaryimage\",\"url\":\"https:\/\/www.transtoyou.com\/fr\/wp-content\/uploads\/sites\/5\/2026\/01\/tty-no-product-image-25.webp\",\"contentUrl\":\"https:\/\/www.transtoyou.com\/fr\/wp-content\/uploads\/sites\/5\/2026\/01\/tty-no-product-image-25.webp\",\"width\":1000,\"height\":1000,\"caption\":\"Image de produit par d\u00e9faut\"},{\"@type\":\"WebSite\",\"@id\":\"https:\/\/www.transtoyou.com\/fr\/#website\",\"url\":\"https:\/\/www.transtoyou.com\/fr\/\",\"name\":\"Transtoyou - FR\",\"description\":\"\",\"publisher\":{\"@id\":\"https:\/\/www.transtoyou.com\/fr\/#organization\"},\"potentialAction\":[{\"@type\":\"SearchAction\",\"target\":{\"@type\":\"EntryPoint\",\"urlTemplate\":\"https:\/\/www.transtoyou.com\/fr\/?s={search_term_string}\"},\"query-input\":{\"@type\":\"PropertyValueSpecification\",\"valueRequired\":true,\"valueName\":\"search_term_string\"}}],\"inLanguage\":\"fr-FR\"},{\"@type\":\"Organization\",\"@id\":\"https:\/\/www.transtoyou.com\/fr\/#organization\",\"name\":\"Transtoyou - FR\",\"url\":\"https:\/\/www.transtoyou.com\/fr\/\",\"logo\":{\"@type\":\"ImageObject\",\"inLanguage\":\"fr-FR\",\"@id\":\"https:\/\/www.transtoyou.com\/fr\/#\/schema\/logo\/image\/\",\"url\":\"https:\/\/www.transtoyou.com\/fr\/wp-content\/uploads\/sites\/5\/2026\/01\/logo-tty-menu-bar-300x87-1.webp\",\"contentUrl\":\"https:\/\/www.transtoyou.com\/fr\/wp-content\/uploads\/sites\/5\/2026\/01\/logo-tty-menu-bar-300x87-1.webp\",\"width\":300,\"height\":87,\"caption\":\"Transtoyou - FR\"},\"image\":{\"@id\":\"https:\/\/www.transtoyou.com\/fr\/#\/schema\/logo\/image\/\"}}]}<\/script>\n<!-- \/ Yoast SEO plugin. -->","yoast_head_json":{"title":"Valtrex | Soutien antiviral efficace - Transtoyou","description":"Valtrex disponible sur Transtoyou, offrant un soutien antiviral de confiance. D\u00e9couvrez ses avantages pour g\u00e9rer les sympt\u00f4mes de l'herp\u00e8s. Achetez maintenant pour des soins efficaces.","robots":{"index":"noindex","follow":"follow","max-snippet":"max-snippet:-1","max-image-preview":"max-image-preview:large","max-video-preview":"max-video-preview:-1"},"og_locale":"fr_FR","og_type":"article","og_title":"Valtrex | Soutien antiviral efficace - Transtoyou","og_description":"Valtrex disponible sur Transtoyou, offrant un soutien antiviral de confiance. D\u00e9couvrez ses avantages pour g\u00e9rer les sympt\u00f4mes de l'herp\u00e8s. Achetez maintenant pour des soins efficaces.","og_url":"https:\/\/www.transtoyou.com\/fr\/product\/valtrex\/","og_site_name":"Transtoyou - FR","article_modified_time":"2026-01-22T19:17:32+00:00","twitter_card":"summary_large_image","twitter_misc":{"Dur\u00e9e de lecture estim\u00e9e":"2 minutes"},"schema":{"@context":"https:\/\/schema.org","@graph":[{"@type":"WebPage","@id":"https:\/\/www.transtoyou.com\/fr\/product\/valtrex\/","url":"https:\/\/www.transtoyou.com\/fr\/product\/valtrex\/","name":"Valtrex | Soutien antiviral efficace - Transtoyou","isPartOf":{"@id":"https:\/\/www.transtoyou.com\/fr\/#website"},"primaryImageOfPage":{"@id":"https:\/\/www.transtoyou.com\/fr\/product\/valtrex\/#primaryimage"},"image":{"@id":"https:\/\/www.transtoyou.com\/fr\/product\/valtrex\/#primaryimage"},"thumbnailUrl":"https:\/\/www.transtoyou.com\/fr\/wp-content\/uploads\/sites\/5\/2026\/01\/tty-no-product-image-25.webp","datePublished":"2026-01-22T19:16:34+00:00","dateModified":"2026-01-22T19:17:32+00:00","description":"Valtrex disponible sur Transtoyou, offrant un soutien antiviral de confiance. D\u00e9couvrez ses avantages pour g\u00e9rer les sympt\u00f4mes de l'herp\u00e8s. Achetez maintenant pour des soins efficaces.","breadcrumb":{"@id":"https:\/\/www.transtoyou.com\/fr\/product\/valtrex\/#breadcrumb"},"inLanguage":"fr-FR","potentialAction":[{"@type":"ReadAction","target":["https:\/\/www.transtoyou.com\/fr\/product\/valtrex\/"]}]},{"@type":"ImageObject","inLanguage":"fr-FR","@id":"https:\/\/www.transtoyou.com\/fr\/product\/valtrex\/#primaryimage","url":"https:\/\/www.transtoyou.com\/fr\/wp-content\/uploads\/sites\/5\/2026\/01\/tty-no-product-image-25.webp","contentUrl":"https:\/\/www.transtoyou.com\/fr\/wp-content\/uploads\/sites\/5\/2026\/01\/tty-no-product-image-25.webp","width":1000,"height":1000,"caption":"Image de produit par d\u00e9faut"},{"@type":"WebSite","@id":"https:\/\/www.transtoyou.com\/fr\/#website","url":"https:\/\/www.transtoyou.com\/fr\/","name":"Transtoyou - FR","description":"","publisher":{"@id":"https:\/\/www.transtoyou.com\/fr\/#organization"},"potentialAction":[{"@type":"SearchAction","target":{"@type":"EntryPoint","urlTemplate":"https:\/\/www.transtoyou.com\/fr\/?s={search_term_string}"},"query-input":{"@type":"PropertyValueSpecification","valueRequired":true,"valueName":"search_term_string"}}],"inLanguage":"fr-FR"},{"@type":"Organization","@id":"https:\/\/www.transtoyou.com\/fr\/#organization","name":"Transtoyou - FR","url":"https:\/\/www.transtoyou.com\/fr\/","logo":{"@type":"ImageObject","inLanguage":"fr-FR","@id":"https:\/\/www.transtoyou.com\/fr\/#\/schema\/logo\/image\/","url":"https:\/\/www.transtoyou.com\/fr\/wp-content\/uploads\/sites\/5\/2026\/01\/logo-tty-menu-bar-300x87-1.webp","contentUrl":"https:\/\/www.transtoyou.com\/fr\/wp-content\/uploads\/sites\/5\/2026\/01\/logo-tty-menu-bar-300x87-1.webp","width":300,"height":87,"caption":"Transtoyou - FR"},"image":{"@id":"https:\/\/www.transtoyou.com\/fr\/#\/schema\/logo\/image\/"}}]}},"_links":{"self":[{"href":"https:\/\/www.transtoyou.com\/fr\/wp-json\/wp\/v2\/product\/812","targetHints":{"allow":["GET"]}}],"collection":[{"href":"https:\/\/www.transtoyou.com\/fr\/wp-json\/wp\/v2\/product"}],"about":[{"href":"https:\/\/www.transtoyou.com\/fr\/wp-json\/wp\/v2\/types\/product"}],"replies":[{"embeddable":true,"href":"https:\/\/www.transtoyou.com\/fr\/wp-json\/wp\/v2\/comments?post=812"}],"wp:featuredmedia":[{"embeddable":true,"href":"https:\/\/www.transtoyou.com\/fr\/wp-json\/wp\/v2\/media\/814"}],"wp:attachment":[{"href":"https:\/\/www.transtoyou.com\/fr\/wp-json\/wp\/v2\/media?parent=812"}],"wp:term":[{"taxonomy":"product_brand","embeddable":true,"href":"https:\/\/www.transtoyou.com\/fr\/wp-json\/wp\/v2\/product_brand?post=812"},{"taxonomy":"product_cat","embeddable":true,"href":"https:\/\/www.transtoyou.com\/fr\/wp-json\/wp\/v2\/product_cat?post=812"},{"taxonomy":"product_tag","embeddable":true,"href":"https:\/\/www.transtoyou.com\/fr\/wp-json\/wp\/v2\/product_tag?post=812"},{"taxonomy":"expert","embeddable":true,"href":"https:\/\/www.transtoyou.com\/fr\/wp-json\/wp\/v2\/expert?post=812"}],"curies":[{"name":"wp","href":"https:\/\/api.w.org\/{rel}","templated":true}]}}