{"id":815,"date":"2026-01-22T21:31:08","date_gmt":"2026-01-22T19:31:08","guid":{"rendered":"https:\/\/www.transtoyou.com\/fr\/product\/valaciclovir\/"},"modified":"2026-03-06T16:51:28","modified_gmt":"2026-03-06T14:51:28","slug":"valaciclovir","status":"publish","type":"product","link":"https:\/\/www.transtoyou.com\/fr\/product\/valaciclovir\/","title":{"rendered":"Valaciclovir"},"content":{"rendered":"<p>Le valaciclovir est un m\u00e9dicament antiviral utilis\u00e9 pour traiter les infections caus\u00e9es par les virus de l&rsquo;herp\u00e8s. C&rsquo;est un prodrogue de l&rsquo;aciclovir, ce qui signifie que ton corps le transforme en sa forme active (aciclovir) apr\u00e8s l&rsquo;avoir pris. L&rsquo;aciclovir agit en interf\u00e9rant avec la capacit\u00e9 du virus \u00e0 copier son ADN, emp\u00eachant ainsi efficacement sa multiplication et sa propagation.<\/p>\n<p>Le valaciclovir est principalement utilis\u00e9 pour traiter et pr\u00e9venir les infections \u00e0 herp\u00e8s simplex, y compris les boutons de fi\u00e8vre et l&rsquo;herp\u00e8s g\u00e9nital, le zona ou les infections oculaires caus\u00e9es par l&rsquo;herp\u00e8s. Il est particuli\u00e8rement utile pour r\u00e9duire la douleur, la dur\u00e9e et la r\u00e9currence des sympt\u00f4mes.<\/p>\n<p>Ce m\u00e9dicament aide \u00e0 r\u00e9duire la gravit\u00e9 des pouss\u00e9es et peut raccourcir le temps de gu\u00e9rison. Lorsqu&rsquo;il est utilis\u00e9 comme traitement pr\u00e9ventif, il diminue le nombre de r\u00e9currences et peut rendre les pouss\u00e9es moins s\u00e9v\u00e8res. Il commence \u00e0 agir rapidement (dans les 1 \u00e0 1,5 heures apr\u00e8s l&rsquo;ingestion), et comme il est pris par voie orale, il est pratique et facile \u00e0 utiliser. De nombreuses personnes b\u00e9n\u00e9ficient de son action prolong\u00e9e avec relativement peu d&rsquo;effets secondaires.<\/p>\n<p>Le valaciclovir ne gu\u00e9rit pas l&rsquo;herp\u00e8s, mais il rend la vie avec le virus plus g\u00e9rable en limitant son impact sur la vie quotidienne.<\/p>\n","protected":false},"excerpt":{"rendered":"<ul>\n<li>Antiviral contre les virus de l&rsquo;herp\u00e8s<\/li>\n<li>Aide \u00e0 r\u00e9duire les pouss\u00e9es et les sympt\u00f4mes<\/li>\n<li>Option \u00e0 prendre une fois par jour pour la pr\u00e9vention<\/li>\n<\/ul>\n","protected":false},"featured_media":817,"comment_status":"open","ping_status":"closed","template":"","meta":[],"product_brand":[],"product_cat":[163,135,93],"product_tag":[],"expert":[17],"class_list":{"0":"post-815","1":"product","2":"type-product","3":"status-publish","4":"has-post-thumbnail","6":"product_cat-bardeaux","7":"product_cat-herpes","8":"product_cat-herpes-labial","9":"expert-dr-c-munoz-parada","11":"first","12":"instock","13":"shipping-taxable","14":"product-type-variable"},"yoast_head":"<!-- This site is optimized with the Yoast SEO plugin v27.0 - https:\/\/yoast.com\/product\/yoast-seo-wordpress\/ -->\n<title>Valaciclovir | Combattez rapidement l&#039;herp\u00e8s et le zona - Transtoyou<\/title>\n<meta name=\"description\" content=\"Valaciclovir, un antiviral efficace contre l&#039;herp\u00e8s, soulage les sympt\u00f4mes et pr\u00e9vient les r\u00e9cidives. D\u00e9couvrez ses avantages sur Transtoyou aujourd&#039;hui.\" \/>\n<meta name=\"robots\" content=\"noindex, follow, max-snippet:-1, max-image-preview:large, max-video-preview:-1\" \/>\n<meta property=\"og:locale\" content=\"fr_FR\" \/>\n<meta property=\"og:type\" content=\"article\" \/>\n<meta property=\"og:title\" content=\"Valaciclovir | Combattez rapidement l&#039;herp\u00e8s et le zona - Transtoyou\" \/>\n<meta property=\"og:description\" content=\"Valaciclovir, un antiviral efficace contre l&#039;herp\u00e8s, soulage les sympt\u00f4mes et pr\u00e9vient les r\u00e9cidives. D\u00e9couvrez ses avantages sur Transtoyou aujourd&#039;hui.\" \/>\n<meta property=\"og:url\" content=\"https:\/\/www.transtoyou.com\/fr\/product\/valaciclovir\/\" \/>\n<meta property=\"og:site_name\" content=\"Transtoyou - FR\" \/>\n<meta property=\"article:modified_time\" content=\"2026-03-06T14:51:28+00:00\" \/>\n<meta name=\"twitter:card\" content=\"summary_large_image\" \/>\n<meta name=\"twitter:label1\" content=\"Dur\u00e9e de lecture estim\u00e9e\" \/>\n\t<meta name=\"twitter:data1\" content=\"1 minute\" \/>\n<script type=\"application\/ld+json\" class=\"yoast-schema-graph\">{\"@context\":\"https:\/\/schema.org\",\"@graph\":[{\"@type\":\"WebPage\",\"@id\":\"https:\/\/www.transtoyou.com\/fr\/product\/valaciclovir\/\",\"url\":\"https:\/\/www.transtoyou.com\/fr\/product\/valaciclovir\/\",\"name\":\"Valaciclovir | Combattez rapidement l'herp\u00e8s et le zona - Transtoyou\",\"isPartOf\":{\"@id\":\"https:\/\/www.transtoyou.com\/fr\/#website\"},\"primaryImageOfPage\":{\"@id\":\"https:\/\/www.transtoyou.com\/fr\/product\/valaciclovir\/#primaryimage\"},\"image\":{\"@id\":\"https:\/\/www.transtoyou.com\/fr\/product\/valaciclovir\/#primaryimage\"},\"thumbnailUrl\":\"https:\/\/www.transtoyou.com\/fr\/wp-content\/uploads\/sites\/5\/2026\/01\/tty-no-product-image-26.webp\",\"datePublished\":\"2026-01-22T19:31:08+00:00\",\"dateModified\":\"2026-03-06T14:51:28+00:00\",\"description\":\"Valaciclovir, un antiviral efficace contre l'herp\u00e8s, soulage les sympt\u00f4mes et pr\u00e9vient les r\u00e9cidives. D\u00e9couvrez ses avantages sur Transtoyou aujourd'hui.\",\"breadcrumb\":{\"@id\":\"https:\/\/www.transtoyou.com\/fr\/product\/valaciclovir\/#breadcrumb\"},\"inLanguage\":\"fr-FR\",\"potentialAction\":[{\"@type\":\"ReadAction\",\"target\":[\"https:\/\/www.transtoyou.com\/fr\/product\/valaciclovir\/\"]}]},{\"@type\":\"ImageObject\",\"inLanguage\":\"fr-FR\",\"@id\":\"https:\/\/www.transtoyou.com\/fr\/product\/valaciclovir\/#primaryimage\",\"url\":\"https:\/\/www.transtoyou.com\/fr\/wp-content\/uploads\/sites\/5\/2026\/01\/tty-no-product-image-26.webp\",\"contentUrl\":\"https:\/\/www.transtoyou.com\/fr\/wp-content\/uploads\/sites\/5\/2026\/01\/tty-no-product-image-26.webp\",\"width\":1000,\"height\":1000,\"caption\":\"Image produit par d\u00e9faut\"},{\"@type\":\"WebSite\",\"@id\":\"https:\/\/www.transtoyou.com\/fr\/#website\",\"url\":\"https:\/\/www.transtoyou.com\/fr\/\",\"name\":\"Transtoyou - FR\",\"description\":\"\",\"publisher\":{\"@id\":\"https:\/\/www.transtoyou.com\/fr\/#organization\"},\"potentialAction\":[{\"@type\":\"SearchAction\",\"target\":{\"@type\":\"EntryPoint\",\"urlTemplate\":\"https:\/\/www.transtoyou.com\/fr\/?s={search_term_string}\"},\"query-input\":{\"@type\":\"PropertyValueSpecification\",\"valueRequired\":true,\"valueName\":\"search_term_string\"}}],\"inLanguage\":\"fr-FR\"},{\"@type\":\"Organization\",\"@id\":\"https:\/\/www.transtoyou.com\/fr\/#organization\",\"name\":\"Transtoyou - FR\",\"url\":\"https:\/\/www.transtoyou.com\/fr\/\",\"logo\":{\"@type\":\"ImageObject\",\"inLanguage\":\"fr-FR\",\"@id\":\"https:\/\/www.transtoyou.com\/fr\/#\/schema\/logo\/image\/\",\"url\":\"https:\/\/www.transtoyou.com\/fr\/wp-content\/uploads\/sites\/5\/2026\/01\/logo-tty-menu-bar-300x87-1.webp\",\"contentUrl\":\"https:\/\/www.transtoyou.com\/fr\/wp-content\/uploads\/sites\/5\/2026\/01\/logo-tty-menu-bar-300x87-1.webp\",\"width\":300,\"height\":87,\"caption\":\"Transtoyou - FR\"},\"image\":{\"@id\":\"https:\/\/www.transtoyou.com\/fr\/#\/schema\/logo\/image\/\"}}]}<\/script>\n<!-- \/ Yoast SEO plugin. -->","yoast_head_json":{"title":"Valaciclovir | Combattez rapidement l'herp\u00e8s et le zona - Transtoyou","description":"Valaciclovir, un antiviral efficace contre l'herp\u00e8s, soulage les sympt\u00f4mes et pr\u00e9vient les r\u00e9cidives. D\u00e9couvrez ses avantages sur Transtoyou aujourd'hui.","robots":{"index":"noindex","follow":"follow","max-snippet":"max-snippet:-1","max-image-preview":"max-image-preview:large","max-video-preview":"max-video-preview:-1"},"og_locale":"fr_FR","og_type":"article","og_title":"Valaciclovir | Combattez rapidement l'herp\u00e8s et le zona - Transtoyou","og_description":"Valaciclovir, un antiviral efficace contre l'herp\u00e8s, soulage les sympt\u00f4mes et pr\u00e9vient les r\u00e9cidives. D\u00e9couvrez ses avantages sur Transtoyou aujourd'hui.","og_url":"https:\/\/www.transtoyou.com\/fr\/product\/valaciclovir\/","og_site_name":"Transtoyou - FR","article_modified_time":"2026-03-06T14:51:28+00:00","twitter_card":"summary_large_image","twitter_misc":{"Dur\u00e9e de lecture estim\u00e9e":"1 minute"},"schema":{"@context":"https:\/\/schema.org","@graph":[{"@type":"WebPage","@id":"https:\/\/www.transtoyou.com\/fr\/product\/valaciclovir\/","url":"https:\/\/www.transtoyou.com\/fr\/product\/valaciclovir\/","name":"Valaciclovir | Combattez rapidement l'herp\u00e8s et le zona - Transtoyou","isPartOf":{"@id":"https:\/\/www.transtoyou.com\/fr\/#website"},"primaryImageOfPage":{"@id":"https:\/\/www.transtoyou.com\/fr\/product\/valaciclovir\/#primaryimage"},"image":{"@id":"https:\/\/www.transtoyou.com\/fr\/product\/valaciclovir\/#primaryimage"},"thumbnailUrl":"https:\/\/www.transtoyou.com\/fr\/wp-content\/uploads\/sites\/5\/2026\/01\/tty-no-product-image-26.webp","datePublished":"2026-01-22T19:31:08+00:00","dateModified":"2026-03-06T14:51:28+00:00","description":"Valaciclovir, un antiviral efficace contre l'herp\u00e8s, soulage les sympt\u00f4mes et pr\u00e9vient les r\u00e9cidives. D\u00e9couvrez ses avantages sur Transtoyou aujourd'hui.","breadcrumb":{"@id":"https:\/\/www.transtoyou.com\/fr\/product\/valaciclovir\/#breadcrumb"},"inLanguage":"fr-FR","potentialAction":[{"@type":"ReadAction","target":["https:\/\/www.transtoyou.com\/fr\/product\/valaciclovir\/"]}]},{"@type":"ImageObject","inLanguage":"fr-FR","@id":"https:\/\/www.transtoyou.com\/fr\/product\/valaciclovir\/#primaryimage","url":"https:\/\/www.transtoyou.com\/fr\/wp-content\/uploads\/sites\/5\/2026\/01\/tty-no-product-image-26.webp","contentUrl":"https:\/\/www.transtoyou.com\/fr\/wp-content\/uploads\/sites\/5\/2026\/01\/tty-no-product-image-26.webp","width":1000,"height":1000,"caption":"Image produit par d\u00e9faut"},{"@type":"WebSite","@id":"https:\/\/www.transtoyou.com\/fr\/#website","url":"https:\/\/www.transtoyou.com\/fr\/","name":"Transtoyou - FR","description":"","publisher":{"@id":"https:\/\/www.transtoyou.com\/fr\/#organization"},"potentialAction":[{"@type":"SearchAction","target":{"@type":"EntryPoint","urlTemplate":"https:\/\/www.transtoyou.com\/fr\/?s={search_term_string}"},"query-input":{"@type":"PropertyValueSpecification","valueRequired":true,"valueName":"search_term_string"}}],"inLanguage":"fr-FR"},{"@type":"Organization","@id":"https:\/\/www.transtoyou.com\/fr\/#organization","name":"Transtoyou - FR","url":"https:\/\/www.transtoyou.com\/fr\/","logo":{"@type":"ImageObject","inLanguage":"fr-FR","@id":"https:\/\/www.transtoyou.com\/fr\/#\/schema\/logo\/image\/","url":"https:\/\/www.transtoyou.com\/fr\/wp-content\/uploads\/sites\/5\/2026\/01\/logo-tty-menu-bar-300x87-1.webp","contentUrl":"https:\/\/www.transtoyou.com\/fr\/wp-content\/uploads\/sites\/5\/2026\/01\/logo-tty-menu-bar-300x87-1.webp","width":300,"height":87,"caption":"Transtoyou - FR"},"image":{"@id":"https:\/\/www.transtoyou.com\/fr\/#\/schema\/logo\/image\/"}}]}},"_links":{"self":[{"href":"https:\/\/www.transtoyou.com\/fr\/wp-json\/wp\/v2\/product\/815","targetHints":{"allow":["GET"]}}],"collection":[{"href":"https:\/\/www.transtoyou.com\/fr\/wp-json\/wp\/v2\/product"}],"about":[{"href":"https:\/\/www.transtoyou.com\/fr\/wp-json\/wp\/v2\/types\/product"}],"replies":[{"embeddable":true,"href":"https:\/\/www.transtoyou.com\/fr\/wp-json\/wp\/v2\/comments?post=815"}],"wp:featuredmedia":[{"embeddable":true,"href":"https:\/\/www.transtoyou.com\/fr\/wp-json\/wp\/v2\/media\/817"}],"wp:attachment":[{"href":"https:\/\/www.transtoyou.com\/fr\/wp-json\/wp\/v2\/media?parent=815"}],"wp:term":[{"taxonomy":"product_brand","embeddable":true,"href":"https:\/\/www.transtoyou.com\/fr\/wp-json\/wp\/v2\/product_brand?post=815"},{"taxonomy":"product_cat","embeddable":true,"href":"https:\/\/www.transtoyou.com\/fr\/wp-json\/wp\/v2\/product_cat?post=815"},{"taxonomy":"product_tag","embeddable":true,"href":"https:\/\/www.transtoyou.com\/fr\/wp-json\/wp\/v2\/product_tag?post=815"},{"taxonomy":"expert","embeddable":true,"href":"https:\/\/www.transtoyou.com\/fr\/wp-json\/wp\/v2\/expert?post=815"}],"curies":[{"name":"wp","href":"https:\/\/api.w.org\/{rel}","templated":true}]}}