{"id":818,"date":"2026-01-22T21:45:00","date_gmt":"2026-01-22T19:45:00","guid":{"rendered":"https:\/\/www.transtoyou.com\/fr\/product\/xyloproct\/"},"modified":"2026-03-08T12:55:05","modified_gmt":"2026-03-08T10:55:05","slug":"xyloproct","status":"publish","type":"product","link":"https:\/\/www.transtoyou.com\/fr\/product\/xyloproct\/","title":{"rendered":"Xyloproct"},"content":{"rendered":"<p>Xyloproct est un traitement topique con\u00e7u pour soulager les sympt\u00f4mes caus\u00e9s par les h\u00e9morro\u00efdes et d&rsquo;autres affections anales ou rectales. Il combine de la lidoca\u00efne (un anesth\u00e9sique local) et de l&rsquo;hydrocortisone (un st\u00e9ro\u00efde anti-inflammatoire). Ces ingr\u00e9dients agissent ensemble pour fournir un soulagement rapide de la douleur, des d\u00e9mangeaisons, du gonflement et de l&rsquo;irritation (calme l&rsquo;inflammation et l&rsquo;inconfort).<\/p>\n<p>La lidoca\u00efne engourdit la zone (soulage la douleur et les d\u00e9mangeaisons en bloquant les signaux nerveux), tandis que l&rsquo;hydrocortisone r\u00e9duit les rougeurs, le gonflement et les d\u00e9mangeaisons (effet anti-inflammatoire et anti-d\u00e9mangeaison).<\/p>\n<p>Xyloproct est utilis\u00e9 pour traiter l&rsquo;inflammation et les d\u00e9mangeaisons associ\u00e9es aux h\u00e9morro\u00efdes (vaisseaux sanguins enfl\u00e9s dans la r\u00e9gion rectale) et \u00e0 l&rsquo;inconfort anal. Il offre un soulagement cibl\u00e9 et rapide pour des sympt\u00f4mes tels que la douleur, le gonflement, les d\u00e9mangeaisons et la sensibilit\u00e9. La formulation est g\u00e9n\u00e9ralement d\u00e9livr\u00e9e sous forme de pommade douce.<\/p>\n<p>Les principaux avantages de Xyloproct incluent un soulagement rapide des sympt\u00f4mes, une action th\u00e9rapeutique combin\u00e9e (anesth\u00e9sique, anti-inflammatoire, antiseptique et cicatrisante) et une facilit\u00e9 d&rsquo;utilisation. C&rsquo;est un traitement complet pour les \u00e9pisodes h\u00e9morro\u00efdaires aigus et l&rsquo;inconfort rectal associ\u00e9.<\/p>\n","protected":false},"excerpt":{"rendered":"<ul>\n<li>Calme rapidement les sympt\u00f4mes h\u00e9morro\u00efdaires<\/li>\n<li>Combine soulagement de la douleur et anti-inflammatoire<\/li>\n<li>Applicateur rectal facile \u00e0 utiliser<\/li>\n<\/ul>\n","protected":false},"featured_media":820,"comment_status":"open","ping_status":"closed","template":"","meta":[],"product_brand":[],"product_cat":[133],"product_tag":[],"expert":[17],"class_list":{"0":"post-818","1":"product","2":"type-product","3":"status-publish","4":"has-post-thumbnail","6":"product_cat-hemorroides","7":"expert-dr-c-munoz-parada","9":"first","10":"instock","11":"shipping-taxable","12":"product-type-variable"},"yoast_head":"<!-- This site is optimized with the Yoast SEO plugin v27.0 - https:\/\/yoast.com\/product\/yoast-seo-wordpress\/ -->\n<title>Xyloproct | Soulagement Rapide pour les H\u00e9morro\u00efdes - Transtoyou<\/title>\n<meta name=\"description\" content=\"Xyloproct, disponible ici, soulage rapidement les sympt\u00f4mes h\u00e9morro\u00efdaires avec de la lidoca\u00efne et de l&#039;hydrocortisone. Obtenez un confort cibl\u00e9 d\u00e8s aujourd&#039;hui !\" \/>\n<meta name=\"robots\" content=\"noindex, follow, max-snippet:-1, max-image-preview:large, max-video-preview:-1\" \/>\n<meta property=\"og:locale\" content=\"fr_FR\" \/>\n<meta property=\"og:type\" content=\"article\" \/>\n<meta property=\"og:title\" content=\"Xyloproct | Soulagement Rapide pour les H\u00e9morro\u00efdes - Transtoyou\" \/>\n<meta property=\"og:description\" content=\"Xyloproct, disponible ici, soulage rapidement les sympt\u00f4mes h\u00e9morro\u00efdaires avec de la lidoca\u00efne et de l&#039;hydrocortisone. Obtenez un confort cibl\u00e9 d\u00e8s aujourd&#039;hui !\" \/>\n<meta property=\"og:url\" content=\"https:\/\/www.transtoyou.com\/fr\/product\/xyloproct\/\" \/>\n<meta property=\"og:site_name\" content=\"Transtoyou - FR\" \/>\n<meta property=\"article:modified_time\" content=\"2026-03-08T10:55:05+00:00\" \/>\n<meta name=\"twitter:card\" content=\"summary_large_image\" \/>\n<meta name=\"twitter:label1\" content=\"Dur\u00e9e de lecture estim\u00e9e\" \/>\n\t<meta name=\"twitter:data1\" content=\"1 minute\" \/>\n<script type=\"application\/ld+json\" class=\"yoast-schema-graph\">{\"@context\":\"https:\/\/schema.org\",\"@graph\":[{\"@type\":\"WebPage\",\"@id\":\"https:\/\/www.transtoyou.com\/fr\/product\/xyloproct\/\",\"url\":\"https:\/\/www.transtoyou.com\/fr\/product\/xyloproct\/\",\"name\":\"Xyloproct | Soulagement Rapide pour les H\u00e9morro\u00efdes - Transtoyou\",\"isPartOf\":{\"@id\":\"https:\/\/www.transtoyou.com\/fr\/#website\"},\"primaryImageOfPage\":{\"@id\":\"https:\/\/www.transtoyou.com\/fr\/product\/xyloproct\/#primaryimage\"},\"image\":{\"@id\":\"https:\/\/www.transtoyou.com\/fr\/product\/xyloproct\/#primaryimage\"},\"thumbnailUrl\":\"https:\/\/www.transtoyou.com\/fr\/wp-content\/uploads\/sites\/5\/2026\/01\/tty-no-product-image-27.webp\",\"datePublished\":\"2026-01-22T19:45:00+00:00\",\"dateModified\":\"2026-03-08T10:55:05+00:00\",\"description\":\"Xyloproct, disponible ici, soulage rapidement les sympt\u00f4mes h\u00e9morro\u00efdaires avec de la lidoca\u00efne et de l'hydrocortisone. Obtenez un confort cibl\u00e9 d\u00e8s aujourd'hui !\",\"breadcrumb\":{\"@id\":\"https:\/\/www.transtoyou.com\/fr\/product\/xyloproct\/#breadcrumb\"},\"inLanguage\":\"fr-FR\",\"potentialAction\":[{\"@type\":\"ReadAction\",\"target\":[\"https:\/\/www.transtoyou.com\/fr\/product\/xyloproct\/\"]}]},{\"@type\":\"ImageObject\",\"inLanguage\":\"fr-FR\",\"@id\":\"https:\/\/www.transtoyou.com\/fr\/product\/xyloproct\/#primaryimage\",\"url\":\"https:\/\/www.transtoyou.com\/fr\/wp-content\/uploads\/sites\/5\/2026\/01\/tty-no-product-image-27.webp\",\"contentUrl\":\"https:\/\/www.transtoyou.com\/fr\/wp-content\/uploads\/sites\/5\/2026\/01\/tty-no-product-image-27.webp\",\"width\":1000,\"height\":1000,\"caption\":\"Image produit par d\u00e9faut\"},{\"@type\":\"WebSite\",\"@id\":\"https:\/\/www.transtoyou.com\/fr\/#website\",\"url\":\"https:\/\/www.transtoyou.com\/fr\/\",\"name\":\"Transtoyou - FR\",\"description\":\"\",\"publisher\":{\"@id\":\"https:\/\/www.transtoyou.com\/fr\/#organization\"},\"potentialAction\":[{\"@type\":\"SearchAction\",\"target\":{\"@type\":\"EntryPoint\",\"urlTemplate\":\"https:\/\/www.transtoyou.com\/fr\/?s={search_term_string}\"},\"query-input\":{\"@type\":\"PropertyValueSpecification\",\"valueRequired\":true,\"valueName\":\"search_term_string\"}}],\"inLanguage\":\"fr-FR\"},{\"@type\":\"Organization\",\"@id\":\"https:\/\/www.transtoyou.com\/fr\/#organization\",\"name\":\"Transtoyou - FR\",\"url\":\"https:\/\/www.transtoyou.com\/fr\/\",\"logo\":{\"@type\":\"ImageObject\",\"inLanguage\":\"fr-FR\",\"@id\":\"https:\/\/www.transtoyou.com\/fr\/#\/schema\/logo\/image\/\",\"url\":\"https:\/\/www.transtoyou.com\/fr\/wp-content\/uploads\/sites\/5\/2026\/01\/logo-tty-menu-bar-300x87-1.webp\",\"contentUrl\":\"https:\/\/www.transtoyou.com\/fr\/wp-content\/uploads\/sites\/5\/2026\/01\/logo-tty-menu-bar-300x87-1.webp\",\"width\":300,\"height\":87,\"caption\":\"Transtoyou - FR\"},\"image\":{\"@id\":\"https:\/\/www.transtoyou.com\/fr\/#\/schema\/logo\/image\/\"}}]}<\/script>\n<!-- \/ Yoast SEO plugin. -->","yoast_head_json":{"title":"Xyloproct | Soulagement Rapide pour les H\u00e9morro\u00efdes - Transtoyou","description":"Xyloproct, disponible ici, soulage rapidement les sympt\u00f4mes h\u00e9morro\u00efdaires avec de la lidoca\u00efne et de l'hydrocortisone. Obtenez un confort cibl\u00e9 d\u00e8s aujourd'hui !","robots":{"index":"noindex","follow":"follow","max-snippet":"max-snippet:-1","max-image-preview":"max-image-preview:large","max-video-preview":"max-video-preview:-1"},"og_locale":"fr_FR","og_type":"article","og_title":"Xyloproct | Soulagement Rapide pour les H\u00e9morro\u00efdes - Transtoyou","og_description":"Xyloproct, disponible ici, soulage rapidement les sympt\u00f4mes h\u00e9morro\u00efdaires avec de la lidoca\u00efne et de l'hydrocortisone. Obtenez un confort cibl\u00e9 d\u00e8s aujourd'hui !","og_url":"https:\/\/www.transtoyou.com\/fr\/product\/xyloproct\/","og_site_name":"Transtoyou - FR","article_modified_time":"2026-03-08T10:55:05+00:00","twitter_card":"summary_large_image","twitter_misc":{"Dur\u00e9e de lecture estim\u00e9e":"1 minute"},"schema":{"@context":"https:\/\/schema.org","@graph":[{"@type":"WebPage","@id":"https:\/\/www.transtoyou.com\/fr\/product\/xyloproct\/","url":"https:\/\/www.transtoyou.com\/fr\/product\/xyloproct\/","name":"Xyloproct | Soulagement Rapide pour les H\u00e9morro\u00efdes - Transtoyou","isPartOf":{"@id":"https:\/\/www.transtoyou.com\/fr\/#website"},"primaryImageOfPage":{"@id":"https:\/\/www.transtoyou.com\/fr\/product\/xyloproct\/#primaryimage"},"image":{"@id":"https:\/\/www.transtoyou.com\/fr\/product\/xyloproct\/#primaryimage"},"thumbnailUrl":"https:\/\/www.transtoyou.com\/fr\/wp-content\/uploads\/sites\/5\/2026\/01\/tty-no-product-image-27.webp","datePublished":"2026-01-22T19:45:00+00:00","dateModified":"2026-03-08T10:55:05+00:00","description":"Xyloproct, disponible ici, soulage rapidement les sympt\u00f4mes h\u00e9morro\u00efdaires avec de la lidoca\u00efne et de l'hydrocortisone. Obtenez un confort cibl\u00e9 d\u00e8s aujourd'hui !","breadcrumb":{"@id":"https:\/\/www.transtoyou.com\/fr\/product\/xyloproct\/#breadcrumb"},"inLanguage":"fr-FR","potentialAction":[{"@type":"ReadAction","target":["https:\/\/www.transtoyou.com\/fr\/product\/xyloproct\/"]}]},{"@type":"ImageObject","inLanguage":"fr-FR","@id":"https:\/\/www.transtoyou.com\/fr\/product\/xyloproct\/#primaryimage","url":"https:\/\/www.transtoyou.com\/fr\/wp-content\/uploads\/sites\/5\/2026\/01\/tty-no-product-image-27.webp","contentUrl":"https:\/\/www.transtoyou.com\/fr\/wp-content\/uploads\/sites\/5\/2026\/01\/tty-no-product-image-27.webp","width":1000,"height":1000,"caption":"Image produit par d\u00e9faut"},{"@type":"WebSite","@id":"https:\/\/www.transtoyou.com\/fr\/#website","url":"https:\/\/www.transtoyou.com\/fr\/","name":"Transtoyou - FR","description":"","publisher":{"@id":"https:\/\/www.transtoyou.com\/fr\/#organization"},"potentialAction":[{"@type":"SearchAction","target":{"@type":"EntryPoint","urlTemplate":"https:\/\/www.transtoyou.com\/fr\/?s={search_term_string}"},"query-input":{"@type":"PropertyValueSpecification","valueRequired":true,"valueName":"search_term_string"}}],"inLanguage":"fr-FR"},{"@type":"Organization","@id":"https:\/\/www.transtoyou.com\/fr\/#organization","name":"Transtoyou - FR","url":"https:\/\/www.transtoyou.com\/fr\/","logo":{"@type":"ImageObject","inLanguage":"fr-FR","@id":"https:\/\/www.transtoyou.com\/fr\/#\/schema\/logo\/image\/","url":"https:\/\/www.transtoyou.com\/fr\/wp-content\/uploads\/sites\/5\/2026\/01\/logo-tty-menu-bar-300x87-1.webp","contentUrl":"https:\/\/www.transtoyou.com\/fr\/wp-content\/uploads\/sites\/5\/2026\/01\/logo-tty-menu-bar-300x87-1.webp","width":300,"height":87,"caption":"Transtoyou - FR"},"image":{"@id":"https:\/\/www.transtoyou.com\/fr\/#\/schema\/logo\/image\/"}}]}},"_links":{"self":[{"href":"https:\/\/www.transtoyou.com\/fr\/wp-json\/wp\/v2\/product\/818","targetHints":{"allow":["GET"]}}],"collection":[{"href":"https:\/\/www.transtoyou.com\/fr\/wp-json\/wp\/v2\/product"}],"about":[{"href":"https:\/\/www.transtoyou.com\/fr\/wp-json\/wp\/v2\/types\/product"}],"replies":[{"embeddable":true,"href":"https:\/\/www.transtoyou.com\/fr\/wp-json\/wp\/v2\/comments?post=818"}],"wp:featuredmedia":[{"embeddable":true,"href":"https:\/\/www.transtoyou.com\/fr\/wp-json\/wp\/v2\/media\/820"}],"wp:attachment":[{"href":"https:\/\/www.transtoyou.com\/fr\/wp-json\/wp\/v2\/media?parent=818"}],"wp:term":[{"taxonomy":"product_brand","embeddable":true,"href":"https:\/\/www.transtoyou.com\/fr\/wp-json\/wp\/v2\/product_brand?post=818"},{"taxonomy":"product_cat","embeddable":true,"href":"https:\/\/www.transtoyou.com\/fr\/wp-json\/wp\/v2\/product_cat?post=818"},{"taxonomy":"product_tag","embeddable":true,"href":"https:\/\/www.transtoyou.com\/fr\/wp-json\/wp\/v2\/product_tag?post=818"},{"taxonomy":"expert","embeddable":true,"href":"https:\/\/www.transtoyou.com\/fr\/wp-json\/wp\/v2\/expert?post=818"}],"curies":[{"name":"wp","href":"https:\/\/api.w.org\/{rel}","templated":true}]}}