{"id":830,"date":"2026-01-23T17:55:23","date_gmt":"2026-01-23T15:55:23","guid":{"rendered":"https:\/\/www.transtoyou.com\/fr\/product\/sandrena\/"},"modified":"2026-01-23T17:56:21","modified_gmt":"2026-01-23T15:56:21","slug":"sandrena","status":"publish","type":"product","link":"https:\/\/www.transtoyou.com\/fr\/product\/sandrena\/","title":{"rendered":"Sandrena"},"content":{"rendered":"<p>Sandrena est un gel transdermique qui contient de l&rsquo;estradiol h\u00e9mihydrat\u00e9, une forme d&rsquo;\u0153strog\u00e8ne. Il traite les sympt\u00f4mes associ\u00e9s \u00e0 une carence en \u0153strog\u00e8nes pendant la m\u00e9nopause naturelle ou chirurgicale, tels que les bouff\u00e9es de chaleur, les sueurs nocturnes et la s\u00e9cheresse vaginale. Sandrena peut \u00e9galement \u00eatre utilis\u00e9 dans la pr\u00e9vention pr\u00e9coce de l&rsquo;ost\u00e9oporose post-m\u00e9nopausique.<\/p>\n<p>Le m\u00e9dicament agit en d\u00e9livrant de l&rsquo;estradiol directement \u00e0 travers la peau dans la circulation sanguine, contournant le foie et r\u00e9duisant les fluctuations hormonales par rapport aux \u0153strog\u00e8nes oraux. L&rsquo;estradiol se lie aux r\u00e9cepteurs d&rsquo;\u0153strog\u00e8nes, exer\u00e7ant des effets anti-ost\u00e9oporotiques, r\u00e9gulateurs des lipides et stabilisateurs vasomoteurs. Il maintient \u00e9galement la sant\u00e9 de la peau, des voies urinaires et des os.<\/p>\n<p>Dans le corps, Sandrena \u00e9l\u00e8ve efficacement les niveaux d&rsquo;estradiol pour r\u00e9tablir l&rsquo;\u00e9quilibre hormonal, am\u00e9liorant les sympt\u00f4mes de la m\u00e9nopause tout en maintenant un rapport favorable entre l&rsquo;estradiol et l&rsquo;estrone. Il offre des niveaux sanguins stables avec des fluctuations quotidiennes minimales et peut \u00eatre facilement ajust\u00e9 en fonction des besoins th\u00e9rapeutiques individuels.<\/p>\n<p>Sandrena est g\u00e9n\u00e9ralement bien tol\u00e9r\u00e9, bien qu&rsquo;il n\u00e9cessite une combinaison avec un progestatif chez les femmes ayant un ut\u00e9rus intact pour pr\u00e9venir l&rsquo;hyperplasie endom\u00e9triale.<\/p>\n","protected":false},"excerpt":{"rendered":"<ul>\n<li>Soulagement des sympt\u00f4mes de la m\u00e9nopause<\/li>\n<li>Traitement par gel d&rsquo;\u0153strog\u00e8ne transdermique<\/li>\n<li>Aide \u00e0 pr\u00e9venir l&rsquo;ost\u00e9oporose pr\u00e9coce<\/li>\n<\/ul>\n","protected":false},"featured_media":832,"comment_status":"open","ping_status":"closed","template":"","meta":[],"product_brand":[],"product_cat":[116,139],"product_tag":[],"expert":[17],"class_list":{"0":"post-830","1":"product","2":"type-product","3":"status-publish","4":"has-post-thumbnail","6":"product_cat-therapie-a-loestrogene-et-feminisante","7":"product_cat-therapie-de-remplacement-hormonal-trh","8":"expert-dr-c-munoz-parada","10":"first","11":"instock","12":"shipping-taxable","13":"product-type-variable"},"yoast_head":"<!-- This site is optimized with the Yoast SEO plugin v27.0 - https:\/\/yoast.com\/product\/yoast-seo-wordpress\/ -->\n<title>Sandrena | Soutien fiable \u00e0 l&#039;\u00e9quilibre hormonal - Transtoyou<\/title>\n<meta name=\"description\" content=\"Sandrena disponible maintenant sur Transtoyou, offrant un soutien hormonal avec des avantages cliniquement examin\u00e9s. Achetez aujourd&#039;hui des solutions de sant\u00e9 fiables et de qualit\u00e9.\" \/>\n<meta name=\"robots\" content=\"noindex, follow, max-snippet:-1, max-image-preview:large, max-video-preview:-1\" \/>\n<meta property=\"og:locale\" content=\"fr_FR\" \/>\n<meta property=\"og:type\" content=\"article\" \/>\n<meta property=\"og:title\" content=\"Sandrena | Soutien fiable \u00e0 l&#039;\u00e9quilibre hormonal - Transtoyou\" \/>\n<meta property=\"og:description\" content=\"Sandrena disponible maintenant sur Transtoyou, offrant un soutien hormonal avec des avantages cliniquement examin\u00e9s. Achetez aujourd&#039;hui des solutions de sant\u00e9 fiables et de qualit\u00e9.\" \/>\n<meta property=\"og:url\" content=\"https:\/\/www.transtoyou.com\/fr\/product\/sandrena\/\" \/>\n<meta property=\"og:site_name\" content=\"Transtoyou - FR\" \/>\n<meta property=\"article:modified_time\" content=\"2026-01-23T15:56:21+00:00\" \/>\n<meta name=\"twitter:card\" content=\"summary_large_image\" \/>\n<meta name=\"twitter:label1\" content=\"Dur\u00e9e de lecture estim\u00e9e\" \/>\n\t<meta name=\"twitter:data1\" content=\"1 minute\" \/>\n<script type=\"application\/ld+json\" class=\"yoast-schema-graph\">{\"@context\":\"https:\/\/schema.org\",\"@graph\":[{\"@type\":\"WebPage\",\"@id\":\"https:\/\/www.transtoyou.com\/fr\/product\/sandrena\/\",\"url\":\"https:\/\/www.transtoyou.com\/fr\/product\/sandrena\/\",\"name\":\"Sandrena | Soutien fiable \u00e0 l'\u00e9quilibre hormonal - Transtoyou\",\"isPartOf\":{\"@id\":\"https:\/\/www.transtoyou.com\/fr\/#website\"},\"primaryImageOfPage\":{\"@id\":\"https:\/\/www.transtoyou.com\/fr\/product\/sandrena\/#primaryimage\"},\"image\":{\"@id\":\"https:\/\/www.transtoyou.com\/fr\/product\/sandrena\/#primaryimage\"},\"thumbnailUrl\":\"https:\/\/www.transtoyou.com\/fr\/wp-content\/uploads\/sites\/5\/2026\/01\/tty-no-product-image-31.webp\",\"datePublished\":\"2026-01-23T15:55:23+00:00\",\"dateModified\":\"2026-01-23T15:56:21+00:00\",\"description\":\"Sandrena disponible maintenant sur Transtoyou, offrant un soutien hormonal avec des avantages cliniquement examin\u00e9s. Achetez aujourd'hui des solutions de sant\u00e9 fiables et de qualit\u00e9.\",\"breadcrumb\":{\"@id\":\"https:\/\/www.transtoyou.com\/fr\/product\/sandrena\/#breadcrumb\"},\"inLanguage\":\"fr-FR\",\"potentialAction\":[{\"@type\":\"ReadAction\",\"target\":[\"https:\/\/www.transtoyou.com\/fr\/product\/sandrena\/\"]}]},{\"@type\":\"ImageObject\",\"inLanguage\":\"fr-FR\",\"@id\":\"https:\/\/www.transtoyou.com\/fr\/product\/sandrena\/#primaryimage\",\"url\":\"https:\/\/www.transtoyou.com\/fr\/wp-content\/uploads\/sites\/5\/2026\/01\/tty-no-product-image-31.webp\",\"contentUrl\":\"https:\/\/www.transtoyou.com\/fr\/wp-content\/uploads\/sites\/5\/2026\/01\/tty-no-product-image-31.webp\",\"width\":1000,\"height\":1000,\"caption\":\"Image produit par d\u00e9faut\"},{\"@type\":\"WebSite\",\"@id\":\"https:\/\/www.transtoyou.com\/fr\/#website\",\"url\":\"https:\/\/www.transtoyou.com\/fr\/\",\"name\":\"Transtoyou - FR\",\"description\":\"\",\"publisher\":{\"@id\":\"https:\/\/www.transtoyou.com\/fr\/#organization\"},\"potentialAction\":[{\"@type\":\"SearchAction\",\"target\":{\"@type\":\"EntryPoint\",\"urlTemplate\":\"https:\/\/www.transtoyou.com\/fr\/?s={search_term_string}\"},\"query-input\":{\"@type\":\"PropertyValueSpecification\",\"valueRequired\":true,\"valueName\":\"search_term_string\"}}],\"inLanguage\":\"fr-FR\"},{\"@type\":\"Organization\",\"@id\":\"https:\/\/www.transtoyou.com\/fr\/#organization\",\"name\":\"Transtoyou - FR\",\"url\":\"https:\/\/www.transtoyou.com\/fr\/\",\"logo\":{\"@type\":\"ImageObject\",\"inLanguage\":\"fr-FR\",\"@id\":\"https:\/\/www.transtoyou.com\/fr\/#\/schema\/logo\/image\/\",\"url\":\"https:\/\/www.transtoyou.com\/fr\/wp-content\/uploads\/sites\/5\/2026\/01\/logo-tty-menu-bar-300x87-1.webp\",\"contentUrl\":\"https:\/\/www.transtoyou.com\/fr\/wp-content\/uploads\/sites\/5\/2026\/01\/logo-tty-menu-bar-300x87-1.webp\",\"width\":300,\"height\":87,\"caption\":\"Transtoyou - FR\"},\"image\":{\"@id\":\"https:\/\/www.transtoyou.com\/fr\/#\/schema\/logo\/image\/\"}}]}<\/script>\n<!-- \/ Yoast SEO plugin. -->","yoast_head_json":{"title":"Sandrena | Soutien fiable \u00e0 l'\u00e9quilibre hormonal - Transtoyou","description":"Sandrena disponible maintenant sur Transtoyou, offrant un soutien hormonal avec des avantages cliniquement examin\u00e9s. Achetez aujourd'hui des solutions de sant\u00e9 fiables et de qualit\u00e9.","robots":{"index":"noindex","follow":"follow","max-snippet":"max-snippet:-1","max-image-preview":"max-image-preview:large","max-video-preview":"max-video-preview:-1"},"og_locale":"fr_FR","og_type":"article","og_title":"Sandrena | Soutien fiable \u00e0 l'\u00e9quilibre hormonal - Transtoyou","og_description":"Sandrena disponible maintenant sur Transtoyou, offrant un soutien hormonal avec des avantages cliniquement examin\u00e9s. Achetez aujourd'hui des solutions de sant\u00e9 fiables et de qualit\u00e9.","og_url":"https:\/\/www.transtoyou.com\/fr\/product\/sandrena\/","og_site_name":"Transtoyou - FR","article_modified_time":"2026-01-23T15:56:21+00:00","twitter_card":"summary_large_image","twitter_misc":{"Dur\u00e9e de lecture estim\u00e9e":"1 minute"},"schema":{"@context":"https:\/\/schema.org","@graph":[{"@type":"WebPage","@id":"https:\/\/www.transtoyou.com\/fr\/product\/sandrena\/","url":"https:\/\/www.transtoyou.com\/fr\/product\/sandrena\/","name":"Sandrena | Soutien fiable \u00e0 l'\u00e9quilibre hormonal - Transtoyou","isPartOf":{"@id":"https:\/\/www.transtoyou.com\/fr\/#website"},"primaryImageOfPage":{"@id":"https:\/\/www.transtoyou.com\/fr\/product\/sandrena\/#primaryimage"},"image":{"@id":"https:\/\/www.transtoyou.com\/fr\/product\/sandrena\/#primaryimage"},"thumbnailUrl":"https:\/\/www.transtoyou.com\/fr\/wp-content\/uploads\/sites\/5\/2026\/01\/tty-no-product-image-31.webp","datePublished":"2026-01-23T15:55:23+00:00","dateModified":"2026-01-23T15:56:21+00:00","description":"Sandrena disponible maintenant sur Transtoyou, offrant un soutien hormonal avec des avantages cliniquement examin\u00e9s. Achetez aujourd'hui des solutions de sant\u00e9 fiables et de qualit\u00e9.","breadcrumb":{"@id":"https:\/\/www.transtoyou.com\/fr\/product\/sandrena\/#breadcrumb"},"inLanguage":"fr-FR","potentialAction":[{"@type":"ReadAction","target":["https:\/\/www.transtoyou.com\/fr\/product\/sandrena\/"]}]},{"@type":"ImageObject","inLanguage":"fr-FR","@id":"https:\/\/www.transtoyou.com\/fr\/product\/sandrena\/#primaryimage","url":"https:\/\/www.transtoyou.com\/fr\/wp-content\/uploads\/sites\/5\/2026\/01\/tty-no-product-image-31.webp","contentUrl":"https:\/\/www.transtoyou.com\/fr\/wp-content\/uploads\/sites\/5\/2026\/01\/tty-no-product-image-31.webp","width":1000,"height":1000,"caption":"Image produit par d\u00e9faut"},{"@type":"WebSite","@id":"https:\/\/www.transtoyou.com\/fr\/#website","url":"https:\/\/www.transtoyou.com\/fr\/","name":"Transtoyou - FR","description":"","publisher":{"@id":"https:\/\/www.transtoyou.com\/fr\/#organization"},"potentialAction":[{"@type":"SearchAction","target":{"@type":"EntryPoint","urlTemplate":"https:\/\/www.transtoyou.com\/fr\/?s={search_term_string}"},"query-input":{"@type":"PropertyValueSpecification","valueRequired":true,"valueName":"search_term_string"}}],"inLanguage":"fr-FR"},{"@type":"Organization","@id":"https:\/\/www.transtoyou.com\/fr\/#organization","name":"Transtoyou - FR","url":"https:\/\/www.transtoyou.com\/fr\/","logo":{"@type":"ImageObject","inLanguage":"fr-FR","@id":"https:\/\/www.transtoyou.com\/fr\/#\/schema\/logo\/image\/","url":"https:\/\/www.transtoyou.com\/fr\/wp-content\/uploads\/sites\/5\/2026\/01\/logo-tty-menu-bar-300x87-1.webp","contentUrl":"https:\/\/www.transtoyou.com\/fr\/wp-content\/uploads\/sites\/5\/2026\/01\/logo-tty-menu-bar-300x87-1.webp","width":300,"height":87,"caption":"Transtoyou - FR"},"image":{"@id":"https:\/\/www.transtoyou.com\/fr\/#\/schema\/logo\/image\/"}}]}},"_links":{"self":[{"href":"https:\/\/www.transtoyou.com\/fr\/wp-json\/wp\/v2\/product\/830","targetHints":{"allow":["GET"]}}],"collection":[{"href":"https:\/\/www.transtoyou.com\/fr\/wp-json\/wp\/v2\/product"}],"about":[{"href":"https:\/\/www.transtoyou.com\/fr\/wp-json\/wp\/v2\/types\/product"}],"replies":[{"embeddable":true,"href":"https:\/\/www.transtoyou.com\/fr\/wp-json\/wp\/v2\/comments?post=830"}],"wp:featuredmedia":[{"embeddable":true,"href":"https:\/\/www.transtoyou.com\/fr\/wp-json\/wp\/v2\/media\/832"}],"wp:attachment":[{"href":"https:\/\/www.transtoyou.com\/fr\/wp-json\/wp\/v2\/media?parent=830"}],"wp:term":[{"taxonomy":"product_brand","embeddable":true,"href":"https:\/\/www.transtoyou.com\/fr\/wp-json\/wp\/v2\/product_brand?post=830"},{"taxonomy":"product_cat","embeddable":true,"href":"https:\/\/www.transtoyou.com\/fr\/wp-json\/wp\/v2\/product_cat?post=830"},{"taxonomy":"product_tag","embeddable":true,"href":"https:\/\/www.transtoyou.com\/fr\/wp-json\/wp\/v2\/product_tag?post=830"},{"taxonomy":"expert","embeddable":true,"href":"https:\/\/www.transtoyou.com\/fr\/wp-json\/wp\/v2\/expert?post=830"}],"curies":[{"name":"wp","href":"https:\/\/api.w.org\/{rel}","templated":true}]}}