{"id":833,"date":"2026-01-23T18:09:47","date_gmt":"2026-01-23T16:09:47","guid":{"rendered":"https:\/\/www.transtoyou.com\/fr\/product\/spedra\/"},"modified":"2026-03-05T13:15:55","modified_gmt":"2026-03-05T11:15:55","slug":"spedra","status":"publish","type":"product","link":"https:\/\/www.transtoyou.com\/fr\/product\/spedra\/","title":{"rendered":"Spedra"},"content":{"rendered":"<p>Spedra est un m\u00e9dicament \u00e0 action rapide utilis\u00e9 pour traiter la dysfonction \u00e9rectile (DE). Il contient de l&rsquo;avanafil, un inhibiteur s\u00e9lectif de la phosphodiest\u00e9rase de type 5 (PDE5). Lorsqu&rsquo;un homme est sexuellement stimul\u00e9, le flux sanguin augmente, produisant une \u00e9rection. L&rsquo;avanafil bloque l&rsquo;enzyme PDE5 pour prolonger le processus d&rsquo;\u00e9rection.<\/p>\n<p>Spedra est indiqu\u00e9 pour la DE, y compris pour ceux pr\u00e9sentant des sympt\u00f4mes l\u00e9gers \u00e0 s\u00e9v\u00e8res, tant qu&rsquo;une stimulation sexuelle est pr\u00e9sente. Il n&rsquo;est pas efficace sans cela. Le d\u00e9but de l&rsquo;action se produit en aussi peu que 15 \u00e0 30 minutes, et les effets peuvent durer jusqu&rsquo;\u00e0 2 heures, selon l&rsquo;individu.<\/p>\n<p>Ce m\u00e9dicament est bien tol\u00e9r\u00e9 et a un profil de s\u00e9curit\u00e9 favorable lorsqu&rsquo;il est utilis\u00e9 comme prescrit. Il peut \u00eatre utilis\u00e9 par tous les \u00e2ges, y compris les personnes \u00e2g\u00e9es, et a l&rsquo;avantage d&rsquo;\u00eatre rapidement absorb\u00e9. Contrairement \u00e0 certains inhibiteurs de la PDE5, les interactions alimentaires de Spedra sont minimales, bien qu&rsquo;un repas riche en graisses puisse l\u00e9g\u00e8rement retarder l&rsquo;absorption.<\/p>\n","protected":false},"excerpt":{"rendered":"<ul>\n<li>Action rapide en 15 \u00e0 30 minutes<\/li>\n<li>Efficace jusqu&rsquo;\u00e0 2 heures<\/li>\n<li>Peut \u00eatre pris avec ou sans nourriture<\/li>\n<\/ul>\n","protected":false},"featured_media":835,"comment_status":"open","ping_status":"closed","template":"","meta":[],"product_brand":[],"product_cat":[115],"product_tag":[],"expert":[17],"class_list":{"0":"post-833","1":"product","2":"type-product","3":"status-publish","4":"has-post-thumbnail","6":"product_cat-traitements-de-la-dysfonction-erectile","7":"expert-dr-c-munoz-parada","9":"first","10":"instock","11":"shipping-taxable","12":"product-type-variable"},"yoast_head":"<!-- This site is optimized with the Yoast SEO plugin v27.0 - https:\/\/yoast.com\/product\/yoast-seo-wordpress\/ -->\n<title>Spedra | Solution ERE \u00e0 Action Rapide - Transtoyou<\/title>\n<meta name=\"description\" content=\"Spedra, disponible maintenant sur Transtoyou. Am\u00e9liore ton bien-\u00eatre avec ce produit de sant\u00e9 unique. D\u00e9couvre ses avantages et commande d\u00e8s aujourd&#039;hui !\" \/>\n<meta name=\"robots\" content=\"noindex, follow, max-snippet:-1, max-image-preview:large, max-video-preview:-1\" \/>\n<meta property=\"og:locale\" content=\"fr_FR\" \/>\n<meta property=\"og:type\" content=\"article\" \/>\n<meta property=\"og:title\" content=\"Spedra | Solution ERE \u00e0 Action Rapide - Transtoyou\" \/>\n<meta property=\"og:description\" content=\"Spedra, disponible maintenant sur Transtoyou. Am\u00e9liore ton bien-\u00eatre avec ce produit de sant\u00e9 unique. D\u00e9couvre ses avantages et commande d\u00e8s aujourd&#039;hui !\" \/>\n<meta property=\"og:url\" content=\"https:\/\/www.transtoyou.com\/fr\/product\/spedra\/\" \/>\n<meta property=\"og:site_name\" content=\"Transtoyou - FR\" \/>\n<meta property=\"article:modified_time\" content=\"2026-03-05T11:15:55+00:00\" \/>\n<meta name=\"twitter:card\" content=\"summary_large_image\" \/>\n<meta name=\"twitter:label1\" content=\"Dur\u00e9e de lecture estim\u00e9e\" \/>\n\t<meta name=\"twitter:data1\" content=\"1 minute\" \/>\n<script type=\"application\/ld+json\" class=\"yoast-schema-graph\">{\"@context\":\"https:\/\/schema.org\",\"@graph\":[{\"@type\":\"WebPage\",\"@id\":\"https:\/\/www.transtoyou.com\/fr\/product\/spedra\/\",\"url\":\"https:\/\/www.transtoyou.com\/fr\/product\/spedra\/\",\"name\":\"Spedra | Solution ERE \u00e0 Action Rapide - Transtoyou\",\"isPartOf\":{\"@id\":\"https:\/\/www.transtoyou.com\/fr\/#website\"},\"primaryImageOfPage\":{\"@id\":\"https:\/\/www.transtoyou.com\/fr\/product\/spedra\/#primaryimage\"},\"image\":{\"@id\":\"https:\/\/www.transtoyou.com\/fr\/product\/spedra\/#primaryimage\"},\"thumbnailUrl\":\"https:\/\/www.transtoyou.com\/fr\/wp-content\/uploads\/sites\/5\/2026\/01\/tty-no-product-image-32.webp\",\"datePublished\":\"2026-01-23T16:09:47+00:00\",\"dateModified\":\"2026-03-05T11:15:55+00:00\",\"description\":\"Spedra, disponible maintenant sur Transtoyou. Am\u00e9liore ton bien-\u00eatre avec ce produit de sant\u00e9 unique. D\u00e9couvre ses avantages et commande d\u00e8s aujourd'hui !\",\"breadcrumb\":{\"@id\":\"https:\/\/www.transtoyou.com\/fr\/product\/spedra\/#breadcrumb\"},\"inLanguage\":\"fr-FR\",\"potentialAction\":[{\"@type\":\"ReadAction\",\"target\":[\"https:\/\/www.transtoyou.com\/fr\/product\/spedra\/\"]}]},{\"@type\":\"ImageObject\",\"inLanguage\":\"fr-FR\",\"@id\":\"https:\/\/www.transtoyou.com\/fr\/product\/spedra\/#primaryimage\",\"url\":\"https:\/\/www.transtoyou.com\/fr\/wp-content\/uploads\/sites\/5\/2026\/01\/tty-no-product-image-32.webp\",\"contentUrl\":\"https:\/\/www.transtoyou.com\/fr\/wp-content\/uploads\/sites\/5\/2026\/01\/tty-no-product-image-32.webp\",\"width\":1000,\"height\":1000,\"caption\":\"Image produit par d\u00e9faut\"},{\"@type\":\"WebSite\",\"@id\":\"https:\/\/www.transtoyou.com\/fr\/#website\",\"url\":\"https:\/\/www.transtoyou.com\/fr\/\",\"name\":\"Transtoyou - FR\",\"description\":\"\",\"publisher\":{\"@id\":\"https:\/\/www.transtoyou.com\/fr\/#organization\"},\"potentialAction\":[{\"@type\":\"SearchAction\",\"target\":{\"@type\":\"EntryPoint\",\"urlTemplate\":\"https:\/\/www.transtoyou.com\/fr\/?s={search_term_string}\"},\"query-input\":{\"@type\":\"PropertyValueSpecification\",\"valueRequired\":true,\"valueName\":\"search_term_string\"}}],\"inLanguage\":\"fr-FR\"},{\"@type\":\"Organization\",\"@id\":\"https:\/\/www.transtoyou.com\/fr\/#organization\",\"name\":\"Transtoyou - FR\",\"url\":\"https:\/\/www.transtoyou.com\/fr\/\",\"logo\":{\"@type\":\"ImageObject\",\"inLanguage\":\"fr-FR\",\"@id\":\"https:\/\/www.transtoyou.com\/fr\/#\/schema\/logo\/image\/\",\"url\":\"https:\/\/www.transtoyou.com\/fr\/wp-content\/uploads\/sites\/5\/2026\/01\/logo-tty-menu-bar-300x87-1.webp\",\"contentUrl\":\"https:\/\/www.transtoyou.com\/fr\/wp-content\/uploads\/sites\/5\/2026\/01\/logo-tty-menu-bar-300x87-1.webp\",\"width\":300,\"height\":87,\"caption\":\"Transtoyou - FR\"},\"image\":{\"@id\":\"https:\/\/www.transtoyou.com\/fr\/#\/schema\/logo\/image\/\"}}]}<\/script>\n<!-- \/ Yoast SEO plugin. -->","yoast_head_json":{"title":"Spedra | Solution ERE \u00e0 Action Rapide - Transtoyou","description":"Spedra, disponible maintenant sur Transtoyou. Am\u00e9liore ton bien-\u00eatre avec ce produit de sant\u00e9 unique. D\u00e9couvre ses avantages et commande d\u00e8s aujourd'hui !","robots":{"index":"noindex","follow":"follow","max-snippet":"max-snippet:-1","max-image-preview":"max-image-preview:large","max-video-preview":"max-video-preview:-1"},"og_locale":"fr_FR","og_type":"article","og_title":"Spedra | Solution ERE \u00e0 Action Rapide - Transtoyou","og_description":"Spedra, disponible maintenant sur Transtoyou. Am\u00e9liore ton bien-\u00eatre avec ce produit de sant\u00e9 unique. D\u00e9couvre ses avantages et commande d\u00e8s aujourd'hui !","og_url":"https:\/\/www.transtoyou.com\/fr\/product\/spedra\/","og_site_name":"Transtoyou - FR","article_modified_time":"2026-03-05T11:15:55+00:00","twitter_card":"summary_large_image","twitter_misc":{"Dur\u00e9e de lecture estim\u00e9e":"1 minute"},"schema":{"@context":"https:\/\/schema.org","@graph":[{"@type":"WebPage","@id":"https:\/\/www.transtoyou.com\/fr\/product\/spedra\/","url":"https:\/\/www.transtoyou.com\/fr\/product\/spedra\/","name":"Spedra | Solution ERE \u00e0 Action Rapide - Transtoyou","isPartOf":{"@id":"https:\/\/www.transtoyou.com\/fr\/#website"},"primaryImageOfPage":{"@id":"https:\/\/www.transtoyou.com\/fr\/product\/spedra\/#primaryimage"},"image":{"@id":"https:\/\/www.transtoyou.com\/fr\/product\/spedra\/#primaryimage"},"thumbnailUrl":"https:\/\/www.transtoyou.com\/fr\/wp-content\/uploads\/sites\/5\/2026\/01\/tty-no-product-image-32.webp","datePublished":"2026-01-23T16:09:47+00:00","dateModified":"2026-03-05T11:15:55+00:00","description":"Spedra, disponible maintenant sur Transtoyou. Am\u00e9liore ton bien-\u00eatre avec ce produit de sant\u00e9 unique. D\u00e9couvre ses avantages et commande d\u00e8s aujourd'hui !","breadcrumb":{"@id":"https:\/\/www.transtoyou.com\/fr\/product\/spedra\/#breadcrumb"},"inLanguage":"fr-FR","potentialAction":[{"@type":"ReadAction","target":["https:\/\/www.transtoyou.com\/fr\/product\/spedra\/"]}]},{"@type":"ImageObject","inLanguage":"fr-FR","@id":"https:\/\/www.transtoyou.com\/fr\/product\/spedra\/#primaryimage","url":"https:\/\/www.transtoyou.com\/fr\/wp-content\/uploads\/sites\/5\/2026\/01\/tty-no-product-image-32.webp","contentUrl":"https:\/\/www.transtoyou.com\/fr\/wp-content\/uploads\/sites\/5\/2026\/01\/tty-no-product-image-32.webp","width":1000,"height":1000,"caption":"Image produit par d\u00e9faut"},{"@type":"WebSite","@id":"https:\/\/www.transtoyou.com\/fr\/#website","url":"https:\/\/www.transtoyou.com\/fr\/","name":"Transtoyou - FR","description":"","publisher":{"@id":"https:\/\/www.transtoyou.com\/fr\/#organization"},"potentialAction":[{"@type":"SearchAction","target":{"@type":"EntryPoint","urlTemplate":"https:\/\/www.transtoyou.com\/fr\/?s={search_term_string}"},"query-input":{"@type":"PropertyValueSpecification","valueRequired":true,"valueName":"search_term_string"}}],"inLanguage":"fr-FR"},{"@type":"Organization","@id":"https:\/\/www.transtoyou.com\/fr\/#organization","name":"Transtoyou - FR","url":"https:\/\/www.transtoyou.com\/fr\/","logo":{"@type":"ImageObject","inLanguage":"fr-FR","@id":"https:\/\/www.transtoyou.com\/fr\/#\/schema\/logo\/image\/","url":"https:\/\/www.transtoyou.com\/fr\/wp-content\/uploads\/sites\/5\/2026\/01\/logo-tty-menu-bar-300x87-1.webp","contentUrl":"https:\/\/www.transtoyou.com\/fr\/wp-content\/uploads\/sites\/5\/2026\/01\/logo-tty-menu-bar-300x87-1.webp","width":300,"height":87,"caption":"Transtoyou - FR"},"image":{"@id":"https:\/\/www.transtoyou.com\/fr\/#\/schema\/logo\/image\/"}}]}},"_links":{"self":[{"href":"https:\/\/www.transtoyou.com\/fr\/wp-json\/wp\/v2\/product\/833","targetHints":{"allow":["GET"]}}],"collection":[{"href":"https:\/\/www.transtoyou.com\/fr\/wp-json\/wp\/v2\/product"}],"about":[{"href":"https:\/\/www.transtoyou.com\/fr\/wp-json\/wp\/v2\/types\/product"}],"replies":[{"embeddable":true,"href":"https:\/\/www.transtoyou.com\/fr\/wp-json\/wp\/v2\/comments?post=833"}],"wp:featuredmedia":[{"embeddable":true,"href":"https:\/\/www.transtoyou.com\/fr\/wp-json\/wp\/v2\/media\/835"}],"wp:attachment":[{"href":"https:\/\/www.transtoyou.com\/fr\/wp-json\/wp\/v2\/media?parent=833"}],"wp:term":[{"taxonomy":"product_brand","embeddable":true,"href":"https:\/\/www.transtoyou.com\/fr\/wp-json\/wp\/v2\/product_brand?post=833"},{"taxonomy":"product_cat","embeddable":true,"href":"https:\/\/www.transtoyou.com\/fr\/wp-json\/wp\/v2\/product_cat?post=833"},{"taxonomy":"product_tag","embeddable":true,"href":"https:\/\/www.transtoyou.com\/fr\/wp-json\/wp\/v2\/product_tag?post=833"},{"taxonomy":"expert","embeddable":true,"href":"https:\/\/www.transtoyou.com\/fr\/wp-json\/wp\/v2\/expert?post=833"}],"curies":[{"name":"wp","href":"https:\/\/api.w.org\/{rel}","templated":true}]}}