{"id":857,"date":"2026-01-23T20:07:56","date_gmt":"2026-01-23T18:07:56","guid":{"rendered":"https:\/\/www.transtoyou.com\/fr\/product\/yasmin\/"},"modified":"2026-03-08T13:01:48","modified_gmt":"2026-03-08T11:01:48","slug":"yasmin","status":"publish","type":"product","link":"https:\/\/www.transtoyou.com\/fr\/product\/yasmin\/","title":{"rendered":"Yasmin"},"content":{"rendered":"<p>Yasmin est une pilule contraceptive orale combin\u00e9e qui contient deux ingr\u00e9dients actifs : l&rsquo;\u00e9thinylestradiol (un \u0153strog\u00e8ne) et la drospir\u00e9none (un progestatif). Elle est utilis\u00e9e pour pr\u00e9venir la grossesse et se prend quotidiennement pendant 21 jours, suivis d&rsquo;une pause de 7 jours. Yasmin agit principalement en emp\u00eachant l&rsquo;ovulation (la lib\u00e9ration d&rsquo;un ovule par les ovaires). Elle \u00e9paissit \u00e9galement la glaire cervicale, rendant plus difficile l&rsquo;acc\u00e8s des spermatozo\u00efdes \u00e0 l&rsquo;ovule, et modifie la muqueuse de l&rsquo;ut\u00e9rus pour emp\u00eacher l&rsquo;implantation.<\/p>\n<p>Yasmin est indiqu\u00e9e pour la contraception chez les femmes adultes. Bien que son objectif principal soit de pr\u00e9venir la grossesse, de nombreuses personnes constatent \u00e9galement des avantages suppl\u00e9mentaires, tels que des cycles menstruels plus r\u00e9guliers, des r\u00e8gles plus l\u00e9g\u00e8res et moins de douleurs menstruelles. Certains remarquent \u00e9galement des am\u00e9liorations de l&rsquo;acn\u00e9 et de la peau grasse gr\u00e2ce \u00e0 l&rsquo;effet anti-androg\u00e9nique de la drospir\u00e9none.<\/p>\n<p>Dans le corps, les hormones de Yasmin imitent les hormones sexuelles f\u00e9minines naturelles, aidant \u00e0 r\u00e9guler le cycle menstruel et \u00e0 r\u00e9duire les fluctuations hormonales. Contrairement \u00e0 certains autres progestatifs, la drospir\u00e9none poss\u00e8de des propri\u00e9t\u00e9s anti-androg\u00e9niques, ce qui signifie qu&rsquo;elle peut contrer les effets des hormones masculines comme la testost\u00e9rone. Cela peut aider \u00e0 r\u00e9duire l&rsquo;acn\u00e9, la r\u00e9tention d&rsquo;eau et les ballonnements. Chez les hommes trans prenant de la testost\u00e9rone qui ont encore besoin de contraception, cet effet anti-androg\u00e9nique pourrait l\u00e9g\u00e8rement r\u00e9duire certains changements masculinants.<\/p>\n<p>Yasmin se prend une fois par jour, id\u00e9alement \u00e0 la m\u00eame heure chaque jour. Son effet contraceptif est fiable lorsqu&rsquo;elle est prise correctement et de mani\u00e8re coh\u00e9rente. L&rsquo;un des avantages de Yasmin est qu&rsquo;elle combine une grande efficacit\u00e9 contraceptive avec un profil d&rsquo;effets secondaires favorable chez la plupart des utilisateurs. Elle est \u00e9galement associ\u00e9e \u00e0 un risque plus faible de r\u00e9tention d&rsquo;eau et de prise de poids par rapport \u00e0 d&rsquo;autres pilules.<\/p>\n","protected":false},"excerpt":{"rendered":"<ul>\n<li>Contraception hormonale quotidienne efficace<\/li>\n<li>Aide \u00e0 r\u00e9duire l&rsquo;acn\u00e9 et les ballonnements<\/li>\n<li>R\u00e9gule les cycles menstruels de mani\u00e8re constante<\/li>\n<\/ul>\n","protected":false},"featured_media":859,"comment_status":"open","ping_status":"closed","template":"","meta":[],"product_brand":[],"product_cat":[94],"product_tag":[],"expert":[17],"class_list":{"0":"post-857","1":"product","2":"type-product","3":"status-publish","4":"has-post-thumbnail","6":"product_cat-pilule-combinee","7":"expert-dr-c-munoz-parada","9":"first","10":"instock","11":"shipping-taxable","12":"product-type-variable"},"yoast_head":"<!-- This site is optimized with the Yoast SEO plugin v27.0 - https:\/\/yoast.com\/product\/yoast-seo-wordpress\/ -->\n<title>Yasmin | Solution contraceptive fiable - Transtoyou<\/title>\n<meta name=\"description\" content=\"D\u00e9couvrez Yasmin sur Transtoyou. Profitez d&#039;un soutien contraceptif fiable. Achetez maintenant pour des solutions de sant\u00e9 pratiques et de qualit\u00e9.\" \/>\n<meta name=\"robots\" content=\"noindex, follow, max-snippet:-1, max-image-preview:large, max-video-preview:-1\" \/>\n<meta property=\"og:locale\" content=\"fr_FR\" \/>\n<meta property=\"og:type\" content=\"article\" \/>\n<meta property=\"og:title\" content=\"Yasmin | Solution contraceptive fiable - Transtoyou\" \/>\n<meta property=\"og:description\" content=\"D\u00e9couvrez Yasmin sur Transtoyou. Profitez d&#039;un soutien contraceptif fiable. Achetez maintenant pour des solutions de sant\u00e9 pratiques et de qualit\u00e9.\" \/>\n<meta property=\"og:url\" content=\"https:\/\/www.transtoyou.com\/fr\/product\/yasmin\/\" \/>\n<meta property=\"og:site_name\" content=\"Transtoyou - FR\" \/>\n<meta property=\"article:modified_time\" content=\"2026-03-08T11:01:48+00:00\" \/>\n<meta name=\"twitter:card\" content=\"summary_large_image\" \/>\n<meta name=\"twitter:label1\" content=\"Dur\u00e9e de lecture estim\u00e9e\" \/>\n\t<meta name=\"twitter:data1\" content=\"2 minutes\" \/>\n<script type=\"application\/ld+json\" class=\"yoast-schema-graph\">{\"@context\":\"https:\/\/schema.org\",\"@graph\":[{\"@type\":\"WebPage\",\"@id\":\"https:\/\/www.transtoyou.com\/fr\/product\/yasmin\/\",\"url\":\"https:\/\/www.transtoyou.com\/fr\/product\/yasmin\/\",\"name\":\"Yasmin | Solution contraceptive fiable - Transtoyou\",\"isPartOf\":{\"@id\":\"https:\/\/www.transtoyou.com\/fr\/#website\"},\"primaryImageOfPage\":{\"@id\":\"https:\/\/www.transtoyou.com\/fr\/product\/yasmin\/#primaryimage\"},\"image\":{\"@id\":\"https:\/\/www.transtoyou.com\/fr\/product\/yasmin\/#primaryimage\"},\"thumbnailUrl\":\"https:\/\/www.transtoyou.com\/fr\/wp-content\/uploads\/sites\/5\/2026\/01\/tty-no-product-image-40.webp\",\"datePublished\":\"2026-01-23T18:07:56+00:00\",\"dateModified\":\"2026-03-08T11:01:48+00:00\",\"description\":\"D\u00e9couvrez Yasmin sur Transtoyou. Profitez d'un soutien contraceptif fiable. Achetez maintenant pour des solutions de sant\u00e9 pratiques et de qualit\u00e9.\",\"breadcrumb\":{\"@id\":\"https:\/\/www.transtoyou.com\/fr\/product\/yasmin\/#breadcrumb\"},\"inLanguage\":\"fr-FR\",\"potentialAction\":[{\"@type\":\"ReadAction\",\"target\":[\"https:\/\/www.transtoyou.com\/fr\/product\/yasmin\/\"]}]},{\"@type\":\"ImageObject\",\"inLanguage\":\"fr-FR\",\"@id\":\"https:\/\/www.transtoyou.com\/fr\/product\/yasmin\/#primaryimage\",\"url\":\"https:\/\/www.transtoyou.com\/fr\/wp-content\/uploads\/sites\/5\/2026\/01\/tty-no-product-image-40.webp\",\"contentUrl\":\"https:\/\/www.transtoyou.com\/fr\/wp-content\/uploads\/sites\/5\/2026\/01\/tty-no-product-image-40.webp\",\"width\":1000,\"height\":1000,\"caption\":\"Image produit par d\u00e9faut\"},{\"@type\":\"WebSite\",\"@id\":\"https:\/\/www.transtoyou.com\/fr\/#website\",\"url\":\"https:\/\/www.transtoyou.com\/fr\/\",\"name\":\"Transtoyou - FR\",\"description\":\"\",\"publisher\":{\"@id\":\"https:\/\/www.transtoyou.com\/fr\/#organization\"},\"potentialAction\":[{\"@type\":\"SearchAction\",\"target\":{\"@type\":\"EntryPoint\",\"urlTemplate\":\"https:\/\/www.transtoyou.com\/fr\/?s={search_term_string}\"},\"query-input\":{\"@type\":\"PropertyValueSpecification\",\"valueRequired\":true,\"valueName\":\"search_term_string\"}}],\"inLanguage\":\"fr-FR\"},{\"@type\":\"Organization\",\"@id\":\"https:\/\/www.transtoyou.com\/fr\/#organization\",\"name\":\"Transtoyou - FR\",\"url\":\"https:\/\/www.transtoyou.com\/fr\/\",\"logo\":{\"@type\":\"ImageObject\",\"inLanguage\":\"fr-FR\",\"@id\":\"https:\/\/www.transtoyou.com\/fr\/#\/schema\/logo\/image\/\",\"url\":\"https:\/\/www.transtoyou.com\/fr\/wp-content\/uploads\/sites\/5\/2026\/01\/logo-tty-menu-bar-300x87-1.webp\",\"contentUrl\":\"https:\/\/www.transtoyou.com\/fr\/wp-content\/uploads\/sites\/5\/2026\/01\/logo-tty-menu-bar-300x87-1.webp\",\"width\":300,\"height\":87,\"caption\":\"Transtoyou - FR\"},\"image\":{\"@id\":\"https:\/\/www.transtoyou.com\/fr\/#\/schema\/logo\/image\/\"}}]}<\/script>\n<!-- \/ Yoast SEO plugin. -->","yoast_head_json":{"title":"Yasmin | Solution contraceptive fiable - Transtoyou","description":"D\u00e9couvrez Yasmin sur Transtoyou. Profitez d'un soutien contraceptif fiable. Achetez maintenant pour des solutions de sant\u00e9 pratiques et de qualit\u00e9.","robots":{"index":"noindex","follow":"follow","max-snippet":"max-snippet:-1","max-image-preview":"max-image-preview:large","max-video-preview":"max-video-preview:-1"},"og_locale":"fr_FR","og_type":"article","og_title":"Yasmin | Solution contraceptive fiable - Transtoyou","og_description":"D\u00e9couvrez Yasmin sur Transtoyou. Profitez d'un soutien contraceptif fiable. Achetez maintenant pour des solutions de sant\u00e9 pratiques et de qualit\u00e9.","og_url":"https:\/\/www.transtoyou.com\/fr\/product\/yasmin\/","og_site_name":"Transtoyou - FR","article_modified_time":"2026-03-08T11:01:48+00:00","twitter_card":"summary_large_image","twitter_misc":{"Dur\u00e9e de lecture estim\u00e9e":"2 minutes"},"schema":{"@context":"https:\/\/schema.org","@graph":[{"@type":"WebPage","@id":"https:\/\/www.transtoyou.com\/fr\/product\/yasmin\/","url":"https:\/\/www.transtoyou.com\/fr\/product\/yasmin\/","name":"Yasmin | Solution contraceptive fiable - Transtoyou","isPartOf":{"@id":"https:\/\/www.transtoyou.com\/fr\/#website"},"primaryImageOfPage":{"@id":"https:\/\/www.transtoyou.com\/fr\/product\/yasmin\/#primaryimage"},"image":{"@id":"https:\/\/www.transtoyou.com\/fr\/product\/yasmin\/#primaryimage"},"thumbnailUrl":"https:\/\/www.transtoyou.com\/fr\/wp-content\/uploads\/sites\/5\/2026\/01\/tty-no-product-image-40.webp","datePublished":"2026-01-23T18:07:56+00:00","dateModified":"2026-03-08T11:01:48+00:00","description":"D\u00e9couvrez Yasmin sur Transtoyou. Profitez d'un soutien contraceptif fiable. Achetez maintenant pour des solutions de sant\u00e9 pratiques et de qualit\u00e9.","breadcrumb":{"@id":"https:\/\/www.transtoyou.com\/fr\/product\/yasmin\/#breadcrumb"},"inLanguage":"fr-FR","potentialAction":[{"@type":"ReadAction","target":["https:\/\/www.transtoyou.com\/fr\/product\/yasmin\/"]}]},{"@type":"ImageObject","inLanguage":"fr-FR","@id":"https:\/\/www.transtoyou.com\/fr\/product\/yasmin\/#primaryimage","url":"https:\/\/www.transtoyou.com\/fr\/wp-content\/uploads\/sites\/5\/2026\/01\/tty-no-product-image-40.webp","contentUrl":"https:\/\/www.transtoyou.com\/fr\/wp-content\/uploads\/sites\/5\/2026\/01\/tty-no-product-image-40.webp","width":1000,"height":1000,"caption":"Image produit par d\u00e9faut"},{"@type":"WebSite","@id":"https:\/\/www.transtoyou.com\/fr\/#website","url":"https:\/\/www.transtoyou.com\/fr\/","name":"Transtoyou - FR","description":"","publisher":{"@id":"https:\/\/www.transtoyou.com\/fr\/#organization"},"potentialAction":[{"@type":"SearchAction","target":{"@type":"EntryPoint","urlTemplate":"https:\/\/www.transtoyou.com\/fr\/?s={search_term_string}"},"query-input":{"@type":"PropertyValueSpecification","valueRequired":true,"valueName":"search_term_string"}}],"inLanguage":"fr-FR"},{"@type":"Organization","@id":"https:\/\/www.transtoyou.com\/fr\/#organization","name":"Transtoyou - FR","url":"https:\/\/www.transtoyou.com\/fr\/","logo":{"@type":"ImageObject","inLanguage":"fr-FR","@id":"https:\/\/www.transtoyou.com\/fr\/#\/schema\/logo\/image\/","url":"https:\/\/www.transtoyou.com\/fr\/wp-content\/uploads\/sites\/5\/2026\/01\/logo-tty-menu-bar-300x87-1.webp","contentUrl":"https:\/\/www.transtoyou.com\/fr\/wp-content\/uploads\/sites\/5\/2026\/01\/logo-tty-menu-bar-300x87-1.webp","width":300,"height":87,"caption":"Transtoyou - FR"},"image":{"@id":"https:\/\/www.transtoyou.com\/fr\/#\/schema\/logo\/image\/"}}]}},"_links":{"self":[{"href":"https:\/\/www.transtoyou.com\/fr\/wp-json\/wp\/v2\/product\/857","targetHints":{"allow":["GET"]}}],"collection":[{"href":"https:\/\/www.transtoyou.com\/fr\/wp-json\/wp\/v2\/product"}],"about":[{"href":"https:\/\/www.transtoyou.com\/fr\/wp-json\/wp\/v2\/types\/product"}],"replies":[{"embeddable":true,"href":"https:\/\/www.transtoyou.com\/fr\/wp-json\/wp\/v2\/comments?post=857"}],"wp:featuredmedia":[{"embeddable":true,"href":"https:\/\/www.transtoyou.com\/fr\/wp-json\/wp\/v2\/media\/859"}],"wp:attachment":[{"href":"https:\/\/www.transtoyou.com\/fr\/wp-json\/wp\/v2\/media?parent=857"}],"wp:term":[{"taxonomy":"product_brand","embeddable":true,"href":"https:\/\/www.transtoyou.com\/fr\/wp-json\/wp\/v2\/product_brand?post=857"},{"taxonomy":"product_cat","embeddable":true,"href":"https:\/\/www.transtoyou.com\/fr\/wp-json\/wp\/v2\/product_cat?post=857"},{"taxonomy":"product_tag","embeddable":true,"href":"https:\/\/www.transtoyou.com\/fr\/wp-json\/wp\/v2\/product_tag?post=857"},{"taxonomy":"expert","embeddable":true,"href":"https:\/\/www.transtoyou.com\/fr\/wp-json\/wp\/v2\/expert?post=857"}],"curies":[{"name":"wp","href":"https:\/\/api.w.org\/{rel}","templated":true}]}}