{"id":863,"date":"2026-01-23T20:39:38","date_gmt":"2026-01-23T18:39:38","guid":{"rendered":"https:\/\/www.transtoyou.com\/fr\/product\/famenita\/"},"modified":"2026-02-16T10:59:43","modified_gmt":"2026-02-16T08:59:43","slug":"famenita","status":"publish","type":"product","link":"https:\/\/www.transtoyou.com\/fr\/product\/famenita\/","title":{"rendered":"Famenita"},"content":{"rendered":"<p>Famenita est une capsule molle contenant de la progest\u00e9rone micronis\u00e9e, une forme naturelle de l&rsquo;hormone produite par le corps. Elle est utilis\u00e9e pour soutenir l&rsquo;\u00e9quilibre hormonal dans diverses situations, y compris la th\u00e9rapie de remplacement hormonal (TRH), la gestion de l&rsquo;inconfort menstruel, le traitement de la fertilit\u00e9, le soulagement des sympt\u00f4mes de la m\u00e9nopause et le traitement de l&rsquo;endom\u00e9triose.<\/p>\n<p>Dans la TRH, Famenita est utilis\u00e9e en association avec des \u0153strog\u00e8nes pour prot\u00e9ger la muqueuse de l&rsquo;ut\u00e9rus chez les personnes qui n&rsquo;ont pas subi d&rsquo;hyst\u00e9rectomie. Les \u0153strog\u00e8nes seuls peuvent provoquer un \u00e9paississement de l&rsquo;endom\u00e8tre, ce qui peut augmenter les risques pour la sant\u00e9. Famenita aide \u00e0 contrer cela en stabilisant la muqueuse ut\u00e9rine.<\/p>\n<p>Dans les traitements de fertilit\u00e9, Famenita soutient la phase lut\u00e9ale du cycle menstruel et aide \u00e0 pr\u00e9parer l&rsquo;ut\u00e9rus \u00e0 la grossesse. Elle peut \u00e9galement \u00eatre prescrite pour r\u00e9duire la douleur et r\u00e9guler les cycles chez les personnes souffrant d&rsquo;endom\u00e9triose ou de r\u00e8gles irr\u00e9guli\u00e8res. Pour celles qui \u00e9prouvent des sympt\u00f4mes de m\u00e9nopause ou pr\u00e9menstruels, Famenita peut soulager les sautes d&rsquo;humeur, le ballonnement et d&rsquo;autres inconforts li\u00e9s aux hormones.<\/p>\n<p>Famenita est une progest\u00e9rone bio-identique d&rsquo;origine v\u00e9g\u00e9tale qui peut \u00eatre prise par voie orale ou utilis\u00e9e par voie vaginale, selon l&rsquo;objectif vis\u00e9.<\/p>\n","protected":false},"excerpt":{"rendered":"<ul>\n<li>Capsule de progest\u00e9rone naturelle<\/li>\n<li>Supporte la THS, la fertilit\u00e9 et la r\u00e9gulation du cycle<\/li>\n<li>Peut \u00eatre utilis\u00e9 par voie orale ou vaginale<\/li>\n<\/ul>\n","protected":false},"featured_media":865,"comment_status":"open","ping_status":"closed","template":"","meta":[],"product_brand":[],"product_cat":[112,120,147,145,139],"product_tag":[],"expert":[21],"class_list":{"0":"post-863","1":"product","2":"type-product","3":"status-publish","4":"has-post-thumbnail","6":"product_cat-endometriose","7":"product_cat-fertilite-ovulation","8":"product_cat-inconfort-menstruel","9":"product_cat-soulagement-de-la-menopause-et-du-spm","10":"product_cat-therapie-de-remplacement-hormonal-trh","11":"expert-dr-m-sharoyko","13":"first","14":"instock","15":"shipping-taxable","16":"product-type-variable"},"yoast_head":"<!-- This site is optimized with the Yoast SEO plugin v27.0 - https:\/\/yoast.com\/product\/yoast-seo-wordpress\/ -->\n<title>Famenita | Soutien Hormonal Naturel - Transtoyou<\/title>\n<meta name=\"description\" content=\"Famenita, disponible ici, aide \u00e0 l&#039;\u00e9quilibre hormonal pour la THS, le soulagement menstruel et l&#039;endom\u00e9triose. Achetez d\u00e8s maintenant une solution naturelle.\" \/>\n<meta name=\"robots\" content=\"noindex, follow, max-snippet:-1, max-image-preview:large, max-video-preview:-1\" \/>\n<meta property=\"og:locale\" content=\"fr_FR\" \/>\n<meta property=\"og:type\" content=\"article\" \/>\n<meta property=\"og:title\" content=\"Famenita | Soutien Hormonal Naturel - Transtoyou\" \/>\n<meta property=\"og:description\" content=\"Famenita, disponible ici, aide \u00e0 l&#039;\u00e9quilibre hormonal pour la THS, le soulagement menstruel et l&#039;endom\u00e9triose. Achetez d\u00e8s maintenant une solution naturelle.\" \/>\n<meta property=\"og:url\" content=\"https:\/\/www.transtoyou.com\/fr\/product\/famenita\/\" \/>\n<meta property=\"og:site_name\" content=\"Transtoyou - FR\" \/>\n<meta property=\"article:modified_time\" content=\"2026-02-16T08:59:43+00:00\" \/>\n<meta name=\"twitter:card\" content=\"summary_large_image\" \/>\n<meta name=\"twitter:label1\" content=\"Dur\u00e9e de lecture estim\u00e9e\" \/>\n\t<meta name=\"twitter:data1\" content=\"1 minute\" \/>\n<script type=\"application\/ld+json\" class=\"yoast-schema-graph\">{\"@context\":\"https:\/\/schema.org\",\"@graph\":[{\"@type\":\"WebPage\",\"@id\":\"https:\/\/www.transtoyou.com\/fr\/product\/famenita\/\",\"url\":\"https:\/\/www.transtoyou.com\/fr\/product\/famenita\/\",\"name\":\"Famenita | Soutien Hormonal Naturel - Transtoyou\",\"isPartOf\":{\"@id\":\"https:\/\/www.transtoyou.com\/fr\/#website\"},\"primaryImageOfPage\":{\"@id\":\"https:\/\/www.transtoyou.com\/fr\/product\/famenita\/#primaryimage\"},\"image\":{\"@id\":\"https:\/\/www.transtoyou.com\/fr\/product\/famenita\/#primaryimage\"},\"thumbnailUrl\":\"https:\/\/www.transtoyou.com\/fr\/wp-content\/uploads\/sites\/5\/2026\/01\/tty-no-product-image-42.webp\",\"datePublished\":\"2026-01-23T18:39:38+00:00\",\"dateModified\":\"2026-02-16T08:59:43+00:00\",\"description\":\"Famenita, disponible ici, aide \u00e0 l'\u00e9quilibre hormonal pour la THS, le soulagement menstruel et l'endom\u00e9triose. Achetez d\u00e8s maintenant une solution naturelle.\",\"breadcrumb\":{\"@id\":\"https:\/\/www.transtoyou.com\/fr\/product\/famenita\/#breadcrumb\"},\"inLanguage\":\"fr-FR\",\"potentialAction\":[{\"@type\":\"ReadAction\",\"target\":[\"https:\/\/www.transtoyou.com\/fr\/product\/famenita\/\"]}]},{\"@type\":\"ImageObject\",\"inLanguage\":\"fr-FR\",\"@id\":\"https:\/\/www.transtoyou.com\/fr\/product\/famenita\/#primaryimage\",\"url\":\"https:\/\/www.transtoyou.com\/fr\/wp-content\/uploads\/sites\/5\/2026\/01\/tty-no-product-image-42.webp\",\"contentUrl\":\"https:\/\/www.transtoyou.com\/fr\/wp-content\/uploads\/sites\/5\/2026\/01\/tty-no-product-image-42.webp\",\"width\":1000,\"height\":1000,\"caption\":\"Image produit par d\u00e9faut\"},{\"@type\":\"WebSite\",\"@id\":\"https:\/\/www.transtoyou.com\/fr\/#website\",\"url\":\"https:\/\/www.transtoyou.com\/fr\/\",\"name\":\"Transtoyou - FR\",\"description\":\"\",\"publisher\":{\"@id\":\"https:\/\/www.transtoyou.com\/fr\/#organization\"},\"potentialAction\":[{\"@type\":\"SearchAction\",\"target\":{\"@type\":\"EntryPoint\",\"urlTemplate\":\"https:\/\/www.transtoyou.com\/fr\/?s={search_term_string}\"},\"query-input\":{\"@type\":\"PropertyValueSpecification\",\"valueRequired\":true,\"valueName\":\"search_term_string\"}}],\"inLanguage\":\"fr-FR\"},{\"@type\":\"Organization\",\"@id\":\"https:\/\/www.transtoyou.com\/fr\/#organization\",\"name\":\"Transtoyou - FR\",\"url\":\"https:\/\/www.transtoyou.com\/fr\/\",\"logo\":{\"@type\":\"ImageObject\",\"inLanguage\":\"fr-FR\",\"@id\":\"https:\/\/www.transtoyou.com\/fr\/#\/schema\/logo\/image\/\",\"url\":\"https:\/\/www.transtoyou.com\/fr\/wp-content\/uploads\/sites\/5\/2026\/01\/logo-tty-menu-bar-300x87-1.webp\",\"contentUrl\":\"https:\/\/www.transtoyou.com\/fr\/wp-content\/uploads\/sites\/5\/2026\/01\/logo-tty-menu-bar-300x87-1.webp\",\"width\":300,\"height\":87,\"caption\":\"Transtoyou - FR\"},\"image\":{\"@id\":\"https:\/\/www.transtoyou.com\/fr\/#\/schema\/logo\/image\/\"}}]}<\/script>\n<!-- \/ Yoast SEO plugin. -->","yoast_head_json":{"title":"Famenita | Soutien Hormonal Naturel - Transtoyou","description":"Famenita, disponible ici, aide \u00e0 l'\u00e9quilibre hormonal pour la THS, le soulagement menstruel et l'endom\u00e9triose. Achetez d\u00e8s maintenant une solution naturelle.","robots":{"index":"noindex","follow":"follow","max-snippet":"max-snippet:-1","max-image-preview":"max-image-preview:large","max-video-preview":"max-video-preview:-1"},"og_locale":"fr_FR","og_type":"article","og_title":"Famenita | Soutien Hormonal Naturel - Transtoyou","og_description":"Famenita, disponible ici, aide \u00e0 l'\u00e9quilibre hormonal pour la THS, le soulagement menstruel et l'endom\u00e9triose. Achetez d\u00e8s maintenant une solution naturelle.","og_url":"https:\/\/www.transtoyou.com\/fr\/product\/famenita\/","og_site_name":"Transtoyou - FR","article_modified_time":"2026-02-16T08:59:43+00:00","twitter_card":"summary_large_image","twitter_misc":{"Dur\u00e9e de lecture estim\u00e9e":"1 minute"},"schema":{"@context":"https:\/\/schema.org","@graph":[{"@type":"WebPage","@id":"https:\/\/www.transtoyou.com\/fr\/product\/famenita\/","url":"https:\/\/www.transtoyou.com\/fr\/product\/famenita\/","name":"Famenita | Soutien Hormonal Naturel - Transtoyou","isPartOf":{"@id":"https:\/\/www.transtoyou.com\/fr\/#website"},"primaryImageOfPage":{"@id":"https:\/\/www.transtoyou.com\/fr\/product\/famenita\/#primaryimage"},"image":{"@id":"https:\/\/www.transtoyou.com\/fr\/product\/famenita\/#primaryimage"},"thumbnailUrl":"https:\/\/www.transtoyou.com\/fr\/wp-content\/uploads\/sites\/5\/2026\/01\/tty-no-product-image-42.webp","datePublished":"2026-01-23T18:39:38+00:00","dateModified":"2026-02-16T08:59:43+00:00","description":"Famenita, disponible ici, aide \u00e0 l'\u00e9quilibre hormonal pour la THS, le soulagement menstruel et l'endom\u00e9triose. Achetez d\u00e8s maintenant une solution naturelle.","breadcrumb":{"@id":"https:\/\/www.transtoyou.com\/fr\/product\/famenita\/#breadcrumb"},"inLanguage":"fr-FR","potentialAction":[{"@type":"ReadAction","target":["https:\/\/www.transtoyou.com\/fr\/product\/famenita\/"]}]},{"@type":"ImageObject","inLanguage":"fr-FR","@id":"https:\/\/www.transtoyou.com\/fr\/product\/famenita\/#primaryimage","url":"https:\/\/www.transtoyou.com\/fr\/wp-content\/uploads\/sites\/5\/2026\/01\/tty-no-product-image-42.webp","contentUrl":"https:\/\/www.transtoyou.com\/fr\/wp-content\/uploads\/sites\/5\/2026\/01\/tty-no-product-image-42.webp","width":1000,"height":1000,"caption":"Image produit par d\u00e9faut"},{"@type":"WebSite","@id":"https:\/\/www.transtoyou.com\/fr\/#website","url":"https:\/\/www.transtoyou.com\/fr\/","name":"Transtoyou - FR","description":"","publisher":{"@id":"https:\/\/www.transtoyou.com\/fr\/#organization"},"potentialAction":[{"@type":"SearchAction","target":{"@type":"EntryPoint","urlTemplate":"https:\/\/www.transtoyou.com\/fr\/?s={search_term_string}"},"query-input":{"@type":"PropertyValueSpecification","valueRequired":true,"valueName":"search_term_string"}}],"inLanguage":"fr-FR"},{"@type":"Organization","@id":"https:\/\/www.transtoyou.com\/fr\/#organization","name":"Transtoyou - FR","url":"https:\/\/www.transtoyou.com\/fr\/","logo":{"@type":"ImageObject","inLanguage":"fr-FR","@id":"https:\/\/www.transtoyou.com\/fr\/#\/schema\/logo\/image\/","url":"https:\/\/www.transtoyou.com\/fr\/wp-content\/uploads\/sites\/5\/2026\/01\/logo-tty-menu-bar-300x87-1.webp","contentUrl":"https:\/\/www.transtoyou.com\/fr\/wp-content\/uploads\/sites\/5\/2026\/01\/logo-tty-menu-bar-300x87-1.webp","width":300,"height":87,"caption":"Transtoyou - FR"},"image":{"@id":"https:\/\/www.transtoyou.com\/fr\/#\/schema\/logo\/image\/"}}]}},"_links":{"self":[{"href":"https:\/\/www.transtoyou.com\/fr\/wp-json\/wp\/v2\/product\/863","targetHints":{"allow":["GET"]}}],"collection":[{"href":"https:\/\/www.transtoyou.com\/fr\/wp-json\/wp\/v2\/product"}],"about":[{"href":"https:\/\/www.transtoyou.com\/fr\/wp-json\/wp\/v2\/types\/product"}],"replies":[{"embeddable":true,"href":"https:\/\/www.transtoyou.com\/fr\/wp-json\/wp\/v2\/comments?post=863"}],"wp:featuredmedia":[{"embeddable":true,"href":"https:\/\/www.transtoyou.com\/fr\/wp-json\/wp\/v2\/media\/865"}],"wp:attachment":[{"href":"https:\/\/www.transtoyou.com\/fr\/wp-json\/wp\/v2\/media?parent=863"}],"wp:term":[{"taxonomy":"product_brand","embeddable":true,"href":"https:\/\/www.transtoyou.com\/fr\/wp-json\/wp\/v2\/product_brand?post=863"},{"taxonomy":"product_cat","embeddable":true,"href":"https:\/\/www.transtoyou.com\/fr\/wp-json\/wp\/v2\/product_cat?post=863"},{"taxonomy":"product_tag","embeddable":true,"href":"https:\/\/www.transtoyou.com\/fr\/wp-json\/wp\/v2\/product_tag?post=863"},{"taxonomy":"expert","embeddable":true,"href":"https:\/\/www.transtoyou.com\/fr\/wp-json\/wp\/v2\/expert?post=863"}],"curies":[{"name":"wp","href":"https:\/\/api.w.org\/{rel}","templated":true}]}}