{"id":874,"date":"2026-01-23T21:36:51","date_gmt":"2026-01-23T19:36:51","guid":{"rendered":"https:\/\/www.transtoyou.com\/fr\/product\/kyleena\/"},"modified":"2026-02-20T13:18:39","modified_gmt":"2026-02-20T11:18:39","slug":"kyleena","status":"publish","type":"product","link":"https:\/\/www.transtoyou.com\/fr\/product\/kyleena\/","title":{"rendered":"Kyleena"},"content":{"rendered":"<p>Kyleena est un petit dispositif intra-ut\u00e9rin flexible qui lib\u00e8re une faible dose de l&rsquo;hormone l\u00e9vonorgestrel directement dans l&rsquo;ut\u00e9rus. Il offre une contraception r\u00e9versible \u00e0 long terme pendant jusqu&rsquo;\u00e0 cinq ans et fait partie des m\u00e9thodes de contr\u00f4le des naissances les plus efficaces disponibles. Une fois plac\u00e9, Kyleena fonctionne en continu sans n\u00e9cessiter d&rsquo;attention quotidienne.<\/p>\n<p>Le dispositif est plac\u00e9 \u00e0 l&rsquo;int\u00e9rieur de l&rsquo;ut\u00e9rus lors d&rsquo;une proc\u00e9dure simple. Il lib\u00e8re lentement le l\u00e9vonorgestrel, qui \u00e9paissit le mucus cervical pour emp\u00eacher les spermatozo\u00efdes d&rsquo;atteindre l&rsquo;ovule et peut \u00e9galement supprimer l&rsquo;ovulation chez certaines personnes. L&rsquo;hormone est lib\u00e9r\u00e9e localement en petites quantit\u00e9s, ce qui r\u00e9duit la probabilit\u00e9 d&rsquo;effets secondaires syst\u00e9miques.<\/p>\n<p>Kyleena est plus petit que certains autres DIU et est souvent choisi par des personnes qui pr\u00e9f\u00e8rent une option hormonale \u00e0 faible dose ou qui n&rsquo;ont pas eu d&rsquo;enfants. Il est efficace dans les 24 heures suivant le placement et peut \u00eatre retir\u00e9 \u00e0 tout moment, permettant un retour rapide de la fertilit\u00e9. Contrairement aux pilules quotidiennes ou aux injections, Kyleena offre une protection continue sans n\u00e9cessiter d&rsquo;action r\u00e9guli\u00e8re de l&rsquo;utilisateur.<\/p>\n<p>Ce DIU est une m\u00e9thode de contraception discr\u00e8te et tr\u00e8s fiable qui permet aux utilisateurs d&rsquo;\u00e9viter l&rsquo;\u0153strog\u00e8ne et d&rsquo;opter pour une solution \u00e0 long terme et \u00e0 faible entretien. Kyleena ne contient pas de cuivre et n&rsquo;est pas destin\u00e9 \u00e0 la contraception d&rsquo;urgence. Vous pouvez demander Kyleena chez Transtoyou, mais vous devez prendre rendez-vous avec un professionnel qui peut placer le DIU pour vous.<\/p>\n","protected":false},"excerpt":{"rendered":"<ul>\n<li>DIU hormonal \u00e0 action prolong\u00e9e<\/li>\n<li>Efficace jusqu&rsquo;\u00e0 cinq ans<\/li>\n<li>Faible dose et sans \u0153strog\u00e8ne<\/li>\n<\/ul>\n","protected":false},"featured_media":876,"comment_status":"open","ping_status":"closed","template":"","meta":[],"product_brand":[],"product_cat":[141,148],"product_tag":[],"expert":[19],"class_list":{"0":"post-874","1":"product","2":"type-product","3":"status-publish","4":"has-post-thumbnail","6":"product_cat-dispositif-intra-uterin-diu","7":"product_cat-suppression-menstruelle","8":"expert-dr-j-vazquez","10":"first","11":"instock","12":"shipping-taxable","13":"product-type-variable"},"yoast_head":"<!-- This site is optimized with the Yoast SEO plugin v27.0 - https:\/\/yoast.com\/product\/yoast-seo-wordpress\/ -->\n<title>Kyleena | Contraception Efficace \u00e0 Long Terme - Transtoyou<\/title>\n<meta name=\"description\" content=\"Kyleena, disponible sur Transtoyou, offre une contraception fiable et \u00e0 long terme. D\u00e9couvrez ses avantages pour une solution de confiance \u00e0 vos besoins de planification familiale.\" \/>\n<meta name=\"robots\" content=\"noindex, follow, max-snippet:-1, max-image-preview:large, max-video-preview:-1\" \/>\n<meta property=\"og:locale\" content=\"fr_FR\" \/>\n<meta property=\"og:type\" content=\"article\" \/>\n<meta property=\"og:title\" content=\"Kyleena | Contraception Efficace \u00e0 Long Terme - Transtoyou\" \/>\n<meta property=\"og:description\" content=\"Kyleena, disponible sur Transtoyou, offre une contraception fiable et \u00e0 long terme. D\u00e9couvrez ses avantages pour une solution de confiance \u00e0 vos besoins de planification familiale.\" \/>\n<meta property=\"og:url\" content=\"https:\/\/www.transtoyou.com\/fr\/product\/kyleena\/\" \/>\n<meta property=\"og:site_name\" content=\"Transtoyou - FR\" \/>\n<meta property=\"article:modified_time\" content=\"2026-02-20T11:18:39+00:00\" \/>\n<meta name=\"twitter:card\" content=\"summary_large_image\" \/>\n<meta name=\"twitter:label1\" content=\"Dur\u00e9e de lecture estim\u00e9e\" \/>\n\t<meta name=\"twitter:data1\" content=\"1 minute\" \/>\n<script type=\"application\/ld+json\" class=\"yoast-schema-graph\">{\"@context\":\"https:\/\/schema.org\",\"@graph\":[{\"@type\":\"WebPage\",\"@id\":\"https:\/\/www.transtoyou.com\/fr\/product\/kyleena\/\",\"url\":\"https:\/\/www.transtoyou.com\/fr\/product\/kyleena\/\",\"name\":\"Kyleena | Contraception Efficace \u00e0 Long Terme - Transtoyou\",\"isPartOf\":{\"@id\":\"https:\/\/www.transtoyou.com\/fr\/#website\"},\"primaryImageOfPage\":{\"@id\":\"https:\/\/www.transtoyou.com\/fr\/product\/kyleena\/#primaryimage\"},\"image\":{\"@id\":\"https:\/\/www.transtoyou.com\/fr\/product\/kyleena\/#primaryimage\"},\"thumbnailUrl\":\"https:\/\/www.transtoyou.com\/fr\/wp-content\/uploads\/sites\/5\/2026\/01\/tty-no-product-image-46.webp\",\"datePublished\":\"2026-01-23T19:36:51+00:00\",\"dateModified\":\"2026-02-20T11:18:39+00:00\",\"description\":\"Kyleena, disponible sur Transtoyou, offre une contraception fiable et \u00e0 long terme. D\u00e9couvrez ses avantages pour une solution de confiance \u00e0 vos besoins de planification familiale.\",\"breadcrumb\":{\"@id\":\"https:\/\/www.transtoyou.com\/fr\/product\/kyleena\/#breadcrumb\"},\"inLanguage\":\"fr-FR\",\"potentialAction\":[{\"@type\":\"ReadAction\",\"target\":[\"https:\/\/www.transtoyou.com\/fr\/product\/kyleena\/\"]}]},{\"@type\":\"ImageObject\",\"inLanguage\":\"fr-FR\",\"@id\":\"https:\/\/www.transtoyou.com\/fr\/product\/kyleena\/#primaryimage\",\"url\":\"https:\/\/www.transtoyou.com\/fr\/wp-content\/uploads\/sites\/5\/2026\/01\/tty-no-product-image-46.webp\",\"contentUrl\":\"https:\/\/www.transtoyou.com\/fr\/wp-content\/uploads\/sites\/5\/2026\/01\/tty-no-product-image-46.webp\",\"width\":1000,\"height\":1000,\"caption\":\"Image produit par d\u00e9faut\"},{\"@type\":\"WebSite\",\"@id\":\"https:\/\/www.transtoyou.com\/fr\/#website\",\"url\":\"https:\/\/www.transtoyou.com\/fr\/\",\"name\":\"Transtoyou - FR\",\"description\":\"\",\"publisher\":{\"@id\":\"https:\/\/www.transtoyou.com\/fr\/#organization\"},\"potentialAction\":[{\"@type\":\"SearchAction\",\"target\":{\"@type\":\"EntryPoint\",\"urlTemplate\":\"https:\/\/www.transtoyou.com\/fr\/?s={search_term_string}\"},\"query-input\":{\"@type\":\"PropertyValueSpecification\",\"valueRequired\":true,\"valueName\":\"search_term_string\"}}],\"inLanguage\":\"fr-FR\"},{\"@type\":\"Organization\",\"@id\":\"https:\/\/www.transtoyou.com\/fr\/#organization\",\"name\":\"Transtoyou - FR\",\"url\":\"https:\/\/www.transtoyou.com\/fr\/\",\"logo\":{\"@type\":\"ImageObject\",\"inLanguage\":\"fr-FR\",\"@id\":\"https:\/\/www.transtoyou.com\/fr\/#\/schema\/logo\/image\/\",\"url\":\"https:\/\/www.transtoyou.com\/fr\/wp-content\/uploads\/sites\/5\/2026\/01\/logo-tty-menu-bar-300x87-1.webp\",\"contentUrl\":\"https:\/\/www.transtoyou.com\/fr\/wp-content\/uploads\/sites\/5\/2026\/01\/logo-tty-menu-bar-300x87-1.webp\",\"width\":300,\"height\":87,\"caption\":\"Transtoyou - FR\"},\"image\":{\"@id\":\"https:\/\/www.transtoyou.com\/fr\/#\/schema\/logo\/image\/\"}}]}<\/script>\n<!-- \/ Yoast SEO plugin. -->","yoast_head_json":{"title":"Kyleena | Contraception Efficace \u00e0 Long Terme - Transtoyou","description":"Kyleena, disponible sur Transtoyou, offre une contraception fiable et \u00e0 long terme. D\u00e9couvrez ses avantages pour une solution de confiance \u00e0 vos besoins de planification familiale.","robots":{"index":"noindex","follow":"follow","max-snippet":"max-snippet:-1","max-image-preview":"max-image-preview:large","max-video-preview":"max-video-preview:-1"},"og_locale":"fr_FR","og_type":"article","og_title":"Kyleena | Contraception Efficace \u00e0 Long Terme - Transtoyou","og_description":"Kyleena, disponible sur Transtoyou, offre une contraception fiable et \u00e0 long terme. D\u00e9couvrez ses avantages pour une solution de confiance \u00e0 vos besoins de planification familiale.","og_url":"https:\/\/www.transtoyou.com\/fr\/product\/kyleena\/","og_site_name":"Transtoyou - FR","article_modified_time":"2026-02-20T11:18:39+00:00","twitter_card":"summary_large_image","twitter_misc":{"Dur\u00e9e de lecture estim\u00e9e":"1 minute"},"schema":{"@context":"https:\/\/schema.org","@graph":[{"@type":"WebPage","@id":"https:\/\/www.transtoyou.com\/fr\/product\/kyleena\/","url":"https:\/\/www.transtoyou.com\/fr\/product\/kyleena\/","name":"Kyleena | Contraception Efficace \u00e0 Long Terme - Transtoyou","isPartOf":{"@id":"https:\/\/www.transtoyou.com\/fr\/#website"},"primaryImageOfPage":{"@id":"https:\/\/www.transtoyou.com\/fr\/product\/kyleena\/#primaryimage"},"image":{"@id":"https:\/\/www.transtoyou.com\/fr\/product\/kyleena\/#primaryimage"},"thumbnailUrl":"https:\/\/www.transtoyou.com\/fr\/wp-content\/uploads\/sites\/5\/2026\/01\/tty-no-product-image-46.webp","datePublished":"2026-01-23T19:36:51+00:00","dateModified":"2026-02-20T11:18:39+00:00","description":"Kyleena, disponible sur Transtoyou, offre une contraception fiable et \u00e0 long terme. D\u00e9couvrez ses avantages pour une solution de confiance \u00e0 vos besoins de planification familiale.","breadcrumb":{"@id":"https:\/\/www.transtoyou.com\/fr\/product\/kyleena\/#breadcrumb"},"inLanguage":"fr-FR","potentialAction":[{"@type":"ReadAction","target":["https:\/\/www.transtoyou.com\/fr\/product\/kyleena\/"]}]},{"@type":"ImageObject","inLanguage":"fr-FR","@id":"https:\/\/www.transtoyou.com\/fr\/product\/kyleena\/#primaryimage","url":"https:\/\/www.transtoyou.com\/fr\/wp-content\/uploads\/sites\/5\/2026\/01\/tty-no-product-image-46.webp","contentUrl":"https:\/\/www.transtoyou.com\/fr\/wp-content\/uploads\/sites\/5\/2026\/01\/tty-no-product-image-46.webp","width":1000,"height":1000,"caption":"Image produit par d\u00e9faut"},{"@type":"WebSite","@id":"https:\/\/www.transtoyou.com\/fr\/#website","url":"https:\/\/www.transtoyou.com\/fr\/","name":"Transtoyou - FR","description":"","publisher":{"@id":"https:\/\/www.transtoyou.com\/fr\/#organization"},"potentialAction":[{"@type":"SearchAction","target":{"@type":"EntryPoint","urlTemplate":"https:\/\/www.transtoyou.com\/fr\/?s={search_term_string}"},"query-input":{"@type":"PropertyValueSpecification","valueRequired":true,"valueName":"search_term_string"}}],"inLanguage":"fr-FR"},{"@type":"Organization","@id":"https:\/\/www.transtoyou.com\/fr\/#organization","name":"Transtoyou - FR","url":"https:\/\/www.transtoyou.com\/fr\/","logo":{"@type":"ImageObject","inLanguage":"fr-FR","@id":"https:\/\/www.transtoyou.com\/fr\/#\/schema\/logo\/image\/","url":"https:\/\/www.transtoyou.com\/fr\/wp-content\/uploads\/sites\/5\/2026\/01\/logo-tty-menu-bar-300x87-1.webp","contentUrl":"https:\/\/www.transtoyou.com\/fr\/wp-content\/uploads\/sites\/5\/2026\/01\/logo-tty-menu-bar-300x87-1.webp","width":300,"height":87,"caption":"Transtoyou - FR"},"image":{"@id":"https:\/\/www.transtoyou.com\/fr\/#\/schema\/logo\/image\/"}}]}},"_links":{"self":[{"href":"https:\/\/www.transtoyou.com\/fr\/wp-json\/wp\/v2\/product\/874","targetHints":{"allow":["GET"]}}],"collection":[{"href":"https:\/\/www.transtoyou.com\/fr\/wp-json\/wp\/v2\/product"}],"about":[{"href":"https:\/\/www.transtoyou.com\/fr\/wp-json\/wp\/v2\/types\/product"}],"replies":[{"embeddable":true,"href":"https:\/\/www.transtoyou.com\/fr\/wp-json\/wp\/v2\/comments?post=874"}],"wp:featuredmedia":[{"embeddable":true,"href":"https:\/\/www.transtoyou.com\/fr\/wp-json\/wp\/v2\/media\/876"}],"wp:attachment":[{"href":"https:\/\/www.transtoyou.com\/fr\/wp-json\/wp\/v2\/media?parent=874"}],"wp:term":[{"taxonomy":"product_brand","embeddable":true,"href":"https:\/\/www.transtoyou.com\/fr\/wp-json\/wp\/v2\/product_brand?post=874"},{"taxonomy":"product_cat","embeddable":true,"href":"https:\/\/www.transtoyou.com\/fr\/wp-json\/wp\/v2\/product_cat?post=874"},{"taxonomy":"product_tag","embeddable":true,"href":"https:\/\/www.transtoyou.com\/fr\/wp-json\/wp\/v2\/product_tag?post=874"},{"taxonomy":"expert","embeddable":true,"href":"https:\/\/www.transtoyou.com\/fr\/wp-json\/wp\/v2\/expert?post=874"}],"curies":[{"name":"wp","href":"https:\/\/api.w.org\/{rel}","templated":true}]}}