{"id":892,"date":"2026-01-23T23:15:40","date_gmt":"2026-01-23T21:15:40","guid":{"rendered":"https:\/\/www.transtoyou.com\/fr\/product\/femoston\/"},"modified":"2026-02-16T11:09:39","modified_gmt":"2026-02-16T09:09:39","slug":"femoston","status":"publish","type":"product","link":"https:\/\/www.transtoyou.com\/fr\/product\/femoston\/","title":{"rendered":"Femoston"},"content":{"rendered":"<p>Femoston est un comprim\u00e9 utilis\u00e9 dans le cadre d&rsquo;une th\u00e9rapie de remplacement hormonal pour soulager les sympt\u00f4mes associ\u00e9s \u00e0 de faibles niveaux d&rsquo;\u0153strog\u00e8nes. Il contient deux hormones : l&rsquo;estradiol, une forme d&rsquo;\u0153strog\u00e8ne, et la dydrogest\u00e9rone, un progestatif qui aide \u00e0 prot\u00e9ger la muqueuse ut\u00e9rine. Cette combinaison est g\u00e9n\u00e9ralement utilis\u00e9e par les personnes ayant atteint la m\u00e9nopause et ayant encore un ut\u00e9rus.<\/p>\n<p>Les sympt\u00f4mes de la m\u00e9nopause tels que les bouff\u00e9es de chaleur, les sueurs nocturnes, les sautes d&rsquo;humeur et la s\u00e9cheresse vaginale surviennent en raison de la r\u00e9duction des niveaux d&rsquo;\u0153strog\u00e8nes. Femoston reconstitue cette hormone pour r\u00e9tablir l&rsquo;\u00e9quilibre et r\u00e9duire l&rsquo;inconfort. Le composant progestatif aide \u00e0 pr\u00e9venir l&rsquo;\u00e9paississement excessif de la muqueuse ut\u00e9rine, ce qui peut se produire lorsque l&rsquo;\u0153strog\u00e8ne est utilis\u00e9 seul.<\/p>\n<p>Femoston se prend une fois par jour, avec diff\u00e9rentes formulations disponibles selon qu&rsquo;un sch\u00e9ma hormonal continu ou cyclique est n\u00e9cessaire. Une utilisation coh\u00e9rente aide \u00e0 g\u00e9rer \u00e0 la fois les sympt\u00f4mes \u00e0 court terme de la carence en \u0153strog\u00e8nes et contribue aux objectifs \u00e0 long terme li\u00e9s \u00e0 la stabilit\u00e9 hormonale et \u00e0 la qualit\u00e9 de vie.<\/p>\n","protected":false},"excerpt":{"rendered":"<ul>\n<li>Comprim\u00e9 hormonal oral quotidien<\/li>\n<li>Facilite la m\u00e9nopause<\/li>\n<li>Combine l&rsquo;\u0153strog\u00e8ne et le progestatif<\/li>\n<\/ul>\n","protected":false},"featured_media":894,"comment_status":"open","ping_status":"closed","template":"","meta":[],"product_brand":[],"product_cat":[145,139],"product_tag":[],"expert":[16],"class_list":{"0":"post-892","1":"product","2":"type-product","3":"status-publish","4":"has-post-thumbnail","6":"product_cat-soulagement-de-la-menopause-et-du-spm","7":"product_cat-therapie-de-remplacement-hormonal-trh","8":"expert-dr-c-alexandru","10":"first","11":"instock","12":"shipping-taxable","13":"product-type-variable"},"yoast_head":"<!-- This site is optimized with the Yoast SEO plugin v27.0 - https:\/\/yoast.com\/product\/yoast-seo-wordpress\/ -->\n<title>Femoston | Soutien \u00e0 l&#039;\u00e9quilibre hormonal - Transtoyou<\/title>\n<meta name=\"description\" content=\"Femoston, disponible sur Transtoyou. D\u00e9couvrez ses avantages pour l&#039;\u00e9quilibre hormonal et le bien-\u00eatre. Commandez d\u00e8s maintenant une solution fiable.\" \/>\n<meta name=\"robots\" content=\"noindex, follow, max-snippet:-1, max-image-preview:large, max-video-preview:-1\" \/>\n<meta property=\"og:locale\" content=\"fr_FR\" \/>\n<meta property=\"og:type\" content=\"article\" \/>\n<meta property=\"og:title\" content=\"Femoston | Soutien \u00e0 l&#039;\u00e9quilibre hormonal - Transtoyou\" \/>\n<meta property=\"og:description\" content=\"Femoston, disponible sur Transtoyou. D\u00e9couvrez ses avantages pour l&#039;\u00e9quilibre hormonal et le bien-\u00eatre. Commandez d\u00e8s maintenant une solution fiable.\" \/>\n<meta property=\"og:url\" content=\"https:\/\/www.transtoyou.com\/fr\/product\/femoston\/\" \/>\n<meta property=\"og:site_name\" content=\"Transtoyou - FR\" \/>\n<meta property=\"article:modified_time\" content=\"2026-02-16T09:09:39+00:00\" \/>\n<meta name=\"twitter:card\" content=\"summary_large_image\" \/>\n<meta name=\"twitter:label1\" content=\"Dur\u00e9e de lecture estim\u00e9e\" \/>\n\t<meta name=\"twitter:data1\" content=\"1 minute\" \/>\n<script type=\"application\/ld+json\" class=\"yoast-schema-graph\">{\"@context\":\"https:\/\/schema.org\",\"@graph\":[{\"@type\":\"WebPage\",\"@id\":\"https:\/\/www.transtoyou.com\/fr\/product\/femoston\/\",\"url\":\"https:\/\/www.transtoyou.com\/fr\/product\/femoston\/\",\"name\":\"Femoston | Soutien \u00e0 l'\u00e9quilibre hormonal - Transtoyou\",\"isPartOf\":{\"@id\":\"https:\/\/www.transtoyou.com\/fr\/#website\"},\"primaryImageOfPage\":{\"@id\":\"https:\/\/www.transtoyou.com\/fr\/product\/femoston\/#primaryimage\"},\"image\":{\"@id\":\"https:\/\/www.transtoyou.com\/fr\/product\/femoston\/#primaryimage\"},\"thumbnailUrl\":\"https:\/\/www.transtoyou.com\/fr\/wp-content\/uploads\/sites\/5\/2026\/01\/tty-no-product-image-52.webp\",\"datePublished\":\"2026-01-23T21:15:40+00:00\",\"dateModified\":\"2026-02-16T09:09:39+00:00\",\"description\":\"Femoston, disponible sur Transtoyou. D\u00e9couvrez ses avantages pour l'\u00e9quilibre hormonal et le bien-\u00eatre. Commandez d\u00e8s maintenant une solution fiable.\",\"breadcrumb\":{\"@id\":\"https:\/\/www.transtoyou.com\/fr\/product\/femoston\/#breadcrumb\"},\"inLanguage\":\"fr-FR\",\"potentialAction\":[{\"@type\":\"ReadAction\",\"target\":[\"https:\/\/www.transtoyou.com\/fr\/product\/femoston\/\"]}]},{\"@type\":\"ImageObject\",\"inLanguage\":\"fr-FR\",\"@id\":\"https:\/\/www.transtoyou.com\/fr\/product\/femoston\/#primaryimage\",\"url\":\"https:\/\/www.transtoyou.com\/fr\/wp-content\/uploads\/sites\/5\/2026\/01\/tty-no-product-image-52.webp\",\"contentUrl\":\"https:\/\/www.transtoyou.com\/fr\/wp-content\/uploads\/sites\/5\/2026\/01\/tty-no-product-image-52.webp\",\"width\":1000,\"height\":1000,\"caption\":\"Image de produit par d\u00e9faut\"},{\"@type\":\"WebSite\",\"@id\":\"https:\/\/www.transtoyou.com\/fr\/#website\",\"url\":\"https:\/\/www.transtoyou.com\/fr\/\",\"name\":\"Transtoyou - FR\",\"description\":\"\",\"publisher\":{\"@id\":\"https:\/\/www.transtoyou.com\/fr\/#organization\"},\"potentialAction\":[{\"@type\":\"SearchAction\",\"target\":{\"@type\":\"EntryPoint\",\"urlTemplate\":\"https:\/\/www.transtoyou.com\/fr\/?s={search_term_string}\"},\"query-input\":{\"@type\":\"PropertyValueSpecification\",\"valueRequired\":true,\"valueName\":\"search_term_string\"}}],\"inLanguage\":\"fr-FR\"},{\"@type\":\"Organization\",\"@id\":\"https:\/\/www.transtoyou.com\/fr\/#organization\",\"name\":\"Transtoyou - FR\",\"url\":\"https:\/\/www.transtoyou.com\/fr\/\",\"logo\":{\"@type\":\"ImageObject\",\"inLanguage\":\"fr-FR\",\"@id\":\"https:\/\/www.transtoyou.com\/fr\/#\/schema\/logo\/image\/\",\"url\":\"https:\/\/www.transtoyou.com\/fr\/wp-content\/uploads\/sites\/5\/2026\/01\/logo-tty-menu-bar-300x87-1.webp\",\"contentUrl\":\"https:\/\/www.transtoyou.com\/fr\/wp-content\/uploads\/sites\/5\/2026\/01\/logo-tty-menu-bar-300x87-1.webp\",\"width\":300,\"height\":87,\"caption\":\"Transtoyou - FR\"},\"image\":{\"@id\":\"https:\/\/www.transtoyou.com\/fr\/#\/schema\/logo\/image\/\"}}]}<\/script>\n<!-- \/ Yoast SEO plugin. -->","yoast_head_json":{"title":"Femoston | Soutien \u00e0 l'\u00e9quilibre hormonal - Transtoyou","description":"Femoston, disponible sur Transtoyou. D\u00e9couvrez ses avantages pour l'\u00e9quilibre hormonal et le bien-\u00eatre. Commandez d\u00e8s maintenant une solution fiable.","robots":{"index":"noindex","follow":"follow","max-snippet":"max-snippet:-1","max-image-preview":"max-image-preview:large","max-video-preview":"max-video-preview:-1"},"og_locale":"fr_FR","og_type":"article","og_title":"Femoston | Soutien \u00e0 l'\u00e9quilibre hormonal - Transtoyou","og_description":"Femoston, disponible sur Transtoyou. D\u00e9couvrez ses avantages pour l'\u00e9quilibre hormonal et le bien-\u00eatre. Commandez d\u00e8s maintenant une solution fiable.","og_url":"https:\/\/www.transtoyou.com\/fr\/product\/femoston\/","og_site_name":"Transtoyou - FR","article_modified_time":"2026-02-16T09:09:39+00:00","twitter_card":"summary_large_image","twitter_misc":{"Dur\u00e9e de lecture estim\u00e9e":"1 minute"},"schema":{"@context":"https:\/\/schema.org","@graph":[{"@type":"WebPage","@id":"https:\/\/www.transtoyou.com\/fr\/product\/femoston\/","url":"https:\/\/www.transtoyou.com\/fr\/product\/femoston\/","name":"Femoston | Soutien \u00e0 l'\u00e9quilibre hormonal - Transtoyou","isPartOf":{"@id":"https:\/\/www.transtoyou.com\/fr\/#website"},"primaryImageOfPage":{"@id":"https:\/\/www.transtoyou.com\/fr\/product\/femoston\/#primaryimage"},"image":{"@id":"https:\/\/www.transtoyou.com\/fr\/product\/femoston\/#primaryimage"},"thumbnailUrl":"https:\/\/www.transtoyou.com\/fr\/wp-content\/uploads\/sites\/5\/2026\/01\/tty-no-product-image-52.webp","datePublished":"2026-01-23T21:15:40+00:00","dateModified":"2026-02-16T09:09:39+00:00","description":"Femoston, disponible sur Transtoyou. D\u00e9couvrez ses avantages pour l'\u00e9quilibre hormonal et le bien-\u00eatre. Commandez d\u00e8s maintenant une solution fiable.","breadcrumb":{"@id":"https:\/\/www.transtoyou.com\/fr\/product\/femoston\/#breadcrumb"},"inLanguage":"fr-FR","potentialAction":[{"@type":"ReadAction","target":["https:\/\/www.transtoyou.com\/fr\/product\/femoston\/"]}]},{"@type":"ImageObject","inLanguage":"fr-FR","@id":"https:\/\/www.transtoyou.com\/fr\/product\/femoston\/#primaryimage","url":"https:\/\/www.transtoyou.com\/fr\/wp-content\/uploads\/sites\/5\/2026\/01\/tty-no-product-image-52.webp","contentUrl":"https:\/\/www.transtoyou.com\/fr\/wp-content\/uploads\/sites\/5\/2026\/01\/tty-no-product-image-52.webp","width":1000,"height":1000,"caption":"Image de produit par d\u00e9faut"},{"@type":"WebSite","@id":"https:\/\/www.transtoyou.com\/fr\/#website","url":"https:\/\/www.transtoyou.com\/fr\/","name":"Transtoyou - FR","description":"","publisher":{"@id":"https:\/\/www.transtoyou.com\/fr\/#organization"},"potentialAction":[{"@type":"SearchAction","target":{"@type":"EntryPoint","urlTemplate":"https:\/\/www.transtoyou.com\/fr\/?s={search_term_string}"},"query-input":{"@type":"PropertyValueSpecification","valueRequired":true,"valueName":"search_term_string"}}],"inLanguage":"fr-FR"},{"@type":"Organization","@id":"https:\/\/www.transtoyou.com\/fr\/#organization","name":"Transtoyou - FR","url":"https:\/\/www.transtoyou.com\/fr\/","logo":{"@type":"ImageObject","inLanguage":"fr-FR","@id":"https:\/\/www.transtoyou.com\/fr\/#\/schema\/logo\/image\/","url":"https:\/\/www.transtoyou.com\/fr\/wp-content\/uploads\/sites\/5\/2026\/01\/logo-tty-menu-bar-300x87-1.webp","contentUrl":"https:\/\/www.transtoyou.com\/fr\/wp-content\/uploads\/sites\/5\/2026\/01\/logo-tty-menu-bar-300x87-1.webp","width":300,"height":87,"caption":"Transtoyou - FR"},"image":{"@id":"https:\/\/www.transtoyou.com\/fr\/#\/schema\/logo\/image\/"}}]}},"_links":{"self":[{"href":"https:\/\/www.transtoyou.com\/fr\/wp-json\/wp\/v2\/product\/892","targetHints":{"allow":["GET"]}}],"collection":[{"href":"https:\/\/www.transtoyou.com\/fr\/wp-json\/wp\/v2\/product"}],"about":[{"href":"https:\/\/www.transtoyou.com\/fr\/wp-json\/wp\/v2\/types\/product"}],"replies":[{"embeddable":true,"href":"https:\/\/www.transtoyou.com\/fr\/wp-json\/wp\/v2\/comments?post=892"}],"wp:featuredmedia":[{"embeddable":true,"href":"https:\/\/www.transtoyou.com\/fr\/wp-json\/wp\/v2\/media\/894"}],"wp:attachment":[{"href":"https:\/\/www.transtoyou.com\/fr\/wp-json\/wp\/v2\/media?parent=892"}],"wp:term":[{"taxonomy":"product_brand","embeddable":true,"href":"https:\/\/www.transtoyou.com\/fr\/wp-json\/wp\/v2\/product_brand?post=892"},{"taxonomy":"product_cat","embeddable":true,"href":"https:\/\/www.transtoyou.com\/fr\/wp-json\/wp\/v2\/product_cat?post=892"},{"taxonomy":"product_tag","embeddable":true,"href":"https:\/\/www.transtoyou.com\/fr\/wp-json\/wp\/v2\/product_tag?post=892"},{"taxonomy":"expert","embeddable":true,"href":"https:\/\/www.transtoyou.com\/fr\/wp-json\/wp\/v2\/expert?post=892"}],"curies":[{"name":"wp","href":"https:\/\/api.w.org\/{rel}","templated":true}]}}