{"id":895,"date":"2026-01-23T23:28:37","date_gmt":"2026-01-23T21:28:37","guid":{"rendered":"https:\/\/www.transtoyou.com\/fr\/product\/lenzetto\/"},"modified":"2026-01-23T23:29:33","modified_gmt":"2026-01-23T21:29:33","slug":"lenzetto","status":"publish","type":"product","link":"https:\/\/www.transtoyou.com\/fr\/product\/lenzetto\/","title":{"rendered":"Lenzetto"},"content":{"rendered":"<p>Lenzetto est un spray utilis\u00e9 pour d\u00e9livrer des \u0153strog\u00e8nes \u00e0 travers la peau et dans le sang. Il contient de l&rsquo;estradiol, une forme d&rsquo;\u0153strog\u00e8ne identique \u00e0 l&rsquo;hormone produite naturellement dans le corps. Ce m\u00e9dicament est utilis\u00e9 dans la th\u00e9rapie de remplacement hormonal pour traiter les sympt\u00f4mes caus\u00e9s par de faibles niveaux d&rsquo;\u0153strog\u00e8nes et est \u00e9galement adapt\u00e9 \u00e0 un usage dans la th\u00e9rapie hormonale f\u00e9minisante.<\/p>\n<p>Pendant la m\u00e9nopause, ou dans des situations o\u00f9 des \u0153strog\u00e8nes sont n\u00e9cessaires pour d&rsquo;autres raisons, les personnes peuvent \u00e9prouver des sympt\u00f4mes tels que des bouff\u00e9es de chaleur, des sueurs nocturnes, des changements d&rsquo;humeur et une s\u00e9cheresse vaginale. Lenzetto restaure les niveaux d&rsquo;\u0153strog\u00e8nes pour aider \u00e0 r\u00e9duire la gravit\u00e9 de ces sympt\u00f4mes. Comme le spray est appliqu\u00e9 sur la peau, il \u00e9vite le syst\u00e8me digestif et offre une alternative flexible et non orale aux comprim\u00e9s ou aux patchs.<\/p>\n<p>Le spray est appliqu\u00e9 une fois par jour sur une peau propre et s\u00e8che, g\u00e9n\u00e9ralement sur l&rsquo;int\u00e9rieur de l&rsquo;avant-bras. Il s\u00e8che rapidement et ne laisse aucun r\u00e9sidu. Lenzetto permet un dosage personnalis\u00e9 et une m\u00e9thode discr\u00e8te et peu exigeante de d\u00e9livrance d&rsquo;\u0153strog\u00e8nes pour le soulagement de la m\u00e9nopause et les soins f\u00e9minisants.<\/p>\n","protected":false},"excerpt":{"rendered":"<ul>\n<li>Spray d&rsquo;\u0153strog\u00e8ne pour absorption cutan\u00e9e<\/li>\n<li>Utilis\u00e9 pour la m\u00e9nopause<\/li>\n<li>Dosage quotidien ajustable<\/li>\n<\/ul>\n","protected":false},"featured_media":897,"comment_status":"open","ping_status":"closed","template":"","meta":[],"product_brand":[],"product_cat":[139],"product_tag":[],"expert":[16],"class_list":{"0":"post-895","1":"product","2":"type-product","3":"status-publish","4":"has-post-thumbnail","6":"product_cat-therapie-de-remplacement-hormonal-trh","7":"expert-dr-c-alexandru","9":"first","10":"instock","11":"shipping-taxable","12":"product-type-variable"},"yoast_head":"<!-- This site is optimized with the Yoast SEO plugin v27.0 - https:\/\/yoast.com\/product\/yoast-seo-wordpress\/ -->\n<title>Lenzetto | Spray hormonal \u00e0 application facile - Transtoyou<\/title>\n<meta name=\"description\" content=\"Lenzetto, disponible sur Transtoyou, soulage efficacement les sympt\u00f4mes de la m\u00e9nopause. D\u00e9couvrez ses avantages et commandez d\u00e8s maintenant une solution pratique.\" \/>\n<meta name=\"robots\" content=\"noindex, follow, max-snippet:-1, max-image-preview:large, max-video-preview:-1\" \/>\n<meta property=\"og:locale\" content=\"fr_FR\" \/>\n<meta property=\"og:type\" content=\"article\" \/>\n<meta property=\"og:title\" content=\"Lenzetto | Spray hormonal \u00e0 application facile - Transtoyou\" \/>\n<meta property=\"og:description\" content=\"Lenzetto, disponible sur Transtoyou, soulage efficacement les sympt\u00f4mes de la m\u00e9nopause. D\u00e9couvrez ses avantages et commandez d\u00e8s maintenant une solution pratique.\" \/>\n<meta property=\"og:url\" content=\"https:\/\/www.transtoyou.com\/fr\/product\/lenzetto\/\" \/>\n<meta property=\"og:site_name\" content=\"Transtoyou - FR\" \/>\n<meta property=\"article:modified_time\" content=\"2026-01-23T21:29:33+00:00\" \/>\n<meta name=\"twitter:card\" content=\"summary_large_image\" \/>\n<meta name=\"twitter:label1\" content=\"Dur\u00e9e de lecture estim\u00e9e\" \/>\n\t<meta name=\"twitter:data1\" content=\"1 minute\" \/>\n<script type=\"application\/ld+json\" class=\"yoast-schema-graph\">{\"@context\":\"https:\/\/schema.org\",\"@graph\":[{\"@type\":\"WebPage\",\"@id\":\"https:\/\/www.transtoyou.com\/fr\/product\/lenzetto\/\",\"url\":\"https:\/\/www.transtoyou.com\/fr\/product\/lenzetto\/\",\"name\":\"Lenzetto | Spray hormonal \u00e0 application facile - Transtoyou\",\"isPartOf\":{\"@id\":\"https:\/\/www.transtoyou.com\/fr\/#website\"},\"primaryImageOfPage\":{\"@id\":\"https:\/\/www.transtoyou.com\/fr\/product\/lenzetto\/#primaryimage\"},\"image\":{\"@id\":\"https:\/\/www.transtoyou.com\/fr\/product\/lenzetto\/#primaryimage\"},\"thumbnailUrl\":\"https:\/\/www.transtoyou.com\/fr\/wp-content\/uploads\/sites\/5\/2026\/01\/tty-no-product-image-53.webp\",\"datePublished\":\"2026-01-23T21:28:37+00:00\",\"dateModified\":\"2026-01-23T21:29:33+00:00\",\"description\":\"Lenzetto, disponible sur Transtoyou, soulage efficacement les sympt\u00f4mes de la m\u00e9nopause. D\u00e9couvrez ses avantages et commandez d\u00e8s maintenant une solution pratique.\",\"breadcrumb\":{\"@id\":\"https:\/\/www.transtoyou.com\/fr\/product\/lenzetto\/#breadcrumb\"},\"inLanguage\":\"fr-FR\",\"potentialAction\":[{\"@type\":\"ReadAction\",\"target\":[\"https:\/\/www.transtoyou.com\/fr\/product\/lenzetto\/\"]}]},{\"@type\":\"ImageObject\",\"inLanguage\":\"fr-FR\",\"@id\":\"https:\/\/www.transtoyou.com\/fr\/product\/lenzetto\/#primaryimage\",\"url\":\"https:\/\/www.transtoyou.com\/fr\/wp-content\/uploads\/sites\/5\/2026\/01\/tty-no-product-image-53.webp\",\"contentUrl\":\"https:\/\/www.transtoyou.com\/fr\/wp-content\/uploads\/sites\/5\/2026\/01\/tty-no-product-image-53.webp\",\"width\":1000,\"height\":1000,\"caption\":\"Image produit par d\u00e9faut\"},{\"@type\":\"WebSite\",\"@id\":\"https:\/\/www.transtoyou.com\/fr\/#website\",\"url\":\"https:\/\/www.transtoyou.com\/fr\/\",\"name\":\"Transtoyou - FR\",\"description\":\"\",\"publisher\":{\"@id\":\"https:\/\/www.transtoyou.com\/fr\/#organization\"},\"potentialAction\":[{\"@type\":\"SearchAction\",\"target\":{\"@type\":\"EntryPoint\",\"urlTemplate\":\"https:\/\/www.transtoyou.com\/fr\/?s={search_term_string}\"},\"query-input\":{\"@type\":\"PropertyValueSpecification\",\"valueRequired\":true,\"valueName\":\"search_term_string\"}}],\"inLanguage\":\"fr-FR\"},{\"@type\":\"Organization\",\"@id\":\"https:\/\/www.transtoyou.com\/fr\/#organization\",\"name\":\"Transtoyou - FR\",\"url\":\"https:\/\/www.transtoyou.com\/fr\/\",\"logo\":{\"@type\":\"ImageObject\",\"inLanguage\":\"fr-FR\",\"@id\":\"https:\/\/www.transtoyou.com\/fr\/#\/schema\/logo\/image\/\",\"url\":\"https:\/\/www.transtoyou.com\/fr\/wp-content\/uploads\/sites\/5\/2026\/01\/logo-tty-menu-bar-300x87-1.webp\",\"contentUrl\":\"https:\/\/www.transtoyou.com\/fr\/wp-content\/uploads\/sites\/5\/2026\/01\/logo-tty-menu-bar-300x87-1.webp\",\"width\":300,\"height\":87,\"caption\":\"Transtoyou - FR\"},\"image\":{\"@id\":\"https:\/\/www.transtoyou.com\/fr\/#\/schema\/logo\/image\/\"}}]}<\/script>\n<!-- \/ Yoast SEO plugin. -->","yoast_head_json":{"title":"Lenzetto | Spray hormonal \u00e0 application facile - Transtoyou","description":"Lenzetto, disponible sur Transtoyou, soulage efficacement les sympt\u00f4mes de la m\u00e9nopause. D\u00e9couvrez ses avantages et commandez d\u00e8s maintenant une solution pratique.","robots":{"index":"noindex","follow":"follow","max-snippet":"max-snippet:-1","max-image-preview":"max-image-preview:large","max-video-preview":"max-video-preview:-1"},"og_locale":"fr_FR","og_type":"article","og_title":"Lenzetto | Spray hormonal \u00e0 application facile - Transtoyou","og_description":"Lenzetto, disponible sur Transtoyou, soulage efficacement les sympt\u00f4mes de la m\u00e9nopause. D\u00e9couvrez ses avantages et commandez d\u00e8s maintenant une solution pratique.","og_url":"https:\/\/www.transtoyou.com\/fr\/product\/lenzetto\/","og_site_name":"Transtoyou - FR","article_modified_time":"2026-01-23T21:29:33+00:00","twitter_card":"summary_large_image","twitter_misc":{"Dur\u00e9e de lecture estim\u00e9e":"1 minute"},"schema":{"@context":"https:\/\/schema.org","@graph":[{"@type":"WebPage","@id":"https:\/\/www.transtoyou.com\/fr\/product\/lenzetto\/","url":"https:\/\/www.transtoyou.com\/fr\/product\/lenzetto\/","name":"Lenzetto | Spray hormonal \u00e0 application facile - Transtoyou","isPartOf":{"@id":"https:\/\/www.transtoyou.com\/fr\/#website"},"primaryImageOfPage":{"@id":"https:\/\/www.transtoyou.com\/fr\/product\/lenzetto\/#primaryimage"},"image":{"@id":"https:\/\/www.transtoyou.com\/fr\/product\/lenzetto\/#primaryimage"},"thumbnailUrl":"https:\/\/www.transtoyou.com\/fr\/wp-content\/uploads\/sites\/5\/2026\/01\/tty-no-product-image-53.webp","datePublished":"2026-01-23T21:28:37+00:00","dateModified":"2026-01-23T21:29:33+00:00","description":"Lenzetto, disponible sur Transtoyou, soulage efficacement les sympt\u00f4mes de la m\u00e9nopause. D\u00e9couvrez ses avantages et commandez d\u00e8s maintenant une solution pratique.","breadcrumb":{"@id":"https:\/\/www.transtoyou.com\/fr\/product\/lenzetto\/#breadcrumb"},"inLanguage":"fr-FR","potentialAction":[{"@type":"ReadAction","target":["https:\/\/www.transtoyou.com\/fr\/product\/lenzetto\/"]}]},{"@type":"ImageObject","inLanguage":"fr-FR","@id":"https:\/\/www.transtoyou.com\/fr\/product\/lenzetto\/#primaryimage","url":"https:\/\/www.transtoyou.com\/fr\/wp-content\/uploads\/sites\/5\/2026\/01\/tty-no-product-image-53.webp","contentUrl":"https:\/\/www.transtoyou.com\/fr\/wp-content\/uploads\/sites\/5\/2026\/01\/tty-no-product-image-53.webp","width":1000,"height":1000,"caption":"Image produit par d\u00e9faut"},{"@type":"WebSite","@id":"https:\/\/www.transtoyou.com\/fr\/#website","url":"https:\/\/www.transtoyou.com\/fr\/","name":"Transtoyou - FR","description":"","publisher":{"@id":"https:\/\/www.transtoyou.com\/fr\/#organization"},"potentialAction":[{"@type":"SearchAction","target":{"@type":"EntryPoint","urlTemplate":"https:\/\/www.transtoyou.com\/fr\/?s={search_term_string}"},"query-input":{"@type":"PropertyValueSpecification","valueRequired":true,"valueName":"search_term_string"}}],"inLanguage":"fr-FR"},{"@type":"Organization","@id":"https:\/\/www.transtoyou.com\/fr\/#organization","name":"Transtoyou - FR","url":"https:\/\/www.transtoyou.com\/fr\/","logo":{"@type":"ImageObject","inLanguage":"fr-FR","@id":"https:\/\/www.transtoyou.com\/fr\/#\/schema\/logo\/image\/","url":"https:\/\/www.transtoyou.com\/fr\/wp-content\/uploads\/sites\/5\/2026\/01\/logo-tty-menu-bar-300x87-1.webp","contentUrl":"https:\/\/www.transtoyou.com\/fr\/wp-content\/uploads\/sites\/5\/2026\/01\/logo-tty-menu-bar-300x87-1.webp","width":300,"height":87,"caption":"Transtoyou - FR"},"image":{"@id":"https:\/\/www.transtoyou.com\/fr\/#\/schema\/logo\/image\/"}}]}},"_links":{"self":[{"href":"https:\/\/www.transtoyou.com\/fr\/wp-json\/wp\/v2\/product\/895","targetHints":{"allow":["GET"]}}],"collection":[{"href":"https:\/\/www.transtoyou.com\/fr\/wp-json\/wp\/v2\/product"}],"about":[{"href":"https:\/\/www.transtoyou.com\/fr\/wp-json\/wp\/v2\/types\/product"}],"replies":[{"embeddable":true,"href":"https:\/\/www.transtoyou.com\/fr\/wp-json\/wp\/v2\/comments?post=895"}],"wp:featuredmedia":[{"embeddable":true,"href":"https:\/\/www.transtoyou.com\/fr\/wp-json\/wp\/v2\/media\/897"}],"wp:attachment":[{"href":"https:\/\/www.transtoyou.com\/fr\/wp-json\/wp\/v2\/media?parent=895"}],"wp:term":[{"taxonomy":"product_brand","embeddable":true,"href":"https:\/\/www.transtoyou.com\/fr\/wp-json\/wp\/v2\/product_brand?post=895"},{"taxonomy":"product_cat","embeddable":true,"href":"https:\/\/www.transtoyou.com\/fr\/wp-json\/wp\/v2\/product_cat?post=895"},{"taxonomy":"product_tag","embeddable":true,"href":"https:\/\/www.transtoyou.com\/fr\/wp-json\/wp\/v2\/product_tag?post=895"},{"taxonomy":"expert","embeddable":true,"href":"https:\/\/www.transtoyou.com\/fr\/wp-json\/wp\/v2\/expert?post=895"}],"curies":[{"name":"wp","href":"https:\/\/api.w.org\/{rel}","templated":true}]}}