{"id":917,"date":"2026-01-24T01:20:50","date_gmt":"2026-01-23T23:20:50","guid":{"rendered":"https:\/\/www.transtoyou.com\/fr\/product\/tamiflu\/"},"modified":"2026-03-06T12:41:14","modified_gmt":"2026-03-06T10:41:14","slug":"tamiflu","status":"publish","type":"product","link":"https:\/\/www.transtoyou.com\/fr\/product\/tamiflu\/","title":{"rendered":"Tamiflu"},"content":{"rendered":"<p>Tamiflu, connu sous son principe actif oseltamivir, est un m\u00e9dicament antiviral utilis\u00e9 pour traiter et pr\u00e9venir la grippe, commun\u00e9ment appel\u00e9e la grippe. Ce n&rsquo;est pas un rem\u00e8de g\u00e9n\u00e9ral contre le rhume, mais plut\u00f4t un traitement cibl\u00e9 qui agit contre les types de virus de la grippe A et B, responsables des \u00e9pid\u00e9mies saisonni\u00e8res de grippe.<\/p>\n<p>Tamiflu agit en inhibant l&rsquo;enzyme neuraminidase, une substance dont le virus de la grippe a besoin pour se propager des cellules infect\u00e9es aux cellules saines dans le corps. En bloquant cette enzyme, Tamiflu aide \u00e0 limiter la propagation du virus, ce qui peut r\u00e9duire \u00e0 la fois la gravit\u00e9 et la dur\u00e9e des sympt\u00f4mes tels que la fi\u00e8vre, les frissons, le mal de gorge, les douleurs musculaires et la fatigue.<\/p>\n<p>Le m\u00e9dicament est le plus efficace lorsqu&rsquo;il est commenc\u00e9 dans les 48 heures suivant l&rsquo;apparition des sympt\u00f4mes, bien qu&rsquo;il puisse encore offrir certains avantages s&rsquo;il est pris plus tard. Il est couramment prescrit aux personnes \u00e0 risque plus \u00e9lev\u00e9 de complications grippales, comme les personnes \u00e2g\u00e9es, celles ayant des probl\u00e8mes de sant\u00e9 sous-jacents ou celles dont le syst\u00e8me immunitaire est affaibli. Dans certains cas, Tamiflu est \u00e9galement utilis\u00e9 comme prophylaxie post-exposition pour les personnes qui ont \u00e9t\u00e9 expos\u00e9es \u00e0 la grippe mais qui ne pr\u00e9sentent pas encore de sympt\u00f4mes.<\/p>\n<p>Tamiflu est g\u00e9n\u00e9ralement pris sous forme d&rsquo;un traitement de cinq jours, avec une capsule prise deux fois par jour. Pour la pr\u00e9vention, une dose quotidienne pendant dix jours est courante apr\u00e8s un contact \u00e9troit avec quelqu&rsquo;un qui a la grippe.<\/p>\n<p>La plupart des gens tol\u00e8rent bien Tamiflu. Certains peuvent \u00e9prouver des effets secondaires tels que des naus\u00e9es, des vomissements, des maux de t\u00eate ou des douleurs abdominales, en particulier au d\u00e9but du traitement. Prendre le m\u00e9dicament avec de la nourriture peut aider \u00e0 r\u00e9duire les effets secondaires li\u00e9s \u00e0 l&rsquo;estomac.<\/p>\n","protected":false},"excerpt":{"rendered":"<ul>\n<li>Commence \u00e0 agir en quelques heures pour r\u00e9duire la souffrance li\u00e9e \u00e0 la grippe<\/li>\n<li>Options de capsule de 75 mg ou de suspension p\u00e9diatrique<\/li>\n<li>Prouv\u00e9 pour r\u00e9duire les complications chez les groupes \u00e0 risque \u00e9lev\u00e9<\/li>\n<\/ul>\n","protected":false},"featured_media":919,"comment_status":"open","ping_status":"closed","template":"","meta":[],"product_brand":[],"product_cat":[123],"product_tag":[],"expert":[21],"class_list":{"0":"post-917","1":"product","2":"type-product","3":"status-publish","4":"has-post-thumbnail","6":"product_cat-remedes-contre-la-grippe-la-toux-et-le-rhume","7":"expert-dr-m-sharoyko","9":"first","10":"instock","11":"shipping-taxable","12":"product-type-variable"},"yoast_head":"<!-- This site is optimized with the Yoast SEO plugin v27.0 - https:\/\/yoast.com\/product\/yoast-seo-wordpress\/ -->\n<title>Tamiflu | Soulagement et pr\u00e9vention cibl\u00e9s contre la grippe - Transtoyou<\/title>\n<meta name=\"description\" content=\"Tamiflu, un antiviral pour les grippes A et B, att\u00e9nue les sympt\u00f4mes. Commandez maintenant sur Transtoyou pour une protection efficace contre la grippe.\" \/>\n<meta name=\"robots\" content=\"noindex, follow, max-snippet:-1, max-image-preview:large, max-video-preview:-1\" \/>\n<meta property=\"og:locale\" content=\"fr_FR\" \/>\n<meta property=\"og:type\" content=\"article\" \/>\n<meta property=\"og:title\" content=\"Tamiflu | Soulagement et pr\u00e9vention cibl\u00e9s contre la grippe - Transtoyou\" \/>\n<meta property=\"og:description\" content=\"Tamiflu, un antiviral pour les grippes A et B, att\u00e9nue les sympt\u00f4mes. Commandez maintenant sur Transtoyou pour une protection efficace contre la grippe.\" \/>\n<meta property=\"og:url\" content=\"https:\/\/www.transtoyou.com\/fr\/product\/tamiflu\/\" \/>\n<meta property=\"og:site_name\" content=\"Transtoyou - FR\" \/>\n<meta property=\"article:modified_time\" content=\"2026-03-06T10:41:14+00:00\" \/>\n<meta name=\"twitter:card\" content=\"summary_large_image\" \/>\n<meta name=\"twitter:label1\" content=\"Dur\u00e9e de lecture estim\u00e9e\" \/>\n\t<meta name=\"twitter:data1\" content=\"2 minutes\" \/>\n<script type=\"application\/ld+json\" class=\"yoast-schema-graph\">{\"@context\":\"https:\/\/schema.org\",\"@graph\":[{\"@type\":\"WebPage\",\"@id\":\"https:\/\/www.transtoyou.com\/fr\/product\/tamiflu\/\",\"url\":\"https:\/\/www.transtoyou.com\/fr\/product\/tamiflu\/\",\"name\":\"Tamiflu | Soulagement et pr\u00e9vention cibl\u00e9s contre la grippe - Transtoyou\",\"isPartOf\":{\"@id\":\"https:\/\/www.transtoyou.com\/fr\/#website\"},\"primaryImageOfPage\":{\"@id\":\"https:\/\/www.transtoyou.com\/fr\/product\/tamiflu\/#primaryimage\"},\"image\":{\"@id\":\"https:\/\/www.transtoyou.com\/fr\/product\/tamiflu\/#primaryimage\"},\"thumbnailUrl\":\"https:\/\/www.transtoyou.com\/fr\/wp-content\/uploads\/sites\/5\/2026\/01\/tty-no-product-image-60.webp\",\"datePublished\":\"2026-01-23T23:20:50+00:00\",\"dateModified\":\"2026-03-06T10:41:14+00:00\",\"description\":\"Tamiflu, un antiviral pour les grippes A et B, att\u00e9nue les sympt\u00f4mes. Commandez maintenant sur Transtoyou pour une protection efficace contre la grippe.\",\"breadcrumb\":{\"@id\":\"https:\/\/www.transtoyou.com\/fr\/product\/tamiflu\/#breadcrumb\"},\"inLanguage\":\"fr-FR\",\"potentialAction\":[{\"@type\":\"ReadAction\",\"target\":[\"https:\/\/www.transtoyou.com\/fr\/product\/tamiflu\/\"]}]},{\"@type\":\"ImageObject\",\"inLanguage\":\"fr-FR\",\"@id\":\"https:\/\/www.transtoyou.com\/fr\/product\/tamiflu\/#primaryimage\",\"url\":\"https:\/\/www.transtoyou.com\/fr\/wp-content\/uploads\/sites\/5\/2026\/01\/tty-no-product-image-60.webp\",\"contentUrl\":\"https:\/\/www.transtoyou.com\/fr\/wp-content\/uploads\/sites\/5\/2026\/01\/tty-no-product-image-60.webp\",\"width\":1000,\"height\":1000,\"caption\":\"Image produit par d\u00e9faut\"},{\"@type\":\"WebSite\",\"@id\":\"https:\/\/www.transtoyou.com\/fr\/#website\",\"url\":\"https:\/\/www.transtoyou.com\/fr\/\",\"name\":\"Transtoyou - FR\",\"description\":\"\",\"publisher\":{\"@id\":\"https:\/\/www.transtoyou.com\/fr\/#organization\"},\"potentialAction\":[{\"@type\":\"SearchAction\",\"target\":{\"@type\":\"EntryPoint\",\"urlTemplate\":\"https:\/\/www.transtoyou.com\/fr\/?s={search_term_string}\"},\"query-input\":{\"@type\":\"PropertyValueSpecification\",\"valueRequired\":true,\"valueName\":\"search_term_string\"}}],\"inLanguage\":\"fr-FR\"},{\"@type\":\"Organization\",\"@id\":\"https:\/\/www.transtoyou.com\/fr\/#organization\",\"name\":\"Transtoyou - FR\",\"url\":\"https:\/\/www.transtoyou.com\/fr\/\",\"logo\":{\"@type\":\"ImageObject\",\"inLanguage\":\"fr-FR\",\"@id\":\"https:\/\/www.transtoyou.com\/fr\/#\/schema\/logo\/image\/\",\"url\":\"https:\/\/www.transtoyou.com\/fr\/wp-content\/uploads\/sites\/5\/2026\/01\/logo-tty-menu-bar-300x87-1.webp\",\"contentUrl\":\"https:\/\/www.transtoyou.com\/fr\/wp-content\/uploads\/sites\/5\/2026\/01\/logo-tty-menu-bar-300x87-1.webp\",\"width\":300,\"height\":87,\"caption\":\"Transtoyou - FR\"},\"image\":{\"@id\":\"https:\/\/www.transtoyou.com\/fr\/#\/schema\/logo\/image\/\"}}]}<\/script>\n<!-- \/ Yoast SEO plugin. -->","yoast_head_json":{"title":"Tamiflu | Soulagement et pr\u00e9vention cibl\u00e9s contre la grippe - Transtoyou","description":"Tamiflu, un antiviral pour les grippes A et B, att\u00e9nue les sympt\u00f4mes. Commandez maintenant sur Transtoyou pour une protection efficace contre la grippe.","robots":{"index":"noindex","follow":"follow","max-snippet":"max-snippet:-1","max-image-preview":"max-image-preview:large","max-video-preview":"max-video-preview:-1"},"og_locale":"fr_FR","og_type":"article","og_title":"Tamiflu | Soulagement et pr\u00e9vention cibl\u00e9s contre la grippe - Transtoyou","og_description":"Tamiflu, un antiviral pour les grippes A et B, att\u00e9nue les sympt\u00f4mes. Commandez maintenant sur Transtoyou pour une protection efficace contre la grippe.","og_url":"https:\/\/www.transtoyou.com\/fr\/product\/tamiflu\/","og_site_name":"Transtoyou - FR","article_modified_time":"2026-03-06T10:41:14+00:00","twitter_card":"summary_large_image","twitter_misc":{"Dur\u00e9e de lecture estim\u00e9e":"2 minutes"},"schema":{"@context":"https:\/\/schema.org","@graph":[{"@type":"WebPage","@id":"https:\/\/www.transtoyou.com\/fr\/product\/tamiflu\/","url":"https:\/\/www.transtoyou.com\/fr\/product\/tamiflu\/","name":"Tamiflu | Soulagement et pr\u00e9vention cibl\u00e9s contre la grippe - Transtoyou","isPartOf":{"@id":"https:\/\/www.transtoyou.com\/fr\/#website"},"primaryImageOfPage":{"@id":"https:\/\/www.transtoyou.com\/fr\/product\/tamiflu\/#primaryimage"},"image":{"@id":"https:\/\/www.transtoyou.com\/fr\/product\/tamiflu\/#primaryimage"},"thumbnailUrl":"https:\/\/www.transtoyou.com\/fr\/wp-content\/uploads\/sites\/5\/2026\/01\/tty-no-product-image-60.webp","datePublished":"2026-01-23T23:20:50+00:00","dateModified":"2026-03-06T10:41:14+00:00","description":"Tamiflu, un antiviral pour les grippes A et B, att\u00e9nue les sympt\u00f4mes. Commandez maintenant sur Transtoyou pour une protection efficace contre la grippe.","breadcrumb":{"@id":"https:\/\/www.transtoyou.com\/fr\/product\/tamiflu\/#breadcrumb"},"inLanguage":"fr-FR","potentialAction":[{"@type":"ReadAction","target":["https:\/\/www.transtoyou.com\/fr\/product\/tamiflu\/"]}]},{"@type":"ImageObject","inLanguage":"fr-FR","@id":"https:\/\/www.transtoyou.com\/fr\/product\/tamiflu\/#primaryimage","url":"https:\/\/www.transtoyou.com\/fr\/wp-content\/uploads\/sites\/5\/2026\/01\/tty-no-product-image-60.webp","contentUrl":"https:\/\/www.transtoyou.com\/fr\/wp-content\/uploads\/sites\/5\/2026\/01\/tty-no-product-image-60.webp","width":1000,"height":1000,"caption":"Image produit par d\u00e9faut"},{"@type":"WebSite","@id":"https:\/\/www.transtoyou.com\/fr\/#website","url":"https:\/\/www.transtoyou.com\/fr\/","name":"Transtoyou - FR","description":"","publisher":{"@id":"https:\/\/www.transtoyou.com\/fr\/#organization"},"potentialAction":[{"@type":"SearchAction","target":{"@type":"EntryPoint","urlTemplate":"https:\/\/www.transtoyou.com\/fr\/?s={search_term_string}"},"query-input":{"@type":"PropertyValueSpecification","valueRequired":true,"valueName":"search_term_string"}}],"inLanguage":"fr-FR"},{"@type":"Organization","@id":"https:\/\/www.transtoyou.com\/fr\/#organization","name":"Transtoyou - FR","url":"https:\/\/www.transtoyou.com\/fr\/","logo":{"@type":"ImageObject","inLanguage":"fr-FR","@id":"https:\/\/www.transtoyou.com\/fr\/#\/schema\/logo\/image\/","url":"https:\/\/www.transtoyou.com\/fr\/wp-content\/uploads\/sites\/5\/2026\/01\/logo-tty-menu-bar-300x87-1.webp","contentUrl":"https:\/\/www.transtoyou.com\/fr\/wp-content\/uploads\/sites\/5\/2026\/01\/logo-tty-menu-bar-300x87-1.webp","width":300,"height":87,"caption":"Transtoyou - FR"},"image":{"@id":"https:\/\/www.transtoyou.com\/fr\/#\/schema\/logo\/image\/"}}]}},"_links":{"self":[{"href":"https:\/\/www.transtoyou.com\/fr\/wp-json\/wp\/v2\/product\/917","targetHints":{"allow":["GET"]}}],"collection":[{"href":"https:\/\/www.transtoyou.com\/fr\/wp-json\/wp\/v2\/product"}],"about":[{"href":"https:\/\/www.transtoyou.com\/fr\/wp-json\/wp\/v2\/types\/product"}],"replies":[{"embeddable":true,"href":"https:\/\/www.transtoyou.com\/fr\/wp-json\/wp\/v2\/comments?post=917"}],"wp:featuredmedia":[{"embeddable":true,"href":"https:\/\/www.transtoyou.com\/fr\/wp-json\/wp\/v2\/media\/919"}],"wp:attachment":[{"href":"https:\/\/www.transtoyou.com\/fr\/wp-json\/wp\/v2\/media?parent=917"}],"wp:term":[{"taxonomy":"product_brand","embeddable":true,"href":"https:\/\/www.transtoyou.com\/fr\/wp-json\/wp\/v2\/product_brand?post=917"},{"taxonomy":"product_cat","embeddable":true,"href":"https:\/\/www.transtoyou.com\/fr\/wp-json\/wp\/v2\/product_cat?post=917"},{"taxonomy":"product_tag","embeddable":true,"href":"https:\/\/www.transtoyou.com\/fr\/wp-json\/wp\/v2\/product_tag?post=917"},{"taxonomy":"expert","embeddable":true,"href":"https:\/\/www.transtoyou.com\/fr\/wp-json\/wp\/v2\/expert?post=917"}],"curies":[{"name":"wp","href":"https:\/\/api.w.org\/{rel}","templated":true}]}}