{"id":936,"date":"2026-01-24T03:06:27","date_gmt":"2026-01-24T01:06:27","guid":{"rendered":"https:\/\/www.transtoyou.com\/fr\/product\/alendronic-acid\/"},"modified":"2026-02-05T13:43:39","modified_gmt":"2026-02-05T11:43:39","slug":"acide-alendronique","status":"publish","type":"product","link":"https:\/\/www.transtoyou.com\/fr\/product\/acide-alendronique\/","title":{"rendered":"Acide alendronique"},"content":{"rendered":"<p>L&rsquo;acide alendronique est un m\u00e9dicament utilis\u00e9 pour pr\u00e9venir et traiter l&rsquo;ost\u00e9oporose, une condition o\u00f9 les os deviennent faibles et fragiles. Il appartient \u00e0 une classe de m\u00e9dicaments appel\u00e9s bisphosphonates, qui agissent en ralentissant le taux de d\u00e9gradation osseuse dans le corps. Cela aide \u00e0 maintenir la densit\u00e9 osseuse et \u00e0 r\u00e9duire le risque de fractures, en particulier dans la colonne vert\u00e9brale, les hanches et les poignets.<\/p>\n<p>L&rsquo;acide alendronique est le plus souvent prescrit aux femmes postm\u00e9nopaus\u00e9es et aux personnes pr\u00e9sentant un risque accru de perte osseuse en raison de l&rsquo;\u00e2ge, d&rsquo;une utilisation prolong\u00e9e de st\u00e9ro\u00efdes ou de probl\u00e8mes de sant\u00e9 sous-jacents. En r\u00e9duisant le renouvellement osseux, il renforce les os et soutient la sant\u00e9 squelettique \u00e0 long terme.<\/p>\n<p>Il est g\u00e9n\u00e9ralement pris une fois par semaine sous forme de comprim\u00e9. Pour maximiser l&rsquo;absorption et \u00e9viter l&rsquo;irritation de l&rsquo;\u0153sophage, le comprim\u00e9 doit \u00eatre aval\u00e9 entier avec un grand verre d&rsquo;eau \u00e0 jeun. Les utilisateurs doivent rester en position verticale pendant au moins 30 minutes apr\u00e8s avoir pris la dose et doivent \u00e9viter de manger et de boire (sauf de l&rsquo;eau), ou de prendre d&rsquo;autres m\u00e9dicaments pendant ce temps.<\/p>\n","protected":false},"excerpt":{"rendered":"<ul>\n<li>Comprim\u00e9 hebdomadaire pour renforcer les os<\/li>\n<li>R\u00e9duit le risque de fractures<\/li>\n<li>Ralentit la perte osseuse dans l&rsquo;ost\u00e9oporose<\/li>\n<\/ul>\n","protected":false},"featured_media":938,"comment_status":"open","ping_status":"closed","template":"","meta":[],"product_brand":[],"product_cat":[154],"product_tag":[],"expert":[21],"class_list":{"0":"post-936","1":"product","2":"type-product","3":"status-publish","4":"has-post-thumbnail","6":"product_cat-osteoporose","7":"expert-dr-m-sharoyko","9":"first","10":"instock","11":"shipping-taxable","12":"product-type-variable"},"yoast_head":"<!-- This site is optimized with the Yoast SEO plugin v27.0 - https:\/\/yoast.com\/product\/yoast-seo-wordpress\/ -->\n<title>Acide Alendronique | Renforce les Os, R\u00e9duit les Fractures - Transtoyou<\/title>\n<meta name=\"description\" content=\"L&#039;acide alendronique est maintenant disponible sur Transtoyou pour renforcer la sant\u00e9 osseuse. Commande aujourd&#039;hui pour des os plus solides !\" \/>\n<meta name=\"robots\" content=\"noindex, follow, max-snippet:-1, max-image-preview:large, max-video-preview:-1\" \/>\n<meta property=\"og:locale\" content=\"fr_FR\" \/>\n<meta property=\"og:type\" content=\"article\" \/>\n<meta property=\"og:title\" content=\"Acide Alendronique | Renforce les Os, R\u00e9duit les Fractures - Transtoyou\" \/>\n<meta property=\"og:description\" content=\"L&#039;acide alendronique est maintenant disponible sur Transtoyou pour renforcer la sant\u00e9 osseuse. Commande aujourd&#039;hui pour des os plus solides !\" \/>\n<meta property=\"og:url\" content=\"https:\/\/www.transtoyou.com\/fr\/product\/alendronic-acid\/\" \/>\n<meta property=\"og:site_name\" content=\"Transtoyou - FR\" \/>\n<meta property=\"article:modified_time\" content=\"2026-02-05T11:43:39+00:00\" \/>\n<meta name=\"twitter:card\" content=\"summary_large_image\" \/>\n<meta name=\"twitter:label1\" content=\"Dur\u00e9e de lecture estim\u00e9e\" \/>\n\t<meta name=\"twitter:data1\" content=\"1 minute\" \/>\n<script type=\"application\/ld+json\" class=\"yoast-schema-graph\">{\"@context\":\"https:\/\/schema.org\",\"@graph\":[{\"@type\":\"WebPage\",\"@id\":\"https:\/\/www.transtoyou.com\/fr\/product\/alendronic-acid\/\",\"url\":\"https:\/\/www.transtoyou.com\/fr\/product\/alendronic-acid\/\",\"name\":\"Acide Alendronique | Renforce les Os, R\u00e9duit les Fractures - Transtoyou\",\"isPartOf\":{\"@id\":\"https:\/\/www.transtoyou.com\/fr\/#website\"},\"primaryImageOfPage\":{\"@id\":\"https:\/\/www.transtoyou.com\/fr\/product\/alendronic-acid\/#primaryimage\"},\"image\":{\"@id\":\"https:\/\/www.transtoyou.com\/fr\/product\/alendronic-acid\/#primaryimage\"},\"thumbnailUrl\":\"https:\/\/www.transtoyou.com\/fr\/wp-content\/uploads\/sites\/5\/2026\/01\/tty-no-product-image-67.webp\",\"datePublished\":\"2026-01-24T01:06:27+00:00\",\"dateModified\":\"2026-02-05T11:43:39+00:00\",\"description\":\"L'acide alendronique est maintenant disponible sur Transtoyou pour renforcer la sant\u00e9 osseuse. Commande aujourd'hui pour des os plus solides !\",\"breadcrumb\":{\"@id\":\"https:\/\/www.transtoyou.com\/fr\/product\/alendronic-acid\/#breadcrumb\"},\"inLanguage\":\"fr-FR\",\"potentialAction\":[{\"@type\":\"ReadAction\",\"target\":[\"https:\/\/www.transtoyou.com\/fr\/product\/alendronic-acid\/\"]}]},{\"@type\":\"ImageObject\",\"inLanguage\":\"fr-FR\",\"@id\":\"https:\/\/www.transtoyou.com\/fr\/product\/alendronic-acid\/#primaryimage\",\"url\":\"https:\/\/www.transtoyou.com\/fr\/wp-content\/uploads\/sites\/5\/2026\/01\/tty-no-product-image-67.webp\",\"contentUrl\":\"https:\/\/www.transtoyou.com\/fr\/wp-content\/uploads\/sites\/5\/2026\/01\/tty-no-product-image-67.webp\",\"width\":1000,\"height\":1000,\"caption\":\"Image produit par d\u00e9faut\"},{\"@type\":\"WebSite\",\"@id\":\"https:\/\/www.transtoyou.com\/fr\/#website\",\"url\":\"https:\/\/www.transtoyou.com\/fr\/\",\"name\":\"Transtoyou - FR\",\"description\":\"\",\"publisher\":{\"@id\":\"https:\/\/www.transtoyou.com\/fr\/#organization\"},\"potentialAction\":[{\"@type\":\"SearchAction\",\"target\":{\"@type\":\"EntryPoint\",\"urlTemplate\":\"https:\/\/www.transtoyou.com\/fr\/?s={search_term_string}\"},\"query-input\":{\"@type\":\"PropertyValueSpecification\",\"valueRequired\":true,\"valueName\":\"search_term_string\"}}],\"inLanguage\":\"fr-FR\"},{\"@type\":\"Organization\",\"@id\":\"https:\/\/www.transtoyou.com\/fr\/#organization\",\"name\":\"Transtoyou - FR\",\"url\":\"https:\/\/www.transtoyou.com\/fr\/\",\"logo\":{\"@type\":\"ImageObject\",\"inLanguage\":\"fr-FR\",\"@id\":\"https:\/\/www.transtoyou.com\/fr\/#\/schema\/logo\/image\/\",\"url\":\"https:\/\/www.transtoyou.com\/fr\/wp-content\/uploads\/sites\/5\/2026\/01\/logo-tty-menu-bar-300x87-1.webp\",\"contentUrl\":\"https:\/\/www.transtoyou.com\/fr\/wp-content\/uploads\/sites\/5\/2026\/01\/logo-tty-menu-bar-300x87-1.webp\",\"width\":300,\"height\":87,\"caption\":\"Transtoyou - FR\"},\"image\":{\"@id\":\"https:\/\/www.transtoyou.com\/fr\/#\/schema\/logo\/image\/\"}}]}<\/script>\n<!-- \/ Yoast SEO plugin. -->","yoast_head_json":{"title":"Acide Alendronique | Renforce les Os, R\u00e9duit les Fractures - Transtoyou","description":"L'acide alendronique est maintenant disponible sur Transtoyou pour renforcer la sant\u00e9 osseuse. Commande aujourd'hui pour des os plus solides !","robots":{"index":"noindex","follow":"follow","max-snippet":"max-snippet:-1","max-image-preview":"max-image-preview:large","max-video-preview":"max-video-preview:-1"},"og_locale":"fr_FR","og_type":"article","og_title":"Acide Alendronique | Renforce les Os, R\u00e9duit les Fractures - Transtoyou","og_description":"L'acide alendronique est maintenant disponible sur Transtoyou pour renforcer la sant\u00e9 osseuse. Commande aujourd'hui pour des os plus solides !","og_url":"https:\/\/www.transtoyou.com\/fr\/product\/alendronic-acid\/","og_site_name":"Transtoyou - FR","article_modified_time":"2026-02-05T11:43:39+00:00","twitter_card":"summary_large_image","twitter_misc":{"Dur\u00e9e de lecture estim\u00e9e":"1 minute"},"schema":{"@context":"https:\/\/schema.org","@graph":[{"@type":"WebPage","@id":"https:\/\/www.transtoyou.com\/fr\/product\/alendronic-acid\/","url":"https:\/\/www.transtoyou.com\/fr\/product\/alendronic-acid\/","name":"Acide Alendronique | Renforce les Os, R\u00e9duit les Fractures - Transtoyou","isPartOf":{"@id":"https:\/\/www.transtoyou.com\/fr\/#website"},"primaryImageOfPage":{"@id":"https:\/\/www.transtoyou.com\/fr\/product\/alendronic-acid\/#primaryimage"},"image":{"@id":"https:\/\/www.transtoyou.com\/fr\/product\/alendronic-acid\/#primaryimage"},"thumbnailUrl":"https:\/\/www.transtoyou.com\/fr\/wp-content\/uploads\/sites\/5\/2026\/01\/tty-no-product-image-67.webp","datePublished":"2026-01-24T01:06:27+00:00","dateModified":"2026-02-05T11:43:39+00:00","description":"L'acide alendronique est maintenant disponible sur Transtoyou pour renforcer la sant\u00e9 osseuse. Commande aujourd'hui pour des os plus solides !","breadcrumb":{"@id":"https:\/\/www.transtoyou.com\/fr\/product\/alendronic-acid\/#breadcrumb"},"inLanguage":"fr-FR","potentialAction":[{"@type":"ReadAction","target":["https:\/\/www.transtoyou.com\/fr\/product\/alendronic-acid\/"]}]},{"@type":"ImageObject","inLanguage":"fr-FR","@id":"https:\/\/www.transtoyou.com\/fr\/product\/alendronic-acid\/#primaryimage","url":"https:\/\/www.transtoyou.com\/fr\/wp-content\/uploads\/sites\/5\/2026\/01\/tty-no-product-image-67.webp","contentUrl":"https:\/\/www.transtoyou.com\/fr\/wp-content\/uploads\/sites\/5\/2026\/01\/tty-no-product-image-67.webp","width":1000,"height":1000,"caption":"Image produit par d\u00e9faut"},{"@type":"WebSite","@id":"https:\/\/www.transtoyou.com\/fr\/#website","url":"https:\/\/www.transtoyou.com\/fr\/","name":"Transtoyou - FR","description":"","publisher":{"@id":"https:\/\/www.transtoyou.com\/fr\/#organization"},"potentialAction":[{"@type":"SearchAction","target":{"@type":"EntryPoint","urlTemplate":"https:\/\/www.transtoyou.com\/fr\/?s={search_term_string}"},"query-input":{"@type":"PropertyValueSpecification","valueRequired":true,"valueName":"search_term_string"}}],"inLanguage":"fr-FR"},{"@type":"Organization","@id":"https:\/\/www.transtoyou.com\/fr\/#organization","name":"Transtoyou - FR","url":"https:\/\/www.transtoyou.com\/fr\/","logo":{"@type":"ImageObject","inLanguage":"fr-FR","@id":"https:\/\/www.transtoyou.com\/fr\/#\/schema\/logo\/image\/","url":"https:\/\/www.transtoyou.com\/fr\/wp-content\/uploads\/sites\/5\/2026\/01\/logo-tty-menu-bar-300x87-1.webp","contentUrl":"https:\/\/www.transtoyou.com\/fr\/wp-content\/uploads\/sites\/5\/2026\/01\/logo-tty-menu-bar-300x87-1.webp","width":300,"height":87,"caption":"Transtoyou - FR"},"image":{"@id":"https:\/\/www.transtoyou.com\/fr\/#\/schema\/logo\/image\/"}}]}},"_links":{"self":[{"href":"https:\/\/www.transtoyou.com\/fr\/wp-json\/wp\/v2\/product\/936","targetHints":{"allow":["GET"]}}],"collection":[{"href":"https:\/\/www.transtoyou.com\/fr\/wp-json\/wp\/v2\/product"}],"about":[{"href":"https:\/\/www.transtoyou.com\/fr\/wp-json\/wp\/v2\/types\/product"}],"replies":[{"embeddable":true,"href":"https:\/\/www.transtoyou.com\/fr\/wp-json\/wp\/v2\/comments?post=936"}],"wp:featuredmedia":[{"embeddable":true,"href":"https:\/\/www.transtoyou.com\/fr\/wp-json\/wp\/v2\/media\/938"}],"wp:attachment":[{"href":"https:\/\/www.transtoyou.com\/fr\/wp-json\/wp\/v2\/media?parent=936"}],"wp:term":[{"taxonomy":"product_brand","embeddable":true,"href":"https:\/\/www.transtoyou.com\/fr\/wp-json\/wp\/v2\/product_brand?post=936"},{"taxonomy":"product_cat","embeddable":true,"href":"https:\/\/www.transtoyou.com\/fr\/wp-json\/wp\/v2\/product_cat?post=936"},{"taxonomy":"product_tag","embeddable":true,"href":"https:\/\/www.transtoyou.com\/fr\/wp-json\/wp\/v2\/product_tag?post=936"},{"taxonomy":"expert","embeddable":true,"href":"https:\/\/www.transtoyou.com\/fr\/wp-json\/wp\/v2\/expert?post=936"}],"curies":[{"name":"wp","href":"https:\/\/api.w.org\/{rel}","templated":true}]}}